{"id":57582,"date":"2017-12-13T11:39:59","date_gmt":"2017-12-13T11:39:59","guid":{"rendered":"https:\/\/1office.co\/lithuania\/product\/vat-registration\/"},"modified":"2024-05-30T15:23:40","modified_gmt":"2024-05-30T15:23:40","slug":"kaibemaksukohustuslaseks-registreerimine","status":"publish","type":"product","link":"https:\/\/1office.co\/lithuania\/et\/toode\/kaibemaksukohustuslaseks-registreerimine\/","title":{"rendered":"K\u00e4ibemaksukohustuslaseks registreerimine"},"content":{"rendered":"<div class=\"wpb-content-wrapper\"><p>[vc_row][vc_column]<div id=\"advanced-tabs-desc-wrap-3772\" class=\"ult_tabs product_tabs\" style=\" \" data-tabsstyle=\"style1\"\n data-titlebg=\"#ffffff\" data-titlecolor=\"#b6b8ba\" data-fullheight=\"off\"\n data-titlehoverbg=\"#ffffff\" data-titlehovercolor=\"#1d1e23\"\n data-rotatetabs=\"0\" data-responsivemode=\"Both\" data-animation=\"Slide\"\ndata-activetitle=\"#1d1e23\" data-activeicon=\"\" data-activebg=\"#ffffff\"  data-respmode=\"Tabs\" data-respwidth=\"400\" data-scroll = \"on\" data-activeindex=\"1\"><ul id=advanced-tabs-wrap-9408 class=\"ult_tabmenu style1 \" style=\"\"><li class=\"ult_tab_li  \" data-iconcolor=\"#74777b\" data-iconhover=\"#ffffff\" style=\"background-color:#ffffff;border-color:transparent;border-width:0px;border-style:solid;border-top-left-radius:8px;\">\n\t\t\t\t\t<a href=\"#1512642751410-8cd24-3a01\"  id=\"1512642751410-8cd24-3a01\"  style=\"color:#b6b8ba;; padding:15px; \" class=\"ult_a  \">\n\t\t\t\t\t     <span class=\"ult_tab_main Both \">\n\t\t\t\t\t \t\t <span class=\"ult_tab_section\">\n\t\t\t\t\t   \t\t\t<span  data-ultimate-target='#advanced-tabs-wrap-9408 .ult-span-text'  data-responsive-json-new='{\"font-size\":\"desktop:14px;\",\"line-height\":\"\"}'  class=\"ult-span-text no_icon ult_tab_display_text ult-responsive\" style=\"font-weight:bold;;\">Kirjeldus<\/span>\n\t\t\t\t\t   \t\t<\/span>\n\t\t\t\t\t\t<\/span>\n\t\t\t\t\t<\/a>\n\t\t\t\t\t<\/li><li class=\"ult_tab_li  product-faq\" data-iconcolor=\"#74777b\" data-iconhover=\"#ffffff\" style=\"background-color:#ffffff;border-color:transparent;border-width:0px;border-style:solid;border-top-right-radius:8px;\">\n\t\t\t\t\t<a href=\"#1512642751435-8cd24-3a01\"  id=\"1512642751435-8cd24-3a01\"  style=\"color:#b6b8ba;; padding:15px; \" class=\"ult_a  \">\n\t\t\t\t\t     <span class=\"ult_tab_main Both \">\n\t\t\t\t\t \t\t <span class=\"ult_tab_section\">\n\t\t\t\t\t   \t\t\t<span  data-ultimate-target='#advanced-tabs-wrap-9408 .ult-span-text'  data-responsive-json-new='{\"font-size\":\"desktop:14px;\",\"line-height\":\"\"}'  class=\"ult-span-text no_icon ult_tab_display_text ult-responsive\" style=\"font-weight:bold;;\">KKK<\/span>\n\t\t\t\t\t   \t\t<\/span>\n\t\t\t\t\t\t<\/span>\n\t\t\t\t\t<\/a>\n\t\t\t\t\t<\/li><\/ul><div  data-ultimate-target='#advanced-tabs-desc-wrap-3772 .ult_tabcontent .ult_tab_min_contain  p'  data-responsive-json-new='{\"font-size\":\"\",\"line-height\":\"\"}' class=\"ult_tabcontent ult-responsive style1\" style=\"color:#74777b;\"><div class=\"ult_tab_min_contain \" >\n\t\t\t<div  class=\"ult_tabitemname\"  >\n\t\t\t\t[vc_column_text]Leedus on k\u00e4ibemaksukohustuslaseks registreerimine mitteresidentidele \u00fcsna keerukas protsess. K\u00e4ibemaksunumbri saamiseks peab ettev\u00f5ttel olema raamatupidaja, kellel on \u00f5igus maksuametisse dokumente esitada.<\/p>\n<p><strong>Ole valmis jagama infot j\u00e4rgnevate teemade kohta:<\/strong><\/p>\n<ul>\n<li>planeeritud \u00e4ritegevus Leedus<\/li>\n<li>\u00e4ritegevusega seonduvad kokkulepped Leedus<\/li>\n<li>kas osanikel on Leedus muid ettev\u00f5tteid v\u00f5i huvisid<\/li>\n<\/ul>\n<p><strong>Hinnas sisaldub:<\/strong><\/p>\n<ul>\n<li>K\u00e4ibemaksu taotluse koostamine<\/li>\n<li>Taotluse esitamine maksuametile<\/li>\n<li>Maksuameti v\u00f5imalikele k\u00fcsimustele vastamine*<\/li>\n<\/ul>\n<p>Lisandub tasu dokumentide t\u00f5lkimise eest leedu keelde.<\/p>\n<p>NB! K\u00e4ibemaksukohustuslasena on kohustuslik esitada igakuiseid deklaratsioone ka juhul, kui ettev\u00f5ttel sel perioodil mingeid aktiivseid tegevusi ei ole. Ettev\u00f5tte majandusliku mitteaktiivsuse puhul v\u00f5ib maksuamet ettev\u00f5tte k\u00e4ibemaksukohustuslase registreeringu kustutada.<\/p>\n<p>*Hind sisaldab \u00fcks kord maksuameti k\u00fcsimustele vastamist. Kui taotlust l\u00fckatakse tagasi v\u00f5i esitatab maksuamet t\u00e4iendavaid lisak\u00fcsimusi, lisandub teenuse hinnale 50 eurot.[\/vc_column_text]\n\t\t\t<\/div>\n\t\t\t<div  class=\"ult_tabitemname\"  >\n\t\t\t\t[vc_toggle title=&#8221;1. Kas k\u00e4ibemaksukohustuslase numbrit on v\u00f5imalik taotleda ka enne piirm\u00e4\u00e4ra t\u00e4itmist?&#8221; style=&#8221;arrow&#8221; custom_font_container=&#8221;tag:h5|text_align:left&#8221; custom_use_theme_fonts=&#8221;yes&#8221; use_custom_heading=&#8221;true&#8221;]Jah, see on v\u00f5imalik. Kui soovid seda varem teha, siis ole valmis vastama maksuameti lisak\u00fcsimustele ning t\u00f5estama oma aktiivset \u00e4ritegevust Leedus.[\/vc_toggle][vc_toggle title=&#8221;2. Millised on igakuiste deklaratsioonide t\u00e4htajad?&#8221; style=&#8221;arrow&#8221; custom_font_container=&#8221;tag:h5|text_align:left&#8221; custom_use_theme_fonts=&#8221;yes&#8221; use_custom_heading=&#8221;true&#8221;]Palga- ning maksudeklaratsioonid tuleb esitada iga kuu 15ndaks kuup\u00e4evaks. K\u00e4ibemaksuarvete register tuleb esitada iga kuu 20ndaks ja k\u00e4ibemaksudeklaratsioon iga kuu 25ndaks kuup\u00e4evaks.[\/vc_toggle]\n\t\t\t<\/div><\/div><\/div><\/div><div class=\"ult_acord advanced-tabs-desc-wrap-3772\">\n   <div class=\"ult-tabto-accordion \" style=\"width:;\"\n    data-titlecolor=\"#b6b8ba\"  data-titlebg=\"#ffffff\"\n     data-titlehoverbg=\"#ffffff\" data-titlehovercolor=\"#1d1e23\" data-animation=\"Slide\"\n     data-activetitle=\"#1d1e23\" data-activeicon=\"\" data-activebg=\"#ffffff\" data-scroll = \"on\" data-activeindex=\"1\" >\n     <dl><dt class=\"\">\n\t        \t<a class=\"ult-tabto-actitle withBorder ult_a \" id=\"1512642751410-8cd24-3a01\" style=\"color:#b6b8ba;;background-color:#ffffff;border-bottom-color:transparent;border-bottom-width:0px;border-bottom-style:solid;\" href=\"#1512642751410-8cd24-3a01\">\n\t        \t\t<i class=\"accordion-icon\"><\/i>\n\t        \t\t\t<span class=\"ult_tab_main ult_ac_main ult_noacordicnBoth\">\n\n\t\t\t\t\t\t<span  data-ultimate-target='#advanced-tabs-wrap-9408 .ult-span-text'  data-responsive-json-new='{\"font-size\":\"desktop:14px;\",\"line-height\":\"\"}'  class=\"ult-span-text no_icon ult_acordian-text ult-responsive\" style=\"font-weight:bold;;color:inherit \" >Kirjeldus<\/span>\n\t\t\t\t\t\t<\/span><\/a><\/dt>\n\t            \t\t<dd class=\"ult-tabto-accordionItem ult-tabto-accolapsed\">\n\t\t\t\t            <div class=\"ult-tabto-acontent\" style=\"color:#74777b;\">\n\t\t\t\t               [vc_column_text]Leedus on k\u00e4ibemaksukohustuslaseks registreerimine mitteresidentidele \u00fcsna keerukas protsess. K\u00e4ibemaksunumbri saamiseks peab ettev\u00f5ttel olema raamatupidaja, kellel on \u00f5igus maksuametisse dokumente esitada.<\/p>\n<p><strong>Ole valmis jagama infot j\u00e4rgnevate teemade kohta:<\/strong><\/p>\n<ul>\n<li>planeeritud \u00e4ritegevus Leedus<\/li>\n<li>\u00e4ritegevusega seonduvad kokkulepped Leedus<\/li>\n<li>kas osanikel on Leedus muid ettev\u00f5tteid v\u00f5i huvisid<\/li>\n<\/ul>\n<p><strong>Hinnas sisaldub:<\/strong><\/p>\n<ul>\n<li>K\u00e4ibemaksu taotluse koostamine<\/li>\n<li>Taotluse esitamine maksuametile<\/li>\n<li>Maksuameti v\u00f5imalikele k\u00fcsimustele vastamine*<\/li>\n<\/ul>\n<p>Lisandub tasu dokumentide t\u00f5lkimise eest leedu keelde.<\/p>\n<p>NB! K\u00e4ibemaksukohustuslasena on kohustuslik esitada igakuiseid deklaratsioone ka juhul, kui ettev\u00f5ttel sel perioodil mingeid aktiivseid tegevusi ei ole. Ettev\u00f5tte majandusliku mitteaktiivsuse puhul v\u00f5ib maksuamet ettev\u00f5tte k\u00e4ibemaksukohustuslase registreeringu kustutada.<\/p>\n<p>*Hind sisaldab \u00fcks kord maksuameti k\u00fcsimustele vastamist. Kui taotlust l\u00fckatakse tagasi v\u00f5i esitatab maksuamet t\u00e4iendavaid lisak\u00fcsimusi, lisandub teenuse hinnale 50 eurot.[\/vc_column_text]\n\t\t\t\t            <\/div>\n\t        \t\t\t<\/dd><dt class=\"product-faq\">\n\t        \t<a class=\"ult-tabto-actitle withBorder ult_a \" id=\"1512642751435-8cd24-3a01\" style=\"color:#b6b8ba;;background-color:#ffffff;border-bottom-color:transparent;border-bottom-width:0px;border-bottom-style:solid;border-bottom-color:transparent;border-bottom-width:0px;border-bottom-style:solid;\" href=\"#1512642751435-8cd24-3a01\">\n\t        \t\t<i class=\"accordion-icon\"><\/i>\n\t        \t\t\t<span class=\"ult_tab_main ult_ac_main ult_noacordicnBoth\">\n\n\t\t\t\t\t\t<span  data-ultimate-target='#advanced-tabs-wrap-9408 .ult-span-text'  data-responsive-json-new='{\"font-size\":\"desktop:14px;\",\"line-height\":\"\"}'  class=\"ult-span-text no_icon ult_acordian-text ult-responsive\" style=\"font-weight:bold;;color:inherit \" >KKK<\/span>\n\t\t\t\t\t\t<\/span><\/a><\/dt>\n\t            \t\t<dd class=\"ult-tabto-accordionItem ult-tabto-accolapsed\">\n\t\t\t\t            <div class=\"ult-tabto-acontent\" style=\"color:#74777b;\">\n\t\t\t\t               [vc_toggle title=&#8221;1. Kas k\u00e4ibemaksukohustuslase numbrit on v\u00f5imalik taotleda ka enne piirm\u00e4\u00e4ra t\u00e4itmist?&#8221; style=&#8221;arrow&#8221; custom_font_container=&#8221;tag:h5|text_align:left&#8221; custom_use_theme_fonts=&#8221;yes&#8221; use_custom_heading=&#8221;true&#8221;]Jah, see on v\u00f5imalik. Kui soovid seda varem teha, siis ole valmis vastama maksuameti lisak\u00fcsimustele ning t\u00f5estama oma aktiivset \u00e4ritegevust Leedus.[\/vc_toggle][vc_toggle title=&#8221;2. Millised on igakuiste deklaratsioonide t\u00e4htajad?&#8221; style=&#8221;arrow&#8221; custom_font_container=&#8221;tag:h5|text_align:left&#8221; custom_use_theme_fonts=&#8221;yes&#8221; use_custom_heading=&#8221;true&#8221;]Palga- ning maksudeklaratsioonid tuleb esitada iga kuu 15ndaks kuup\u00e4evaks. K\u00e4ibemaksuarvete register tuleb esitada iga kuu 20ndaks ja k\u00e4ibemaksudeklaratsioon iga kuu 25ndaks kuup\u00e4evaks.[\/vc_toggle]\n\t\t\t\t            <\/div>\n\t        \t\t\t<\/dd>\n    \t<\/dl>\n    <!--<div class=\"extraborder\" style=\"background-color:#ffffff\"><\/div>-->\n<\/div>\n\n<\/div>[\/vc_column][\/vc_row]<\/p>\n<\/div>","protected":false},"excerpt":{"rendered":"<p>Leedu seaduste kohaselt on kohustuslik registreerida ettev\u00f5te k\u00e4ibemaksukohustuslasena juhul, kui maksustav k\u00e4ive \u00fcletab 45 000 eurot aastas v\u00f5i kui ettev\u00f5te ostab teistest Euroopa Liidu riikidest kaupu enam kui 14 000 euro eest aastas.<\/p>\n","protected":false},"featured_media":59506,"template":"","meta":{"_acf_changed":false,"inline_featured_image":false},"product_brand":[],"product_cat":[307],"product_tag":[324],"class_list":{"0":"post-57582","1":"product","2":"type-product","3":"status-publish","4":"has-post-thumbnail","6":"product_cat-raamatupidamine","7":"product_tag-lithuania-et","8":"description-off","10":"first","11":"instock","12":"virtual","13":"taxable","14":"purchasable","15":"product-type-simple"},"bundled_by":[],"bundle_stock_status":"instock","bundle_stock_quantity":null,"bundle_virtual":false,"bundle_layout":"","bundle_add_to_cart_form_location":"","bundle_editable_in_cart":false,"bundle_sold_individually_context":"","bundle_item_grouping":"","bundle_min_size":"","bundle_max_size":"","bundle_price":[],"bundled_items":[],"bundle_sell_ids":[],"acf":[],"yoast_head":"<!-- This site is optimized with the Yoast SEO Premium plugin v22.1 (Yoast SEO v27.0) - https:\/\/yoast.com\/product\/yoast-seo-premium-wordpress\/ -->\n<title>K\u00e4ibemaksukohustuslaseks registreerimine - 1Office Lithuania<\/title>\n<meta name=\"description\" content=\"Leedu seaduste kohaselt on kohustuslik registreerida ettev\u00f5te k\u00e4ibemaksukohustuslasena juhul, kui maksustav k\u00e4ive \u00fcletab 45 000 eurot aastas v\u00f5i kui ettev\u00f5te ostab teistest Euroopa Liidu riikidest kaupu enam kui 14 000 euro eest aastas.\" \/>\n<meta name=\"robots\" content=\"index, follow, max-snippet:-1, max-image-preview:large, max-video-preview:-1\" \/>\n<link rel=\"canonical\" href=\"https:\/\/1office.co\/lithuania\/et\/toode\/kaibemaksukohustuslaseks-registreerimine\/\" \/>\n<meta property=\"og:locale\" content=\"et_EE\" \/>\n<meta property=\"og:type\" content=\"article\" \/>\n<meta property=\"og:title\" content=\"K\u00e4ibemaksukohustuslaseks registreerimine\" \/>\n<meta property=\"og:description\" content=\"Leedu seaduste kohaselt on kohustuslik registreerida ettev\u00f5te k\u00e4ibemaksukohustuslasena juhul, kui maksustav k\u00e4ive \u00fcletab 45 000 eurot aastas v\u00f5i kui ettev\u00f5te ostab teistest Euroopa Liidu riikidest kaupu enam kui 14 000 euro eest aastas.\" \/>\n<meta property=\"og:url\" content=\"https:\/\/1office.co\/lithuania\/et\/toode\/kaibemaksukohustuslaseks-registreerimine\/\" \/>\n<meta property=\"og:site_name\" content=\"1Office Lithuania\" \/>\n<meta property=\"article:modified_time\" content=\"2024-05-30T15:23:40+00:00\" \/>\n<meta property=\"og:image\" content=\"https:\/\/1office.co\/lithuania\/wp-content\/uploads\/sites\/15\/2017\/12\/money-gold-coins-finance.jpg\" \/>\n\t<meta property=\"og:image:width\" content=\"1920\" \/>\n\t<meta property=\"og:image:height\" content=\"1271\" \/>\n\t<meta property=\"og:image:type\" content=\"image\/jpeg\" \/>\n<meta name=\"twitter:card\" content=\"summary_large_image\" \/>\n<meta name=\"twitter:label1\" content=\"Est. reading time\" \/>\n\t<meta name=\"twitter:data1\" content=\"2 minutit\" \/>\n<script type=\"application\/ld+json\" class=\"yoast-schema-graph\">{\"@context\":\"https:\/\/schema.org\",\"@graph\":[{\"@type\":\"WebPage\",\"@id\":\"https:\/\/1office.co\/lithuania\/et\/toode\/kaibemaksukohustuslaseks-registreerimine\/\",\"url\":\"https:\/\/1office.co\/lithuania\/et\/toode\/kaibemaksukohustuslaseks-registreerimine\/\",\"name\":\"K\u00e4ibemaksukohustuslaseks registreerimine - 1Office Lithuania\",\"isPartOf\":{\"@id\":\"https:\/\/1office.co\/lithuania\/#website\"},\"primaryImageOfPage\":{\"@id\":\"https:\/\/1office.co\/lithuania\/et\/toode\/kaibemaksukohustuslaseks-registreerimine\/#primaryimage\"},\"image\":{\"@id\":\"https:\/\/1office.co\/lithuania\/et\/toode\/kaibemaksukohustuslaseks-registreerimine\/#primaryimage\"},\"thumbnailUrl\":\"https:\/\/1office.co\/lithuania\/wp-content\/uploads\/sites\/15\/2017\/12\/VAT-registration.png\",\"datePublished\":\"2017-12-13T11:39:59+00:00\",\"dateModified\":\"2024-05-30T15:23:40+00:00\",\"description\":\"Leedu seaduste kohaselt on kohustuslik registreerida ettev\u00f5te k\u00e4ibemaksukohustuslasena juhul, kui maksustav k\u00e4ive \u00fcletab 45 000 eurot aastas v\u00f5i kui ettev\u00f5te ostab teistest Euroopa Liidu riikidest kaupu enam kui 14 000 euro eest aastas.\",\"breadcrumb\":{\"@id\":\"https:\/\/1office.co\/lithuania\/et\/toode\/kaibemaksukohustuslaseks-registreerimine\/#breadcrumb\"},\"inLanguage\":\"et\",\"potentialAction\":[{\"@type\":\"ReadAction\",\"target\":[\"https:\/\/1office.co\/lithuania\/et\/toode\/kaibemaksukohustuslaseks-registreerimine\/\"]}]},{\"@type\":\"ImageObject\",\"inLanguage\":\"et\",\"@id\":\"https:\/\/1office.co\/lithuania\/et\/toode\/kaibemaksukohustuslaseks-registreerimine\/#primaryimage\",\"url\":\"https:\/\/1office.co\/lithuania\/wp-content\/uploads\/sites\/15\/2017\/12\/VAT-registration.png\",\"contentUrl\":\"https:\/\/1office.co\/lithuania\/wp-content\/uploads\/sites\/15\/2017\/12\/VAT-registration.png\",\"width\":500,\"height\":500},{\"@type\":\"BreadcrumbList\",\"@id\":\"https:\/\/1office.co\/lithuania\/et\/toode\/kaibemaksukohustuslaseks-registreerimine\/#breadcrumb\",\"itemListElement\":[{\"@type\":\"ListItem\",\"position\":1,\"name\":\"Home\",\"item\":\"https:\/\/1office.co\/lithuania\/et\/\"},{\"@type\":\"ListItem\",\"position\":2,\"name\":\"Teenused leht\",\"item\":\"https:\/\/1office.co\/lithuania\/et\/teenused\/\"},{\"@type\":\"ListItem\",\"position\":3,\"name\":\"K\u00e4ibemaksukohustuslaseks registreerimine\"}]},{\"@type\":\"WebSite\",\"@id\":\"https:\/\/1office.co\/lithuania\/#website\",\"url\":\"https:\/\/1office.co\/lithuania\/\",\"name\":\"1Office Lithuania\",\"description\":\"Making Business Simple\",\"potentialAction\":[{\"@type\":\"SearchAction\",\"target\":{\"@type\":\"EntryPoint\",\"urlTemplate\":\"https:\/\/1office.co\/lithuania\/?s={search_term_string}\"},\"query-input\":{\"@type\":\"PropertyValueSpecification\",\"valueRequired\":true,\"valueName\":\"search_term_string\"}}],\"inLanguage\":\"et\"}]}<\/script>\n<!-- \/ Yoast SEO Premium plugin. -->","yoast_head_json":{"title":"K\u00e4ibemaksukohustuslaseks registreerimine - 1Office Lithuania","description":"Leedu seaduste kohaselt on kohustuslik registreerida ettev\u00f5te k\u00e4ibemaksukohustuslasena juhul, kui maksustav k\u00e4ive \u00fcletab 45 000 eurot aastas v\u00f5i kui ettev\u00f5te ostab teistest Euroopa Liidu riikidest kaupu enam kui 14 000 euro eest aastas.","robots":{"index":"index","follow":"follow","max-snippet":"max-snippet:-1","max-image-preview":"max-image-preview:large","max-video-preview":"max-video-preview:-1"},"canonical":"https:\/\/1office.co\/lithuania\/et\/toode\/kaibemaksukohustuslaseks-registreerimine\/","og_locale":"et_EE","og_type":"article","og_title":"K\u00e4ibemaksukohustuslaseks registreerimine","og_description":"Leedu seaduste kohaselt on kohustuslik registreerida ettev\u00f5te k\u00e4ibemaksukohustuslasena juhul, kui maksustav k\u00e4ive \u00fcletab 45 000 eurot aastas v\u00f5i kui ettev\u00f5te ostab teistest Euroopa Liidu riikidest kaupu enam kui 14 000 euro eest aastas.","og_url":"https:\/\/1office.co\/lithuania\/et\/toode\/kaibemaksukohustuslaseks-registreerimine\/","og_site_name":"1Office Lithuania","article_modified_time":"2024-05-30T15:23:40+00:00","og_image":[{"width":1920,"height":1271,"url":"https:\/\/1office.co\/lithuania\/wp-content\/uploads\/sites\/15\/2017\/12\/money-gold-coins-finance.jpg","type":"image\/jpeg"}],"twitter_card":"summary_large_image","twitter_misc":{"Est. reading time":"2 minutit"},"schema":{"@context":"https:\/\/schema.org","@graph":[{"@type":"WebPage","@id":"https:\/\/1office.co\/lithuania\/et\/toode\/kaibemaksukohustuslaseks-registreerimine\/","url":"https:\/\/1office.co\/lithuania\/et\/toode\/kaibemaksukohustuslaseks-registreerimine\/","name":"K\u00e4ibemaksukohustuslaseks registreerimine - 1Office Lithuania","isPartOf":{"@id":"https:\/\/1office.co\/lithuania\/#website"},"primaryImageOfPage":{"@id":"https:\/\/1office.co\/lithuania\/et\/toode\/kaibemaksukohustuslaseks-registreerimine\/#primaryimage"},"image":{"@id":"https:\/\/1office.co\/lithuania\/et\/toode\/kaibemaksukohustuslaseks-registreerimine\/#primaryimage"},"thumbnailUrl":"https:\/\/1office.co\/lithuania\/wp-content\/uploads\/sites\/15\/2017\/12\/VAT-registration.png","datePublished":"2017-12-13T11:39:59+00:00","dateModified":"2024-05-30T15:23:40+00:00","description":"Leedu seaduste kohaselt on kohustuslik registreerida ettev\u00f5te k\u00e4ibemaksukohustuslasena juhul, kui maksustav k\u00e4ive \u00fcletab 45 000 eurot aastas v\u00f5i kui ettev\u00f5te ostab teistest Euroopa Liidu riikidest kaupu enam kui 14 000 euro eest aastas.","breadcrumb":{"@id":"https:\/\/1office.co\/lithuania\/et\/toode\/kaibemaksukohustuslaseks-registreerimine\/#breadcrumb"},"inLanguage":"et","potentialAction":[{"@type":"ReadAction","target":["https:\/\/1office.co\/lithuania\/et\/toode\/kaibemaksukohustuslaseks-registreerimine\/"]}]},{"@type":"ImageObject","inLanguage":"et","@id":"https:\/\/1office.co\/lithuania\/et\/toode\/kaibemaksukohustuslaseks-registreerimine\/#primaryimage","url":"https:\/\/1office.co\/lithuania\/wp-content\/uploads\/sites\/15\/2017\/12\/VAT-registration.png","contentUrl":"https:\/\/1office.co\/lithuania\/wp-content\/uploads\/sites\/15\/2017\/12\/VAT-registration.png","width":500,"height":500},{"@type":"BreadcrumbList","@id":"https:\/\/1office.co\/lithuania\/et\/toode\/kaibemaksukohustuslaseks-registreerimine\/#breadcrumb","itemListElement":[{"@type":"ListItem","position":1,"name":"Home","item":"https:\/\/1office.co\/lithuania\/et\/"},{"@type":"ListItem","position":2,"name":"Teenused leht","item":"https:\/\/1office.co\/lithuania\/et\/teenused\/"},{"@type":"ListItem","position":3,"name":"K\u00e4ibemaksukohustuslaseks registreerimine"}]},{"@type":"WebSite","@id":"https:\/\/1office.co\/lithuania\/#website","url":"https:\/\/1office.co\/lithuania\/","name":"1Office Lithuania","description":"Making Business Simple","potentialAction":[{"@type":"SearchAction","target":{"@type":"EntryPoint","urlTemplate":"https:\/\/1office.co\/lithuania\/?s={search_term_string}"},"query-input":{"@type":"PropertyValueSpecification","valueRequired":true,"valueName":"search_term_string"}}],"inLanguage":"et"}]}},"_links":{"self":[{"href":"https:\/\/1office.co\/lithuania\/et\/wp-json\/wp\/v2\/product\/57582","targetHints":{"allow":["GET"]}}],"collection":[{"href":"https:\/\/1office.co\/lithuania\/et\/wp-json\/wp\/v2\/product"}],"about":[{"href":"https:\/\/1office.co\/lithuania\/et\/wp-json\/wp\/v2\/types\/product"}],"wp:featuredmedia":[{"embeddable":true,"href":"https:\/\/1office.co\/lithuania\/et\/wp-json\/wp\/v2\/media\/59506"}],"wp:attachment":[{"href":"https:\/\/1office.co\/lithuania\/et\/wp-json\/wp\/v2\/media?parent=57582"}],"wp:term":[{"taxonomy":"product_brand","embeddable":true,"href":"https:\/\/1office.co\/lithuania\/et\/wp-json\/wp\/v2\/product_brand?post=57582"},{"taxonomy":"product_cat","embeddable":true,"href":"https:\/\/1office.co\/lithuania\/et\/wp-json\/wp\/v2\/product_cat?post=57582"},{"taxonomy":"product_tag","embeddable":true,"href":"https:\/\/1office.co\/lithuania\/et\/wp-json\/wp\/v2\/product_tag?post=57582"}],"curies":[{"name":"wp","href":"https:\/\/api.w.org\/{rel}","templated":true}]}}