{"id":57585,"date":"2017-08-10T10:40:14","date_gmt":"2017-08-10T10:40:14","guid":{"rendered":"https:\/\/1office.co\/lithuania\/product\/annual-report\/"},"modified":"2024-05-30T15:04:36","modified_gmt":"2024-05-30T15:04:36","slug":"majandusaasta-aruanne","status":"publish","type":"product","link":"https:\/\/1office.co\/lithuania\/et\/toode\/majandusaasta-aruanne\/","title":{"rendered":"Majandusaasta aruanne"},"content":{"rendered":"<div class=\"wpb-content-wrapper\"><p>[vc_row][vc_column]<div id=\"advanced-tabs-desc-wrap-9075\" class=\"ult_tabs product_tabs\" style=\" \" data-tabsstyle=\"style1\"\n data-titlebg=\"#ffffff\" data-titlecolor=\"#b6b8ba\" data-fullheight=\"off\"\n data-titlehoverbg=\"#ffffff\" data-titlehovercolor=\"#1d1e23\"\n data-rotatetabs=\"0\" data-responsivemode=\"Both\" data-animation=\"Slide\"\ndata-activetitle=\"#1d1e23\" data-activeicon=\"\" data-activebg=\"#ffffff\"  data-respmode=\"Tabs\" data-respwidth=\"400\" data-scroll = \"on\" data-activeindex=\"1\"><ul id=advanced-tabs-wrap-1542 class=\"ult_tabmenu style1 \" style=\"\"><li class=\"ult_tab_li  \" data-iconcolor=\"#74777b\" data-iconhover=\"#ffffff\" style=\"background-color:#ffffff;border-color:transparent;border-width:0px;border-style:solid;border-top-left-radius:8px;\">\n\t\t\t\t\t<a href=\"#1512642751410-8cbfe-4c64\"  id=\"1512642751410-8cbfe-4c64\"  style=\"color:#b6b8ba;; padding:15px; \" class=\"ult_a  \">\n\t\t\t\t\t     <span class=\"ult_tab_main Both \">\n\t\t\t\t\t \t\t <span class=\"ult_tab_section\">\n\t\t\t\t\t   \t\t\t<span  data-ultimate-target='#advanced-tabs-wrap-1542 .ult-span-text'  data-responsive-json-new='{\"font-size\":\"desktop:14px;\",\"line-height\":\"\"}'  class=\"ult-span-text no_icon ult_tab_display_text ult-responsive\" style=\"font-weight:bold;;\">Kirjeldus<\/span>\n\t\t\t\t\t   \t\t<\/span>\n\t\t\t\t\t\t<\/span>\n\t\t\t\t\t<\/a>\n\t\t\t\t\t<\/li><li class=\"ult_tab_li  product-faq\" data-iconcolor=\"#74777b\" data-iconhover=\"#ffffff\" style=\"background-color:#ffffff;border-color:transparent;border-width:0px;border-style:solid;border-top-right-radius:8px;\">\n\t\t\t\t\t<a href=\"#1512642751435-8cbfe-4c64\"  id=\"1512642751435-8cbfe-4c64\"  style=\"color:#b6b8ba;; padding:15px; \" class=\"ult_a  \">\n\t\t\t\t\t     <span class=\"ult_tab_main Both \">\n\t\t\t\t\t \t\t <span class=\"ult_tab_section\">\n\t\t\t\t\t   \t\t\t<span  data-ultimate-target='#advanced-tabs-wrap-1542 .ult-span-text'  data-responsive-json-new='{\"font-size\":\"desktop:14px;\",\"line-height\":\"\"}'  class=\"ult-span-text no_icon ult_tab_display_text ult-responsive\" style=\"font-weight:bold;;\">KKK<\/span>\n\t\t\t\t\t   \t\t<\/span>\n\t\t\t\t\t\t<\/span>\n\t\t\t\t\t<\/a>\n\t\t\t\t\t<\/li><\/ul><div  data-ultimate-target='#advanced-tabs-desc-wrap-9075 .ult_tabcontent .ult_tab_min_contain  p'  data-responsive-json-new='{\"font-size\":\"\",\"line-height\":\"\"}' class=\"ult_tabcontent ult-responsive style1\" style=\"color:#74777b;\"><div class=\"ult_tab_min_contain \" >\n\t\t\t<div  class=\"ult_tabitemname\"  >\n\t\t\t\t[vc_column_text]Majandusaasta aruande esitamine on kohustuslik k\u00f5igile Leedus registreeritud ettev\u00f5tetele isegi juhul, kui ettev\u00f5ttel ei ole perioodi jooksul mingit \u00e4ritegevust olnud. Aastaaruanne tuleb kinnitada \u00fcldkoosolekul nelja kuu jooksul alates majandusaasta l\u00f5ppemisest. \u00c4riregistrile tuleb aastaaruanne esitada hiljemalt 30 p\u00e4eva p\u00e4rast \u00fcldkoosolekut.<\/p>\n<p>Enne majandusaasta aruande koostamist peab kogu eelneva aasta igakuine raamatupidamine l\u00f5petatud olema.<\/p>\n<p><strong>Majandusaasta aruande hinnas sisaldub:<\/strong><\/p>\n<ul>\n<li>bilans<\/li>\n<li>kasumiaruanne<\/li>\n<li>aruande lisad<\/li>\n<li>majandusaasta aruande \u00e4riregistrisse kandmine<\/li>\n<li>ettev\u00f5tte tuludeklaratsioon<\/li>\n<li>tuludeklaratsiooni esitamine maksuametile<\/li>\n<\/ul>\n<p>Kui eelneva majandusaasta raamatpidamine ei ole eelnevalt tehtud (v\u00f5i on tehtud valesti), siis lisandub hinnale raamatupidaja t\u00f6\u00f6 tavalise tunnitasu alusel. Aastaaruande t\u00e4pne sisu ning vorm s\u00f5ltub ettev\u00f5tte suurusest ning tegevusvaldkonnast.<\/p>\n<p><strong>Protsessikirjeldus:<\/strong><\/p>\n<ul>\n<li>Juhul, kui kliendi igap\u00e4evane raamatupidamine on tehtud mujal, vajame k\u00f5igepealt k\u00f5iki dokumente (pangav\u00e4ljav\u00f5tted, ostu- ja m\u00fc\u00fcgiarved), et saaksime hinnapakkumise koostada<\/li>\n<li>Lepime kokku vajaliku t\u00f6\u00f6 mahus, sisus ning t\u00e4pses hinnas<\/li>\n<li>Vaatame k\u00f5ik dokumendid \u00fcle, koostame aruande ning saadame selle kliendile<\/li>\n<li>Majandusaasta aruanne tuleb esitada \u00e4riregistrile isiklikult. Kui 1Office on m\u00e4\u00e4ratud ametlikuks raamatupidajaks, saame seda ise teha. Samuti saame ettev\u00f5tet esindada lisatasu eest volikirja alusel.<\/li>\n<\/ul>\n<p>[\/vc_column_text]\n\t\t\t<\/div>\n\t\t\t<div  class=\"ult_tabitemname\"  >\n\t\t\t\t[vc_toggle title=&#8221;1. Kes peab majandusaasta aruande esitama?&#8221; style=&#8221;arrow&#8221; custom_font_container=&#8221;tag:h5|text_align:left|color:%230c0c0c&#8221; custom_use_theme_fonts=&#8221;yes&#8221; use_custom_heading=&#8221;true&#8221;]Majandusaasta aruande peab esitama ettev\u00f5tte direktor, pearaamatupidaja v\u00f5i muu volitatud isik. Kui 1Office on m\u00e4\u00e4ratud ametlikuks raamatupidajaks, teeme seda meie.[\/vc_toggle][vc_toggle title=&#8221;2. Mis juhtub siis, kui ma aastaaruannet ei esita?&#8221; style=&#8221;arrow&#8221; custom_font_container=&#8221;tag:h5|text_align:left|color:%230c0c0c&#8221; custom_use_theme_fonts=&#8221;yes&#8221; use_custom_heading=&#8221;true&#8221;]Majandusaasta aruande esitamata j\u00e4tmisega v\u00f5ib kaasneda trahv. Samuti on \u00e4riregistril \u00f5igus otsustada ettev\u00f5te kustutada.[\/vc_toggle]\n\t\t\t<\/div><\/div><\/div><\/div><div class=\"ult_acord advanced-tabs-desc-wrap-9075\">\n   <div class=\"ult-tabto-accordion \" style=\"width:;\"\n    data-titlecolor=\"#b6b8ba\"  data-titlebg=\"#ffffff\"\n     data-titlehoverbg=\"#ffffff\" data-titlehovercolor=\"#1d1e23\" data-animation=\"Slide\"\n     data-activetitle=\"#1d1e23\" data-activeicon=\"\" data-activebg=\"#ffffff\" data-scroll = \"on\" data-activeindex=\"1\" >\n     <dl><dt class=\"\">\n\t        \t<a class=\"ult-tabto-actitle withBorder ult_a \" id=\"1512642751410-8cbfe-4c64\" style=\"color:#b6b8ba;;background-color:#ffffff;border-bottom-color:transparent;border-bottom-width:0px;border-bottom-style:solid;\" href=\"#1512642751410-8cbfe-4c64\">\n\t        \t\t<i class=\"accordion-icon\"><\/i>\n\t        \t\t\t<span class=\"ult_tab_main ult_ac_main ult_noacordicnBoth\">\n\n\t\t\t\t\t\t<span  data-ultimate-target='#advanced-tabs-wrap-1542 .ult-span-text'  data-responsive-json-new='{\"font-size\":\"desktop:14px;\",\"line-height\":\"\"}'  class=\"ult-span-text no_icon ult_acordian-text ult-responsive\" style=\"font-weight:bold;;color:inherit \" >Kirjeldus<\/span>\n\t\t\t\t\t\t<\/span><\/a><\/dt>\n\t            \t\t<dd class=\"ult-tabto-accordionItem ult-tabto-accolapsed\">\n\t\t\t\t            <div class=\"ult-tabto-acontent\" style=\"color:#74777b;\">\n\t\t\t\t               [vc_column_text]Majandusaasta aruande esitamine on kohustuslik k\u00f5igile Leedus registreeritud ettev\u00f5tetele isegi juhul, kui ettev\u00f5ttel ei ole perioodi jooksul mingit \u00e4ritegevust olnud. Aastaaruanne tuleb kinnitada \u00fcldkoosolekul nelja kuu jooksul alates majandusaasta l\u00f5ppemisest. \u00c4riregistrile tuleb aastaaruanne esitada hiljemalt 30 p\u00e4eva p\u00e4rast \u00fcldkoosolekut.<\/p>\n<p>Enne majandusaasta aruande koostamist peab kogu eelneva aasta igakuine raamatupidamine l\u00f5petatud olema.<\/p>\n<p><strong>Majandusaasta aruande hinnas sisaldub:<\/strong><\/p>\n<ul>\n<li>bilans<\/li>\n<li>kasumiaruanne<\/li>\n<li>aruande lisad<\/li>\n<li>majandusaasta aruande \u00e4riregistrisse kandmine<\/li>\n<li>ettev\u00f5tte tuludeklaratsioon<\/li>\n<li>tuludeklaratsiooni esitamine maksuametile<\/li>\n<\/ul>\n<p>Kui eelneva majandusaasta raamatpidamine ei ole eelnevalt tehtud (v\u00f5i on tehtud valesti), siis lisandub hinnale raamatupidaja t\u00f6\u00f6 tavalise tunnitasu alusel. Aastaaruande t\u00e4pne sisu ning vorm s\u00f5ltub ettev\u00f5tte suurusest ning tegevusvaldkonnast.<\/p>\n<p><strong>Protsessikirjeldus:<\/strong><\/p>\n<ul>\n<li>Juhul, kui kliendi igap\u00e4evane raamatupidamine on tehtud mujal, vajame k\u00f5igepealt k\u00f5iki dokumente (pangav\u00e4ljav\u00f5tted, ostu- ja m\u00fc\u00fcgiarved), et saaksime hinnapakkumise koostada<\/li>\n<li>Lepime kokku vajaliku t\u00f6\u00f6 mahus, sisus ning t\u00e4pses hinnas<\/li>\n<li>Vaatame k\u00f5ik dokumendid \u00fcle, koostame aruande ning saadame selle kliendile<\/li>\n<li>Majandusaasta aruanne tuleb esitada \u00e4riregistrile isiklikult. Kui 1Office on m\u00e4\u00e4ratud ametlikuks raamatupidajaks, saame seda ise teha. Samuti saame ettev\u00f5tet esindada lisatasu eest volikirja alusel.<\/li>\n<\/ul>\n<p>[\/vc_column_text]\n\t\t\t\t            <\/div>\n\t        \t\t\t<\/dd><dt class=\"product-faq\">\n\t        \t<a class=\"ult-tabto-actitle withBorder ult_a \" id=\"1512642751435-8cbfe-4c64\" style=\"color:#b6b8ba;;background-color:#ffffff;border-bottom-color:transparent;border-bottom-width:0px;border-bottom-style:solid;border-bottom-color:transparent;border-bottom-width:0px;border-bottom-style:solid;\" href=\"#1512642751435-8cbfe-4c64\">\n\t        \t\t<i class=\"accordion-icon\"><\/i>\n\t        \t\t\t<span class=\"ult_tab_main ult_ac_main ult_noacordicnBoth\">\n\n\t\t\t\t\t\t<span  data-ultimate-target='#advanced-tabs-wrap-1542 .ult-span-text'  data-responsive-json-new='{\"font-size\":\"desktop:14px;\",\"line-height\":\"\"}'  class=\"ult-span-text no_icon ult_acordian-text ult-responsive\" style=\"font-weight:bold;;color:inherit \" >KKK<\/span>\n\t\t\t\t\t\t<\/span><\/a><\/dt>\n\t            \t\t<dd class=\"ult-tabto-accordionItem ult-tabto-accolapsed\">\n\t\t\t\t            <div class=\"ult-tabto-acontent\" style=\"color:#74777b;\">\n\t\t\t\t               [vc_toggle title=&#8221;1. Kes peab majandusaasta aruande esitama?&#8221; style=&#8221;arrow&#8221; custom_font_container=&#8221;tag:h5|text_align:left|color:%230c0c0c&#8221; custom_use_theme_fonts=&#8221;yes&#8221; use_custom_heading=&#8221;true&#8221;]Majandusaasta aruande peab esitama ettev\u00f5tte direktor, pearaamatupidaja v\u00f5i muu volitatud isik. Kui 1Office on m\u00e4\u00e4ratud ametlikuks raamatupidajaks, teeme seda meie.[\/vc_toggle][vc_toggle title=&#8221;2. Mis juhtub siis, kui ma aastaaruannet ei esita?&#8221; style=&#8221;arrow&#8221; custom_font_container=&#8221;tag:h5|text_align:left|color:%230c0c0c&#8221; custom_use_theme_fonts=&#8221;yes&#8221; use_custom_heading=&#8221;true&#8221;]Majandusaasta aruande esitamata j\u00e4tmisega v\u00f5ib kaasneda trahv. Samuti on \u00e4riregistril \u00f5igus otsustada ettev\u00f5te kustutada.[\/vc_toggle]\n\t\t\t\t            <\/div>\n\t        \t\t\t<\/dd>\n    \t<\/dl>\n    <!--<div class=\"extraborder\" style=\"background-color:#ffffff\"><\/div>-->\n<\/div>\n\n<\/div>[\/vc_column][\/vc_row]<\/p>\n<\/div>","protected":false},"excerpt":{"rendered":"<p>Majandusaasta aruande esitamine \u00e4riregistrile on kohustuslik k\u00f5igile Leedus registreeritud ettev\u00f5tetele. See tuleb esitada leedu keeles ning ametlikult kasutusel olevas valuutas (euro).<\/p>\n","protected":false},"featured_media":59491,"template":"","meta":{"_acf_changed":false,"inline_featured_image":false},"product_brand":[],"product_cat":[307],"product_tag":[324],"class_list":{"0":"post-57585","1":"product","2":"type-product","3":"status-publish","4":"has-post-thumbnail","6":"product_cat-raamatupidamine","7":"product_tag-lithuania-et","8":"description-off","10":"first","11":"instock","12":"virtual","13":"taxable","14":"purchasable","15":"product-type-simple"},"bundled_by":[],"bundle_stock_status":"instock","bundle_stock_quantity":null,"bundle_virtual":false,"bundle_layout":"","bundle_add_to_cart_form_location":"","bundle_editable_in_cart":false,"bundle_sold_individually_context":"","bundle_item_grouping":"","bundle_min_size":"","bundle_max_size":"","bundle_price":[],"bundled_items":[],"bundle_sell_ids":[],"acf":[],"yoast_head":"<!-- This site is optimized with the Yoast SEO Premium plugin v22.1 (Yoast SEO v27.0) - https:\/\/yoast.com\/product\/yoast-seo-premium-wordpress\/ -->\n<title>Majandusaasta aruanne - 1Office Lithuania<\/title>\n<meta name=\"description\" content=\"Majandusaasta aruande esitamine \u00e4riregistrile on kohustuslik k\u00f5igile Leedus registreeritud ettev\u00f5tetele. See tuleb esitada leedu keeles ning ametlikult kasutusel olevas valuutas (euro).\" \/>\n<meta name=\"robots\" content=\"index, follow, max-snippet:-1, max-image-preview:large, max-video-preview:-1\" \/>\n<link rel=\"canonical\" href=\"https:\/\/1office.co\/lithuania\/et\/toode\/majandusaasta-aruanne\/\" \/>\n<meta property=\"og:locale\" content=\"et_EE\" \/>\n<meta property=\"og:type\" content=\"article\" \/>\n<meta property=\"og:title\" content=\"Majandusaasta aruanne\" \/>\n<meta property=\"og:description\" content=\"Majandusaasta aruande esitamine \u00e4riregistrile on kohustuslik k\u00f5igile Leedus registreeritud ettev\u00f5tetele. See tuleb esitada leedu keeles ning ametlikult kasutusel olevas valuutas (euro).\" \/>\n<meta property=\"og:url\" content=\"https:\/\/1office.co\/lithuania\/et\/toode\/majandusaasta-aruanne\/\" \/>\n<meta property=\"og:site_name\" content=\"1Office Lithuania\" \/>\n<meta property=\"article:modified_time\" content=\"2024-05-30T15:04:36+00:00\" \/>\n<meta property=\"og:image\" content=\"https:\/\/1office.co\/lithuania\/wp-content\/uploads\/sites\/15\/2017\/08\/pexels-photo-442574.jpeg\" \/>\n\t<meta property=\"og:image:width\" content=\"1920\" \/>\n\t<meta property=\"og:image:height\" content=\"1280\" \/>\n\t<meta property=\"og:image:type\" content=\"image\/jpeg\" \/>\n<meta name=\"twitter:card\" content=\"summary_large_image\" \/>\n<meta name=\"twitter:label1\" content=\"Est. reading time\" \/>\n\t<meta name=\"twitter:data1\" content=\"2 minutit\" \/>\n<script type=\"application\/ld+json\" class=\"yoast-schema-graph\">{\"@context\":\"https:\/\/schema.org\",\"@graph\":[{\"@type\":\"WebPage\",\"@id\":\"https:\/\/1office.co\/lithuania\/et\/toode\/majandusaasta-aruanne\/\",\"url\":\"https:\/\/1office.co\/lithuania\/et\/toode\/majandusaasta-aruanne\/\",\"name\":\"Majandusaasta aruanne - 1Office Lithuania\",\"isPartOf\":{\"@id\":\"https:\/\/1office.co\/lithuania\/#website\"},\"primaryImageOfPage\":{\"@id\":\"https:\/\/1office.co\/lithuania\/et\/toode\/majandusaasta-aruanne\/#primaryimage\"},\"image\":{\"@id\":\"https:\/\/1office.co\/lithuania\/et\/toode\/majandusaasta-aruanne\/#primaryimage\"},\"thumbnailUrl\":\"https:\/\/1office.co\/lithuania\/wp-content\/uploads\/sites\/15\/2017\/08\/Annual-report-in-Lithuania.png\",\"datePublished\":\"2017-08-10T10:40:14+00:00\",\"dateModified\":\"2024-05-30T15:04:36+00:00\",\"description\":\"Majandusaasta aruande esitamine \u00e4riregistrile on kohustuslik k\u00f5igile Leedus registreeritud ettev\u00f5tetele. See tuleb esitada leedu keeles ning ametlikult kasutusel olevas valuutas (euro).\",\"breadcrumb\":{\"@id\":\"https:\/\/1office.co\/lithuania\/et\/toode\/majandusaasta-aruanne\/#breadcrumb\"},\"inLanguage\":\"et\",\"potentialAction\":[{\"@type\":\"ReadAction\",\"target\":[\"https:\/\/1office.co\/lithuania\/et\/toode\/majandusaasta-aruanne\/\"]}]},{\"@type\":\"ImageObject\",\"inLanguage\":\"et\",\"@id\":\"https:\/\/1office.co\/lithuania\/et\/toode\/majandusaasta-aruanne\/#primaryimage\",\"url\":\"https:\/\/1office.co\/lithuania\/wp-content\/uploads\/sites\/15\/2017\/08\/Annual-report-in-Lithuania.png\",\"contentUrl\":\"https:\/\/1office.co\/lithuania\/wp-content\/uploads\/sites\/15\/2017\/08\/Annual-report-in-Lithuania.png\",\"width\":500,\"height\":500},{\"@type\":\"BreadcrumbList\",\"@id\":\"https:\/\/1office.co\/lithuania\/et\/toode\/majandusaasta-aruanne\/#breadcrumb\",\"itemListElement\":[{\"@type\":\"ListItem\",\"position\":1,\"name\":\"Home\",\"item\":\"https:\/\/1office.co\/lithuania\/et\/\"},{\"@type\":\"ListItem\",\"position\":2,\"name\":\"Teenused leht\",\"item\":\"https:\/\/1office.co\/lithuania\/et\/teenused\/\"},{\"@type\":\"ListItem\",\"position\":3,\"name\":\"Majandusaasta aruanne\"}]},{\"@type\":\"WebSite\",\"@id\":\"https:\/\/1office.co\/lithuania\/#website\",\"url\":\"https:\/\/1office.co\/lithuania\/\",\"name\":\"1Office Lithuania\",\"description\":\"Making Business Simple\",\"potentialAction\":[{\"@type\":\"SearchAction\",\"target\":{\"@type\":\"EntryPoint\",\"urlTemplate\":\"https:\/\/1office.co\/lithuania\/?s={search_term_string}\"},\"query-input\":{\"@type\":\"PropertyValueSpecification\",\"valueRequired\":true,\"valueName\":\"search_term_string\"}}],\"inLanguage\":\"et\"}]}<\/script>\n<!-- \/ Yoast SEO Premium plugin. -->","yoast_head_json":{"title":"Majandusaasta aruanne - 1Office Lithuania","description":"Majandusaasta aruande esitamine \u00e4riregistrile on kohustuslik k\u00f5igile Leedus registreeritud ettev\u00f5tetele. See tuleb esitada leedu keeles ning ametlikult kasutusel olevas valuutas (euro).","robots":{"index":"index","follow":"follow","max-snippet":"max-snippet:-1","max-image-preview":"max-image-preview:large","max-video-preview":"max-video-preview:-1"},"canonical":"https:\/\/1office.co\/lithuania\/et\/toode\/majandusaasta-aruanne\/","og_locale":"et_EE","og_type":"article","og_title":"Majandusaasta aruanne","og_description":"Majandusaasta aruande esitamine \u00e4riregistrile on kohustuslik k\u00f5igile Leedus registreeritud ettev\u00f5tetele. See tuleb esitada leedu keeles ning ametlikult kasutusel olevas valuutas (euro).","og_url":"https:\/\/1office.co\/lithuania\/et\/toode\/majandusaasta-aruanne\/","og_site_name":"1Office Lithuania","article_modified_time":"2024-05-30T15:04:36+00:00","og_image":[{"width":1920,"height":1280,"url":"https:\/\/1office.co\/lithuania\/wp-content\/uploads\/sites\/15\/2017\/08\/pexels-photo-442574.jpeg","type":"image\/jpeg"}],"twitter_card":"summary_large_image","twitter_misc":{"Est. reading time":"2 minutit"},"schema":{"@context":"https:\/\/schema.org","@graph":[{"@type":"WebPage","@id":"https:\/\/1office.co\/lithuania\/et\/toode\/majandusaasta-aruanne\/","url":"https:\/\/1office.co\/lithuania\/et\/toode\/majandusaasta-aruanne\/","name":"Majandusaasta aruanne - 1Office Lithuania","isPartOf":{"@id":"https:\/\/1office.co\/lithuania\/#website"},"primaryImageOfPage":{"@id":"https:\/\/1office.co\/lithuania\/et\/toode\/majandusaasta-aruanne\/#primaryimage"},"image":{"@id":"https:\/\/1office.co\/lithuania\/et\/toode\/majandusaasta-aruanne\/#primaryimage"},"thumbnailUrl":"https:\/\/1office.co\/lithuania\/wp-content\/uploads\/sites\/15\/2017\/08\/Annual-report-in-Lithuania.png","datePublished":"2017-08-10T10:40:14+00:00","dateModified":"2024-05-30T15:04:36+00:00","description":"Majandusaasta aruande esitamine \u00e4riregistrile on kohustuslik k\u00f5igile Leedus registreeritud ettev\u00f5tetele. See tuleb esitada leedu keeles ning ametlikult kasutusel olevas valuutas (euro).","breadcrumb":{"@id":"https:\/\/1office.co\/lithuania\/et\/toode\/majandusaasta-aruanne\/#breadcrumb"},"inLanguage":"et","potentialAction":[{"@type":"ReadAction","target":["https:\/\/1office.co\/lithuania\/et\/toode\/majandusaasta-aruanne\/"]}]},{"@type":"ImageObject","inLanguage":"et","@id":"https:\/\/1office.co\/lithuania\/et\/toode\/majandusaasta-aruanne\/#primaryimage","url":"https:\/\/1office.co\/lithuania\/wp-content\/uploads\/sites\/15\/2017\/08\/Annual-report-in-Lithuania.png","contentUrl":"https:\/\/1office.co\/lithuania\/wp-content\/uploads\/sites\/15\/2017\/08\/Annual-report-in-Lithuania.png","width":500,"height":500},{"@type":"BreadcrumbList","@id":"https:\/\/1office.co\/lithuania\/et\/toode\/majandusaasta-aruanne\/#breadcrumb","itemListElement":[{"@type":"ListItem","position":1,"name":"Home","item":"https:\/\/1office.co\/lithuania\/et\/"},{"@type":"ListItem","position":2,"name":"Teenused leht","item":"https:\/\/1office.co\/lithuania\/et\/teenused\/"},{"@type":"ListItem","position":3,"name":"Majandusaasta aruanne"}]},{"@type":"WebSite","@id":"https:\/\/1office.co\/lithuania\/#website","url":"https:\/\/1office.co\/lithuania\/","name":"1Office Lithuania","description":"Making Business Simple","potentialAction":[{"@type":"SearchAction","target":{"@type":"EntryPoint","urlTemplate":"https:\/\/1office.co\/lithuania\/?s={search_term_string}"},"query-input":{"@type":"PropertyValueSpecification","valueRequired":true,"valueName":"search_term_string"}}],"inLanguage":"et"}]}},"_links":{"self":[{"href":"https:\/\/1office.co\/lithuania\/et\/wp-json\/wp\/v2\/product\/57585","targetHints":{"allow":["GET"]}}],"collection":[{"href":"https:\/\/1office.co\/lithuania\/et\/wp-json\/wp\/v2\/product"}],"about":[{"href":"https:\/\/1office.co\/lithuania\/et\/wp-json\/wp\/v2\/types\/product"}],"wp:featuredmedia":[{"embeddable":true,"href":"https:\/\/1office.co\/lithuania\/et\/wp-json\/wp\/v2\/media\/59491"}],"wp:attachment":[{"href":"https:\/\/1office.co\/lithuania\/et\/wp-json\/wp\/v2\/media?parent=57585"}],"wp:term":[{"taxonomy":"product_brand","embeddable":true,"href":"https:\/\/1office.co\/lithuania\/et\/wp-json\/wp\/v2\/product_brand?post=57585"},{"taxonomy":"product_cat","embeddable":true,"href":"https:\/\/1office.co\/lithuania\/et\/wp-json\/wp\/v2\/product_cat?post=57585"},{"taxonomy":"product_tag","embeddable":true,"href":"https:\/\/1office.co\/lithuania\/et\/wp-json\/wp\/v2\/product_tag?post=57585"}],"curies":[{"name":"wp","href":"https:\/\/api.w.org\/{rel}","templated":true}]}}