{"id":58569,"date":"2024-01-24T12:57:44","date_gmt":"2024-01-24T12:57:44","guid":{"rendered":"https:\/\/1office.co\/lithuania\/product\/annual-income-declaration\/"},"modified":"2024-02-09T08:22:33","modified_gmt":"2024-02-09T08:22:33","slug":"majandusaasta-tuludeklaratsioon","status":"publish","type":"product","link":"https:\/\/1office.co\/lithuania\/et\/toode\/majandusaasta-tuludeklaratsioon\/","title":{"rendered":"Majandusaasta tuludeklaratsioon"},"content":{"rendered":"<div class=\"wpb-content-wrapper\"><p>[vc_row][vc_column]<div id=\"advanced-tabs-desc-wrap-2968\" class=\"ult_tabs product_tabs\" style=\" \" data-tabsstyle=\"style1\"\n data-titlebg=\"#ffffff\" data-titlecolor=\"#b6b8ba\" data-fullheight=\"off\"\n data-titlehoverbg=\"#ffffff\" data-titlehovercolor=\"#1d1e23\"\n data-rotatetabs=\"0\" data-responsivemode=\"Both\" data-animation=\"Slide\"\ndata-activetitle=\"#1d1e23\" data-activeicon=\"\" data-activebg=\"#ffffff\"  data-respmode=\"Tabs\" data-respwidth=\"400\" data-scroll = \"on\" data-activeindex=\"1\"><ul id=advanced-tabs-wrap-9355 class=\"ult_tabmenu style1 \" style=\"\"><li class=\"ult_tab_li  \" data-iconcolor=\"#74777b\" data-iconhover=\"#ffffff\" style=\"background-color:#ffffff;border-color:transparent;border-width:0px;border-style:solid;border-top-right-radius:8px;\">\n\t\t\t\t\t<a href=\"#1512642751410-8cd24-3a01\"  id=\"1512642751410-8cd24-3a01\"  style=\"color:#b6b8ba;; padding:15px; \" class=\"ult_a  \">\n\t\t\t\t\t     <span class=\"ult_tab_main Both \">\n\t\t\t\t\t \t\t <span class=\"ult_tab_section\">\n\t\t\t\t\t   \t\t\t<span  data-ultimate-target='#advanced-tabs-wrap-9355 .ult-span-text'  data-responsive-json-new='{\"font-size\":\"desktop:14px;\",\"line-height\":\"\"}'  class=\"ult-span-text no_icon ult_tab_display_text ult-responsive\" style=\"font-weight:bold;;\">DESCRIPTION<\/span>\n\t\t\t\t\t   \t\t<\/span>\n\t\t\t\t\t\t<\/span>\n\t\t\t\t\t<\/a>\n\t\t\t\t\t<\/li><\/ul><div  data-ultimate-target='#advanced-tabs-desc-wrap-2968 .ult_tabcontent .ult_tab_min_contain  p'  data-responsive-json-new='{\"font-size\":\"\",\"line-height\":\"\"}' class=\"ult_tabcontent ult-responsive style1\" style=\"color:#74777b;\"><div class=\"ult_tab_min_contain \" >\n\t\t\t<div  class=\"ult_tabitemname\"  >\n\t\t\t\t[vc_column_text]Iga ettev\u00f5te, kes tegutseb Leedus, peab esitama majandusaasta tuludeklaratsiooni Leedu <a href=\"https:\/\/www.vmi.lt\/evmi\/en\/home\">Maksuametile<\/a>, hiljemalt j\u00e4rgmise maksuperioodi kuuenda kuu 15. p\u00e4evaks. See kehtib ka v\u00e4lismaistele ettev\u00f5tetele, kellel on Leedu maksuregistreering.<\/p>\n<p><strong>Hinnas sisaldub:<\/strong><\/p>\n<ul>\n<li>Majandusaasta tuludeklaratsioon<\/li>\n<\/ul>\n<p><strong>Saadaval lisatasu eest:<\/strong><\/p>\n<ul>\n<li><a href=\"https:\/\/1office.co\/lithuania\/et\/toode\/volikirja-alusel-esindamine\/\"><strong>Volituse alusel esindamine<\/strong><\/a> &#8211; Ettev\u00f5tte esindamine eraklientide, avalike asutuste ning valitsusasutuste ees Leedus. Sobib klientidele, kes ei saa Leetu reisida vajalike toimingute tegemiseks.<\/li>\n<li><strong>Rahvusvaheline maksun\u00f5ustamine<\/strong> &#8211; 1Office tegutseb 7 erinevas riigis ja saab pakkuda teile personaalset rahvusvahelist maksusun\u00f5ustamist, vastavalt ettev\u00f5tte vajadustele.<\/li>\n<li><a href=\"https:\/\/1office.co\/lithuania\/et\/toode\/accountants-hourly-fee\/\"><strong>Raamatupidamisteenus<\/strong><\/a> &#8211; Hoolitseme teie ettev\u00f5tte raamatupidamise eest, et saaksite keskenduda oma tegelikule \u00e4ritegevusele. T\u00e4pne maht ja raamatupidamisprotseduurid lepitakse kokku iga kliendiga personaalselt, l\u00e4htudes ettev\u00f5tte vajadusest.<\/li>\n<\/ul>\n<p><strong>Oluline teave:<\/strong><\/p>\n<ul>\n<li>Maks tuleb tasuda hiljemalt majandusaasta tuludeklaratsiooni esitamise t\u00e4htajaks<\/li>\n<\/ul>\n<p>[\/vc_column_text]\n\t\t\t<\/div><\/div><\/div><\/div><div class=\"ult_acord advanced-tabs-desc-wrap-2968\">\n   <div class=\"ult-tabto-accordion \" style=\"width:;\"\n    data-titlecolor=\"#b6b8ba\"  data-titlebg=\"#ffffff\"\n     data-titlehoverbg=\"#ffffff\" data-titlehovercolor=\"#1d1e23\" data-animation=\"Slide\"\n     data-activetitle=\"#1d1e23\" data-activeicon=\"\" data-activebg=\"#ffffff\" data-scroll = \"on\" data-activeindex=\"1\" >\n     <dl><dt class=\"\">\n\t        \t<a class=\"ult-tabto-actitle withBorder ult_a \" id=\"1512642751410-8cd24-3a01\" style=\"color:#b6b8ba;;background-color:#ffffff;border-bottom-color:transparent;border-bottom-width:0px;border-bottom-style:solid;\" href=\"#1512642751410-8cd24-3a01\">\n\t        \t\t<i class=\"accordion-icon\"><\/i>\n\t        \t\t\t<span class=\"ult_tab_main ult_ac_main ult_noacordicnBoth\">\n\n\t\t\t\t\t\t<span  data-ultimate-target='#advanced-tabs-wrap-9355 .ult-span-text'  data-responsive-json-new='{\"font-size\":\"desktop:14px;\",\"line-height\":\"\"}'  class=\"ult-span-text no_icon ult_acordian-text ult-responsive\" style=\"font-weight:bold;;color:inherit \" >DESCRIPTION<\/span>\n\t\t\t\t\t\t<\/span><\/a><\/dt>\n\t            \t\t<dd class=\"ult-tabto-accordionItem ult-tabto-accolapsed\">\n\t\t\t\t            <div class=\"ult-tabto-acontent\" style=\"color:#74777b;\">\n\t\t\t\t               [vc_column_text]Iga ettev\u00f5te, kes tegutseb Leedus, peab esitama majandusaasta tuludeklaratsiooni Leedu <a href=\"https:\/\/www.vmi.lt\/evmi\/en\/home\">Maksuametile<\/a>, hiljemalt j\u00e4rgmise maksuperioodi kuuenda kuu 15. p\u00e4evaks. See kehtib ka v\u00e4lismaistele ettev\u00f5tetele, kellel on Leedu maksuregistreering.<\/p>\n<p><strong>Hinnas sisaldub:<\/strong><\/p>\n<ul>\n<li>Majandusaasta tuludeklaratsioon<\/li>\n<\/ul>\n<p><strong>Saadaval lisatasu eest:<\/strong><\/p>\n<ul>\n<li><a href=\"https:\/\/1office.co\/lithuania\/et\/toode\/volikirja-alusel-esindamine\/\"><strong>Volituse alusel esindamine<\/strong><\/a> &#8211; Ettev\u00f5tte esindamine eraklientide, avalike asutuste ning valitsusasutuste ees Leedus. Sobib klientidele, kes ei saa Leetu reisida vajalike toimingute tegemiseks.<\/li>\n<li><strong>Rahvusvaheline maksun\u00f5ustamine<\/strong> &#8211; 1Office tegutseb 7 erinevas riigis ja saab pakkuda teile personaalset rahvusvahelist maksusun\u00f5ustamist, vastavalt ettev\u00f5tte vajadustele.<\/li>\n<li><a href=\"https:\/\/1office.co\/lithuania\/et\/toode\/accountants-hourly-fee\/\"><strong>Raamatupidamisteenus<\/strong><\/a> &#8211; Hoolitseme teie ettev\u00f5tte raamatupidamise eest, et saaksite keskenduda oma tegelikule \u00e4ritegevusele. T\u00e4pne maht ja raamatupidamisprotseduurid lepitakse kokku iga kliendiga personaalselt, l\u00e4htudes ettev\u00f5tte vajadusest.<\/li>\n<\/ul>\n<p><strong>Oluline teave:<\/strong><\/p>\n<ul>\n<li>Maks tuleb tasuda hiljemalt majandusaasta tuludeklaratsiooni esitamise t\u00e4htajaks<\/li>\n<\/ul>\n<p>[\/vc_column_text]\n\t\t\t\t            <\/div>\n\t        \t\t\t<\/dd>\n    \t<\/dl>\n    <!--<div class=\"extraborder\" style=\"background-color:#ffffff\"><\/div>-->\n<\/div>\n\n<\/div>[\/vc_column][\/vc_row]<\/p>\n<\/div>","protected":false},"excerpt":{"rendered":"<p>Majandusaasta tuludeklaratsioon on kohustuslik k\u00f5igile Leedus registreeritud ettev\u00f5tetele. See tuleb esitada Leedu maksuametile ka siis, kui ettev\u00f5ttel puudus majandustegevus. Lisaks tuleb esitada majandusaasta tuludeklaratsioon Leedu keeles.<\/p>\n<p>&nbsp;<\/p>\n","protected":false},"featured_media":59462,"template":"","meta":{"_acf_changed":false,"inline_featured_image":false},"product_brand":[],"product_cat":[307],"product_tag":[324],"class_list":{"0":"post-58569","1":"product","2":"type-product","3":"status-publish","4":"has-post-thumbnail","6":"product_cat-raamatupidamine","7":"product_tag-lithuania-et","8":"description-off","10":"first","11":"instock","12":"virtual","13":"taxable","14":"purchasable","15":"product-type-simple"},"bundled_by":[],"bundle_stock_status":"instock","bundle_stock_quantity":null,"bundle_virtual":false,"bundle_layout":"","bundle_add_to_cart_form_location":"","bundle_editable_in_cart":false,"bundle_sold_individually_context":"","bundle_item_grouping":"","bundle_min_size":"","bundle_max_size":"","bundle_price":[],"bundled_items":[],"bundle_sell_ids":[],"acf":[],"yoast_head":"<!-- This site is optimized with the Yoast SEO Premium plugin v22.1 (Yoast SEO v27.0) - https:\/\/yoast.com\/product\/yoast-seo-premium-wordpress\/ -->\n<title>Majandusaasta tuludeklaratsioon - 1Office Lithuania<\/title>\n<meta name=\"description\" content=\"Majandusaasta tuludeklaratsioon on kohustuslik k\u00f5igile Leedus registreeritud ettev\u00f5tetele. Aitame koostada \u00f5igeaegseks esitamiseks tuludeklaratsiooni.\" \/>\n<meta name=\"robots\" content=\"index, follow, max-snippet:-1, max-image-preview:large, max-video-preview:-1\" \/>\n<link rel=\"canonical\" href=\"https:\/\/1office.co\/lithuania\/et\/toode\/majandusaasta-tuludeklaratsioon\/\" \/>\n<meta property=\"og:locale\" content=\"et_EE\" \/>\n<meta property=\"og:type\" content=\"article\" \/>\n<meta property=\"og:title\" content=\"Majandusaasta tuludeklaratsioon\" \/>\n<meta property=\"og:description\" content=\"Majandusaasta tuludeklaratsioon on kohustuslik k\u00f5igile Leedus registreeritud ettev\u00f5tetele. Aitame koostada \u00f5igeaegseks esitamiseks tuludeklaratsiooni.\" \/>\n<meta property=\"og:url\" content=\"https:\/\/1office.co\/lithuania\/et\/toode\/majandusaasta-tuludeklaratsioon\/\" \/>\n<meta property=\"og:site_name\" content=\"1Office Lithuania\" \/>\n<meta property=\"article:modified_time\" content=\"2024-02-09T08:22:33+00:00\" \/>\n<meta property=\"og:image\" content=\"https:\/\/1office.co\/lithuania\/wp-content\/uploads\/sites\/15\/2024\/01\/bookkeeping-615384_640.jpg\" \/>\n\t<meta property=\"og:image:width\" content=\"640\" \/>\n\t<meta property=\"og:image:height\" content=\"425\" \/>\n\t<meta property=\"og:image:type\" content=\"image\/jpeg\" \/>\n<meta name=\"twitter:card\" content=\"summary_large_image\" \/>\n<meta name=\"twitter:label1\" content=\"Est. reading time\" \/>\n\t<meta name=\"twitter:data1\" content=\"1 minut\" \/>\n<script type=\"application\/ld+json\" class=\"yoast-schema-graph\">{\"@context\":\"https:\/\/schema.org\",\"@graph\":[{\"@type\":\"WebPage\",\"@id\":\"https:\/\/1office.co\/lithuania\/et\/toode\/majandusaasta-tuludeklaratsioon\/\",\"url\":\"https:\/\/1office.co\/lithuania\/et\/toode\/majandusaasta-tuludeklaratsioon\/\",\"name\":\"Majandusaasta tuludeklaratsioon - 1Office Lithuania\",\"isPartOf\":{\"@id\":\"https:\/\/1office.co\/lithuania\/#website\"},\"primaryImageOfPage\":{\"@id\":\"https:\/\/1office.co\/lithuania\/et\/toode\/majandusaasta-tuludeklaratsioon\/#primaryimage\"},\"image\":{\"@id\":\"https:\/\/1office.co\/lithuania\/et\/toode\/majandusaasta-tuludeklaratsioon\/#primaryimage\"},\"thumbnailUrl\":\"https:\/\/1office.co\/lithuania\/wp-content\/uploads\/sites\/15\/2024\/01\/Annual-Profit-TAX-Declaration.png\",\"datePublished\":\"2024-01-24T12:57:44+00:00\",\"dateModified\":\"2024-02-09T08:22:33+00:00\",\"description\":\"Majandusaasta tuludeklaratsioon on kohustuslik k\u00f5igile Leedus registreeritud ettev\u00f5tetele. Aitame koostada \u00f5igeaegseks esitamiseks tuludeklaratsiooni.\",\"breadcrumb\":{\"@id\":\"https:\/\/1office.co\/lithuania\/et\/toode\/majandusaasta-tuludeklaratsioon\/#breadcrumb\"},\"inLanguage\":\"et\",\"potentialAction\":[{\"@type\":\"ReadAction\",\"target\":[\"https:\/\/1office.co\/lithuania\/et\/toode\/majandusaasta-tuludeklaratsioon\/\"]}]},{\"@type\":\"ImageObject\",\"inLanguage\":\"et\",\"@id\":\"https:\/\/1office.co\/lithuania\/et\/toode\/majandusaasta-tuludeklaratsioon\/#primaryimage\",\"url\":\"https:\/\/1office.co\/lithuania\/wp-content\/uploads\/sites\/15\/2024\/01\/Annual-Profit-TAX-Declaration.png\",\"contentUrl\":\"https:\/\/1office.co\/lithuania\/wp-content\/uploads\/sites\/15\/2024\/01\/Annual-Profit-TAX-Declaration.png\",\"width\":500,\"height\":500},{\"@type\":\"BreadcrumbList\",\"@id\":\"https:\/\/1office.co\/lithuania\/et\/toode\/majandusaasta-tuludeklaratsioon\/#breadcrumb\",\"itemListElement\":[{\"@type\":\"ListItem\",\"position\":1,\"name\":\"Home\",\"item\":\"https:\/\/1office.co\/lithuania\/et\/\"},{\"@type\":\"ListItem\",\"position\":2,\"name\":\"Teenused leht\",\"item\":\"https:\/\/1office.co\/lithuania\/et\/teenused\/\"},{\"@type\":\"ListItem\",\"position\":3,\"name\":\"Majandusaasta tuludeklaratsioon\"}]},{\"@type\":\"WebSite\",\"@id\":\"https:\/\/1office.co\/lithuania\/#website\",\"url\":\"https:\/\/1office.co\/lithuania\/\",\"name\":\"1Office Lithuania\",\"description\":\"Making Business Simple\",\"potentialAction\":[{\"@type\":\"SearchAction\",\"target\":{\"@type\":\"EntryPoint\",\"urlTemplate\":\"https:\/\/1office.co\/lithuania\/?s={search_term_string}\"},\"query-input\":{\"@type\":\"PropertyValueSpecification\",\"valueRequired\":true,\"valueName\":\"search_term_string\"}}],\"inLanguage\":\"et\"}]}<\/script>\n<!-- \/ Yoast SEO Premium plugin. -->","yoast_head_json":{"title":"Majandusaasta tuludeklaratsioon - 1Office Lithuania","description":"Majandusaasta tuludeklaratsioon on kohustuslik k\u00f5igile Leedus registreeritud ettev\u00f5tetele. Aitame koostada \u00f5igeaegseks esitamiseks tuludeklaratsiooni.","robots":{"index":"index","follow":"follow","max-snippet":"max-snippet:-1","max-image-preview":"max-image-preview:large","max-video-preview":"max-video-preview:-1"},"canonical":"https:\/\/1office.co\/lithuania\/et\/toode\/majandusaasta-tuludeklaratsioon\/","og_locale":"et_EE","og_type":"article","og_title":"Majandusaasta tuludeklaratsioon","og_description":"Majandusaasta tuludeklaratsioon on kohustuslik k\u00f5igile Leedus registreeritud ettev\u00f5tetele. Aitame koostada \u00f5igeaegseks esitamiseks tuludeklaratsiooni.","og_url":"https:\/\/1office.co\/lithuania\/et\/toode\/majandusaasta-tuludeklaratsioon\/","og_site_name":"1Office Lithuania","article_modified_time":"2024-02-09T08:22:33+00:00","og_image":[{"width":640,"height":425,"url":"https:\/\/1office.co\/lithuania\/wp-content\/uploads\/sites\/15\/2024\/01\/bookkeeping-615384_640.jpg","type":"image\/jpeg"}],"twitter_card":"summary_large_image","twitter_misc":{"Est. reading time":"1 minut"},"schema":{"@context":"https:\/\/schema.org","@graph":[{"@type":"WebPage","@id":"https:\/\/1office.co\/lithuania\/et\/toode\/majandusaasta-tuludeklaratsioon\/","url":"https:\/\/1office.co\/lithuania\/et\/toode\/majandusaasta-tuludeklaratsioon\/","name":"Majandusaasta tuludeklaratsioon - 1Office Lithuania","isPartOf":{"@id":"https:\/\/1office.co\/lithuania\/#website"},"primaryImageOfPage":{"@id":"https:\/\/1office.co\/lithuania\/et\/toode\/majandusaasta-tuludeklaratsioon\/#primaryimage"},"image":{"@id":"https:\/\/1office.co\/lithuania\/et\/toode\/majandusaasta-tuludeklaratsioon\/#primaryimage"},"thumbnailUrl":"https:\/\/1office.co\/lithuania\/wp-content\/uploads\/sites\/15\/2024\/01\/Annual-Profit-TAX-Declaration.png","datePublished":"2024-01-24T12:57:44+00:00","dateModified":"2024-02-09T08:22:33+00:00","description":"Majandusaasta tuludeklaratsioon on kohustuslik k\u00f5igile Leedus registreeritud ettev\u00f5tetele. Aitame koostada \u00f5igeaegseks esitamiseks tuludeklaratsiooni.","breadcrumb":{"@id":"https:\/\/1office.co\/lithuania\/et\/toode\/majandusaasta-tuludeklaratsioon\/#breadcrumb"},"inLanguage":"et","potentialAction":[{"@type":"ReadAction","target":["https:\/\/1office.co\/lithuania\/et\/toode\/majandusaasta-tuludeklaratsioon\/"]}]},{"@type":"ImageObject","inLanguage":"et","@id":"https:\/\/1office.co\/lithuania\/et\/toode\/majandusaasta-tuludeklaratsioon\/#primaryimage","url":"https:\/\/1office.co\/lithuania\/wp-content\/uploads\/sites\/15\/2024\/01\/Annual-Profit-TAX-Declaration.png","contentUrl":"https:\/\/1office.co\/lithuania\/wp-content\/uploads\/sites\/15\/2024\/01\/Annual-Profit-TAX-Declaration.png","width":500,"height":500},{"@type":"BreadcrumbList","@id":"https:\/\/1office.co\/lithuania\/et\/toode\/majandusaasta-tuludeklaratsioon\/#breadcrumb","itemListElement":[{"@type":"ListItem","position":1,"name":"Home","item":"https:\/\/1office.co\/lithuania\/et\/"},{"@type":"ListItem","position":2,"name":"Teenused leht","item":"https:\/\/1office.co\/lithuania\/et\/teenused\/"},{"@type":"ListItem","position":3,"name":"Majandusaasta tuludeklaratsioon"}]},{"@type":"WebSite","@id":"https:\/\/1office.co\/lithuania\/#website","url":"https:\/\/1office.co\/lithuania\/","name":"1Office Lithuania","description":"Making Business Simple","potentialAction":[{"@type":"SearchAction","target":{"@type":"EntryPoint","urlTemplate":"https:\/\/1office.co\/lithuania\/?s={search_term_string}"},"query-input":{"@type":"PropertyValueSpecification","valueRequired":true,"valueName":"search_term_string"}}],"inLanguage":"et"}]}},"_links":{"self":[{"href":"https:\/\/1office.co\/lithuania\/et\/wp-json\/wp\/v2\/product\/58569","targetHints":{"allow":["GET"]}}],"collection":[{"href":"https:\/\/1office.co\/lithuania\/et\/wp-json\/wp\/v2\/product"}],"about":[{"href":"https:\/\/1office.co\/lithuania\/et\/wp-json\/wp\/v2\/types\/product"}],"wp:featuredmedia":[{"embeddable":true,"href":"https:\/\/1office.co\/lithuania\/et\/wp-json\/wp\/v2\/media\/59462"}],"wp:attachment":[{"href":"https:\/\/1office.co\/lithuania\/et\/wp-json\/wp\/v2\/media?parent=58569"}],"wp:term":[{"taxonomy":"product_brand","embeddable":true,"href":"https:\/\/1office.co\/lithuania\/et\/wp-json\/wp\/v2\/product_brand?post=58569"},{"taxonomy":"product_cat","embeddable":true,"href":"https:\/\/1office.co\/lithuania\/et\/wp-json\/wp\/v2\/product_cat?post=58569"},{"taxonomy":"product_tag","embeddable":true,"href":"https:\/\/1office.co\/lithuania\/et\/wp-json\/wp\/v2\/product_tag?post=58569"}],"curies":[{"name":"wp","href":"https:\/\/api.w.org\/{rel}","templated":true}]}}