{"id":58601,"date":"2017-08-10T10:40:14","date_gmt":"2017-08-10T10:40:14","guid":{"rendered":"https:\/\/1office.co\/lithuania\/product\/accountants-hourly-fee\/"},"modified":"2024-06-05T06:13:13","modified_gmt":"2024-06-05T06:13:13","slug":"buhalteriniu-paslaugu","status":"publish","type":"product","link":"https:\/\/1office.co\/lithuania\/lt\/produktas\/buhalteriniu-paslaugu\/","title":{"rendered":"Buhalterini\u0173 paslaug\u0173 valandinis \u012fkainis"},"content":{"rendered":"<div class=\"wpb-content-wrapper\"><p>[vc_row content_placement=&#8221;top&#8221;][vc_column width=&#8221;2\/3&#8243;]<div id=\"advanced-tabs-desc-wrap-5320\" class=\"ult_tabs product_tabs\" style=\" \" data-tabsstyle=\"style1\"\n data-titlebg=\"#ffffff\" data-titlecolor=\"#b6b8ba\" data-fullheight=\"off\"\n data-titlehoverbg=\"#ffffff\" data-titlehovercolor=\"#1d1e23\"\n data-rotatetabs=\"0\" data-responsivemode=\"Both\" data-animation=\"Slide\"\ndata-activetitle=\"#1d1e23\" data-activeicon=\"\" data-activebg=\"#ffffff\"  data-respmode=\"Tabs\" data-respwidth=\"400\" data-scroll = \"on\" data-activeindex=\"1\"><ul id=advanced-tabs-wrap-2043 class=\"ult_tabmenu style1 \" style=\"\"><li class=\"ult_tab_li  \" data-iconcolor=\"#74777b\" data-iconhover=\"#ffffff\" style=\"background-color:#ffffff;border-color:transparent;border-width:0px;border-style:solid;border-top-left-radius:8px;\">\n\t\t\t\t\t<a href=\"#1512642751410-8d7ab-c11d\"  id=\"1512642751410-8d7ab-c11d\"  style=\"color:#b6b8ba;;   \" class=\"ult_a  \">\n\t\t\t\t\t     <span class=\"ult_tab_main Both \">\n\t\t\t\t\t \t\t <span class=\"ult_tab_section\">\n\t\t\t\t\t   \t\t\t<span  data-ultimate-target='#advanced-tabs-wrap-2043 .ult-span-text'  data-responsive-json-new='{\"font-size\":\"desktop:14px;\",\"line-height\":\"\"}'  class=\"ult-span-text no_icon ult_tab_display_text ult-responsive\" style=\"font-weight:bold;;\">Apra\u0161ymas<\/span>\n\t\t\t\t\t   \t\t<\/span>\n\t\t\t\t\t\t<\/span>\n\t\t\t\t\t<\/a>\n\t\t\t\t\t<\/li><li class=\"ult_tab_li  \" data-iconcolor=\"#74777b\" data-iconhover=\"#ffffff\" style=\"background-color:#ffffff;border-color:transparent;border-width:0px;border-style:solid;border-top-right-radius:8px;\">\n\t\t\t\t\t<a href=\"#1697807827560-2-8\"  id=\"1697807827560-2-8\"  style=\"color:#b6b8ba;;   \" class=\"ult_a  \">\n\t\t\t\t\t     <span class=\"ult_tab_main Both \">\n\t\t\t\t\t \t\t <span class=\"ult_tab_section\">\n\t\t\t\t\t   \t\t\t<span  data-ultimate-target='#advanced-tabs-wrap-2043 .ult-span-text'  data-responsive-json-new='{\"font-size\":\"desktop:14px;\",\"line-height\":\"\"}'  class=\"ult-span-text no_icon ult_tab_display_text ult-responsive\" style=\"font-weight:bold;;\">Svarbi informacija<\/span>\n\t\t\t\t\t   \t\t<\/span>\n\t\t\t\t\t\t<\/span>\n\t\t\t\t\t<\/a>\n\t\t\t\t\t<\/li><\/ul><div  data-ultimate-target='#advanced-tabs-desc-wrap-5320 .ult_tabcontent .ult_tab_min_contain  p'  data-responsive-json-new='{\"font-size\":\"\",\"line-height\":\"\"}' class=\"ult_tabcontent ult-responsive style1\" style=\"color:#74777b;\"><div class=\"ult_tab_min_contain \" >\n\t\t\t<div  class=\"ult_tabitemname\"  >\n\t\t\t\t[vc_column_text]Kiekviena Lietuvoje registruota \u012fmon\u0117 privalo tur\u0117ti buhalter\u012f, \u012fgaliot\u0105 atstovauti j\u016bs\u0173 \u012fmon\u0119 Lietuvos Respublikos Mokes\u010di\u0173 inspekcijoje.<\/p>\n<div class=\"woocommerce-product-details__short-description\">\n<h3><strong>\u012etraukta \u012f paslaugas:<\/strong><\/h3>\n<ul>\n<li>Pirkimo ir pardavimo s\u0105skait\u0173 fakt\u016br\u0173 apskaita;<\/li>\n<li>Gryn\u0173j\u0173 pinig\u0173 ir banko pavedim\u0173 apskaita;<\/li>\n<li>Ilgalaikio turto apskaita;<\/li>\n<li>Atlyginim\u0173 skai\u010diavimas;<\/li>\n<li>Sand\u0117lio apskaita;<\/li>\n<li>Mokes\u010di\u0173 skai\u010diavimas;<\/li>\n<li>Mokestini\u0173 deklaracij\u0173 paruo\u0161imas ir pateikimas Mokes\u010di\u0173 inspekcijai;<\/li>\n<li>Statistikos deklaracij\u0173 paruo\u0161imas ir pateikimas Statistikos departamentui;<\/li>\n<li>Deklaracij\u0173 paruo\u0161imas ir pateikimas Sodrai.<\/li>\n<\/ul>\n<\/div>\n<p>[\/vc_column_text]\n\t\t\t<\/div>\n\t\t\t<div  class=\"ult_tabitemname\"  >\n\t\t\t\t[vc_column_text]<\/p>\n<p style=\"font-weight: 400\">Prie\u0161 pradedant teikti paslaugas taikomas vienkartinis 69\u20ac mokestis, \u012f kur\u012f \u012ftraukta:<\/p>\n<ul style=\"font-weight: 400\">\n<li>J\u016bs\u0173 \u012fmon\u0117s informacijos suvedimas \u012f buhalterin\u0119 program\u0105;<\/li>\n<li>Instrukcija d\u0117l b\u016btin\u0173 gauti leidim\u0173 (Sodra, Mokes\u010di\u0173 inspekcija, Registr\u0173 centras);<\/li>\n<li>Visi kiti b\u016btini veiksmai, kad gal\u0117tume prad\u0117ti vesti j\u016bs\u0173 \u012fmon\u0117s buhalterin\u0119 apskait\u0105.<\/li>\n<\/ul>\n<p style=\"font-weight: 400\">S\u0105skaitos u\u017e buhalterines paslaugas jums yra i\u0161ra\u0161omos vien\u0105 kart\u0105 per m\u0117nes\u012f su 15 min tikslumu ir minimalus m\u0117nesinis mokestis yra 65\u20ac.<\/p>\n<p style=\"font-weight: 400\">Ankstesni\u0173 laikotarpi\u0173 duomen\u0173 apdorojimas ir\/arba ankstesni\u0173 period\u0173 klaid\u0173 taisymas n\u0117ra \u012ftraukta \u012f fiksuot\u0105 kain\u0105.<\/p>\n<p style=\"font-weight: 400\"><strong>Visos kainos yra pateiktos be PVM.<\/strong><\/p>\n<p>[\/vc_column_text]\n\t\t\t<\/div><\/div><\/div><\/div><div class=\"ult_acord advanced-tabs-desc-wrap-5320\">\n   <div class=\"ult-tabto-accordion \" style=\"width:;\"\n    data-titlecolor=\"#b6b8ba\"  data-titlebg=\"#ffffff\"\n     data-titlehoverbg=\"#ffffff\" data-titlehovercolor=\"#1d1e23\" data-animation=\"Slide\"\n     data-activetitle=\"#1d1e23\" data-activeicon=\"\" data-activebg=\"#ffffff\" data-scroll = \"on\" data-activeindex=\"1\" >\n     <dl><dt class=\"\">\n\t        \t<a class=\"ult-tabto-actitle withBorder ult_a \" id=\"1512642751410-8d7ab-c11d\" style=\"color:#b6b8ba;;background-color:#ffffff;border-bottom-color:transparent;border-bottom-width:0px;border-bottom-style:solid;\" href=\"#1512642751410-8d7ab-c11d\">\n\t        \t\t<i class=\"accordion-icon\"><\/i>\n\t        \t\t\t<span class=\"ult_tab_main ult_ac_main ult_noacordicnBoth\">\n\n\t\t\t\t\t\t<span  data-ultimate-target='#advanced-tabs-wrap-2043 .ult-span-text'  data-responsive-json-new='{\"font-size\":\"desktop:14px;\",\"line-height\":\"\"}'  class=\"ult-span-text no_icon ult_acordian-text ult-responsive\" style=\"font-weight:bold;;color:inherit \" >Apra\u0161ymas<\/span>\n\t\t\t\t\t\t<\/span><\/a><\/dt>\n\t            \t\t<dd class=\"ult-tabto-accordionItem ult-tabto-accolapsed\">\n\t\t\t\t            <div class=\"ult-tabto-acontent\" style=\"color:#74777b;\">\n\t\t\t\t               [vc_column_text]Kiekviena Lietuvoje registruota \u012fmon\u0117 privalo tur\u0117ti buhalter\u012f, \u012fgaliot\u0105 atstovauti j\u016bs\u0173 \u012fmon\u0119 Lietuvos Respublikos Mokes\u010di\u0173 inspekcijoje.<\/p>\n<div class=\"woocommerce-product-details__short-description\">\n<h3><strong>\u012etraukta \u012f paslaugas:<\/strong><\/h3>\n<ul>\n<li>Pirkimo ir pardavimo s\u0105skait\u0173 fakt\u016br\u0173 apskaita;<\/li>\n<li>Gryn\u0173j\u0173 pinig\u0173 ir banko pavedim\u0173 apskaita;<\/li>\n<li>Ilgalaikio turto apskaita;<\/li>\n<li>Atlyginim\u0173 skai\u010diavimas;<\/li>\n<li>Sand\u0117lio apskaita;<\/li>\n<li>Mokes\u010di\u0173 skai\u010diavimas;<\/li>\n<li>Mokestini\u0173 deklaracij\u0173 paruo\u0161imas ir pateikimas Mokes\u010di\u0173 inspekcijai;<\/li>\n<li>Statistikos deklaracij\u0173 paruo\u0161imas ir pateikimas Statistikos departamentui;<\/li>\n<li>Deklaracij\u0173 paruo\u0161imas ir pateikimas Sodrai.<\/li>\n<\/ul>\n<\/div>\n<p>[\/vc_column_text]\n\t\t\t\t            <\/div>\n\t        \t\t\t<\/dd><dt class=\"\">\n\t        \t<a class=\"ult-tabto-actitle withBorder ult_a \" id=\"1697807827560-2-8\" style=\"color:#b6b8ba;;background-color:#ffffff;border-bottom-color:transparent;border-bottom-width:0px;border-bottom-style:solid;border-bottom-color:transparent;border-bottom-width:0px;border-bottom-style:solid;\" href=\"#1697807827560-2-8\">\n\t        \t\t<i class=\"accordion-icon\"><\/i>\n\t        \t\t\t<span class=\"ult_tab_main ult_ac_main ult_noacordicnBoth\">\n\n\t\t\t\t\t\t<span  data-ultimate-target='#advanced-tabs-wrap-2043 .ult-span-text'  data-responsive-json-new='{\"font-size\":\"desktop:14px;\",\"line-height\":\"\"}'  class=\"ult-span-text no_icon ult_acordian-text ult-responsive\" style=\"font-weight:bold;;color:inherit \" >Svarbi informacija<\/span>\n\t\t\t\t\t\t<\/span><\/a><\/dt>\n\t            \t\t<dd class=\"ult-tabto-accordionItem ult-tabto-accolapsed\">\n\t\t\t\t            <div class=\"ult-tabto-acontent\" style=\"color:#74777b;\">\n\t\t\t\t               [vc_column_text]<\/p>\n<p style=\"font-weight: 400\">Prie\u0161 pradedant teikti paslaugas taikomas vienkartinis 69\u20ac mokestis, \u012f kur\u012f \u012ftraukta:<\/p>\n<ul style=\"font-weight: 400\">\n<li>J\u016bs\u0173 \u012fmon\u0117s informacijos suvedimas \u012f buhalterin\u0119 program\u0105;<\/li>\n<li>Instrukcija d\u0117l b\u016btin\u0173 gauti leidim\u0173 (Sodra, Mokes\u010di\u0173 inspekcija, Registr\u0173 centras);<\/li>\n<li>Visi kiti b\u016btini veiksmai, kad gal\u0117tume prad\u0117ti vesti j\u016bs\u0173 \u012fmon\u0117s buhalterin\u0119 apskait\u0105.<\/li>\n<\/ul>\n<p style=\"font-weight: 400\">S\u0105skaitos u\u017e buhalterines paslaugas jums yra i\u0161ra\u0161omos vien\u0105 kart\u0105 per m\u0117nes\u012f su 15 min tikslumu ir minimalus m\u0117nesinis mokestis yra 65\u20ac.<\/p>\n<p style=\"font-weight: 400\">Ankstesni\u0173 laikotarpi\u0173 duomen\u0173 apdorojimas ir\/arba ankstesni\u0173 period\u0173 klaid\u0173 taisymas n\u0117ra \u012ftraukta \u012f fiksuot\u0105 kain\u0105.<\/p>\n<p style=\"font-weight: 400\"><strong>Visos kainos yra pateiktos be PVM.<\/strong><\/p>\n<p>[\/vc_column_text]\n\t\t\t\t            <\/div>\n\t        \t\t\t<\/dd>\n    \t<\/dl>\n    <!--<div class=\"extraborder\" style=\"background-color:#ffffff\"><\/div>-->\n<\/div>\n\n<\/div>[\/vc_column][vc_column width=&#8221;1\/3&#8243; css=&#8221;.vc_custom_1717567641529{padding-right: 30px !important;padding-bottom: 15px !important;padding-left: 30px !important;}&#8221;]<div id=\"ultimate-heading-515969e3b1ed29eb7\" class=\"uvc-heading ult-adjust-bottom-margin ultimate-heading-515969e3b1ed29eb7 uvc-2614 \" data-hspacer=\"line_only\"  data-halign=\"left\" style=\"text-align:left\"><div class=\"uvc-main-heading ult-responsive\"  data-ultimate-target='.uvc-heading.ultimate-heading-515969e3b1ed29eb7 h2'  data-responsive-json-new='{\"font-size\":\"desktop:16px;\",\"line-height\":\"\"}' ><h2 style=\"font-family:&#039;Open Sans&#039;;font-weight:800;margin-bottom:10px;\">GAUKITE NEMOKAM\u0104 KONSULTACIJ\u0104<\/h2><\/div><div class=\"uvc-heading-spacer line_only\" style=\"margin-bottom:20px;height:1px;\"><span class=\"uvc-headings-line\" style=\"border-style:solid;border-bottom-width:1px;border-color:#9aca3c;width:200px;\"><\/span><\/div><div class=\"uvc-sub-heading ult-responsive\"  data-ultimate-target='.uvc-heading.ultimate-heading-515969e3b1ed29eb7 .uvc-sub-heading '  data-responsive-json-new='{\"font-size\":\"desktop:14px;\",\"line-height\":\"\"}'  style=\"font-family:&#039;Open Sans&#039;;font-weight:normal;margin-bottom:30px;\">Gaukite 30min nemokam\u0105 konsultacij\u0105, kad su\u017einotum\u0117te apie m\u016bs\u0173 paslaugas ir i\u0161siai\u0161kintum\u0117te ko konkre\u010diai reikia j\u016bs\u0173 verslui.<\/p>\n<p>Mes aptarsime j\u016bs\u0173 id\u0117jas ir pasidalinsime savo patirtimi. Kalendoriuje pasirinkite jums tinkam\u0105 laik\u0105 ir mes su jumis susisieksime.<\/div><\/div><style type=\"text\/css\" data-type=\"the7_shortcodes-inline-css\">#default-btn-9b1524faabaa8f025de15c53883f07fc.ico-right-side > i {\n  margin-right: 0px;\n  margin-left: 8px;\n}\n#default-btn-9b1524faabaa8f025de15c53883f07fc > i {\n  margin-right: 8px;\n}<\/style><div class=\"btn-align-left\"><a href=\"https:\/\/calendly.com\/1office-support\/free_consultation\" class=\"default-btn-shortcode dt-btn dt-btn-m link-hover-off \" target=\"_blank\" id=\"default-btn-9b1524faabaa8f025de15c53883f07fc\" rel=\"noopener\"><span>U\u017esakyti konsultacij\u0105<\/span><\/a><\/div>[\/vc_column][\/vc_row][vc_row][vc_column][vc_empty_space height=&#8221;100px&#8221;][\/vc_column][\/vc_row]<\/p>\n<\/div>","protected":false},"excerpt":{"rendered":"<div class=\"woocommerce-product-details__short-description\">\n<p>Leiskite profesionalams pasir\u016bpinti j\u016bs\u0173 \u012fmon\u0117s buhalterine apskaita, kad gal\u0117tum\u0117te sutelkti d\u0117mes\u012f \u012f savo tikr\u0105j\u012f versl\u0105.<\/p>\n<\/div>\n<div class=\"quantity buttons_added\"><\/div>\n","protected":false},"featured_media":59487,"template":"","meta":{"_acf_changed":false,"inline_featured_image":false},"product_brand":[],"product_cat":[414],"product_tag":[415],"class_list":{"0":"post-58601","1":"product","2":"type-product","3":"status-publish","4":"has-post-thumbnail","6":"product_cat-apskaita-lt","7":"product_tag-lithuania-lt","8":"description-off","10":"first","11":"instock","12":"taxable","13":"shipping-taxable","14":"purchasable","15":"product-type-simple"},"bundled_by":[],"bundle_stock_status":"instock","bundle_stock_quantity":null,"bundle_virtual":false,"bundle_layout":"","bundle_add_to_cart_form_location":"","bundle_editable_in_cart":false,"bundle_sold_individually_context":"","bundle_item_grouping":"","bundle_min_size":"","bundle_max_size":"","bundle_price":[],"bundled_items":[],"bundle_sell_ids":[],"acf":[],"yoast_head":"<!-- This site is optimized with the Yoast SEO Premium plugin v22.1 (Yoast SEO v27.0) - https:\/\/yoast.com\/product\/yoast-seo-premium-wordpress\/ -->\n<title>Buhalterini\u0173 paslaug\u0173 valandinis \u012fkainis - 1Office Lithuania<\/title>\n<meta name=\"description\" content=\"Leiskite profesionalams pasir\u016bpinti j\u016bs\u0173 \u012fmon\u0117s buhalterine apskaita, kad gal\u0117tum\u0117te sutelkti d\u0117mes\u012f \u012f savo tikr\u0105j\u012f versl\u0105.\" \/>\n<meta name=\"robots\" content=\"index, follow, max-snippet:-1, max-image-preview:large, max-video-preview:-1\" \/>\n<link rel=\"canonical\" href=\"https:\/\/1office.co\/lithuania\/lt\/produktas\/buhalteriniu-paslaugu\/\" \/>\n<meta property=\"og:locale\" content=\"lt_LT\" \/>\n<meta property=\"og:type\" content=\"article\" \/>\n<meta property=\"og:title\" content=\"Buhalterini\u0173 paslaug\u0173 valandinis \u012fkainis\" \/>\n<meta property=\"og:description\" content=\"Leiskite profesionalams pasir\u016bpinti j\u016bs\u0173 \u012fmon\u0117s buhalterine apskaita, kad gal\u0117tum\u0117te sutelkti d\u0117mes\u012f \u012f savo tikr\u0105j\u012f versl\u0105.\" \/>\n<meta property=\"og:url\" content=\"https:\/\/1office.co\/lithuania\/lt\/produktas\/buhalteriniu-paslaugu\/\" \/>\n<meta property=\"og:site_name\" content=\"1Office Lithuania\" \/>\n<meta property=\"article:modified_time\" content=\"2024-06-05T06:13:13+00:00\" \/>\n<meta property=\"og:image\" content=\"https:\/\/1office.co\/lithuania\/wp-content\/uploads\/sites\/15\/2017\/04\/accounting.jpg\" \/>\n\t<meta property=\"og:image:width\" content=\"1200\" \/>\n\t<meta property=\"og:image:height\" content=\"518\" \/>\n\t<meta property=\"og:image:type\" content=\"image\/jpeg\" \/>\n<meta name=\"twitter:card\" content=\"summary_large_image\" \/>\n<meta name=\"twitter:label1\" content=\"Est. reading time\" \/>\n\t<meta name=\"twitter:data1\" content=\"2 minut\u0117s\" \/>\n<script type=\"application\/ld+json\" class=\"yoast-schema-graph\">{\"@context\":\"https:\/\/schema.org\",\"@graph\":[{\"@type\":\"WebPage\",\"@id\":\"https:\/\/1office.co\/lithuania\/lt\/produktas\/buhalteriniu-paslaugu\/\",\"url\":\"https:\/\/1office.co\/lithuania\/lt\/produktas\/buhalteriniu-paslaugu\/\",\"name\":\"Buhalterini\u0173 paslaug\u0173 valandinis \u012fkainis - 1Office Lithuania\",\"isPartOf\":{\"@id\":\"https:\/\/1office.co\/lithuania\/#website\"},\"primaryImageOfPage\":{\"@id\":\"https:\/\/1office.co\/lithuania\/lt\/produktas\/buhalteriniu-paslaugu\/#primaryimage\"},\"image\":{\"@id\":\"https:\/\/1office.co\/lithuania\/lt\/produktas\/buhalteriniu-paslaugu\/#primaryimage\"},\"thumbnailUrl\":\"https:\/\/1office.co\/lithuania\/wp-content\/uploads\/sites\/15\/2017\/08\/Accountants-hourly-fee.png\",\"datePublished\":\"2017-08-10T10:40:14+00:00\",\"dateModified\":\"2024-06-05T06:13:13+00:00\",\"description\":\"Leiskite profesionalams pasir\u016bpinti j\u016bs\u0173 \u012fmon\u0117s buhalterine apskaita, kad gal\u0117tum\u0117te sutelkti d\u0117mes\u012f \u012f savo tikr\u0105j\u012f versl\u0105.\",\"breadcrumb\":{\"@id\":\"https:\/\/1office.co\/lithuania\/lt\/produktas\/buhalteriniu-paslaugu\/#breadcrumb\"},\"inLanguage\":\"lt-LT\",\"potentialAction\":[{\"@type\":\"ReadAction\",\"target\":[\"https:\/\/1office.co\/lithuania\/lt\/produktas\/buhalteriniu-paslaugu\/\"]}]},{\"@type\":\"ImageObject\",\"inLanguage\":\"lt-LT\",\"@id\":\"https:\/\/1office.co\/lithuania\/lt\/produktas\/buhalteriniu-paslaugu\/#primaryimage\",\"url\":\"https:\/\/1office.co\/lithuania\/wp-content\/uploads\/sites\/15\/2017\/08\/Accountants-hourly-fee.png\",\"contentUrl\":\"https:\/\/1office.co\/lithuania\/wp-content\/uploads\/sites\/15\/2017\/08\/Accountants-hourly-fee.png\",\"width\":500,\"height\":500},{\"@type\":\"BreadcrumbList\",\"@id\":\"https:\/\/1office.co\/lithuania\/lt\/produktas\/buhalteriniu-paslaugu\/#breadcrumb\",\"itemListElement\":[{\"@type\":\"ListItem\",\"position\":1,\"name\":\"Home\",\"item\":\"https:\/\/1office.co\/lithuania\/lt\/\"},{\"@type\":\"ListItem\",\"position\":2,\"name\":\"Teenused leht\",\"item\":\"https:\/\/1office.co\/lithuania\/et\/teenused\/\"},{\"@type\":\"ListItem\",\"position\":3,\"name\":\"Buhalterini\u0173 paslaug\u0173 valandinis \u012fkainis\"}]},{\"@type\":\"WebSite\",\"@id\":\"https:\/\/1office.co\/lithuania\/#website\",\"url\":\"https:\/\/1office.co\/lithuania\/\",\"name\":\"1Office Lithuania\",\"description\":\"Making Business Simple\",\"potentialAction\":[{\"@type\":\"SearchAction\",\"target\":{\"@type\":\"EntryPoint\",\"urlTemplate\":\"https:\/\/1office.co\/lithuania\/?s={search_term_string}\"},\"query-input\":{\"@type\":\"PropertyValueSpecification\",\"valueRequired\":true,\"valueName\":\"search_term_string\"}}],\"inLanguage\":\"lt-LT\"}]}<\/script>\n<!-- \/ Yoast SEO Premium plugin. -->","yoast_head_json":{"title":"Buhalterini\u0173 paslaug\u0173 valandinis \u012fkainis - 1Office Lithuania","description":"Leiskite profesionalams pasir\u016bpinti j\u016bs\u0173 \u012fmon\u0117s buhalterine apskaita, kad gal\u0117tum\u0117te sutelkti d\u0117mes\u012f \u012f savo tikr\u0105j\u012f versl\u0105.","robots":{"index":"index","follow":"follow","max-snippet":"max-snippet:-1","max-image-preview":"max-image-preview:large","max-video-preview":"max-video-preview:-1"},"canonical":"https:\/\/1office.co\/lithuania\/lt\/produktas\/buhalteriniu-paslaugu\/","og_locale":"lt_LT","og_type":"article","og_title":"Buhalterini\u0173 paslaug\u0173 valandinis \u012fkainis","og_description":"Leiskite profesionalams pasir\u016bpinti j\u016bs\u0173 \u012fmon\u0117s buhalterine apskaita, kad gal\u0117tum\u0117te sutelkti d\u0117mes\u012f \u012f savo tikr\u0105j\u012f versl\u0105.","og_url":"https:\/\/1office.co\/lithuania\/lt\/produktas\/buhalteriniu-paslaugu\/","og_site_name":"1Office Lithuania","article_modified_time":"2024-06-05T06:13:13+00:00","og_image":[{"width":1200,"height":518,"url":"https:\/\/1office.co\/lithuania\/wp-content\/uploads\/sites\/15\/2017\/04\/accounting.jpg","type":"image\/jpeg"}],"twitter_card":"summary_large_image","twitter_misc":{"Est. reading time":"2 minut\u0117s"},"schema":{"@context":"https:\/\/schema.org","@graph":[{"@type":"WebPage","@id":"https:\/\/1office.co\/lithuania\/lt\/produktas\/buhalteriniu-paslaugu\/","url":"https:\/\/1office.co\/lithuania\/lt\/produktas\/buhalteriniu-paslaugu\/","name":"Buhalterini\u0173 paslaug\u0173 valandinis \u012fkainis - 1Office Lithuania","isPartOf":{"@id":"https:\/\/1office.co\/lithuania\/#website"},"primaryImageOfPage":{"@id":"https:\/\/1office.co\/lithuania\/lt\/produktas\/buhalteriniu-paslaugu\/#primaryimage"},"image":{"@id":"https:\/\/1office.co\/lithuania\/lt\/produktas\/buhalteriniu-paslaugu\/#primaryimage"},"thumbnailUrl":"https:\/\/1office.co\/lithuania\/wp-content\/uploads\/sites\/15\/2017\/08\/Accountants-hourly-fee.png","datePublished":"2017-08-10T10:40:14+00:00","dateModified":"2024-06-05T06:13:13+00:00","description":"Leiskite profesionalams pasir\u016bpinti j\u016bs\u0173 \u012fmon\u0117s buhalterine apskaita, kad gal\u0117tum\u0117te sutelkti d\u0117mes\u012f \u012f savo tikr\u0105j\u012f versl\u0105.","breadcrumb":{"@id":"https:\/\/1office.co\/lithuania\/lt\/produktas\/buhalteriniu-paslaugu\/#breadcrumb"},"inLanguage":"lt-LT","potentialAction":[{"@type":"ReadAction","target":["https:\/\/1office.co\/lithuania\/lt\/produktas\/buhalteriniu-paslaugu\/"]}]},{"@type":"ImageObject","inLanguage":"lt-LT","@id":"https:\/\/1office.co\/lithuania\/lt\/produktas\/buhalteriniu-paslaugu\/#primaryimage","url":"https:\/\/1office.co\/lithuania\/wp-content\/uploads\/sites\/15\/2017\/08\/Accountants-hourly-fee.png","contentUrl":"https:\/\/1office.co\/lithuania\/wp-content\/uploads\/sites\/15\/2017\/08\/Accountants-hourly-fee.png","width":500,"height":500},{"@type":"BreadcrumbList","@id":"https:\/\/1office.co\/lithuania\/lt\/produktas\/buhalteriniu-paslaugu\/#breadcrumb","itemListElement":[{"@type":"ListItem","position":1,"name":"Home","item":"https:\/\/1office.co\/lithuania\/lt\/"},{"@type":"ListItem","position":2,"name":"Teenused leht","item":"https:\/\/1office.co\/lithuania\/et\/teenused\/"},{"@type":"ListItem","position":3,"name":"Buhalterini\u0173 paslaug\u0173 valandinis \u012fkainis"}]},{"@type":"WebSite","@id":"https:\/\/1office.co\/lithuania\/#website","url":"https:\/\/1office.co\/lithuania\/","name":"1Office Lithuania","description":"Making Business Simple","potentialAction":[{"@type":"SearchAction","target":{"@type":"EntryPoint","urlTemplate":"https:\/\/1office.co\/lithuania\/?s={search_term_string}"},"query-input":{"@type":"PropertyValueSpecification","valueRequired":true,"valueName":"search_term_string"}}],"inLanguage":"lt-LT"}]}},"_links":{"self":[{"href":"https:\/\/1office.co\/lithuania\/lt\/wp-json\/wp\/v2\/product\/58601","targetHints":{"allow":["GET"]}}],"collection":[{"href":"https:\/\/1office.co\/lithuania\/lt\/wp-json\/wp\/v2\/product"}],"about":[{"href":"https:\/\/1office.co\/lithuania\/lt\/wp-json\/wp\/v2\/types\/product"}],"wp:featuredmedia":[{"embeddable":true,"href":"https:\/\/1office.co\/lithuania\/lt\/wp-json\/wp\/v2\/media\/59487"}],"wp:attachment":[{"href":"https:\/\/1office.co\/lithuania\/lt\/wp-json\/wp\/v2\/media?parent=58601"}],"wp:term":[{"taxonomy":"product_brand","embeddable":true,"href":"https:\/\/1office.co\/lithuania\/lt\/wp-json\/wp\/v2\/product_brand?post=58601"},{"taxonomy":"product_cat","embeddable":true,"href":"https:\/\/1office.co\/lithuania\/lt\/wp-json\/wp\/v2\/product_cat?post=58601"},{"taxonomy":"product_tag","embeddable":true,"href":"https:\/\/1office.co\/lithuania\/lt\/wp-json\/wp\/v2\/product_tag?post=58601"}],"curies":[{"name":"wp","href":"https:\/\/api.w.org\/{rel}","templated":true}]}}