{"id":58621,"date":"2017-08-10T10:40:14","date_gmt":"2017-08-10T10:40:14","guid":{"rendered":"https:\/\/1office.co\/lithuania\/product\/annual-report\/"},"modified":"2024-06-05T07:13:53","modified_gmt":"2024-06-05T07:13:53","slug":"metines-ataskaitos","status":"publish","type":"product","link":"https:\/\/1office.co\/lithuania\/lt\/produktas\/metines-ataskaitos\/","title":{"rendered":"Metin\u0117s ataskaitos Lietuvoje"},"content":{"rendered":"<div class=\"wpb-content-wrapper\"><p>[vc_row][vc_column]<div id=\"advanced-tabs-desc-wrap-7936\" class=\"ult_tabs product_tabs\" style=\" \" data-tabsstyle=\"style1\"\n data-titlebg=\"#ffffff\" data-titlecolor=\"#b6b8ba\" data-fullheight=\"off\"\n data-titlehoverbg=\"#ffffff\" data-titlehovercolor=\"#1d1e23\"\n data-rotatetabs=\"0\" data-responsivemode=\"Both\" data-animation=\"Slide\"\ndata-activetitle=\"#1d1e23\" data-activeicon=\"\" data-activebg=\"#ffffff\"  data-respmode=\"Tabs\" data-respwidth=\"400\" data-scroll = \"on\" data-activeindex=\"1\"><ul id=advanced-tabs-wrap-4377 class=\"ult_tabmenu style1 \" style=\"\"><li class=\"ult_tab_li  \" data-iconcolor=\"#74777b\" data-iconhover=\"#ffffff\" style=\"background-color:#ffffff;border-color:transparent;border-width:0px;border-style:solid;border-top-right-radius:8px;\">\n\t\t\t\t\t<a href=\"#1512642751410-8cbfe-4c64\"  id=\"1512642751410-8cbfe-4c64\"  style=\"color:#b6b8ba;; padding:15px; \" class=\"ult_a  \">\n\t\t\t\t\t     <span class=\"ult_tab_main Both \">\n\t\t\t\t\t \t\t <span class=\"ult_tab_section\">\n\t\t\t\t\t   \t\t\t<span  data-ultimate-target='#advanced-tabs-wrap-4377 .ult-span-text'  data-responsive-json-new='{\"font-size\":\"desktop:14px;\",\"line-height\":\"\"}'  class=\"ult-span-text no_icon ult_tab_display_text ult-responsive\" style=\"font-weight:bold;;\">Apra\u0161ymas<\/span>\n\t\t\t\t\t   \t\t<\/span>\n\t\t\t\t\t\t<\/span>\n\t\t\t\t\t<\/a>\n\t\t\t\t\t<\/li><\/ul><div  data-ultimate-target='#advanced-tabs-desc-wrap-7936 .ult_tabcontent .ult_tab_min_contain  p'  data-responsive-json-new='{\"font-size\":\"\",\"line-height\":\"\"}' class=\"ult_tabcontent ult-responsive style1\" style=\"color:#74777b;\"><div class=\"ult_tab_min_contain \" >\n\t\t\t<div  class=\"ult_tabitemname\"  >\n\t\t\t\t[vc_column_text]Metin\u0117s ataskaitos privalo b\u016bti patvirtintos Metinio akcinink\u0173 susirinkimo per 4m\u0117n. nuo finansini\u0173 met\u0173 pabaigos ir pateiktos Registr\u0173 centrui per 30 dien\u0173. Metin\u0117s ataskaitos privalo b\u016bti pateiktos Registr\u0173 centrui net ir tuo atveju, jei \u012fmon\u0117 nevykd\u0117 ekonomin\u0117s veiklos finansiniais metais.<br \/>\nPrie\u0161 pradedant rengti Metines ataskaitas visa apskaita privalo b\u016bti jau paruo\u0161ta.<\/p>\n<h3><strong>\u012etraukta \u012f kain\u0105:<\/strong><\/h3>\n<ul>\n<li>Balansas;<\/li>\n<li>Pelno \u2013 Nuostolio ataskaita;<\/li>\n<li>Ai\u0161kinamasis ra\u0161tas;<\/li>\n<li>Metin\u0117s ataskaitos pateikimas Registr\u0173 centrui;<\/li>\n<li>Pelno mokes\u010dio deklaracija;<\/li>\n<li>Pelno mokes\u010dio deklaracijos pateikimas Registr\u0173 centrui.<\/li>\n<\/ul>\n<p>&nbsp;<\/p>\n<p>Jeigu j\u016bs\u0173 \u012fmon\u0117s apskaita n\u0117ra paruo\u0161ta prie\u0161 pradedant rengti Metin\u0119 ataskait\u0105 ar paruo\u0161ta su klaidomis, mes galime pad\u0117ti tai sutvarkyti u\u017e papildom\u0105 mokest\u012f. Balanso forma ir turinys priklauso nuo \u012fmon\u0117s dyd\u017eio ir ekonomin\u0117s veiklos r\u016b\u0161ies.<\/p>\n<h3><strong>Proceso eiga:<\/strong><\/h3>\n<ul>\n<li>Jeigu j\u016bs\u0173 \u012fmon\u0117s apskaita nebuvo paruo\u0161ta 1Office Lithuania darbuotoj\u0173, mes papra\u0161ysime j\u016bs\u0173 atsi\u0173sti mums reikiamus dokumentus (banko i\u0161ra\u0161ai, pirkimo, pardavimo s\u0105skaitos fakt\u016bros), tam kad gal\u0117tume pateikti jums bendradarbiavimo pasi\u016blym\u0105.<\/li>\n<li>Sutariame d\u0117l darb\u0173 apimties ir galutin\u0117s kainos.<\/li>\n<li>Apskaitome visus dokumentus, paruo\u0161iame Metin\u0119 ataskait\u0105 ir i\u0161siun\u010diame jums.<\/li>\n<li>J\u016bs turite pateikti Metin\u0119 ataskait\u0105 Registr\u0173 centrui. Mes tai galime padaryti u\u017e jus, jei paskirsite mus oficialiu j\u016bs\u0173 apskaitos tvarkytoju Mokes\u010di\u0173 inspekcijoje arba galime atstovauti jus pagal \u012fgaliojim\u0105 u\u017e papildom\u0105 mokest\u012f.<\/li>\n<\/ul>\n<p>[\/vc_column_text]\n\t\t\t<\/div><\/div><\/div><\/div><div class=\"ult_acord advanced-tabs-desc-wrap-7936\">\n   <div class=\"ult-tabto-accordion \" style=\"width:;\"\n    data-titlecolor=\"#b6b8ba\"  data-titlebg=\"#ffffff\"\n     data-titlehoverbg=\"#ffffff\" data-titlehovercolor=\"#1d1e23\" data-animation=\"Slide\"\n     data-activetitle=\"#1d1e23\" data-activeicon=\"\" data-activebg=\"#ffffff\" data-scroll = \"on\" data-activeindex=\"1\" >\n     <dl><dt class=\"\">\n\t        \t<a class=\"ult-tabto-actitle withBorder ult_a \" id=\"1512642751410-8cbfe-4c64\" style=\"color:#b6b8ba;;background-color:#ffffff;border-bottom-color:transparent;border-bottom-width:0px;border-bottom-style:solid;\" href=\"#1512642751410-8cbfe-4c64\">\n\t        \t\t<i class=\"accordion-icon\"><\/i>\n\t        \t\t\t<span class=\"ult_tab_main ult_ac_main ult_noacordicnBoth\">\n\n\t\t\t\t\t\t<span  data-ultimate-target='#advanced-tabs-wrap-4377 .ult-span-text'  data-responsive-json-new='{\"font-size\":\"desktop:14px;\",\"line-height\":\"\"}'  class=\"ult-span-text no_icon ult_acordian-text ult-responsive\" style=\"font-weight:bold;;color:inherit \" >Apra\u0161ymas<\/span>\n\t\t\t\t\t\t<\/span><\/a><\/dt>\n\t            \t\t<dd class=\"ult-tabto-accordionItem ult-tabto-accolapsed\">\n\t\t\t\t            <div class=\"ult-tabto-acontent\" style=\"color:#74777b;\">\n\t\t\t\t               [vc_column_text]Metin\u0117s ataskaitos privalo b\u016bti patvirtintos Metinio akcinink\u0173 susirinkimo per 4m\u0117n. nuo finansini\u0173 met\u0173 pabaigos ir pateiktos Registr\u0173 centrui per 30 dien\u0173. Metin\u0117s ataskaitos privalo b\u016bti pateiktos Registr\u0173 centrui net ir tuo atveju, jei \u012fmon\u0117 nevykd\u0117 ekonomin\u0117s veiklos finansiniais metais.<br \/>\nPrie\u0161 pradedant rengti Metines ataskaitas visa apskaita privalo b\u016bti jau paruo\u0161ta.<\/p>\n<h3><strong>\u012etraukta \u012f kain\u0105:<\/strong><\/h3>\n<ul>\n<li>Balansas;<\/li>\n<li>Pelno \u2013 Nuostolio ataskaita;<\/li>\n<li>Ai\u0161kinamasis ra\u0161tas;<\/li>\n<li>Metin\u0117s ataskaitos pateikimas Registr\u0173 centrui;<\/li>\n<li>Pelno mokes\u010dio deklaracija;<\/li>\n<li>Pelno mokes\u010dio deklaracijos pateikimas Registr\u0173 centrui.<\/li>\n<\/ul>\n<p>&nbsp;<\/p>\n<p>Jeigu j\u016bs\u0173 \u012fmon\u0117s apskaita n\u0117ra paruo\u0161ta prie\u0161 pradedant rengti Metin\u0119 ataskait\u0105 ar paruo\u0161ta su klaidomis, mes galime pad\u0117ti tai sutvarkyti u\u017e papildom\u0105 mokest\u012f. Balanso forma ir turinys priklauso nuo \u012fmon\u0117s dyd\u017eio ir ekonomin\u0117s veiklos r\u016b\u0161ies.<\/p>\n<h3><strong>Proceso eiga:<\/strong><\/h3>\n<ul>\n<li>Jeigu j\u016bs\u0173 \u012fmon\u0117s apskaita nebuvo paruo\u0161ta 1Office Lithuania darbuotoj\u0173, mes papra\u0161ysime j\u016bs\u0173 atsi\u0173sti mums reikiamus dokumentus (banko i\u0161ra\u0161ai, pirkimo, pardavimo s\u0105skaitos fakt\u016bros), tam kad gal\u0117tume pateikti jums bendradarbiavimo pasi\u016blym\u0105.<\/li>\n<li>Sutariame d\u0117l darb\u0173 apimties ir galutin\u0117s kainos.<\/li>\n<li>Apskaitome visus dokumentus, paruo\u0161iame Metin\u0119 ataskait\u0105 ir i\u0161siun\u010diame jums.<\/li>\n<li>J\u016bs turite pateikti Metin\u0119 ataskait\u0105 Registr\u0173 centrui. Mes tai galime padaryti u\u017e jus, jei paskirsite mus oficialiu j\u016bs\u0173 apskaitos tvarkytoju Mokes\u010di\u0173 inspekcijoje arba galime atstovauti jus pagal \u012fgaliojim\u0105 u\u017e papildom\u0105 mokest\u012f.<\/li>\n<\/ul>\n<p>[\/vc_column_text]\n\t\t\t\t            <\/div>\n\t        \t\t\t<\/dd>\n    \t<\/dl>\n    <!--<div class=\"extraborder\" style=\"background-color:#ffffff\"><\/div>-->\n<\/div>\n\n<\/div>[\/vc_column][\/vc_row]<\/p>\n<\/div>","protected":false},"excerpt":{"rendered":"<p>Visos \u012fmon\u0117s kiekvienais metais privalo pateikti Metines ataskaitas Registr\u0173 centrui.<\/p>\n","protected":false},"featured_media":59494,"template":"","meta":{"_acf_changed":false,"inline_featured_image":false},"product_brand":[],"product_cat":[414],"product_tag":[415],"class_list":{"0":"post-58621","1":"product","2":"type-product","3":"status-publish","4":"has-post-thumbnail","6":"product_cat-apskaita-lt","7":"product_tag-lithuania-lt","8":"description-off","10":"first","11":"instock","12":"virtual","13":"taxable","14":"purchasable","15":"product-type-simple"},"bundled_by":[],"bundle_stock_status":"instock","bundle_stock_quantity":null,"bundle_virtual":false,"bundle_layout":"","bundle_add_to_cart_form_location":"","bundle_editable_in_cart":false,"bundle_sold_individually_context":"","bundle_item_grouping":"","bundle_min_size":"","bundle_max_size":"","bundle_price":[],"bundled_items":[],"bundle_sell_ids":[],"acf":[],"yoast_head":"<!-- This site is optimized with the Yoast SEO Premium plugin v22.1 (Yoast SEO v27.0) - https:\/\/yoast.com\/product\/yoast-seo-premium-wordpress\/ -->\n<title>Metin\u0117s ataskaitos Lietuvoje | 1Office Lithuania<\/title>\n<meta name=\"description\" content=\"Visos \u012fmon\u0117s kiekvienais metais privalo pateikti Metines ataskaitas Registr\u0173 centrui.\" \/>\n<meta name=\"robots\" content=\"index, follow, max-snippet:-1, max-image-preview:large, max-video-preview:-1\" \/>\n<link rel=\"canonical\" href=\"https:\/\/1office.co\/lithuania\/lt\/produktas\/metines-ataskaitos\/\" \/>\n<meta property=\"og:locale\" content=\"lt_LT\" \/>\n<meta property=\"og:type\" content=\"article\" \/>\n<meta property=\"og:title\" content=\"Metin\u0117s ataskaitos Lietuvoje\" \/>\n<meta property=\"og:description\" content=\"Visos \u012fmon\u0117s kiekvienais metais privalo pateikti Metines ataskaitas Registr\u0173 centrui.\" \/>\n<meta property=\"og:url\" content=\"https:\/\/1office.co\/lithuania\/lt\/produktas\/metines-ataskaitos\/\" \/>\n<meta property=\"og:site_name\" content=\"1Office Lithuania\" \/>\n<meta property=\"article:modified_time\" content=\"2024-06-05T07:13:53+00:00\" \/>\n<meta property=\"og:image\" content=\"https:\/\/1office.co\/lithuania\/wp-content\/uploads\/sites\/15\/2017\/08\/pexels-photo-442574.jpeg\" \/>\n\t<meta property=\"og:image:width\" content=\"1920\" \/>\n\t<meta property=\"og:image:height\" content=\"1280\" \/>\n\t<meta property=\"og:image:type\" content=\"image\/jpeg\" \/>\n<meta name=\"twitter:card\" content=\"summary_large_image\" \/>\n<meta name=\"twitter:label1\" content=\"Est. reading time\" \/>\n\t<meta name=\"twitter:data1\" content=\"2 minut\u0117s\" \/>\n<script type=\"application\/ld+json\" class=\"yoast-schema-graph\">{\"@context\":\"https:\/\/schema.org\",\"@graph\":[{\"@type\":\"WebPage\",\"@id\":\"https:\/\/1office.co\/lithuania\/lt\/produktas\/metines-ataskaitos\/\",\"url\":\"https:\/\/1office.co\/lithuania\/lt\/produktas\/metines-ataskaitos\/\",\"name\":\"Metin\u0117s ataskaitos Lietuvoje | 1Office Lithuania\",\"isPartOf\":{\"@id\":\"https:\/\/1office.co\/lithuania\/#website\"},\"primaryImageOfPage\":{\"@id\":\"https:\/\/1office.co\/lithuania\/lt\/produktas\/metines-ataskaitos\/#primaryimage\"},\"image\":{\"@id\":\"https:\/\/1office.co\/lithuania\/lt\/produktas\/metines-ataskaitos\/#primaryimage\"},\"thumbnailUrl\":\"https:\/\/1office.co\/lithuania\/wp-content\/uploads\/sites\/15\/2017\/08\/Annual-report-in-Lithuania.png\",\"datePublished\":\"2017-08-10T10:40:14+00:00\",\"dateModified\":\"2024-06-05T07:13:53+00:00\",\"description\":\"Visos \u012fmon\u0117s kiekvienais metais privalo pateikti Metines ataskaitas Registr\u0173 centrui.\",\"breadcrumb\":{\"@id\":\"https:\/\/1office.co\/lithuania\/lt\/produktas\/metines-ataskaitos\/#breadcrumb\"},\"inLanguage\":\"lt-LT\",\"potentialAction\":[{\"@type\":\"ReadAction\",\"target\":[\"https:\/\/1office.co\/lithuania\/lt\/produktas\/metines-ataskaitos\/\"]}]},{\"@type\":\"ImageObject\",\"inLanguage\":\"lt-LT\",\"@id\":\"https:\/\/1office.co\/lithuania\/lt\/produktas\/metines-ataskaitos\/#primaryimage\",\"url\":\"https:\/\/1office.co\/lithuania\/wp-content\/uploads\/sites\/15\/2017\/08\/Annual-report-in-Lithuania.png\",\"contentUrl\":\"https:\/\/1office.co\/lithuania\/wp-content\/uploads\/sites\/15\/2017\/08\/Annual-report-in-Lithuania.png\",\"width\":500,\"height\":500},{\"@type\":\"BreadcrumbList\",\"@id\":\"https:\/\/1office.co\/lithuania\/lt\/produktas\/metines-ataskaitos\/#breadcrumb\",\"itemListElement\":[{\"@type\":\"ListItem\",\"position\":1,\"name\":\"Home\",\"item\":\"https:\/\/1office.co\/lithuania\/lt\/\"},{\"@type\":\"ListItem\",\"position\":2,\"name\":\"Teenused leht\",\"item\":\"https:\/\/1office.co\/lithuania\/et\/teenused\/\"},{\"@type\":\"ListItem\",\"position\":3,\"name\":\"Metin\u0117s ataskaitos Lietuvoje\"}]},{\"@type\":\"WebSite\",\"@id\":\"https:\/\/1office.co\/lithuania\/#website\",\"url\":\"https:\/\/1office.co\/lithuania\/\",\"name\":\"1Office Lithuania\",\"description\":\"Making Business Simple\",\"potentialAction\":[{\"@type\":\"SearchAction\",\"target\":{\"@type\":\"EntryPoint\",\"urlTemplate\":\"https:\/\/1office.co\/lithuania\/?s={search_term_string}\"},\"query-input\":{\"@type\":\"PropertyValueSpecification\",\"valueRequired\":true,\"valueName\":\"search_term_string\"}}],\"inLanguage\":\"lt-LT\"}]}<\/script>\n<!-- \/ Yoast SEO Premium plugin. -->","yoast_head_json":{"title":"Metin\u0117s ataskaitos Lietuvoje | 1Office Lithuania","description":"Visos \u012fmon\u0117s kiekvienais metais privalo pateikti Metines ataskaitas Registr\u0173 centrui.","robots":{"index":"index","follow":"follow","max-snippet":"max-snippet:-1","max-image-preview":"max-image-preview:large","max-video-preview":"max-video-preview:-1"},"canonical":"https:\/\/1office.co\/lithuania\/lt\/produktas\/metines-ataskaitos\/","og_locale":"lt_LT","og_type":"article","og_title":"Metin\u0117s ataskaitos Lietuvoje","og_description":"Visos \u012fmon\u0117s kiekvienais metais privalo pateikti Metines ataskaitas Registr\u0173 centrui.","og_url":"https:\/\/1office.co\/lithuania\/lt\/produktas\/metines-ataskaitos\/","og_site_name":"1Office Lithuania","article_modified_time":"2024-06-05T07:13:53+00:00","og_image":[{"width":1920,"height":1280,"url":"https:\/\/1office.co\/lithuania\/wp-content\/uploads\/sites\/15\/2017\/08\/pexels-photo-442574.jpeg","type":"image\/jpeg"}],"twitter_card":"summary_large_image","twitter_misc":{"Est. reading time":"2 minut\u0117s"},"schema":{"@context":"https:\/\/schema.org","@graph":[{"@type":"WebPage","@id":"https:\/\/1office.co\/lithuania\/lt\/produktas\/metines-ataskaitos\/","url":"https:\/\/1office.co\/lithuania\/lt\/produktas\/metines-ataskaitos\/","name":"Metin\u0117s ataskaitos Lietuvoje | 1Office Lithuania","isPartOf":{"@id":"https:\/\/1office.co\/lithuania\/#website"},"primaryImageOfPage":{"@id":"https:\/\/1office.co\/lithuania\/lt\/produktas\/metines-ataskaitos\/#primaryimage"},"image":{"@id":"https:\/\/1office.co\/lithuania\/lt\/produktas\/metines-ataskaitos\/#primaryimage"},"thumbnailUrl":"https:\/\/1office.co\/lithuania\/wp-content\/uploads\/sites\/15\/2017\/08\/Annual-report-in-Lithuania.png","datePublished":"2017-08-10T10:40:14+00:00","dateModified":"2024-06-05T07:13:53+00:00","description":"Visos \u012fmon\u0117s kiekvienais metais privalo pateikti Metines ataskaitas Registr\u0173 centrui.","breadcrumb":{"@id":"https:\/\/1office.co\/lithuania\/lt\/produktas\/metines-ataskaitos\/#breadcrumb"},"inLanguage":"lt-LT","potentialAction":[{"@type":"ReadAction","target":["https:\/\/1office.co\/lithuania\/lt\/produktas\/metines-ataskaitos\/"]}]},{"@type":"ImageObject","inLanguage":"lt-LT","@id":"https:\/\/1office.co\/lithuania\/lt\/produktas\/metines-ataskaitos\/#primaryimage","url":"https:\/\/1office.co\/lithuania\/wp-content\/uploads\/sites\/15\/2017\/08\/Annual-report-in-Lithuania.png","contentUrl":"https:\/\/1office.co\/lithuania\/wp-content\/uploads\/sites\/15\/2017\/08\/Annual-report-in-Lithuania.png","width":500,"height":500},{"@type":"BreadcrumbList","@id":"https:\/\/1office.co\/lithuania\/lt\/produktas\/metines-ataskaitos\/#breadcrumb","itemListElement":[{"@type":"ListItem","position":1,"name":"Home","item":"https:\/\/1office.co\/lithuania\/lt\/"},{"@type":"ListItem","position":2,"name":"Teenused leht","item":"https:\/\/1office.co\/lithuania\/et\/teenused\/"},{"@type":"ListItem","position":3,"name":"Metin\u0117s ataskaitos Lietuvoje"}]},{"@type":"WebSite","@id":"https:\/\/1office.co\/lithuania\/#website","url":"https:\/\/1office.co\/lithuania\/","name":"1Office Lithuania","description":"Making Business Simple","potentialAction":[{"@type":"SearchAction","target":{"@type":"EntryPoint","urlTemplate":"https:\/\/1office.co\/lithuania\/?s={search_term_string}"},"query-input":{"@type":"PropertyValueSpecification","valueRequired":true,"valueName":"search_term_string"}}],"inLanguage":"lt-LT"}]}},"_links":{"self":[{"href":"https:\/\/1office.co\/lithuania\/lt\/wp-json\/wp\/v2\/product\/58621","targetHints":{"allow":["GET"]}}],"collection":[{"href":"https:\/\/1office.co\/lithuania\/lt\/wp-json\/wp\/v2\/product"}],"about":[{"href":"https:\/\/1office.co\/lithuania\/lt\/wp-json\/wp\/v2\/types\/product"}],"wp:featuredmedia":[{"embeddable":true,"href":"https:\/\/1office.co\/lithuania\/lt\/wp-json\/wp\/v2\/media\/59494"}],"wp:attachment":[{"href":"https:\/\/1office.co\/lithuania\/lt\/wp-json\/wp\/v2\/media?parent=58621"}],"wp:term":[{"taxonomy":"product_brand","embeddable":true,"href":"https:\/\/1office.co\/lithuania\/lt\/wp-json\/wp\/v2\/product_brand?post=58621"},{"taxonomy":"product_cat","embeddable":true,"href":"https:\/\/1office.co\/lithuania\/lt\/wp-json\/wp\/v2\/product_cat?post=58621"},{"taxonomy":"product_tag","embeddable":true,"href":"https:\/\/1office.co\/lithuania\/lt\/wp-json\/wp\/v2\/product_tag?post=58621"}],"curies":[{"name":"wp","href":"https:\/\/api.w.org\/{rel}","templated":true}]}}