{"id":58623,"date":"2017-12-13T11:39:59","date_gmt":"2017-12-13T11:39:59","guid":{"rendered":"https:\/\/1office.co\/lithuania\/product\/vat-registration\/"},"modified":"2024-06-05T07:13:13","modified_gmt":"2024-06-05T07:13:13","slug":"iregistravimas-pvm","status":"publish","type":"product","link":"https:\/\/1office.co\/lithuania\/lt\/produktas\/iregistravimas-pvm\/","title":{"rendered":"\u012eregistravimas PVM mok\u0117toju"},"content":{"rendered":"<div class=\"wpb-content-wrapper\"><p>[vc_row][vc_column]<div id=\"advanced-tabs-desc-wrap-1467\" class=\"ult_tabs product_tabs\" style=\" \" data-tabsstyle=\"style1\"\n data-titlebg=\"#ffffff\" data-titlecolor=\"#b6b8ba\" data-fullheight=\"off\"\n data-titlehoverbg=\"#ffffff\" data-titlehovercolor=\"#1d1e23\"\n data-rotatetabs=\"0\" data-responsivemode=\"Both\" data-animation=\"Slide\"\ndata-activetitle=\"#1d1e23\" data-activeicon=\"\" data-activebg=\"#ffffff\"  data-respmode=\"Tabs\" data-respwidth=\"400\" data-scroll = \"on\" data-activeindex=\"1\"><ul id=advanced-tabs-wrap-7615 class=\"ult_tabmenu style1 \" style=\"\"><li class=\"ult_tab_li  \" data-iconcolor=\"#74777b\" data-iconhover=\"#ffffff\" style=\"background-color:#ffffff;border-color:transparent;border-width:0px;border-style:solid;border-top-right-radius:8px;\">\n\t\t\t\t\t<a href=\"#1512642751410-8cd24-3a01\"  id=\"1512642751410-8cd24-3a01\"  style=\"color:#b6b8ba;; padding:15px; \" class=\"ult_a  \">\n\t\t\t\t\t     <span class=\"ult_tab_main Both \">\n\t\t\t\t\t \t\t <span class=\"ult_tab_section\">\n\t\t\t\t\t   \t\t\t<span  data-ultimate-target='#advanced-tabs-wrap-7615 .ult-span-text'  data-responsive-json-new='{\"font-size\":\"desktop:14px;\",\"line-height\":\"\"}'  class=\"ult-span-text no_icon ult_tab_display_text ult-responsive\" style=\"font-weight:bold;;\">Apra\u0161ymas<\/span>\n\t\t\t\t\t   \t\t<\/span>\n\t\t\t\t\t\t<\/span>\n\t\t\t\t\t<\/a>\n\t\t\t\t\t<\/li><\/ul><div  data-ultimate-target='#advanced-tabs-desc-wrap-1467 .ult_tabcontent .ult_tab_min_contain  p'  data-responsive-json-new='{\"font-size\":\"\",\"line-height\":\"\"}' class=\"ult_tabcontent ult-responsive style1\" style=\"color:#74777b;\"><div class=\"ult_tab_min_contain \" >\n\t\t\t<div  class=\"ult_tabitemname\"  >\n\t\t\t\t[vc_column_text]\u012eregistruoti \u012fmon\u0119 PVM mok\u0117toju, kai \u012fmon\u0117s savininkas yra ne Lietuvos Respublikos pilietis \u2013 pakankamai sud\u0117tingas procesas. Kad gal\u0117tum\u0117te gauti PVM mok\u0117tojo kod\u0105, j\u016bs turite tur\u0117ti buhalter\u012f su jam suteiktomis teis\u0117mis (\u012fgaliojimas) teikti dokumentus Mokes\u010di\u0173 inspekcijai.<\/p>\n<h3><\/h3>\n<h3><strong>B\u016bkite pasiruo\u0161\u0119 suteikti mums \u0161i\u0105 informacij\u0105:<\/strong><\/h3>\n<ul>\n<li>Ekonomin\u0117s veiklos r\u016b\u0161is Lietuvoje ir numatomos pajamos;<\/li>\n<li>Su j\u016bs\u0173 veikla susijusios sudarytos sutartys Lietuvoje;<\/li>\n<li>Duomenys apie akcinink\u0173 ry\u0161ius su kitomis \u012fmon\u0117mis.<\/li>\n<\/ul>\n<h3><\/h3>\n<h3><strong>\u012eskai\u010diuota \u012f kain\u0105:<\/strong><\/h3>\n<ul>\n<li>PVM parai\u0161kos paruo\u0161imas;<\/li>\n<li>Parai\u0161kos pateikimas Mokes\u010di\u0173 inspekcijai;<\/li>\n<li>Papildomos informacijos pateikimas Mokes\u010di\u0173 inspekcijai*.<\/li>\n<\/ul>\n<p>&nbsp;<\/p>\n<p><strong>U\u017e dokument\u0173 vertim\u0105 \u012f lietuvi\u0173 kalb\u0105 bus taikomas papildomas mokestis.<\/strong><\/p>\n<p>NB! J\u016bs, kaip PVM mokes\u010di\u0173 mok\u0117toju \u012fregistruotas asmuo, privalote teikti m\u0117nesines PVM deklaracijas Mokes\u010di\u0173 inspekcijai, net jei nevykd\u0117te veiklos ataskaitiniu periodu. Taip pat tur\u0117tum\u0117te \u017einoti, jog j\u016bs\u0173 \u012fmon\u0117 gali b\u016bti priverstinai i\u0161registruota i\u0161 PVM mokes\u010di\u0173 mok\u0117toj\u0173 d\u0117l ekonimon\u0117s veiklos nevytkdymo.<br \/>\n*\u012e kain\u0105 \u012fskai\u010diuota papildomos informacijos pateikimas vien\u0105 kart\u0105. Jei parai\u0161ka bus atmesta ar Mokes\u010di\u0173 inspekcijai kils daugiau klausim\u0173, bus pritaikytas papildomas 50\u20ac mokestis.[\/vc_column_text]\n\t\t\t<\/div><\/div><\/div><\/div><div class=\"ult_acord advanced-tabs-desc-wrap-1467\">\n   <div class=\"ult-tabto-accordion \" style=\"width:;\"\n    data-titlecolor=\"#b6b8ba\"  data-titlebg=\"#ffffff\"\n     data-titlehoverbg=\"#ffffff\" data-titlehovercolor=\"#1d1e23\" data-animation=\"Slide\"\n     data-activetitle=\"#1d1e23\" data-activeicon=\"\" data-activebg=\"#ffffff\" data-scroll = \"on\" data-activeindex=\"1\" >\n     <dl><dt class=\"\">\n\t        \t<a class=\"ult-tabto-actitle withBorder ult_a \" id=\"1512642751410-8cd24-3a01\" style=\"color:#b6b8ba;;background-color:#ffffff;border-bottom-color:transparent;border-bottom-width:0px;border-bottom-style:solid;\" href=\"#1512642751410-8cd24-3a01\">\n\t        \t\t<i class=\"accordion-icon\"><\/i>\n\t        \t\t\t<span class=\"ult_tab_main ult_ac_main ult_noacordicnBoth\">\n\n\t\t\t\t\t\t<span  data-ultimate-target='#advanced-tabs-wrap-7615 .ult-span-text'  data-responsive-json-new='{\"font-size\":\"desktop:14px;\",\"line-height\":\"\"}'  class=\"ult-span-text no_icon ult_acordian-text ult-responsive\" style=\"font-weight:bold;;color:inherit \" >Apra\u0161ymas<\/span>\n\t\t\t\t\t\t<\/span><\/a><\/dt>\n\t            \t\t<dd class=\"ult-tabto-accordionItem ult-tabto-accolapsed\">\n\t\t\t\t            <div class=\"ult-tabto-acontent\" style=\"color:#74777b;\">\n\t\t\t\t               [vc_column_text]\u012eregistruoti \u012fmon\u0119 PVM mok\u0117toju, kai \u012fmon\u0117s savininkas yra ne Lietuvos Respublikos pilietis \u2013 pakankamai sud\u0117tingas procesas. Kad gal\u0117tum\u0117te gauti PVM mok\u0117tojo kod\u0105, j\u016bs turite tur\u0117ti buhalter\u012f su jam suteiktomis teis\u0117mis (\u012fgaliojimas) teikti dokumentus Mokes\u010di\u0173 inspekcijai.<\/p>\n<h3><\/h3>\n<h3><strong>B\u016bkite pasiruo\u0161\u0119 suteikti mums \u0161i\u0105 informacij\u0105:<\/strong><\/h3>\n<ul>\n<li>Ekonomin\u0117s veiklos r\u016b\u0161is Lietuvoje ir numatomos pajamos;<\/li>\n<li>Su j\u016bs\u0173 veikla susijusios sudarytos sutartys Lietuvoje;<\/li>\n<li>Duomenys apie akcinink\u0173 ry\u0161ius su kitomis \u012fmon\u0117mis.<\/li>\n<\/ul>\n<h3><\/h3>\n<h3><strong>\u012eskai\u010diuota \u012f kain\u0105:<\/strong><\/h3>\n<ul>\n<li>PVM parai\u0161kos paruo\u0161imas;<\/li>\n<li>Parai\u0161kos pateikimas Mokes\u010di\u0173 inspekcijai;<\/li>\n<li>Papildomos informacijos pateikimas Mokes\u010di\u0173 inspekcijai*.<\/li>\n<\/ul>\n<p>&nbsp;<\/p>\n<p><strong>U\u017e dokument\u0173 vertim\u0105 \u012f lietuvi\u0173 kalb\u0105 bus taikomas papildomas mokestis.<\/strong><\/p>\n<p>NB! J\u016bs, kaip PVM mokes\u010di\u0173 mok\u0117toju \u012fregistruotas asmuo, privalote teikti m\u0117nesines PVM deklaracijas Mokes\u010di\u0173 inspekcijai, net jei nevykd\u0117te veiklos ataskaitiniu periodu. Taip pat tur\u0117tum\u0117te \u017einoti, jog j\u016bs\u0173 \u012fmon\u0117 gali b\u016bti priverstinai i\u0161registruota i\u0161 PVM mokes\u010di\u0173 mok\u0117toj\u0173 d\u0117l ekonimon\u0117s veiklos nevytkdymo.<br \/>\n*\u012e kain\u0105 \u012fskai\u010diuota papildomos informacijos pateikimas vien\u0105 kart\u0105. Jei parai\u0161ka bus atmesta ar Mokes\u010di\u0173 inspekcijai kils daugiau klausim\u0173, bus pritaikytas papildomas 50\u20ac mokestis.[\/vc_column_text]\n\t\t\t\t            <\/div>\n\t        \t\t\t<\/dd>\n    \t<\/dl>\n    <!--<div class=\"extraborder\" style=\"background-color:#ffffff\"><\/div>-->\n<\/div>\n\n<\/div>[\/vc_column][\/vc_row]<\/p>\n<\/div>","protected":false},"excerpt":{"rendered":"<p>Lietuvoje \u012fmon\u0117 turi b\u016bti \u012fregistruota PVM mok\u0117toju, jei \u012fmon\u0117s metin\u0117s pajamos sieka 45 000\u20ac arba \u012fmon\u0117 \u012fsigijo preki\u0173 u\u017e daugiau nui 14 000\u20ac i\u0161 kit\u0173 Europos S\u0105jungos \u0161ali\u0173.<\/p>\n","protected":false},"featured_media":59509,"template":"","meta":{"_acf_changed":false,"inline_featured_image":false},"product_brand":[],"product_cat":[414],"product_tag":[415],"class_list":{"0":"post-58623","1":"product","2":"type-product","3":"status-publish","4":"has-post-thumbnail","6":"product_cat-apskaita-lt","7":"product_tag-lithuania-lt","8":"description-off","10":"first","11":"instock","12":"virtual","13":"taxable","14":"purchasable","15":"product-type-simple"},"bundled_by":[],"bundle_stock_status":"instock","bundle_stock_quantity":null,"bundle_virtual":false,"bundle_layout":"","bundle_add_to_cart_form_location":"","bundle_editable_in_cart":false,"bundle_sold_individually_context":"","bundle_item_grouping":"","bundle_min_size":"","bundle_max_size":"","bundle_price":[],"bundled_items":[],"bundle_sell_ids":[],"acf":[],"yoast_head":"<!-- This site is optimized with the Yoast SEO Premium plugin v22.1 (Yoast SEO v27.0) - https:\/\/yoast.com\/product\/yoast-seo-premium-wordpress\/ -->\n<title>\u012eregistravimas PVM mok\u0117toju - 1Office Lithuania<\/title>\n<meta name=\"description\" content=\"Lietuvoje \u012fmon\u0117 turi b\u016bti \u012fregistruota PVM mok\u0117toju, jei \u012fmon\u0117s metin\u0117s pajamos sieka 45 000\u20ac arba \u012fmon\u0117 \u012fsigijo preki\u0173 u\u017e daugiau nui 14 000\u20ac i\u0161 kit\u0173 Europos S\u0105jungos \u0161ali\u0173.\" \/>\n<meta name=\"robots\" content=\"index, follow, max-snippet:-1, max-image-preview:large, max-video-preview:-1\" \/>\n<link rel=\"canonical\" href=\"https:\/\/1office.co\/lithuania\/lt\/produktas\/iregistravimas-pvm\/\" \/>\n<meta property=\"og:locale\" content=\"lt_LT\" \/>\n<meta property=\"og:type\" content=\"article\" \/>\n<meta property=\"og:title\" content=\"\u012eregistravimas PVM mok\u0117toju\" \/>\n<meta property=\"og:description\" content=\"Lietuvoje \u012fmon\u0117 turi b\u016bti \u012fregistruota PVM mok\u0117toju, jei \u012fmon\u0117s metin\u0117s pajamos sieka 45 000\u20ac arba \u012fmon\u0117 \u012fsigijo preki\u0173 u\u017e daugiau nui 14 000\u20ac i\u0161 kit\u0173 Europos S\u0105jungos \u0161ali\u0173.\" \/>\n<meta property=\"og:url\" content=\"https:\/\/1office.co\/lithuania\/lt\/produktas\/iregistravimas-pvm\/\" \/>\n<meta property=\"og:site_name\" content=\"1Office Lithuania\" \/>\n<meta property=\"article:modified_time\" content=\"2024-06-05T07:13:13+00:00\" \/>\n<meta property=\"og:image\" content=\"https:\/\/1office.co\/lithuania\/wp-content\/uploads\/sites\/15\/2017\/12\/money-gold-coins-finance.jpg\" \/>\n\t<meta property=\"og:image:width\" content=\"1920\" \/>\n\t<meta property=\"og:image:height\" content=\"1271\" \/>\n\t<meta property=\"og:image:type\" content=\"image\/jpeg\" \/>\n<meta name=\"twitter:card\" content=\"summary_large_image\" \/>\n<meta name=\"twitter:label1\" content=\"Est. reading time\" \/>\n\t<meta name=\"twitter:data1\" content=\"1 minut\u0117\" \/>\n<script type=\"application\/ld+json\" class=\"yoast-schema-graph\">{\"@context\":\"https:\/\/schema.org\",\"@graph\":[{\"@type\":\"WebPage\",\"@id\":\"https:\/\/1office.co\/lithuania\/lt\/produktas\/iregistravimas-pvm\/\",\"url\":\"https:\/\/1office.co\/lithuania\/lt\/produktas\/iregistravimas-pvm\/\",\"name\":\"\u012eregistravimas PVM mok\u0117toju - 1Office Lithuania\",\"isPartOf\":{\"@id\":\"https:\/\/1office.co\/lithuania\/#website\"},\"primaryImageOfPage\":{\"@id\":\"https:\/\/1office.co\/lithuania\/lt\/produktas\/iregistravimas-pvm\/#primaryimage\"},\"image\":{\"@id\":\"https:\/\/1office.co\/lithuania\/lt\/produktas\/iregistravimas-pvm\/#primaryimage\"},\"thumbnailUrl\":\"https:\/\/1office.co\/lithuania\/wp-content\/uploads\/sites\/15\/2017\/12\/VAT-registration.png\",\"datePublished\":\"2017-12-13T11:39:59+00:00\",\"dateModified\":\"2024-06-05T07:13:13+00:00\",\"description\":\"Lietuvoje \u012fmon\u0117 turi b\u016bti \u012fregistruota PVM mok\u0117toju, jei \u012fmon\u0117s metin\u0117s pajamos sieka 45 000\u20ac arba \u012fmon\u0117 \u012fsigijo preki\u0173 u\u017e daugiau nui 14 000\u20ac i\u0161 kit\u0173 Europos S\u0105jungos \u0161ali\u0173.\",\"breadcrumb\":{\"@id\":\"https:\/\/1office.co\/lithuania\/lt\/produktas\/iregistravimas-pvm\/#breadcrumb\"},\"inLanguage\":\"lt-LT\",\"potentialAction\":[{\"@type\":\"ReadAction\",\"target\":[\"https:\/\/1office.co\/lithuania\/lt\/produktas\/iregistravimas-pvm\/\"]}]},{\"@type\":\"ImageObject\",\"inLanguage\":\"lt-LT\",\"@id\":\"https:\/\/1office.co\/lithuania\/lt\/produktas\/iregistravimas-pvm\/#primaryimage\",\"url\":\"https:\/\/1office.co\/lithuania\/wp-content\/uploads\/sites\/15\/2017\/12\/VAT-registration.png\",\"contentUrl\":\"https:\/\/1office.co\/lithuania\/wp-content\/uploads\/sites\/15\/2017\/12\/VAT-registration.png\",\"width\":500,\"height\":500},{\"@type\":\"BreadcrumbList\",\"@id\":\"https:\/\/1office.co\/lithuania\/lt\/produktas\/iregistravimas-pvm\/#breadcrumb\",\"itemListElement\":[{\"@type\":\"ListItem\",\"position\":1,\"name\":\"Home\",\"item\":\"https:\/\/1office.co\/lithuania\/lt\/\"},{\"@type\":\"ListItem\",\"position\":2,\"name\":\"Teenused leht\",\"item\":\"https:\/\/1office.co\/lithuania\/et\/teenused\/\"},{\"@type\":\"ListItem\",\"position\":3,\"name\":\"\u012eregistravimas PVM mok\u0117toju\"}]},{\"@type\":\"WebSite\",\"@id\":\"https:\/\/1office.co\/lithuania\/#website\",\"url\":\"https:\/\/1office.co\/lithuania\/\",\"name\":\"1Office Lithuania\",\"description\":\"Making Business Simple\",\"potentialAction\":[{\"@type\":\"SearchAction\",\"target\":{\"@type\":\"EntryPoint\",\"urlTemplate\":\"https:\/\/1office.co\/lithuania\/?s={search_term_string}\"},\"query-input\":{\"@type\":\"PropertyValueSpecification\",\"valueRequired\":true,\"valueName\":\"search_term_string\"}}],\"inLanguage\":\"lt-LT\"}]}<\/script>\n<!-- \/ Yoast SEO Premium plugin. -->","yoast_head_json":{"title":"\u012eregistravimas PVM mok\u0117toju - 1Office Lithuania","description":"Lietuvoje \u012fmon\u0117 turi b\u016bti \u012fregistruota PVM mok\u0117toju, jei \u012fmon\u0117s metin\u0117s pajamos sieka 45 000\u20ac arba \u012fmon\u0117 \u012fsigijo preki\u0173 u\u017e daugiau nui 14 000\u20ac i\u0161 kit\u0173 Europos S\u0105jungos \u0161ali\u0173.","robots":{"index":"index","follow":"follow","max-snippet":"max-snippet:-1","max-image-preview":"max-image-preview:large","max-video-preview":"max-video-preview:-1"},"canonical":"https:\/\/1office.co\/lithuania\/lt\/produktas\/iregistravimas-pvm\/","og_locale":"lt_LT","og_type":"article","og_title":"\u012eregistravimas PVM mok\u0117toju","og_description":"Lietuvoje \u012fmon\u0117 turi b\u016bti \u012fregistruota PVM mok\u0117toju, jei \u012fmon\u0117s metin\u0117s pajamos sieka 45 000\u20ac arba \u012fmon\u0117 \u012fsigijo preki\u0173 u\u017e daugiau nui 14 000\u20ac i\u0161 kit\u0173 Europos S\u0105jungos \u0161ali\u0173.","og_url":"https:\/\/1office.co\/lithuania\/lt\/produktas\/iregistravimas-pvm\/","og_site_name":"1Office Lithuania","article_modified_time":"2024-06-05T07:13:13+00:00","og_image":[{"width":1920,"height":1271,"url":"https:\/\/1office.co\/lithuania\/wp-content\/uploads\/sites\/15\/2017\/12\/money-gold-coins-finance.jpg","type":"image\/jpeg"}],"twitter_card":"summary_large_image","twitter_misc":{"Est. reading time":"1 minut\u0117"},"schema":{"@context":"https:\/\/schema.org","@graph":[{"@type":"WebPage","@id":"https:\/\/1office.co\/lithuania\/lt\/produktas\/iregistravimas-pvm\/","url":"https:\/\/1office.co\/lithuania\/lt\/produktas\/iregistravimas-pvm\/","name":"\u012eregistravimas PVM mok\u0117toju - 1Office Lithuania","isPartOf":{"@id":"https:\/\/1office.co\/lithuania\/#website"},"primaryImageOfPage":{"@id":"https:\/\/1office.co\/lithuania\/lt\/produktas\/iregistravimas-pvm\/#primaryimage"},"image":{"@id":"https:\/\/1office.co\/lithuania\/lt\/produktas\/iregistravimas-pvm\/#primaryimage"},"thumbnailUrl":"https:\/\/1office.co\/lithuania\/wp-content\/uploads\/sites\/15\/2017\/12\/VAT-registration.png","datePublished":"2017-12-13T11:39:59+00:00","dateModified":"2024-06-05T07:13:13+00:00","description":"Lietuvoje \u012fmon\u0117 turi b\u016bti \u012fregistruota PVM mok\u0117toju, jei \u012fmon\u0117s metin\u0117s pajamos sieka 45 000\u20ac arba \u012fmon\u0117 \u012fsigijo preki\u0173 u\u017e daugiau nui 14 000\u20ac i\u0161 kit\u0173 Europos S\u0105jungos \u0161ali\u0173.","breadcrumb":{"@id":"https:\/\/1office.co\/lithuania\/lt\/produktas\/iregistravimas-pvm\/#breadcrumb"},"inLanguage":"lt-LT","potentialAction":[{"@type":"ReadAction","target":["https:\/\/1office.co\/lithuania\/lt\/produktas\/iregistravimas-pvm\/"]}]},{"@type":"ImageObject","inLanguage":"lt-LT","@id":"https:\/\/1office.co\/lithuania\/lt\/produktas\/iregistravimas-pvm\/#primaryimage","url":"https:\/\/1office.co\/lithuania\/wp-content\/uploads\/sites\/15\/2017\/12\/VAT-registration.png","contentUrl":"https:\/\/1office.co\/lithuania\/wp-content\/uploads\/sites\/15\/2017\/12\/VAT-registration.png","width":500,"height":500},{"@type":"BreadcrumbList","@id":"https:\/\/1office.co\/lithuania\/lt\/produktas\/iregistravimas-pvm\/#breadcrumb","itemListElement":[{"@type":"ListItem","position":1,"name":"Home","item":"https:\/\/1office.co\/lithuania\/lt\/"},{"@type":"ListItem","position":2,"name":"Teenused leht","item":"https:\/\/1office.co\/lithuania\/et\/teenused\/"},{"@type":"ListItem","position":3,"name":"\u012eregistravimas PVM mok\u0117toju"}]},{"@type":"WebSite","@id":"https:\/\/1office.co\/lithuania\/#website","url":"https:\/\/1office.co\/lithuania\/","name":"1Office Lithuania","description":"Making Business Simple","potentialAction":[{"@type":"SearchAction","target":{"@type":"EntryPoint","urlTemplate":"https:\/\/1office.co\/lithuania\/?s={search_term_string}"},"query-input":{"@type":"PropertyValueSpecification","valueRequired":true,"valueName":"search_term_string"}}],"inLanguage":"lt-LT"}]}},"_links":{"self":[{"href":"https:\/\/1office.co\/lithuania\/lt\/wp-json\/wp\/v2\/product\/58623","targetHints":{"allow":["GET"]}}],"collection":[{"href":"https:\/\/1office.co\/lithuania\/lt\/wp-json\/wp\/v2\/product"}],"about":[{"href":"https:\/\/1office.co\/lithuania\/lt\/wp-json\/wp\/v2\/types\/product"}],"wp:featuredmedia":[{"embeddable":true,"href":"https:\/\/1office.co\/lithuania\/lt\/wp-json\/wp\/v2\/media\/59509"}],"wp:attachment":[{"href":"https:\/\/1office.co\/lithuania\/lt\/wp-json\/wp\/v2\/media?parent=58623"}],"wp:term":[{"taxonomy":"product_brand","embeddable":true,"href":"https:\/\/1office.co\/lithuania\/lt\/wp-json\/wp\/v2\/product_brand?post=58623"},{"taxonomy":"product_cat","embeddable":true,"href":"https:\/\/1office.co\/lithuania\/lt\/wp-json\/wp\/v2\/product_cat?post=58623"},{"taxonomy":"product_tag","embeddable":true,"href":"https:\/\/1office.co\/lithuania\/lt\/wp-json\/wp\/v2\/product_tag?post=58623"}],"curies":[{"name":"wp","href":"https:\/\/api.w.org\/{rel}","templated":true}]}}