{"id":59538,"date":"2017-08-10T08:34:10","date_gmt":"2017-08-10T08:34:10","guid":{"rendered":"https:\/\/1office.co\/lithuania\/product\/company-formation-in-notarys-office\/"},"modified":"2025-06-12T07:25:49","modified_gmt":"2025-06-12T07:25:49","slug":"company-formation-in-notarys-office","status":"publish","type":"product","link":"https:\/\/1office.co\/lithuania\/lt\/produktas\/company-formation-in-notarys-office\/","title":{"rendered":"Nuotolin\u0117 \u012fmon\u0117s registracija (mokes\u010diai \u012fskai\u010diuoti)"},"content":{"rendered":"<div class=\"wpb-content-wrapper\"><p>[vc_row][vc_column]<div id=\"advanced-tabs-desc-wrap-4266\" class=\"ult_tabs product_tabs\" style=\" \" data-tabsstyle=\"style1\"\n data-titlebg=\"#ffffff\" data-titlecolor=\"#b6b8ba\" data-fullheight=\"off\"\n data-titlehoverbg=\"#ffffff\" data-titlehovercolor=\"#1d1e23\"\n data-rotatetabs=\"0\" data-responsivemode=\"Both\" data-animation=\"Slide\"\ndata-activetitle=\"#1d1e23\" data-activeicon=\"\" data-activebg=\"#ffffff\"  data-respmode=\"Tabs\" data-respwidth=\"400\" data-scroll = \"on\" data-activeindex=\"1\"><ul id=advanced-tabs-wrap-9526 class=\"ult_tabmenu style1 \" style=\"\"><li class=\"ult_tab_li  \" data-iconcolor=\"#74777b\" data-iconhover=\"#ffffff\" style=\"background-color:#ffffff;border-color:transparent;border-width:0px;border-style:solid;border-top-left-radius:8px;\">\n\t\t\t\t\t<a href=\"#1512642751410-8ee0b-c3ff\"  id=\"1512642751410-8ee0b-c3ff\"  style=\"color:#b6b8ba;; padding:15px; \" class=\"ult_a  \">\n\t\t\t\t\t     <span class=\"ult_tab_main Both \">\n\t\t\t\t\t \t\t <span class=\"ult_tab_section\">\n\t\t\t\t\t   \t\t\t<span  data-ultimate-target='#advanced-tabs-wrap-9526 .ult-span-text'  data-responsive-json-new='{\"font-size\":\"desktop:14px;\",\"line-height\":\"\"}'  class=\"ult-span-text no_icon ult_tab_display_text ult-responsive\" style=\"font-weight:bold;;\">DESCRIPTION<\/span>\n\t\t\t\t\t   \t\t<\/span>\n\t\t\t\t\t\t<\/span>\n\t\t\t\t\t<\/a>\n\t\t\t\t\t<\/li><li class=\"ult_tab_li  \" data-iconcolor=\"#74777b\" data-iconhover=\"#ffffff\" style=\"background-color:#ffffff;border-color:transparent;border-width:0px;border-style:solid;border-top-right-radius:8px;\">\n\t\t\t\t\t<a href=\"#1516974013560-1-1\"  id=\"1516974013560-1-1\"  style=\"color:#b6b8ba;; padding:15px; \" class=\"ult_a  \">\n\t\t\t\t\t     <span class=\"ult_tab_main Both \">\n\t\t\t\t\t \t\t <span class=\"ult_tab_section\">\n\t\t\t\t\t   \t\t\t<span  data-ultimate-target='#advanced-tabs-wrap-9526 .ult-span-text'  data-responsive-json-new='{\"font-size\":\"desktop:14px;\",\"line-height\":\"\"}'  class=\"ult-span-text no_icon ult_tab_display_text ult-responsive\" style=\"font-weight:bold;;\">FAQ<\/span>\n\t\t\t\t\t   \t\t<\/span>\n\t\t\t\t\t\t<\/span>\n\t\t\t\t\t<\/a>\n\t\t\t\t\t<\/li><\/ul><div  data-ultimate-target='#advanced-tabs-desc-wrap-4266 .ult_tabcontent .ult_tab_min_contain  p'  data-responsive-json-new='{\"font-size\":\"\",\"line-height\":\"\"}' class=\"ult_tabcontent ult-responsive style1\" style=\"color:#74777b;\"><div class=\"ult_tab_min_contain \" >\n\t\t\t<div  class=\"ult_tabitemname\"  >\n\t\t\t\t[vc_column_text]\u012emon\u0117s steigimas pas notar\u0105 Vilniuje, su 1Office atstovu. Minimalus kapitalas (1000 EUR) mokamas \u012f laikin\u0105 banko s\u0105skait\u0105, prie\u0161 registracij\u0105. \u012emon\u0117s steig\u0117jas privalo pasira\u0161yti \u012fmon\u0117s steigimo dokumentus ir \u012fgalioti 1Office atstov\u0105, kad jis gal\u0117t\u0173 atstovauti asmen\u012f pas notar\u0105.<br \/>\nVerslo adresas yra privalomas visoms Lietuvos \u012fmon\u0117ms. Legalus adresas bus matomas \u012fmoni\u0173 registre ir \u0161iuo adresu bus siun\u010diama korespondencija. Galite rinktis m\u016bs\u0173 <a href=\"https:\/\/1office.co\/lithuania\/lt\/produktas\/legal-address-in-the-centre-of-vilnius-yearly-subscription\/\">\u012emon\u0117s adreso paslaug\u0105.<\/a><br \/>\n\u012emon\u0117 bus \u012fregistruota per 5 darbo dienas, nuo dokument\u0173 pridavimo Registr\u0173 centre.<\/p>\n<p>&nbsp;<\/p>\n<p><strong>\u012e kain\u0105 \u012feina:<\/strong><\/p>\n<ul>\n<li>\u012emon\u0117s steigimas su vienu steig\u0117ju ir vienu vadovu (Teiraukit\u0117s kainos, jeigu steig\u0117j\u0173 yra du arba daugiau).<\/li>\n<li>Dokument\u0173 paruo\u0161imas Lietuvi\u0173 ir Angl\u0173 kalbomis.<\/li>\n<li>Notaro paslaug\u0173 administravimas Vilniaus ofise.<\/li>\n<li>Valstybiniai mokes\u010diai.<\/li>\n<li>Notaro mokes\u010diai.<\/li>\n<li>Dokument\u0173 pildymas Registr\u0173 Centre.<\/li>\n<\/ul>\n<p>&nbsp;<\/p>\n<p><strong>Proceso eiga:<\/strong><\/p>\n<ul>\n<li>Po apmok\u0117jimo, u\u017epildykite &#8220;Kliento pa\u017einimo form\u0105&#8221;, kuri\u0105 atsi\u0173sime.<\/li>\n<li>Gav\u0119 u\u017epildyt\u0105 form\u0105, mes paruo\u0161ime visus reikalingus dokumentus, pagal pateikt\u0105 informacij\u0105.<\/li>\n<li>Pasira\u0161ykite ir atsi\u0173skite originalius dokumentus.<\/li>\n<li>Suorganizuosime vizit\u0105 pas notar\u0105.<\/li>\n<li>Atidarysime preliminari\u0105 banko s\u0105skait\u0105, kapitalo perk\u0117limui. Svarbu \u017einoti: Kai kuriais atvejais bankas gali reikalauti \u012fgaliojimo.<\/li>\n<li>Perkelsime kapitalo mokest\u012f \u012f preliminari\u0105 banko s\u0105skait\u0105.<\/li>\n<li>Atlikus pavedimus, u\u017epildysime duomenis Registr\u0173 Centre.<\/li>\n<li>\u012esteigus \u012fmon\u0119, preliminari s\u0105skaita pakei\u010diama \u012f standartin\u0119 banko s\u0105skait\u0105. \u0160iam \u017eingsniui reikalingas asmens dalyvavymas arba notario \u012fgaliojimas.<\/li>\n<\/ul>\n<p>[\/vc_column_text]\n\t\t\t<\/div>\n\t\t\t<div  class=\"ult_tabitemname\"  >\n\t\t\t\t[vc_toggle title=&#8221;1) Can 1Office help me with opening a bank account?&#8221; style=&#8221;arrow&#8221; custom_font_container=&#8221;tag:h5|text_align:left|color:%230c0c0c&#8221; custom_use_theme_fonts=&#8221;yes&#8221; use_custom_heading=&#8221;true&#8221;]Some banks require clients to identify them in one of their offices so you have to travel to Lithuania. Please contact us so we could find the best option for your company.[\/vc_toggle]\n\t\t\t<\/div><\/div><\/div><\/div><div class=\"ult_acord advanced-tabs-desc-wrap-4266\">\n   <div class=\"ult-tabto-accordion \" style=\"width:;\"\n    data-titlecolor=\"#b6b8ba\"  data-titlebg=\"#ffffff\"\n     data-titlehoverbg=\"#ffffff\" data-titlehovercolor=\"#1d1e23\" data-animation=\"Slide\"\n     data-activetitle=\"#1d1e23\" data-activeicon=\"\" data-activebg=\"#ffffff\" data-scroll = \"on\" data-activeindex=\"1\" >\n     <dl><dt class=\"\">\n\t        \t<a class=\"ult-tabto-actitle withBorder ult_a \" id=\"1512642751410-8ee0b-c3ff\" style=\"color:#b6b8ba;;background-color:#ffffff;border-bottom-color:transparent;border-bottom-width:0px;border-bottom-style:solid;\" href=\"#1512642751410-8ee0b-c3ff\">\n\t        \t\t<i class=\"accordion-icon\"><\/i>\n\t        \t\t\t<span class=\"ult_tab_main ult_ac_main ult_noacordicnBoth\">\n\n\t\t\t\t\t\t<span  data-ultimate-target='#advanced-tabs-wrap-9526 .ult-span-text'  data-responsive-json-new='{\"font-size\":\"desktop:14px;\",\"line-height\":\"\"}'  class=\"ult-span-text no_icon ult_acordian-text ult-responsive\" style=\"font-weight:bold;;color:inherit \" >DESCRIPTION<\/span>\n\t\t\t\t\t\t<\/span><\/a><\/dt>\n\t            \t\t<dd class=\"ult-tabto-accordionItem ult-tabto-accolapsed\">\n\t\t\t\t            <div class=\"ult-tabto-acontent\" style=\"color:#74777b;\">\n\t\t\t\t               [vc_column_text]\u012emon\u0117s steigimas pas notar\u0105 Vilniuje, su 1Office atstovu. Minimalus kapitalas (1000 EUR) mokamas \u012f laikin\u0105 banko s\u0105skait\u0105, prie\u0161 registracij\u0105. \u012emon\u0117s steig\u0117jas privalo pasira\u0161yti \u012fmon\u0117s steigimo dokumentus ir \u012fgalioti 1Office atstov\u0105, kad jis gal\u0117t\u0173 atstovauti asmen\u012f pas notar\u0105.<br \/>\nVerslo adresas yra privalomas visoms Lietuvos \u012fmon\u0117ms. Legalus adresas bus matomas \u012fmoni\u0173 registre ir \u0161iuo adresu bus siun\u010diama korespondencija. Galite rinktis m\u016bs\u0173 <a href=\"https:\/\/1office.co\/lithuania\/lt\/produktas\/legal-address-in-the-centre-of-vilnius-yearly-subscription\/\">\u012emon\u0117s adreso paslaug\u0105.<\/a><br \/>\n\u012emon\u0117 bus \u012fregistruota per 5 darbo dienas, nuo dokument\u0173 pridavimo Registr\u0173 centre.<\/p>\n<p>&nbsp;<\/p>\n<p><strong>\u012e kain\u0105 \u012feina:<\/strong><\/p>\n<ul>\n<li>\u012emon\u0117s steigimas su vienu steig\u0117ju ir vienu vadovu (Teiraukit\u0117s kainos, jeigu steig\u0117j\u0173 yra du arba daugiau).<\/li>\n<li>Dokument\u0173 paruo\u0161imas Lietuvi\u0173 ir Angl\u0173 kalbomis.<\/li>\n<li>Notaro paslaug\u0173 administravimas Vilniaus ofise.<\/li>\n<li>Valstybiniai mokes\u010diai.<\/li>\n<li>Notaro mokes\u010diai.<\/li>\n<li>Dokument\u0173 pildymas Registr\u0173 Centre.<\/li>\n<\/ul>\n<p>&nbsp;<\/p>\n<p><strong>Proceso eiga:<\/strong><\/p>\n<ul>\n<li>Po apmok\u0117jimo, u\u017epildykite &#8220;Kliento pa\u017einimo form\u0105&#8221;, kuri\u0105 atsi\u0173sime.<\/li>\n<li>Gav\u0119 u\u017epildyt\u0105 form\u0105, mes paruo\u0161ime visus reikalingus dokumentus, pagal pateikt\u0105 informacij\u0105.<\/li>\n<li>Pasira\u0161ykite ir atsi\u0173skite originalius dokumentus.<\/li>\n<li>Suorganizuosime vizit\u0105 pas notar\u0105.<\/li>\n<li>Atidarysime preliminari\u0105 banko s\u0105skait\u0105, kapitalo perk\u0117limui. Svarbu \u017einoti: Kai kuriais atvejais bankas gali reikalauti \u012fgaliojimo.<\/li>\n<li>Perkelsime kapitalo mokest\u012f \u012f preliminari\u0105 banko s\u0105skait\u0105.<\/li>\n<li>Atlikus pavedimus, u\u017epildysime duomenis Registr\u0173 Centre.<\/li>\n<li>\u012esteigus \u012fmon\u0119, preliminari s\u0105skaita pakei\u010diama \u012f standartin\u0119 banko s\u0105skait\u0105. \u0160iam \u017eingsniui reikalingas asmens dalyvavymas arba notario \u012fgaliojimas.<\/li>\n<\/ul>\n<p>[\/vc_column_text]\n\t\t\t\t            <\/div>\n\t        \t\t\t<\/dd><dt class=\"\">\n\t        \t<a class=\"ult-tabto-actitle withBorder ult_a \" id=\"1516974013560-1-1\" style=\"color:#b6b8ba;;background-color:#ffffff;border-bottom-color:transparent;border-bottom-width:0px;border-bottom-style:solid;border-bottom-color:transparent;border-bottom-width:0px;border-bottom-style:solid;\" href=\"#1516974013560-1-1\">\n\t        \t\t<i class=\"accordion-icon\"><\/i>\n\t        \t\t\t<span class=\"ult_tab_main ult_ac_main ult_noacordicnBoth\">\n\n\t\t\t\t\t\t<span  data-ultimate-target='#advanced-tabs-wrap-9526 .ult-span-text'  data-responsive-json-new='{\"font-size\":\"desktop:14px;\",\"line-height\":\"\"}'  class=\"ult-span-text no_icon ult_acordian-text ult-responsive\" style=\"font-weight:bold;;color:inherit \" >FAQ<\/span>\n\t\t\t\t\t\t<\/span><\/a><\/dt>\n\t            \t\t<dd class=\"ult-tabto-accordionItem ult-tabto-accolapsed\">\n\t\t\t\t            <div class=\"ult-tabto-acontent\" style=\"color:#74777b;\">\n\t\t\t\t               [vc_toggle title=&#8221;1) Can 1Office help me with opening a bank account?&#8221; style=&#8221;arrow&#8221; custom_font_container=&#8221;tag:h5|text_align:left|color:%230c0c0c&#8221; custom_use_theme_fonts=&#8221;yes&#8221; use_custom_heading=&#8221;true&#8221;]Some banks require clients to identify them in one of their offices so you have to travel to Lithuania. Please contact us so we could find the best option for your company.[\/vc_toggle]\n\t\t\t\t            <\/div>\n\t        \t\t\t<\/dd>\n    \t<\/dl>\n    <!--<div class=\"extraborder\" style=\"background-color:#ffffff\"><\/div>-->\n<\/div>\n\n<\/div>[\/vc_column][\/vc_row]<\/p>\n<\/div>","protected":false},"excerpt":{"rendered":"<p>U\u017edaroji Akcin\u0117 Bendrov\u0117 (UAB) Lietuvoje gali b\u016bti registruojama nuotoliu, per notar\u0105. \u0160i paslauga leid\u017eia 1Office atstovauti jus ar j\u016bs\u0173 \u012fmon\u0119 nuotoliu. 1Office ekspertai atstovauja j\u016bs\u0173 interesus, tvarkant dokumentus pas notar\u0105. \u0160i paslauga puikiai tinka asmenims ir \u012fmon\u0117ms, kuriems reikia sklandaus ir efektyvaus proceso, patys nenori arba neturi laiko pildyti reikiamus dokumentus skirtingoms institucijoms.<\/p>\n","protected":false},"featured_media":59472,"template":"","meta":{"_acf_changed":false,"inline_featured_image":false},"product_brand":[],"product_cat":[421],"product_tag":[415],"class_list":{"0":"post-59538","1":"product","2":"type-product","3":"status-publish","4":"has-post-thumbnail","6":"product_cat-imones-steigimas","7":"product_tag-lithuania-lt","8":"description-off","10":"first","11":"instock","12":"virtual","13":"taxable","14":"purchasable","15":"product-type-simple"},"bundled_by":[],"bundle_stock_status":"instock","bundle_stock_quantity":null,"bundle_virtual":false,"bundle_layout":"","bundle_add_to_cart_form_location":"","bundle_editable_in_cart":false,"bundle_sold_individually_context":"","bundle_item_grouping":"","bundle_min_size":"","bundle_max_size":"","bundle_price":[],"bundled_items":[],"bundle_sell_ids":[],"acf":[],"yoast_head":"<!-- This site is optimized with the Yoast SEO Premium plugin v22.1 (Yoast SEO v27.0) - https:\/\/yoast.com\/product\/yoast-seo-premium-wordpress\/ -->\n<title>Nuotolin\u0117 \u012fmon\u0117s registracija (mokes\u010diai \u012fskai\u010diuoti) - 1Office Lithuania<\/title>\n<meta name=\"description\" content=\"UAB steigimas nuotoliu Lietuvoje, fiziniams asmenims ir \u012fmon\u0117ms. Atstovausime j\u016bs\u0173 interesus pas notar\u0105 ir u\u017epildysime visus reikalingus dokumentus, skirtingoms \u012fstaigoms.\" \/>\n<meta name=\"robots\" content=\"index, follow, max-snippet:-1, max-image-preview:large, max-video-preview:-1\" \/>\n<link rel=\"canonical\" href=\"https:\/\/1office.co\/lithuania\/lt\/produktas\/company-formation-in-notarys-office\/\" \/>\n<meta property=\"og:locale\" content=\"lt_LT\" \/>\n<meta property=\"og:type\" content=\"article\" \/>\n<meta property=\"og:title\" content=\"Nuotolin\u0117 \u012fmon\u0117s registracija (mokes\u010diai \u012fskai\u010diuoti)\" \/>\n<meta property=\"og:description\" content=\"UAB steigimas nuotoliu Lietuvoje, fiziniams asmenims ir \u012fmon\u0117ms. Atstovausime j\u016bs\u0173 interesus pas notar\u0105 ir u\u017epildysime visus reikalingus dokumentus, skirtingoms \u012fstaigoms.\" \/>\n<meta property=\"og:url\" content=\"https:\/\/1office.co\/lithuania\/lt\/produktas\/company-formation-in-notarys-office\/\" \/>\n<meta property=\"og:site_name\" content=\"1Office Lithuania\" \/>\n<meta property=\"article:modified_time\" content=\"2025-06-12T07:25:49+00:00\" \/>\n<meta property=\"og:image\" content=\"https:\/\/1office.co\/lithuania\/wp-content\/uploads\/sites\/15\/2017\/08\/Company-formation-remotely.png\" \/>\n\t<meta property=\"og:image:width\" content=\"500\" \/>\n\t<meta property=\"og:image:height\" content=\"500\" \/>\n\t<meta property=\"og:image:type\" content=\"image\/png\" \/>\n<meta name=\"twitter:card\" content=\"summary_large_image\" \/>\n<meta name=\"twitter:label1\" content=\"Est. reading time\" \/>\n\t<meta name=\"twitter:data1\" content=\"2 minut\u0117s\" \/>\n<script type=\"application\/ld+json\" class=\"yoast-schema-graph\">{\"@context\":\"https:\/\/schema.org\",\"@graph\":[{\"@type\":\"WebPage\",\"@id\":\"https:\/\/1office.co\/lithuania\/lt\/produktas\/company-formation-in-notarys-office\/\",\"url\":\"https:\/\/1office.co\/lithuania\/lt\/produktas\/company-formation-in-notarys-office\/\",\"name\":\"Nuotolin\u0117 \u012fmon\u0117s registracija (mokes\u010diai \u012fskai\u010diuoti) - 1Office Lithuania\",\"isPartOf\":{\"@id\":\"https:\/\/1office.co\/lithuania\/#website\"},\"primaryImageOfPage\":{\"@id\":\"https:\/\/1office.co\/lithuania\/lt\/produktas\/company-formation-in-notarys-office\/#primaryimage\"},\"image\":{\"@id\":\"https:\/\/1office.co\/lithuania\/lt\/produktas\/company-formation-in-notarys-office\/#primaryimage\"},\"thumbnailUrl\":\"https:\/\/1office.co\/lithuania\/wp-content\/uploads\/sites\/15\/2017\/08\/Company-formation-remotely.png\",\"datePublished\":\"2017-08-10T08:34:10+00:00\",\"dateModified\":\"2025-06-12T07:25:49+00:00\",\"description\":\"UAB steigimas nuotoliu Lietuvoje, fiziniams asmenims ir \u012fmon\u0117ms. Atstovausime j\u016bs\u0173 interesus pas notar\u0105 ir u\u017epildysime visus reikalingus dokumentus, skirtingoms \u012fstaigoms.\",\"breadcrumb\":{\"@id\":\"https:\/\/1office.co\/lithuania\/lt\/produktas\/company-formation-in-notarys-office\/#breadcrumb\"},\"inLanguage\":\"lt-LT\",\"potentialAction\":[{\"@type\":\"ReadAction\",\"target\":[\"https:\/\/1office.co\/lithuania\/lt\/produktas\/company-formation-in-notarys-office\/\"]}]},{\"@type\":\"ImageObject\",\"inLanguage\":\"lt-LT\",\"@id\":\"https:\/\/1office.co\/lithuania\/lt\/produktas\/company-formation-in-notarys-office\/#primaryimage\",\"url\":\"https:\/\/1office.co\/lithuania\/wp-content\/uploads\/sites\/15\/2017\/08\/Company-formation-remotely.png\",\"contentUrl\":\"https:\/\/1office.co\/lithuania\/wp-content\/uploads\/sites\/15\/2017\/08\/Company-formation-remotely.png\",\"width\":500,\"height\":500},{\"@type\":\"BreadcrumbList\",\"@id\":\"https:\/\/1office.co\/lithuania\/lt\/produktas\/company-formation-in-notarys-office\/#breadcrumb\",\"itemListElement\":[{\"@type\":\"ListItem\",\"position\":1,\"name\":\"Home\",\"item\":\"https:\/\/1office.co\/lithuania\/lt\/\"},{\"@type\":\"ListItem\",\"position\":2,\"name\":\"Teenused leht\",\"item\":\"https:\/\/1office.co\/lithuania\/et\/teenused\/\"},{\"@type\":\"ListItem\",\"position\":3,\"name\":\"Nuotolin\u0117 \u012fmon\u0117s registracija (mokes\u010diai \u012fskai\u010diuoti)\"}]},{\"@type\":\"WebSite\",\"@id\":\"https:\/\/1office.co\/lithuania\/#website\",\"url\":\"https:\/\/1office.co\/lithuania\/\",\"name\":\"1Office Lithuania\",\"description\":\"Making Business Simple\",\"potentialAction\":[{\"@type\":\"SearchAction\",\"target\":{\"@type\":\"EntryPoint\",\"urlTemplate\":\"https:\/\/1office.co\/lithuania\/?s={search_term_string}\"},\"query-input\":{\"@type\":\"PropertyValueSpecification\",\"valueRequired\":true,\"valueName\":\"search_term_string\"}}],\"inLanguage\":\"lt-LT\"}]}<\/script>\n<!-- \/ Yoast SEO Premium plugin. -->","yoast_head_json":{"title":"Nuotolin\u0117 \u012fmon\u0117s registracija (mokes\u010diai \u012fskai\u010diuoti) - 1Office Lithuania","description":"UAB steigimas nuotoliu Lietuvoje, fiziniams asmenims ir \u012fmon\u0117ms. Atstovausime j\u016bs\u0173 interesus pas notar\u0105 ir u\u017epildysime visus reikalingus dokumentus, skirtingoms \u012fstaigoms.","robots":{"index":"index","follow":"follow","max-snippet":"max-snippet:-1","max-image-preview":"max-image-preview:large","max-video-preview":"max-video-preview:-1"},"canonical":"https:\/\/1office.co\/lithuania\/lt\/produktas\/company-formation-in-notarys-office\/","og_locale":"lt_LT","og_type":"article","og_title":"Nuotolin\u0117 \u012fmon\u0117s registracija (mokes\u010diai \u012fskai\u010diuoti)","og_description":"UAB steigimas nuotoliu Lietuvoje, fiziniams asmenims ir \u012fmon\u0117ms. Atstovausime j\u016bs\u0173 interesus pas notar\u0105 ir u\u017epildysime visus reikalingus dokumentus, skirtingoms \u012fstaigoms.","og_url":"https:\/\/1office.co\/lithuania\/lt\/produktas\/company-formation-in-notarys-office\/","og_site_name":"1Office Lithuania","article_modified_time":"2025-06-12T07:25:49+00:00","og_image":[{"width":500,"height":500,"url":"https:\/\/1office.co\/lithuania\/wp-content\/uploads\/sites\/15\/2017\/08\/Company-formation-remotely.png","type":"image\/png"}],"twitter_card":"summary_large_image","twitter_misc":{"Est. reading time":"2 minut\u0117s"},"schema":{"@context":"https:\/\/schema.org","@graph":[{"@type":"WebPage","@id":"https:\/\/1office.co\/lithuania\/lt\/produktas\/company-formation-in-notarys-office\/","url":"https:\/\/1office.co\/lithuania\/lt\/produktas\/company-formation-in-notarys-office\/","name":"Nuotolin\u0117 \u012fmon\u0117s registracija (mokes\u010diai \u012fskai\u010diuoti) - 1Office Lithuania","isPartOf":{"@id":"https:\/\/1office.co\/lithuania\/#website"},"primaryImageOfPage":{"@id":"https:\/\/1office.co\/lithuania\/lt\/produktas\/company-formation-in-notarys-office\/#primaryimage"},"image":{"@id":"https:\/\/1office.co\/lithuania\/lt\/produktas\/company-formation-in-notarys-office\/#primaryimage"},"thumbnailUrl":"https:\/\/1office.co\/lithuania\/wp-content\/uploads\/sites\/15\/2017\/08\/Company-formation-remotely.png","datePublished":"2017-08-10T08:34:10+00:00","dateModified":"2025-06-12T07:25:49+00:00","description":"UAB steigimas nuotoliu Lietuvoje, fiziniams asmenims ir \u012fmon\u0117ms. Atstovausime j\u016bs\u0173 interesus pas notar\u0105 ir u\u017epildysime visus reikalingus dokumentus, skirtingoms \u012fstaigoms.","breadcrumb":{"@id":"https:\/\/1office.co\/lithuania\/lt\/produktas\/company-formation-in-notarys-office\/#breadcrumb"},"inLanguage":"lt-LT","potentialAction":[{"@type":"ReadAction","target":["https:\/\/1office.co\/lithuania\/lt\/produktas\/company-formation-in-notarys-office\/"]}]},{"@type":"ImageObject","inLanguage":"lt-LT","@id":"https:\/\/1office.co\/lithuania\/lt\/produktas\/company-formation-in-notarys-office\/#primaryimage","url":"https:\/\/1office.co\/lithuania\/wp-content\/uploads\/sites\/15\/2017\/08\/Company-formation-remotely.png","contentUrl":"https:\/\/1office.co\/lithuania\/wp-content\/uploads\/sites\/15\/2017\/08\/Company-formation-remotely.png","width":500,"height":500},{"@type":"BreadcrumbList","@id":"https:\/\/1office.co\/lithuania\/lt\/produktas\/company-formation-in-notarys-office\/#breadcrumb","itemListElement":[{"@type":"ListItem","position":1,"name":"Home","item":"https:\/\/1office.co\/lithuania\/lt\/"},{"@type":"ListItem","position":2,"name":"Teenused leht","item":"https:\/\/1office.co\/lithuania\/et\/teenused\/"},{"@type":"ListItem","position":3,"name":"Nuotolin\u0117 \u012fmon\u0117s registracija (mokes\u010diai \u012fskai\u010diuoti)"}]},{"@type":"WebSite","@id":"https:\/\/1office.co\/lithuania\/#website","url":"https:\/\/1office.co\/lithuania\/","name":"1Office Lithuania","description":"Making Business Simple","potentialAction":[{"@type":"SearchAction","target":{"@type":"EntryPoint","urlTemplate":"https:\/\/1office.co\/lithuania\/?s={search_term_string}"},"query-input":{"@type":"PropertyValueSpecification","valueRequired":true,"valueName":"search_term_string"}}],"inLanguage":"lt-LT"}]}},"_links":{"self":[{"href":"https:\/\/1office.co\/lithuania\/lt\/wp-json\/wp\/v2\/product\/59538","targetHints":{"allow":["GET"]}}],"collection":[{"href":"https:\/\/1office.co\/lithuania\/lt\/wp-json\/wp\/v2\/product"}],"about":[{"href":"https:\/\/1office.co\/lithuania\/lt\/wp-json\/wp\/v2\/types\/product"}],"wp:featuredmedia":[{"embeddable":true,"href":"https:\/\/1office.co\/lithuania\/lt\/wp-json\/wp\/v2\/media\/59472"}],"wp:attachment":[{"href":"https:\/\/1office.co\/lithuania\/lt\/wp-json\/wp\/v2\/media?parent=59538"}],"wp:term":[{"taxonomy":"product_brand","embeddable":true,"href":"https:\/\/1office.co\/lithuania\/lt\/wp-json\/wp\/v2\/product_brand?post=59538"},{"taxonomy":"product_cat","embeddable":true,"href":"https:\/\/1office.co\/lithuania\/lt\/wp-json\/wp\/v2\/product_cat?post=59538"},{"taxonomy":"product_tag","embeddable":true,"href":"https:\/\/1office.co\/lithuania\/lt\/wp-json\/wp\/v2\/product_tag?post=59538"}],"curies":[{"name":"wp","href":"https:\/\/api.w.org\/{rel}","templated":true}]}}