{"id":59546,"date":"2022-04-07T06:23:48","date_gmt":"2022-04-07T06:23:48","guid":{"rendered":"https:\/\/1office.co\/lithuania\/product\/vat-registration-for-a-foreign-company\/"},"modified":"2025-06-13T07:53:05","modified_gmt":"2025-06-13T07:53:05","slug":"vat-registration-for-a-foreign-company","status":"publish","type":"product","link":"https:\/\/1office.co\/lithuania\/lt\/produktas\/vat-registration-for-a-foreign-company\/","title":{"rendered":"PVM registracija"},"content":{"rendered":"<div class=\"wpb-content-wrapper\"><p>[vc_row][vc_column]<div id=\"advanced-tabs-desc-wrap-3970\" class=\"ult_tabs product_tabs\" style=\" \" data-tabsstyle=\"style1\"\n data-titlebg=\"#ffffff\" data-titlecolor=\"#b6b8ba\" data-fullheight=\"off\"\n data-titlehoverbg=\"#ffffff\" data-titlehovercolor=\"#1d1e23\"\n data-rotatetabs=\"0\" data-responsivemode=\"Both\" data-animation=\"Slide\"\ndata-activetitle=\"#1d1e23\" data-activeicon=\"\" data-activebg=\"#ffffff\"  data-respmode=\"Tabs\" data-respwidth=\"400\" data-scroll = \"on\" data-activeindex=\"1\"><ul id=advanced-tabs-wrap-3776 class=\"ult_tabmenu style1 \" style=\"\"><li class=\"ult_tab_li  \" data-iconcolor=\"#74777b\" data-iconhover=\"#ffffff\" style=\"background-color:#ffffff;border-color:transparent;border-width:0px;border-style:solid;border-top-right-radius:8px;\">\n\t\t\t\t\t<a href=\"#1512642751410-8cd24-3a01\"  id=\"1512642751410-8cd24-3a01\"  style=\"color:#b6b8ba;; padding:15px; \" class=\"ult_a  \">\n\t\t\t\t\t     <span class=\"ult_tab_main Both \">\n\t\t\t\t\t \t\t <span class=\"ult_tab_section\">\n\t\t\t\t\t   \t\t\t<span  data-ultimate-target='#advanced-tabs-wrap-3776 .ult-span-text'  data-responsive-json-new='{\"font-size\":\"desktop:14px;\",\"line-height\":\"\"}'  class=\"ult-span-text no_icon ult_tab_display_text ult-responsive\" style=\"font-weight:bold;;\">DESCRIPTION<\/span>\n\t\t\t\t\t   \t\t<\/span>\n\t\t\t\t\t\t<\/span>\n\t\t\t\t\t<\/a>\n\t\t\t\t\t<\/li><\/ul><div  data-ultimate-target='#advanced-tabs-desc-wrap-3970 .ult_tabcontent .ult_tab_min_contain  p'  data-responsive-json-new='{\"font-size\":\"\",\"line-height\":\"\"}' class=\"ult_tabcontent ult-responsive style1\" style=\"color:#74777b;\"><div class=\"ult_tab_min_contain \" >\n\t\t\t<div  class=\"ult_tabitemname\"  >\n\t\t\t\t[vc_column_text css=&#8221;&#8221;]PVM registracija gali b\u016bti sud\u0117tingas procesas, ta\u010diau 1Office pad\u0117s tai padaryti skland\u017eiai.<\/p>\n<p>&nbsp;<\/p>\n<p><strong>Reikalinga \u0161i informacija:<\/strong><\/p>\n<ul>\n<li>Pagrindin\u0117 \u012fmon\u0117s veikla Lietuvoje<\/li>\n<li>Planuojama \u012fmon\u0117s veikla ir apyvarta<\/li>\n<li>Juridinio asmens dokumentai (Registro duomenys)<\/li>\n<li>Esamos sutartys, susijusios su \u012fmon\u0117s veikla<\/li>\n<li>Informacija apie kitus asmenis arba asociacijas, susijusias su akcininkais<\/li>\n<\/ul>\n<p><strong>\u012e kain\u0105 \u012feina:<\/strong><\/p>\n<ul>\n<li>PVM registracijos formos paruo\u0161imas<\/li>\n<li>Registracijos pateikimas Valstybinei Mokes\u010di\u0173 Inspekcijai (VMI)<\/li>\n<li>VMI klausim\u0173 atsakymas*<\/li>\n<\/ul>\n<p>&nbsp;<\/p>\n<p><strong>Svarbu!<\/strong> PVM mok\u0117tojai privalo pateikti m\u0117nesines PVM deklaracijas, net ir tuo atveju, kai \u012fmon\u0117 neturi deklaruojam\u0173 veiksm\u0173, per esam\u0105 laikotarp\u012f.<\/p>\n<p>* \u012e kain\u0105 \u012feina vienkartinis klausim\u0173 atsakymas. Tuo atveju, jeigu deklaracija yra atmetama arba VMI turi papildom\u0173 klausim\u0173, yra taikomas papildomas 50\u20ac mokestis.[\/vc_column_text]\n\t\t\t<\/div><\/div><\/div><\/div><div class=\"ult_acord advanced-tabs-desc-wrap-3970\">\n   <div class=\"ult-tabto-accordion \" style=\"width:;\"\n    data-titlecolor=\"#b6b8ba\"  data-titlebg=\"#ffffff\"\n     data-titlehoverbg=\"#ffffff\" data-titlehovercolor=\"#1d1e23\" data-animation=\"Slide\"\n     data-activetitle=\"#1d1e23\" data-activeicon=\"\" data-activebg=\"#ffffff\" data-scroll = \"on\" data-activeindex=\"1\" >\n     <dl><dt class=\"\">\n\t        \t<a class=\"ult-tabto-actitle withBorder ult_a \" id=\"1512642751410-8cd24-3a01\" style=\"color:#b6b8ba;;background-color:#ffffff;border-bottom-color:transparent;border-bottom-width:0px;border-bottom-style:solid;\" href=\"#1512642751410-8cd24-3a01\">\n\t        \t\t<i class=\"accordion-icon\"><\/i>\n\t        \t\t\t<span class=\"ult_tab_main ult_ac_main ult_noacordicnBoth\">\n\n\t\t\t\t\t\t<span  data-ultimate-target='#advanced-tabs-wrap-3776 .ult-span-text'  data-responsive-json-new='{\"font-size\":\"desktop:14px;\",\"line-height\":\"\"}'  class=\"ult-span-text no_icon ult_acordian-text ult-responsive\" style=\"font-weight:bold;;color:inherit \" >DESCRIPTION<\/span>\n\t\t\t\t\t\t<\/span><\/a><\/dt>\n\t            \t\t<dd class=\"ult-tabto-accordionItem ult-tabto-accolapsed\">\n\t\t\t\t            <div class=\"ult-tabto-acontent\" style=\"color:#74777b;\">\n\t\t\t\t               [vc_column_text css=&#8221;&#8221;]PVM registracija gali b\u016bti sud\u0117tingas procesas, ta\u010diau 1Office pad\u0117s tai padaryti skland\u017eiai.<\/p>\n<p>&nbsp;<\/p>\n<p><strong>Reikalinga \u0161i informacija:<\/strong><\/p>\n<ul>\n<li>Pagrindin\u0117 \u012fmon\u0117s veikla Lietuvoje<\/li>\n<li>Planuojama \u012fmon\u0117s veikla ir apyvarta<\/li>\n<li>Juridinio asmens dokumentai (Registro duomenys)<\/li>\n<li>Esamos sutartys, susijusios su \u012fmon\u0117s veikla<\/li>\n<li>Informacija apie kitus asmenis arba asociacijas, susijusias su akcininkais<\/li>\n<\/ul>\n<p><strong>\u012e kain\u0105 \u012feina:<\/strong><\/p>\n<ul>\n<li>PVM registracijos formos paruo\u0161imas<\/li>\n<li>Registracijos pateikimas Valstybinei Mokes\u010di\u0173 Inspekcijai (VMI)<\/li>\n<li>VMI klausim\u0173 atsakymas*<\/li>\n<\/ul>\n<p>&nbsp;<\/p>\n<p><strong>Svarbu!<\/strong> PVM mok\u0117tojai privalo pateikti m\u0117nesines PVM deklaracijas, net ir tuo atveju, kai \u012fmon\u0117 neturi deklaruojam\u0173 veiksm\u0173, per esam\u0105 laikotarp\u012f.<\/p>\n<p>* \u012e kain\u0105 \u012feina vienkartinis klausim\u0173 atsakymas. Tuo atveju, jeigu deklaracija yra atmetama arba VMI turi papildom\u0173 klausim\u0173, yra taikomas papildomas 50\u20ac mokestis.[\/vc_column_text]\n\t\t\t\t            <\/div>\n\t        \t\t\t<\/dd>\n    \t<\/dl>\n    <!--<div class=\"extraborder\" style=\"background-color:#ffffff\"><\/div>-->\n<\/div>\n\n<\/div>[\/vc_column][\/vc_row]<\/p>\n<\/div>","protected":false},"excerpt":{"rendered":"<p>Lietuvoje juridiniai asmenys privalo registruotis PVM mok\u0117tojais, kai \u012fmon\u0117s metin\u0117 apyvarta pasiekia 45.000\u20ac arba \u012fsigyja preki\u0173 i\u0161 ES \u0161ali\u0173 u\u017e 14.000\u20ac.<\/p>\n","protected":false},"featured_media":59502,"template":"","meta":{"_acf_changed":false,"inline_featured_image":false},"product_brand":[],"product_cat":[414],"product_tag":[415],"class_list":{"0":"post-59546","1":"product","2":"type-product","3":"status-publish","4":"has-post-thumbnail","6":"product_cat-apskaita-lt","7":"product_tag-lithuania-lt","8":"description-off","10":"first","11":"instock","12":"virtual","13":"taxable","14":"purchasable","15":"product-type-simple"},"bundled_by":[],"bundle_stock_status":"instock","bundle_stock_quantity":null,"bundle_virtual":false,"bundle_layout":"","bundle_add_to_cart_form_location":"","bundle_editable_in_cart":false,"bundle_sold_individually_context":"","bundle_item_grouping":"","bundle_min_size":"","bundle_max_size":"","bundle_price":[],"bundled_items":[],"bundle_sell_ids":[],"acf":[],"yoast_head":"<!-- This site is optimized with the Yoast SEO Premium plugin v22.1 (Yoast SEO v27.0) - https:\/\/yoast.com\/product\/yoast-seo-premium-wordpress\/ -->\n<title>PVM registracija - 1Office Lithuania<\/title>\n<meta name=\"description\" content=\"Lietuvoje juridiniai asmenys privalo registruotis PVM mok\u0117tojais, kai \u012fmon\u0117s metin\u0117 apyvarta pasiekia 45.000\u20ac arba \u012fsigyja preki\u0173 i\u0161 ES \u0161ali\u0173 u\u017e 14.000\u20ac.\" \/>\n<meta name=\"robots\" content=\"index, follow, max-snippet:-1, max-image-preview:large, max-video-preview:-1\" \/>\n<link rel=\"canonical\" href=\"https:\/\/1office.co\/lithuania\/lt\/produktas\/vat-registration-for-a-foreign-company\/\" \/>\n<meta property=\"og:locale\" content=\"lt_LT\" \/>\n<meta property=\"og:type\" content=\"article\" \/>\n<meta property=\"og:title\" content=\"PVM registracija\" \/>\n<meta property=\"og:description\" content=\"Lietuvoje juridiniai asmenys privalo registruotis PVM mok\u0117tojais, kai \u012fmon\u0117s metin\u0117 apyvarta pasiekia 45.000\u20ac arba \u012fsigyja preki\u0173 i\u0161 ES \u0161ali\u0173 u\u017e 14.000\u20ac.\" \/>\n<meta property=\"og:url\" content=\"https:\/\/1office.co\/lithuania\/lt\/produktas\/vat-registration-for-a-foreign-company\/\" \/>\n<meta property=\"og:site_name\" content=\"1Office Lithuania\" \/>\n<meta property=\"article:modified_time\" content=\"2025-06-13T07:53:05+00:00\" \/>\n<meta property=\"og:image\" content=\"https:\/\/1office.co\/lithuania\/wp-content\/uploads\/sites\/15\/2017\/12\/VAT-registration-for-a-foreign-company.png\" \/>\n\t<meta property=\"og:image:width\" content=\"500\" \/>\n\t<meta property=\"og:image:height\" content=\"500\" \/>\n\t<meta property=\"og:image:type\" content=\"image\/png\" \/>\n<meta name=\"twitter:card\" content=\"summary_large_image\" \/>\n<meta name=\"twitter:label1\" content=\"Est. reading time\" \/>\n\t<meta name=\"twitter:data1\" content=\"1 minut\u0117\" \/>\n<script type=\"application\/ld+json\" class=\"yoast-schema-graph\">{\"@context\":\"https:\/\/schema.org\",\"@graph\":[{\"@type\":\"WebPage\",\"@id\":\"https:\/\/1office.co\/lithuania\/lt\/produktas\/vat-registration-for-a-foreign-company\/\",\"url\":\"https:\/\/1office.co\/lithuania\/lt\/produktas\/vat-registration-for-a-foreign-company\/\",\"name\":\"PVM registracija - 1Office Lithuania\",\"isPartOf\":{\"@id\":\"https:\/\/1office.co\/lithuania\/#website\"},\"primaryImageOfPage\":{\"@id\":\"https:\/\/1office.co\/lithuania\/lt\/produktas\/vat-registration-for-a-foreign-company\/#primaryimage\"},\"image\":{\"@id\":\"https:\/\/1office.co\/lithuania\/lt\/produktas\/vat-registration-for-a-foreign-company\/#primaryimage\"},\"thumbnailUrl\":\"https:\/\/1office.co\/lithuania\/wp-content\/uploads\/sites\/15\/2017\/12\/VAT-registration-for-a-foreign-company.png\",\"datePublished\":\"2022-04-07T06:23:48+00:00\",\"dateModified\":\"2025-06-13T07:53:05+00:00\",\"description\":\"Lietuvoje juridiniai asmenys privalo registruotis PVM mok\u0117tojais, kai \u012fmon\u0117s metin\u0117 apyvarta pasiekia 45.000\u20ac arba \u012fsigyja preki\u0173 i\u0161 ES \u0161ali\u0173 u\u017e 14.000\u20ac.\",\"breadcrumb\":{\"@id\":\"https:\/\/1office.co\/lithuania\/lt\/produktas\/vat-registration-for-a-foreign-company\/#breadcrumb\"},\"inLanguage\":\"lt-LT\",\"potentialAction\":[{\"@type\":\"ReadAction\",\"target\":[\"https:\/\/1office.co\/lithuania\/lt\/produktas\/vat-registration-for-a-foreign-company\/\"]}]},{\"@type\":\"ImageObject\",\"inLanguage\":\"lt-LT\",\"@id\":\"https:\/\/1office.co\/lithuania\/lt\/produktas\/vat-registration-for-a-foreign-company\/#primaryimage\",\"url\":\"https:\/\/1office.co\/lithuania\/wp-content\/uploads\/sites\/15\/2017\/12\/VAT-registration-for-a-foreign-company.png\",\"contentUrl\":\"https:\/\/1office.co\/lithuania\/wp-content\/uploads\/sites\/15\/2017\/12\/VAT-registration-for-a-foreign-company.png\",\"width\":500,\"height\":500},{\"@type\":\"BreadcrumbList\",\"@id\":\"https:\/\/1office.co\/lithuania\/lt\/produktas\/vat-registration-for-a-foreign-company\/#breadcrumb\",\"itemListElement\":[{\"@type\":\"ListItem\",\"position\":1,\"name\":\"Home\",\"item\":\"https:\/\/1office.co\/lithuania\/lt\/\"},{\"@type\":\"ListItem\",\"position\":2,\"name\":\"Teenused leht\",\"item\":\"https:\/\/1office.co\/lithuania\/et\/teenused\/\"},{\"@type\":\"ListItem\",\"position\":3,\"name\":\"PVM registracija\"}]},{\"@type\":\"WebSite\",\"@id\":\"https:\/\/1office.co\/lithuania\/#website\",\"url\":\"https:\/\/1office.co\/lithuania\/\",\"name\":\"1Office Lithuania\",\"description\":\"Making Business Simple\",\"potentialAction\":[{\"@type\":\"SearchAction\",\"target\":{\"@type\":\"EntryPoint\",\"urlTemplate\":\"https:\/\/1office.co\/lithuania\/?s={search_term_string}\"},\"query-input\":{\"@type\":\"PropertyValueSpecification\",\"valueRequired\":true,\"valueName\":\"search_term_string\"}}],\"inLanguage\":\"lt-LT\"}]}<\/script>\n<!-- \/ Yoast SEO Premium plugin. -->","yoast_head_json":{"title":"PVM registracija - 1Office Lithuania","description":"Lietuvoje juridiniai asmenys privalo registruotis PVM mok\u0117tojais, kai \u012fmon\u0117s metin\u0117 apyvarta pasiekia 45.000\u20ac arba \u012fsigyja preki\u0173 i\u0161 ES \u0161ali\u0173 u\u017e 14.000\u20ac.","robots":{"index":"index","follow":"follow","max-snippet":"max-snippet:-1","max-image-preview":"max-image-preview:large","max-video-preview":"max-video-preview:-1"},"canonical":"https:\/\/1office.co\/lithuania\/lt\/produktas\/vat-registration-for-a-foreign-company\/","og_locale":"lt_LT","og_type":"article","og_title":"PVM registracija","og_description":"Lietuvoje juridiniai asmenys privalo registruotis PVM mok\u0117tojais, kai \u012fmon\u0117s metin\u0117 apyvarta pasiekia 45.000\u20ac arba \u012fsigyja preki\u0173 i\u0161 ES \u0161ali\u0173 u\u017e 14.000\u20ac.","og_url":"https:\/\/1office.co\/lithuania\/lt\/produktas\/vat-registration-for-a-foreign-company\/","og_site_name":"1Office Lithuania","article_modified_time":"2025-06-13T07:53:05+00:00","og_image":[{"width":500,"height":500,"url":"https:\/\/1office.co\/lithuania\/wp-content\/uploads\/sites\/15\/2017\/12\/VAT-registration-for-a-foreign-company.png","type":"image\/png"}],"twitter_card":"summary_large_image","twitter_misc":{"Est. reading time":"1 minut\u0117"},"schema":{"@context":"https:\/\/schema.org","@graph":[{"@type":"WebPage","@id":"https:\/\/1office.co\/lithuania\/lt\/produktas\/vat-registration-for-a-foreign-company\/","url":"https:\/\/1office.co\/lithuania\/lt\/produktas\/vat-registration-for-a-foreign-company\/","name":"PVM registracija - 1Office Lithuania","isPartOf":{"@id":"https:\/\/1office.co\/lithuania\/#website"},"primaryImageOfPage":{"@id":"https:\/\/1office.co\/lithuania\/lt\/produktas\/vat-registration-for-a-foreign-company\/#primaryimage"},"image":{"@id":"https:\/\/1office.co\/lithuania\/lt\/produktas\/vat-registration-for-a-foreign-company\/#primaryimage"},"thumbnailUrl":"https:\/\/1office.co\/lithuania\/wp-content\/uploads\/sites\/15\/2017\/12\/VAT-registration-for-a-foreign-company.png","datePublished":"2022-04-07T06:23:48+00:00","dateModified":"2025-06-13T07:53:05+00:00","description":"Lietuvoje juridiniai asmenys privalo registruotis PVM mok\u0117tojais, kai \u012fmon\u0117s metin\u0117 apyvarta pasiekia 45.000\u20ac arba \u012fsigyja preki\u0173 i\u0161 ES \u0161ali\u0173 u\u017e 14.000\u20ac.","breadcrumb":{"@id":"https:\/\/1office.co\/lithuania\/lt\/produktas\/vat-registration-for-a-foreign-company\/#breadcrumb"},"inLanguage":"lt-LT","potentialAction":[{"@type":"ReadAction","target":["https:\/\/1office.co\/lithuania\/lt\/produktas\/vat-registration-for-a-foreign-company\/"]}]},{"@type":"ImageObject","inLanguage":"lt-LT","@id":"https:\/\/1office.co\/lithuania\/lt\/produktas\/vat-registration-for-a-foreign-company\/#primaryimage","url":"https:\/\/1office.co\/lithuania\/wp-content\/uploads\/sites\/15\/2017\/12\/VAT-registration-for-a-foreign-company.png","contentUrl":"https:\/\/1office.co\/lithuania\/wp-content\/uploads\/sites\/15\/2017\/12\/VAT-registration-for-a-foreign-company.png","width":500,"height":500},{"@type":"BreadcrumbList","@id":"https:\/\/1office.co\/lithuania\/lt\/produktas\/vat-registration-for-a-foreign-company\/#breadcrumb","itemListElement":[{"@type":"ListItem","position":1,"name":"Home","item":"https:\/\/1office.co\/lithuania\/lt\/"},{"@type":"ListItem","position":2,"name":"Teenused leht","item":"https:\/\/1office.co\/lithuania\/et\/teenused\/"},{"@type":"ListItem","position":3,"name":"PVM registracija"}]},{"@type":"WebSite","@id":"https:\/\/1office.co\/lithuania\/#website","url":"https:\/\/1office.co\/lithuania\/","name":"1Office Lithuania","description":"Making Business Simple","potentialAction":[{"@type":"SearchAction","target":{"@type":"EntryPoint","urlTemplate":"https:\/\/1office.co\/lithuania\/?s={search_term_string}"},"query-input":{"@type":"PropertyValueSpecification","valueRequired":true,"valueName":"search_term_string"}}],"inLanguage":"lt-LT"}]}},"_links":{"self":[{"href":"https:\/\/1office.co\/lithuania\/lt\/wp-json\/wp\/v2\/product\/59546","targetHints":{"allow":["GET"]}}],"collection":[{"href":"https:\/\/1office.co\/lithuania\/lt\/wp-json\/wp\/v2\/product"}],"about":[{"href":"https:\/\/1office.co\/lithuania\/lt\/wp-json\/wp\/v2\/types\/product"}],"wp:featuredmedia":[{"embeddable":true,"href":"https:\/\/1office.co\/lithuania\/lt\/wp-json\/wp\/v2\/media\/59502"}],"wp:attachment":[{"href":"https:\/\/1office.co\/lithuania\/lt\/wp-json\/wp\/v2\/media?parent=59546"}],"wp:term":[{"taxonomy":"product_brand","embeddable":true,"href":"https:\/\/1office.co\/lithuania\/lt\/wp-json\/wp\/v2\/product_brand?post=59546"},{"taxonomy":"product_cat","embeddable":true,"href":"https:\/\/1office.co\/lithuania\/lt\/wp-json\/wp\/v2\/product_cat?post=59546"},{"taxonomy":"product_tag","embeddable":true,"href":"https:\/\/1office.co\/lithuania\/lt\/wp-json\/wp\/v2\/product_tag?post=59546"}],"curies":[{"name":"wp","href":"https:\/\/api.w.org\/{rel}","templated":true}]}}