{"id":57771,"date":"2017-08-10T10:40:14","date_gmt":"2017-08-10T10:40:14","guid":{"rendered":"https:\/\/1office.co\/lithuania\/product\/accountants-hourly-fee\/"},"modified":"2022-09-29T09:14:28","modified_gmt":"2022-09-29T09:14:28","slug":"accountants-hourly-fee","status":"publish","type":"product","link":"https:\/\/1office.co\/lithuania\/lv\/product\/accountants-hourly-fee\/","title":{"rendered":"Gr\u0101matve\u017ea stundas maksa"},"content":{"rendered":"<div class=\"wpb-content-wrapper\"><p>[vc_row][vc_column]<div id=\"advanced-tabs-desc-wrap-8156\" class=\"ult_tabs product_tabs\" style=\" \" data-tabsstyle=\"style1\"\n data-titlebg=\"#ffffff\" data-titlecolor=\"#b6b8ba\" data-fullheight=\"off\"\n data-titlehoverbg=\"#ffffff\" data-titlehovercolor=\"#1d1e23\"\n data-rotatetabs=\"0\" data-responsivemode=\"Both\" data-animation=\"Slide\"\ndata-activetitle=\"#1d1e23\" data-activeicon=\"\" data-activebg=\"#ffffff\"  data-respmode=\"Tabs\" data-respwidth=\"400\" data-scroll = \"on\" data-activeindex=\"1\"><ul id=advanced-tabs-wrap-7747 class=\"ult_tabmenu style1 \" style=\"\"><li class=\"ult_tab_li  \" data-iconcolor=\"#74777b\" data-iconhover=\"#ffffff\" style=\"background-color:#ffffff;border-color:transparent;border-width:0px;border-style:solid;border-top-left-radius:8px;\">\n\t\t\t\t\t<a href=\"#1512642751410-8598a-c205\"  id=\"1512642751410-8598a-c205\"  style=\"color:#b6b8ba;; padding:15px; \" class=\"ult_a  \">\n\t\t\t\t\t     <span class=\"ult_tab_main Both \">\n\t\t\t\t\t \t\t <span class=\"ult_tab_section\">\n\t\t\t\t\t   \t\t\t<span  data-ultimate-target='#advanced-tabs-wrap-7747 .ult-span-text'  data-responsive-json-new='{\"font-size\":\"desktop:14px;\",\"line-height\":\"\"}'  class=\"ult-span-text no_icon ult_tab_display_text ult-responsive\" style=\"font-weight:bold;;\">Apraksts<\/span>\n\t\t\t\t\t   \t\t<\/span>\n\t\t\t\t\t\t<\/span>\n\t\t\t\t\t<\/a>\n\t\t\t\t\t<\/li><li class=\"ult_tab_li  product-faq\" data-iconcolor=\"#74777b\" data-iconhover=\"#ffffff\" style=\"background-color:#ffffff;border-color:transparent;border-width:0px;border-style:solid;border-top-right-radius:8px;\">\n\t\t\t\t\t<a href=\"#1512642751435-8598a-c205\"  id=\"1512642751435-8598a-c205\"  style=\"color:#b6b8ba;; padding:15px; \" class=\"ult_a  \">\n\t\t\t\t\t     <span class=\"ult_tab_main Both \">\n\t\t\t\t\t \t\t <span class=\"ult_tab_section\">\n\t\t\t\t\t   \t\t\t<span  data-ultimate-target='#advanced-tabs-wrap-7747 .ult-span-text'  data-responsive-json-new='{\"font-size\":\"desktop:14px;\",\"line-height\":\"\"}'  class=\"ult-span-text no_icon ult_tab_display_text ult-responsive\" style=\"font-weight:bold;;\">BUJ<\/span>\n\t\t\t\t\t   \t\t<\/span>\n\t\t\t\t\t\t<\/span>\n\t\t\t\t\t<\/a>\n\t\t\t\t\t<\/li><\/ul><div  data-ultimate-target='#advanced-tabs-desc-wrap-8156 .ult_tabcontent .ult_tab_min_contain  p'  data-responsive-json-new='{\"font-size\":\"\",\"line-height\":\"\"}' class=\"ult_tabcontent ult-responsive style1\" style=\"color:#74777b;\"><div class=\"ult_tab_min_contain \" >\n\t\t\t<div  class=\"ult_tabitemname\"  >\n\t\t\t\t[vc_column_text]Katram Lietuv\u0101 re\u0123istr\u0113tam uz\u0146\u0113mumam ir j\u0101b\u016bt ofici\u0101lam gr\u0101matvedim, kur\u0161 ir re\u0123istr\u0113ts Valsts Nodok\u013cu inspekcij\u0101. J\u016bsu gr\u0101matvedis par\u016bp\u0113sies par uz\u0146\u0113muma ikdienas gr\u0101matved\u012bbu, deklar\u0101cij\u0101m utt., k\u0101 ar\u012b sniegs padomu biznesa l\u0113mumu pie\u0146em\u0161an\u0101.<\/p>\n<p>&nbsp;<\/p>\n<p><strong>Pakalpojuma cen\u0101 iek\u013cauts:<\/strong><br \/>\n\u2022 Kases gr\u0101matas aizpild\u012b\u0161ana;<br \/>\n\u2022 S\u012bko naudas kuponu re\u0123istr\u0113\u0161ana gr\u0101matved\u012bbas dokumentos;<br \/>\n\u2022 Pirk\u0161anas un p\u0101rdo\u0161anas r\u0113\u0137inu re\u0123istr\u0113\u0161ana gr\u0101matved\u012bbas dokumentos vai re\u0123istr\u0113to pirk\u0161anas un p\u0101rdo\u0161anas r\u0113\u0137inu p\u0101rbaude;<br \/>\n\u2022 Skaidras naudas dokumentu re\u0123istr\u0113\u0161ana gr\u0101matved\u012bbas dokumentos;<br \/>\n\u2022 Pamatl\u012bdzek\u013cu uzskaite;<br \/>\n\u2022 Algas apr\u0113\u0137ins un t\u0101 re\u0123istr\u0101cija gr\u0101matved\u012bbas dokumentos;<br \/>\n\u2022 Bankas dokumentu re\u0123istr\u0113\u0161ana gr\u0101matved\u012bbas dokumentos;<br \/>\n\u2022 Kop\u0113j\u0101 noliktavas uzskaite;<br \/>\n\u2022 Nodok\u013cu apr\u0113\u0137ins;<br \/>\n\u2022 Finansi\u0101l\u0101s atbild\u012bbas sagatavo\u0161ana;<br \/>\n\u2022 Nodok\u013cu p\u0101rskatu sagatavo\u0161ana;<br \/>\n\u2022 Finan\u0161u statistikas p\u0101rskatu sagatavo\u0161ana;<br \/>\n\u2022 Soci\u0101l\u0101s apdro\u0161in\u0101\u0161anas zi\u0146ojumu sagatavo\u0161ana;<br \/>\n\u2022 Sagatavoto deklar\u0101ciju un zi\u0146ojumu iesnieg\u0161ana Valsts nodok\u013cu inspekcijai, Soci\u0101l\u0101s apdro\u0161in\u0101\u0161anas fonda valdei, Statistikas departamentam, Valsts uz\u0146\u0113mum\u0101 &#8220;Re\u0123istru centrs&#8221;<\/p>\n<p>&nbsp;<\/p>\n<p><strong>Pakalpojums s\u0101kas ar vienreiz\u0113ju iestat\u012b\u0161anas maksu 69 \u20ac, kas ietver:<\/strong><\/p>\n<p>\u2022 Konsult\u0101cija ar gr\u0101matvedi, lai g\u016btu skaidru p\u0101rskatu par J\u016bsu uz\u0146\u0113muma darb\u012bb\u0101m un vajadz\u012bb\u0101m, vienojoties par sadarb\u012bbas principiem, k\u0101 ar\u012b konsult\u0101cija par Lietuvas nodok\u013cu politikas principiem un gr\u0101matved\u012bbas pakalpojumu nosac\u012bjumiem un termi\u0146iem.<br \/>\n\u2022 Uz\u0146\u0113muma inform\u0101cijas ievad\u012b\u0161ana gr\u0101matved\u012bbas programmat\u016br\u0101<br \/>\n\u2022 Instrukcija par nepiecie\u0161amo inform\u0101cijas piek\u013cuvi (Soci\u0101l\u0101s apdro\u0161in\u0101\u0161anas fonda valde, Valsts nodok\u013cu inspekcija u.c.)<br \/>\n\u2022 Dokumentu arhiv\u0113\u0161anas l\u012bdzek\u013cu un citu nepiecie\u0161amo darb\u012bbu sagatave, lai p\u0101r\u0146emtu uz\u0146\u0113muma gr\u0101matved\u012bbu<br \/>\nN\u0101kamie r\u0113\u0137ini par gr\u0101matved\u012bbas pakalpojumiem tiek izsniegti reizi m\u0113nes\u012b ar 15 min\u016b\u0161u precizit\u0101ti, un minim\u0101l\u0101 m\u0113ne\u0161a maksa ir 65 \u20ac.<\/p>\n<p>M\u0113s pie\u0146emam dokumentus lietuvie\u0161u, krievu un ang\u013cu valod\u0101.[\/vc_column_text]\n\t\t\t<\/div>\n\t\t\t<div  class=\"ult_tabitemname\"  >\n\t\t\t\t[vc_toggle title=&#8221;1. Vai dr\u012bkstu veikt sava uz\u0146\u0113muma gr\u0101matved\u012bbu?&#8221; style=&#8221;arrow&#8221; custom_font_container=&#8221;tag:h5|text_align:left&#8221; custom_use_theme_fonts=&#8221;yes&#8221; use_custom_heading=&#8221;true&#8221;]N\u0113. Gr\u0101matved\u012bbu var veikt k\u0101ds cits uz\u0146\u0113mums vai gr\u0101matved\u012bbas pakalpojumu sniedz\u0113js (\u0161aj\u0101 gad\u012bjum\u0101 nepiecie\u0161ama apdro\u0161in\u0101\u0161ana), vai ar\u012b varat pie\u0146emt darb\u0101 uz\u0146\u0113muma gr\u0101matvedi (\u0161\u012b ir vien\u012bg\u0101 iesp\u0113ja, kas neprasa apdro\u0161in\u0101\u0161anu).[\/vc_toggle][vc_toggle title=&#8221;2. Vai oblig\u0101ti j\u0101veic gr\u0101matved\u012bbas uzskaite katru m\u0113nesi?&#8221; style=&#8221;arrow&#8221; custom_font_container=&#8221;tag:h5|text_align:left&#8221; custom_use_theme_fonts=&#8221;yes&#8221; use_custom_heading=&#8221;true&#8221;]Ja J\u016bsu uz\u0146\u0113mums ir re\u0123istr\u0113ts k\u0101 PVN maks\u0101t\u0101js, deklar\u0101cijas j\u0101iesniedz katru m\u0113nesi. T\u0101pat uz\u0146\u0113mumam ir nepiecie\u0161ams algots direktors\/-e, pat ja vi\u0146\u0161\/-a nestr\u0101d\u0101. Inform\u0101cija par izmaks\u0101maj\u0101m alg\u0101m ir ik m\u0113nesi j\u0101nos\u016bta uz Soci\u0101l\u0101s apdro\u0161in\u0101\u0161anas fonda valdi.[\/vc_toggle][vc_toggle title=&#8221;3. K\u0101di ir direktora\/-es pien\u0101kumi?&#8221; style=&#8221;arrow&#8221; custom_font_container=&#8221;tag:h5|text_align:left&#8221; custom_use_theme_fonts=&#8221;yes&#8221; use_custom_heading=&#8221;true&#8221;]Saska\u0146\u0101 ar likumu, direktoram\/-ei nav nek\u0101du noteiktu pien\u0101kumu. Juridisko personu valdes locek\u013cu pien\u0101kumi ir atrodami Lietuvas Civilkodeksa 2.87. pant\u0101.[\/vc_toggle]\n\t\t\t<\/div><\/div><\/div><\/div><div class=\"ult_acord advanced-tabs-desc-wrap-8156\">\n   <div class=\"ult-tabto-accordion \" style=\"width:;\"\n    data-titlecolor=\"#b6b8ba\"  data-titlebg=\"#ffffff\"\n     data-titlehoverbg=\"#ffffff\" data-titlehovercolor=\"#1d1e23\" data-animation=\"Slide\"\n     data-activetitle=\"#1d1e23\" data-activeicon=\"\" data-activebg=\"#ffffff\" data-scroll = \"on\" data-activeindex=\"1\" >\n     <dl><dt class=\"\">\n\t        \t<a class=\"ult-tabto-actitle withBorder ult_a \" id=\"1512642751410-8598a-c205\" style=\"color:#b6b8ba;;background-color:#ffffff;border-bottom-color:transparent;border-bottom-width:0px;border-bottom-style:solid;\" href=\"#1512642751410-8598a-c205\">\n\t        \t\t<i class=\"accordion-icon\"><\/i>\n\t        \t\t\t<span class=\"ult_tab_main ult_ac_main ult_noacordicnBoth\">\n\n\t\t\t\t\t\t<span  data-ultimate-target='#advanced-tabs-wrap-7747 .ult-span-text'  data-responsive-json-new='{\"font-size\":\"desktop:14px;\",\"line-height\":\"\"}'  class=\"ult-span-text no_icon ult_acordian-text ult-responsive\" style=\"font-weight:bold;;color:inherit \" >Apraksts<\/span>\n\t\t\t\t\t\t<\/span><\/a><\/dt>\n\t            \t\t<dd class=\"ult-tabto-accordionItem ult-tabto-accolapsed\">\n\t\t\t\t            <div class=\"ult-tabto-acontent\" style=\"color:#74777b;\">\n\t\t\t\t               [vc_column_text]Katram Lietuv\u0101 re\u0123istr\u0113tam uz\u0146\u0113mumam ir j\u0101b\u016bt ofici\u0101lam gr\u0101matvedim, kur\u0161 ir re\u0123istr\u0113ts Valsts Nodok\u013cu inspekcij\u0101. J\u016bsu gr\u0101matvedis par\u016bp\u0113sies par uz\u0146\u0113muma ikdienas gr\u0101matved\u012bbu, deklar\u0101cij\u0101m utt., k\u0101 ar\u012b sniegs padomu biznesa l\u0113mumu pie\u0146em\u0161an\u0101.<\/p>\n<p>&nbsp;<\/p>\n<p><strong>Pakalpojuma cen\u0101 iek\u013cauts:<\/strong><br \/>\n\u2022 Kases gr\u0101matas aizpild\u012b\u0161ana;<br \/>\n\u2022 S\u012bko naudas kuponu re\u0123istr\u0113\u0161ana gr\u0101matved\u012bbas dokumentos;<br \/>\n\u2022 Pirk\u0161anas un p\u0101rdo\u0161anas r\u0113\u0137inu re\u0123istr\u0113\u0161ana gr\u0101matved\u012bbas dokumentos vai re\u0123istr\u0113to pirk\u0161anas un p\u0101rdo\u0161anas r\u0113\u0137inu p\u0101rbaude;<br \/>\n\u2022 Skaidras naudas dokumentu re\u0123istr\u0113\u0161ana gr\u0101matved\u012bbas dokumentos;<br \/>\n\u2022 Pamatl\u012bdzek\u013cu uzskaite;<br \/>\n\u2022 Algas apr\u0113\u0137ins un t\u0101 re\u0123istr\u0101cija gr\u0101matved\u012bbas dokumentos;<br \/>\n\u2022 Bankas dokumentu re\u0123istr\u0113\u0161ana gr\u0101matved\u012bbas dokumentos;<br \/>\n\u2022 Kop\u0113j\u0101 noliktavas uzskaite;<br \/>\n\u2022 Nodok\u013cu apr\u0113\u0137ins;<br \/>\n\u2022 Finansi\u0101l\u0101s atbild\u012bbas sagatavo\u0161ana;<br \/>\n\u2022 Nodok\u013cu p\u0101rskatu sagatavo\u0161ana;<br \/>\n\u2022 Finan\u0161u statistikas p\u0101rskatu sagatavo\u0161ana;<br \/>\n\u2022 Soci\u0101l\u0101s apdro\u0161in\u0101\u0161anas zi\u0146ojumu sagatavo\u0161ana;<br \/>\n\u2022 Sagatavoto deklar\u0101ciju un zi\u0146ojumu iesnieg\u0161ana Valsts nodok\u013cu inspekcijai, Soci\u0101l\u0101s apdro\u0161in\u0101\u0161anas fonda valdei, Statistikas departamentam, Valsts uz\u0146\u0113mum\u0101 &#8220;Re\u0123istru centrs&#8221;<\/p>\n<p>&nbsp;<\/p>\n<p><strong>Pakalpojums s\u0101kas ar vienreiz\u0113ju iestat\u012b\u0161anas maksu 69 \u20ac, kas ietver:<\/strong><\/p>\n<p>\u2022 Konsult\u0101cija ar gr\u0101matvedi, lai g\u016btu skaidru p\u0101rskatu par J\u016bsu uz\u0146\u0113muma darb\u012bb\u0101m un vajadz\u012bb\u0101m, vienojoties par sadarb\u012bbas principiem, k\u0101 ar\u012b konsult\u0101cija par Lietuvas nodok\u013cu politikas principiem un gr\u0101matved\u012bbas pakalpojumu nosac\u012bjumiem un termi\u0146iem.<br \/>\n\u2022 Uz\u0146\u0113muma inform\u0101cijas ievad\u012b\u0161ana gr\u0101matved\u012bbas programmat\u016br\u0101<br \/>\n\u2022 Instrukcija par nepiecie\u0161amo inform\u0101cijas piek\u013cuvi (Soci\u0101l\u0101s apdro\u0161in\u0101\u0161anas fonda valde, Valsts nodok\u013cu inspekcija u.c.)<br \/>\n\u2022 Dokumentu arhiv\u0113\u0161anas l\u012bdzek\u013cu un citu nepiecie\u0161amo darb\u012bbu sagatave, lai p\u0101r\u0146emtu uz\u0146\u0113muma gr\u0101matved\u012bbu<br \/>\nN\u0101kamie r\u0113\u0137ini par gr\u0101matved\u012bbas pakalpojumiem tiek izsniegti reizi m\u0113nes\u012b ar 15 min\u016b\u0161u precizit\u0101ti, un minim\u0101l\u0101 m\u0113ne\u0161a maksa ir 65 \u20ac.<\/p>\n<p>M\u0113s pie\u0146emam dokumentus lietuvie\u0161u, krievu un ang\u013cu valod\u0101.[\/vc_column_text]\n\t\t\t\t            <\/div>\n\t        \t\t\t<\/dd><dt class=\"product-faq\">\n\t        \t<a class=\"ult-tabto-actitle withBorder ult_a \" id=\"1512642751435-8598a-c205\" style=\"color:#b6b8ba;;background-color:#ffffff;border-bottom-color:transparent;border-bottom-width:0px;border-bottom-style:solid;border-bottom-color:transparent;border-bottom-width:0px;border-bottom-style:solid;\" href=\"#1512642751435-8598a-c205\">\n\t        \t\t<i class=\"accordion-icon\"><\/i>\n\t        \t\t\t<span class=\"ult_tab_main ult_ac_main ult_noacordicnBoth\">\n\n\t\t\t\t\t\t<span  data-ultimate-target='#advanced-tabs-wrap-7747 .ult-span-text'  data-responsive-json-new='{\"font-size\":\"desktop:14px;\",\"line-height\":\"\"}'  class=\"ult-span-text no_icon ult_acordian-text ult-responsive\" style=\"font-weight:bold;;color:inherit \" >BUJ<\/span>\n\t\t\t\t\t\t<\/span><\/a><\/dt>\n\t            \t\t<dd class=\"ult-tabto-accordionItem ult-tabto-accolapsed\">\n\t\t\t\t            <div class=\"ult-tabto-acontent\" style=\"color:#74777b;\">\n\t\t\t\t               [vc_toggle title=&#8221;1. Vai dr\u012bkstu veikt sava uz\u0146\u0113muma gr\u0101matved\u012bbu?&#8221; style=&#8221;arrow&#8221; custom_font_container=&#8221;tag:h5|text_align:left&#8221; custom_use_theme_fonts=&#8221;yes&#8221; use_custom_heading=&#8221;true&#8221;]N\u0113. Gr\u0101matved\u012bbu var veikt k\u0101ds cits uz\u0146\u0113mums vai gr\u0101matved\u012bbas pakalpojumu sniedz\u0113js (\u0161aj\u0101 gad\u012bjum\u0101 nepiecie\u0161ama apdro\u0161in\u0101\u0161ana), vai ar\u012b varat pie\u0146emt darb\u0101 uz\u0146\u0113muma gr\u0101matvedi (\u0161\u012b ir vien\u012bg\u0101 iesp\u0113ja, kas neprasa apdro\u0161in\u0101\u0161anu).[\/vc_toggle][vc_toggle title=&#8221;2. Vai oblig\u0101ti j\u0101veic gr\u0101matved\u012bbas uzskaite katru m\u0113nesi?&#8221; style=&#8221;arrow&#8221; custom_font_container=&#8221;tag:h5|text_align:left&#8221; custom_use_theme_fonts=&#8221;yes&#8221; use_custom_heading=&#8221;true&#8221;]Ja J\u016bsu uz\u0146\u0113mums ir re\u0123istr\u0113ts k\u0101 PVN maks\u0101t\u0101js, deklar\u0101cijas j\u0101iesniedz katru m\u0113nesi. T\u0101pat uz\u0146\u0113mumam ir nepiecie\u0161ams algots direktors\/-e, pat ja vi\u0146\u0161\/-a nestr\u0101d\u0101. Inform\u0101cija par izmaks\u0101maj\u0101m alg\u0101m ir ik m\u0113nesi j\u0101nos\u016bta uz Soci\u0101l\u0101s apdro\u0161in\u0101\u0161anas fonda valdi.[\/vc_toggle][vc_toggle title=&#8221;3. K\u0101di ir direktora\/-es pien\u0101kumi?&#8221; style=&#8221;arrow&#8221; custom_font_container=&#8221;tag:h5|text_align:left&#8221; custom_use_theme_fonts=&#8221;yes&#8221; use_custom_heading=&#8221;true&#8221;]Saska\u0146\u0101 ar likumu, direktoram\/-ei nav nek\u0101du noteiktu pien\u0101kumu. Juridisko personu valdes locek\u013cu pien\u0101kumi ir atrodami Lietuvas Civilkodeksa 2.87. pant\u0101.[\/vc_toggle]\n\t\t\t\t            <\/div>\n\t        \t\t\t<\/dd>\n    \t<\/dl>\n    <!--<div class=\"extraborder\" style=\"background-color:#ffffff\"><\/div>-->\n<\/div>\n\n<\/div>[\/vc_column][\/vc_row]<\/p>\n<\/div>","protected":false},"excerpt":{"rendered":"<p>\u013baujiet speci\u0101listiem par\u016bp\u0113ties par J\u016bsu uz\u0146\u0113muma gr\u0101matved\u012bbu, lai J\u016bs var\u0113tu koncentr\u0113ties tikai uz sava uz\u0146\u0113muma darb\u012bbu. Prec\u012bzs darba apjoms un nepiecie\u0161am\u0101s gr\u0101matved\u012bbas darb\u012bbas tiek individu\u0101li saska\u0146otas ar katru klientu.<\/p>\n","protected":false},"featured_media":59486,"template":"","meta":{"_acf_changed":false,"inline_featured_image":false},"product_brand":[],"product_cat":[351],"product_tag":[352],"class_list":{"0":"post-57771","1":"product","2":"type-product","3":"status-publish","4":"has-post-thumbnail","6":"product_cat-accounting-lv","7":"product_tag-lithuania-lv","8":"description-off","10":"first","11":"instock","12":"taxable","13":"shipping-taxable","14":"purchasable","15":"product-type-simple"},"bundled_by":[],"bundle_stock_status":"instock","bundle_stock_quantity":null,"bundle_virtual":false,"bundle_layout":"","bundle_add_to_cart_form_location":"","bundle_editable_in_cart":false,"bundle_sold_individually_context":"","bundle_item_grouping":"","bundle_min_size":"","bundle_max_size":"","bundle_price":[],"bundled_items":[],"bundle_sell_ids":[],"acf":[],"yoast_head":"<!-- This site is optimized with the Yoast SEO Premium plugin v22.1 (Yoast SEO v27.0) - https:\/\/yoast.com\/product\/yoast-seo-premium-wordpress\/ -->\n<title>Gr\u0101matve\u017ea stundas maksa - 1Office Lithuania<\/title>\n<meta name=\"description\" content=\"Every company registered in Lithuania is required to have an official accountant, who is registered with StateTax Inspectorate. Your accountant will be there for you to take care of your everyday accounting, declarations etc. as well as advise you on taking good business decisions.\" \/>\n<meta name=\"robots\" content=\"index, follow, max-snippet:-1, max-image-preview:large, max-video-preview:-1\" \/>\n<link rel=\"canonical\" href=\"https:\/\/1office.co\/lithuania\/lv\/product\/accountants-hourly-fee\/\" \/>\n<meta property=\"og:locale\" content=\"lv_LV\" \/>\n<meta property=\"og:type\" content=\"article\" \/>\n<meta property=\"og:title\" content=\"Gr\u0101matve\u017ea stundas maksa\" \/>\n<meta property=\"og:description\" content=\"Every company registered in Lithuania is required to have an official accountant, who is registered with StateTax Inspectorate. Your accountant will be there for you to take care of your everyday accounting, declarations etc. as well as advise you on taking good business decisions.\" \/>\n<meta property=\"og:url\" content=\"https:\/\/1office.co\/lithuania\/lv\/product\/accountants-hourly-fee\/\" \/>\n<meta property=\"og:site_name\" content=\"1Office Lithuania\" \/>\n<meta property=\"article:modified_time\" content=\"2022-09-29T09:14:28+00:00\" \/>\n<meta property=\"og:image\" content=\"https:\/\/1office.co\/lithuania\/wp-content\/uploads\/sites\/15\/2017\/04\/accounting.jpg\" \/>\n\t<meta property=\"og:image:width\" content=\"1200\" \/>\n\t<meta property=\"og:image:height\" content=\"518\" \/>\n\t<meta property=\"og:image:type\" content=\"image\/jpeg\" \/>\n<meta name=\"twitter:card\" content=\"summary_large_image\" \/>\n<meta name=\"twitter:label1\" content=\"Est. reading time\" \/>\n\t<meta name=\"twitter:data1\" content=\"2 minutes\" \/>\n<script type=\"application\/ld+json\" class=\"yoast-schema-graph\">{\"@context\":\"https:\/\/schema.org\",\"@graph\":[{\"@type\":\"WebPage\",\"@id\":\"https:\/\/1office.co\/lithuania\/lv\/product\/accountants-hourly-fee\/\",\"url\":\"https:\/\/1office.co\/lithuania\/lv\/product\/accountants-hourly-fee\/\",\"name\":\"Gr\u0101matve\u017ea stundas maksa - 1Office Lithuania\",\"isPartOf\":{\"@id\":\"https:\/\/1office.co\/lithuania\/#website\"},\"primaryImageOfPage\":{\"@id\":\"https:\/\/1office.co\/lithuania\/lv\/product\/accountants-hourly-fee\/#primaryimage\"},\"image\":{\"@id\":\"https:\/\/1office.co\/lithuania\/lv\/product\/accountants-hourly-fee\/#primaryimage\"},\"thumbnailUrl\":\"https:\/\/1office.co\/lithuania\/wp-content\/uploads\/sites\/15\/2017\/08\/Accountants-hourly-fee.png\",\"datePublished\":\"2017-08-10T10:40:14+00:00\",\"dateModified\":\"2022-09-29T09:14:28+00:00\",\"description\":\"Every company registered in Lithuania is required to have an official accountant, who is registered with StateTax Inspectorate. Your accountant will be there for you to take care of your everyday accounting, declarations etc. as well as advise you on taking good business decisions.\",\"breadcrumb\":{\"@id\":\"https:\/\/1office.co\/lithuania\/lv\/product\/accountants-hourly-fee\/#breadcrumb\"},\"inLanguage\":\"lv-LV\",\"potentialAction\":[{\"@type\":\"ReadAction\",\"target\":[\"https:\/\/1office.co\/lithuania\/lv\/product\/accountants-hourly-fee\/\"]}]},{\"@type\":\"ImageObject\",\"inLanguage\":\"lv-LV\",\"@id\":\"https:\/\/1office.co\/lithuania\/lv\/product\/accountants-hourly-fee\/#primaryimage\",\"url\":\"https:\/\/1office.co\/lithuania\/wp-content\/uploads\/sites\/15\/2017\/08\/Accountants-hourly-fee.png\",\"contentUrl\":\"https:\/\/1office.co\/lithuania\/wp-content\/uploads\/sites\/15\/2017\/08\/Accountants-hourly-fee.png\",\"width\":500,\"height\":500},{\"@type\":\"BreadcrumbList\",\"@id\":\"https:\/\/1office.co\/lithuania\/lv\/product\/accountants-hourly-fee\/#breadcrumb\",\"itemListElement\":[{\"@type\":\"ListItem\",\"position\":1,\"name\":\"Home\",\"item\":\"https:\/\/1office.co\/lithuania\/lv\/\"},{\"@type\":\"ListItem\",\"position\":2,\"name\":\"Teenused leht\",\"item\":\"https:\/\/1office.co\/lithuania\/et\/teenused\/\"},{\"@type\":\"ListItem\",\"position\":3,\"name\":\"Gr\u0101matve\u017ea stundas maksa\"}]},{\"@type\":\"WebSite\",\"@id\":\"https:\/\/1office.co\/lithuania\/#website\",\"url\":\"https:\/\/1office.co\/lithuania\/\",\"name\":\"1Office Lithuania\",\"description\":\"Making Business Simple\",\"potentialAction\":[{\"@type\":\"SearchAction\",\"target\":{\"@type\":\"EntryPoint\",\"urlTemplate\":\"https:\/\/1office.co\/lithuania\/?s={search_term_string}\"},\"query-input\":{\"@type\":\"PropertyValueSpecification\",\"valueRequired\":true,\"valueName\":\"search_term_string\"}}],\"inLanguage\":\"lv-LV\"}]}<\/script>\n<!-- \/ Yoast SEO Premium plugin. -->","yoast_head_json":{"title":"Gr\u0101matve\u017ea stundas maksa - 1Office Lithuania","description":"Every company registered in Lithuania is required to have an official accountant, who is registered with StateTax Inspectorate. Your accountant will be there for you to take care of your everyday accounting, declarations etc. as well as advise you on taking good business decisions.","robots":{"index":"index","follow":"follow","max-snippet":"max-snippet:-1","max-image-preview":"max-image-preview:large","max-video-preview":"max-video-preview:-1"},"canonical":"https:\/\/1office.co\/lithuania\/lv\/product\/accountants-hourly-fee\/","og_locale":"lv_LV","og_type":"article","og_title":"Gr\u0101matve\u017ea stundas maksa","og_description":"Every company registered in Lithuania is required to have an official accountant, who is registered with StateTax Inspectorate. Your accountant will be there for you to take care of your everyday accounting, declarations etc. as well as advise you on taking good business decisions.","og_url":"https:\/\/1office.co\/lithuania\/lv\/product\/accountants-hourly-fee\/","og_site_name":"1Office Lithuania","article_modified_time":"2022-09-29T09:14:28+00:00","og_image":[{"width":1200,"height":518,"url":"https:\/\/1office.co\/lithuania\/wp-content\/uploads\/sites\/15\/2017\/04\/accounting.jpg","type":"image\/jpeg"}],"twitter_card":"summary_large_image","twitter_misc":{"Est. reading time":"2 minutes"},"schema":{"@context":"https:\/\/schema.org","@graph":[{"@type":"WebPage","@id":"https:\/\/1office.co\/lithuania\/lv\/product\/accountants-hourly-fee\/","url":"https:\/\/1office.co\/lithuania\/lv\/product\/accountants-hourly-fee\/","name":"Gr\u0101matve\u017ea stundas maksa - 1Office Lithuania","isPartOf":{"@id":"https:\/\/1office.co\/lithuania\/#website"},"primaryImageOfPage":{"@id":"https:\/\/1office.co\/lithuania\/lv\/product\/accountants-hourly-fee\/#primaryimage"},"image":{"@id":"https:\/\/1office.co\/lithuania\/lv\/product\/accountants-hourly-fee\/#primaryimage"},"thumbnailUrl":"https:\/\/1office.co\/lithuania\/wp-content\/uploads\/sites\/15\/2017\/08\/Accountants-hourly-fee.png","datePublished":"2017-08-10T10:40:14+00:00","dateModified":"2022-09-29T09:14:28+00:00","description":"Every company registered in Lithuania is required to have an official accountant, who is registered with StateTax Inspectorate. Your accountant will be there for you to take care of your everyday accounting, declarations etc. as well as advise you on taking good business decisions.","breadcrumb":{"@id":"https:\/\/1office.co\/lithuania\/lv\/product\/accountants-hourly-fee\/#breadcrumb"},"inLanguage":"lv-LV","potentialAction":[{"@type":"ReadAction","target":["https:\/\/1office.co\/lithuania\/lv\/product\/accountants-hourly-fee\/"]}]},{"@type":"ImageObject","inLanguage":"lv-LV","@id":"https:\/\/1office.co\/lithuania\/lv\/product\/accountants-hourly-fee\/#primaryimage","url":"https:\/\/1office.co\/lithuania\/wp-content\/uploads\/sites\/15\/2017\/08\/Accountants-hourly-fee.png","contentUrl":"https:\/\/1office.co\/lithuania\/wp-content\/uploads\/sites\/15\/2017\/08\/Accountants-hourly-fee.png","width":500,"height":500},{"@type":"BreadcrumbList","@id":"https:\/\/1office.co\/lithuania\/lv\/product\/accountants-hourly-fee\/#breadcrumb","itemListElement":[{"@type":"ListItem","position":1,"name":"Home","item":"https:\/\/1office.co\/lithuania\/lv\/"},{"@type":"ListItem","position":2,"name":"Teenused leht","item":"https:\/\/1office.co\/lithuania\/et\/teenused\/"},{"@type":"ListItem","position":3,"name":"Gr\u0101matve\u017ea stundas maksa"}]},{"@type":"WebSite","@id":"https:\/\/1office.co\/lithuania\/#website","url":"https:\/\/1office.co\/lithuania\/","name":"1Office Lithuania","description":"Making Business Simple","potentialAction":[{"@type":"SearchAction","target":{"@type":"EntryPoint","urlTemplate":"https:\/\/1office.co\/lithuania\/?s={search_term_string}"},"query-input":{"@type":"PropertyValueSpecification","valueRequired":true,"valueName":"search_term_string"}}],"inLanguage":"lv-LV"}]}},"_links":{"self":[{"href":"https:\/\/1office.co\/lithuania\/lv\/wp-json\/wp\/v2\/product\/57771","targetHints":{"allow":["GET"]}}],"collection":[{"href":"https:\/\/1office.co\/lithuania\/lv\/wp-json\/wp\/v2\/product"}],"about":[{"href":"https:\/\/1office.co\/lithuania\/lv\/wp-json\/wp\/v2\/types\/product"}],"wp:featuredmedia":[{"embeddable":true,"href":"https:\/\/1office.co\/lithuania\/lv\/wp-json\/wp\/v2\/media\/59486"}],"wp:attachment":[{"href":"https:\/\/1office.co\/lithuania\/lv\/wp-json\/wp\/v2\/media?parent=57771"}],"wp:term":[{"taxonomy":"product_brand","embeddable":true,"href":"https:\/\/1office.co\/lithuania\/lv\/wp-json\/wp\/v2\/product_brand?post=57771"},{"taxonomy":"product_cat","embeddable":true,"href":"https:\/\/1office.co\/lithuania\/lv\/wp-json\/wp\/v2\/product_cat?post=57771"},{"taxonomy":"product_tag","embeddable":true,"href":"https:\/\/1office.co\/lithuania\/lv\/wp-json\/wp\/v2\/product_tag?post=57771"}],"curies":[{"name":"wp","href":"https:\/\/api.w.org\/{rel}","templated":true}]}}