{"id":57779,"date":"2017-08-10T08:34:10","date_gmt":"2017-08-10T08:34:10","guid":{"rendered":"https:\/\/1office.co\/lithuania\/product\/company-formation-in-notarys-office\/"},"modified":"2020-10-20T10:49:59","modified_gmt":"2020-10-20T10:49:59","slug":"company-formation-in-notarys-office","status":"publish","type":"product","link":"https:\/\/1office.co\/lithuania\/lv\/product\/company-formation-in-notarys-office\/","title":{"rendered":"Uz\u0146\u0113muma dibin\u0101\u0161ana not\u0101ra biroj\u0101"},"content":{"rendered":"<div class=\"wpb-content-wrapper\"><p>[vc_row][vc_column]<div id=\"advanced-tabs-desc-wrap-9055\" class=\"ult_tabs product_tabs\" style=\" \" data-tabsstyle=\"style1\"\n data-titlebg=\"#ffffff\" data-titlecolor=\"#b6b8ba\" data-fullheight=\"off\"\n data-titlehoverbg=\"#ffffff\" data-titlehovercolor=\"#1d1e23\"\n data-rotatetabs=\"0\" data-responsivemode=\"Both\" data-animation=\"Slide\"\ndata-activetitle=\"#1d1e23\" data-activeicon=\"\" data-activebg=\"#ffffff\"  data-respmode=\"Tabs\" data-respwidth=\"400\" data-scroll = \"on\" data-activeindex=\"1\"><ul id=advanced-tabs-wrap-4466 class=\"ult_tabmenu style1 \" style=\"\"><li class=\"ult_tab_li  \" data-iconcolor=\"#74777b\" data-iconhover=\"#ffffff\" style=\"background-color:#ffffff;border-color:transparent;border-width:0px;border-style:solid;border-top-left-radius:8px;\">\n\t\t\t\t\t<a href=\"#1512642751410-8ee0b-c3ff\"  id=\"1512642751410-8ee0b-c3ff\"  style=\"color:#b6b8ba;; padding:15px; \" class=\"ult_a  \">\n\t\t\t\t\t     <span class=\"ult_tab_main Both \">\n\t\t\t\t\t \t\t <span class=\"ult_tab_section\">\n\t\t\t\t\t   \t\t\t<span  data-ultimate-target='#advanced-tabs-wrap-4466 .ult-span-text'  data-responsive-json-new='{\"font-size\":\"desktop:14px;\",\"line-height\":\"\"}'  class=\"ult-span-text no_icon ult_tab_display_text ult-responsive\" style=\"font-weight:bold;;\">Apraksts<\/span>\n\t\t\t\t\t   \t\t<\/span>\n\t\t\t\t\t\t<\/span>\n\t\t\t\t\t<\/a>\n\t\t\t\t\t<\/li><li class=\"ult_tab_li  \" data-iconcolor=\"#74777b\" data-iconhover=\"#ffffff\" style=\"background-color:#ffffff;border-color:transparent;border-width:0px;border-style:solid;border-top-right-radius:8px;\">\n\t\t\t\t\t<a href=\"#1516974013560-1-1\"  id=\"1516974013560-1-1\"  style=\"color:#b6b8ba;; padding:15px; \" class=\"ult_a  \">\n\t\t\t\t\t     <span class=\"ult_tab_main Both \">\n\t\t\t\t\t \t\t <span class=\"ult_tab_section\">\n\t\t\t\t\t   \t\t\t<span  data-ultimate-target='#advanced-tabs-wrap-4466 .ult-span-text'  data-responsive-json-new='{\"font-size\":\"desktop:14px;\",\"line-height\":\"\"}'  class=\"ult-span-text no_icon ult_tab_display_text ult-responsive\" style=\"font-weight:bold;;\">BUJ<\/span>\n\t\t\t\t\t   \t\t<\/span>\n\t\t\t\t\t\t<\/span>\n\t\t\t\t\t<\/a>\n\t\t\t\t\t<\/li><\/ul><div  data-ultimate-target='#advanced-tabs-desc-wrap-9055 .ult_tabcontent .ult_tab_min_contain  p'  data-responsive-json-new='{\"font-size\":\"\",\"line-height\":\"\"}' class=\"ult_tabcontent ult-responsive style1\" style=\"color:#74777b;\"><div class=\"ult_tab_min_contain \" >\n\t\t\t<div  class=\"ult_tabitemname\"  >\n\t\t\t\t[vc_column_text]Uz\u0146\u0113muma dibin\u0101\u0161ana not\u0101ra biroj\u0101, ar 1Office juridisk\u0101 asistenta pal\u012bdz\u012bbu. Uz\u0146\u0113mums tiks re\u0123istr\u0113ts 5 darba dienu laik\u0101 p\u0113c not\u0101ra viz\u012btes.<\/p>\n<p><strong>Pakalpojuma cen\u0101 iek\u013cauts:<\/strong><\/p>\n<ul>\n<li>Uz\u0146\u0113muma dibin\u0101\u0161ana ar vienu dibin\u0101t\u0101ju (l\u016bdzu, l\u016bdziet pied\u0101v\u0101jumu, ja ir divi vai vair\u0101ki dibin\u0101t\u0101ji).<\/li>\n<li>Juridisk\u0101s adreses izmanto\u0161anas at\u013caujas ieg\u016b\u0161ana no \u012bpa\u0161uma p\u0101rvaldnieka uz\u0146\u0113muma re\u0123istr\u0101cijai (gad\u012bjum\u0101, ja izv\u0113laties izmantot m\u016bsu sniegto juridisk\u0101s adreses pakalpojumu)<\/li>\n<li>Bankas (pagaidu) konta atv\u0113r\u0161ana<\/li>\n<li>Uz\u0146\u0113muma dibin\u0101\u0161anas dokumentu sagatavo\u0161ana<\/li>\n<li>Tik\u0161an\u0101s organiz\u0113\u0161ana not\u0101ra biroj\u0101<\/li>\n<li>Valsts nodevas<\/li>\n<li>Not\u0101ra izmaksas<\/li>\n<li>M\u016bsu p\u0101rst\u0101vis J\u016bs asist\u0113s katr\u0101 darb\u012bb\u0101<\/li>\n<\/ul>\n<p>Ir nepiecie\u0161ams, lai uz\u0146\u0113muma dibin\u0101t\u0101ji person\u012bgi apmekl\u0113tu not\u0101ra biroju vai par papildu samaksu pilnvarotu 1Office p\u0101rst\u0101vi r\u012bkoties vi\u0146u v\u0101rd\u0101.<\/p>\n<p><strong>Procesa pl\u016bsma:<\/strong><br \/>\n* P\u0113c pakalpojuma apmaksas, pamatojoties uz klienta sniegto inform\u0101ciju m\u0113s sagatavojam nepiecie\u0161amos uz\u0146\u0113muma re\u0123istr\u0101cijas dokumentus.<br \/>\n* M\u0113s veicam pamatkapit\u0101la apmaksu un uz\u0146\u0113muma bankas pagaidu konta atv\u0113r\u0161anu.<br \/>\n* M\u0113s noorganiz\u0113sim not\u0101ra viz\u012bti. Gad\u012bjum\u0101, ja J\u016bs person\u012bgi nevarat apmekl\u0113t not\u0101ra biroju, m\u0113s par papildu samaksu varam uz pilnvaras pamata J\u016bs p\u0101rst\u0101v\u0113t.<br \/>\n* M\u0113s iesniegsim dokumentus Uz\u0146\u0113mumu re\u0123istr\u0101. Uz\u0146\u0113mums tiks re\u0123istr\u0113ts 5 darba dienu laik\u0101.<br \/>\n* Kad uz\u0146\u0113mums tiks re\u0123istr\u0113ts, m\u0113s varam uz pilnvaras pamata Jums pal\u012bdz\u0113t atv\u0113rt bankas kontu.[\/vc_column_text]\n\t\t\t<\/div>\n\t\t\t<div  class=\"ult_tabitemname\"  >\n\t\t\t\t[vc_toggle title=&#8221;1) Vai 1Office var man pal\u012bdz\u0113t, atverot bankas kontu?&#8221; style=&#8221;arrow&#8221; custom_font_container=&#8221;tag:h5|text_align:left|color:%230c0c0c&#8221; custom_use_theme_fonts=&#8221;yes&#8221; use_custom_heading=&#8221;true&#8221;]Da\u017eas bankas pieprasa, lai klienti ierastos k\u0101d\u0101 no bankas fili\u0101l\u0113m person\u012bgi, t\u0101p\u0113c Jums ir j\u0101ierodas Lietuv\u0101 person\u012bgi. L\u016bdzu, sazinieties ar mums, lai m\u0113s var\u0113tu atrast J\u016bsu uz\u0146\u0113mumam piem\u0113rot\u0101ko risin\u0101jumu.[\/vc_toggle][vc_toggle title=&#8221;2) Vai man j\u0101ierodas Lietuv\u0101, lai izveidotu uz\u0146\u0113mumu?&#8221; style=&#8221;arrow&#8221; custom_font_container=&#8221;tag:h5|text_align:left|color:%230c0c0c&#8221; custom_use_theme_fonts=&#8221;yes&#8221; use_custom_heading=&#8221;true&#8221;]N\u0113, tas nav nepiecie\u0161ams. J\u016bs varat pilnvarot 1Office p\u0101rst\u0101vi, kurs uz pilnvaras pamata p\u0101rst\u0101v\u0113tu J\u016bs un veiktu nepiecie\u0161am\u0101s darb\u012bbas.[\/vc_toggle]\n\t\t\t<\/div><\/div><\/div><\/div><div class=\"ult_acord advanced-tabs-desc-wrap-9055\">\n   <div class=\"ult-tabto-accordion \" style=\"width:;\"\n    data-titlecolor=\"#b6b8ba\"  data-titlebg=\"#ffffff\"\n     data-titlehoverbg=\"#ffffff\" data-titlehovercolor=\"#1d1e23\" data-animation=\"Slide\"\n     data-activetitle=\"#1d1e23\" data-activeicon=\"\" data-activebg=\"#ffffff\" data-scroll = \"on\" data-activeindex=\"1\" >\n     <dl><dt class=\"\">\n\t        \t<a class=\"ult-tabto-actitle withBorder ult_a \" id=\"1512642751410-8ee0b-c3ff\" style=\"color:#b6b8ba;;background-color:#ffffff;border-bottom-color:transparent;border-bottom-width:0px;border-bottom-style:solid;\" href=\"#1512642751410-8ee0b-c3ff\">\n\t        \t\t<i class=\"accordion-icon\"><\/i>\n\t        \t\t\t<span class=\"ult_tab_main ult_ac_main ult_noacordicnBoth\">\n\n\t\t\t\t\t\t<span  data-ultimate-target='#advanced-tabs-wrap-4466 .ult-span-text'  data-responsive-json-new='{\"font-size\":\"desktop:14px;\",\"line-height\":\"\"}'  class=\"ult-span-text no_icon ult_acordian-text ult-responsive\" style=\"font-weight:bold;;color:inherit \" >Apraksts<\/span>\n\t\t\t\t\t\t<\/span><\/a><\/dt>\n\t            \t\t<dd class=\"ult-tabto-accordionItem ult-tabto-accolapsed\">\n\t\t\t\t            <div class=\"ult-tabto-acontent\" style=\"color:#74777b;\">\n\t\t\t\t               [vc_column_text]Uz\u0146\u0113muma dibin\u0101\u0161ana not\u0101ra biroj\u0101, ar 1Office juridisk\u0101 asistenta pal\u012bdz\u012bbu. Uz\u0146\u0113mums tiks re\u0123istr\u0113ts 5 darba dienu laik\u0101 p\u0113c not\u0101ra viz\u012btes.<\/p>\n<p><strong>Pakalpojuma cen\u0101 iek\u013cauts:<\/strong><\/p>\n<ul>\n<li>Uz\u0146\u0113muma dibin\u0101\u0161ana ar vienu dibin\u0101t\u0101ju (l\u016bdzu, l\u016bdziet pied\u0101v\u0101jumu, ja ir divi vai vair\u0101ki dibin\u0101t\u0101ji).<\/li>\n<li>Juridisk\u0101s adreses izmanto\u0161anas at\u013caujas ieg\u016b\u0161ana no \u012bpa\u0161uma p\u0101rvaldnieka uz\u0146\u0113muma re\u0123istr\u0101cijai (gad\u012bjum\u0101, ja izv\u0113laties izmantot m\u016bsu sniegto juridisk\u0101s adreses pakalpojumu)<\/li>\n<li>Bankas (pagaidu) konta atv\u0113r\u0161ana<\/li>\n<li>Uz\u0146\u0113muma dibin\u0101\u0161anas dokumentu sagatavo\u0161ana<\/li>\n<li>Tik\u0161an\u0101s organiz\u0113\u0161ana not\u0101ra biroj\u0101<\/li>\n<li>Valsts nodevas<\/li>\n<li>Not\u0101ra izmaksas<\/li>\n<li>M\u016bsu p\u0101rst\u0101vis J\u016bs asist\u0113s katr\u0101 darb\u012bb\u0101<\/li>\n<\/ul>\n<p>Ir nepiecie\u0161ams, lai uz\u0146\u0113muma dibin\u0101t\u0101ji person\u012bgi apmekl\u0113tu not\u0101ra biroju vai par papildu samaksu pilnvarotu 1Office p\u0101rst\u0101vi r\u012bkoties vi\u0146u v\u0101rd\u0101.<\/p>\n<p><strong>Procesa pl\u016bsma:<\/strong><br \/>\n* P\u0113c pakalpojuma apmaksas, pamatojoties uz klienta sniegto inform\u0101ciju m\u0113s sagatavojam nepiecie\u0161amos uz\u0146\u0113muma re\u0123istr\u0101cijas dokumentus.<br \/>\n* M\u0113s veicam pamatkapit\u0101la apmaksu un uz\u0146\u0113muma bankas pagaidu konta atv\u0113r\u0161anu.<br \/>\n* M\u0113s noorganiz\u0113sim not\u0101ra viz\u012bti. Gad\u012bjum\u0101, ja J\u016bs person\u012bgi nevarat apmekl\u0113t not\u0101ra biroju, m\u0113s par papildu samaksu varam uz pilnvaras pamata J\u016bs p\u0101rst\u0101v\u0113t.<br \/>\n* M\u0113s iesniegsim dokumentus Uz\u0146\u0113mumu re\u0123istr\u0101. Uz\u0146\u0113mums tiks re\u0123istr\u0113ts 5 darba dienu laik\u0101.<br \/>\n* Kad uz\u0146\u0113mums tiks re\u0123istr\u0113ts, m\u0113s varam uz pilnvaras pamata Jums pal\u012bdz\u0113t atv\u0113rt bankas kontu.[\/vc_column_text]\n\t\t\t\t            <\/div>\n\t        \t\t\t<\/dd><dt class=\"\">\n\t        \t<a class=\"ult-tabto-actitle withBorder ult_a \" id=\"1516974013560-1-1\" style=\"color:#b6b8ba;;background-color:#ffffff;border-bottom-color:transparent;border-bottom-width:0px;border-bottom-style:solid;border-bottom-color:transparent;border-bottom-width:0px;border-bottom-style:solid;\" href=\"#1516974013560-1-1\">\n\t        \t\t<i class=\"accordion-icon\"><\/i>\n\t        \t\t\t<span class=\"ult_tab_main ult_ac_main ult_noacordicnBoth\">\n\n\t\t\t\t\t\t<span  data-ultimate-target='#advanced-tabs-wrap-4466 .ult-span-text'  data-responsive-json-new='{\"font-size\":\"desktop:14px;\",\"line-height\":\"\"}'  class=\"ult-span-text no_icon ult_acordian-text ult-responsive\" style=\"font-weight:bold;;color:inherit \" >BUJ<\/span>\n\t\t\t\t\t\t<\/span><\/a><\/dt>\n\t            \t\t<dd class=\"ult-tabto-accordionItem ult-tabto-accolapsed\">\n\t\t\t\t            <div class=\"ult-tabto-acontent\" style=\"color:#74777b;\">\n\t\t\t\t               [vc_toggle title=&#8221;1) Vai 1Office var man pal\u012bdz\u0113t, atverot bankas kontu?&#8221; style=&#8221;arrow&#8221; custom_font_container=&#8221;tag:h5|text_align:left|color:%230c0c0c&#8221; custom_use_theme_fonts=&#8221;yes&#8221; use_custom_heading=&#8221;true&#8221;]Da\u017eas bankas pieprasa, lai klienti ierastos k\u0101d\u0101 no bankas fili\u0101l\u0113m person\u012bgi, t\u0101p\u0113c Jums ir j\u0101ierodas Lietuv\u0101 person\u012bgi. L\u016bdzu, sazinieties ar mums, lai m\u0113s var\u0113tu atrast J\u016bsu uz\u0146\u0113mumam piem\u0113rot\u0101ko risin\u0101jumu.[\/vc_toggle][vc_toggle title=&#8221;2) Vai man j\u0101ierodas Lietuv\u0101, lai izveidotu uz\u0146\u0113mumu?&#8221; style=&#8221;arrow&#8221; custom_font_container=&#8221;tag:h5|text_align:left|color:%230c0c0c&#8221; custom_use_theme_fonts=&#8221;yes&#8221; use_custom_heading=&#8221;true&#8221;]N\u0113, tas nav nepiecie\u0161ams. J\u016bs varat pilnvarot 1Office p\u0101rst\u0101vi, kurs uz pilnvaras pamata p\u0101rst\u0101v\u0113tu J\u016bs un veiktu nepiecie\u0161am\u0101s darb\u012bbas.[\/vc_toggle]\n\t\t\t\t            <\/div>\n\t        \t\t\t<\/dd>\n    \t<\/dl>\n    <!--<div class=\"extraborder\" style=\"background-color:#ffffff\"><\/div>-->\n<\/div>\n\n<\/div>[\/vc_column][\/vc_row]<\/p>\n<\/div>","protected":false},"excerpt":{"rendered":"<p>Uz\u0146\u0113muma dibin\u0101\u0161ana not\u0101ra biroj\u0101 ir piem\u0113rots risin\u0101jums priv\u0101tperson\u0101m un juridisk\u0101m person\u0101m, kas v\u0113las aiztaup\u012bt sev raizes par visu uz\u0146\u0113muma re\u0123istr\u0101cijai nepiecie\u0161amo dokumentu aizpild\u012b\u0161anu lietuvie\u0161u valod\u0101 un to iesnieg\u0161anu da\u017e\u0101d\u0101s instit\u016bcij\u0101s.<\/p>\n","protected":false},"featured_media":59471,"template":"","meta":{"_acf_changed":false,"inline_featured_image":false},"product_brand":[],"product_cat":[361],"product_tag":[352],"class_list":{"0":"post-57779","1":"product","2":"type-product","3":"status-publish","4":"has-post-thumbnail","6":"product_cat-company-formation-lv","7":"product_tag-lithuania-lv","8":"description-off","10":"first","11":"instock","12":"virtual","13":"taxable","14":"purchasable","15":"product-type-simple"},"bundled_by":[],"bundle_stock_status":"instock","bundle_stock_quantity":null,"bundle_virtual":false,"bundle_layout":"","bundle_add_to_cart_form_location":"","bundle_editable_in_cart":false,"bundle_sold_individually_context":"","bundle_item_grouping":"","bundle_min_size":"","bundle_max_size":"","bundle_price":[],"bundled_items":[],"bundle_sell_ids":[],"acf":[],"yoast_head":"<!-- This site is optimized with the Yoast SEO Premium plugin v22.1 (Yoast SEO v27.0) - https:\/\/yoast.com\/product\/yoast-seo-premium-wordpress\/ -->\n<title>Uz\u0146\u0113muma dibin\u0101\u0161ana not\u0101ra biroj\u0101 - 1Office Lithuania<\/title>\n<meta name=\"description\" content=\"Company, named Uzdaroji Akcine Bendrove or UAB in Lithuanian, formation in notary\u2019s office is suitable option for private persons and legal entities who want to avoid the trouble of taking care of filling all necessary documents to different offices themselves.\" \/>\n<meta name=\"robots\" content=\"index, follow, max-snippet:-1, max-image-preview:large, max-video-preview:-1\" \/>\n<link rel=\"canonical\" href=\"https:\/\/1office.co\/lithuania\/lv\/product\/company-formation-in-notarys-office\/\" \/>\n<meta property=\"og:locale\" content=\"lv_LV\" \/>\n<meta property=\"og:type\" content=\"article\" \/>\n<meta property=\"og:title\" content=\"Uz\u0146\u0113muma dibin\u0101\u0161ana not\u0101ra biroj\u0101\" \/>\n<meta property=\"og:description\" content=\"Company, named Uzdaroji Akcine Bendrove or UAB in Lithuanian, formation in notary\u2019s office is suitable option for private persons and legal entities who want to avoid the trouble of taking care of filling all necessary documents to different offices themselves.\" \/>\n<meta property=\"og:url\" content=\"https:\/\/1office.co\/lithuania\/lv\/product\/company-formation-in-notarys-office\/\" \/>\n<meta property=\"og:site_name\" content=\"1Office Lithuania\" \/>\n<meta property=\"article:modified_time\" content=\"2020-10-20T10:49:59+00:00\" \/>\n<meta property=\"og:image\" content=\"https:\/\/1office.co\/lithuania\/wp-content\/uploads\/sites\/15\/2017\/08\/company-formation.jpg\" \/>\n\t<meta property=\"og:image:width\" content=\"1200\" \/>\n\t<meta property=\"og:image:height\" content=\"800\" \/>\n\t<meta property=\"og:image:type\" content=\"image\/jpeg\" \/>\n<meta name=\"twitter:card\" content=\"summary_large_image\" \/>\n<meta name=\"twitter:label1\" content=\"Est. reading time\" \/>\n\t<meta name=\"twitter:data1\" content=\"3 minutes\" \/>\n<script type=\"application\/ld+json\" class=\"yoast-schema-graph\">{\"@context\":\"https:\/\/schema.org\",\"@graph\":[{\"@type\":\"WebPage\",\"@id\":\"https:\/\/1office.co\/lithuania\/lv\/product\/company-formation-in-notarys-office\/\",\"url\":\"https:\/\/1office.co\/lithuania\/lv\/product\/company-formation-in-notarys-office\/\",\"name\":\"Uz\u0146\u0113muma dibin\u0101\u0161ana not\u0101ra biroj\u0101 - 1Office Lithuania\",\"isPartOf\":{\"@id\":\"https:\/\/1office.co\/lithuania\/#website\"},\"primaryImageOfPage\":{\"@id\":\"https:\/\/1office.co\/lithuania\/lv\/product\/company-formation-in-notarys-office\/#primaryimage\"},\"image\":{\"@id\":\"https:\/\/1office.co\/lithuania\/lv\/product\/company-formation-in-notarys-office\/#primaryimage\"},\"thumbnailUrl\":\"https:\/\/1office.co\/lithuania\/wp-content\/uploads\/sites\/15\/2017\/08\/Company-formation-remotely.png\",\"datePublished\":\"2017-08-10T08:34:10+00:00\",\"dateModified\":\"2020-10-20T10:49:59+00:00\",\"description\":\"Company, named Uzdaroji Akcine Bendrove or UAB in Lithuanian, formation in notary\u2019s office is suitable option for private persons and legal entities who want to avoid the trouble of taking care of filling all necessary documents to different offices themselves.\",\"breadcrumb\":{\"@id\":\"https:\/\/1office.co\/lithuania\/lv\/product\/company-formation-in-notarys-office\/#breadcrumb\"},\"inLanguage\":\"lv-LV\",\"potentialAction\":[{\"@type\":\"ReadAction\",\"target\":[\"https:\/\/1office.co\/lithuania\/lv\/product\/company-formation-in-notarys-office\/\"]}]},{\"@type\":\"ImageObject\",\"inLanguage\":\"lv-LV\",\"@id\":\"https:\/\/1office.co\/lithuania\/lv\/product\/company-formation-in-notarys-office\/#primaryimage\",\"url\":\"https:\/\/1office.co\/lithuania\/wp-content\/uploads\/sites\/15\/2017\/08\/Company-formation-remotely.png\",\"contentUrl\":\"https:\/\/1office.co\/lithuania\/wp-content\/uploads\/sites\/15\/2017\/08\/Company-formation-remotely.png\",\"width\":500,\"height\":500},{\"@type\":\"BreadcrumbList\",\"@id\":\"https:\/\/1office.co\/lithuania\/lv\/product\/company-formation-in-notarys-office\/#breadcrumb\",\"itemListElement\":[{\"@type\":\"ListItem\",\"position\":1,\"name\":\"Home\",\"item\":\"https:\/\/1office.co\/lithuania\/lv\/\"},{\"@type\":\"ListItem\",\"position\":2,\"name\":\"Teenused leht\",\"item\":\"https:\/\/1office.co\/lithuania\/et\/teenused\/\"},{\"@type\":\"ListItem\",\"position\":3,\"name\":\"Uz\u0146\u0113muma dibin\u0101\u0161ana not\u0101ra biroj\u0101\"}]},{\"@type\":\"WebSite\",\"@id\":\"https:\/\/1office.co\/lithuania\/#website\",\"url\":\"https:\/\/1office.co\/lithuania\/\",\"name\":\"1Office Lithuania\",\"description\":\"Making Business Simple\",\"potentialAction\":[{\"@type\":\"SearchAction\",\"target\":{\"@type\":\"EntryPoint\",\"urlTemplate\":\"https:\/\/1office.co\/lithuania\/?s={search_term_string}\"},\"query-input\":{\"@type\":\"PropertyValueSpecification\",\"valueRequired\":true,\"valueName\":\"search_term_string\"}}],\"inLanguage\":\"lv-LV\"}]}<\/script>\n<!-- \/ Yoast SEO Premium plugin. -->","yoast_head_json":{"title":"Uz\u0146\u0113muma dibin\u0101\u0161ana not\u0101ra biroj\u0101 - 1Office Lithuania","description":"Company, named Uzdaroji Akcine Bendrove or UAB in Lithuanian, formation in notary\u2019s office is suitable option for private persons and legal entities who want to avoid the trouble of taking care of filling all necessary documents to different offices themselves.","robots":{"index":"index","follow":"follow","max-snippet":"max-snippet:-1","max-image-preview":"max-image-preview:large","max-video-preview":"max-video-preview:-1"},"canonical":"https:\/\/1office.co\/lithuania\/lv\/product\/company-formation-in-notarys-office\/","og_locale":"lv_LV","og_type":"article","og_title":"Uz\u0146\u0113muma dibin\u0101\u0161ana not\u0101ra biroj\u0101","og_description":"Company, named Uzdaroji Akcine Bendrove or UAB in Lithuanian, formation in notary\u2019s office is suitable option for private persons and legal entities who want to avoid the trouble of taking care of filling all necessary documents to different offices themselves.","og_url":"https:\/\/1office.co\/lithuania\/lv\/product\/company-formation-in-notarys-office\/","og_site_name":"1Office Lithuania","article_modified_time":"2020-10-20T10:49:59+00:00","og_image":[{"width":1200,"height":800,"url":"https:\/\/1office.co\/lithuania\/wp-content\/uploads\/sites\/15\/2017\/08\/company-formation.jpg","type":"image\/jpeg"}],"twitter_card":"summary_large_image","twitter_misc":{"Est. reading time":"3 minutes"},"schema":{"@context":"https:\/\/schema.org","@graph":[{"@type":"WebPage","@id":"https:\/\/1office.co\/lithuania\/lv\/product\/company-formation-in-notarys-office\/","url":"https:\/\/1office.co\/lithuania\/lv\/product\/company-formation-in-notarys-office\/","name":"Uz\u0146\u0113muma dibin\u0101\u0161ana not\u0101ra biroj\u0101 - 1Office Lithuania","isPartOf":{"@id":"https:\/\/1office.co\/lithuania\/#website"},"primaryImageOfPage":{"@id":"https:\/\/1office.co\/lithuania\/lv\/product\/company-formation-in-notarys-office\/#primaryimage"},"image":{"@id":"https:\/\/1office.co\/lithuania\/lv\/product\/company-formation-in-notarys-office\/#primaryimage"},"thumbnailUrl":"https:\/\/1office.co\/lithuania\/wp-content\/uploads\/sites\/15\/2017\/08\/Company-formation-remotely.png","datePublished":"2017-08-10T08:34:10+00:00","dateModified":"2020-10-20T10:49:59+00:00","description":"Company, named Uzdaroji Akcine Bendrove or UAB in Lithuanian, formation in notary\u2019s office is suitable option for private persons and legal entities who want to avoid the trouble of taking care of filling all necessary documents to different offices themselves.","breadcrumb":{"@id":"https:\/\/1office.co\/lithuania\/lv\/product\/company-formation-in-notarys-office\/#breadcrumb"},"inLanguage":"lv-LV","potentialAction":[{"@type":"ReadAction","target":["https:\/\/1office.co\/lithuania\/lv\/product\/company-formation-in-notarys-office\/"]}]},{"@type":"ImageObject","inLanguage":"lv-LV","@id":"https:\/\/1office.co\/lithuania\/lv\/product\/company-formation-in-notarys-office\/#primaryimage","url":"https:\/\/1office.co\/lithuania\/wp-content\/uploads\/sites\/15\/2017\/08\/Company-formation-remotely.png","contentUrl":"https:\/\/1office.co\/lithuania\/wp-content\/uploads\/sites\/15\/2017\/08\/Company-formation-remotely.png","width":500,"height":500},{"@type":"BreadcrumbList","@id":"https:\/\/1office.co\/lithuania\/lv\/product\/company-formation-in-notarys-office\/#breadcrumb","itemListElement":[{"@type":"ListItem","position":1,"name":"Home","item":"https:\/\/1office.co\/lithuania\/lv\/"},{"@type":"ListItem","position":2,"name":"Teenused leht","item":"https:\/\/1office.co\/lithuania\/et\/teenused\/"},{"@type":"ListItem","position":3,"name":"Uz\u0146\u0113muma dibin\u0101\u0161ana not\u0101ra biroj\u0101"}]},{"@type":"WebSite","@id":"https:\/\/1office.co\/lithuania\/#website","url":"https:\/\/1office.co\/lithuania\/","name":"1Office Lithuania","description":"Making Business Simple","potentialAction":[{"@type":"SearchAction","target":{"@type":"EntryPoint","urlTemplate":"https:\/\/1office.co\/lithuania\/?s={search_term_string}"},"query-input":{"@type":"PropertyValueSpecification","valueRequired":true,"valueName":"search_term_string"}}],"inLanguage":"lv-LV"}]}},"_links":{"self":[{"href":"https:\/\/1office.co\/lithuania\/lv\/wp-json\/wp\/v2\/product\/57779","targetHints":{"allow":["GET"]}}],"collection":[{"href":"https:\/\/1office.co\/lithuania\/lv\/wp-json\/wp\/v2\/product"}],"about":[{"href":"https:\/\/1office.co\/lithuania\/lv\/wp-json\/wp\/v2\/types\/product"}],"wp:featuredmedia":[{"embeddable":true,"href":"https:\/\/1office.co\/lithuania\/lv\/wp-json\/wp\/v2\/media\/59471"}],"wp:attachment":[{"href":"https:\/\/1office.co\/lithuania\/lv\/wp-json\/wp\/v2\/media?parent=57779"}],"wp:term":[{"taxonomy":"product_brand","embeddable":true,"href":"https:\/\/1office.co\/lithuania\/lv\/wp-json\/wp\/v2\/product_brand?post=57779"},{"taxonomy":"product_cat","embeddable":true,"href":"https:\/\/1office.co\/lithuania\/lv\/wp-json\/wp\/v2\/product_cat?post=57779"},{"taxonomy":"product_tag","embeddable":true,"href":"https:\/\/1office.co\/lithuania\/lv\/wp-json\/wp\/v2\/product_tag?post=57779"}],"curies":[{"name":"wp","href":"https:\/\/api.w.org\/{rel}","templated":true}]}}