{"id":58422,"date":"2022-04-07T06:23:48","date_gmt":"2022-04-07T06:23:48","guid":{"rendered":"https:\/\/1office.co\/lithuania\/?post_type=product&#038;p=58422"},"modified":"2022-04-07T06:57:27","modified_gmt":"2022-04-07T06:57:27","slug":"pvn-registracija-arzemju-uznemumam","status":"publish","type":"product","link":"https:\/\/1office.co\/lithuania\/lv\/product\/pvn-registracija-arzemju-uznemumam\/","title":{"rendered":"PVN re\u0123istr\u0101cija \u0101rzemju uz\u0146\u0113mumam"},"content":{"rendered":"<div class=\"wpb-content-wrapper\"><p>[vc_row][vc_column]<div id=\"advanced-tabs-desc-wrap-8194\" class=\"ult_tabs product_tabs\" style=\" \" data-tabsstyle=\"style1\"\n data-titlebg=\"#ffffff\" data-titlecolor=\"#b6b8ba\" data-fullheight=\"off\"\n data-titlehoverbg=\"#ffffff\" data-titlehovercolor=\"#1d1e23\"\n data-rotatetabs=\"0\" data-responsivemode=\"Both\" data-animation=\"Slide\"\ndata-activetitle=\"#1d1e23\" data-activeicon=\"\" data-activebg=\"#ffffff\"  data-respmode=\"Tabs\" data-respwidth=\"400\" data-scroll = \"on\" data-activeindex=\"1\"><ul id=advanced-tabs-wrap-9894 class=\"ult_tabmenu style1 \" style=\"\"><li class=\"ult_tab_li  \" data-iconcolor=\"#74777b\" data-iconhover=\"#ffffff\" style=\"background-color:#ffffff;border-color:transparent;border-width:0px;border-style:solid;border-top-right-radius:8px;\">\n\t\t\t\t\t<a href=\"#1512642751410-8cd24-3a01\"  id=\"1512642751410-8cd24-3a01\"  style=\"color:#b6b8ba;; padding:15px; \" class=\"ult_a  \">\n\t\t\t\t\t     <span class=\"ult_tab_main Both \">\n\t\t\t\t\t \t\t <span class=\"ult_tab_section\">\n\t\t\t\t\t   \t\t\t<span  data-ultimate-target='#advanced-tabs-wrap-9894 .ult-span-text'  data-responsive-json-new='{\"font-size\":\"desktop:14px;\",\"line-height\":\"\"}'  class=\"ult-span-text no_icon ult_tab_display_text ult-responsive\" style=\"font-weight:bold;;\">Apraksts<\/span>\n\t\t\t\t\t   \t\t<\/span>\n\t\t\t\t\t\t<\/span>\n\t\t\t\t\t<\/a>\n\t\t\t\t\t<\/li><\/ul><div  data-ultimate-target='#advanced-tabs-desc-wrap-8194 .ult_tabcontent .ult_tab_min_contain  p'  data-responsive-json-new='{\"font-size\":\"\",\"line-height\":\"\"}' class=\"ult_tabcontent ult-responsive style1\" style=\"color:#74777b;\"><div class=\"ult_tab_min_contain \" >\n\t\t\t<div  class=\"ult_tabitemname\"  >\n\t\t\t\t[vc_column_text]PVN maks\u0101t\u0101ja numura ieg\u016b\u0161ana Lietuv\u0101 k\u0101 \u0101rvalstu uz\u0146\u0113mumam var b\u016bt sare\u017e\u0123\u012bts process, ta\u010du m\u0113s varam jums pal\u012bdz\u0113t ar to.<\/p>\n<p>&nbsp;<\/p>\n<p><strong>J\u016bsu uz\u0146\u0113mumam j\u0101b\u016bt gatavam sniegt \u0161\u0101du inform\u0101ciju:<\/strong><\/p>\n<ul>\n<li>\n<p class=\"p1\">Galven\u0101 uz\u0146\u0113m\u0113jdarb\u012bba izcelsmes valst\u012b<\/p>\n<\/li>\n<li>Paredzam\u0101 uz\u0146\u0113m\u0113jdarb\u012bba Lietuv\u0101<\/li>\n<li>Uz\u0146\u0113muma dokumenti (Uz\u0146\u0113muma re\u0123istra izraksts)<\/li>\n<li>L\u012bgumi, kas saist\u012bti ar uz\u0146\u0113m\u0113jdarb\u012bbu Lietuv\u0101<\/li>\n<li>Vai uz\u0146\u0113muma da\u013cu \u012bpa\u0146iekiem ir k\u0101di citi uz\u0146\u0113mumi vai apvien\u012bbas Lietuv\u0101?<\/li>\n<\/ul>\n<p><strong>Pakalpojuma cen\u0101 iek\u013cauts:<\/strong><\/p>\n<ul>\n<li>PVN pieteikuma sagatavo\u0161ana<\/li>\n<li>Uz\u0146\u0113mumu re\u0123istra izraksta tulkojums lietuvie\u0161u valod\u0101<\/li>\n<li>Pieteikuma iesnieg\u0161nai Valsts nodok\u013cu inspekcijai<\/li>\n<li>Atbil\u017eu snieg\u0161na uz iesp\u0113jamiem Valsts nodok\u013cu inspekcijas papildus jaut\u0101jumiem *<\/li>\n<\/ul>\n<p>&nbsp;<\/p>\n<p>NB! L\u016bdzu, \u0146emiet v\u0113r\u0101, ka k\u0101 PVN maks\u0101t\u0101jam Jums ir j\u0101iesniedz ikm\u0113ne\u0161a deklar\u0101cijas, pat ja J\u016bsu uz\u0146\u0113mums attiec\u012bgaj\u0101 period\u0101 nav veicis nek\u0101das darb\u012bbas.<\/p>\n<p>* Pakalpojuma cen\u0101 ietilpst vienreiz\u0113ja atbil\u017eu snieg\u0161ana uz Valsts nodok\u013cu inspekcijas izvirz\u012btajiem jaut\u0101jumiem. Ja pieteikums tiek noraid\u012bts vai no Valsts nodok\u013cu inspekcijas tiek l\u016bgti vair\u0101k jaut\u0101jumu, tiek piem\u0113rota papildu maksa 50 \u20ac apm\u0113r\u0101.[\/vc_column_text]\n\t\t\t<\/div><\/div><\/div><\/div><div class=\"ult_acord advanced-tabs-desc-wrap-8194\">\n   <div class=\"ult-tabto-accordion \" style=\"width:;\"\n    data-titlecolor=\"#b6b8ba\"  data-titlebg=\"#ffffff\"\n     data-titlehoverbg=\"#ffffff\" data-titlehovercolor=\"#1d1e23\" data-animation=\"Slide\"\n     data-activetitle=\"#1d1e23\" data-activeicon=\"\" data-activebg=\"#ffffff\" data-scroll = \"on\" data-activeindex=\"1\" >\n     <dl><dt class=\"\">\n\t        \t<a class=\"ult-tabto-actitle withBorder ult_a \" id=\"1512642751410-8cd24-3a01\" style=\"color:#b6b8ba;;background-color:#ffffff;border-bottom-color:transparent;border-bottom-width:0px;border-bottom-style:solid;\" href=\"#1512642751410-8cd24-3a01\">\n\t        \t\t<i class=\"accordion-icon\"><\/i>\n\t        \t\t\t<span class=\"ult_tab_main ult_ac_main ult_noacordicnBoth\">\n\n\t\t\t\t\t\t<span  data-ultimate-target='#advanced-tabs-wrap-9894 .ult-span-text'  data-responsive-json-new='{\"font-size\":\"desktop:14px;\",\"line-height\":\"\"}'  class=\"ult-span-text no_icon ult_acordian-text ult-responsive\" style=\"font-weight:bold;;color:inherit \" >Apraksts<\/span>\n\t\t\t\t\t\t<\/span><\/a><\/dt>\n\t            \t\t<dd class=\"ult-tabto-accordionItem ult-tabto-accolapsed\">\n\t\t\t\t            <div class=\"ult-tabto-acontent\" style=\"color:#74777b;\">\n\t\t\t\t               [vc_column_text]PVN maks\u0101t\u0101ja numura ieg\u016b\u0161ana Lietuv\u0101 k\u0101 \u0101rvalstu uz\u0146\u0113mumam var b\u016bt sare\u017e\u0123\u012bts process, ta\u010du m\u0113s varam jums pal\u012bdz\u0113t ar to.<\/p>\n<p>&nbsp;<\/p>\n<p><strong>J\u016bsu uz\u0146\u0113mumam j\u0101b\u016bt gatavam sniegt \u0161\u0101du inform\u0101ciju:<\/strong><\/p>\n<ul>\n<li>\n<p class=\"p1\">Galven\u0101 uz\u0146\u0113m\u0113jdarb\u012bba izcelsmes valst\u012b<\/p>\n<\/li>\n<li>Paredzam\u0101 uz\u0146\u0113m\u0113jdarb\u012bba Lietuv\u0101<\/li>\n<li>Uz\u0146\u0113muma dokumenti (Uz\u0146\u0113muma re\u0123istra izraksts)<\/li>\n<li>L\u012bgumi, kas saist\u012bti ar uz\u0146\u0113m\u0113jdarb\u012bbu Lietuv\u0101<\/li>\n<li>Vai uz\u0146\u0113muma da\u013cu \u012bpa\u0146iekiem ir k\u0101di citi uz\u0146\u0113mumi vai apvien\u012bbas Lietuv\u0101?<\/li>\n<\/ul>\n<p><strong>Pakalpojuma cen\u0101 iek\u013cauts:<\/strong><\/p>\n<ul>\n<li>PVN pieteikuma sagatavo\u0161ana<\/li>\n<li>Uz\u0146\u0113mumu re\u0123istra izraksta tulkojums lietuvie\u0161u valod\u0101<\/li>\n<li>Pieteikuma iesnieg\u0161nai Valsts nodok\u013cu inspekcijai<\/li>\n<li>Atbil\u017eu snieg\u0161na uz iesp\u0113jamiem Valsts nodok\u013cu inspekcijas papildus jaut\u0101jumiem *<\/li>\n<\/ul>\n<p>&nbsp;<\/p>\n<p>NB! L\u016bdzu, \u0146emiet v\u0113r\u0101, ka k\u0101 PVN maks\u0101t\u0101jam Jums ir j\u0101iesniedz ikm\u0113ne\u0161a deklar\u0101cijas, pat ja J\u016bsu uz\u0146\u0113mums attiec\u012bgaj\u0101 period\u0101 nav veicis nek\u0101das darb\u012bbas.<\/p>\n<p>* Pakalpojuma cen\u0101 ietilpst vienreiz\u0113ja atbil\u017eu snieg\u0161ana uz Valsts nodok\u013cu inspekcijas izvirz\u012btajiem jaut\u0101jumiem. Ja pieteikums tiek noraid\u012bts vai no Valsts nodok\u013cu inspekcijas tiek l\u016bgti vair\u0101k jaut\u0101jumu, tiek piem\u0113rota papildu maksa 50 \u20ac apm\u0113r\u0101.[\/vc_column_text]\n\t\t\t\t            <\/div>\n\t        \t\t\t<\/dd>\n    \t<\/dl>\n    <!--<div class=\"extraborder\" style=\"background-color:#ffffff\"><\/div>-->\n<\/div>\n\n<\/div>[\/vc_column][\/vc_row]<\/p>\n<\/div>","protected":false},"excerpt":{"rendered":"<p>Lietuv\u0101 uz\u0146\u0113mums ir j\u0101re\u0123istr\u0113 k\u0101 PVN maks\u0101t\u0101js, ja uz\u0146\u0113muma ar nodokli apliekamais gada apgroz\u012bjums p\u0101rsniedz 45 000 \u20ac vai ja uz\u0146\u0113mums ieg\u0101d\u0101jas preces no cit\u0101m ES valst\u012bm par vair\u0101k nek\u0101 14 000 \u20ac.<\/p>\n","protected":false},"featured_media":59501,"template":"","meta":{"_acf_changed":false,"inline_featured_image":false},"product_brand":[],"product_cat":[351],"product_tag":[352],"class_list":{"0":"post-58422","1":"product","2":"type-product","3":"status-publish","4":"has-post-thumbnail","6":"product_cat-accounting-lv","7":"product_tag-lithuania-lv","8":"description-off","10":"first","11":"instock","12":"virtual","13":"taxable","14":"purchasable","15":"product-type-simple"},"bundled_by":[],"bundle_stock_status":"instock","bundle_stock_quantity":null,"bundle_virtual":false,"bundle_layout":"","bundle_add_to_cart_form_location":"","bundle_editable_in_cart":false,"bundle_sold_individually_context":"","bundle_item_grouping":"","bundle_min_size":"","bundle_max_size":"","bundle_price":[],"bundled_items":[],"bundle_sell_ids":[],"acf":[],"yoast_head":"<!-- This site is optimized with the Yoast SEO Premium plugin v22.1 (Yoast SEO v27.0) - https:\/\/yoast.com\/product\/yoast-seo-premium-wordpress\/ -->\n<title>PVN re\u0123istr\u0101cija \u0101rzemju uz\u0146\u0113mumam - 1Office Lithuania<\/title>\n<meta name=\"description\" content=\"Lietuv\u0101 uz\u0146\u0113mums ir j\u0101re\u0123istr\u0113 k\u0101 PVN maks\u0101t\u0101js, ja uz\u0146\u0113muma ar nodokli apliekamais gada apgroz\u012bjums p\u0101rsniedz 45 000 \u20ac vai ja uz\u0146\u0113mums ieg\u0101d\u0101jas preces no cit\u0101m ES valst\u012bm par vair\u0101k nek\u0101 14 000 \u20ac.\" \/>\n<meta name=\"robots\" content=\"index, follow, max-snippet:-1, max-image-preview:large, max-video-preview:-1\" \/>\n<link rel=\"canonical\" href=\"https:\/\/1office.co\/lithuania\/lv\/product\/pvn-registracija-arzemju-uznemumam\/\" \/>\n<meta property=\"og:locale\" content=\"lv_LV\" \/>\n<meta property=\"og:type\" content=\"article\" \/>\n<meta property=\"og:title\" content=\"PVN re\u0123istr\u0101cija \u0101rzemju uz\u0146\u0113mumam\" \/>\n<meta property=\"og:description\" content=\"Lietuv\u0101 uz\u0146\u0113mums ir j\u0101re\u0123istr\u0113 k\u0101 PVN maks\u0101t\u0101js, ja uz\u0146\u0113muma ar nodokli apliekamais gada apgroz\u012bjums p\u0101rsniedz 45 000 \u20ac vai ja uz\u0146\u0113mums ieg\u0101d\u0101jas preces no cit\u0101m ES valst\u012bm par vair\u0101k nek\u0101 14 000 \u20ac.\" \/>\n<meta property=\"og:url\" content=\"https:\/\/1office.co\/lithuania\/lv\/product\/pvn-registracija-arzemju-uznemumam\/\" \/>\n<meta property=\"og:site_name\" content=\"1Office Lithuania\" \/>\n<meta property=\"article:modified_time\" content=\"2022-04-07T06:57:27+00:00\" \/>\n<meta property=\"og:image\" content=\"https:\/\/1office.co\/lithuania\/wp-content\/uploads\/sites\/15\/2022\/04\/sarah-elizabeth-O3gOgPB4sRU-unsplash-1-scaled.jpg\" \/>\n\t<meta property=\"og:image:width\" content=\"2560\" \/>\n\t<meta property=\"og:image:height\" content=\"1866\" \/>\n\t<meta property=\"og:image:type\" content=\"image\/jpeg\" \/>\n<meta name=\"twitter:card\" content=\"summary_large_image\" \/>\n<meta name=\"twitter:label1\" content=\"Est. reading time\" \/>\n\t<meta name=\"twitter:data1\" content=\"1 minute\" \/>\n<script type=\"application\/ld+json\" class=\"yoast-schema-graph\">{\"@context\":\"https:\/\/schema.org\",\"@graph\":[{\"@type\":\"WebPage\",\"@id\":\"https:\/\/1office.co\/lithuania\/lv\/product\/pvn-registracija-arzemju-uznemumam\/\",\"url\":\"https:\/\/1office.co\/lithuania\/lv\/product\/pvn-registracija-arzemju-uznemumam\/\",\"name\":\"PVN re\u0123istr\u0101cija \u0101rzemju uz\u0146\u0113mumam - 1Office Lithuania\",\"isPartOf\":{\"@id\":\"https:\/\/1office.co\/lithuania\/#website\"},\"primaryImageOfPage\":{\"@id\":\"https:\/\/1office.co\/lithuania\/lv\/product\/pvn-registracija-arzemju-uznemumam\/#primaryimage\"},\"image\":{\"@id\":\"https:\/\/1office.co\/lithuania\/lv\/product\/pvn-registracija-arzemju-uznemumam\/#primaryimage\"},\"thumbnailUrl\":\"https:\/\/1office.co\/lithuania\/wp-content\/uploads\/sites\/15\/2017\/12\/VAT-registration-for-a-foreign-company.png\",\"datePublished\":\"2022-04-07T06:23:48+00:00\",\"dateModified\":\"2022-04-07T06:57:27+00:00\",\"description\":\"Lietuv\u0101 uz\u0146\u0113mums ir j\u0101re\u0123istr\u0113 k\u0101 PVN maks\u0101t\u0101js, ja uz\u0146\u0113muma ar nodokli apliekamais gada apgroz\u012bjums p\u0101rsniedz 45 000 \u20ac vai ja uz\u0146\u0113mums ieg\u0101d\u0101jas preces no cit\u0101m ES valst\u012bm par vair\u0101k nek\u0101 14 000 \u20ac.\",\"breadcrumb\":{\"@id\":\"https:\/\/1office.co\/lithuania\/lv\/product\/pvn-registracija-arzemju-uznemumam\/#breadcrumb\"},\"inLanguage\":\"lv-LV\",\"potentialAction\":[{\"@type\":\"ReadAction\",\"target\":[\"https:\/\/1office.co\/lithuania\/lv\/product\/pvn-registracija-arzemju-uznemumam\/\"]}]},{\"@type\":\"ImageObject\",\"inLanguage\":\"lv-LV\",\"@id\":\"https:\/\/1office.co\/lithuania\/lv\/product\/pvn-registracija-arzemju-uznemumam\/#primaryimage\",\"url\":\"https:\/\/1office.co\/lithuania\/wp-content\/uploads\/sites\/15\/2017\/12\/VAT-registration-for-a-foreign-company.png\",\"contentUrl\":\"https:\/\/1office.co\/lithuania\/wp-content\/uploads\/sites\/15\/2017\/12\/VAT-registration-for-a-foreign-company.png\",\"width\":500,\"height\":500},{\"@type\":\"BreadcrumbList\",\"@id\":\"https:\/\/1office.co\/lithuania\/lv\/product\/pvn-registracija-arzemju-uznemumam\/#breadcrumb\",\"itemListElement\":[{\"@type\":\"ListItem\",\"position\":1,\"name\":\"Home\",\"item\":\"https:\/\/1office.co\/lithuania\/lv\/\"},{\"@type\":\"ListItem\",\"position\":2,\"name\":\"Teenused leht\",\"item\":\"https:\/\/1office.co\/lithuania\/et\/teenused\/\"},{\"@type\":\"ListItem\",\"position\":3,\"name\":\"PVN re\u0123istr\u0101cija \u0101rzemju uz\u0146\u0113mumam\"}]},{\"@type\":\"WebSite\",\"@id\":\"https:\/\/1office.co\/lithuania\/#website\",\"url\":\"https:\/\/1office.co\/lithuania\/\",\"name\":\"1Office Lithuania\",\"description\":\"Making Business Simple\",\"potentialAction\":[{\"@type\":\"SearchAction\",\"target\":{\"@type\":\"EntryPoint\",\"urlTemplate\":\"https:\/\/1office.co\/lithuania\/?s={search_term_string}\"},\"query-input\":{\"@type\":\"PropertyValueSpecification\",\"valueRequired\":true,\"valueName\":\"search_term_string\"}}],\"inLanguage\":\"lv-LV\"}]}<\/script>\n<!-- \/ Yoast SEO Premium plugin. -->","yoast_head_json":{"title":"PVN re\u0123istr\u0101cija \u0101rzemju uz\u0146\u0113mumam - 1Office Lithuania","description":"Lietuv\u0101 uz\u0146\u0113mums ir j\u0101re\u0123istr\u0113 k\u0101 PVN maks\u0101t\u0101js, ja uz\u0146\u0113muma ar nodokli apliekamais gada apgroz\u012bjums p\u0101rsniedz 45 000 \u20ac vai ja uz\u0146\u0113mums ieg\u0101d\u0101jas preces no cit\u0101m ES valst\u012bm par vair\u0101k nek\u0101 14 000 \u20ac.","robots":{"index":"index","follow":"follow","max-snippet":"max-snippet:-1","max-image-preview":"max-image-preview:large","max-video-preview":"max-video-preview:-1"},"canonical":"https:\/\/1office.co\/lithuania\/lv\/product\/pvn-registracija-arzemju-uznemumam\/","og_locale":"lv_LV","og_type":"article","og_title":"PVN re\u0123istr\u0101cija \u0101rzemju uz\u0146\u0113mumam","og_description":"Lietuv\u0101 uz\u0146\u0113mums ir j\u0101re\u0123istr\u0113 k\u0101 PVN maks\u0101t\u0101js, ja uz\u0146\u0113muma ar nodokli apliekamais gada apgroz\u012bjums p\u0101rsniedz 45 000 \u20ac vai ja uz\u0146\u0113mums ieg\u0101d\u0101jas preces no cit\u0101m ES valst\u012bm par vair\u0101k nek\u0101 14 000 \u20ac.","og_url":"https:\/\/1office.co\/lithuania\/lv\/product\/pvn-registracija-arzemju-uznemumam\/","og_site_name":"1Office Lithuania","article_modified_time":"2022-04-07T06:57:27+00:00","og_image":[{"width":2560,"height":1866,"url":"https:\/\/1office.co\/lithuania\/wp-content\/uploads\/sites\/15\/2022\/04\/sarah-elizabeth-O3gOgPB4sRU-unsplash-1-scaled.jpg","type":"image\/jpeg"}],"twitter_card":"summary_large_image","twitter_misc":{"Est. reading time":"1 minute"},"schema":{"@context":"https:\/\/schema.org","@graph":[{"@type":"WebPage","@id":"https:\/\/1office.co\/lithuania\/lv\/product\/pvn-registracija-arzemju-uznemumam\/","url":"https:\/\/1office.co\/lithuania\/lv\/product\/pvn-registracija-arzemju-uznemumam\/","name":"PVN re\u0123istr\u0101cija \u0101rzemju uz\u0146\u0113mumam - 1Office Lithuania","isPartOf":{"@id":"https:\/\/1office.co\/lithuania\/#website"},"primaryImageOfPage":{"@id":"https:\/\/1office.co\/lithuania\/lv\/product\/pvn-registracija-arzemju-uznemumam\/#primaryimage"},"image":{"@id":"https:\/\/1office.co\/lithuania\/lv\/product\/pvn-registracija-arzemju-uznemumam\/#primaryimage"},"thumbnailUrl":"https:\/\/1office.co\/lithuania\/wp-content\/uploads\/sites\/15\/2017\/12\/VAT-registration-for-a-foreign-company.png","datePublished":"2022-04-07T06:23:48+00:00","dateModified":"2022-04-07T06:57:27+00:00","description":"Lietuv\u0101 uz\u0146\u0113mums ir j\u0101re\u0123istr\u0113 k\u0101 PVN maks\u0101t\u0101js, ja uz\u0146\u0113muma ar nodokli apliekamais gada apgroz\u012bjums p\u0101rsniedz 45 000 \u20ac vai ja uz\u0146\u0113mums ieg\u0101d\u0101jas preces no cit\u0101m ES valst\u012bm par vair\u0101k nek\u0101 14 000 \u20ac.","breadcrumb":{"@id":"https:\/\/1office.co\/lithuania\/lv\/product\/pvn-registracija-arzemju-uznemumam\/#breadcrumb"},"inLanguage":"lv-LV","potentialAction":[{"@type":"ReadAction","target":["https:\/\/1office.co\/lithuania\/lv\/product\/pvn-registracija-arzemju-uznemumam\/"]}]},{"@type":"ImageObject","inLanguage":"lv-LV","@id":"https:\/\/1office.co\/lithuania\/lv\/product\/pvn-registracija-arzemju-uznemumam\/#primaryimage","url":"https:\/\/1office.co\/lithuania\/wp-content\/uploads\/sites\/15\/2017\/12\/VAT-registration-for-a-foreign-company.png","contentUrl":"https:\/\/1office.co\/lithuania\/wp-content\/uploads\/sites\/15\/2017\/12\/VAT-registration-for-a-foreign-company.png","width":500,"height":500},{"@type":"BreadcrumbList","@id":"https:\/\/1office.co\/lithuania\/lv\/product\/pvn-registracija-arzemju-uznemumam\/#breadcrumb","itemListElement":[{"@type":"ListItem","position":1,"name":"Home","item":"https:\/\/1office.co\/lithuania\/lv\/"},{"@type":"ListItem","position":2,"name":"Teenused leht","item":"https:\/\/1office.co\/lithuania\/et\/teenused\/"},{"@type":"ListItem","position":3,"name":"PVN re\u0123istr\u0101cija \u0101rzemju uz\u0146\u0113mumam"}]},{"@type":"WebSite","@id":"https:\/\/1office.co\/lithuania\/#website","url":"https:\/\/1office.co\/lithuania\/","name":"1Office Lithuania","description":"Making Business Simple","potentialAction":[{"@type":"SearchAction","target":{"@type":"EntryPoint","urlTemplate":"https:\/\/1office.co\/lithuania\/?s={search_term_string}"},"query-input":{"@type":"PropertyValueSpecification","valueRequired":true,"valueName":"search_term_string"}}],"inLanguage":"lv-LV"}]}},"_links":{"self":[{"href":"https:\/\/1office.co\/lithuania\/lv\/wp-json\/wp\/v2\/product\/58422","targetHints":{"allow":["GET"]}}],"collection":[{"href":"https:\/\/1office.co\/lithuania\/lv\/wp-json\/wp\/v2\/product"}],"about":[{"href":"https:\/\/1office.co\/lithuania\/lv\/wp-json\/wp\/v2\/types\/product"}],"wp:featuredmedia":[{"embeddable":true,"href":"https:\/\/1office.co\/lithuania\/lv\/wp-json\/wp\/v2\/media\/59501"}],"wp:attachment":[{"href":"https:\/\/1office.co\/lithuania\/lv\/wp-json\/wp\/v2\/media?parent=58422"}],"wp:term":[{"taxonomy":"product_brand","embeddable":true,"href":"https:\/\/1office.co\/lithuania\/lv\/wp-json\/wp\/v2\/product_brand?post=58422"},{"taxonomy":"product_cat","embeddable":true,"href":"https:\/\/1office.co\/lithuania\/lv\/wp-json\/wp\/v2\/product_cat?post=58422"},{"taxonomy":"product_tag","embeddable":true,"href":"https:\/\/1office.co\/lithuania\/lv\/wp-json\/wp\/v2\/product_tag?post=58422"}],"curies":[{"name":"wp","href":"https:\/\/api.w.org\/{rel}","templated":true}]}}