{"id":57793,"date":"2017-12-13T11:39:59","date_gmt":"2017-12-13T11:39:59","guid":{"rendered":"https:\/\/1office.co\/lithuania\/product\/vat-registration\/"},"modified":"2022-04-05T05:59:29","modified_gmt":"2022-04-05T05:59:29","slug":"vat-registration","status":"publish","type":"product","link":"https:\/\/1office.co\/lithuania\/sv\/produkt\/vat-registration\/","title":{"rendered":"Momsregistrering"},"content":{"rendered":"<div class=\"wpb-content-wrapper\"><p>[vc_row][vc_column]<div id=\"advanced-tabs-desc-wrap-3596\" class=\"ult_tabs product_tabs\" style=\" \" data-tabsstyle=\"style1\"\n data-titlebg=\"#ffffff\" data-titlecolor=\"#b6b8ba\" data-fullheight=\"off\"\n data-titlehoverbg=\"#ffffff\" data-titlehovercolor=\"#1d1e23\"\n data-rotatetabs=\"0\" data-responsivemode=\"Both\" data-animation=\"Slide\"\ndata-activetitle=\"#1d1e23\" data-activeicon=\"\" data-activebg=\"#ffffff\"  data-respmode=\"Tabs\" data-respwidth=\"400\" data-scroll = \"on\" data-activeindex=\"1\"><ul id=advanced-tabs-wrap-2633 class=\"ult_tabmenu style1 \" style=\"\"><li class=\"ult_tab_li  \" data-iconcolor=\"#74777b\" data-iconhover=\"#ffffff\" style=\"background-color:#ffffff;border-color:transparent;border-width:0px;border-style:solid;border-top-left-radius:8px;\">\n\t\t\t\t\t<a href=\"#1512642751410-8cd24-3a01\"  id=\"1512642751410-8cd24-3a01\"  style=\"color:#b6b8ba;; padding:15px; \" class=\"ult_a  \">\n\t\t\t\t\t     <span class=\"ult_tab_main Both \">\n\t\t\t\t\t \t\t <span class=\"ult_tab_section\">\n\t\t\t\t\t   \t\t\t<span  data-ultimate-target='#advanced-tabs-wrap-2633 .ult-span-text'  data-responsive-json-new='{\"font-size\":\"desktop:14px;\",\"line-height\":\"\"}'  class=\"ult-span-text no_icon ult_tab_display_text ult-responsive\" style=\"font-weight:bold;;\">Beskrivning<\/span>\n\t\t\t\t\t   \t\t<\/span>\n\t\t\t\t\t\t<\/span>\n\t\t\t\t\t<\/a>\n\t\t\t\t\t<\/li><li class=\"ult_tab_li  product-faq\" data-iconcolor=\"#74777b\" data-iconhover=\"#ffffff\" style=\"background-color:#ffffff;border-color:transparent;border-width:0px;border-style:solid;border-top-right-radius:8px;\">\n\t\t\t\t\t<a href=\"#1512642751435-8cd24-3a01\"  id=\"1512642751435-8cd24-3a01\"  style=\"color:#b6b8ba;; padding:15px; \" class=\"ult_a  \">\n\t\t\t\t\t     <span class=\"ult_tab_main Both \">\n\t\t\t\t\t \t\t <span class=\"ult_tab_section\">\n\t\t\t\t\t   \t\t\t<span  data-ultimate-target='#advanced-tabs-wrap-2633 .ult-span-text'  data-responsive-json-new='{\"font-size\":\"desktop:14px;\",\"line-height\":\"\"}'  class=\"ult-span-text no_icon ult_tab_display_text ult-responsive\" style=\"font-weight:bold;;\">Vanliga fr\u00e5gor<\/span>\n\t\t\t\t\t   \t\t<\/span>\n\t\t\t\t\t\t<\/span>\n\t\t\t\t\t<\/a>\n\t\t\t\t\t<\/li><\/ul><div  data-ultimate-target='#advanced-tabs-desc-wrap-3596 .ult_tabcontent .ult_tab_min_contain  p'  data-responsive-json-new='{\"font-size\":\"\",\"line-height\":\"\"}' class=\"ult_tabcontent ult-responsive style1\" style=\"color:#74777b;\"><div class=\"ult_tab_min_contain \" >\n\t\t\t<div  class=\"ult_tabitemname\"  >\n\t\t\t\t[vc_column_text]Att skaffa ett momsregistreringsnummer i Litauen f\u00f6r ett f\u00f6retag \u00e4gt av en icke bofast person \u00e4r en komplex process. F\u00f6r att f\u00e5 ett momsregistreringsnummer m\u00e5ste ditt f\u00f6retag ha en bokf\u00f6ringsansvarig registrerad hos Nationella skatteinspektionen, som har r\u00e4tt att l\u00e4mna in dokument till skatteinspektionen.<\/p>\n<p><strong>Var beredd p\u00e5 att ge f\u00f6ljande information om ditt f\u00f6retag:<\/strong><br \/>\n\u2022 Planerad n\u00e4ringsverksamhet i Litauen<br \/>\n\u2022 Slutna avtal f\u00f6r verksamheten i Litauen<br \/>\n\u2022 Har del\u00e4gare n\u00e5gra andra f\u00f6retag eller associationer i Litauen?<\/p>\n<p><strong>Priset inkluderar:<\/strong><br \/>\n\u2022 Ifyllande av ans\u00f6kan om momsregistrering<br \/>\n\u2022 Inl\u00e4mnande av ans\u00f6kan till Nationella skatteinspektionen (STI)<br \/>\n\u2022 Svar p\u00e5 eventuella fr\u00e5gor som STI kan st\u00e4lla*<\/p>\n<p>OBS! Notera att som momspliktig m\u00e5ste du l\u00e4mna in m\u00e5natliga deklarationer \u00e4ven om ditt f\u00f6retag inte har haft n\u00e5gra aktiviteter under den aktuella perioden.<\/p>\n<p>*I priset ing\u00e5r att svara p\u00e5 skatteinspektionens fr\u00e5gor vid ett tillf\u00e4lle. Om ans\u00f6kan avsl\u00e5s eller om fler fr\u00e5gor st\u00e4lls av STI tillkommer en extra avgift p\u00e5 50 euro[\/vc_column_text]\n\t\t\t<\/div>\n\t\t\t<div  class=\"ult_tabitemname\"  >\n\t\t\t\t[vc_toggle title=&#8221;1) Kan jag ans\u00f6ka om momsregistreringsnummer innan mitt f\u00f6retag har uppfyllt kraven f\u00f6r momsregistrering?&#8221; style=&#8221;arrow&#8221; custom_font_container=&#8221;tag:h5|text_align:left&#8221; custom_use_theme_fonts=&#8221;yes&#8221; use_custom_heading=&#8221;true&#8221;]Ja, det \u00e4r m\u00f6jligt. Om du vill bli godk\u00e4nd f\u00f6r momsregistrering innan kraven \u00e4r uppfyllda m\u00e5ste du vara beredd p\u00e5 att svara p\u00e5 fr\u00e5gor fr\u00e5n Nationella skatteinspektionen och kunna bevisa att du bedriver n\u00e4ringsverksamhet i Litauen, t.ex. genom slutna avtal.[\/vc_toggle][vc_toggle title=&#8221;2) Vilka inl\u00e4mningstider g\u00e4ller f\u00f6r m\u00e5natliga deklarationer?&#8221; style=&#8221;arrow&#8221; custom_font_container=&#8221;tag:h5|text_align:left&#8221; custom_use_theme_fonts=&#8221;yes&#8221; use_custom_heading=&#8221;true&#8221;]L\u00f6ne- och skattedeklarationer m\u00e5ste l\u00e4mnas in den 15:e under f\u00f6ljande m\u00e5nad. Register f\u00f6r momsfakturor m\u00e5ste l\u00e4mnas in den 20:e och momsdeklarationer den 25:e f\u00f6ljande m\u00e5nad.[\/vc_toggle]\n\t\t\t<\/div><\/div><\/div><\/div><div class=\"ult_acord advanced-tabs-desc-wrap-3596\">\n   <div class=\"ult-tabto-accordion \" style=\"width:;\"\n    data-titlecolor=\"#b6b8ba\"  data-titlebg=\"#ffffff\"\n     data-titlehoverbg=\"#ffffff\" data-titlehovercolor=\"#1d1e23\" data-animation=\"Slide\"\n     data-activetitle=\"#1d1e23\" data-activeicon=\"\" data-activebg=\"#ffffff\" data-scroll = \"on\" data-activeindex=\"1\" >\n     <dl><dt class=\"\">\n\t        \t<a class=\"ult-tabto-actitle withBorder ult_a \" id=\"1512642751410-8cd24-3a01\" style=\"color:#b6b8ba;;background-color:#ffffff;border-bottom-color:transparent;border-bottom-width:0px;border-bottom-style:solid;\" href=\"#1512642751410-8cd24-3a01\">\n\t        \t\t<i class=\"accordion-icon\"><\/i>\n\t        \t\t\t<span class=\"ult_tab_main ult_ac_main ult_noacordicnBoth\">\n\n\t\t\t\t\t\t<span  data-ultimate-target='#advanced-tabs-wrap-2633 .ult-span-text'  data-responsive-json-new='{\"font-size\":\"desktop:14px;\",\"line-height\":\"\"}'  class=\"ult-span-text no_icon ult_acordian-text ult-responsive\" style=\"font-weight:bold;;color:inherit \" >Beskrivning<\/span>\n\t\t\t\t\t\t<\/span><\/a><\/dt>\n\t            \t\t<dd class=\"ult-tabto-accordionItem ult-tabto-accolapsed\">\n\t\t\t\t            <div class=\"ult-tabto-acontent\" style=\"color:#74777b;\">\n\t\t\t\t               [vc_column_text]Att skaffa ett momsregistreringsnummer i Litauen f\u00f6r ett f\u00f6retag \u00e4gt av en icke bofast person \u00e4r en komplex process. F\u00f6r att f\u00e5 ett momsregistreringsnummer m\u00e5ste ditt f\u00f6retag ha en bokf\u00f6ringsansvarig registrerad hos Nationella skatteinspektionen, som har r\u00e4tt att l\u00e4mna in dokument till skatteinspektionen.<\/p>\n<p><strong>Var beredd p\u00e5 att ge f\u00f6ljande information om ditt f\u00f6retag:<\/strong><br \/>\n\u2022 Planerad n\u00e4ringsverksamhet i Litauen<br \/>\n\u2022 Slutna avtal f\u00f6r verksamheten i Litauen<br \/>\n\u2022 Har del\u00e4gare n\u00e5gra andra f\u00f6retag eller associationer i Litauen?<\/p>\n<p><strong>Priset inkluderar:<\/strong><br \/>\n\u2022 Ifyllande av ans\u00f6kan om momsregistrering<br \/>\n\u2022 Inl\u00e4mnande av ans\u00f6kan till Nationella skatteinspektionen (STI)<br \/>\n\u2022 Svar p\u00e5 eventuella fr\u00e5gor som STI kan st\u00e4lla*<\/p>\n<p>OBS! Notera att som momspliktig m\u00e5ste du l\u00e4mna in m\u00e5natliga deklarationer \u00e4ven om ditt f\u00f6retag inte har haft n\u00e5gra aktiviteter under den aktuella perioden.<\/p>\n<p>*I priset ing\u00e5r att svara p\u00e5 skatteinspektionens fr\u00e5gor vid ett tillf\u00e4lle. Om ans\u00f6kan avsl\u00e5s eller om fler fr\u00e5gor st\u00e4lls av STI tillkommer en extra avgift p\u00e5 50 euro[\/vc_column_text]\n\t\t\t\t            <\/div>\n\t        \t\t\t<\/dd><dt class=\"product-faq\">\n\t        \t<a class=\"ult-tabto-actitle withBorder ult_a \" id=\"1512642751435-8cd24-3a01\" style=\"color:#b6b8ba;;background-color:#ffffff;border-bottom-color:transparent;border-bottom-width:0px;border-bottom-style:solid;border-bottom-color:transparent;border-bottom-width:0px;border-bottom-style:solid;\" href=\"#1512642751435-8cd24-3a01\">\n\t        \t\t<i class=\"accordion-icon\"><\/i>\n\t        \t\t\t<span class=\"ult_tab_main ult_ac_main ult_noacordicnBoth\">\n\n\t\t\t\t\t\t<span  data-ultimate-target='#advanced-tabs-wrap-2633 .ult-span-text'  data-responsive-json-new='{\"font-size\":\"desktop:14px;\",\"line-height\":\"\"}'  class=\"ult-span-text no_icon ult_acordian-text ult-responsive\" style=\"font-weight:bold;;color:inherit \" >Vanliga fr\u00e5gor<\/span>\n\t\t\t\t\t\t<\/span><\/a><\/dt>\n\t            \t\t<dd class=\"ult-tabto-accordionItem ult-tabto-accolapsed\">\n\t\t\t\t            <div class=\"ult-tabto-acontent\" style=\"color:#74777b;\">\n\t\t\t\t               [vc_toggle title=&#8221;1) Kan jag ans\u00f6ka om momsregistreringsnummer innan mitt f\u00f6retag har uppfyllt kraven f\u00f6r momsregistrering?&#8221; style=&#8221;arrow&#8221; custom_font_container=&#8221;tag:h5|text_align:left&#8221; custom_use_theme_fonts=&#8221;yes&#8221; use_custom_heading=&#8221;true&#8221;]Ja, det \u00e4r m\u00f6jligt. Om du vill bli godk\u00e4nd f\u00f6r momsregistrering innan kraven \u00e4r uppfyllda m\u00e5ste du vara beredd p\u00e5 att svara p\u00e5 fr\u00e5gor fr\u00e5n Nationella skatteinspektionen och kunna bevisa att du bedriver n\u00e4ringsverksamhet i Litauen, t.ex. genom slutna avtal.[\/vc_toggle][vc_toggle title=&#8221;2) Vilka inl\u00e4mningstider g\u00e4ller f\u00f6r m\u00e5natliga deklarationer?&#8221; style=&#8221;arrow&#8221; custom_font_container=&#8221;tag:h5|text_align:left&#8221; custom_use_theme_fonts=&#8221;yes&#8221; use_custom_heading=&#8221;true&#8221;]L\u00f6ne- och skattedeklarationer m\u00e5ste l\u00e4mnas in den 15:e under f\u00f6ljande m\u00e5nad. Register f\u00f6r momsfakturor m\u00e5ste l\u00e4mnas in den 20:e och momsdeklarationer den 25:e f\u00f6ljande m\u00e5nad.[\/vc_toggle]\n\t\t\t\t            <\/div>\n\t        \t\t\t<\/dd>\n    \t<\/dl>\n    <!--<div class=\"extraborder\" style=\"background-color:#ffffff\"><\/div>-->\n<\/div>\n\n<\/div>[\/vc_column][\/vc_row]<\/p>\n<\/div>","protected":false},"excerpt":{"rendered":"<p>I Litauen m\u00e5ste ett f\u00f6retag registreras som momspliktigt n\u00e4r f\u00f6retagets beskattningsbara \u00e5rsoms\u00e4ttning \u00f6verskrider 45 000 euro eller om f\u00f6retaget k\u00f6per varor f\u00f6r mer \u00e4n 14 000 euro fr\u00e5n andra EU-l\u00e4nder.<\/p>\n","protected":false},"featured_media":59511,"template":"","meta":{"_acf_changed":false,"inline_featured_image":false},"product_brand":[],"product_cat":[363],"product_tag":[364],"class_list":{"0":"post-57793","1":"product","2":"type-product","3":"status-publish","4":"has-post-thumbnail","6":"product_cat-accounting-sv","7":"product_tag-lithuania-sv","8":"description-off","10":"first","11":"instock","12":"virtual","13":"taxable","14":"purchasable","15":"product-type-simple"},"bundled_by":[],"bundle_stock_status":"instock","bundle_stock_quantity":null,"bundle_virtual":false,"bundle_layout":"","bundle_add_to_cart_form_location":"","bundle_editable_in_cart":false,"bundle_sold_individually_context":"","bundle_item_grouping":"","bundle_min_size":"","bundle_max_size":"","bundle_price":[],"bundled_items":[],"bundle_sell_ids":[],"acf":[],"yoast_head":"<!-- This site is optimized with the Yoast SEO Premium plugin v22.1 (Yoast SEO v27.0) - https:\/\/yoast.com\/product\/yoast-seo-premium-wordpress\/ -->\n<title>Momsregistrering - 1Office Lithuania<\/title>\n<meta name=\"description\" content=\"In Lithuania a company has to be registered as VAT payer when the company\u2019s taxable annual turnover exceeds 45 000 euros or if the company purchases goods for more than 14 000 euros from other EU countries.\" \/>\n<meta name=\"robots\" content=\"index, follow, max-snippet:-1, max-image-preview:large, max-video-preview:-1\" \/>\n<link rel=\"canonical\" href=\"https:\/\/1office.co\/lithuania\/sv\/produkt\/vat-registration\/\" \/>\n<meta property=\"og:locale\" content=\"sv_SE\" \/>\n<meta property=\"og:type\" content=\"article\" \/>\n<meta property=\"og:title\" content=\"Momsregistrering\" \/>\n<meta property=\"og:description\" content=\"In Lithuania a company has to be registered as VAT payer when the company\u2019s taxable annual turnover exceeds 45 000 euros or if the company purchases goods for more than 14 000 euros from other EU countries.\" \/>\n<meta property=\"og:url\" content=\"https:\/\/1office.co\/lithuania\/sv\/produkt\/vat-registration\/\" \/>\n<meta property=\"og:site_name\" content=\"1Office Lithuania\" \/>\n<meta property=\"article:modified_time\" content=\"2022-04-05T05:59:29+00:00\" \/>\n<meta property=\"og:image\" content=\"https:\/\/1office.co\/lithuania\/wp-content\/uploads\/sites\/15\/2017\/12\/money-gold-coins-finance.jpg\" \/>\n\t<meta property=\"og:image:width\" content=\"1920\" \/>\n\t<meta property=\"og:image:height\" content=\"1271\" \/>\n\t<meta property=\"og:image:type\" content=\"image\/jpeg\" \/>\n<meta name=\"twitter:card\" content=\"summary_large_image\" \/>\n<meta name=\"twitter:label1\" content=\"Ber\u00e4knad l\u00e4stid\" \/>\n\t<meta name=\"twitter:data1\" content=\"2 minuter\" \/>\n<script type=\"application\/ld+json\" class=\"yoast-schema-graph\">{\"@context\":\"https:\/\/schema.org\",\"@graph\":[{\"@type\":\"WebPage\",\"@id\":\"https:\/\/1office.co\/lithuania\/sv\/produkt\/vat-registration\/\",\"url\":\"https:\/\/1office.co\/lithuania\/sv\/produkt\/vat-registration\/\",\"name\":\"Momsregistrering - 1Office Lithuania\",\"isPartOf\":{\"@id\":\"https:\/\/1office.co\/lithuania\/#website\"},\"primaryImageOfPage\":{\"@id\":\"https:\/\/1office.co\/lithuania\/sv\/produkt\/vat-registration\/#primaryimage\"},\"image\":{\"@id\":\"https:\/\/1office.co\/lithuania\/sv\/produkt\/vat-registration\/#primaryimage\"},\"thumbnailUrl\":\"https:\/\/1office.co\/lithuania\/wp-content\/uploads\/sites\/15\/2017\/12\/VAT-registration.png\",\"datePublished\":\"2017-12-13T11:39:59+00:00\",\"dateModified\":\"2022-04-05T05:59:29+00:00\",\"description\":\"In Lithuania a company has to be registered as VAT payer when the company\u2019s taxable annual turnover exceeds 45 000 euros or if the company purchases goods for more than 14 000 euros from other EU countries.\",\"breadcrumb\":{\"@id\":\"https:\/\/1office.co\/lithuania\/sv\/produkt\/vat-registration\/#breadcrumb\"},\"inLanguage\":\"sv-SE\",\"potentialAction\":[{\"@type\":\"ReadAction\",\"target\":[\"https:\/\/1office.co\/lithuania\/sv\/produkt\/vat-registration\/\"]}]},{\"@type\":\"ImageObject\",\"inLanguage\":\"sv-SE\",\"@id\":\"https:\/\/1office.co\/lithuania\/sv\/produkt\/vat-registration\/#primaryimage\",\"url\":\"https:\/\/1office.co\/lithuania\/wp-content\/uploads\/sites\/15\/2017\/12\/VAT-registration.png\",\"contentUrl\":\"https:\/\/1office.co\/lithuania\/wp-content\/uploads\/sites\/15\/2017\/12\/VAT-registration.png\",\"width\":500,\"height\":500},{\"@type\":\"BreadcrumbList\",\"@id\":\"https:\/\/1office.co\/lithuania\/sv\/produkt\/vat-registration\/#breadcrumb\",\"itemListElement\":[{\"@type\":\"ListItem\",\"position\":1,\"name\":\"Home\",\"item\":\"https:\/\/1office.co\/lithuania\/sv\/\"},{\"@type\":\"ListItem\",\"position\":2,\"name\":\"Teenused leht\",\"item\":\"https:\/\/1office.co\/lithuania\/et\/teenused\/\"},{\"@type\":\"ListItem\",\"position\":3,\"name\":\"Momsregistrering\"}]},{\"@type\":\"WebSite\",\"@id\":\"https:\/\/1office.co\/lithuania\/#website\",\"url\":\"https:\/\/1office.co\/lithuania\/\",\"name\":\"1Office Lithuania\",\"description\":\"Making Business Simple\",\"potentialAction\":[{\"@type\":\"SearchAction\",\"target\":{\"@type\":\"EntryPoint\",\"urlTemplate\":\"https:\/\/1office.co\/lithuania\/?s={search_term_string}\"},\"query-input\":{\"@type\":\"PropertyValueSpecification\",\"valueRequired\":true,\"valueName\":\"search_term_string\"}}],\"inLanguage\":\"sv-SE\"}]}<\/script>\n<!-- \/ Yoast SEO Premium plugin. -->","yoast_head_json":{"title":"Momsregistrering - 1Office Lithuania","description":"In Lithuania a company has to be registered as VAT payer when the company\u2019s taxable annual turnover exceeds 45 000 euros or if the company purchases goods for more than 14 000 euros from other EU countries.","robots":{"index":"index","follow":"follow","max-snippet":"max-snippet:-1","max-image-preview":"max-image-preview:large","max-video-preview":"max-video-preview:-1"},"canonical":"https:\/\/1office.co\/lithuania\/sv\/produkt\/vat-registration\/","og_locale":"sv_SE","og_type":"article","og_title":"Momsregistrering","og_description":"In Lithuania a company has to be registered as VAT payer when the company\u2019s taxable annual turnover exceeds 45 000 euros or if the company purchases goods for more than 14 000 euros from other EU countries.","og_url":"https:\/\/1office.co\/lithuania\/sv\/produkt\/vat-registration\/","og_site_name":"1Office Lithuania","article_modified_time":"2022-04-05T05:59:29+00:00","og_image":[{"width":1920,"height":1271,"url":"https:\/\/1office.co\/lithuania\/wp-content\/uploads\/sites\/15\/2017\/12\/money-gold-coins-finance.jpg","type":"image\/jpeg"}],"twitter_card":"summary_large_image","twitter_misc":{"Ber\u00e4knad l\u00e4stid":"2 minuter"},"schema":{"@context":"https:\/\/schema.org","@graph":[{"@type":"WebPage","@id":"https:\/\/1office.co\/lithuania\/sv\/produkt\/vat-registration\/","url":"https:\/\/1office.co\/lithuania\/sv\/produkt\/vat-registration\/","name":"Momsregistrering - 1Office Lithuania","isPartOf":{"@id":"https:\/\/1office.co\/lithuania\/#website"},"primaryImageOfPage":{"@id":"https:\/\/1office.co\/lithuania\/sv\/produkt\/vat-registration\/#primaryimage"},"image":{"@id":"https:\/\/1office.co\/lithuania\/sv\/produkt\/vat-registration\/#primaryimage"},"thumbnailUrl":"https:\/\/1office.co\/lithuania\/wp-content\/uploads\/sites\/15\/2017\/12\/VAT-registration.png","datePublished":"2017-12-13T11:39:59+00:00","dateModified":"2022-04-05T05:59:29+00:00","description":"In Lithuania a company has to be registered as VAT payer when the company\u2019s taxable annual turnover exceeds 45 000 euros or if the company purchases goods for more than 14 000 euros from other EU countries.","breadcrumb":{"@id":"https:\/\/1office.co\/lithuania\/sv\/produkt\/vat-registration\/#breadcrumb"},"inLanguage":"sv-SE","potentialAction":[{"@type":"ReadAction","target":["https:\/\/1office.co\/lithuania\/sv\/produkt\/vat-registration\/"]}]},{"@type":"ImageObject","inLanguage":"sv-SE","@id":"https:\/\/1office.co\/lithuania\/sv\/produkt\/vat-registration\/#primaryimage","url":"https:\/\/1office.co\/lithuania\/wp-content\/uploads\/sites\/15\/2017\/12\/VAT-registration.png","contentUrl":"https:\/\/1office.co\/lithuania\/wp-content\/uploads\/sites\/15\/2017\/12\/VAT-registration.png","width":500,"height":500},{"@type":"BreadcrumbList","@id":"https:\/\/1office.co\/lithuania\/sv\/produkt\/vat-registration\/#breadcrumb","itemListElement":[{"@type":"ListItem","position":1,"name":"Home","item":"https:\/\/1office.co\/lithuania\/sv\/"},{"@type":"ListItem","position":2,"name":"Teenused leht","item":"https:\/\/1office.co\/lithuania\/et\/teenused\/"},{"@type":"ListItem","position":3,"name":"Momsregistrering"}]},{"@type":"WebSite","@id":"https:\/\/1office.co\/lithuania\/#website","url":"https:\/\/1office.co\/lithuania\/","name":"1Office Lithuania","description":"Making Business Simple","potentialAction":[{"@type":"SearchAction","target":{"@type":"EntryPoint","urlTemplate":"https:\/\/1office.co\/lithuania\/?s={search_term_string}"},"query-input":{"@type":"PropertyValueSpecification","valueRequired":true,"valueName":"search_term_string"}}],"inLanguage":"sv-SE"}]}},"_links":{"self":[{"href":"https:\/\/1office.co\/lithuania\/sv\/wp-json\/wp\/v2\/product\/57793","targetHints":{"allow":["GET"]}}],"collection":[{"href":"https:\/\/1office.co\/lithuania\/sv\/wp-json\/wp\/v2\/product"}],"about":[{"href":"https:\/\/1office.co\/lithuania\/sv\/wp-json\/wp\/v2\/types\/product"}],"wp:featuredmedia":[{"embeddable":true,"href":"https:\/\/1office.co\/lithuania\/sv\/wp-json\/wp\/v2\/media\/59511"}],"wp:attachment":[{"href":"https:\/\/1office.co\/lithuania\/sv\/wp-json\/wp\/v2\/media?parent=57793"}],"wp:term":[{"taxonomy":"product_brand","embeddable":true,"href":"https:\/\/1office.co\/lithuania\/sv\/wp-json\/wp\/v2\/product_brand?post=57793"},{"taxonomy":"product_cat","embeddable":true,"href":"https:\/\/1office.co\/lithuania\/sv\/wp-json\/wp\/v2\/product_cat?post=57793"},{"taxonomy":"product_tag","embeddable":true,"href":"https:\/\/1office.co\/lithuania\/sv\/wp-json\/wp\/v2\/product_tag?post=57793"}],"curies":[{"name":"wp","href":"https:\/\/api.w.org\/{rel}","templated":true}]}}