{"id":57797,"date":"2017-08-10T08:34:10","date_gmt":"2017-08-10T08:34:10","guid":{"rendered":"https:\/\/1office.co\/lithuania\/product\/company-formation-in-notarys-office\/"},"modified":"2020-10-20T11:42:19","modified_gmt":"2020-10-20T11:42:19","slug":"company-formation-in-notarys-office","status":"publish","type":"product","link":"https:\/\/1office.co\/lithuania\/sv\/produkt\/company-formation-in-notarys-office\/","title":{"rendered":"Starta f\u00f6retag p\u00e5 distans"},"content":{"rendered":"<div class=\"wpb-content-wrapper\"><p>[vc_row][vc_column]<div id=\"advanced-tabs-desc-wrap-8068\" class=\"ult_tabs product_tabs\" style=\" \" data-tabsstyle=\"style1\"\n data-titlebg=\"#ffffff\" data-titlecolor=\"#b6b8ba\" data-fullheight=\"off\"\n data-titlehoverbg=\"#ffffff\" data-titlehovercolor=\"#1d1e23\"\n data-rotatetabs=\"0\" data-responsivemode=\"Both\" data-animation=\"Slide\"\ndata-activetitle=\"#1d1e23\" data-activeicon=\"\" data-activebg=\"#ffffff\"  data-respmode=\"Tabs\" data-respwidth=\"400\" data-scroll = \"on\" data-activeindex=\"1\"><ul id=advanced-tabs-wrap-4350 class=\"ult_tabmenu style1 \" style=\"\"><li class=\"ult_tab_li  \" data-iconcolor=\"#74777b\" data-iconhover=\"#ffffff\" style=\"background-color:#ffffff;border-color:transparent;border-width:0px;border-style:solid;border-top-left-radius:8px;\">\n\t\t\t\t\t<a href=\"#1512642751410-8ee0b-c3ff\"  id=\"1512642751410-8ee0b-c3ff\"  style=\"color:#b6b8ba;; padding:15px; \" class=\"ult_a  \">\n\t\t\t\t\t     <span class=\"ult_tab_main Both \">\n\t\t\t\t\t \t\t <span class=\"ult_tab_section\">\n\t\t\t\t\t   \t\t\t<span  data-ultimate-target='#advanced-tabs-wrap-4350 .ult-span-text'  data-responsive-json-new='{\"font-size\":\"desktop:14px;\",\"line-height\":\"\"}'  class=\"ult-span-text no_icon ult_tab_display_text ult-responsive\" style=\"font-weight:bold;;\">Beskrivning<\/span>\n\t\t\t\t\t   \t\t<\/span>\n\t\t\t\t\t\t<\/span>\n\t\t\t\t\t<\/a>\n\t\t\t\t\t<\/li><li class=\"ult_tab_li  \" data-iconcolor=\"#74777b\" data-iconhover=\"#ffffff\" style=\"background-color:#ffffff;border-color:transparent;border-width:0px;border-style:solid;border-top-right-radius:8px;\">\n\t\t\t\t\t<a href=\"#1516974013560-1-1\"  id=\"1516974013560-1-1\"  style=\"color:#b6b8ba;; padding:15px; \" class=\"ult_a  \">\n\t\t\t\t\t     <span class=\"ult_tab_main Both \">\n\t\t\t\t\t \t\t <span class=\"ult_tab_section\">\n\t\t\t\t\t   \t\t\t<span  data-ultimate-target='#advanced-tabs-wrap-4350 .ult-span-text'  data-responsive-json-new='{\"font-size\":\"desktop:14px;\",\"line-height\":\"\"}'  class=\"ult-span-text no_icon ult_tab_display_text ult-responsive\" style=\"font-weight:bold;;\">Vanliga fr\u00e5gor<\/span>\n\t\t\t\t\t   \t\t<\/span>\n\t\t\t\t\t\t<\/span>\n\t\t\t\t\t<\/a>\n\t\t\t\t\t<\/li><\/ul><div  data-ultimate-target='#advanced-tabs-desc-wrap-8068 .ult_tabcontent .ult_tab_min_contain  p'  data-responsive-json-new='{\"font-size\":\"\",\"line-height\":\"\"}' class=\"ult_tabcontent ult-responsive style1\" style=\"color:#74777b;\"><div class=\"ult_tab_min_contain \" >\n\t\t\t<div  class=\"ult_tabitemname\"  >\n\t\t\t\t[vc_column_text]F\u00f6retagsbildning hos notarie med hj\u00e4lp av 1Office representant. Ditt f\u00f6retag registreras inom 5 arbetsdagar efter bes\u00f6ket hos notarie.<br \/>\nVi g\u00f6r din process smidigare. F\u00f6retagets grundare beh\u00f6ver att underteckna f\u00f6retagets grundl\u00e4ggande handlingar f\u00f6r 1Office-representant som\u00a0sedan kan\u00a0representera dig hos notarie mot en extra avgift.<\/p>\n<p>&nbsp;<\/p>\n<p><strong>Priset inkluderar:<\/strong><\/p>\n<ul>\n<li>Etablering av f\u00f6retag med en stiftare (om det finns tv\u00e5 eller fler stiftare, v\u00e4nligen fr\u00e5ga ytterligare offert)<\/li>\n<li>F\u00f6retagsregistrering f\u00f6r postadress (om du v\u00e4ljer att anv\u00e4nda v\u00e5r tj\u00e4nst f\u00f6r officiell adress)<\/li>\n<li>Bankkonto<\/li>\n<li>F\u00f6rberedelser av grundl\u00e4ggande dokument p\u00e5 litauiska eller engelska<\/li>\n<li>Tidbokning hos notarie<\/li>\n<li>Statlig avgift<\/li>\n<li>Notarieavgifter<\/li>\n<li>Assistans fr\u00e5n v\u00e5r representant vid varje steg<\/li>\n<\/ul>\n<p>&nbsp;<\/p>\n<p><strong>Processfl\u00f6de:<\/strong><\/p>\n<ul>\n<li>V\u00e4nligen fyll i KYC-formul\u00e4ret som skickats av oss n\u00e4r du har gjort ett k\u00f6p<\/li>\n<li>Efter att du har fyllt i KYC-formul\u00e4ret f\u00f6rbereder vi n\u00f6dv\u00e4ndiga dokument baserat p\u00e5 denna information.<\/li>\n<li>Underteckna originaldokumenten och skicka dem tillbaka till oss<\/li>\n<li>Sedan bokar vi tid hos notarie och skickar in ans\u00f6kan om att starta ett f\u00f6retag<\/li>\n<li>1Office-representant \u00f6ppnar f\u00f6rst ett\u00a0bankkonto f\u00f6r att \u00f6verf\u00f6ra aktiekapitalet<\/li>\n<li>\u00d6verf\u00f6r aktiekapitalet till det ursprungliga bankkontot<\/li>\n<li>Efter betalning av aktiekapitalet skickar vi in dokumenten till bolagsregistret. Det kan ta upp till fem arbetsdagar att registrera f\u00f6retag.<\/li>\n<li>N\u00e4r f\u00f6retaget \u00e4r registrerat, \u00e4ndra det ursprungliga bankkontot till ett vanligt konto. F\u00f6r detta steg kr\u00e4vs ens n\u00e4rvaro. Vid behov kan v\u00e5r advokat f\u00f6lja med mot en extra avgift.<\/li>\n<\/ul>\n<p>[\/vc_column_text]\n\t\t\t<\/div>\n\t\t\t<div  class=\"ult_tabitemname\"  >\n\t\t\t\t[vc_toggle title=&#8221;1) Kan 1Office hj\u00e4lpa mig att \u00f6ppna ett bankkonto?&#8221; style=&#8221;arrow&#8221; custom_font_container=&#8221;tag:h5|text_align:left|color:%230c0c0c&#8221; custom_use_theme_fonts=&#8221;yes&#8221; use_custom_heading=&#8221;true&#8221;]Vissa banker kr\u00e4ver att kunder identifierar sig vid n\u00e5got av deras kontor och i s\u00e5 fall m\u00e5ste du resa till Litauen. Var god kontakta oss s\u00e5 kan vi hitta det b\u00e4sta alternativet f\u00f6r ditt f\u00f6retag.[\/vc_toggle]\n\t\t\t<\/div><\/div><\/div><\/div><div class=\"ult_acord advanced-tabs-desc-wrap-8068\">\n   <div class=\"ult-tabto-accordion \" style=\"width:;\"\n    data-titlecolor=\"#b6b8ba\"  data-titlebg=\"#ffffff\"\n     data-titlehoverbg=\"#ffffff\" data-titlehovercolor=\"#1d1e23\" data-animation=\"Slide\"\n     data-activetitle=\"#1d1e23\" data-activeicon=\"\" data-activebg=\"#ffffff\" data-scroll = \"on\" data-activeindex=\"1\" >\n     <dl><dt class=\"\">\n\t        \t<a class=\"ult-tabto-actitle withBorder ult_a \" id=\"1512642751410-8ee0b-c3ff\" style=\"color:#b6b8ba;;background-color:#ffffff;border-bottom-color:transparent;border-bottom-width:0px;border-bottom-style:solid;\" href=\"#1512642751410-8ee0b-c3ff\">\n\t        \t\t<i class=\"accordion-icon\"><\/i>\n\t        \t\t\t<span class=\"ult_tab_main ult_ac_main ult_noacordicnBoth\">\n\n\t\t\t\t\t\t<span  data-ultimate-target='#advanced-tabs-wrap-4350 .ult-span-text'  data-responsive-json-new='{\"font-size\":\"desktop:14px;\",\"line-height\":\"\"}'  class=\"ult-span-text no_icon ult_acordian-text ult-responsive\" style=\"font-weight:bold;;color:inherit \" >Beskrivning<\/span>\n\t\t\t\t\t\t<\/span><\/a><\/dt>\n\t            \t\t<dd class=\"ult-tabto-accordionItem ult-tabto-accolapsed\">\n\t\t\t\t            <div class=\"ult-tabto-acontent\" style=\"color:#74777b;\">\n\t\t\t\t               [vc_column_text]F\u00f6retagsbildning hos notarie med hj\u00e4lp av 1Office representant. Ditt f\u00f6retag registreras inom 5 arbetsdagar efter bes\u00f6ket hos notarie.<br \/>\nVi g\u00f6r din process smidigare. F\u00f6retagets grundare beh\u00f6ver att underteckna f\u00f6retagets grundl\u00e4ggande handlingar f\u00f6r 1Office-representant som\u00a0sedan kan\u00a0representera dig hos notarie mot en extra avgift.<\/p>\n<p>&nbsp;<\/p>\n<p><strong>Priset inkluderar:<\/strong><\/p>\n<ul>\n<li>Etablering av f\u00f6retag med en stiftare (om det finns tv\u00e5 eller fler stiftare, v\u00e4nligen fr\u00e5ga ytterligare offert)<\/li>\n<li>F\u00f6retagsregistrering f\u00f6r postadress (om du v\u00e4ljer att anv\u00e4nda v\u00e5r tj\u00e4nst f\u00f6r officiell adress)<\/li>\n<li>Bankkonto<\/li>\n<li>F\u00f6rberedelser av grundl\u00e4ggande dokument p\u00e5 litauiska eller engelska<\/li>\n<li>Tidbokning hos notarie<\/li>\n<li>Statlig avgift<\/li>\n<li>Notarieavgifter<\/li>\n<li>Assistans fr\u00e5n v\u00e5r representant vid varje steg<\/li>\n<\/ul>\n<p>&nbsp;<\/p>\n<p><strong>Processfl\u00f6de:<\/strong><\/p>\n<ul>\n<li>V\u00e4nligen fyll i KYC-formul\u00e4ret som skickats av oss n\u00e4r du har gjort ett k\u00f6p<\/li>\n<li>Efter att du har fyllt i KYC-formul\u00e4ret f\u00f6rbereder vi n\u00f6dv\u00e4ndiga dokument baserat p\u00e5 denna information.<\/li>\n<li>Underteckna originaldokumenten och skicka dem tillbaka till oss<\/li>\n<li>Sedan bokar vi tid hos notarie och skickar in ans\u00f6kan om att starta ett f\u00f6retag<\/li>\n<li>1Office-representant \u00f6ppnar f\u00f6rst ett\u00a0bankkonto f\u00f6r att \u00f6verf\u00f6ra aktiekapitalet<\/li>\n<li>\u00d6verf\u00f6r aktiekapitalet till det ursprungliga bankkontot<\/li>\n<li>Efter betalning av aktiekapitalet skickar vi in dokumenten till bolagsregistret. Det kan ta upp till fem arbetsdagar att registrera f\u00f6retag.<\/li>\n<li>N\u00e4r f\u00f6retaget \u00e4r registrerat, \u00e4ndra det ursprungliga bankkontot till ett vanligt konto. F\u00f6r detta steg kr\u00e4vs ens n\u00e4rvaro. Vid behov kan v\u00e5r advokat f\u00f6lja med mot en extra avgift.<\/li>\n<\/ul>\n<p>[\/vc_column_text]\n\t\t\t\t            <\/div>\n\t        \t\t\t<\/dd><dt class=\"\">\n\t        \t<a class=\"ult-tabto-actitle withBorder ult_a \" id=\"1516974013560-1-1\" style=\"color:#b6b8ba;;background-color:#ffffff;border-bottom-color:transparent;border-bottom-width:0px;border-bottom-style:solid;border-bottom-color:transparent;border-bottom-width:0px;border-bottom-style:solid;\" href=\"#1516974013560-1-1\">\n\t        \t\t<i class=\"accordion-icon\"><\/i>\n\t        \t\t\t<span class=\"ult_tab_main ult_ac_main ult_noacordicnBoth\">\n\n\t\t\t\t\t\t<span  data-ultimate-target='#advanced-tabs-wrap-4350 .ult-span-text'  data-responsive-json-new='{\"font-size\":\"desktop:14px;\",\"line-height\":\"\"}'  class=\"ult-span-text no_icon ult_acordian-text ult-responsive\" style=\"font-weight:bold;;color:inherit \" >Vanliga fr\u00e5gor<\/span>\n\t\t\t\t\t\t<\/span><\/a><\/dt>\n\t            \t\t<dd class=\"ult-tabto-accordionItem ult-tabto-accolapsed\">\n\t\t\t\t            <div class=\"ult-tabto-acontent\" style=\"color:#74777b;\">\n\t\t\t\t               [vc_toggle title=&#8221;1) Kan 1Office hj\u00e4lpa mig att \u00f6ppna ett bankkonto?&#8221; style=&#8221;arrow&#8221; custom_font_container=&#8221;tag:h5|text_align:left|color:%230c0c0c&#8221; custom_use_theme_fonts=&#8221;yes&#8221; use_custom_heading=&#8221;true&#8221;]Vissa banker kr\u00e4ver att kunder identifierar sig vid n\u00e5got av deras kontor och i s\u00e5 fall m\u00e5ste du resa till Litauen. Var god kontakta oss s\u00e5 kan vi hitta det b\u00e4sta alternativet f\u00f6r ditt f\u00f6retag.[\/vc_toggle]\n\t\t\t\t            <\/div>\n\t        \t\t\t<\/dd>\n    \t<\/dl>\n    <!--<div class=\"extraborder\" style=\"background-color:#ffffff\"><\/div>-->\n<\/div>\n\n<\/div>[\/vc_column][\/vc_row]<\/p>\n<\/div>","protected":false},"excerpt":{"rendered":"<p>Ett litauskt f\u00f6retag (i litauiska Uzdaroji Akcine Bendrove eller UAB) kan registreras p\u00e5 ett litauiskt\u00a0notariekontor. Om du godk\u00e4nner en 1Office-representant att representera dig hos notarie, \u00e4r det m\u00f6jligt att starta f\u00f6retag p\u00e5 distans. Detta \u00e4r en bra val f\u00f6r privatpersoner eller f\u00f6retagare som inte kan komma till Litauen f\u00f6r att b\u00f6rja med f\u00f6retag eller fylla i dokument och skicka dem till olika myndigheter.<\/p>\n","protected":false},"featured_media":59474,"template":"","meta":{"_acf_changed":false,"inline_featured_image":false},"product_brand":[],"product_cat":[373],"product_tag":[364],"class_list":{"0":"post-57797","1":"product","2":"type-product","3":"status-publish","4":"has-post-thumbnail","6":"product_cat-company-formation-sv","7":"product_tag-lithuania-sv","8":"description-off","10":"first","11":"instock","12":"virtual","13":"taxable","14":"purchasable","15":"product-type-simple"},"bundled_by":[],"bundle_stock_status":"instock","bundle_stock_quantity":null,"bundle_virtual":false,"bundle_layout":"","bundle_add_to_cart_form_location":"","bundle_editable_in_cart":false,"bundle_sold_individually_context":"","bundle_item_grouping":"","bundle_min_size":"","bundle_max_size":"","bundle_price":[],"bundled_items":[],"bundle_sell_ids":[],"acf":[],"yoast_head":"<!-- This site is optimized with the Yoast SEO Premium plugin v22.1 (Yoast SEO v27.0) - https:\/\/yoast.com\/product\/yoast-seo-premium-wordpress\/ -->\n<title>Starta f\u00f6retag p\u00e5 distans - 1Office Lithuania<\/title>\n<meta name=\"description\" content=\"Company, named Uzdaroji Akcine Bendrove or UAB in Lithuanian, formation in notary\u2019s office is suitable option for private persons and legal entities who want to avoid the trouble of taking care of filling all necessary documents to different offices themselves.\" \/>\n<meta name=\"robots\" content=\"index, follow, max-snippet:-1, max-image-preview:large, max-video-preview:-1\" \/>\n<link rel=\"canonical\" href=\"https:\/\/1office.co\/lithuania\/sv\/produkt\/company-formation-in-notarys-office\/\" \/>\n<meta property=\"og:locale\" content=\"sv_SE\" \/>\n<meta property=\"og:type\" content=\"article\" \/>\n<meta property=\"og:title\" content=\"Starta f\u00f6retag p\u00e5 distans\" \/>\n<meta property=\"og:description\" content=\"Company, named Uzdaroji Akcine Bendrove or UAB in Lithuanian, formation in notary\u2019s office is suitable option for private persons and legal entities who want to avoid the trouble of taking care of filling all necessary documents to different offices themselves.\" \/>\n<meta property=\"og:url\" content=\"https:\/\/1office.co\/lithuania\/sv\/produkt\/company-formation-in-notarys-office\/\" \/>\n<meta property=\"og:site_name\" content=\"1Office Lithuania\" \/>\n<meta property=\"article:modified_time\" content=\"2020-10-20T11:42:19+00:00\" \/>\n<meta property=\"og:image\" content=\"https:\/\/1office.co\/lithuania\/wp-content\/uploads\/sites\/15\/2017\/08\/company-formation.jpg\" \/>\n\t<meta property=\"og:image:width\" content=\"1200\" \/>\n\t<meta property=\"og:image:height\" content=\"800\" \/>\n\t<meta property=\"og:image:type\" content=\"image\/jpeg\" \/>\n<meta name=\"twitter:card\" content=\"summary_large_image\" \/>\n<meta name=\"twitter:label1\" content=\"Ber\u00e4knad l\u00e4stid\" \/>\n\t<meta name=\"twitter:data1\" content=\"2 minuter\" \/>\n<script type=\"application\/ld+json\" class=\"yoast-schema-graph\">{\"@context\":\"https:\/\/schema.org\",\"@graph\":[{\"@type\":\"WebPage\",\"@id\":\"https:\/\/1office.co\/lithuania\/sv\/produkt\/company-formation-in-notarys-office\/\",\"url\":\"https:\/\/1office.co\/lithuania\/sv\/produkt\/company-formation-in-notarys-office\/\",\"name\":\"Starta f\u00f6retag p\u00e5 distans - 1Office Lithuania\",\"isPartOf\":{\"@id\":\"https:\/\/1office.co\/lithuania\/#website\"},\"primaryImageOfPage\":{\"@id\":\"https:\/\/1office.co\/lithuania\/sv\/produkt\/company-formation-in-notarys-office\/#primaryimage\"},\"image\":{\"@id\":\"https:\/\/1office.co\/lithuania\/sv\/produkt\/company-formation-in-notarys-office\/#primaryimage\"},\"thumbnailUrl\":\"https:\/\/1office.co\/lithuania\/wp-content\/uploads\/sites\/15\/2017\/08\/Company-formation-remotely.png\",\"datePublished\":\"2017-08-10T08:34:10+00:00\",\"dateModified\":\"2020-10-20T11:42:19+00:00\",\"description\":\"Company, named Uzdaroji Akcine Bendrove or UAB in Lithuanian, formation in notary\u2019s office is suitable option for private persons and legal entities who want to avoid the trouble of taking care of filling all necessary documents to different offices themselves.\",\"breadcrumb\":{\"@id\":\"https:\/\/1office.co\/lithuania\/sv\/produkt\/company-formation-in-notarys-office\/#breadcrumb\"},\"inLanguage\":\"sv-SE\",\"potentialAction\":[{\"@type\":\"ReadAction\",\"target\":[\"https:\/\/1office.co\/lithuania\/sv\/produkt\/company-formation-in-notarys-office\/\"]}]},{\"@type\":\"ImageObject\",\"inLanguage\":\"sv-SE\",\"@id\":\"https:\/\/1office.co\/lithuania\/sv\/produkt\/company-formation-in-notarys-office\/#primaryimage\",\"url\":\"https:\/\/1office.co\/lithuania\/wp-content\/uploads\/sites\/15\/2017\/08\/Company-formation-remotely.png\",\"contentUrl\":\"https:\/\/1office.co\/lithuania\/wp-content\/uploads\/sites\/15\/2017\/08\/Company-formation-remotely.png\",\"width\":500,\"height\":500},{\"@type\":\"BreadcrumbList\",\"@id\":\"https:\/\/1office.co\/lithuania\/sv\/produkt\/company-formation-in-notarys-office\/#breadcrumb\",\"itemListElement\":[{\"@type\":\"ListItem\",\"position\":1,\"name\":\"Home\",\"item\":\"https:\/\/1office.co\/lithuania\/sv\/\"},{\"@type\":\"ListItem\",\"position\":2,\"name\":\"Teenused leht\",\"item\":\"https:\/\/1office.co\/lithuania\/et\/teenused\/\"},{\"@type\":\"ListItem\",\"position\":3,\"name\":\"Starta f\u00f6retag p\u00e5 distans\"}]},{\"@type\":\"WebSite\",\"@id\":\"https:\/\/1office.co\/lithuania\/#website\",\"url\":\"https:\/\/1office.co\/lithuania\/\",\"name\":\"1Office Lithuania\",\"description\":\"Making Business Simple\",\"potentialAction\":[{\"@type\":\"SearchAction\",\"target\":{\"@type\":\"EntryPoint\",\"urlTemplate\":\"https:\/\/1office.co\/lithuania\/?s={search_term_string}\"},\"query-input\":{\"@type\":\"PropertyValueSpecification\",\"valueRequired\":true,\"valueName\":\"search_term_string\"}}],\"inLanguage\":\"sv-SE\"}]}<\/script>\n<!-- \/ Yoast SEO Premium plugin. -->","yoast_head_json":{"title":"Starta f\u00f6retag p\u00e5 distans - 1Office Lithuania","description":"Company, named Uzdaroji Akcine Bendrove or UAB in Lithuanian, formation in notary\u2019s office is suitable option for private persons and legal entities who want to avoid the trouble of taking care of filling all necessary documents to different offices themselves.","robots":{"index":"index","follow":"follow","max-snippet":"max-snippet:-1","max-image-preview":"max-image-preview:large","max-video-preview":"max-video-preview:-1"},"canonical":"https:\/\/1office.co\/lithuania\/sv\/produkt\/company-formation-in-notarys-office\/","og_locale":"sv_SE","og_type":"article","og_title":"Starta f\u00f6retag p\u00e5 distans","og_description":"Company, named Uzdaroji Akcine Bendrove or UAB in Lithuanian, formation in notary\u2019s office is suitable option for private persons and legal entities who want to avoid the trouble of taking care of filling all necessary documents to different offices themselves.","og_url":"https:\/\/1office.co\/lithuania\/sv\/produkt\/company-formation-in-notarys-office\/","og_site_name":"1Office Lithuania","article_modified_time":"2020-10-20T11:42:19+00:00","og_image":[{"width":1200,"height":800,"url":"https:\/\/1office.co\/lithuania\/wp-content\/uploads\/sites\/15\/2017\/08\/company-formation.jpg","type":"image\/jpeg"}],"twitter_card":"summary_large_image","twitter_misc":{"Ber\u00e4knad l\u00e4stid":"2 minuter"},"schema":{"@context":"https:\/\/schema.org","@graph":[{"@type":"WebPage","@id":"https:\/\/1office.co\/lithuania\/sv\/produkt\/company-formation-in-notarys-office\/","url":"https:\/\/1office.co\/lithuania\/sv\/produkt\/company-formation-in-notarys-office\/","name":"Starta f\u00f6retag p\u00e5 distans - 1Office Lithuania","isPartOf":{"@id":"https:\/\/1office.co\/lithuania\/#website"},"primaryImageOfPage":{"@id":"https:\/\/1office.co\/lithuania\/sv\/produkt\/company-formation-in-notarys-office\/#primaryimage"},"image":{"@id":"https:\/\/1office.co\/lithuania\/sv\/produkt\/company-formation-in-notarys-office\/#primaryimage"},"thumbnailUrl":"https:\/\/1office.co\/lithuania\/wp-content\/uploads\/sites\/15\/2017\/08\/Company-formation-remotely.png","datePublished":"2017-08-10T08:34:10+00:00","dateModified":"2020-10-20T11:42:19+00:00","description":"Company, named Uzdaroji Akcine Bendrove or UAB in Lithuanian, formation in notary\u2019s office is suitable option for private persons and legal entities who want to avoid the trouble of taking care of filling all necessary documents to different offices themselves.","breadcrumb":{"@id":"https:\/\/1office.co\/lithuania\/sv\/produkt\/company-formation-in-notarys-office\/#breadcrumb"},"inLanguage":"sv-SE","potentialAction":[{"@type":"ReadAction","target":["https:\/\/1office.co\/lithuania\/sv\/produkt\/company-formation-in-notarys-office\/"]}]},{"@type":"ImageObject","inLanguage":"sv-SE","@id":"https:\/\/1office.co\/lithuania\/sv\/produkt\/company-formation-in-notarys-office\/#primaryimage","url":"https:\/\/1office.co\/lithuania\/wp-content\/uploads\/sites\/15\/2017\/08\/Company-formation-remotely.png","contentUrl":"https:\/\/1office.co\/lithuania\/wp-content\/uploads\/sites\/15\/2017\/08\/Company-formation-remotely.png","width":500,"height":500},{"@type":"BreadcrumbList","@id":"https:\/\/1office.co\/lithuania\/sv\/produkt\/company-formation-in-notarys-office\/#breadcrumb","itemListElement":[{"@type":"ListItem","position":1,"name":"Home","item":"https:\/\/1office.co\/lithuania\/sv\/"},{"@type":"ListItem","position":2,"name":"Teenused leht","item":"https:\/\/1office.co\/lithuania\/et\/teenused\/"},{"@type":"ListItem","position":3,"name":"Starta f\u00f6retag p\u00e5 distans"}]},{"@type":"WebSite","@id":"https:\/\/1office.co\/lithuania\/#website","url":"https:\/\/1office.co\/lithuania\/","name":"1Office Lithuania","description":"Making Business Simple","potentialAction":[{"@type":"SearchAction","target":{"@type":"EntryPoint","urlTemplate":"https:\/\/1office.co\/lithuania\/?s={search_term_string}"},"query-input":{"@type":"PropertyValueSpecification","valueRequired":true,"valueName":"search_term_string"}}],"inLanguage":"sv-SE"}]}},"_links":{"self":[{"href":"https:\/\/1office.co\/lithuania\/sv\/wp-json\/wp\/v2\/product\/57797","targetHints":{"allow":["GET"]}}],"collection":[{"href":"https:\/\/1office.co\/lithuania\/sv\/wp-json\/wp\/v2\/product"}],"about":[{"href":"https:\/\/1office.co\/lithuania\/sv\/wp-json\/wp\/v2\/types\/product"}],"wp:featuredmedia":[{"embeddable":true,"href":"https:\/\/1office.co\/lithuania\/sv\/wp-json\/wp\/v2\/media\/59474"}],"wp:attachment":[{"href":"https:\/\/1office.co\/lithuania\/sv\/wp-json\/wp\/v2\/media?parent=57797"}],"wp:term":[{"taxonomy":"product_brand","embeddable":true,"href":"https:\/\/1office.co\/lithuania\/sv\/wp-json\/wp\/v2\/product_brand?post=57797"},{"taxonomy":"product_cat","embeddable":true,"href":"https:\/\/1office.co\/lithuania\/sv\/wp-json\/wp\/v2\/product_cat?post=57797"},{"taxonomy":"product_tag","embeddable":true,"href":"https:\/\/1office.co\/lithuania\/sv\/wp-json\/wp\/v2\/product_tag?post=57797"}],"curies":[{"name":"wp","href":"https:\/\/api.w.org\/{rel}","templated":true}]}}