{"id":58092,"date":"2020-06-26T10:04:04","date_gmt":"2020-06-26T10:04:08","guid":{"rendered":"https:\/\/1office.co\/lithuania\/?post_type=product&#038;p=58092"},"modified":"2020-06-26T10:15:20","modified_gmt":"2020-06-26T10:15:20","slug":"officiell-adress-i-vilnius","status":"publish","type":"product","link":"https:\/\/1office.co\/lithuania\/sv\/produkt\/officiell-adress-i-vilnius\/","title":{"rendered":"Officiell adress i Vilnius"},"content":{"rendered":"<div class=\"wpb-content-wrapper\"><p>[vc_row][vc_column]<div id=\"advanced-tabs-desc-wrap-5774\" class=\"ult_tabs product_tabs\" style=\" \" data-tabsstyle=\"style1\"\n data-titlebg=\"#ffffff\" data-titlecolor=\"#b6b8ba\" data-fullheight=\"off\"\n data-titlehoverbg=\"#ffffff\" data-titlehovercolor=\"#1d1e23\"\n data-rotatetabs=\"0\" data-responsivemode=\"Both\" data-animation=\"Slide\"\ndata-activetitle=\"#1d1e23\" data-activeicon=\"\" data-activebg=\"#ffffff\"  data-respmode=\"Tabs\" data-respwidth=\"400\" data-scroll = \"on\" data-activeindex=\"1\"><ul id=advanced-tabs-wrap-3318 class=\"ult_tabmenu style1 \" style=\"\"><li class=\"ult_tab_li  \" data-iconcolor=\"#74777b\" data-iconhover=\"#ffffff\" style=\"background-color:#ffffff;border-color:transparent;border-width:0px;border-style:solid;border-top-right-radius:8px;\">\n\t\t\t\t\t<a href=\"#1512642751410-8baea-301a\"  id=\"1512642751410-8baea-301a\"  style=\"color:#b6b8ba;; padding:15px; \" class=\"ult_a  \">\n\t\t\t\t\t     <span class=\"ult_tab_main Both \">\n\t\t\t\t\t \t\t <span class=\"ult_tab_section\">\n\t\t\t\t\t   \t\t\t<span  data-ultimate-target='#advanced-tabs-wrap-3318 .ult-span-text'  data-responsive-json-new='{\"font-size\":\"desktop:14px;\",\"line-height\":\"\"}'  class=\"ult-span-text no_icon ult_tab_display_text ult-responsive\" style=\"font-weight:bold;;\">Beskrivning<\/span>\n\t\t\t\t\t   \t\t<\/span>\n\t\t\t\t\t\t<\/span>\n\t\t\t\t\t<\/a>\n\t\t\t\t\t<\/li><\/ul><div  data-ultimate-target='#advanced-tabs-desc-wrap-5774 .ult_tabcontent .ult_tab_min_contain  p'  data-responsive-json-new='{\"font-size\":\"\",\"line-height\":\"\"}' class=\"ult_tabcontent ult-responsive style1\" style=\"color:#74777b;\"><div class=\"ult_tab_min_contain \" >\n\t\t\t<div  class=\"ult_tabitemname\"  >\n\t\t\t\t[vc_column_text]<strong>Priset inkluderar:<\/strong><\/p>\n<ul>\n<li>F\u00f6retagets officiella adress f\u00f6r registrering i bolagsregistret<\/li>\n<li>F\u00f6retagets administrativa adress f\u00f6r mottagning av post<\/li>\n<li>Postsortering och vidarebefordran av o\u00f6ppnad post\/genom e-post (postavgift tillkommer)<\/li>\n<\/ul>\n<p class=\"p1\"><b>Viktigt:<\/b><\/p>\n<ul class=\"ul1\">\n<li class=\"li1\">Detta \u00e4r en \u00e5rlig prenumerationstj\u00e4nst. Avgiften f\u00f6r n\u00e4sta \u00e5rs period kommer att dras fr\u00e5n ditt kreditkort en m\u00e5nad f\u00f6re den nya perioden.<\/li>\n<li class=\"li1\">Perioden b\u00f6rjar fr\u00e5n det datum n\u00e4r tj\u00e4nsten k\u00f6ptes.<\/li>\n<\/ul>\n<p>[\/vc_column_text]\n\t\t\t<\/div><\/div><\/div><\/div><div class=\"ult_acord advanced-tabs-desc-wrap-5774\">\n   <div class=\"ult-tabto-accordion \" style=\"width:;\"\n    data-titlecolor=\"#b6b8ba\"  data-titlebg=\"#ffffff\"\n     data-titlehoverbg=\"#ffffff\" data-titlehovercolor=\"#1d1e23\" data-animation=\"Slide\"\n     data-activetitle=\"#1d1e23\" data-activeicon=\"\" data-activebg=\"#ffffff\" data-scroll = \"on\" data-activeindex=\"1\" >\n     <dl><dt class=\"\">\n\t        \t<a class=\"ult-tabto-actitle withBorder ult_a \" id=\"1512642751410-8baea-301a\" style=\"color:#b6b8ba;;background-color:#ffffff;border-bottom-color:transparent;border-bottom-width:0px;border-bottom-style:solid;\" href=\"#1512642751410-8baea-301a\">\n\t        \t\t<i class=\"accordion-icon\"><\/i>\n\t        \t\t\t<span class=\"ult_tab_main ult_ac_main ult_noacordicnBoth\">\n\n\t\t\t\t\t\t<span  data-ultimate-target='#advanced-tabs-wrap-3318 .ult-span-text'  data-responsive-json-new='{\"font-size\":\"desktop:14px;\",\"line-height\":\"\"}'  class=\"ult-span-text no_icon ult_acordian-text ult-responsive\" style=\"font-weight:bold;;color:inherit \" >Beskrivning<\/span>\n\t\t\t\t\t\t<\/span><\/a><\/dt>\n\t            \t\t<dd class=\"ult-tabto-accordionItem ult-tabto-accolapsed\">\n\t\t\t\t            <div class=\"ult-tabto-acontent\" style=\"color:#74777b;\">\n\t\t\t\t               [vc_column_text]<strong>Priset inkluderar:<\/strong><\/p>\n<ul>\n<li>F\u00f6retagets officiella adress f\u00f6r registrering i bolagsregistret<\/li>\n<li>F\u00f6retagets administrativa adress f\u00f6r mottagning av post<\/li>\n<li>Postsortering och vidarebefordran av o\u00f6ppnad post\/genom e-post (postavgift tillkommer)<\/li>\n<\/ul>\n<p class=\"p1\"><b>Viktigt:<\/b><\/p>\n<ul class=\"ul1\">\n<li class=\"li1\">Detta \u00e4r en \u00e5rlig prenumerationstj\u00e4nst. Avgiften f\u00f6r n\u00e4sta \u00e5rs period kommer att dras fr\u00e5n ditt kreditkort en m\u00e5nad f\u00f6re den nya perioden.<\/li>\n<li class=\"li1\">Perioden b\u00f6rjar fr\u00e5n det datum n\u00e4r tj\u00e4nsten k\u00f6ptes.<\/li>\n<\/ul>\n<p>[\/vc_column_text]\n\t\t\t\t            <\/div>\n\t        \t\t\t<\/dd>\n    \t<\/dl>\n    <!--<div class=\"extraborder\" style=\"background-color:#ffffff\"><\/div>-->\n<\/div>\n\n<\/div>[\/vc_column][\/vc_row]<\/p>\n<\/div>","protected":false},"excerpt":{"rendered":"<p>Varje f\u00f6retag registrerat i Litauen m\u00e5ste ha en lokal officiell adress.<\/p>\n","protected":false},"featured_media":59481,"template":"","meta":{"_acf_changed":false,"inline_featured_image":false},"product_brand":[],"product_cat":[373,370],"product_tag":[364],"class_list":{"0":"post-58092","1":"product","2":"type-product","3":"status-publish","4":"has-post-thumbnail","6":"product_cat-company-formation-sv","7":"product_cat-virtual-office-sv","8":"product_tag-lithuania-sv","9":"description-off","11":"first","12":"instock","13":"virtual","14":"taxable","15":"purchasable","16":"product-type-subscription"},"bundled_by":[],"bundle_stock_status":"instock","bundle_stock_quantity":null,"bundle_virtual":false,"bundle_layout":"","bundle_add_to_cart_form_location":"","bundle_editable_in_cart":false,"bundle_sold_individually_context":"","bundle_item_grouping":"","bundle_min_size":"","bundle_max_size":"","bundle_price":[],"bundled_items":[],"bundle_sell_ids":[],"acf":[],"yoast_head":"<!-- This site is optimized with the Yoast SEO Premium plugin v22.1 (Yoast SEO v27.0) - https:\/\/yoast.com\/product\/yoast-seo-premium-wordpress\/ -->\n<title>Officiell adress i Vilnius - 1Office Lithuania<\/title>\n<meta name=\"description\" content=\"Every company registered in Lithuania needs to have a local legal address.\" \/>\n<meta name=\"robots\" content=\"index, follow, max-snippet:-1, max-image-preview:large, max-video-preview:-1\" \/>\n<link rel=\"canonical\" href=\"https:\/\/1office.co\/lithuania\/sv\/produkt\/officiell-adress-i-vilnius\/\" \/>\n<meta property=\"og:locale\" content=\"sv_SE\" \/>\n<meta property=\"og:type\" content=\"article\" \/>\n<meta property=\"og:title\" content=\"Officiell adress i Vilnius\" \/>\n<meta property=\"og:description\" content=\"Every company registered in Lithuania needs to have a local legal address.\" \/>\n<meta property=\"og:url\" content=\"https:\/\/1office.co\/lithuania\/sv\/produkt\/officiell-adress-i-vilnius\/\" \/>\n<meta property=\"og:site_name\" content=\"1Office Lithuania\" \/>\n<meta property=\"article:modified_time\" content=\"2020-06-26T10:15:20+00:00\" \/>\n<meta property=\"og:image\" content=\"https:\/\/1office.co\/lithuania\/wp-content\/uploads\/sites\/15\/2017\/08\/virtual-office.jpg\" \/>\n\t<meta property=\"og:image:width\" content=\"800\" \/>\n\t<meta property=\"og:image:height\" content=\"533\" \/>\n\t<meta property=\"og:image:type\" content=\"image\/jpeg\" \/>\n<meta name=\"twitter:card\" content=\"summary_large_image\" \/>\n<meta name=\"twitter:label1\" content=\"Ber\u00e4knad l\u00e4stid\" \/>\n\t<meta name=\"twitter:data1\" content=\"1 minut\" \/>\n<script type=\"application\/ld+json\" class=\"yoast-schema-graph\">{\"@context\":\"https:\/\/schema.org\",\"@graph\":[{\"@type\":\"WebPage\",\"@id\":\"https:\/\/1office.co\/lithuania\/sv\/produkt\/officiell-adress-i-vilnius\/\",\"url\":\"https:\/\/1office.co\/lithuania\/sv\/produkt\/officiell-adress-i-vilnius\/\",\"name\":\"Officiell adress i Vilnius - 1Office Lithuania\",\"isPartOf\":{\"@id\":\"https:\/\/1office.co\/lithuania\/#website\"},\"primaryImageOfPage\":{\"@id\":\"https:\/\/1office.co\/lithuania\/sv\/produkt\/officiell-adress-i-vilnius\/#primaryimage\"},\"image\":{\"@id\":\"https:\/\/1office.co\/lithuania\/sv\/produkt\/officiell-adress-i-vilnius\/#primaryimage\"},\"thumbnailUrl\":\"https:\/\/1office.co\/lithuania\/wp-content\/uploads\/sites\/15\/2020\/06\/Legal-address-in-the-centre-of-Vilnius.png\",\"datePublished\":\"2020-06-26T10:04:08+00:00\",\"dateModified\":\"2020-06-26T10:15:20+00:00\",\"description\":\"Every company registered in Lithuania needs to have a local legal address.\",\"breadcrumb\":{\"@id\":\"https:\/\/1office.co\/lithuania\/sv\/produkt\/officiell-adress-i-vilnius\/#breadcrumb\"},\"inLanguage\":\"sv-SE\",\"potentialAction\":[{\"@type\":\"ReadAction\",\"target\":[\"https:\/\/1office.co\/lithuania\/sv\/produkt\/officiell-adress-i-vilnius\/\"]}]},{\"@type\":\"ImageObject\",\"inLanguage\":\"sv-SE\",\"@id\":\"https:\/\/1office.co\/lithuania\/sv\/produkt\/officiell-adress-i-vilnius\/#primaryimage\",\"url\":\"https:\/\/1office.co\/lithuania\/wp-content\/uploads\/sites\/15\/2020\/06\/Legal-address-in-the-centre-of-Vilnius.png\",\"contentUrl\":\"https:\/\/1office.co\/lithuania\/wp-content\/uploads\/sites\/15\/2020\/06\/Legal-address-in-the-centre-of-Vilnius.png\",\"width\":500,\"height\":500},{\"@type\":\"BreadcrumbList\",\"@id\":\"https:\/\/1office.co\/lithuania\/sv\/produkt\/officiell-adress-i-vilnius\/#breadcrumb\",\"itemListElement\":[{\"@type\":\"ListItem\",\"position\":1,\"name\":\"Home\",\"item\":\"https:\/\/1office.co\/lithuania\/sv\/\"},{\"@type\":\"ListItem\",\"position\":2,\"name\":\"Teenused leht\",\"item\":\"https:\/\/1office.co\/lithuania\/et\/teenused\/\"},{\"@type\":\"ListItem\",\"position\":3,\"name\":\"Officiell adress i Vilnius\"}]},{\"@type\":\"WebSite\",\"@id\":\"https:\/\/1office.co\/lithuania\/#website\",\"url\":\"https:\/\/1office.co\/lithuania\/\",\"name\":\"1Office Lithuania\",\"description\":\"Making Business Simple\",\"potentialAction\":[{\"@type\":\"SearchAction\",\"target\":{\"@type\":\"EntryPoint\",\"urlTemplate\":\"https:\/\/1office.co\/lithuania\/?s={search_term_string}\"},\"query-input\":{\"@type\":\"PropertyValueSpecification\",\"valueRequired\":true,\"valueName\":\"search_term_string\"}}],\"inLanguage\":\"sv-SE\"}]}<\/script>\n<!-- \/ Yoast SEO Premium plugin. -->","yoast_head_json":{"title":"Officiell adress i Vilnius - 1Office Lithuania","description":"Every company registered in Lithuania needs to have a local legal address.","robots":{"index":"index","follow":"follow","max-snippet":"max-snippet:-1","max-image-preview":"max-image-preview:large","max-video-preview":"max-video-preview:-1"},"canonical":"https:\/\/1office.co\/lithuania\/sv\/produkt\/officiell-adress-i-vilnius\/","og_locale":"sv_SE","og_type":"article","og_title":"Officiell adress i Vilnius","og_description":"Every company registered in Lithuania needs to have a local legal address.","og_url":"https:\/\/1office.co\/lithuania\/sv\/produkt\/officiell-adress-i-vilnius\/","og_site_name":"1Office Lithuania","article_modified_time":"2020-06-26T10:15:20+00:00","og_image":[{"width":800,"height":533,"url":"https:\/\/1office.co\/lithuania\/wp-content\/uploads\/sites\/15\/2017\/08\/virtual-office.jpg","type":"image\/jpeg"}],"twitter_card":"summary_large_image","twitter_misc":{"Ber\u00e4knad l\u00e4stid":"1 minut"},"schema":{"@context":"https:\/\/schema.org","@graph":[{"@type":"WebPage","@id":"https:\/\/1office.co\/lithuania\/sv\/produkt\/officiell-adress-i-vilnius\/","url":"https:\/\/1office.co\/lithuania\/sv\/produkt\/officiell-adress-i-vilnius\/","name":"Officiell adress i Vilnius - 1Office Lithuania","isPartOf":{"@id":"https:\/\/1office.co\/lithuania\/#website"},"primaryImageOfPage":{"@id":"https:\/\/1office.co\/lithuania\/sv\/produkt\/officiell-adress-i-vilnius\/#primaryimage"},"image":{"@id":"https:\/\/1office.co\/lithuania\/sv\/produkt\/officiell-adress-i-vilnius\/#primaryimage"},"thumbnailUrl":"https:\/\/1office.co\/lithuania\/wp-content\/uploads\/sites\/15\/2020\/06\/Legal-address-in-the-centre-of-Vilnius.png","datePublished":"2020-06-26T10:04:08+00:00","dateModified":"2020-06-26T10:15:20+00:00","description":"Every company registered in Lithuania needs to have a local legal address.","breadcrumb":{"@id":"https:\/\/1office.co\/lithuania\/sv\/produkt\/officiell-adress-i-vilnius\/#breadcrumb"},"inLanguage":"sv-SE","potentialAction":[{"@type":"ReadAction","target":["https:\/\/1office.co\/lithuania\/sv\/produkt\/officiell-adress-i-vilnius\/"]}]},{"@type":"ImageObject","inLanguage":"sv-SE","@id":"https:\/\/1office.co\/lithuania\/sv\/produkt\/officiell-adress-i-vilnius\/#primaryimage","url":"https:\/\/1office.co\/lithuania\/wp-content\/uploads\/sites\/15\/2020\/06\/Legal-address-in-the-centre-of-Vilnius.png","contentUrl":"https:\/\/1office.co\/lithuania\/wp-content\/uploads\/sites\/15\/2020\/06\/Legal-address-in-the-centre-of-Vilnius.png","width":500,"height":500},{"@type":"BreadcrumbList","@id":"https:\/\/1office.co\/lithuania\/sv\/produkt\/officiell-adress-i-vilnius\/#breadcrumb","itemListElement":[{"@type":"ListItem","position":1,"name":"Home","item":"https:\/\/1office.co\/lithuania\/sv\/"},{"@type":"ListItem","position":2,"name":"Teenused leht","item":"https:\/\/1office.co\/lithuania\/et\/teenused\/"},{"@type":"ListItem","position":3,"name":"Officiell adress i Vilnius"}]},{"@type":"WebSite","@id":"https:\/\/1office.co\/lithuania\/#website","url":"https:\/\/1office.co\/lithuania\/","name":"1Office Lithuania","description":"Making Business Simple","potentialAction":[{"@type":"SearchAction","target":{"@type":"EntryPoint","urlTemplate":"https:\/\/1office.co\/lithuania\/?s={search_term_string}"},"query-input":{"@type":"PropertyValueSpecification","valueRequired":true,"valueName":"search_term_string"}}],"inLanguage":"sv-SE"}]}},"_links":{"self":[{"href":"https:\/\/1office.co\/lithuania\/sv\/wp-json\/wp\/v2\/product\/58092","targetHints":{"allow":["GET"]}}],"collection":[{"href":"https:\/\/1office.co\/lithuania\/sv\/wp-json\/wp\/v2\/product"}],"about":[{"href":"https:\/\/1office.co\/lithuania\/sv\/wp-json\/wp\/v2\/types\/product"}],"wp:featuredmedia":[{"embeddable":true,"href":"https:\/\/1office.co\/lithuania\/sv\/wp-json\/wp\/v2\/media\/59481"}],"wp:attachment":[{"href":"https:\/\/1office.co\/lithuania\/sv\/wp-json\/wp\/v2\/media?parent=58092"}],"wp:term":[{"taxonomy":"product_brand","embeddable":true,"href":"https:\/\/1office.co\/lithuania\/sv\/wp-json\/wp\/v2\/product_brand?post=58092"},{"taxonomy":"product_cat","embeddable":true,"href":"https:\/\/1office.co\/lithuania\/sv\/wp-json\/wp\/v2\/product_cat?post=58092"},{"taxonomy":"product_tag","embeddable":true,"href":"https:\/\/1office.co\/lithuania\/sv\/wp-json\/wp\/v2\/product_tag?post=58092"}],"curies":[{"name":"wp","href":"https:\/\/api.w.org\/{rel}","templated":true}]}}