{"id":64305,"date":"2017-11-30T08:51:24","date_gmt":"2017-11-30T08:51:24","guid":{"rendered":"https:\/\/1office.co\/career\/"},"modified":"2020-10-21T12:12:18","modified_gmt":"2020-10-21T12:12:18","slug":"karjeras-iespejas-2","status":"publish","type":"page","link":"https:\/\/1office.co\/lv\/karjeras-iespejas-2\/","title":{"rendered":"Karjeras iesp\u0113jas"},"content":{"rendered":"<div class=\"wpb-content-wrapper\"><p>[vc_row full_width=&#8221;stretch_row&#8221; bg_type=&#8221;image&#8221; parallax_style=&#8221;vcpb-default&#8221; bg_image_new=&#8221;id^60953|url^https:\/\/1office.co\/wp-content\/uploads\/2017\/11\/pexels-photo-401684.jpeg|caption^null|alt^null|title^pexels-photo-401684|description^null&#8221; bg_image_repeat=&#8221;no-repeat&#8221; bg_img_attach=&#8221;fixed&#8221; bg_image_posiiton=&#8221;0 10%&#8221; seperator_enable=&#8221;seperator_enable_value&#8221; seperator_type=&#8221;tilt_left_seperator&#8221; seperator_position=&#8221;bottom_seperator&#8221; el_class=&#8221;one-blog-head one-higher&#8221;][vc_column]<div id=\"ultimate-heading-186169e754257c95f\" class=\"uvc-heading ult-adjust-bottom-margin ultimate-heading-186169e754257c95f uvc-1019 \" data-hspacer=\"no_spacer\"  data-halign=\"left\" style=\"text-align:left\"><div class=\"uvc-heading-spacer no_spacer\" style=\"top\"><\/div><div class=\"uvc-main-heading ult-responsive\"  data-ultimate-target='.uvc-heading.ultimate-heading-186169e754257c95f h1'  data-responsive-json-new='{\"font-size\":\"desktop:42px;\",\"line-height\":\"\"}' ><h1 style=\"font-weight:bold;color:#ffffff;\">KARJERAS IESP\u0112JAS<\/h1><\/div><\/div>[\/vc_column][\/vc_row][vc_row main_heading=&#8221;Why choose 1Office&#8221; main_heading_color=&#8221;&#8221; heading_tag=&#8221;h2&#8243; sub_heading_color=&#8221;#999999&#8243; alignment=&#8221;center&#8221; spacer=&#8221;line_only&#8221; spacer_position=&#8221;middle&#8221; spacer_img_width=&#8221;48&#8243; line_style=&#8221;solid&#8221; line_height=&#8221;3&#8243; line_color=&#8221;&#8221; line_icon_fixer=&#8221;10&#8243; sub_heading_style=&#8221;font-style:italic;&#8221; sub_heading_font_size=&#8221;desktop:18px;&#8221; sub_heading_line_height=&#8221;desktop:28px;&#8221; main_heading_style=&#8221;font-weight:bold;&#8221; main_heading_margin=&#8221;margin-bottom:15px;&#8221; line_width=&#8221;200&#8243; el_class=&#8221;accent-border-color&#8221; main_heading_font_size=&#8221;desktop:34px;&#8221; main_heading_line_height=&#8221;desktop:44px;&#8221; margin_design_tab_text=&#8221;&#8221; main_heading_typograpy=&#8221;&#8221; main_heading_font_family=&#8221;&#8221; sub_heading_typograpy=&#8221;&#8221; sub_heading_font_family=&#8221;&#8221; sub_heading_margin=&#8221;&#8221; spacer_img=&#8221;&#8221; spacer_margin=&#8221;&#8221;][vc_column]<div id=\"ultimate-heading-504569e754257c9b7\" class=\"uvc-heading ult-adjust-bottom-margin ultimate-heading-504569e754257c9b7 uvc-2642 accent-border-color\" data-hspacer=\"line_only\"  data-halign=\"center\" style=\"text-align:center\"><div class=\"uvc-main-heading ult-responsive\"  data-ultimate-target='.uvc-heading.ultimate-heading-504569e754257c9b7 h2'  data-responsive-json-new='{\"font-size\":\"desktop:34px;\",\"line-height\":\"desktop:44px;\"}' ><h2 style=\"font-weight:bold;margin-bottom:15px;\">Karjeras iesp\u0113jas<\/h2><\/div><div class=\"uvc-heading-spacer line_only\" style=\"topheight:3px;\"><span class=\"uvc-headings-line\" style=\"border-style:solid;border-bottom-width:3px;border-color:;width:200px;\"><\/span><\/div><\/div>[vc_empty_space][\/vc_column][\/vc_row][vc_row][vc_column][vc_column_text]<\/p>\n<h5 style=\"text-align: center\">1Office ir strauji augo\u0161s uz\u0146\u0113mums ar birojiem Igaunij\u0101, Zviedrij\u0101, Somij\u0101, Lielbrit\u0101nij\u0101, Latvij\u0101 un Lietuv\u0101.<\/h5>\n<h5 style=\"text-align: center\">M\u016bsu gr\u0101matve\u017eu, juristu un nodok\u013cu konsultantu komanda pal\u012bdz uz\u0146\u0113m\u0113jiem uzs\u0101kt, vad\u012bt un att\u012bst\u012bt savus uz\u0146\u0113mumus.<\/h5>\n<p>[\/vc_column_text][\/vc_column][\/vc_row][vc_row][vc_column][vc_separator][\/vc_column][\/vc_row][vc_row][vc_column][vc_column_text]<\/p>\n<p style=\"text-align: left\">Cilv\u0113ki ir m\u016bsu visliel\u0101k\u0101 v\u0113rt\u012bba, un m\u0113s vienm\u0113r mekl\u0113jam jaunus lieliskus kol\u0113\u0123us. Ja pa\u0161laik neatrodat sev piem\u0113rotu vakanci, bet v\u0113laties sa\u0146emt inform\u0101ciju par br\u012bvaj\u0101m vakanc\u0113m n\u0101kotn\u0113, l\u016bdzu, s\u016btiet savu CV un motiv\u0101cijas v\u0113stuli uz cv@1office.co.<\/p>\n<p>[\/vc_column_text][\/vc_column][\/vc_row][vc_row][vc_column width=&#8221;1\/3&#8243;][vc_empty_space height=&#8221;50&#8243;][\/vc_column][vc_column width=&#8221;1\/3&#8243;][vc_empty_space height=&#8221;50&#8243;][\/vc_column][\/vc_row][vc_row][vc_column width=&#8221;1\/3&#8243;][vc_empty_space height=&#8221;50&#8243;][\/vc_column][vc_column width=&#8221;1\/3&#8243;][vc_empty_space height=&#8221;50&#8243;][\/vc_column][vc_column width=&#8221;1\/3&#8243;][vc_empty_space height=&#8221;50&#8243;][\/vc_column][\/vc_row][vc_row][vc_column width=&#8221;1\/3&#8243;][vc_empty_space height=&#8221;50px&#8221;][\/vc_column][vc_column width=&#8221;1\/3&#8243;][\/vc_column][vc_column width=&#8221;1\/3&#8243;][\/vc_column][\/vc_row][vc_row][vc_column][vc_empty_space][\/vc_column][\/vc_row]<\/p>\n<\/div>","protected":false},"excerpt":{"rendered":"<p>[vc_row full_width=&#8221;stretch_row&#8221; bg_type=&#8221;image&#8221; parallax_style=&#8221;vcpb-default&#8221; bg_image_new=&#8221;id^60953|url^https:\/\/1office.co\/wp-content\/uploads\/2017\/11\/pexels-photo-401684.jpeg|caption^null|alt^null|title^pexels-photo-401684|description^null&#8221; bg_image_repeat=&#8221;no-repeat&#8221; bg_img_attach=&#8221;fixed&#8221; bg_image_posiiton=&#8221;0 10%&#8221; seperator_enable=&#8221;seperator_enable_value&#8221; seperator_type=&#8221;tilt_left_seperator&#8221; seperator_position=&#8221;bottom_seperator&#8221; el_class=&#8221;one-blog-head one-higher&#8221;][vc_column][\/vc_column][\/vc_row][vc_row main_heading=&#8221;Why choose 1Office&#8221; main_heading_color=&#8221;&#8221; heading_tag=&#8221;h2&#8243; sub_heading_color=&#8221;#999999&#8243; alignment=&#8221;center&#8221; spacer=&#8221;line_only&#8221; spacer_position=&#8221;middle&#8221; spacer_img_width=&#8221;48&#8243; line_style=&#8221;solid&#8221; line_height=&#8221;3&#8243; line_color=&#8221;&#8221; line_icon_fixer=&#8221;10&#8243; sub_heading_style=&#8221;font-style:italic;&#8221; sub_heading_font_size=&#8221;desktop:18px;&#8221; sub_heading_line_height=&#8221;desktop:28px;&#8221; main_heading_style=&#8221;font-weight:bold;&#8221; main_heading_margin=&#8221;margin-bottom:15px;&#8221; line_width=&#8221;200&#8243; el_class=&#8221;accent-border-color&#8221; main_heading_font_size=&#8221;desktop:34px;&#8221; main_heading_line_height=&#8221;desktop:44px;&#8221; margin_design_tab_text=&#8221;&#8221; main_heading_typograpy=&#8221;&#8221; main_heading_font_family=&#8221;&#8221; sub_heading_typograpy=&#8221;&#8221; sub_heading_font_family=&#8221;&#8221; sub_heading_margin=&#8221;&#8221; spacer_img=&#8221;&#8221; spacer_margin=&#8221;&#8221;][vc_column][vc_empty_space][\/vc_column][\/vc_row][vc_row][vc_column][vc_column_text] 1Office ir strauji augo\u0161s uz\u0146\u0113mums ar birojiem Igaunij\u0101, Zviedrij\u0101, Somij\u0101,&hellip;<\/p>\n","protected":false},"author":1,"featured_media":71967,"parent":0,"menu_order":142,"comment_status":"closed","ping_status":"closed","template":"","meta":{"_acf_changed":false,"inline_featured_image":false,"footnotes":"","_wp_rev_ctl_limit":""},"class_list":["post-64305","page","type-page","status-publish","has-post-thumbnail","hentry","description-off"],"acf":[],"yoast_head":"<!-- This site is optimized with the Yoast SEO Premium plugin v22.1 (Yoast SEO v27.0) - https:\/\/yoast.com\/product\/yoast-seo-premium-wordpress\/ -->\n<title>Karjeras iesp\u0113jas - 1Office<\/title>\n<meta name=\"robots\" content=\"index, follow, max-snippet:-1, max-image-preview:large, max-video-preview:-1\" \/>\n<link rel=\"canonical\" href=\"https:\/\/1office.co\/lv\/karjeras-iespejas-2\/\" \/>\n<meta property=\"og:locale\" content=\"lv_LV\" \/>\n<meta property=\"og:type\" content=\"article\" \/>\n<meta property=\"og:title\" content=\"Karjeras iesp\u0113jas\" \/>\n<meta property=\"og:description\" content=\"[vc_row full_width=&#8221;stretch_row&#8221; bg_type=&#8221;image&#8221; parallax_style=&#8221;vcpb-default&#8221; bg_image_new=&#8221;id^60953|url^https:\/\/1office.co\/wp-content\/uploads\/2017\/11\/pexels-photo-401684.jpeg|caption^null|alt^null|title^pexels-photo-401684|description^null&#8221; bg_image_repeat=&#8221;no-repeat&#8221; bg_img_attach=&#8221;fixed&#8221; bg_image_posiiton=&#8221;0 10%&#8221; seperator_enable=&#8221;seperator_enable_value&#8221; seperator_type=&#8221;tilt_left_seperator&#8221; seperator_position=&#8221;bottom_seperator&#8221; el_class=&#8221;one-blog-head one-higher&#8221;][vc_column][\/vc_column][\/vc_row][vc_row main_heading=&#8221;Why choose 1Office&#8221; main_heading_color=&#8221;&#8221; heading_tag=&#8221;h2&#8243; sub_heading_color=&#8221;#999999&#8243; alignment=&#8221;center&#8221; spacer=&#8221;line_only&#8221; spacer_position=&#8221;middle&#8221; spacer_img_width=&#8221;48&#8243; line_style=&#8221;solid&#8221; line_height=&#8221;3&#8243; line_color=&#8221;&#8221; line_icon_fixer=&#8221;10&#8243; sub_heading_style=&#8221;font-style:italic;&#8221; sub_heading_font_size=&#8221;desktop:18px;&#8221; sub_heading_line_height=&#8221;desktop:28px;&#8221; main_heading_style=&#8221;font-weight:bold;&#8221; main_heading_margin=&#8221;margin-bottom:15px;&#8221; line_width=&#8221;200&#8243; el_class=&#8221;accent-border-color&#8221; main_heading_font_size=&#8221;desktop:34px;&#8221; main_heading_line_height=&#8221;desktop:44px;&#8221; margin_design_tab_text=&#8221;&#8221; main_heading_typograpy=&#8221;&#8221; main_heading_font_family=&#8221;&#8221; sub_heading_typograpy=&#8221;&#8221; sub_heading_font_family=&#8221;&#8221; sub_heading_margin=&#8221;&#8221; spacer_img=&#8221;&#8221; spacer_margin=&#8221;&#8221;][vc_column][vc_empty_space][\/vc_column][\/vc_row][vc_row][vc_column][vc_column_text] 1Office ir strauji augo\u0161s uz\u0146\u0113mums ar birojiem Igaunij\u0101, Zviedrij\u0101, Somij\u0101,&hellip;\" \/>\n<meta property=\"og:url\" content=\"https:\/\/1office.co\/lv\/karjeras-iespejas-2\/\" \/>\n<meta property=\"og:site_name\" content=\"1Office\" \/>\n<meta property=\"article:modified_time\" content=\"2020-10-21T12:12:18+00:00\" \/>\n<meta property=\"og:image\" content=\"https:\/\/1office.co\/wp-content\/uploads\/2021\/12\/266177710_670243651022246_4183638024128487083_n-e1639595832182.jpeg\" \/>\n\t<meta property=\"og:image:width\" content=\"1170\" \/>\n\t<meta property=\"og:image:height\" content=\"878\" \/>\n\t<meta property=\"og:image:type\" content=\"image\/jpeg\" \/>\n<meta name=\"twitter:card\" content=\"summary_large_image\" \/>\n<meta name=\"twitter:label1\" content=\"Est. reading time\" \/>\n\t<meta name=\"twitter:data1\" content=\"3 minutes\" \/>\n<script type=\"application\/ld+json\" class=\"yoast-schema-graph\">{\"@context\":\"https:\/\/schema.org\",\"@graph\":[{\"@type\":\"WebPage\",\"@id\":\"https:\/\/1office.co\/lv\/karjeras-iespejas-2\/\",\"url\":\"https:\/\/1office.co\/lv\/karjeras-iespejas-2\/\",\"name\":\"Karjeras iesp\u0113jas - 1Office\",\"isPartOf\":{\"@id\":\"https:\/\/1office.co\/et\/#website\"},\"primaryImageOfPage\":{\"@id\":\"https:\/\/1office.co\/lv\/karjeras-iespejas-2\/#primaryimage\"},\"image\":{\"@id\":\"https:\/\/1office.co\/lv\/karjeras-iespejas-2\/#primaryimage\"},\"thumbnailUrl\":\"https:\/\/1office.co\/wp-content\/uploads\/2021\/12\/266177710_670243651022246_4183638024128487083_n-e1639595832182.jpeg\",\"datePublished\":\"2017-11-30T08:51:24+00:00\",\"dateModified\":\"2020-10-21T12:12:18+00:00\",\"breadcrumb\":{\"@id\":\"https:\/\/1office.co\/lv\/karjeras-iespejas-2\/#breadcrumb\"},\"inLanguage\":\"lv-LV\",\"potentialAction\":[{\"@type\":\"ReadAction\",\"target\":[\"https:\/\/1office.co\/lv\/karjeras-iespejas-2\/\"]}]},{\"@type\":\"ImageObject\",\"inLanguage\":\"lv-LV\",\"@id\":\"https:\/\/1office.co\/lv\/karjeras-iespejas-2\/#primaryimage\",\"url\":\"https:\/\/1office.co\/wp-content\/uploads\/2021\/12\/266177710_670243651022246_4183638024128487083_n-e1639595832182.jpeg\",\"contentUrl\":\"https:\/\/1office.co\/wp-content\/uploads\/2021\/12\/266177710_670243651022246_4183638024128487083_n-e1639595832182.jpeg\",\"width\":1170,\"height\":878},{\"@type\":\"BreadcrumbList\",\"@id\":\"https:\/\/1office.co\/lv\/karjeras-iespejas-2\/#breadcrumb\",\"itemListElement\":[{\"@type\":\"ListItem\",\"position\":1,\"name\":\"Home\",\"item\":\"https:\/\/1office.co\/lv\/office-home-3\/\"},{\"@type\":\"ListItem\",\"position\":2,\"name\":\"Karjeras iesp\u0113jas\"}]},{\"@type\":\"WebSite\",\"@id\":\"https:\/\/1office.co\/et\/#website\",\"url\":\"https:\/\/1office.co\/et\/\",\"name\":\"1Office\",\"description\":\"Making Business Simple\",\"publisher\":{\"@id\":\"https:\/\/1office.co\/et\/#organization\"},\"potentialAction\":[{\"@type\":\"SearchAction\",\"target\":{\"@type\":\"EntryPoint\",\"urlTemplate\":\"https:\/\/1office.co\/et\/?s={search_term_string}\"},\"query-input\":{\"@type\":\"PropertyValueSpecification\",\"valueRequired\":true,\"valueName\":\"search_term_string\"}}],\"inLanguage\":\"lv-LV\"},{\"@type\":\"Organization\",\"@id\":\"https:\/\/1office.co\/et\/#organization\",\"name\":\"1Office\",\"url\":\"https:\/\/1office.co\/et\/\",\"logo\":{\"@type\":\"ImageObject\",\"inLanguage\":\"lv-LV\",\"@id\":\"https:\/\/1office.co\/et\/#\/schema\/logo\/image\/\",\"url\":\"https:\/\/1office.co\/wp-content\/uploads\/2018\/01\/1office-invoice-logo-2.png\",\"contentUrl\":\"https:\/\/1office.co\/wp-content\/uploads\/2018\/01\/1office-invoice-logo-2.png\",\"width\":300,\"height\":83,\"caption\":\"1Office\"},\"image\":{\"@id\":\"https:\/\/1office.co\/et\/#\/schema\/logo\/image\/\"}}]}<\/script>\n<!-- \/ Yoast SEO Premium plugin. -->","yoast_head_json":{"title":"Karjeras iesp\u0113jas - 1Office","robots":{"index":"index","follow":"follow","max-snippet":"max-snippet:-1","max-image-preview":"max-image-preview:large","max-video-preview":"max-video-preview:-1"},"canonical":"https:\/\/1office.co\/lv\/karjeras-iespejas-2\/","og_locale":"lv_LV","og_type":"article","og_title":"Karjeras iesp\u0113jas","og_description":"[vc_row full_width=&#8221;stretch_row&#8221; bg_type=&#8221;image&#8221; parallax_style=&#8221;vcpb-default&#8221; bg_image_new=&#8221;id^60953|url^https:\/\/1office.co\/wp-content\/uploads\/2017\/11\/pexels-photo-401684.jpeg|caption^null|alt^null|title^pexels-photo-401684|description^null&#8221; bg_image_repeat=&#8221;no-repeat&#8221; bg_img_attach=&#8221;fixed&#8221; bg_image_posiiton=&#8221;0 10%&#8221; seperator_enable=&#8221;seperator_enable_value&#8221; seperator_type=&#8221;tilt_left_seperator&#8221; seperator_position=&#8221;bottom_seperator&#8221; el_class=&#8221;one-blog-head one-higher&#8221;][vc_column][\/vc_column][\/vc_row][vc_row main_heading=&#8221;Why choose 1Office&#8221; main_heading_color=&#8221;&#8221; heading_tag=&#8221;h2&#8243; sub_heading_color=&#8221;#999999&#8243; alignment=&#8221;center&#8221; spacer=&#8221;line_only&#8221; spacer_position=&#8221;middle&#8221; spacer_img_width=&#8221;48&#8243; line_style=&#8221;solid&#8221; line_height=&#8221;3&#8243; line_color=&#8221;&#8221; line_icon_fixer=&#8221;10&#8243; sub_heading_style=&#8221;font-style:italic;&#8221; sub_heading_font_size=&#8221;desktop:18px;&#8221; sub_heading_line_height=&#8221;desktop:28px;&#8221; main_heading_style=&#8221;font-weight:bold;&#8221; main_heading_margin=&#8221;margin-bottom:15px;&#8221; line_width=&#8221;200&#8243; el_class=&#8221;accent-border-color&#8221; main_heading_font_size=&#8221;desktop:34px;&#8221; main_heading_line_height=&#8221;desktop:44px;&#8221; margin_design_tab_text=&#8221;&#8221; main_heading_typograpy=&#8221;&#8221; main_heading_font_family=&#8221;&#8221; sub_heading_typograpy=&#8221;&#8221; sub_heading_font_family=&#8221;&#8221; sub_heading_margin=&#8221;&#8221; spacer_img=&#8221;&#8221; spacer_margin=&#8221;&#8221;][vc_column][vc_empty_space][\/vc_column][\/vc_row][vc_row][vc_column][vc_column_text] 1Office ir strauji augo\u0161s uz\u0146\u0113mums ar birojiem Igaunij\u0101, Zviedrij\u0101, Somij\u0101,&hellip;","og_url":"https:\/\/1office.co\/lv\/karjeras-iespejas-2\/","og_site_name":"1Office","article_modified_time":"2020-10-21T12:12:18+00:00","og_image":[{"width":1170,"height":878,"url":"https:\/\/1office.co\/wp-content\/uploads\/2021\/12\/266177710_670243651022246_4183638024128487083_n-e1639595832182.jpeg","type":"image\/jpeg"}],"twitter_card":"summary_large_image","twitter_misc":{"Est. reading time":"3 minutes"},"schema":{"@context":"https:\/\/schema.org","@graph":[{"@type":"WebPage","@id":"https:\/\/1office.co\/lv\/karjeras-iespejas-2\/","url":"https:\/\/1office.co\/lv\/karjeras-iespejas-2\/","name":"Karjeras iesp\u0113jas - 1Office","isPartOf":{"@id":"https:\/\/1office.co\/et\/#website"},"primaryImageOfPage":{"@id":"https:\/\/1office.co\/lv\/karjeras-iespejas-2\/#primaryimage"},"image":{"@id":"https:\/\/1office.co\/lv\/karjeras-iespejas-2\/#primaryimage"},"thumbnailUrl":"https:\/\/1office.co\/wp-content\/uploads\/2021\/12\/266177710_670243651022246_4183638024128487083_n-e1639595832182.jpeg","datePublished":"2017-11-30T08:51:24+00:00","dateModified":"2020-10-21T12:12:18+00:00","breadcrumb":{"@id":"https:\/\/1office.co\/lv\/karjeras-iespejas-2\/#breadcrumb"},"inLanguage":"lv-LV","potentialAction":[{"@type":"ReadAction","target":["https:\/\/1office.co\/lv\/karjeras-iespejas-2\/"]}]},{"@type":"ImageObject","inLanguage":"lv-LV","@id":"https:\/\/1office.co\/lv\/karjeras-iespejas-2\/#primaryimage","url":"https:\/\/1office.co\/wp-content\/uploads\/2021\/12\/266177710_670243651022246_4183638024128487083_n-e1639595832182.jpeg","contentUrl":"https:\/\/1office.co\/wp-content\/uploads\/2021\/12\/266177710_670243651022246_4183638024128487083_n-e1639595832182.jpeg","width":1170,"height":878},{"@type":"BreadcrumbList","@id":"https:\/\/1office.co\/lv\/karjeras-iespejas-2\/#breadcrumb","itemListElement":[{"@type":"ListItem","position":1,"name":"Home","item":"https:\/\/1office.co\/lv\/office-home-3\/"},{"@type":"ListItem","position":2,"name":"Karjeras iesp\u0113jas"}]},{"@type":"WebSite","@id":"https:\/\/1office.co\/et\/#website","url":"https:\/\/1office.co\/et\/","name":"1Office","description":"Making Business Simple","publisher":{"@id":"https:\/\/1office.co\/et\/#organization"},"potentialAction":[{"@type":"SearchAction","target":{"@type":"EntryPoint","urlTemplate":"https:\/\/1office.co\/et\/?s={search_term_string}"},"query-input":{"@type":"PropertyValueSpecification","valueRequired":true,"valueName":"search_term_string"}}],"inLanguage":"lv-LV"},{"@type":"Organization","@id":"https:\/\/1office.co\/et\/#organization","name":"1Office","url":"https:\/\/1office.co\/et\/","logo":{"@type":"ImageObject","inLanguage":"lv-LV","@id":"https:\/\/1office.co\/et\/#\/schema\/logo\/image\/","url":"https:\/\/1office.co\/wp-content\/uploads\/2018\/01\/1office-invoice-logo-2.png","contentUrl":"https:\/\/1office.co\/wp-content\/uploads\/2018\/01\/1office-invoice-logo-2.png","width":300,"height":83,"caption":"1Office"},"image":{"@id":"https:\/\/1office.co\/et\/#\/schema\/logo\/image\/"}}]}},"_links":{"self":[{"href":"https:\/\/1office.co\/lv\/wp-json\/wp\/v2\/pages\/64305","targetHints":{"allow":["GET"]}}],"collection":[{"href":"https:\/\/1office.co\/lv\/wp-json\/wp\/v2\/pages"}],"about":[{"href":"https:\/\/1office.co\/lv\/wp-json\/wp\/v2\/types\/page"}],"author":[{"embeddable":true,"href":"https:\/\/1office.co\/lv\/wp-json\/wp\/v2\/users\/1"}],"replies":[{"embeddable":true,"href":"https:\/\/1office.co\/lv\/wp-json\/wp\/v2\/comments?post=64305"}],"version-history":[{"count":0,"href":"https:\/\/1office.co\/lv\/wp-json\/wp\/v2\/pages\/64305\/revisions"}],"wp:featuredmedia":[{"embeddable":true,"href":"https:\/\/1office.co\/lv\/wp-json\/wp\/v2\/media\/71967"}],"wp:attachment":[{"href":"https:\/\/1office.co\/lv\/wp-json\/wp\/v2\/media?parent=64305"}],"curies":[{"name":"wp","href":"https:\/\/api.w.org\/{rel}","templated":true}]}}