{"id":57545,"date":"2017-08-10T10:40:23","date_gmt":"2017-08-10T10:40:23","guid":{"rendered":"https:\/\/1office.co\/portugal\/product\/raamatupidamisteenuse-alustustasu\/"},"modified":"2020-08-05T11:20:50","modified_gmt":"2020-08-05T11:20:50","slug":"raamatupidamise-teenuse-alustustasu","status":"publish","type":"product","link":"https:\/\/1office.co\/portugal\/et\/toode\/raamatupidamise-teenuse-alustustasu\/","title":{"rendered":"Raamatupidamise teenuse alustustasu"},"content":{"rendered":"<div class=\"wpb-content-wrapper\"><p>[vc_row][vc_column]<div id=\"advanced-tabs-desc-wrap-8157\" class=\"ult_tabs product_tabs\" style=\" \" data-tabsstyle=\"style1\"\n data-titlebg=\"#ffffff\" data-titlecolor=\"#b6b8ba\" data-fullheight=\"off\"\n data-titlehoverbg=\"#ffffff\" data-titlehovercolor=\"#1d1e23\"\n data-rotatetabs=\"0\" data-responsivemode=\"Both\" data-animation=\"Slide\"\ndata-activetitle=\"#1d1e23\" data-activeicon=\"\" data-activebg=\"#ffffff\"  data-respmode=\"Tabs\" data-respwidth=\"400\" data-scroll = \"on\" data-activeindex=\"1\"><ul id=advanced-tabs-wrap-5245 class=\"ult_tabmenu style1 \" style=\"\"><li class=\"ult_tab_li  \" data-iconcolor=\"#74777b\" data-iconhover=\"#ffffff\" style=\"background-color:#ffffff;border-color:transparent;border-width:0px;border-style:solid;border-top-left-radius:8px;\">\n\t\t\t\t\t<a href=\"#1512642751410-8d7ab-c11d\"  id=\"1512642751410-8d7ab-c11d\"  style=\"color:#b6b8ba;; padding:15px; \" class=\"ult_a  \">\n\t\t\t\t\t     <span class=\"ult_tab_main Both \">\n\t\t\t\t\t \t\t <span class=\"ult_tab_section\">\n\t\t\t\t\t   \t\t\t<span  data-ultimate-target='#advanced-tabs-wrap-5245 .ult-span-text'  data-responsive-json-new='{\"font-size\":\"desktop:14px;\",\"line-height\":\"\"}'  class=\"ult-span-text no_icon ult_tab_display_text ult-responsive\" style=\"font-weight:bold;;\">Kirjeldus<\/span>\n\t\t\t\t\t   \t\t<\/span>\n\t\t\t\t\t\t<\/span>\n\t\t\t\t\t<\/a>\n\t\t\t\t\t<\/li><li class=\"ult_tab_li  product-faq\" data-iconcolor=\"#74777b\" data-iconhover=\"#ffffff\" style=\"background-color:#ffffff;border-color:transparent;border-width:0px;border-style:solid;border-top-right-radius:8px;\">\n\t\t\t\t\t<a href=\"#1512642751435-8d7ab-c11d\"  id=\"1512642751435-8d7ab-c11d\"  style=\"color:#b6b8ba;; padding:15px; \" class=\"ult_a  \">\n\t\t\t\t\t     <span class=\"ult_tab_main Both \">\n\t\t\t\t\t \t\t <span class=\"ult_tab_section\">\n\t\t\t\t\t   \t\t\t<span  data-ultimate-target='#advanced-tabs-wrap-5245 .ult-span-text'  data-responsive-json-new='{\"font-size\":\"desktop:14px;\",\"line-height\":\"\"}'  class=\"ult-span-text no_icon ult_tab_display_text ult-responsive\" style=\"font-weight:bold;;\">KKK<\/span>\n\t\t\t\t\t   \t\t<\/span>\n\t\t\t\t\t\t<\/span>\n\t\t\t\t\t<\/a>\n\t\t\t\t\t<\/li><\/ul><div  data-ultimate-target='#advanced-tabs-desc-wrap-8157 .ult_tabcontent .ult_tab_min_contain  p'  data-responsive-json-new='{\"font-size\":\"\",\"line-height\":\"\"}' class=\"ult_tabcontent ult-responsive style1\" style=\"color:#74777b;\"><div class=\"ult_tab_min_contain \" >\n\t\t\t<div  class=\"ult_tabitemname\"  >\n\t\t\t\t[vc_column_text]<strong>Hinnas sisaldub:<\/strong><\/p>\n<ul>\n<li>Seadistame ettev\u00f5tte raamatupidamisprogrammis<\/li>\n<li>Anname vajalikud ligip\u00e4\u00e4sud (Social Insurance Fund Board, State Tax Inspectorate jne.)<\/li>\n<li>Valmistame ette \u00fclej\u00e4\u00e4nud raamatupidamiseks vajalikud vahendid<\/li>\n<\/ul>\n<p>[\/vc_column_text]\n\t\t\t<\/div>\n\t\t\t<div  class=\"ult_tabitemname\"  >\n\t\t\t\t[vc_toggle title=&#8221;1. Mida t\u00e4hendab alustustasu?&#8221; style=&#8221;arrow&#8221; open=&#8221;true&#8221; custom_font_container=&#8221;tag:h5|text_align:left&#8221; custom_use_theme_fonts=&#8221;yes&#8221; use_custom_heading=&#8221;true&#8221;]Et suudaksime iga kliendi puhul algusest peale pakkuda k\u00f5rgeima kvaliteediga raamatupidamist, rakendame alustustasu ning saame end seel\u00e4bi ettev\u00f5tte tegevusega p\u00f5hjalikult kurssi viia.[\/vc_toggle]\n\t\t\t<\/div><\/div><\/div><\/div><div class=\"ult_acord advanced-tabs-desc-wrap-8157\">\n   <div class=\"ult-tabto-accordion \" style=\"width:;\"\n    data-titlecolor=\"#b6b8ba\"  data-titlebg=\"#ffffff\"\n     data-titlehoverbg=\"#ffffff\" data-titlehovercolor=\"#1d1e23\" data-animation=\"Slide\"\n     data-activetitle=\"#1d1e23\" data-activeicon=\"\" data-activebg=\"#ffffff\" data-scroll = \"on\" data-activeindex=\"1\" >\n     <dl><dt class=\"\">\n\t        \t<a class=\"ult-tabto-actitle withBorder ult_a \" id=\"1512642751410-8d7ab-c11d\" style=\"color:#b6b8ba;;background-color:#ffffff;border-bottom-color:transparent;border-bottom-width:0px;border-bottom-style:solid;\" href=\"#1512642751410-8d7ab-c11d\">\n\t        \t\t<i class=\"accordion-icon\"><\/i>\n\t        \t\t\t<span class=\"ult_tab_main ult_ac_main ult_noacordicnBoth\">\n\n\t\t\t\t\t\t<span  data-ultimate-target='#advanced-tabs-wrap-5245 .ult-span-text'  data-responsive-json-new='{\"font-size\":\"desktop:14px;\",\"line-height\":\"\"}'  class=\"ult-span-text no_icon ult_acordian-text ult-responsive\" style=\"font-weight:bold;;color:inherit \" >Kirjeldus<\/span>\n\t\t\t\t\t\t<\/span><\/a><\/dt>\n\t            \t\t<dd class=\"ult-tabto-accordionItem ult-tabto-accolapsed\">\n\t\t\t\t            <div class=\"ult-tabto-acontent\" style=\"color:#74777b;\">\n\t\t\t\t               [vc_column_text]<strong>Hinnas sisaldub:<\/strong><\/p>\n<ul>\n<li>Seadistame ettev\u00f5tte raamatupidamisprogrammis<\/li>\n<li>Anname vajalikud ligip\u00e4\u00e4sud (Social Insurance Fund Board, State Tax Inspectorate jne.)<\/li>\n<li>Valmistame ette \u00fclej\u00e4\u00e4nud raamatupidamiseks vajalikud vahendid<\/li>\n<\/ul>\n<p>[\/vc_column_text]\n\t\t\t\t            <\/div>\n\t        \t\t\t<\/dd><dt class=\"product-faq\">\n\t        \t<a class=\"ult-tabto-actitle withBorder ult_a \" id=\"1512642751435-8d7ab-c11d\" style=\"color:#b6b8ba;;background-color:#ffffff;border-bottom-color:transparent;border-bottom-width:0px;border-bottom-style:solid;border-bottom-color:transparent;border-bottom-width:0px;border-bottom-style:solid;\" href=\"#1512642751435-8d7ab-c11d\">\n\t        \t\t<i class=\"accordion-icon\"><\/i>\n\t        \t\t\t<span class=\"ult_tab_main ult_ac_main ult_noacordicnBoth\">\n\n\t\t\t\t\t\t<span  data-ultimate-target='#advanced-tabs-wrap-5245 .ult-span-text'  data-responsive-json-new='{\"font-size\":\"desktop:14px;\",\"line-height\":\"\"}'  class=\"ult-span-text no_icon ult_acordian-text ult-responsive\" style=\"font-weight:bold;;color:inherit \" >KKK<\/span>\n\t\t\t\t\t\t<\/span><\/a><\/dt>\n\t            \t\t<dd class=\"ult-tabto-accordionItem ult-tabto-accolapsed\">\n\t\t\t\t            <div class=\"ult-tabto-acontent\" style=\"color:#74777b;\">\n\t\t\t\t               [vc_toggle title=&#8221;1. Mida t\u00e4hendab alustustasu?&#8221; style=&#8221;arrow&#8221; open=&#8221;true&#8221; custom_font_container=&#8221;tag:h5|text_align:left&#8221; custom_use_theme_fonts=&#8221;yes&#8221; use_custom_heading=&#8221;true&#8221;]Et suudaksime iga kliendi puhul algusest peale pakkuda k\u00f5rgeima kvaliteediga raamatupidamist, rakendame alustustasu ning saame end seel\u00e4bi ettev\u00f5tte tegevusega p\u00f5hjalikult kurssi viia.[\/vc_toggle]\n\t\t\t\t            <\/div>\n\t        \t\t\t<\/dd>\n    \t<\/dl>\n    <!--<div class=\"extraborder\" style=\"background-color:#ffffff\"><\/div>-->\n<\/div>\n\n<\/div>[\/vc_column][\/vc_row]<\/p>\n<\/div>","protected":false},"excerpt":{"rendered":"<p>Usalda oma ettev\u00f5tte raamatupidamine spetsialistide hoolde ning keskendu ise oma p\u00f5hi\u00e4rile. T\u00e4pne t\u00f6\u00f6maht ning protseduurid lepitakse iga kliendiga eraldi kokku.<\/p>\n","protected":false},"featured_media":57349,"template":"","meta":{"_acf_changed":false,"inline_featured_image":false},"product_brand":[],"product_cat":[375],"product_tag":[324],"class_list":{"0":"post-57545","1":"product","2":"type-product","3":"status-publish","4":"has-post-thumbnail","6":"product_cat-uncategorized-et","7":"product_tag-lithuania-et","8":"description-off","10":"first","11":"instock","12":"virtual","13":"taxable","14":"purchasable","15":"product-type-simple"},"bundled_by":[],"bundle_stock_status":"instock","bundle_stock_quantity":null,"bundle_virtual":false,"bundle_layout":"","bundle_add_to_cart_form_location":"","bundle_editable_in_cart":false,"bundle_sold_individually_context":"","bundle_item_grouping":"","bundle_min_size":"","bundle_max_size":"","bundle_price":[],"bundled_items":[],"bundle_sell_ids":[],"acf":[],"yoast_head":"<!-- This site is optimized with the Yoast SEO Premium plugin v22.1 (Yoast SEO v27.0) - https:\/\/yoast.com\/product\/yoast-seo-premium-wordpress\/ -->\n<title>Raamatupidamise teenuse alustustasu - 1Office Portugal<\/title>\n<meta name=\"description\" content=\"Usalda oma ettev\u00f5tte raamatupidamine spetsialistide hoolde ning keskendu ise oma p\u00f5hi\u00e4rile. T\u00e4pne t\u00f6\u00f6maht ning protseduurid lepitakse iga kliendiga eraldi kokku.\" \/>\n<meta name=\"robots\" content=\"noindex, follow, max-snippet:-1, max-image-preview:large, max-video-preview:-1\" \/>\n<meta property=\"og:locale\" content=\"et_EE\" \/>\n<meta property=\"og:type\" content=\"article\" \/>\n<meta property=\"og:title\" content=\"Raamatupidamise teenuse alustustasu\" \/>\n<meta property=\"og:description\" content=\"Usalda oma ettev\u00f5tte raamatupidamine spetsialistide hoolde ning keskendu ise oma p\u00f5hi\u00e4rile. T\u00e4pne t\u00f6\u00f6maht ning protseduurid lepitakse iga kliendiga eraldi kokku.\" \/>\n<meta property=\"og:url\" content=\"https:\/\/1office.co\/portugal\/et\/toode\/raamatupidamise-teenuse-alustustasu\/\" \/>\n<meta property=\"og:site_name\" content=\"1Office Portugal\" \/>\n<meta property=\"article:modified_time\" content=\"2020-08-05T11:20:50+00:00\" \/>\n<meta property=\"og:image\" content=\"https:\/\/1office.co\/portugal\/wp-content\/uploads\/sites\/17\/2017\/08\/coins-currency-investment-insurance-128867-1.jpeg\" \/>\n\t<meta property=\"og:image:width\" content=\"640\" \/>\n\t<meta property=\"og:image:height\" content=\"426\" \/>\n\t<meta property=\"og:image:type\" content=\"image\/jpeg\" \/>\n<meta name=\"twitter:card\" content=\"summary_large_image\" \/>\n<meta name=\"twitter:label1\" content=\"Est. reading time\" \/>\n\t<meta name=\"twitter:data1\" content=\"1 minut\" \/>\n<script type=\"application\/ld+json\" class=\"yoast-schema-graph\">{\"@context\":\"https:\/\/schema.org\",\"@graph\":[{\"@type\":\"WebPage\",\"@id\":\"https:\/\/1office.co\/portugal\/et\/toode\/raamatupidamise-teenuse-alustustasu\/\",\"url\":\"https:\/\/1office.co\/portugal\/et\/toode\/raamatupidamise-teenuse-alustustasu\/\",\"name\":\"Raamatupidamise teenuse alustustasu - 1Office Portugal\",\"isPartOf\":{\"@id\":\"https:\/\/1office.co\/portugal\/#website\"},\"primaryImageOfPage\":{\"@id\":\"https:\/\/1office.co\/portugal\/et\/toode\/raamatupidamise-teenuse-alustustasu\/#primaryimage\"},\"image\":{\"@id\":\"https:\/\/1office.co\/portugal\/et\/toode\/raamatupidamise-teenuse-alustustasu\/#primaryimage\"},\"thumbnailUrl\":\"https:\/\/1office.co\/portugal\/wp-content\/uploads\/sites\/17\/2017\/08\/coins-currency-investment-insurance-128867-1.jpeg\",\"datePublished\":\"2017-08-10T10:40:23+00:00\",\"dateModified\":\"2020-08-05T11:20:50+00:00\",\"description\":\"Usalda oma ettev\u00f5tte raamatupidamine spetsialistide hoolde ning keskendu ise oma p\u00f5hi\u00e4rile. T\u00e4pne t\u00f6\u00f6maht ning protseduurid lepitakse iga kliendiga eraldi kokku.\",\"breadcrumb\":{\"@id\":\"https:\/\/1office.co\/portugal\/et\/toode\/raamatupidamise-teenuse-alustustasu\/#breadcrumb\"},\"inLanguage\":\"et\",\"potentialAction\":[{\"@type\":\"ReadAction\",\"target\":[\"https:\/\/1office.co\/portugal\/et\/toode\/raamatupidamise-teenuse-alustustasu\/\"]}]},{\"@type\":\"ImageObject\",\"inLanguage\":\"et\",\"@id\":\"https:\/\/1office.co\/portugal\/et\/toode\/raamatupidamise-teenuse-alustustasu\/#primaryimage\",\"url\":\"https:\/\/1office.co\/portugal\/wp-content\/uploads\/sites\/17\/2017\/08\/coins-currency-investment-insurance-128867-1.jpeg\",\"contentUrl\":\"https:\/\/1office.co\/portugal\/wp-content\/uploads\/sites\/17\/2017\/08\/coins-currency-investment-insurance-128867-1.jpeg\",\"width\":640,\"height\":426},{\"@type\":\"BreadcrumbList\",\"@id\":\"https:\/\/1office.co\/portugal\/et\/toode\/raamatupidamise-teenuse-alustustasu\/#breadcrumb\",\"itemListElement\":[{\"@type\":\"ListItem\",\"position\":1,\"name\":\"Home\",\"item\":\"https:\/\/1office.co\/portugal\/et\/\"},{\"@type\":\"ListItem\",\"position\":2,\"name\":\"Shop\",\"item\":\"https:\/\/1office.co\/portugal\/shop\/\"},{\"@type\":\"ListItem\",\"position\":3,\"name\":\"Raamatupidamise teenuse alustustasu\"}]},{\"@type\":\"WebSite\",\"@id\":\"https:\/\/1office.co\/portugal\/#website\",\"url\":\"https:\/\/1office.co\/portugal\/\",\"name\":\"1Office Portugal\",\"description\":\"Making Business Simple\",\"potentialAction\":[{\"@type\":\"SearchAction\",\"target\":{\"@type\":\"EntryPoint\",\"urlTemplate\":\"https:\/\/1office.co\/portugal\/?s={search_term_string}\"},\"query-input\":{\"@type\":\"PropertyValueSpecification\",\"valueRequired\":true,\"valueName\":\"search_term_string\"}}],\"inLanguage\":\"et\"}]}<\/script>\n<!-- \/ Yoast SEO Premium plugin. -->","yoast_head_json":{"title":"Raamatupidamise teenuse alustustasu - 1Office Portugal","description":"Usalda oma ettev\u00f5tte raamatupidamine spetsialistide hoolde ning keskendu ise oma p\u00f5hi\u00e4rile. T\u00e4pne t\u00f6\u00f6maht ning protseduurid lepitakse iga kliendiga eraldi kokku.","robots":{"index":"noindex","follow":"follow","max-snippet":"max-snippet:-1","max-image-preview":"max-image-preview:large","max-video-preview":"max-video-preview:-1"},"og_locale":"et_EE","og_type":"article","og_title":"Raamatupidamise teenuse alustustasu","og_description":"Usalda oma ettev\u00f5tte raamatupidamine spetsialistide hoolde ning keskendu ise oma p\u00f5hi\u00e4rile. T\u00e4pne t\u00f6\u00f6maht ning protseduurid lepitakse iga kliendiga eraldi kokku.","og_url":"https:\/\/1office.co\/portugal\/et\/toode\/raamatupidamise-teenuse-alustustasu\/","og_site_name":"1Office Portugal","article_modified_time":"2020-08-05T11:20:50+00:00","og_image":[{"width":640,"height":426,"url":"https:\/\/1office.co\/portugal\/wp-content\/uploads\/sites\/17\/2017\/08\/coins-currency-investment-insurance-128867-1.jpeg","type":"image\/jpeg"}],"twitter_card":"summary_large_image","twitter_misc":{"Est. reading time":"1 minut"},"schema":{"@context":"https:\/\/schema.org","@graph":[{"@type":"WebPage","@id":"https:\/\/1office.co\/portugal\/et\/toode\/raamatupidamise-teenuse-alustustasu\/","url":"https:\/\/1office.co\/portugal\/et\/toode\/raamatupidamise-teenuse-alustustasu\/","name":"Raamatupidamise teenuse alustustasu - 1Office Portugal","isPartOf":{"@id":"https:\/\/1office.co\/portugal\/#website"},"primaryImageOfPage":{"@id":"https:\/\/1office.co\/portugal\/et\/toode\/raamatupidamise-teenuse-alustustasu\/#primaryimage"},"image":{"@id":"https:\/\/1office.co\/portugal\/et\/toode\/raamatupidamise-teenuse-alustustasu\/#primaryimage"},"thumbnailUrl":"https:\/\/1office.co\/portugal\/wp-content\/uploads\/sites\/17\/2017\/08\/coins-currency-investment-insurance-128867-1.jpeg","datePublished":"2017-08-10T10:40:23+00:00","dateModified":"2020-08-05T11:20:50+00:00","description":"Usalda oma ettev\u00f5tte raamatupidamine spetsialistide hoolde ning keskendu ise oma p\u00f5hi\u00e4rile. T\u00e4pne t\u00f6\u00f6maht ning protseduurid lepitakse iga kliendiga eraldi kokku.","breadcrumb":{"@id":"https:\/\/1office.co\/portugal\/et\/toode\/raamatupidamise-teenuse-alustustasu\/#breadcrumb"},"inLanguage":"et","potentialAction":[{"@type":"ReadAction","target":["https:\/\/1office.co\/portugal\/et\/toode\/raamatupidamise-teenuse-alustustasu\/"]}]},{"@type":"ImageObject","inLanguage":"et","@id":"https:\/\/1office.co\/portugal\/et\/toode\/raamatupidamise-teenuse-alustustasu\/#primaryimage","url":"https:\/\/1office.co\/portugal\/wp-content\/uploads\/sites\/17\/2017\/08\/coins-currency-investment-insurance-128867-1.jpeg","contentUrl":"https:\/\/1office.co\/portugal\/wp-content\/uploads\/sites\/17\/2017\/08\/coins-currency-investment-insurance-128867-1.jpeg","width":640,"height":426},{"@type":"BreadcrumbList","@id":"https:\/\/1office.co\/portugal\/et\/toode\/raamatupidamise-teenuse-alustustasu\/#breadcrumb","itemListElement":[{"@type":"ListItem","position":1,"name":"Home","item":"https:\/\/1office.co\/portugal\/et\/"},{"@type":"ListItem","position":2,"name":"Shop","item":"https:\/\/1office.co\/portugal\/shop\/"},{"@type":"ListItem","position":3,"name":"Raamatupidamise teenuse alustustasu"}]},{"@type":"WebSite","@id":"https:\/\/1office.co\/portugal\/#website","url":"https:\/\/1office.co\/portugal\/","name":"1Office Portugal","description":"Making Business Simple","potentialAction":[{"@type":"SearchAction","target":{"@type":"EntryPoint","urlTemplate":"https:\/\/1office.co\/portugal\/?s={search_term_string}"},"query-input":{"@type":"PropertyValueSpecification","valueRequired":true,"valueName":"search_term_string"}}],"inLanguage":"et"}]}},"_links":{"self":[{"href":"https:\/\/1office.co\/portugal\/et\/wp-json\/wp\/v2\/product\/57545","targetHints":{"allow":["GET"]}}],"collection":[{"href":"https:\/\/1office.co\/portugal\/et\/wp-json\/wp\/v2\/product"}],"about":[{"href":"https:\/\/1office.co\/portugal\/et\/wp-json\/wp\/v2\/types\/product"}],"wp:featuredmedia":[{"embeddable":true,"href":"https:\/\/1office.co\/portugal\/et\/wp-json\/wp\/v2\/media\/57349"}],"wp:attachment":[{"href":"https:\/\/1office.co\/portugal\/et\/wp-json\/wp\/v2\/media?parent=57545"}],"wp:term":[{"taxonomy":"product_brand","embeddable":true,"href":"https:\/\/1office.co\/portugal\/et\/wp-json\/wp\/v2\/product_brand?post=57545"},{"taxonomy":"product_cat","embeddable":true,"href":"https:\/\/1office.co\/portugal\/et\/wp-json\/wp\/v2\/product_cat?post=57545"},{"taxonomy":"product_tag","embeddable":true,"href":"https:\/\/1office.co\/portugal\/et\/wp-json\/wp\/v2\/product_tag?post=57545"}],"curies":[{"name":"wp","href":"https:\/\/api.w.org\/{rel}","templated":true}]}}