{"id":58323,"date":"2021-05-28T12:38:59","date_gmt":"2021-05-31T11:22:14","guid":{"rendered":"https:\/\/1office.co\/portugal\/?post_type=product&#038;p=58323"},"modified":"2021-05-31T11:22:16","modified_gmt":"2021-05-31T11:22:16","slug":"el-kaubamargi-registreerimine","status":"publish","type":"product","link":"https:\/\/1office.co\/portugal\/et\/toode\/el-kaubamargi-registreerimine\/","title":{"rendered":"ELi kaubam\u00e4rgi registreerimine"},"content":{"rendered":"<div class=\"wpb-content-wrapper\"><p>[vc_row][vc_column]<div id=\"advanced-tabs-desc-wrap-4987\" class=\"ult_tabs product_tabs\" style=\" \" data-tabsstyle=\"style1\"\n data-titlebg=\"#ffffff\" data-titlecolor=\"#b6b8ba\" data-fullheight=\"off\"\n data-titlehoverbg=\"#ffffff\" data-titlehovercolor=\"#1d1e23\"\n data-rotatetabs=\"0\" data-responsivemode=\"Both\" data-animation=\"Slide\"\ndata-activetitle=\"#1d1e23\" data-activeicon=\"\" data-activebg=\"#ffffff\"  data-respmode=\"Tabs\" data-respwidth=\"400\" data-scroll = \"on\" data-activeindex=\"1\"><ul id=advanced-tabs-wrap-1298 class=\"ult_tabmenu style1 \" style=\"\"><li class=\"ult_tab_li  \" data-iconcolor=\"#74777b\" data-iconhover=\"#ffffff\" style=\"background-color:#ffffff;border-color:transparent;border-width:0px;border-style:solid;border-top-right-radius:8px;\">\n\t\t\t\t\t<a href=\"#1512642751410-8ee0b-c3ff\"  id=\"1512642751410-8ee0b-c3ff\"  style=\"color:#b6b8ba;; padding:15px; \" class=\"ult_a  \">\n\t\t\t\t\t     <span class=\"ult_tab_main Both \">\n\t\t\t\t\t \t\t <span class=\"ult_tab_section\">\n\t\t\t\t\t   \t\t\t<span  data-ultimate-target='#advanced-tabs-wrap-1298 .ult-span-text'  data-responsive-json-new='{\"font-size\":\"desktop:14px;\",\"line-height\":\"\"}'  class=\"ult-span-text no_icon ult_tab_display_text ult-responsive\" style=\"font-weight:bold;;\">Kirjeldus<\/span>\n\t\t\t\t\t   \t\t<\/span>\n\t\t\t\t\t\t<\/span>\n\t\t\t\t\t<\/a>\n\t\t\t\t\t<\/li><\/ul><div  data-ultimate-target='#advanced-tabs-desc-wrap-4987 .ult_tabcontent .ult_tab_min_contain  p'  data-responsive-json-new='{\"font-size\":\"\",\"line-height\":\"\"}' class=\"ult_tabcontent ult-responsive style1\" style=\"color:#74777b;\"><div class=\"ult_tab_min_contain \" >\n\t\t\t<div  class=\"ult_tabitemname\"  >\n\t\t\t\t[vc_column_text]<\/p>\n<p>Kaubam\u00e4rk annab ettev\u00f5ttele ainu\u00f5iguse oma tooteid ning teenuseid registreeritud nime alt m\u00fc\u00fca. Registreeritud kaubam\u00e4rgi korral ei tohi keegi teine sinu br\u00e4ndi nime ja\/v\u00f5i s\u00fcmboolikat ilma loata kasutada. Juhul, kui keegi kasutab sinu kaubam\u00e4rki ilma loata, on sul \u00f5igus see tegevus keelustada.<\/p>\n<p>&nbsp;<\/p>\n<p><strong>Hinnas sisaldub:<\/strong><\/p>\n<ul>\n<li>Sarnaste kaubam\u00e4rkite kontrollimine andmebaasist<\/li>\n<li>Konsultatsioon kaitse alla kuuluvate kaupade ja teenuste osas<\/li>\n<li>Kaubam\u00e4rgi registreerimisavalduse koostamine<\/li>\n<li>Suhtluse vahendamine Euroopa Liidu Intellektuaalomandi Ametiga (EUIPO)<\/li>\n<\/ul>\n<p>&nbsp;<\/p>\n<p><strong>Saadaval lisatasu eest:<\/strong><\/p>\n<ul>\n<li>Autori\u00f5igustega seotud toimingud (intellektuaalomandi edasiandmine m\u00fc\u00fcmisel, kinkimisel jne). Palun v\u00f5ta meiega \u00fchendust\u00a0<a href=\"mailto:sales@1office.co\">sales@1office.co<\/a>\u00a0ja k\u00fcsi hinnapakkumist.<\/li>\n<\/ul>\n<p>&nbsp;<\/p>\n<p><strong>T\u00e4htis informatsioon:<\/strong><\/p>\n<ul>\n<li>K\u00f5ik taotlejad peavad taotluse esitamisel tasuma 850 \u20ac Euroopa Liidu Intellektuaalomandi Ametile (lisaks 50 \u20ac teise klassi ning 150 \u20ac iga j\u00e4rgneva klassi registreerimise eest alates kolmandast klassist).<\/li>\n<li>Kaubam\u00e4rgi registreering kestab 10 aastat ning seda saab l\u00f5pmatuseni uuendada.<\/li>\n<li>Kaubam\u00e4rgi registreerimine v\u00f5tab umbes neli kuud.<\/li>\n<\/ul>\n<p>[\/vc_column_text]\n\t\t\t<\/div><\/div><\/div><\/div><div class=\"ult_acord advanced-tabs-desc-wrap-4987\">\n   <div class=\"ult-tabto-accordion \" style=\"width:;\"\n    data-titlecolor=\"#b6b8ba\"  data-titlebg=\"#ffffff\"\n     data-titlehoverbg=\"#ffffff\" data-titlehovercolor=\"#1d1e23\" data-animation=\"Slide\"\n     data-activetitle=\"#1d1e23\" data-activeicon=\"\" data-activebg=\"#ffffff\" data-scroll = \"on\" data-activeindex=\"1\" >\n     <dl><dt class=\"\">\n\t        \t<a class=\"ult-tabto-actitle withBorder ult_a \" id=\"1512642751410-8ee0b-c3ff\" style=\"color:#b6b8ba;;background-color:#ffffff;border-bottom-color:transparent;border-bottom-width:0px;border-bottom-style:solid;\" href=\"#1512642751410-8ee0b-c3ff\">\n\t        \t\t<i class=\"accordion-icon\"><\/i>\n\t        \t\t\t<span class=\"ult_tab_main ult_ac_main ult_noacordicnBoth\">\n\n\t\t\t\t\t\t<span  data-ultimate-target='#advanced-tabs-wrap-1298 .ult-span-text'  data-responsive-json-new='{\"font-size\":\"desktop:14px;\",\"line-height\":\"\"}'  class=\"ult-span-text no_icon ult_acordian-text ult-responsive\" style=\"font-weight:bold;;color:inherit \" >Kirjeldus<\/span>\n\t\t\t\t\t\t<\/span><\/a><\/dt>\n\t            \t\t<dd class=\"ult-tabto-accordionItem ult-tabto-accolapsed\">\n\t\t\t\t            <div class=\"ult-tabto-acontent\" style=\"color:#74777b;\">\n\t\t\t\t               [vc_column_text]<\/p>\n<p>Kaubam\u00e4rk annab ettev\u00f5ttele ainu\u00f5iguse oma tooteid ning teenuseid registreeritud nime alt m\u00fc\u00fca. Registreeritud kaubam\u00e4rgi korral ei tohi keegi teine sinu br\u00e4ndi nime ja\/v\u00f5i s\u00fcmboolikat ilma loata kasutada. Juhul, kui keegi kasutab sinu kaubam\u00e4rki ilma loata, on sul \u00f5igus see tegevus keelustada.<\/p>\n<p>&nbsp;<\/p>\n<p><strong>Hinnas sisaldub:<\/strong><\/p>\n<ul>\n<li>Sarnaste kaubam\u00e4rkite kontrollimine andmebaasist<\/li>\n<li>Konsultatsioon kaitse alla kuuluvate kaupade ja teenuste osas<\/li>\n<li>Kaubam\u00e4rgi registreerimisavalduse koostamine<\/li>\n<li>Suhtluse vahendamine Euroopa Liidu Intellektuaalomandi Ametiga (EUIPO)<\/li>\n<\/ul>\n<p>&nbsp;<\/p>\n<p><strong>Saadaval lisatasu eest:<\/strong><\/p>\n<ul>\n<li>Autori\u00f5igustega seotud toimingud (intellektuaalomandi edasiandmine m\u00fc\u00fcmisel, kinkimisel jne). Palun v\u00f5ta meiega \u00fchendust\u00a0<a href=\"mailto:sales@1office.co\">sales@1office.co<\/a>\u00a0ja k\u00fcsi hinnapakkumist.<\/li>\n<\/ul>\n<p>&nbsp;<\/p>\n<p><strong>T\u00e4htis informatsioon:<\/strong><\/p>\n<ul>\n<li>K\u00f5ik taotlejad peavad taotluse esitamisel tasuma 850 \u20ac Euroopa Liidu Intellektuaalomandi Ametile (lisaks 50 \u20ac teise klassi ning 150 \u20ac iga j\u00e4rgneva klassi registreerimise eest alates kolmandast klassist).<\/li>\n<li>Kaubam\u00e4rgi registreering kestab 10 aastat ning seda saab l\u00f5pmatuseni uuendada.<\/li>\n<li>Kaubam\u00e4rgi registreerimine v\u00f5tab umbes neli kuud.<\/li>\n<\/ul>\n<p>[\/vc_column_text]\n\t\t\t\t            <\/div>\n\t        \t\t\t<\/dd>\n    \t<\/dl>\n    <!--<div class=\"extraborder\" style=\"background-color:#ffffff\"><\/div>-->\n<\/div>\n\n<\/div>[\/vc_column][\/vc_row]<\/p>\n<\/div>","protected":false},"excerpt":{"rendered":"<p>Kaitse oma br\u00e4ndi ja \u00e4ritegevusi ning registreeri kaubam\u00e4rk Euroopa Liidus.<\/p>\n","protected":false},"featured_media":53299,"template":"","meta":{"_acf_changed":false,"inline_featured_image":false},"product_brand":[],"product_cat":[309],"product_tag":[324],"class_list":{"0":"post-58323","1":"product","2":"type-product","3":"status-publish","4":"has-post-thumbnail","6":"product_cat-juriidilised-teenused","7":"product_tag-lithuania-et","8":"description-off","10":"first","11":"instock","12":"virtual","13":"taxable","14":"purchasable","15":"product-type-simple"},"bundled_by":[],"bundle_stock_status":"instock","bundle_stock_quantity":null,"bundle_virtual":false,"bundle_layout":"","bundle_add_to_cart_form_location":"","bundle_editable_in_cart":false,"bundle_sold_individually_context":"","bundle_item_grouping":"","bundle_min_size":"","bundle_max_size":"","bundle_price":[],"bundled_items":[],"bundle_sell_ids":[],"acf":[],"yoast_head":"<!-- This site is optimized with the Yoast SEO Premium plugin v22.1 (Yoast SEO v27.0) - https:\/\/yoast.com\/product\/yoast-seo-premium-wordpress\/ -->\n<title>ELi kaubam\u00e4rgi registreerimine - 1Office Portugal<\/title>\n<meta name=\"description\" content=\"Kaitse oma br\u00e4ndi ja \u00e4ritegevusi ning registreeri kaubam\u00e4rk Euroopa Liidus.\" \/>\n<meta name=\"robots\" content=\"noindex, follow, max-snippet:-1, max-image-preview:large, max-video-preview:-1\" \/>\n<meta property=\"og:locale\" content=\"et_EE\" \/>\n<meta property=\"og:type\" content=\"article\" \/>\n<meta property=\"og:title\" content=\"ELi kaubam\u00e4rgi registreerimine\" \/>\n<meta property=\"og:description\" content=\"Kaitse oma br\u00e4ndi ja \u00e4ritegevusi ning registreeri kaubam\u00e4rk Euroopa Liidus.\" \/>\n<meta property=\"og:url\" content=\"https:\/\/1office.co\/portugal\/et\/toode\/el-kaubamargi-registreerimine\/\" \/>\n<meta property=\"og:site_name\" content=\"1Office Portugal\" \/>\n<meta property=\"article:modified_time\" content=\"2021-05-31T11:22:16+00:00\" \/>\n<meta property=\"og:image\" content=\"https:\/\/1office.co\/portugal\/wp-content\/uploads\/sites\/17\/revslider\/the7-hero-scene-bottom-icons\/bg-slider-icons-bottom.jpg\" \/>\n\t<meta property=\"og:image:width\" content=\"1600\" \/>\n\t<meta property=\"og:image:height\" content=\"1050\" \/>\n\t<meta property=\"og:image:type\" content=\"image\/jpeg\" \/>\n<meta name=\"twitter:card\" content=\"summary_large_image\" \/>\n<meta name=\"twitter:label1\" content=\"Est. reading time\" \/>\n\t<meta name=\"twitter:data1\" content=\"1 minut\" \/>\n<script type=\"application\/ld+json\" class=\"yoast-schema-graph\">{\"@context\":\"https:\/\/schema.org\",\"@graph\":[{\"@type\":\"WebPage\",\"@id\":\"https:\/\/1office.co\/portugal\/et\/toode\/el-kaubamargi-registreerimine\/\",\"url\":\"https:\/\/1office.co\/portugal\/et\/toode\/el-kaubamargi-registreerimine\/\",\"name\":\"ELi kaubam\u00e4rgi registreerimine - 1Office Portugal\",\"isPartOf\":{\"@id\":\"https:\/\/1office.co\/portugal\/#website\"},\"primaryImageOfPage\":{\"@id\":\"https:\/\/1office.co\/portugal\/et\/toode\/el-kaubamargi-registreerimine\/#primaryimage\"},\"image\":{\"@id\":\"https:\/\/1office.co\/portugal\/et\/toode\/el-kaubamargi-registreerimine\/#primaryimage\"},\"thumbnailUrl\":\"https:\/\/1office.co\/portugal\/wp-content\/uploads\/sites\/17\/revslider\/the7-hero-scene-bottom-icons\/bg-slider-icons-bottom.jpg\",\"datePublished\":\"2021-05-31T11:22:14+00:00\",\"dateModified\":\"2021-05-31T11:22:16+00:00\",\"description\":\"Kaitse oma br\u00e4ndi ja \u00e4ritegevusi ning registreeri kaubam\u00e4rk Euroopa Liidus.\",\"breadcrumb\":{\"@id\":\"https:\/\/1office.co\/portugal\/et\/toode\/el-kaubamargi-registreerimine\/#breadcrumb\"},\"inLanguage\":\"et\",\"potentialAction\":[{\"@type\":\"ReadAction\",\"target\":[\"https:\/\/1office.co\/portugal\/et\/toode\/el-kaubamargi-registreerimine\/\"]}]},{\"@type\":\"ImageObject\",\"inLanguage\":\"et\",\"@id\":\"https:\/\/1office.co\/portugal\/et\/toode\/el-kaubamargi-registreerimine\/#primaryimage\",\"url\":\"https:\/\/1office.co\/portugal\/wp-content\/uploads\/sites\/17\/revslider\/the7-hero-scene-bottom-icons\/bg-slider-icons-bottom.jpg\",\"contentUrl\":\"https:\/\/1office.co\/portugal\/wp-content\/uploads\/sites\/17\/revslider\/the7-hero-scene-bottom-icons\/bg-slider-icons-bottom.jpg\",\"width\":1600,\"height\":1050,\"caption\":\"ELi kaubam\u00e4rgi registreerimine\"},{\"@type\":\"BreadcrumbList\",\"@id\":\"https:\/\/1office.co\/portugal\/et\/toode\/el-kaubamargi-registreerimine\/#breadcrumb\",\"itemListElement\":[{\"@type\":\"ListItem\",\"position\":1,\"name\":\"Home\",\"item\":\"https:\/\/1office.co\/portugal\/et\/\"},{\"@type\":\"ListItem\",\"position\":2,\"name\":\"Shop\",\"item\":\"https:\/\/1office.co\/portugal\/shop\/\"},{\"@type\":\"ListItem\",\"position\":3,\"name\":\"ELi kaubam\u00e4rgi registreerimine\"}]},{\"@type\":\"WebSite\",\"@id\":\"https:\/\/1office.co\/portugal\/#website\",\"url\":\"https:\/\/1office.co\/portugal\/\",\"name\":\"1Office Portugal\",\"description\":\"Making Business Simple\",\"potentialAction\":[{\"@type\":\"SearchAction\",\"target\":{\"@type\":\"EntryPoint\",\"urlTemplate\":\"https:\/\/1office.co\/portugal\/?s={search_term_string}\"},\"query-input\":{\"@type\":\"PropertyValueSpecification\",\"valueRequired\":true,\"valueName\":\"search_term_string\"}}],\"inLanguage\":\"et\"}]}<\/script>\n<!-- \/ Yoast SEO Premium plugin. -->","yoast_head_json":{"title":"ELi kaubam\u00e4rgi registreerimine - 1Office Portugal","description":"Kaitse oma br\u00e4ndi ja \u00e4ritegevusi ning registreeri kaubam\u00e4rk Euroopa Liidus.","robots":{"index":"noindex","follow":"follow","max-snippet":"max-snippet:-1","max-image-preview":"max-image-preview:large","max-video-preview":"max-video-preview:-1"},"og_locale":"et_EE","og_type":"article","og_title":"ELi kaubam\u00e4rgi registreerimine","og_description":"Kaitse oma br\u00e4ndi ja \u00e4ritegevusi ning registreeri kaubam\u00e4rk Euroopa Liidus.","og_url":"https:\/\/1office.co\/portugal\/et\/toode\/el-kaubamargi-registreerimine\/","og_site_name":"1Office Portugal","article_modified_time":"2021-05-31T11:22:16+00:00","og_image":[{"width":1600,"height":1050,"url":"https:\/\/1office.co\/portugal\/wp-content\/uploads\/sites\/17\/revslider\/the7-hero-scene-bottom-icons\/bg-slider-icons-bottom.jpg","type":"image\/jpeg"}],"twitter_card":"summary_large_image","twitter_misc":{"Est. reading time":"1 minut"},"schema":{"@context":"https:\/\/schema.org","@graph":[{"@type":"WebPage","@id":"https:\/\/1office.co\/portugal\/et\/toode\/el-kaubamargi-registreerimine\/","url":"https:\/\/1office.co\/portugal\/et\/toode\/el-kaubamargi-registreerimine\/","name":"ELi kaubam\u00e4rgi registreerimine - 1Office Portugal","isPartOf":{"@id":"https:\/\/1office.co\/portugal\/#website"},"primaryImageOfPage":{"@id":"https:\/\/1office.co\/portugal\/et\/toode\/el-kaubamargi-registreerimine\/#primaryimage"},"image":{"@id":"https:\/\/1office.co\/portugal\/et\/toode\/el-kaubamargi-registreerimine\/#primaryimage"},"thumbnailUrl":"https:\/\/1office.co\/portugal\/wp-content\/uploads\/sites\/17\/revslider\/the7-hero-scene-bottom-icons\/bg-slider-icons-bottom.jpg","datePublished":"2021-05-31T11:22:14+00:00","dateModified":"2021-05-31T11:22:16+00:00","description":"Kaitse oma br\u00e4ndi ja \u00e4ritegevusi ning registreeri kaubam\u00e4rk Euroopa Liidus.","breadcrumb":{"@id":"https:\/\/1office.co\/portugal\/et\/toode\/el-kaubamargi-registreerimine\/#breadcrumb"},"inLanguage":"et","potentialAction":[{"@type":"ReadAction","target":["https:\/\/1office.co\/portugal\/et\/toode\/el-kaubamargi-registreerimine\/"]}]},{"@type":"ImageObject","inLanguage":"et","@id":"https:\/\/1office.co\/portugal\/et\/toode\/el-kaubamargi-registreerimine\/#primaryimage","url":"https:\/\/1office.co\/portugal\/wp-content\/uploads\/sites\/17\/revslider\/the7-hero-scene-bottom-icons\/bg-slider-icons-bottom.jpg","contentUrl":"https:\/\/1office.co\/portugal\/wp-content\/uploads\/sites\/17\/revslider\/the7-hero-scene-bottom-icons\/bg-slider-icons-bottom.jpg","width":1600,"height":1050,"caption":"ELi kaubam\u00e4rgi registreerimine"},{"@type":"BreadcrumbList","@id":"https:\/\/1office.co\/portugal\/et\/toode\/el-kaubamargi-registreerimine\/#breadcrumb","itemListElement":[{"@type":"ListItem","position":1,"name":"Home","item":"https:\/\/1office.co\/portugal\/et\/"},{"@type":"ListItem","position":2,"name":"Shop","item":"https:\/\/1office.co\/portugal\/shop\/"},{"@type":"ListItem","position":3,"name":"ELi kaubam\u00e4rgi registreerimine"}]},{"@type":"WebSite","@id":"https:\/\/1office.co\/portugal\/#website","url":"https:\/\/1office.co\/portugal\/","name":"1Office Portugal","description":"Making Business Simple","potentialAction":[{"@type":"SearchAction","target":{"@type":"EntryPoint","urlTemplate":"https:\/\/1office.co\/portugal\/?s={search_term_string}"},"query-input":{"@type":"PropertyValueSpecification","valueRequired":true,"valueName":"search_term_string"}}],"inLanguage":"et"}]}},"_links":{"self":[{"href":"https:\/\/1office.co\/portugal\/et\/wp-json\/wp\/v2\/product\/58323","targetHints":{"allow":["GET"]}}],"collection":[{"href":"https:\/\/1office.co\/portugal\/et\/wp-json\/wp\/v2\/product"}],"about":[{"href":"https:\/\/1office.co\/portugal\/et\/wp-json\/wp\/v2\/types\/product"}],"wp:featuredmedia":[{"embeddable":true,"href":"https:\/\/1office.co\/portugal\/et\/wp-json\/wp\/v2\/media\/53299"}],"wp:attachment":[{"href":"https:\/\/1office.co\/portugal\/et\/wp-json\/wp\/v2\/media?parent=58323"}],"wp:term":[{"taxonomy":"product_brand","embeddable":true,"href":"https:\/\/1office.co\/portugal\/et\/wp-json\/wp\/v2\/product_brand?post=58323"},{"taxonomy":"product_cat","embeddable":true,"href":"https:\/\/1office.co\/portugal\/et\/wp-json\/wp\/v2\/product_cat?post=58323"},{"taxonomy":"product_tag","embeddable":true,"href":"https:\/\/1office.co\/portugal\/et\/wp-json\/wp\/v2\/product_tag?post=58323"}],"curies":[{"name":"wp","href":"https:\/\/api.w.org\/{rel}","templated":true}]}}