{"id":57773,"date":"2017-08-10T10:40:14","date_gmt":"2017-08-10T10:40:14","guid":{"rendered":"https:\/\/1office.co\/portugal\/product\/annual-report\/"},"modified":"2020-01-29T14:25:49","modified_gmt":"2020-01-29T14:25:49","slug":"annual-report","status":"publish","type":"product","link":"https:\/\/1office.co\/portugal\/lv\/product\/annual-report\/","title":{"rendered":"Gada p\u0101rskats"},"content":{"rendered":"<div class=\"wpb-content-wrapper\"><p>[vc_row][vc_column]<div id=\"advanced-tabs-desc-wrap-6640\" class=\"ult_tabs product_tabs\" style=\" \" data-tabsstyle=\"style1\"\n data-titlebg=\"#ffffff\" data-titlecolor=\"#b6b8ba\" data-fullheight=\"off\"\n data-titlehoverbg=\"#ffffff\" data-titlehovercolor=\"#1d1e23\"\n data-rotatetabs=\"0\" data-responsivemode=\"Both\" data-animation=\"Slide\"\ndata-activetitle=\"#1d1e23\" data-activeicon=\"\" data-activebg=\"#ffffff\"  data-respmode=\"Tabs\" data-respwidth=\"400\" data-scroll = \"on\" data-activeindex=\"1\"><ul id=advanced-tabs-wrap-8186 class=\"ult_tabmenu style1 \" style=\"\"><li class=\"ult_tab_li  \" data-iconcolor=\"#74777b\" data-iconhover=\"#ffffff\" style=\"background-color:#ffffff;border-color:transparent;border-width:0px;border-style:solid;border-top-left-radius:8px;\">\n\t\t\t\t\t<a href=\"#1512642751410-8cbfe-4c64\"  id=\"1512642751410-8cbfe-4c64\"  style=\"color:#b6b8ba;; padding:15px; \" class=\"ult_a  \">\n\t\t\t\t\t     <span class=\"ult_tab_main Both \">\n\t\t\t\t\t \t\t <span class=\"ult_tab_section\">\n\t\t\t\t\t   \t\t\t<span  data-ultimate-target='#advanced-tabs-wrap-8186 .ult-span-text'  data-responsive-json-new='{\"font-size\":\"desktop:14px;\",\"line-height\":\"\"}'  class=\"ult-span-text no_icon ult_tab_display_text ult-responsive\" style=\"font-weight:bold;;\">Apraksts<\/span>\n\t\t\t\t\t   \t\t<\/span>\n\t\t\t\t\t\t<\/span>\n\t\t\t\t\t<\/a>\n\t\t\t\t\t<\/li><li class=\"ult_tab_li  product-faq\" data-iconcolor=\"#74777b\" data-iconhover=\"#ffffff\" style=\"background-color:#ffffff;border-color:transparent;border-width:0px;border-style:solid;border-top-right-radius:8px;\">\n\t\t\t\t\t<a href=\"#1512642751435-8cbfe-4c64\"  id=\"1512642751435-8cbfe-4c64\"  style=\"color:#b6b8ba;; padding:15px; \" class=\"ult_a  \">\n\t\t\t\t\t     <span class=\"ult_tab_main Both \">\n\t\t\t\t\t \t\t <span class=\"ult_tab_section\">\n\t\t\t\t\t   \t\t\t<span  data-ultimate-target='#advanced-tabs-wrap-8186 .ult-span-text'  data-responsive-json-new='{\"font-size\":\"desktop:14px;\",\"line-height\":\"\"}'  class=\"ult-span-text no_icon ult_tab_display_text ult-responsive\" style=\"font-weight:bold;;\">BUJ<\/span>\n\t\t\t\t\t   \t\t<\/span>\n\t\t\t\t\t\t<\/span>\n\t\t\t\t\t<\/a>\n\t\t\t\t\t<\/li><\/ul><div  data-ultimate-target='#advanced-tabs-desc-wrap-6640 .ult_tabcontent .ult_tab_min_contain  p'  data-responsive-json-new='{\"font-size\":\"\",\"line-height\":\"\"}' class=\"ult_tabcontent ult-responsive style1\" style=\"color:#74777b;\"><div class=\"ult_tab_min_contain \" >\n\t\t\t<div  class=\"ult_tabitemname\"  >\n\t\t\t\t[vc_column_text]Gada p\u0101rskata iesnieg\u0161ana ir oblig\u0101ta vis\u0101m Lietuv\u0101 re\u0123istr\u0113taj\u0101m sabiedr\u012bb\u0101m, pat ja uz\u0146\u0113mumam finan\u0161u gada laik\u0101 nav veiktas nek\u0101das darb\u012bbas. Tas j\u0101apstiprina ikgad\u0113j\u0101 akcion\u0101ru sapulc\u0113 4 m\u0113ne\u0161u laik\u0101 no uz\u0146\u0113muma finan\u0161u gada beig\u0101m, un tas ir j\u0101iesniedz Re\u0123istra centr\u0101 30 dienu laik\u0101 p\u0113c notiku\u0161\u0101s kopsapulces.<\/p>\n<p>Pirms gada p\u0101rskata sast\u0101d\u012b\u0161anas j\u0101veic piln\u012bga ikm\u0113ne\u0161u gr\u0101matved\u012bba.<\/p>\n<p><strong>Gada p\u0101rskata pakalpojuma cen\u0101 iek\u013cauts:<\/strong><br \/>\n\u2022 Vad\u012bbas zi\u0146ojums<br \/>\n\u2022 Bilance<br \/>\n\u2022 Ien\u0101kumu p\u0101rskats<br \/>\n\u2022 Naudas pl\u016bsmas p\u0101rskats<br \/>\n\u2022 Izmai\u0146as pa\u0161u kapit\u0101l\u0101<br \/>\n\u2022 Finan\u0161u p\u0101rskatu piez\u012bmju veik\u0161ana<br \/>\n\u2022 Zi\u0146ojuma iesnieg\u0161ana Valsts uz\u0146\u0113mumu re\u0123istru centram<br \/>\n\u2022 Uz\u0146\u0113mumu ien\u0101kuma nodok\u013ca deklar\u0101cija<br \/>\n\u2022 Deklar\u0101cijas iesnieg\u0161ana Valsts nodok\u013cu inspekcijai<\/p>\n<p>Ja finan\u0161u gada p\u0101rskats nav veikts (vai ar\u012b tas veikts nepiln\u012bgi), tiek piem\u0113rota papildus maksa par veicamo darbu, kuras apr\u0113\u0137ina pamat\u0101 ir gr\u0101matve\u017ea pat\u0113r\u0113tais darba laiks. Prec\u012bzs gada p\u0101rskata saturs un citas veicam\u0101 darba deta\u013cas ir atkar\u012bgas no uz\u0146\u0113muma lieluma un darb\u012bbas.<\/p>\n<p><strong>Procesa pl\u016bsma:<\/strong><br \/>\n\u2022 Ja J\u016bsu uz\u0146\u0113muma gr\u0101matved\u012bba nav veikta izmantojot 1Office pakalpojumus, Jums nepiecie\u0161ams mums ats\u016bt\u012bt dokumentus (bankas izrakstus, pirkumu un p\u0101rdo\u0161anas r\u0113\u0137inus), lai m\u0113s var\u0113tu sagatavot pakalpojuma pied\u0101v\u0101jumu<br \/>\n\u2022 M\u0113s vienojamaies par nepiecie\u0161am\u0101 darba apjomu un pakalpojuma gala cenu<br \/>\n\u2022 M\u0113s izskat\u0101m dokumentus, apkopojam gada p\u0101rskata inform\u0101ciju un nos\u016bt\u0101m to Jums<br \/>\n\u2022 Jums j\u0101iesniedz gada p\u0101rskats Re\u0123istru centr\u0101. Ja iecelsiet m\u016bs par J\u016bsu ofici\u0101lo gr\u0101matvedi darb\u012bbu veik\u0161anai J\u016bsu v\u0101rd\u0101, m\u0113s varam to izdar\u012bt J\u016bsu viet\u0101. Nepiecie\u0161am\u012bbas gad\u012bjum\u0101 par papildus samaksu varam p\u0101rst\u0101v\u0113t J\u016bs un veikt nepiecie\u0161am\u0101s darb\u012bbas uz pilnvaras pamata.[\/vc_column_text]\n\t\t\t<\/div>\n\t\t\t<div  class=\"ult_tabitemname\"  >\n\t\t\t\t[vc_toggle title=&#8221;1. Kam ir pien\u0101kums iesniegt gada p\u0101rskatu?&#8221; style=&#8221;arrow&#8221; custom_font_container=&#8221;tag:h5|text_align:left|color:%230c0c0c&#8221; custom_use_theme_fonts=&#8221;yes&#8221; use_custom_heading=&#8221;true&#8221;]Gada p\u0101rskats j\u0101iesniedz uz\u0146\u0113muma direktoram\/-ei, galvenajam gr\u0101matvedim vai k\u0101dai citai pilnvarotai personai. K\u0101 j\u016bsu ofici\u0101lais gr\u0101matvedis, kas re\u0123istr\u0113ts Nodok\u013cu biroj\u0101, m\u0113s to dar\u012bsim J\u016bsu viet\u0101.[\/vc_toggle][vc_toggle title=&#8221;2. Kas notiek, ja gada p\u0101rskats netiek iesniegts?&#8221; style=&#8221;arrow&#8221; custom_font_container=&#8221;tag:h5|text_align:left|color:%230c0c0c&#8221; custom_use_theme_fonts=&#8221;yes&#8221; use_custom_heading=&#8221;true&#8221;]Neiesniedziet ikgad\u0113j\u0101 zi\u0146ojumu, var tikt piem\u0113rots naudas sods. J\u016bsu uz\u0146\u0113mums var tikt ar\u012b dz\u0113sts.[\/vc_toggle]\n\t\t\t<\/div><\/div><\/div><\/div><div class=\"ult_acord advanced-tabs-desc-wrap-6640\">\n   <div class=\"ult-tabto-accordion \" style=\"width:;\"\n    data-titlecolor=\"#b6b8ba\"  data-titlebg=\"#ffffff\"\n     data-titlehoverbg=\"#ffffff\" data-titlehovercolor=\"#1d1e23\" data-animation=\"Slide\"\n     data-activetitle=\"#1d1e23\" data-activeicon=\"\" data-activebg=\"#ffffff\" data-scroll = \"on\" data-activeindex=\"1\" >\n     <dl><dt class=\"\">\n\t        \t<a class=\"ult-tabto-actitle withBorder ult_a \" id=\"1512642751410-8cbfe-4c64\" style=\"color:#b6b8ba;;background-color:#ffffff;border-bottom-color:transparent;border-bottom-width:0px;border-bottom-style:solid;\" href=\"#1512642751410-8cbfe-4c64\">\n\t        \t\t<i class=\"accordion-icon\"><\/i>\n\t        \t\t\t<span class=\"ult_tab_main ult_ac_main ult_noacordicnBoth\">\n\n\t\t\t\t\t\t<span  data-ultimate-target='#advanced-tabs-wrap-8186 .ult-span-text'  data-responsive-json-new='{\"font-size\":\"desktop:14px;\",\"line-height\":\"\"}'  class=\"ult-span-text no_icon ult_acordian-text ult-responsive\" style=\"font-weight:bold;;color:inherit \" >Apraksts<\/span>\n\t\t\t\t\t\t<\/span><\/a><\/dt>\n\t            \t\t<dd class=\"ult-tabto-accordionItem ult-tabto-accolapsed\">\n\t\t\t\t            <div class=\"ult-tabto-acontent\" style=\"color:#74777b;\">\n\t\t\t\t               [vc_column_text]Gada p\u0101rskata iesnieg\u0161ana ir oblig\u0101ta vis\u0101m Lietuv\u0101 re\u0123istr\u0113taj\u0101m sabiedr\u012bb\u0101m, pat ja uz\u0146\u0113mumam finan\u0161u gada laik\u0101 nav veiktas nek\u0101das darb\u012bbas. Tas j\u0101apstiprina ikgad\u0113j\u0101 akcion\u0101ru sapulc\u0113 4 m\u0113ne\u0161u laik\u0101 no uz\u0146\u0113muma finan\u0161u gada beig\u0101m, un tas ir j\u0101iesniedz Re\u0123istra centr\u0101 30 dienu laik\u0101 p\u0113c notiku\u0161\u0101s kopsapulces.<\/p>\n<p>Pirms gada p\u0101rskata sast\u0101d\u012b\u0161anas j\u0101veic piln\u012bga ikm\u0113ne\u0161u gr\u0101matved\u012bba.<\/p>\n<p><strong>Gada p\u0101rskata pakalpojuma cen\u0101 iek\u013cauts:<\/strong><br \/>\n\u2022 Vad\u012bbas zi\u0146ojums<br \/>\n\u2022 Bilance<br \/>\n\u2022 Ien\u0101kumu p\u0101rskats<br \/>\n\u2022 Naudas pl\u016bsmas p\u0101rskats<br \/>\n\u2022 Izmai\u0146as pa\u0161u kapit\u0101l\u0101<br \/>\n\u2022 Finan\u0161u p\u0101rskatu piez\u012bmju veik\u0161ana<br \/>\n\u2022 Zi\u0146ojuma iesnieg\u0161ana Valsts uz\u0146\u0113mumu re\u0123istru centram<br \/>\n\u2022 Uz\u0146\u0113mumu ien\u0101kuma nodok\u013ca deklar\u0101cija<br \/>\n\u2022 Deklar\u0101cijas iesnieg\u0161ana Valsts nodok\u013cu inspekcijai<\/p>\n<p>Ja finan\u0161u gada p\u0101rskats nav veikts (vai ar\u012b tas veikts nepiln\u012bgi), tiek piem\u0113rota papildus maksa par veicamo darbu, kuras apr\u0113\u0137ina pamat\u0101 ir gr\u0101matve\u017ea pat\u0113r\u0113tais darba laiks. Prec\u012bzs gada p\u0101rskata saturs un citas veicam\u0101 darba deta\u013cas ir atkar\u012bgas no uz\u0146\u0113muma lieluma un darb\u012bbas.<\/p>\n<p><strong>Procesa pl\u016bsma:<\/strong><br \/>\n\u2022 Ja J\u016bsu uz\u0146\u0113muma gr\u0101matved\u012bba nav veikta izmantojot 1Office pakalpojumus, Jums nepiecie\u0161ams mums ats\u016bt\u012bt dokumentus (bankas izrakstus, pirkumu un p\u0101rdo\u0161anas r\u0113\u0137inus), lai m\u0113s var\u0113tu sagatavot pakalpojuma pied\u0101v\u0101jumu<br \/>\n\u2022 M\u0113s vienojamaies par nepiecie\u0161am\u0101 darba apjomu un pakalpojuma gala cenu<br \/>\n\u2022 M\u0113s izskat\u0101m dokumentus, apkopojam gada p\u0101rskata inform\u0101ciju un nos\u016bt\u0101m to Jums<br \/>\n\u2022 Jums j\u0101iesniedz gada p\u0101rskats Re\u0123istru centr\u0101. Ja iecelsiet m\u016bs par J\u016bsu ofici\u0101lo gr\u0101matvedi darb\u012bbu veik\u0161anai J\u016bsu v\u0101rd\u0101, m\u0113s varam to izdar\u012bt J\u016bsu viet\u0101. Nepiecie\u0161am\u012bbas gad\u012bjum\u0101 par papildus samaksu varam p\u0101rst\u0101v\u0113t J\u016bs un veikt nepiecie\u0161am\u0101s darb\u012bbas uz pilnvaras pamata.[\/vc_column_text]\n\t\t\t\t            <\/div>\n\t        \t\t\t<\/dd><dt class=\"product-faq\">\n\t        \t<a class=\"ult-tabto-actitle withBorder ult_a \" id=\"1512642751435-8cbfe-4c64\" style=\"color:#b6b8ba;;background-color:#ffffff;border-bottom-color:transparent;border-bottom-width:0px;border-bottom-style:solid;border-bottom-color:transparent;border-bottom-width:0px;border-bottom-style:solid;\" href=\"#1512642751435-8cbfe-4c64\">\n\t        \t\t<i class=\"accordion-icon\"><\/i>\n\t        \t\t\t<span class=\"ult_tab_main ult_ac_main ult_noacordicnBoth\">\n\n\t\t\t\t\t\t<span  data-ultimate-target='#advanced-tabs-wrap-8186 .ult-span-text'  data-responsive-json-new='{\"font-size\":\"desktop:14px;\",\"line-height\":\"\"}'  class=\"ult-span-text no_icon ult_acordian-text ult-responsive\" style=\"font-weight:bold;;color:inherit \" >BUJ<\/span>\n\t\t\t\t\t\t<\/span><\/a><\/dt>\n\t            \t\t<dd class=\"ult-tabto-accordionItem ult-tabto-accolapsed\">\n\t\t\t\t            <div class=\"ult-tabto-acontent\" style=\"color:#74777b;\">\n\t\t\t\t               [vc_toggle title=&#8221;1. Kam ir pien\u0101kums iesniegt gada p\u0101rskatu?&#8221; style=&#8221;arrow&#8221; custom_font_container=&#8221;tag:h5|text_align:left|color:%230c0c0c&#8221; custom_use_theme_fonts=&#8221;yes&#8221; use_custom_heading=&#8221;true&#8221;]Gada p\u0101rskats j\u0101iesniedz uz\u0146\u0113muma direktoram\/-ei, galvenajam gr\u0101matvedim vai k\u0101dai citai pilnvarotai personai. K\u0101 j\u016bsu ofici\u0101lais gr\u0101matvedis, kas re\u0123istr\u0113ts Nodok\u013cu biroj\u0101, m\u0113s to dar\u012bsim J\u016bsu viet\u0101.[\/vc_toggle][vc_toggle title=&#8221;2. Kas notiek, ja gada p\u0101rskats netiek iesniegts?&#8221; style=&#8221;arrow&#8221; custom_font_container=&#8221;tag:h5|text_align:left|color:%230c0c0c&#8221; custom_use_theme_fonts=&#8221;yes&#8221; use_custom_heading=&#8221;true&#8221;]Neiesniedziet ikgad\u0113j\u0101 zi\u0146ojumu, var tikt piem\u0113rots naudas sods. J\u016bsu uz\u0146\u0113mums var tikt ar\u012b dz\u0113sts.[\/vc_toggle]\n\t\t\t\t            <\/div>\n\t        \t\t\t<\/dd>\n    \t<\/dl>\n    <!--<div class=\"extraborder\" style=\"background-color:#ffffff\"><\/div>-->\n<\/div>\n\n<\/div>[\/vc_column][\/vc_row]<\/p>\n<\/div>","protected":false},"excerpt":{"rendered":"<p>Katram Lietuv\u0101 re\u0123istr\u0113tam uz\u0146\u0113mumam ir j\u0101iesniedz gada p\u0101rskats Lietuvas Re\u0123istru centram. Tas j\u0101sagatavo lietuvie\u0161u valod\u0101 un Lietuv\u0101 ofici\u0101li izmantotaj\u0101 val\u016bt\u0101 (EUR).<\/p>\n","protected":false},"featured_media":57439,"template":"","meta":{"_acf_changed":false,"inline_featured_image":false},"product_brand":[],"product_cat":[351],"product_tag":[352],"class_list":{"0":"post-57773","1":"product","2":"type-product","3":"status-publish","4":"has-post-thumbnail","6":"product_cat-accounting-lv","7":"product_tag-lithuania-lv","8":"description-off","10":"first","11":"instock","12":"virtual","13":"taxable","14":"purchasable","15":"product-type-simple"},"bundled_by":[],"bundle_stock_status":"instock","bundle_stock_quantity":null,"bundle_virtual":false,"bundle_layout":"","bundle_add_to_cart_form_location":"","bundle_editable_in_cart":false,"bundle_sold_individually_context":"","bundle_item_grouping":"","bundle_min_size":"","bundle_max_size":"","bundle_price":[],"bundled_items":[],"bundle_sell_ids":[],"acf":[],"yoast_head":"<!-- This site is optimized with the Yoast SEO Premium plugin v22.1 (Yoast SEO v27.0) - https:\/\/yoast.com\/product\/yoast-seo-premium-wordpress\/ -->\n<title>Gada p\u0101rskats - 1Office Portugal<\/title>\n<meta name=\"description\" content=\"Every company registered in Portugal has to submit annual report to the Portugaln Center of Registers. It has to be prepared in Portugaln and in the currency officially applicable in Portugal (EUR).\" \/>\n<meta name=\"robots\" content=\"noindex, follow, max-snippet:-1, max-image-preview:large, max-video-preview:-1\" \/>\n<meta property=\"og:locale\" content=\"lv_LV\" \/>\n<meta property=\"og:type\" content=\"article\" \/>\n<meta property=\"og:title\" content=\"Gada p\u0101rskats\" \/>\n<meta property=\"og:description\" content=\"Every company registered in Portugal has to submit annual report to the Portugaln Center of Registers. It has to be prepared in Portugaln and in the currency officially applicable in Portugal (EUR).\" \/>\n<meta property=\"og:url\" content=\"https:\/\/1office.co\/portugal\/lv\/product\/annual-report\/\" \/>\n<meta property=\"og:site_name\" content=\"1Office Portugal\" \/>\n<meta property=\"article:modified_time\" content=\"2020-01-29T14:25:49+00:00\" \/>\n<meta property=\"og:image\" content=\"https:\/\/1office.co\/portugal\/wp-content\/uploads\/sites\/17\/2017\/08\/pexels-photo-442574.jpeg\" \/>\n\t<meta property=\"og:image:width\" content=\"1920\" \/>\n\t<meta property=\"og:image:height\" content=\"1280\" \/>\n\t<meta property=\"og:image:type\" content=\"image\/jpeg\" \/>\n<meta name=\"twitter:card\" content=\"summary_large_image\" \/>\n<meta name=\"twitter:label1\" content=\"Est. reading time\" \/>\n\t<meta name=\"twitter:data1\" content=\"3 minutes\" \/>\n<script type=\"application\/ld+json\" class=\"yoast-schema-graph\">{\"@context\":\"https:\/\/schema.org\",\"@graph\":[{\"@type\":\"WebPage\",\"@id\":\"https:\/\/1office.co\/portugal\/lv\/product\/annual-report\/\",\"url\":\"https:\/\/1office.co\/portugal\/lv\/product\/annual-report\/\",\"name\":\"Gada p\u0101rskats - 1Office Portugal\",\"isPartOf\":{\"@id\":\"https:\/\/1office.co\/portugal\/#website\"},\"primaryImageOfPage\":{\"@id\":\"https:\/\/1office.co\/portugal\/lv\/product\/annual-report\/#primaryimage\"},\"image\":{\"@id\":\"https:\/\/1office.co\/portugal\/lv\/product\/annual-report\/#primaryimage\"},\"thumbnailUrl\":\"https:\/\/1office.co\/portugal\/wp-content\/uploads\/sites\/17\/2017\/08\/pexels-photo-442574.jpeg\",\"datePublished\":\"2017-08-10T10:40:14+00:00\",\"dateModified\":\"2020-01-29T14:25:49+00:00\",\"description\":\"Every company registered in Portugal has to submit annual report to the Portugaln Center of Registers. It has to be prepared in Portugaln and in the currency officially applicable in Portugal (EUR).\",\"breadcrumb\":{\"@id\":\"https:\/\/1office.co\/portugal\/lv\/product\/annual-report\/#breadcrumb\"},\"inLanguage\":\"lv-LV\",\"potentialAction\":[{\"@type\":\"ReadAction\",\"target\":[\"https:\/\/1office.co\/portugal\/lv\/product\/annual-report\/\"]}]},{\"@type\":\"ImageObject\",\"inLanguage\":\"lv-LV\",\"@id\":\"https:\/\/1office.co\/portugal\/lv\/product\/annual-report\/#primaryimage\",\"url\":\"https:\/\/1office.co\/portugal\/wp-content\/uploads\/sites\/17\/2017\/08\/pexels-photo-442574.jpeg\",\"contentUrl\":\"https:\/\/1office.co\/portugal\/wp-content\/uploads\/sites\/17\/2017\/08\/pexels-photo-442574.jpeg\",\"width\":1920,\"height\":1280},{\"@type\":\"BreadcrumbList\",\"@id\":\"https:\/\/1office.co\/portugal\/lv\/product\/annual-report\/#breadcrumb\",\"itemListElement\":[{\"@type\":\"ListItem\",\"position\":1,\"name\":\"Home\",\"item\":\"https:\/\/1office.co\/portugal\/lv\/\"},{\"@type\":\"ListItem\",\"position\":2,\"name\":\"Shop\",\"item\":\"https:\/\/1office.co\/portugal\/shop\/\"},{\"@type\":\"ListItem\",\"position\":3,\"name\":\"Gada p\u0101rskats\"}]},{\"@type\":\"WebSite\",\"@id\":\"https:\/\/1office.co\/portugal\/#website\",\"url\":\"https:\/\/1office.co\/portugal\/\",\"name\":\"1Office Portugal\",\"description\":\"Making Business Simple\",\"potentialAction\":[{\"@type\":\"SearchAction\",\"target\":{\"@type\":\"EntryPoint\",\"urlTemplate\":\"https:\/\/1office.co\/portugal\/?s={search_term_string}\"},\"query-input\":{\"@type\":\"PropertyValueSpecification\",\"valueRequired\":true,\"valueName\":\"search_term_string\"}}],\"inLanguage\":\"lv-LV\"}]}<\/script>\n<!-- \/ Yoast SEO Premium plugin. -->","yoast_head_json":{"title":"Gada p\u0101rskats - 1Office Portugal","description":"Every company registered in Portugal has to submit annual report to the Portugaln Center of Registers. It has to be prepared in Portugaln and in the currency officially applicable in Portugal (EUR).","robots":{"index":"noindex","follow":"follow","max-snippet":"max-snippet:-1","max-image-preview":"max-image-preview:large","max-video-preview":"max-video-preview:-1"},"og_locale":"lv_LV","og_type":"article","og_title":"Gada p\u0101rskats","og_description":"Every company registered in Portugal has to submit annual report to the Portugaln Center of Registers. It has to be prepared in Portugaln and in the currency officially applicable in Portugal (EUR).","og_url":"https:\/\/1office.co\/portugal\/lv\/product\/annual-report\/","og_site_name":"1Office Portugal","article_modified_time":"2020-01-29T14:25:49+00:00","og_image":[{"width":1920,"height":1280,"url":"https:\/\/1office.co\/portugal\/wp-content\/uploads\/sites\/17\/2017\/08\/pexels-photo-442574.jpeg","type":"image\/jpeg"}],"twitter_card":"summary_large_image","twitter_misc":{"Est. reading time":"3 minutes"},"schema":{"@context":"https:\/\/schema.org","@graph":[{"@type":"WebPage","@id":"https:\/\/1office.co\/portugal\/lv\/product\/annual-report\/","url":"https:\/\/1office.co\/portugal\/lv\/product\/annual-report\/","name":"Gada p\u0101rskats - 1Office Portugal","isPartOf":{"@id":"https:\/\/1office.co\/portugal\/#website"},"primaryImageOfPage":{"@id":"https:\/\/1office.co\/portugal\/lv\/product\/annual-report\/#primaryimage"},"image":{"@id":"https:\/\/1office.co\/portugal\/lv\/product\/annual-report\/#primaryimage"},"thumbnailUrl":"https:\/\/1office.co\/portugal\/wp-content\/uploads\/sites\/17\/2017\/08\/pexels-photo-442574.jpeg","datePublished":"2017-08-10T10:40:14+00:00","dateModified":"2020-01-29T14:25:49+00:00","description":"Every company registered in Portugal has to submit annual report to the Portugaln Center of Registers. It has to be prepared in Portugaln and in the currency officially applicable in Portugal (EUR).","breadcrumb":{"@id":"https:\/\/1office.co\/portugal\/lv\/product\/annual-report\/#breadcrumb"},"inLanguage":"lv-LV","potentialAction":[{"@type":"ReadAction","target":["https:\/\/1office.co\/portugal\/lv\/product\/annual-report\/"]}]},{"@type":"ImageObject","inLanguage":"lv-LV","@id":"https:\/\/1office.co\/portugal\/lv\/product\/annual-report\/#primaryimage","url":"https:\/\/1office.co\/portugal\/wp-content\/uploads\/sites\/17\/2017\/08\/pexels-photo-442574.jpeg","contentUrl":"https:\/\/1office.co\/portugal\/wp-content\/uploads\/sites\/17\/2017\/08\/pexels-photo-442574.jpeg","width":1920,"height":1280},{"@type":"BreadcrumbList","@id":"https:\/\/1office.co\/portugal\/lv\/product\/annual-report\/#breadcrumb","itemListElement":[{"@type":"ListItem","position":1,"name":"Home","item":"https:\/\/1office.co\/portugal\/lv\/"},{"@type":"ListItem","position":2,"name":"Shop","item":"https:\/\/1office.co\/portugal\/shop\/"},{"@type":"ListItem","position":3,"name":"Gada p\u0101rskats"}]},{"@type":"WebSite","@id":"https:\/\/1office.co\/portugal\/#website","url":"https:\/\/1office.co\/portugal\/","name":"1Office Portugal","description":"Making Business Simple","potentialAction":[{"@type":"SearchAction","target":{"@type":"EntryPoint","urlTemplate":"https:\/\/1office.co\/portugal\/?s={search_term_string}"},"query-input":{"@type":"PropertyValueSpecification","valueRequired":true,"valueName":"search_term_string"}}],"inLanguage":"lv-LV"}]}},"_links":{"self":[{"href":"https:\/\/1office.co\/portugal\/lv\/wp-json\/wp\/v2\/product\/57773","targetHints":{"allow":["GET"]}}],"collection":[{"href":"https:\/\/1office.co\/portugal\/lv\/wp-json\/wp\/v2\/product"}],"about":[{"href":"https:\/\/1office.co\/portugal\/lv\/wp-json\/wp\/v2\/types\/product"}],"wp:featuredmedia":[{"embeddable":true,"href":"https:\/\/1office.co\/portugal\/lv\/wp-json\/wp\/v2\/media\/57439"}],"wp:attachment":[{"href":"https:\/\/1office.co\/portugal\/lv\/wp-json\/wp\/v2\/media?parent=57773"}],"wp:term":[{"taxonomy":"product_brand","embeddable":true,"href":"https:\/\/1office.co\/portugal\/lv\/wp-json\/wp\/v2\/product_brand?post=57773"},{"taxonomy":"product_cat","embeddable":true,"href":"https:\/\/1office.co\/portugal\/lv\/wp-json\/wp\/v2\/product_cat?post=57773"},{"taxonomy":"product_tag","embeddable":true,"href":"https:\/\/1office.co\/portugal\/lv\/wp-json\/wp\/v2\/product_tag?post=57773"}],"curies":[{"name":"wp","href":"https:\/\/api.w.org\/{rel}","templated":true}]}}