{"id":57775,"date":"2017-12-13T11:39:59","date_gmt":"2017-12-13T11:39:59","guid":{"rendered":"https:\/\/1office.co\/portugal\/product\/vat-registration\/"},"modified":"2018-09-14T11:15:26","modified_gmt":"2018-09-14T11:15:26","slug":"vat-registration","status":"publish","type":"product","link":"https:\/\/1office.co\/portugal\/lv\/product\/vat-registration\/","title":{"rendered":"PVN re\u0123istr\u0101cija"},"content":{"rendered":"<div class=\"wpb-content-wrapper\"><p>[vc_row][vc_column]<div id=\"advanced-tabs-desc-wrap-3660\" class=\"ult_tabs product_tabs\" style=\" \" data-tabsstyle=\"style1\"\n data-titlebg=\"#ffffff\" data-titlecolor=\"#b6b8ba\" data-fullheight=\"off\"\n data-titlehoverbg=\"#ffffff\" data-titlehovercolor=\"#1d1e23\"\n data-rotatetabs=\"0\" data-responsivemode=\"Both\" data-animation=\"Slide\"\ndata-activetitle=\"#1d1e23\" data-activeicon=\"\" data-activebg=\"#ffffff\"  data-respmode=\"Tabs\" data-respwidth=\"400\" data-scroll = \"on\" data-activeindex=\"1\"><ul id=advanced-tabs-wrap-5756 class=\"ult_tabmenu style1 \" style=\"\"><li class=\"ult_tab_li  \" data-iconcolor=\"#74777b\" data-iconhover=\"#ffffff\" style=\"background-color:#ffffff;border-color:transparent;border-width:0px;border-style:solid;border-top-left-radius:8px;\">\n\t\t\t\t\t<a href=\"#1512642751410-8cd24-3a01\"  id=\"1512642751410-8cd24-3a01\"  style=\"color:#b6b8ba;; padding:15px; \" class=\"ult_a  \">\n\t\t\t\t\t     <span class=\"ult_tab_main Both \">\n\t\t\t\t\t \t\t <span class=\"ult_tab_section\">\n\t\t\t\t\t   \t\t\t<span  data-ultimate-target='#advanced-tabs-wrap-5756 .ult-span-text'  data-responsive-json-new='{\"font-size\":\"desktop:14px;\",\"line-height\":\"\"}'  class=\"ult-span-text no_icon ult_tab_display_text ult-responsive\" style=\"font-weight:bold;;\">Apraksts<\/span>\n\t\t\t\t\t   \t\t<\/span>\n\t\t\t\t\t\t<\/span>\n\t\t\t\t\t<\/a>\n\t\t\t\t\t<\/li><li class=\"ult_tab_li  product-faq\" data-iconcolor=\"#74777b\" data-iconhover=\"#ffffff\" style=\"background-color:#ffffff;border-color:transparent;border-width:0px;border-style:solid;border-top-right-radius:8px;\">\n\t\t\t\t\t<a href=\"#1512642751435-8cd24-3a01\"  id=\"1512642751435-8cd24-3a01\"  style=\"color:#b6b8ba;; padding:15px; \" class=\"ult_a  \">\n\t\t\t\t\t     <span class=\"ult_tab_main Both \">\n\t\t\t\t\t \t\t <span class=\"ult_tab_section\">\n\t\t\t\t\t   \t\t\t<span  data-ultimate-target='#advanced-tabs-wrap-5756 .ult-span-text'  data-responsive-json-new='{\"font-size\":\"desktop:14px;\",\"line-height\":\"\"}'  class=\"ult-span-text no_icon ult_tab_display_text ult-responsive\" style=\"font-weight:bold;;\">BUJ<\/span>\n\t\t\t\t\t   \t\t<\/span>\n\t\t\t\t\t\t<\/span>\n\t\t\t\t\t<\/a>\n\t\t\t\t\t<\/li><\/ul><div  data-ultimate-target='#advanced-tabs-desc-wrap-3660 .ult_tabcontent .ult_tab_min_contain  p'  data-responsive-json-new='{\"font-size\":\"\",\"line-height\":\"\"}' class=\"ult_tabcontent ult-responsive style1\" style=\"color:#74777b;\"><div class=\"ult_tab_min_contain \" >\n\t\t\t<div  class=\"ult_tabitemname\"  >\n\t\t\t\t[vc_column_text]Nerezidentu vad\u012btiem uz\u0146\u0113mumiem PVN numura ieg\u016b\u0161ana Lietuv\u0101 ir sare\u017e\u0123\u012bts process. Lai pieteiktos PVN maks\u0101t\u0101ja numuram, J\u016bsu uz\u0146\u0113muma gramatvedim j\u0101b\u016bt re\u0123istr\u0113tam Valsts nodok\u013cu inspekcij\u0101 un ar ties\u012bb\u0101m iesniegt dokumentus nodok\u013cu inspekcijai.<\/p>\n<p><strong>J\u016bsu uz\u0146\u0113mumam j\u0101b\u016bt gatavam sniegt \u0161\u0101du inform\u0101ciju:<\/strong><br \/>\n\u2022 Galven\u0101 uz\u0146\u0113m\u0113jdarb\u012bba izcelsmes valst\u012b<br \/>\n\u2022 Paredzam\u0101 uz\u0146\u0113m\u0113jdarb\u012bba Lietuv\u0101<br \/>\n\u2022 L\u012bgumi, kas saist\u012bti ar uz\u0146\u0113m\u0113jdarb\u012bbu Lietuv\u0101<br \/>\n\u2022 Vai uz\u0146\u0113muma da\u013cu \u012bpa\u0146iekiem ir k\u0101di citi uz\u0146\u0113mumi vai apvien\u012bbas Lietuv\u0101?<\/p>\n<p><strong>Pakalpojuma cen\u0101 iek\u013cauts:<\/strong><br \/>\n\u2022 PVN pieteikuma sagatavo\u0161ana<br \/>\n\u2022 Pieteikuma iesnieg\u0161nai Valsts nodok\u013cu inspekcijai<br \/>\n\u2022 Atbil\u017eu snieg\u0161na uz iesp\u0113jamiem Valsts nodok\u013cu inspekcijas papildus jaut\u0101jumiem *<\/p>\n<p>NB! L\u016bdzu, \u0146emiet v\u0113r\u0101, ka k\u0101 PVN maks\u0101t\u0101jam Jums ir j\u0101iesniedz ikm\u0113ne\u0161a deklar\u0101cijas, pat ja J\u016bsu uz\u0146\u0113mums attiec\u012bgaj\u0101 period\u0101 nav veicis nek\u0101das darb\u012bbas.<\/p>\n<p>* Pakalpojuma cen\u0101 ietilpst vienreiz\u0113ja atbil\u017eu snieg\u0161ana uz Valsts nodok\u013cu inspekcijas izvirz\u012btajiem jaut\u0101jumiem. Ja pieteikums tiek noraid\u012bts vai no Valsts nodok\u013cu inspekcijas tiek l\u016bgti vair\u0101k jaut\u0101jumu, tiek piem\u0113rota papildu maksa 50 \u20ac apm\u0113r\u0101.[\/vc_column_text]\n\t\t\t<\/div>\n\t\t\t<div  class=\"ult_tabitemname\"  >\n\t\t\t\t[vc_toggle title=&#8221;1) Vai ir iesp\u0113jams re\u0123istr\u0113ties PVN maks\u0101t\u0101ja numura sa\u0146em\u0161anai, pirms uz\u0146\u0113mums ir sasniedzis noteikto apgroz\u012bjuma apjoma slieksni?&#8221; style=&#8221;arrow&#8221; custom_font_container=&#8221;tag:h5|text_align:left&#8221; custom_use_theme_fonts=&#8221;yes&#8221; use_custom_heading=&#8221;true&#8221;]J\u0101, tas ir iesp\u0113jams. Ja v\u0113laties sa\u0146emt PVN numuru pirms noteikt\u0101 sliek\u0161\u0146a sasnieg\u0161anas, esiet gatavi atbild\u0113t uz Valsts nodok\u013cu inspekcijas izvirz\u012btajiem jaut\u0101jumiem un pier\u0101d\u012bt, ka esat iesaist\u012bts uz\u0146\u0113m\u0113jdarb\u012bb\u0101 Lietuv\u0101 un Jums ir nosl\u0113gti sadarb\u012bbas l\u012bgumi.[\/vc_toggle][vc_toggle title=&#8221; 2) K\u0101di ir m\u0113ne\u0161a deklar\u0101ciju iesnieg\u0161anas termi\u0146i?&#8221; style=&#8221;arrow&#8221; custom_font_container=&#8221;tag:h5|text_align:left&#8221; custom_use_theme_fonts=&#8221;yes&#8221; use_custom_heading=&#8221;true&#8221;]Algas un nodok\u013cu deklar\u0101cijas j\u0101iesniedz l\u012bdz n\u0101kam\u0101 m\u0113ne\u0161a 15. datumam. PVN r\u0113\u0137inu re\u0123istrs j\u0101iesniedz l\u012bdz 20. datumam un PVN deklar\u0101cija l\u012bdz n\u0101kam\u0101 m\u0113ne\u0161a 25. datumam.[\/vc_toggle]\n\t\t\t<\/div><\/div><\/div><\/div><div class=\"ult_acord advanced-tabs-desc-wrap-3660\">\n   <div class=\"ult-tabto-accordion \" style=\"width:;\"\n    data-titlecolor=\"#b6b8ba\"  data-titlebg=\"#ffffff\"\n     data-titlehoverbg=\"#ffffff\" data-titlehovercolor=\"#1d1e23\" data-animation=\"Slide\"\n     data-activetitle=\"#1d1e23\" data-activeicon=\"\" data-activebg=\"#ffffff\" data-scroll = \"on\" data-activeindex=\"1\" >\n     <dl><dt class=\"\">\n\t        \t<a class=\"ult-tabto-actitle withBorder ult_a \" id=\"1512642751410-8cd24-3a01\" style=\"color:#b6b8ba;;background-color:#ffffff;border-bottom-color:transparent;border-bottom-width:0px;border-bottom-style:solid;\" href=\"#1512642751410-8cd24-3a01\">\n\t        \t\t<i class=\"accordion-icon\"><\/i>\n\t        \t\t\t<span class=\"ult_tab_main ult_ac_main ult_noacordicnBoth\">\n\n\t\t\t\t\t\t<span  data-ultimate-target='#advanced-tabs-wrap-5756 .ult-span-text'  data-responsive-json-new='{\"font-size\":\"desktop:14px;\",\"line-height\":\"\"}'  class=\"ult-span-text no_icon ult_acordian-text ult-responsive\" style=\"font-weight:bold;;color:inherit \" >Apraksts<\/span>\n\t\t\t\t\t\t<\/span><\/a><\/dt>\n\t            \t\t<dd class=\"ult-tabto-accordionItem ult-tabto-accolapsed\">\n\t\t\t\t            <div class=\"ult-tabto-acontent\" style=\"color:#74777b;\">\n\t\t\t\t               [vc_column_text]Nerezidentu vad\u012btiem uz\u0146\u0113mumiem PVN numura ieg\u016b\u0161ana Lietuv\u0101 ir sare\u017e\u0123\u012bts process. Lai pieteiktos PVN maks\u0101t\u0101ja numuram, J\u016bsu uz\u0146\u0113muma gramatvedim j\u0101b\u016bt re\u0123istr\u0113tam Valsts nodok\u013cu inspekcij\u0101 un ar ties\u012bb\u0101m iesniegt dokumentus nodok\u013cu inspekcijai.<\/p>\n<p><strong>J\u016bsu uz\u0146\u0113mumam j\u0101b\u016bt gatavam sniegt \u0161\u0101du inform\u0101ciju:<\/strong><br \/>\n\u2022 Galven\u0101 uz\u0146\u0113m\u0113jdarb\u012bba izcelsmes valst\u012b<br \/>\n\u2022 Paredzam\u0101 uz\u0146\u0113m\u0113jdarb\u012bba Lietuv\u0101<br \/>\n\u2022 L\u012bgumi, kas saist\u012bti ar uz\u0146\u0113m\u0113jdarb\u012bbu Lietuv\u0101<br \/>\n\u2022 Vai uz\u0146\u0113muma da\u013cu \u012bpa\u0146iekiem ir k\u0101di citi uz\u0146\u0113mumi vai apvien\u012bbas Lietuv\u0101?<\/p>\n<p><strong>Pakalpojuma cen\u0101 iek\u013cauts:<\/strong><br \/>\n\u2022 PVN pieteikuma sagatavo\u0161ana<br \/>\n\u2022 Pieteikuma iesnieg\u0161nai Valsts nodok\u013cu inspekcijai<br \/>\n\u2022 Atbil\u017eu snieg\u0161na uz iesp\u0113jamiem Valsts nodok\u013cu inspekcijas papildus jaut\u0101jumiem *<\/p>\n<p>NB! L\u016bdzu, \u0146emiet v\u0113r\u0101, ka k\u0101 PVN maks\u0101t\u0101jam Jums ir j\u0101iesniedz ikm\u0113ne\u0161a deklar\u0101cijas, pat ja J\u016bsu uz\u0146\u0113mums attiec\u012bgaj\u0101 period\u0101 nav veicis nek\u0101das darb\u012bbas.<\/p>\n<p>* Pakalpojuma cen\u0101 ietilpst vienreiz\u0113ja atbil\u017eu snieg\u0161ana uz Valsts nodok\u013cu inspekcijas izvirz\u012btajiem jaut\u0101jumiem. Ja pieteikums tiek noraid\u012bts vai no Valsts nodok\u013cu inspekcijas tiek l\u016bgti vair\u0101k jaut\u0101jumu, tiek piem\u0113rota papildu maksa 50 \u20ac apm\u0113r\u0101.[\/vc_column_text]\n\t\t\t\t            <\/div>\n\t        \t\t\t<\/dd><dt class=\"product-faq\">\n\t        \t<a class=\"ult-tabto-actitle withBorder ult_a \" id=\"1512642751435-8cd24-3a01\" style=\"color:#b6b8ba;;background-color:#ffffff;border-bottom-color:transparent;border-bottom-width:0px;border-bottom-style:solid;border-bottom-color:transparent;border-bottom-width:0px;border-bottom-style:solid;\" href=\"#1512642751435-8cd24-3a01\">\n\t        \t\t<i class=\"accordion-icon\"><\/i>\n\t        \t\t\t<span class=\"ult_tab_main ult_ac_main ult_noacordicnBoth\">\n\n\t\t\t\t\t\t<span  data-ultimate-target='#advanced-tabs-wrap-5756 .ult-span-text'  data-responsive-json-new='{\"font-size\":\"desktop:14px;\",\"line-height\":\"\"}'  class=\"ult-span-text no_icon ult_acordian-text ult-responsive\" style=\"font-weight:bold;;color:inherit \" >BUJ<\/span>\n\t\t\t\t\t\t<\/span><\/a><\/dt>\n\t            \t\t<dd class=\"ult-tabto-accordionItem ult-tabto-accolapsed\">\n\t\t\t\t            <div class=\"ult-tabto-acontent\" style=\"color:#74777b;\">\n\t\t\t\t               [vc_toggle title=&#8221;1) Vai ir iesp\u0113jams re\u0123istr\u0113ties PVN maks\u0101t\u0101ja numura sa\u0146em\u0161anai, pirms uz\u0146\u0113mums ir sasniedzis noteikto apgroz\u012bjuma apjoma slieksni?&#8221; style=&#8221;arrow&#8221; custom_font_container=&#8221;tag:h5|text_align:left&#8221; custom_use_theme_fonts=&#8221;yes&#8221; use_custom_heading=&#8221;true&#8221;]J\u0101, tas ir iesp\u0113jams. Ja v\u0113laties sa\u0146emt PVN numuru pirms noteikt\u0101 sliek\u0161\u0146a sasnieg\u0161anas, esiet gatavi atbild\u0113t uz Valsts nodok\u013cu inspekcijas izvirz\u012btajiem jaut\u0101jumiem un pier\u0101d\u012bt, ka esat iesaist\u012bts uz\u0146\u0113m\u0113jdarb\u012bb\u0101 Lietuv\u0101 un Jums ir nosl\u0113gti sadarb\u012bbas l\u012bgumi.[\/vc_toggle][vc_toggle title=&#8221; 2) K\u0101di ir m\u0113ne\u0161a deklar\u0101ciju iesnieg\u0161anas termi\u0146i?&#8221; style=&#8221;arrow&#8221; custom_font_container=&#8221;tag:h5|text_align:left&#8221; custom_use_theme_fonts=&#8221;yes&#8221; use_custom_heading=&#8221;true&#8221;]Algas un nodok\u013cu deklar\u0101cijas j\u0101iesniedz l\u012bdz n\u0101kam\u0101 m\u0113ne\u0161a 15. datumam. PVN r\u0113\u0137inu re\u0123istrs j\u0101iesniedz l\u012bdz 20. datumam un PVN deklar\u0101cija l\u012bdz n\u0101kam\u0101 m\u0113ne\u0161a 25. datumam.[\/vc_toggle]\n\t\t\t\t            <\/div>\n\t        \t\t\t<\/dd>\n    \t<\/dl>\n    <!--<div class=\"extraborder\" style=\"background-color:#ffffff\"><\/div>-->\n<\/div>\n\n<\/div>[\/vc_column][\/vc_row]<\/p>\n<\/div>","protected":false},"excerpt":{"rendered":"<p>Lietuv\u0101 uz\u0146\u0113mums ir j\u0101re\u0123istr\u0113 k\u0101 PVN maks\u0101t\u0101js, ja uz\u0146\u0113muma ar nodokli apliekamais gada apgroz\u012bjums p\u0101rsniedz 45 000 \u20ac vai ja uz\u0146\u0113mums ieg\u0101d\u0101jas preces no cit\u0101m ES valst\u012bm par vair\u0101k nek\u0101 14 000 \u20ac.<\/p>\n","protected":false},"featured_media":57376,"template":"","meta":{"_acf_changed":false,"inline_featured_image":false},"product_brand":[],"product_cat":[351],"product_tag":[352],"class_list":{"0":"post-57775","1":"product","2":"type-product","3":"status-publish","4":"has-post-thumbnail","6":"product_cat-accounting-lv","7":"product_tag-lithuania-lv","8":"description-off","10":"first","11":"instock","12":"virtual","13":"taxable","14":"purchasable","15":"product-type-simple"},"bundled_by":[],"bundle_stock_status":"instock","bundle_stock_quantity":null,"bundle_virtual":false,"bundle_layout":"","bundle_add_to_cart_form_location":"","bundle_editable_in_cart":false,"bundle_sold_individually_context":"","bundle_item_grouping":"","bundle_min_size":"","bundle_max_size":"","bundle_price":[],"bundled_items":[],"bundle_sell_ids":[],"acf":[],"yoast_head":"<!-- This site is optimized with the Yoast SEO Premium plugin v22.1 (Yoast SEO v27.0) - https:\/\/yoast.com\/product\/yoast-seo-premium-wordpress\/ -->\n<title>PVN re\u0123istr\u0101cija - 1Office Portugal<\/title>\n<meta name=\"description\" content=\"In Portugal a company has to be registered as VAT payer when the company\u2019s taxable annual turnover exceeds 45 000 euros or if the company purchases goods for more than 14 000 euros from other EU countries.\" \/>\n<meta name=\"robots\" content=\"noindex, follow, max-snippet:-1, max-image-preview:large, max-video-preview:-1\" \/>\n<meta property=\"og:locale\" content=\"lv_LV\" \/>\n<meta property=\"og:type\" content=\"article\" \/>\n<meta property=\"og:title\" content=\"PVN re\u0123istr\u0101cija\" \/>\n<meta property=\"og:description\" content=\"In Portugal a company has to be registered as VAT payer when the company\u2019s taxable annual turnover exceeds 45 000 euros or if the company purchases goods for more than 14 000 euros from other EU countries.\" \/>\n<meta property=\"og:url\" content=\"https:\/\/1office.co\/portugal\/lv\/product\/vat-registration\/\" \/>\n<meta property=\"og:site_name\" content=\"1Office Portugal\" \/>\n<meta property=\"article:modified_time\" content=\"2018-09-14T11:15:26+00:00\" \/>\n<meta property=\"og:image\" content=\"https:\/\/1office.co\/portugal\/wp-content\/uploads\/sites\/17\/2017\/12\/money-gold-coins-finance.jpg\" \/>\n\t<meta property=\"og:image:width\" content=\"1920\" \/>\n\t<meta property=\"og:image:height\" content=\"1271\" \/>\n\t<meta property=\"og:image:type\" content=\"image\/jpeg\" \/>\n<meta name=\"twitter:card\" content=\"summary_large_image\" \/>\n<meta name=\"twitter:label1\" content=\"Est. reading time\" \/>\n\t<meta name=\"twitter:data1\" content=\"2 minutes\" \/>\n<script type=\"application\/ld+json\" class=\"yoast-schema-graph\">{\"@context\":\"https:\/\/schema.org\",\"@graph\":[{\"@type\":\"WebPage\",\"@id\":\"https:\/\/1office.co\/portugal\/lv\/product\/vat-registration\/\",\"url\":\"https:\/\/1office.co\/portugal\/lv\/product\/vat-registration\/\",\"name\":\"PVN re\u0123istr\u0101cija - 1Office Portugal\",\"isPartOf\":{\"@id\":\"https:\/\/1office.co\/portugal\/#website\"},\"primaryImageOfPage\":{\"@id\":\"https:\/\/1office.co\/portugal\/lv\/product\/vat-registration\/#primaryimage\"},\"image\":{\"@id\":\"https:\/\/1office.co\/portugal\/lv\/product\/vat-registration\/#primaryimage\"},\"thumbnailUrl\":\"https:\/\/1office.co\/portugal\/wp-content\/uploads\/sites\/17\/2017\/12\/money-gold-coins-finance.jpg\",\"datePublished\":\"2017-12-13T11:39:59+00:00\",\"dateModified\":\"2018-09-14T11:15:26+00:00\",\"description\":\"In Portugal a company has to be registered as VAT payer when the company\u2019s taxable annual turnover exceeds 45 000 euros or if the company purchases goods for more than 14 000 euros from other EU countries.\",\"breadcrumb\":{\"@id\":\"https:\/\/1office.co\/portugal\/lv\/product\/vat-registration\/#breadcrumb\"},\"inLanguage\":\"lv-LV\",\"potentialAction\":[{\"@type\":\"ReadAction\",\"target\":[\"https:\/\/1office.co\/portugal\/lv\/product\/vat-registration\/\"]}]},{\"@type\":\"ImageObject\",\"inLanguage\":\"lv-LV\",\"@id\":\"https:\/\/1office.co\/portugal\/lv\/product\/vat-registration\/#primaryimage\",\"url\":\"https:\/\/1office.co\/portugal\/wp-content\/uploads\/sites\/17\/2017\/12\/money-gold-coins-finance.jpg\",\"contentUrl\":\"https:\/\/1office.co\/portugal\/wp-content\/uploads\/sites\/17\/2017\/12\/money-gold-coins-finance.jpg\",\"width\":1920,\"height\":1271},{\"@type\":\"BreadcrumbList\",\"@id\":\"https:\/\/1office.co\/portugal\/lv\/product\/vat-registration\/#breadcrumb\",\"itemListElement\":[{\"@type\":\"ListItem\",\"position\":1,\"name\":\"Home\",\"item\":\"https:\/\/1office.co\/portugal\/lv\/\"},{\"@type\":\"ListItem\",\"position\":2,\"name\":\"Shop\",\"item\":\"https:\/\/1office.co\/portugal\/shop\/\"},{\"@type\":\"ListItem\",\"position\":3,\"name\":\"PVN re\u0123istr\u0101cija\"}]},{\"@type\":\"WebSite\",\"@id\":\"https:\/\/1office.co\/portugal\/#website\",\"url\":\"https:\/\/1office.co\/portugal\/\",\"name\":\"1Office Portugal\",\"description\":\"Making Business Simple\",\"potentialAction\":[{\"@type\":\"SearchAction\",\"target\":{\"@type\":\"EntryPoint\",\"urlTemplate\":\"https:\/\/1office.co\/portugal\/?s={search_term_string}\"},\"query-input\":{\"@type\":\"PropertyValueSpecification\",\"valueRequired\":true,\"valueName\":\"search_term_string\"}}],\"inLanguage\":\"lv-LV\"}]}<\/script>\n<!-- \/ Yoast SEO Premium plugin. -->","yoast_head_json":{"title":"PVN re\u0123istr\u0101cija - 1Office Portugal","description":"In Portugal a company has to be registered as VAT payer when the company\u2019s taxable annual turnover exceeds 45 000 euros or if the company purchases goods for more than 14 000 euros from other EU countries.","robots":{"index":"noindex","follow":"follow","max-snippet":"max-snippet:-1","max-image-preview":"max-image-preview:large","max-video-preview":"max-video-preview:-1"},"og_locale":"lv_LV","og_type":"article","og_title":"PVN re\u0123istr\u0101cija","og_description":"In Portugal a company has to be registered as VAT payer when the company\u2019s taxable annual turnover exceeds 45 000 euros or if the company purchases goods for more than 14 000 euros from other EU countries.","og_url":"https:\/\/1office.co\/portugal\/lv\/product\/vat-registration\/","og_site_name":"1Office Portugal","article_modified_time":"2018-09-14T11:15:26+00:00","og_image":[{"width":1920,"height":1271,"url":"https:\/\/1office.co\/portugal\/wp-content\/uploads\/sites\/17\/2017\/12\/money-gold-coins-finance.jpg","type":"image\/jpeg"}],"twitter_card":"summary_large_image","twitter_misc":{"Est. reading time":"2 minutes"},"schema":{"@context":"https:\/\/schema.org","@graph":[{"@type":"WebPage","@id":"https:\/\/1office.co\/portugal\/lv\/product\/vat-registration\/","url":"https:\/\/1office.co\/portugal\/lv\/product\/vat-registration\/","name":"PVN re\u0123istr\u0101cija - 1Office Portugal","isPartOf":{"@id":"https:\/\/1office.co\/portugal\/#website"},"primaryImageOfPage":{"@id":"https:\/\/1office.co\/portugal\/lv\/product\/vat-registration\/#primaryimage"},"image":{"@id":"https:\/\/1office.co\/portugal\/lv\/product\/vat-registration\/#primaryimage"},"thumbnailUrl":"https:\/\/1office.co\/portugal\/wp-content\/uploads\/sites\/17\/2017\/12\/money-gold-coins-finance.jpg","datePublished":"2017-12-13T11:39:59+00:00","dateModified":"2018-09-14T11:15:26+00:00","description":"In Portugal a company has to be registered as VAT payer when the company\u2019s taxable annual turnover exceeds 45 000 euros or if the company purchases goods for more than 14 000 euros from other EU countries.","breadcrumb":{"@id":"https:\/\/1office.co\/portugal\/lv\/product\/vat-registration\/#breadcrumb"},"inLanguage":"lv-LV","potentialAction":[{"@type":"ReadAction","target":["https:\/\/1office.co\/portugal\/lv\/product\/vat-registration\/"]}]},{"@type":"ImageObject","inLanguage":"lv-LV","@id":"https:\/\/1office.co\/portugal\/lv\/product\/vat-registration\/#primaryimage","url":"https:\/\/1office.co\/portugal\/wp-content\/uploads\/sites\/17\/2017\/12\/money-gold-coins-finance.jpg","contentUrl":"https:\/\/1office.co\/portugal\/wp-content\/uploads\/sites\/17\/2017\/12\/money-gold-coins-finance.jpg","width":1920,"height":1271},{"@type":"BreadcrumbList","@id":"https:\/\/1office.co\/portugal\/lv\/product\/vat-registration\/#breadcrumb","itemListElement":[{"@type":"ListItem","position":1,"name":"Home","item":"https:\/\/1office.co\/portugal\/lv\/"},{"@type":"ListItem","position":2,"name":"Shop","item":"https:\/\/1office.co\/portugal\/shop\/"},{"@type":"ListItem","position":3,"name":"PVN re\u0123istr\u0101cija"}]},{"@type":"WebSite","@id":"https:\/\/1office.co\/portugal\/#website","url":"https:\/\/1office.co\/portugal\/","name":"1Office Portugal","description":"Making Business Simple","potentialAction":[{"@type":"SearchAction","target":{"@type":"EntryPoint","urlTemplate":"https:\/\/1office.co\/portugal\/?s={search_term_string}"},"query-input":{"@type":"PropertyValueSpecification","valueRequired":true,"valueName":"search_term_string"}}],"inLanguage":"lv-LV"}]}},"_links":{"self":[{"href":"https:\/\/1office.co\/portugal\/lv\/wp-json\/wp\/v2\/product\/57775","targetHints":{"allow":["GET"]}}],"collection":[{"href":"https:\/\/1office.co\/portugal\/lv\/wp-json\/wp\/v2\/product"}],"about":[{"href":"https:\/\/1office.co\/portugal\/lv\/wp-json\/wp\/v2\/types\/product"}],"wp:featuredmedia":[{"embeddable":true,"href":"https:\/\/1office.co\/portugal\/lv\/wp-json\/wp\/v2\/media\/57376"}],"wp:attachment":[{"href":"https:\/\/1office.co\/portugal\/lv\/wp-json\/wp\/v2\/media?parent=57775"}],"wp:term":[{"taxonomy":"product_brand","embeddable":true,"href":"https:\/\/1office.co\/portugal\/lv\/wp-json\/wp\/v2\/product_brand?post=57775"},{"taxonomy":"product_cat","embeddable":true,"href":"https:\/\/1office.co\/portugal\/lv\/wp-json\/wp\/v2\/product_cat?post=57775"},{"taxonomy":"product_tag","embeddable":true,"href":"https:\/\/1office.co\/portugal\/lv\/wp-json\/wp\/v2\/product_tag?post=57775"}],"curies":[{"name":"wp","href":"https:\/\/api.w.org\/{rel}","templated":true}]}}