{"id":57789,"date":"2017-08-10T10:40:14","date_gmt":"2017-08-10T10:40:14","guid":{"rendered":"https:\/\/1office.co\/portugal\/product\/accountants-hourly-fee\/"},"modified":"2021-02-02T12:22:57","modified_gmt":"2021-02-02T12:22:57","slug":"accountants-hourly-fee","status":"publish","type":"product","link":"https:\/\/1office.co\/portugal\/sv\/produkt\/accountants-hourly-fee\/","title":{"rendered":"Timavgift f\u00f6r bokf\u00f6ringstj\u00e4nster"},"content":{"rendered":"<div class=\"wpb-content-wrapper\"><p>[vc_row][vc_column]<div id=\"advanced-tabs-desc-wrap-2477\" class=\"ult_tabs product_tabs\" style=\" \" data-tabsstyle=\"style1\"\n data-titlebg=\"#ffffff\" data-titlecolor=\"#b6b8ba\" data-fullheight=\"off\"\n data-titlehoverbg=\"#ffffff\" data-titlehovercolor=\"#1d1e23\"\n data-rotatetabs=\"0\" data-responsivemode=\"Both\" data-animation=\"Slide\"\ndata-activetitle=\"#1d1e23\" data-activeicon=\"\" data-activebg=\"#ffffff\"  data-respmode=\"Tabs\" data-respwidth=\"400\" data-scroll = \"on\" data-activeindex=\"1\"><ul id=advanced-tabs-wrap-2197 class=\"ult_tabmenu style1 \" style=\"\"><li class=\"ult_tab_li  \" data-iconcolor=\"#74777b\" data-iconhover=\"#ffffff\" style=\"background-color:#ffffff;border-color:transparent;border-width:0px;border-style:solid;border-top-left-radius:8px;\">\n\t\t\t\t\t<a href=\"#1512642751410-8598a-c205\"  id=\"1512642751410-8598a-c205\"  style=\"color:#b6b8ba;; padding:15px; \" class=\"ult_a  \">\n\t\t\t\t\t     <span class=\"ult_tab_main Both \">\n\t\t\t\t\t \t\t <span class=\"ult_tab_section\">\n\t\t\t\t\t   \t\t\t<span  data-ultimate-target='#advanced-tabs-wrap-2197 .ult-span-text'  data-responsive-json-new='{\"font-size\":\"desktop:14px;\",\"line-height\":\"\"}'  class=\"ult-span-text no_icon ult_tab_display_text ult-responsive\" style=\"font-weight:bold;;\">Beskrivning<\/span>\n\t\t\t\t\t   \t\t<\/span>\n\t\t\t\t\t\t<\/span>\n\t\t\t\t\t<\/a>\n\t\t\t\t\t<\/li><li class=\"ult_tab_li  product-faq\" data-iconcolor=\"#74777b\" data-iconhover=\"#ffffff\" style=\"background-color:#ffffff;border-color:transparent;border-width:0px;border-style:solid;border-top-right-radius:8px;\">\n\t\t\t\t\t<a href=\"#1512642751435-8598a-c205\"  id=\"1512642751435-8598a-c205\"  style=\"color:#b6b8ba;; padding:15px; \" class=\"ult_a  \">\n\t\t\t\t\t     <span class=\"ult_tab_main Both \">\n\t\t\t\t\t \t\t <span class=\"ult_tab_section\">\n\t\t\t\t\t   \t\t\t<span  data-ultimate-target='#advanced-tabs-wrap-2197 .ult-span-text'  data-responsive-json-new='{\"font-size\":\"desktop:14px;\",\"line-height\":\"\"}'  class=\"ult-span-text no_icon ult_tab_display_text ult-responsive\" style=\"font-weight:bold;;\">Vanliga fr\u00e5gor<\/span>\n\t\t\t\t\t   \t\t<\/span>\n\t\t\t\t\t\t<\/span>\n\t\t\t\t\t<\/a>\n\t\t\t\t\t<\/li><\/ul><div  data-ultimate-target='#advanced-tabs-desc-wrap-2477 .ult_tabcontent .ult_tab_min_contain  p'  data-responsive-json-new='{\"font-size\":\"\",\"line-height\":\"\"}' class=\"ult_tabcontent ult-responsive style1\" style=\"color:#74777b;\"><div class=\"ult_tab_min_contain \" >\n\t\t\t<div  class=\"ult_tabitemname\"  >\n\t\t\t\t[vc_column_text]Varje f\u00f6retag som \u00e4r registrerat i Litauen m\u00e5ste ha en officiell bokf\u00f6ringsansvarig som \u00e4r registrerad hos Nationella skatteinspektionen. Den bokf\u00f6ringsansvarige tar hand om den dagliga bokf\u00f6ringen, deklarationer, mm. samt r\u00e5dger vid beslutsfattande.<\/p>\n<p><strong>Tj\u00e4nsten inkluderar:<\/strong><br \/>\n\u2022 Daglig bokf\u00f6ring;<br \/>\n\u2022 Registrering av kassakvitton;<br \/>\n\u2022 Registrering av ink\u00f6ps- och f\u00f6rs\u00e4ljningsfakturor eller verifiering av registrerade ink\u00f6ps- och f\u00f6rs\u00e4ljningsfakturor;<br \/>\n\u2022 Registrering av kontanthandlingar;<br \/>\n\u2022 Redovisning av anl\u00e4ggningstillg\u00e5ngar;<br \/>\n\u2022 L\u00f6neber\u00e4kning med tillh\u00f6rande registrering;<br \/>\n\u2022 Registrering av bankhandlingar;<br \/>\n\u2022 Lagerredovisning;<br \/>\n\u2022 Ber\u00e4kning av skatter;<br \/>\n\u2022 Framtagning av finansrapporter;<br \/>\n\u2022 Framtagning av skatterapporter;<br \/>\n\u2022 Framtagning av statistiska rapporter;<br \/>\n\u2022 Framtagning av socialf\u00f6rs\u00e4kringsrapporter;<br \/>\n\u2022 Inl\u00e4mnande av f\u00e4rdigst\u00e4llda deklarationer\/rapporter till Nationella skatteinspektionen, Socialf\u00f6rs\u00e4kringskassan, Statistiska centralbyr\u00e5n, Bolagsregistret<\/p>\n<p><strong>Den f\u00f6rsta betalningen av 65\u20ac \u00e4r en f\u00f6rskottsbetalning f\u00f6r f\u00f6rsta timmen av den bokf\u00f6ringsansvariges arbete och inkluderar vanligtvis:<\/strong><br \/>\n\u2022 En konsultation med v\u00e5r bokf\u00f6ringsspecialist f\u00f6r att f\u00e5 en tydlig \u00f6verblick av ditt f\u00f6retags verksamhet och behov, komma \u00f6verens om grunder f\u00f6r v\u00e5rt samarbete, ge kunden en \u00f6verblick av grunderna i litauiska skatte- och bokf\u00f6ringsregler, g\u00e4llande inl\u00e4mningstider mm.<br \/>\n\u2022 N\u00f6dv\u00e4ndiga inst\u00e4llningar f\u00f6r ditt f\u00f6retag i programvaran f\u00f6r bokf\u00f6ring<br \/>\n\u2022 Tillhandah\u00e5llande av n\u00f6dv\u00e4ndiga \u00e5tkomster (Socialf\u00f6rs\u00e4kringskassan, Nationella skatteinspektionen, mm.)<br \/>\n\u2022 Framtagning av hj\u00e4lpmedel f\u00f6r arkivering av handlingar och \u00f6vriga n\u00f6dv\u00e4ndiga \u00e5tg\u00e4rder f\u00f6r att \u00f6verta ansvaret f\u00f6r f\u00f6retagets bokf\u00f6ring<br \/>\nF\u00f6ljande fakturor f\u00f6r bokf\u00f6ringstj\u00e4nster utf\u00e4rdas en g\u00e5ng per m\u00e5nad med en 15-minuters noggrannhet och den minimala m\u00e5nadsavgiften \u00e4r 65\u20ac.<\/p>\n<p>Vi accepterar k\u00e4lldokument p\u00e5 litauiska, ryska och engelska.[\/vc_column_text]\n\t\t\t<\/div>\n\t\t\t<div  class=\"ult_tabitemname\"  >\n\t\t\t\t[vc_toggle title=&#8221;1. \u00c4r det till\u00e5tet att jag sj\u00e4lv ta hand om sitt f\u00f6retags bokf\u00f6ring?&#8221; style=&#8221;arrow&#8221; custom_font_container=&#8221;tag:h5|text_align:left&#8221; custom_use_theme_fonts=&#8221;yes&#8221; use_custom_heading=&#8221;true&#8221;]Nej. Bokf\u00f6ring ska utf\u00f6ras av ett annat f\u00f6retag eller tillhandah\u00e5llare av revisionstj\u00e4nster (kr\u00e4ver f\u00f6rs\u00e4kring) eller s\u00e5 kan du anlita en bokf\u00f6ringsspecialist (detta \u00e4r det enda alternativet som inte kr\u00e4ver en f\u00f6rs\u00e4kring).[\/vc_toggle][vc_toggle title=&#8221;2. \u00c4r det obligatoriskt att bokf\u00f6ra varje m\u00e5nad?&#8221; style=&#8221;arrow&#8221; custom_font_container=&#8221;tag:h5|text_align:left&#8221; custom_use_theme_fonts=&#8221;yes&#8221; use_custom_heading=&#8221;true&#8221;]Om ditt f\u00f6retag \u00e4r momspliktigt m\u00e5ste du l\u00e4mna in deklarationer varje m\u00e5nad. Det \u00e4r \u00e4ven obligatoriskt att anst\u00e4lla en f\u00f6retagschef, \u00e4ven om han inte arbetar, och skicka in l\u00f6neinformation m\u00e5nadsvis till Socialf\u00f6rs\u00e4kringskassan.[\/vc_toggle][vc_toggle title=&#8221;3. Vilka \u00e4r f\u00f6retagschefens skyldigheter? &#8221; style=&#8221;arrow&#8221; custom_font_container=&#8221;tag:h5|text_align:left&#8221; custom_use_theme_fonts=&#8221;yes&#8221; use_custom_heading=&#8221;true&#8221;]F\u00f6retagschefen har inte n\u00e5gra direkta skyldigheter enligt lag. Skyldigheter av personer som ing\u00e5r i en juridisk persons ledningsorgan finns angivna i Artikel 2.87 i den Litauiska civilbalken.[\/vc_toggle]\n\t\t\t<\/div><\/div><\/div><\/div><div class=\"ult_acord advanced-tabs-desc-wrap-2477\">\n   <div class=\"ult-tabto-accordion \" style=\"width:;\"\n    data-titlecolor=\"#b6b8ba\"  data-titlebg=\"#ffffff\"\n     data-titlehoverbg=\"#ffffff\" data-titlehovercolor=\"#1d1e23\" data-animation=\"Slide\"\n     data-activetitle=\"#1d1e23\" data-activeicon=\"\" data-activebg=\"#ffffff\" data-scroll = \"on\" data-activeindex=\"1\" >\n     <dl><dt class=\"\">\n\t        \t<a class=\"ult-tabto-actitle withBorder ult_a \" id=\"1512642751410-8598a-c205\" style=\"color:#b6b8ba;;background-color:#ffffff;border-bottom-color:transparent;border-bottom-width:0px;border-bottom-style:solid;\" href=\"#1512642751410-8598a-c205\">\n\t        \t\t<i class=\"accordion-icon\"><\/i>\n\t        \t\t\t<span class=\"ult_tab_main ult_ac_main ult_noacordicnBoth\">\n\n\t\t\t\t\t\t<span  data-ultimate-target='#advanced-tabs-wrap-2197 .ult-span-text'  data-responsive-json-new='{\"font-size\":\"desktop:14px;\",\"line-height\":\"\"}'  class=\"ult-span-text no_icon ult_acordian-text ult-responsive\" style=\"font-weight:bold;;color:inherit \" >Beskrivning<\/span>\n\t\t\t\t\t\t<\/span><\/a><\/dt>\n\t            \t\t<dd class=\"ult-tabto-accordionItem ult-tabto-accolapsed\">\n\t\t\t\t            <div class=\"ult-tabto-acontent\" style=\"color:#74777b;\">\n\t\t\t\t               [vc_column_text]Varje f\u00f6retag som \u00e4r registrerat i Litauen m\u00e5ste ha en officiell bokf\u00f6ringsansvarig som \u00e4r registrerad hos Nationella skatteinspektionen. Den bokf\u00f6ringsansvarige tar hand om den dagliga bokf\u00f6ringen, deklarationer, mm. samt r\u00e5dger vid beslutsfattande.<\/p>\n<p><strong>Tj\u00e4nsten inkluderar:<\/strong><br \/>\n\u2022 Daglig bokf\u00f6ring;<br \/>\n\u2022 Registrering av kassakvitton;<br \/>\n\u2022 Registrering av ink\u00f6ps- och f\u00f6rs\u00e4ljningsfakturor eller verifiering av registrerade ink\u00f6ps- och f\u00f6rs\u00e4ljningsfakturor;<br \/>\n\u2022 Registrering av kontanthandlingar;<br \/>\n\u2022 Redovisning av anl\u00e4ggningstillg\u00e5ngar;<br \/>\n\u2022 L\u00f6neber\u00e4kning med tillh\u00f6rande registrering;<br \/>\n\u2022 Registrering av bankhandlingar;<br \/>\n\u2022 Lagerredovisning;<br \/>\n\u2022 Ber\u00e4kning av skatter;<br \/>\n\u2022 Framtagning av finansrapporter;<br \/>\n\u2022 Framtagning av skatterapporter;<br \/>\n\u2022 Framtagning av statistiska rapporter;<br \/>\n\u2022 Framtagning av socialf\u00f6rs\u00e4kringsrapporter;<br \/>\n\u2022 Inl\u00e4mnande av f\u00e4rdigst\u00e4llda deklarationer\/rapporter till Nationella skatteinspektionen, Socialf\u00f6rs\u00e4kringskassan, Statistiska centralbyr\u00e5n, Bolagsregistret<\/p>\n<p><strong>Den f\u00f6rsta betalningen av 65\u20ac \u00e4r en f\u00f6rskottsbetalning f\u00f6r f\u00f6rsta timmen av den bokf\u00f6ringsansvariges arbete och inkluderar vanligtvis:<\/strong><br \/>\n\u2022 En konsultation med v\u00e5r bokf\u00f6ringsspecialist f\u00f6r att f\u00e5 en tydlig \u00f6verblick av ditt f\u00f6retags verksamhet och behov, komma \u00f6verens om grunder f\u00f6r v\u00e5rt samarbete, ge kunden en \u00f6verblick av grunderna i litauiska skatte- och bokf\u00f6ringsregler, g\u00e4llande inl\u00e4mningstider mm.<br \/>\n\u2022 N\u00f6dv\u00e4ndiga inst\u00e4llningar f\u00f6r ditt f\u00f6retag i programvaran f\u00f6r bokf\u00f6ring<br \/>\n\u2022 Tillhandah\u00e5llande av n\u00f6dv\u00e4ndiga \u00e5tkomster (Socialf\u00f6rs\u00e4kringskassan, Nationella skatteinspektionen, mm.)<br \/>\n\u2022 Framtagning av hj\u00e4lpmedel f\u00f6r arkivering av handlingar och \u00f6vriga n\u00f6dv\u00e4ndiga \u00e5tg\u00e4rder f\u00f6r att \u00f6verta ansvaret f\u00f6r f\u00f6retagets bokf\u00f6ring<br \/>\nF\u00f6ljande fakturor f\u00f6r bokf\u00f6ringstj\u00e4nster utf\u00e4rdas en g\u00e5ng per m\u00e5nad med en 15-minuters noggrannhet och den minimala m\u00e5nadsavgiften \u00e4r 65\u20ac.<\/p>\n<p>Vi accepterar k\u00e4lldokument p\u00e5 litauiska, ryska och engelska.[\/vc_column_text]\n\t\t\t\t            <\/div>\n\t        \t\t\t<\/dd><dt class=\"product-faq\">\n\t        \t<a class=\"ult-tabto-actitle withBorder ult_a \" id=\"1512642751435-8598a-c205\" style=\"color:#b6b8ba;;background-color:#ffffff;border-bottom-color:transparent;border-bottom-width:0px;border-bottom-style:solid;border-bottom-color:transparent;border-bottom-width:0px;border-bottom-style:solid;\" href=\"#1512642751435-8598a-c205\">\n\t        \t\t<i class=\"accordion-icon\"><\/i>\n\t        \t\t\t<span class=\"ult_tab_main ult_ac_main ult_noacordicnBoth\">\n\n\t\t\t\t\t\t<span  data-ultimate-target='#advanced-tabs-wrap-2197 .ult-span-text'  data-responsive-json-new='{\"font-size\":\"desktop:14px;\",\"line-height\":\"\"}'  class=\"ult-span-text no_icon ult_acordian-text ult-responsive\" style=\"font-weight:bold;;color:inherit \" >Vanliga fr\u00e5gor<\/span>\n\t\t\t\t\t\t<\/span><\/a><\/dt>\n\t            \t\t<dd class=\"ult-tabto-accordionItem ult-tabto-accolapsed\">\n\t\t\t\t            <div class=\"ult-tabto-acontent\" style=\"color:#74777b;\">\n\t\t\t\t               [vc_toggle title=&#8221;1. \u00c4r det till\u00e5tet att jag sj\u00e4lv ta hand om sitt f\u00f6retags bokf\u00f6ring?&#8221; style=&#8221;arrow&#8221; custom_font_container=&#8221;tag:h5|text_align:left&#8221; custom_use_theme_fonts=&#8221;yes&#8221; use_custom_heading=&#8221;true&#8221;]Nej. Bokf\u00f6ring ska utf\u00f6ras av ett annat f\u00f6retag eller tillhandah\u00e5llare av revisionstj\u00e4nster (kr\u00e4ver f\u00f6rs\u00e4kring) eller s\u00e5 kan du anlita en bokf\u00f6ringsspecialist (detta \u00e4r det enda alternativet som inte kr\u00e4ver en f\u00f6rs\u00e4kring).[\/vc_toggle][vc_toggle title=&#8221;2. \u00c4r det obligatoriskt att bokf\u00f6ra varje m\u00e5nad?&#8221; style=&#8221;arrow&#8221; custom_font_container=&#8221;tag:h5|text_align:left&#8221; custom_use_theme_fonts=&#8221;yes&#8221; use_custom_heading=&#8221;true&#8221;]Om ditt f\u00f6retag \u00e4r momspliktigt m\u00e5ste du l\u00e4mna in deklarationer varje m\u00e5nad. Det \u00e4r \u00e4ven obligatoriskt att anst\u00e4lla en f\u00f6retagschef, \u00e4ven om han inte arbetar, och skicka in l\u00f6neinformation m\u00e5nadsvis till Socialf\u00f6rs\u00e4kringskassan.[\/vc_toggle][vc_toggle title=&#8221;3. Vilka \u00e4r f\u00f6retagschefens skyldigheter? &#8221; style=&#8221;arrow&#8221; custom_font_container=&#8221;tag:h5|text_align:left&#8221; custom_use_theme_fonts=&#8221;yes&#8221; use_custom_heading=&#8221;true&#8221;]F\u00f6retagschefen har inte n\u00e5gra direkta skyldigheter enligt lag. Skyldigheter av personer som ing\u00e5r i en juridisk persons ledningsorgan finns angivna i Artikel 2.87 i den Litauiska civilbalken.[\/vc_toggle]\n\t\t\t\t            <\/div>\n\t        \t\t\t<\/dd>\n    \t<\/dl>\n    <!--<div class=\"extraborder\" style=\"background-color:#ffffff\"><\/div>-->\n<\/div>\n\n<\/div>[\/vc_column][\/vc_row]<\/p>\n<\/div>","protected":false},"excerpt":{"rendered":"<p>L\u00e5t yrkesm\u00e4n ta hand om ditt f\u00f6retags bokf\u00f6ring s\u00e5 att du kan koncentrera dig p\u00e5 din k\u00e4rnverksamhet. Den exakta volymen och bokf\u00f6ringsrutinen avtals individuellt med varje kund.<\/p>\n","protected":false},"featured_media":53871,"template":"","meta":{"_acf_changed":false,"inline_featured_image":false},"product_brand":[],"product_cat":[363],"product_tag":[364],"class_list":{"0":"post-57789","1":"product","2":"type-product","3":"status-publish","4":"has-post-thumbnail","6":"product_cat-accounting-sv","7":"product_tag-lithuania-sv","8":"description-off","10":"first","11":"instock","12":"taxable","13":"shipping-taxable","14":"purchasable","15":"product-type-simple"},"bundled_by":[],"bundle_stock_status":"instock","bundle_stock_quantity":null,"bundle_virtual":false,"bundle_layout":"","bundle_add_to_cart_form_location":"","bundle_editable_in_cart":false,"bundle_sold_individually_context":"","bundle_item_grouping":"","bundle_min_size":"","bundle_max_size":"","bundle_price":[],"bundled_items":[],"bundle_sell_ids":[],"acf":[],"yoast_head":"<!-- This site is optimized with the Yoast SEO Premium plugin v22.1 (Yoast SEO v27.0) - https:\/\/yoast.com\/product\/yoast-seo-premium-wordpress\/ -->\n<title>Timavgift f\u00f6r bokf\u00f6ringstj\u00e4nster - 1Office Portugal<\/title>\n<meta name=\"description\" content=\"Every company registered in Portugal is required to have an official accountant, who is registered with StateTax Inspectorate. Your accountant will be there for you to take care of your everyday accounting, declarations etc. as well as advise you on taking good business decisions.\" \/>\n<meta name=\"robots\" content=\"noindex, follow, max-snippet:-1, max-image-preview:large, max-video-preview:-1\" \/>\n<meta property=\"og:locale\" content=\"sv_SE\" \/>\n<meta property=\"og:type\" content=\"article\" \/>\n<meta property=\"og:title\" content=\"Timavgift f\u00f6r bokf\u00f6ringstj\u00e4nster\" \/>\n<meta property=\"og:description\" content=\"Every company registered in Portugal is required to have an official accountant, who is registered with StateTax Inspectorate. Your accountant will be there for you to take care of your everyday accounting, declarations etc. as well as advise you on taking good business decisions.\" \/>\n<meta property=\"og:url\" content=\"https:\/\/1office.co\/portugal\/sv\/produkt\/accountants-hourly-fee\/\" \/>\n<meta property=\"og:site_name\" content=\"1Office Portugal\" \/>\n<meta property=\"article:modified_time\" content=\"2021-02-02T12:22:57+00:00\" \/>\n<meta property=\"og:image\" content=\"https:\/\/1office.co\/portugal\/wp-content\/uploads\/sites\/17\/2017\/04\/accounting.jpg\" \/>\n\t<meta property=\"og:image:width\" content=\"1200\" \/>\n\t<meta property=\"og:image:height\" content=\"518\" \/>\n\t<meta property=\"og:image:type\" content=\"image\/jpeg\" \/>\n<meta name=\"twitter:card\" content=\"summary_large_image\" \/>\n<meta name=\"twitter:label1\" content=\"Ber\u00e4knad l\u00e4stid\" \/>\n\t<meta name=\"twitter:data1\" content=\"3 minuter\" \/>\n<script type=\"application\/ld+json\" class=\"yoast-schema-graph\">{\"@context\":\"https:\/\/schema.org\",\"@graph\":[{\"@type\":\"WebPage\",\"@id\":\"https:\/\/1office.co\/portugal\/sv\/produkt\/accountants-hourly-fee\/\",\"url\":\"https:\/\/1office.co\/portugal\/sv\/produkt\/accountants-hourly-fee\/\",\"name\":\"Timavgift f\u00f6r bokf\u00f6ringstj\u00e4nster - 1Office Portugal\",\"isPartOf\":{\"@id\":\"https:\/\/1office.co\/portugal\/#website\"},\"primaryImageOfPage\":{\"@id\":\"https:\/\/1office.co\/portugal\/sv\/produkt\/accountants-hourly-fee\/#primaryimage\"},\"image\":{\"@id\":\"https:\/\/1office.co\/portugal\/sv\/produkt\/accountants-hourly-fee\/#primaryimage\"},\"thumbnailUrl\":\"https:\/\/1office.co\/portugal\/wp-content\/uploads\/sites\/17\/2017\/04\/accounting.jpg\",\"datePublished\":\"2017-08-10T10:40:14+00:00\",\"dateModified\":\"2021-02-02T12:22:57+00:00\",\"description\":\"Every company registered in Portugal is required to have an official accountant, who is registered with StateTax Inspectorate. Your accountant will be there for you to take care of your everyday accounting, declarations etc. as well as advise you on taking good business decisions.\",\"breadcrumb\":{\"@id\":\"https:\/\/1office.co\/portugal\/sv\/produkt\/accountants-hourly-fee\/#breadcrumb\"},\"inLanguage\":\"sv-SE\",\"potentialAction\":[{\"@type\":\"ReadAction\",\"target\":[\"https:\/\/1office.co\/portugal\/sv\/produkt\/accountants-hourly-fee\/\"]}]},{\"@type\":\"ImageObject\",\"inLanguage\":\"sv-SE\",\"@id\":\"https:\/\/1office.co\/portugal\/sv\/produkt\/accountants-hourly-fee\/#primaryimage\",\"url\":\"https:\/\/1office.co\/portugal\/wp-content\/uploads\/sites\/17\/2017\/04\/accounting.jpg\",\"contentUrl\":\"https:\/\/1office.co\/portugal\/wp-content\/uploads\/sites\/17\/2017\/04\/accounting.jpg\",\"width\":1200,\"height\":518},{\"@type\":\"BreadcrumbList\",\"@id\":\"https:\/\/1office.co\/portugal\/sv\/produkt\/accountants-hourly-fee\/#breadcrumb\",\"itemListElement\":[{\"@type\":\"ListItem\",\"position\":1,\"name\":\"Home\",\"item\":\"https:\/\/1office.co\/portugal\/sv\/\"},{\"@type\":\"ListItem\",\"position\":2,\"name\":\"Shop\",\"item\":\"https:\/\/1office.co\/portugal\/shop\/\"},{\"@type\":\"ListItem\",\"position\":3,\"name\":\"Timavgift f\u00f6r bokf\u00f6ringstj\u00e4nster\"}]},{\"@type\":\"WebSite\",\"@id\":\"https:\/\/1office.co\/portugal\/#website\",\"url\":\"https:\/\/1office.co\/portugal\/\",\"name\":\"1Office Portugal\",\"description\":\"Making Business Simple\",\"potentialAction\":[{\"@type\":\"SearchAction\",\"target\":{\"@type\":\"EntryPoint\",\"urlTemplate\":\"https:\/\/1office.co\/portugal\/?s={search_term_string}\"},\"query-input\":{\"@type\":\"PropertyValueSpecification\",\"valueRequired\":true,\"valueName\":\"search_term_string\"}}],\"inLanguage\":\"sv-SE\"}]}<\/script>\n<!-- \/ Yoast SEO Premium plugin. -->","yoast_head_json":{"title":"Timavgift f\u00f6r bokf\u00f6ringstj\u00e4nster - 1Office Portugal","description":"Every company registered in Portugal is required to have an official accountant, who is registered with StateTax Inspectorate. Your accountant will be there for you to take care of your everyday accounting, declarations etc. as well as advise you on taking good business decisions.","robots":{"index":"noindex","follow":"follow","max-snippet":"max-snippet:-1","max-image-preview":"max-image-preview:large","max-video-preview":"max-video-preview:-1"},"og_locale":"sv_SE","og_type":"article","og_title":"Timavgift f\u00f6r bokf\u00f6ringstj\u00e4nster","og_description":"Every company registered in Portugal is required to have an official accountant, who is registered with StateTax Inspectorate. Your accountant will be there for you to take care of your everyday accounting, declarations etc. as well as advise you on taking good business decisions.","og_url":"https:\/\/1office.co\/portugal\/sv\/produkt\/accountants-hourly-fee\/","og_site_name":"1Office Portugal","article_modified_time":"2021-02-02T12:22:57+00:00","og_image":[{"width":1200,"height":518,"url":"https:\/\/1office.co\/portugal\/wp-content\/uploads\/sites\/17\/2017\/04\/accounting.jpg","type":"image\/jpeg"}],"twitter_card":"summary_large_image","twitter_misc":{"Ber\u00e4knad l\u00e4stid":"3 minuter"},"schema":{"@context":"https:\/\/schema.org","@graph":[{"@type":"WebPage","@id":"https:\/\/1office.co\/portugal\/sv\/produkt\/accountants-hourly-fee\/","url":"https:\/\/1office.co\/portugal\/sv\/produkt\/accountants-hourly-fee\/","name":"Timavgift f\u00f6r bokf\u00f6ringstj\u00e4nster - 1Office Portugal","isPartOf":{"@id":"https:\/\/1office.co\/portugal\/#website"},"primaryImageOfPage":{"@id":"https:\/\/1office.co\/portugal\/sv\/produkt\/accountants-hourly-fee\/#primaryimage"},"image":{"@id":"https:\/\/1office.co\/portugal\/sv\/produkt\/accountants-hourly-fee\/#primaryimage"},"thumbnailUrl":"https:\/\/1office.co\/portugal\/wp-content\/uploads\/sites\/17\/2017\/04\/accounting.jpg","datePublished":"2017-08-10T10:40:14+00:00","dateModified":"2021-02-02T12:22:57+00:00","description":"Every company registered in Portugal is required to have an official accountant, who is registered with StateTax Inspectorate. Your accountant will be there for you to take care of your everyday accounting, declarations etc. as well as advise you on taking good business decisions.","breadcrumb":{"@id":"https:\/\/1office.co\/portugal\/sv\/produkt\/accountants-hourly-fee\/#breadcrumb"},"inLanguage":"sv-SE","potentialAction":[{"@type":"ReadAction","target":["https:\/\/1office.co\/portugal\/sv\/produkt\/accountants-hourly-fee\/"]}]},{"@type":"ImageObject","inLanguage":"sv-SE","@id":"https:\/\/1office.co\/portugal\/sv\/produkt\/accountants-hourly-fee\/#primaryimage","url":"https:\/\/1office.co\/portugal\/wp-content\/uploads\/sites\/17\/2017\/04\/accounting.jpg","contentUrl":"https:\/\/1office.co\/portugal\/wp-content\/uploads\/sites\/17\/2017\/04\/accounting.jpg","width":1200,"height":518},{"@type":"BreadcrumbList","@id":"https:\/\/1office.co\/portugal\/sv\/produkt\/accountants-hourly-fee\/#breadcrumb","itemListElement":[{"@type":"ListItem","position":1,"name":"Home","item":"https:\/\/1office.co\/portugal\/sv\/"},{"@type":"ListItem","position":2,"name":"Shop","item":"https:\/\/1office.co\/portugal\/shop\/"},{"@type":"ListItem","position":3,"name":"Timavgift f\u00f6r bokf\u00f6ringstj\u00e4nster"}]},{"@type":"WebSite","@id":"https:\/\/1office.co\/portugal\/#website","url":"https:\/\/1office.co\/portugal\/","name":"1Office Portugal","description":"Making Business Simple","potentialAction":[{"@type":"SearchAction","target":{"@type":"EntryPoint","urlTemplate":"https:\/\/1office.co\/portugal\/?s={search_term_string}"},"query-input":{"@type":"PropertyValueSpecification","valueRequired":true,"valueName":"search_term_string"}}],"inLanguage":"sv-SE"}]}},"_links":{"self":[{"href":"https:\/\/1office.co\/portugal\/sv\/wp-json\/wp\/v2\/product\/57789","targetHints":{"allow":["GET"]}}],"collection":[{"href":"https:\/\/1office.co\/portugal\/sv\/wp-json\/wp\/v2\/product"}],"about":[{"href":"https:\/\/1office.co\/portugal\/sv\/wp-json\/wp\/v2\/types\/product"}],"wp:featuredmedia":[{"embeddable":true,"href":"https:\/\/1office.co\/portugal\/sv\/wp-json\/wp\/v2\/media\/53871"}],"wp:attachment":[{"href":"https:\/\/1office.co\/portugal\/sv\/wp-json\/wp\/v2\/media?parent=57789"}],"wp:term":[{"taxonomy":"product_brand","embeddable":true,"href":"https:\/\/1office.co\/portugal\/sv\/wp-json\/wp\/v2\/product_brand?post=57789"},{"taxonomy":"product_cat","embeddable":true,"href":"https:\/\/1office.co\/portugal\/sv\/wp-json\/wp\/v2\/product_cat?post=57789"},{"taxonomy":"product_tag","embeddable":true,"href":"https:\/\/1office.co\/portugal\/sv\/wp-json\/wp\/v2\/product_tag?post=57789"}],"curies":[{"name":"wp","href":"https:\/\/api.w.org\/{rel}","templated":true}]}}