{"id":57791,"date":"2017-08-10T10:40:14","date_gmt":"2017-08-10T10:40:14","guid":{"rendered":"https:\/\/1office.co\/portugal\/product\/annual-report\/"},"modified":"2020-01-29T14:38:26","modified_gmt":"2020-01-29T14:38:26","slug":"annual-report","status":"publish","type":"product","link":"https:\/\/1office.co\/portugal\/sv\/produkt\/annual-report\/","title":{"rendered":"\u00c5rsredovisning"},"content":{"rendered":"<div class=\"wpb-content-wrapper\"><p>[vc_row][vc_column]<div id=\"advanced-tabs-desc-wrap-3988\" class=\"ult_tabs product_tabs\" style=\" \" data-tabsstyle=\"style1\"\n data-titlebg=\"#ffffff\" data-titlecolor=\"#b6b8ba\" data-fullheight=\"off\"\n data-titlehoverbg=\"#ffffff\" data-titlehovercolor=\"#1d1e23\"\n data-rotatetabs=\"0\" data-responsivemode=\"Both\" data-animation=\"Slide\"\ndata-activetitle=\"#1d1e23\" data-activeicon=\"\" data-activebg=\"#ffffff\"  data-respmode=\"Tabs\" data-respwidth=\"400\" data-scroll = \"on\" data-activeindex=\"1\"><ul id=advanced-tabs-wrap-9605 class=\"ult_tabmenu style1 \" style=\"\"><li class=\"ult_tab_li  \" data-iconcolor=\"#74777b\" data-iconhover=\"#ffffff\" style=\"background-color:#ffffff;border-color:transparent;border-width:0px;border-style:solid;border-top-left-radius:8px;\">\n\t\t\t\t\t<a href=\"#1512642751410-8cbfe-4c64\"  id=\"1512642751410-8cbfe-4c64\"  style=\"color:#b6b8ba;; padding:15px; \" class=\"ult_a  \">\n\t\t\t\t\t     <span class=\"ult_tab_main Both \">\n\t\t\t\t\t \t\t <span class=\"ult_tab_section\">\n\t\t\t\t\t   \t\t\t<span  data-ultimate-target='#advanced-tabs-wrap-9605 .ult-span-text'  data-responsive-json-new='{\"font-size\":\"desktop:14px;\",\"line-height\":\"\"}'  class=\"ult-span-text no_icon ult_tab_display_text ult-responsive\" style=\"font-weight:bold;;\">Beskrivning<\/span>\n\t\t\t\t\t   \t\t<\/span>\n\t\t\t\t\t\t<\/span>\n\t\t\t\t\t<\/a>\n\t\t\t\t\t<\/li><li class=\"ult_tab_li  product-faq\" data-iconcolor=\"#74777b\" data-iconhover=\"#ffffff\" style=\"background-color:#ffffff;border-color:transparent;border-width:0px;border-style:solid;border-top-right-radius:8px;\">\n\t\t\t\t\t<a href=\"#1512642751435-8cbfe-4c64\"  id=\"1512642751435-8cbfe-4c64\"  style=\"color:#b6b8ba;; padding:15px; \" class=\"ult_a  \">\n\t\t\t\t\t     <span class=\"ult_tab_main Both \">\n\t\t\t\t\t \t\t <span class=\"ult_tab_section\">\n\t\t\t\t\t   \t\t\t<span  data-ultimate-target='#advanced-tabs-wrap-9605 .ult-span-text'  data-responsive-json-new='{\"font-size\":\"desktop:14px;\",\"line-height\":\"\"}'  class=\"ult-span-text no_icon ult_tab_display_text ult-responsive\" style=\"font-weight:bold;;\">Vanliga fr\u00e5gor<\/span>\n\t\t\t\t\t   \t\t<\/span>\n\t\t\t\t\t\t<\/span>\n\t\t\t\t\t<\/a>\n\t\t\t\t\t<\/li><\/ul><div  data-ultimate-target='#advanced-tabs-desc-wrap-3988 .ult_tabcontent .ult_tab_min_contain  p'  data-responsive-json-new='{\"font-size\":\"\",\"line-height\":\"\"}' class=\"ult_tabcontent ult-responsive style1\" style=\"color:#74777b;\"><div class=\"ult_tab_min_contain \" >\n\t\t\t<div  class=\"ult_tabitemname\"  >\n\t\t\t\t[vc_column_text]Inl\u00e4mnande av en \u00e5rsredovisning \u00e4r obligatoriskt f\u00f6r alla f\u00f6retag registrerade i Litauen \u00e4ven om f\u00f6retaget inte har haft n\u00e5gon verksamhet under r\u00e4kenskaps\u00e5ret. \u00c5rsredovisningen m\u00e5ste godk\u00e4nnas vid den \u00e5rliga bolagsst\u00e4mman inom 4 m\u00e5nader efter r\u00e4kenskaps\u00e5rets slut. \u00c5rsredovisningen m\u00e5ste l\u00e4mnas in till bolagsregistret inom 30 dagar efter bolagsst\u00e4mman<\/p>\n<p>All l\u00f6pande bokf\u00f6ring m\u00e5ste vara avslutad innan \u00e5rsredovisningen b\u00f6rjar sammanst\u00e4llas.<\/p>\n<p><strong>I priset f\u00f6r \u00e5rsredovisningen ing\u00e5r:<\/strong><br \/>\n\u2022 F\u00f6rvaltningsber\u00e4ttelse<br \/>\n\u2022 Balansr\u00e4kning<br \/>\n\u2022 Resultatr\u00e4kning<br \/>\n\u2022 Kassafl\u00f6desanalys<br \/>\n\u2022 F\u00f6r\u00e4ndringar i eget kapital<br \/>\n\u2022 Noter till \u00e5rsredovisningen<br \/>\n\u2022 Inl\u00e4mnande av \u00e5rsredovisning till bolagsregistret<br \/>\n\u2022 Bolagets inkomstdeklaration<br \/>\n\u2022 Inl\u00e4mnande av deklarationen till Nationella skatteinspektionen<\/p>\n<p>Om den l\u00f6pande bokf\u00f6ringen f\u00f6r r\u00e4kenskaps\u00e5ret inte har gjorts (eller inte har gjorts korrekt), tillkommer en extra avgift grundad p\u00e5 bokf\u00f6ringsspecialistens arbetstimmar. Det exakta inneh\u00e5llet och formen p\u00e5 \u00e5rsredovisningen beror p\u00e5 f\u00f6retagets storlek och n\u00e4ringsgren.<\/p>\n<p><strong>Processfl\u00f6de:<\/strong><br \/>\n\u2022 Om ditt f\u00f6retags l\u00f6pande bokf\u00f6ring inte utf\u00f6rs av 1Office m\u00e5ste du skicka in alla k\u00e4lldokument (kontoutdrag, ink\u00f6ps- och f\u00f6rs\u00e4ljningsfakturor) som underlag f\u00f6r v\u00e5r prisoffert<br \/>\n\u2022 Vi avtalar om n\u00f6dv\u00e4ndigt arbete och ett slutpris<br \/>\n\u2022 Vi g\u00e5r igenom dokumenten, sammanst\u00e4ller dessa f\u00f6r en \u00e5rsredovisning och skickar den till dig<br \/>\n\u2022 Du m\u00e5ste l\u00e4mna in \u00e5rsredovisningen till bolagsregistret personligen. Om du har utsett oss som officiell bokf\u00f6ringsansvarig hos Skattmyndigheten kan vi g\u00f6ra det \u00e5t dig. Eller s\u00e5 kan vi f\u00f6retr\u00e4da dig genom en fullmakt mot en extra avgift.[\/vc_column_text]\n\t\t\t<\/div>\n\t\t\t<div  class=\"ult_tabitemname\"  >\n\t\t\t\t[vc_toggle title=&#8221;1. Vem ska l\u00e4mna in \u00e5rsredovisningen?&#8221; style=&#8221;arrow&#8221; custom_font_container=&#8221;tag:h5|text_align:left|color:%230c0c0c&#8221; custom_use_theme_fonts=&#8221;yes&#8221; use_custom_heading=&#8221;true&#8221;]\u00c5rsredovisningen m\u00e5ste l\u00e4mnas in av f\u00f6retagets chef, bokf\u00f6ringsansvarig eller annan bemyndigad person. Som din officiella bokf\u00f6ringsansvarige, registrerad hos Skattemyndigheten, g\u00f6r vi det \u00e5t dig.[\/vc_toggle][vc_toggle title=&#8221;2. Vad h\u00e4nder om jag inte l\u00e4mnar in \u00e5rsredovisningen?&#8221; style=&#8221;arrow&#8221; custom_font_container=&#8221;tag:h5|text_align:left|color:%230c0c0c&#8221; custom_use_theme_fonts=&#8221;yes&#8221; use_custom_heading=&#8221;true&#8221;]Att inte l\u00e4mna in \u00e5rsredovisning kan f\u00e5 p\u00e5f\u00f6ljder. F\u00f6retaget kan \u00e4ven avregistreras fr\u00e5n bolagsregistret.[\/vc_toggle]\n\t\t\t<\/div><\/div><\/div><\/div><div class=\"ult_acord advanced-tabs-desc-wrap-3988\">\n   <div class=\"ult-tabto-accordion \" style=\"width:;\"\n    data-titlecolor=\"#b6b8ba\"  data-titlebg=\"#ffffff\"\n     data-titlehoverbg=\"#ffffff\" data-titlehovercolor=\"#1d1e23\" data-animation=\"Slide\"\n     data-activetitle=\"#1d1e23\" data-activeicon=\"\" data-activebg=\"#ffffff\" data-scroll = \"on\" data-activeindex=\"1\" >\n     <dl><dt class=\"\">\n\t        \t<a class=\"ult-tabto-actitle withBorder ult_a \" id=\"1512642751410-8cbfe-4c64\" style=\"color:#b6b8ba;;background-color:#ffffff;border-bottom-color:transparent;border-bottom-width:0px;border-bottom-style:solid;\" href=\"#1512642751410-8cbfe-4c64\">\n\t        \t\t<i class=\"accordion-icon\"><\/i>\n\t        \t\t\t<span class=\"ult_tab_main ult_ac_main ult_noacordicnBoth\">\n\n\t\t\t\t\t\t<span  data-ultimate-target='#advanced-tabs-wrap-9605 .ult-span-text'  data-responsive-json-new='{\"font-size\":\"desktop:14px;\",\"line-height\":\"\"}'  class=\"ult-span-text no_icon ult_acordian-text ult-responsive\" style=\"font-weight:bold;;color:inherit \" >Beskrivning<\/span>\n\t\t\t\t\t\t<\/span><\/a><\/dt>\n\t            \t\t<dd class=\"ult-tabto-accordionItem ult-tabto-accolapsed\">\n\t\t\t\t            <div class=\"ult-tabto-acontent\" style=\"color:#74777b;\">\n\t\t\t\t               [vc_column_text]Inl\u00e4mnande av en \u00e5rsredovisning \u00e4r obligatoriskt f\u00f6r alla f\u00f6retag registrerade i Litauen \u00e4ven om f\u00f6retaget inte har haft n\u00e5gon verksamhet under r\u00e4kenskaps\u00e5ret. \u00c5rsredovisningen m\u00e5ste godk\u00e4nnas vid den \u00e5rliga bolagsst\u00e4mman inom 4 m\u00e5nader efter r\u00e4kenskaps\u00e5rets slut. \u00c5rsredovisningen m\u00e5ste l\u00e4mnas in till bolagsregistret inom 30 dagar efter bolagsst\u00e4mman<\/p>\n<p>All l\u00f6pande bokf\u00f6ring m\u00e5ste vara avslutad innan \u00e5rsredovisningen b\u00f6rjar sammanst\u00e4llas.<\/p>\n<p><strong>I priset f\u00f6r \u00e5rsredovisningen ing\u00e5r:<\/strong><br \/>\n\u2022 F\u00f6rvaltningsber\u00e4ttelse<br \/>\n\u2022 Balansr\u00e4kning<br \/>\n\u2022 Resultatr\u00e4kning<br \/>\n\u2022 Kassafl\u00f6desanalys<br \/>\n\u2022 F\u00f6r\u00e4ndringar i eget kapital<br \/>\n\u2022 Noter till \u00e5rsredovisningen<br \/>\n\u2022 Inl\u00e4mnande av \u00e5rsredovisning till bolagsregistret<br \/>\n\u2022 Bolagets inkomstdeklaration<br \/>\n\u2022 Inl\u00e4mnande av deklarationen till Nationella skatteinspektionen<\/p>\n<p>Om den l\u00f6pande bokf\u00f6ringen f\u00f6r r\u00e4kenskaps\u00e5ret inte har gjorts (eller inte har gjorts korrekt), tillkommer en extra avgift grundad p\u00e5 bokf\u00f6ringsspecialistens arbetstimmar. Det exakta inneh\u00e5llet och formen p\u00e5 \u00e5rsredovisningen beror p\u00e5 f\u00f6retagets storlek och n\u00e4ringsgren.<\/p>\n<p><strong>Processfl\u00f6de:<\/strong><br \/>\n\u2022 Om ditt f\u00f6retags l\u00f6pande bokf\u00f6ring inte utf\u00f6rs av 1Office m\u00e5ste du skicka in alla k\u00e4lldokument (kontoutdrag, ink\u00f6ps- och f\u00f6rs\u00e4ljningsfakturor) som underlag f\u00f6r v\u00e5r prisoffert<br \/>\n\u2022 Vi avtalar om n\u00f6dv\u00e4ndigt arbete och ett slutpris<br \/>\n\u2022 Vi g\u00e5r igenom dokumenten, sammanst\u00e4ller dessa f\u00f6r en \u00e5rsredovisning och skickar den till dig<br \/>\n\u2022 Du m\u00e5ste l\u00e4mna in \u00e5rsredovisningen till bolagsregistret personligen. Om du har utsett oss som officiell bokf\u00f6ringsansvarig hos Skattmyndigheten kan vi g\u00f6ra det \u00e5t dig. Eller s\u00e5 kan vi f\u00f6retr\u00e4da dig genom en fullmakt mot en extra avgift.[\/vc_column_text]\n\t\t\t\t            <\/div>\n\t        \t\t\t<\/dd><dt class=\"product-faq\">\n\t        \t<a class=\"ult-tabto-actitle withBorder ult_a \" id=\"1512642751435-8cbfe-4c64\" style=\"color:#b6b8ba;;background-color:#ffffff;border-bottom-color:transparent;border-bottom-width:0px;border-bottom-style:solid;border-bottom-color:transparent;border-bottom-width:0px;border-bottom-style:solid;\" href=\"#1512642751435-8cbfe-4c64\">\n\t        \t\t<i class=\"accordion-icon\"><\/i>\n\t        \t\t\t<span class=\"ult_tab_main ult_ac_main ult_noacordicnBoth\">\n\n\t\t\t\t\t\t<span  data-ultimate-target='#advanced-tabs-wrap-9605 .ult-span-text'  data-responsive-json-new='{\"font-size\":\"desktop:14px;\",\"line-height\":\"\"}'  class=\"ult-span-text no_icon ult_acordian-text ult-responsive\" style=\"font-weight:bold;;color:inherit \" >Vanliga fr\u00e5gor<\/span>\n\t\t\t\t\t\t<\/span><\/a><\/dt>\n\t            \t\t<dd class=\"ult-tabto-accordionItem ult-tabto-accolapsed\">\n\t\t\t\t            <div class=\"ult-tabto-acontent\" style=\"color:#74777b;\">\n\t\t\t\t               [vc_toggle title=&#8221;1. Vem ska l\u00e4mna in \u00e5rsredovisningen?&#8221; style=&#8221;arrow&#8221; custom_font_container=&#8221;tag:h5|text_align:left|color:%230c0c0c&#8221; custom_use_theme_fonts=&#8221;yes&#8221; use_custom_heading=&#8221;true&#8221;]\u00c5rsredovisningen m\u00e5ste l\u00e4mnas in av f\u00f6retagets chef, bokf\u00f6ringsansvarig eller annan bemyndigad person. Som din officiella bokf\u00f6ringsansvarige, registrerad hos Skattemyndigheten, g\u00f6r vi det \u00e5t dig.[\/vc_toggle][vc_toggle title=&#8221;2. Vad h\u00e4nder om jag inte l\u00e4mnar in \u00e5rsredovisningen?&#8221; style=&#8221;arrow&#8221; custom_font_container=&#8221;tag:h5|text_align:left|color:%230c0c0c&#8221; custom_use_theme_fonts=&#8221;yes&#8221; use_custom_heading=&#8221;true&#8221;]Att inte l\u00e4mna in \u00e5rsredovisning kan f\u00e5 p\u00e5f\u00f6ljder. F\u00f6retaget kan \u00e4ven avregistreras fr\u00e5n bolagsregistret.[\/vc_toggle]\n\t\t\t\t            <\/div>\n\t        \t\t\t<\/dd>\n    \t<\/dl>\n    <!--<div class=\"extraborder\" style=\"background-color:#ffffff\"><\/div>-->\n<\/div>\n\n<\/div>[\/vc_column][\/vc_row]<\/p>\n<\/div>","protected":false},"excerpt":{"rendered":"<p>Varje f\u00f6retag som \u00e4r registrerat i Litauen m\u00e5ste l\u00e4mna in en \u00e5rsredovisning till det Litauiska bolagsregistret. Den m\u00e5ste g\u00f6ras p\u00e5 litauiska och i den officiella valutan i Litauen (EUR).<\/p>\n","protected":false},"featured_media":57442,"template":"","meta":{"_acf_changed":false,"inline_featured_image":false},"product_brand":[],"product_cat":[363],"product_tag":[364],"class_list":{"0":"post-57791","1":"product","2":"type-product","3":"status-publish","4":"has-post-thumbnail","6":"product_cat-accounting-sv","7":"product_tag-lithuania-sv","8":"description-off","10":"first","11":"instock","12":"virtual","13":"taxable","14":"purchasable","15":"product-type-simple"},"bundled_by":[],"bundle_stock_status":"instock","bundle_stock_quantity":null,"bundle_virtual":false,"bundle_layout":"","bundle_add_to_cart_form_location":"","bundle_editable_in_cart":false,"bundle_sold_individually_context":"","bundle_item_grouping":"","bundle_min_size":"","bundle_max_size":"","bundle_price":[],"bundled_items":[],"bundle_sell_ids":[],"acf":[],"yoast_head":"<!-- This site is optimized with the Yoast SEO Premium plugin v22.1 (Yoast SEO v27.0) - https:\/\/yoast.com\/product\/yoast-seo-premium-wordpress\/ -->\n<title>\u00c5rsredovisning - 1Office Portugal<\/title>\n<meta name=\"description\" content=\"Every company registered in Portugal has to submit annual report to the Portugaln Center of Registers. It has to be prepared in Portugaln and in the currency officially applicable in Portugal (EUR).\" \/>\n<meta name=\"robots\" content=\"noindex, follow, max-snippet:-1, max-image-preview:large, max-video-preview:-1\" \/>\n<meta property=\"og:locale\" content=\"sv_SE\" \/>\n<meta property=\"og:type\" content=\"article\" \/>\n<meta property=\"og:title\" content=\"\u00c5rsredovisning\" \/>\n<meta property=\"og:description\" content=\"Every company registered in Portugal has to submit annual report to the Portugaln Center of Registers. It has to be prepared in Portugaln and in the currency officially applicable in Portugal (EUR).\" \/>\n<meta property=\"og:url\" content=\"https:\/\/1office.co\/portugal\/sv\/produkt\/annual-report\/\" \/>\n<meta property=\"og:site_name\" content=\"1Office Portugal\" \/>\n<meta property=\"article:modified_time\" content=\"2020-01-29T14:38:26+00:00\" \/>\n<meta property=\"og:image\" content=\"https:\/\/1office.co\/portugal\/wp-content\/uploads\/sites\/17\/2017\/08\/pexels-photo-442574.jpeg\" \/>\n\t<meta property=\"og:image:width\" content=\"1920\" \/>\n\t<meta property=\"og:image:height\" content=\"1280\" \/>\n\t<meta property=\"og:image:type\" content=\"image\/jpeg\" \/>\n<meta name=\"twitter:card\" content=\"summary_large_image\" \/>\n<meta name=\"twitter:label1\" content=\"Ber\u00e4knad l\u00e4stid\" \/>\n\t<meta name=\"twitter:data1\" content=\"2 minuter\" \/>\n<script type=\"application\/ld+json\" class=\"yoast-schema-graph\">{\"@context\":\"https:\/\/schema.org\",\"@graph\":[{\"@type\":\"WebPage\",\"@id\":\"https:\/\/1office.co\/portugal\/sv\/produkt\/annual-report\/\",\"url\":\"https:\/\/1office.co\/portugal\/sv\/produkt\/annual-report\/\",\"name\":\"\u00c5rsredovisning - 1Office Portugal\",\"isPartOf\":{\"@id\":\"https:\/\/1office.co\/portugal\/#website\"},\"primaryImageOfPage\":{\"@id\":\"https:\/\/1office.co\/portugal\/sv\/produkt\/annual-report\/#primaryimage\"},\"image\":{\"@id\":\"https:\/\/1office.co\/portugal\/sv\/produkt\/annual-report\/#primaryimage\"},\"thumbnailUrl\":\"https:\/\/1office.co\/portugal\/wp-content\/uploads\/sites\/17\/2017\/08\/pexels-photo-442574.jpeg\",\"datePublished\":\"2017-08-10T10:40:14+00:00\",\"dateModified\":\"2020-01-29T14:38:26+00:00\",\"description\":\"Every company registered in Portugal has to submit annual report to the Portugaln Center of Registers. It has to be prepared in Portugaln and in the currency officially applicable in Portugal (EUR).\",\"breadcrumb\":{\"@id\":\"https:\/\/1office.co\/portugal\/sv\/produkt\/annual-report\/#breadcrumb\"},\"inLanguage\":\"sv-SE\",\"potentialAction\":[{\"@type\":\"ReadAction\",\"target\":[\"https:\/\/1office.co\/portugal\/sv\/produkt\/annual-report\/\"]}]},{\"@type\":\"ImageObject\",\"inLanguage\":\"sv-SE\",\"@id\":\"https:\/\/1office.co\/portugal\/sv\/produkt\/annual-report\/#primaryimage\",\"url\":\"https:\/\/1office.co\/portugal\/wp-content\/uploads\/sites\/17\/2017\/08\/pexels-photo-442574.jpeg\",\"contentUrl\":\"https:\/\/1office.co\/portugal\/wp-content\/uploads\/sites\/17\/2017\/08\/pexels-photo-442574.jpeg\",\"width\":1920,\"height\":1280},{\"@type\":\"BreadcrumbList\",\"@id\":\"https:\/\/1office.co\/portugal\/sv\/produkt\/annual-report\/#breadcrumb\",\"itemListElement\":[{\"@type\":\"ListItem\",\"position\":1,\"name\":\"Home\",\"item\":\"https:\/\/1office.co\/portugal\/sv\/\"},{\"@type\":\"ListItem\",\"position\":2,\"name\":\"Shop\",\"item\":\"https:\/\/1office.co\/portugal\/shop\/\"},{\"@type\":\"ListItem\",\"position\":3,\"name\":\"\u00c5rsredovisning\"}]},{\"@type\":\"WebSite\",\"@id\":\"https:\/\/1office.co\/portugal\/#website\",\"url\":\"https:\/\/1office.co\/portugal\/\",\"name\":\"1Office Portugal\",\"description\":\"Making Business Simple\",\"potentialAction\":[{\"@type\":\"SearchAction\",\"target\":{\"@type\":\"EntryPoint\",\"urlTemplate\":\"https:\/\/1office.co\/portugal\/?s={search_term_string}\"},\"query-input\":{\"@type\":\"PropertyValueSpecification\",\"valueRequired\":true,\"valueName\":\"search_term_string\"}}],\"inLanguage\":\"sv-SE\"}]}<\/script>\n<!-- \/ Yoast SEO Premium plugin. -->","yoast_head_json":{"title":"\u00c5rsredovisning - 1Office Portugal","description":"Every company registered in Portugal has to submit annual report to the Portugaln Center of Registers. It has to be prepared in Portugaln and in the currency officially applicable in Portugal (EUR).","robots":{"index":"noindex","follow":"follow","max-snippet":"max-snippet:-1","max-image-preview":"max-image-preview:large","max-video-preview":"max-video-preview:-1"},"og_locale":"sv_SE","og_type":"article","og_title":"\u00c5rsredovisning","og_description":"Every company registered in Portugal has to submit annual report to the Portugaln Center of Registers. It has to be prepared in Portugaln and in the currency officially applicable in Portugal (EUR).","og_url":"https:\/\/1office.co\/portugal\/sv\/produkt\/annual-report\/","og_site_name":"1Office Portugal","article_modified_time":"2020-01-29T14:38:26+00:00","og_image":[{"width":1920,"height":1280,"url":"https:\/\/1office.co\/portugal\/wp-content\/uploads\/sites\/17\/2017\/08\/pexels-photo-442574.jpeg","type":"image\/jpeg"}],"twitter_card":"summary_large_image","twitter_misc":{"Ber\u00e4knad l\u00e4stid":"2 minuter"},"schema":{"@context":"https:\/\/schema.org","@graph":[{"@type":"WebPage","@id":"https:\/\/1office.co\/portugal\/sv\/produkt\/annual-report\/","url":"https:\/\/1office.co\/portugal\/sv\/produkt\/annual-report\/","name":"\u00c5rsredovisning - 1Office Portugal","isPartOf":{"@id":"https:\/\/1office.co\/portugal\/#website"},"primaryImageOfPage":{"@id":"https:\/\/1office.co\/portugal\/sv\/produkt\/annual-report\/#primaryimage"},"image":{"@id":"https:\/\/1office.co\/portugal\/sv\/produkt\/annual-report\/#primaryimage"},"thumbnailUrl":"https:\/\/1office.co\/portugal\/wp-content\/uploads\/sites\/17\/2017\/08\/pexels-photo-442574.jpeg","datePublished":"2017-08-10T10:40:14+00:00","dateModified":"2020-01-29T14:38:26+00:00","description":"Every company registered in Portugal has to submit annual report to the Portugaln Center of Registers. It has to be prepared in Portugaln and in the currency officially applicable in Portugal (EUR).","breadcrumb":{"@id":"https:\/\/1office.co\/portugal\/sv\/produkt\/annual-report\/#breadcrumb"},"inLanguage":"sv-SE","potentialAction":[{"@type":"ReadAction","target":["https:\/\/1office.co\/portugal\/sv\/produkt\/annual-report\/"]}]},{"@type":"ImageObject","inLanguage":"sv-SE","@id":"https:\/\/1office.co\/portugal\/sv\/produkt\/annual-report\/#primaryimage","url":"https:\/\/1office.co\/portugal\/wp-content\/uploads\/sites\/17\/2017\/08\/pexels-photo-442574.jpeg","contentUrl":"https:\/\/1office.co\/portugal\/wp-content\/uploads\/sites\/17\/2017\/08\/pexels-photo-442574.jpeg","width":1920,"height":1280},{"@type":"BreadcrumbList","@id":"https:\/\/1office.co\/portugal\/sv\/produkt\/annual-report\/#breadcrumb","itemListElement":[{"@type":"ListItem","position":1,"name":"Home","item":"https:\/\/1office.co\/portugal\/sv\/"},{"@type":"ListItem","position":2,"name":"Shop","item":"https:\/\/1office.co\/portugal\/shop\/"},{"@type":"ListItem","position":3,"name":"\u00c5rsredovisning"}]},{"@type":"WebSite","@id":"https:\/\/1office.co\/portugal\/#website","url":"https:\/\/1office.co\/portugal\/","name":"1Office Portugal","description":"Making Business Simple","potentialAction":[{"@type":"SearchAction","target":{"@type":"EntryPoint","urlTemplate":"https:\/\/1office.co\/portugal\/?s={search_term_string}"},"query-input":{"@type":"PropertyValueSpecification","valueRequired":true,"valueName":"search_term_string"}}],"inLanguage":"sv-SE"}]}},"_links":{"self":[{"href":"https:\/\/1office.co\/portugal\/sv\/wp-json\/wp\/v2\/product\/57791","targetHints":{"allow":["GET"]}}],"collection":[{"href":"https:\/\/1office.co\/portugal\/sv\/wp-json\/wp\/v2\/product"}],"about":[{"href":"https:\/\/1office.co\/portugal\/sv\/wp-json\/wp\/v2\/types\/product"}],"wp:featuredmedia":[{"embeddable":true,"href":"https:\/\/1office.co\/portugal\/sv\/wp-json\/wp\/v2\/media\/57442"}],"wp:attachment":[{"href":"https:\/\/1office.co\/portugal\/sv\/wp-json\/wp\/v2\/media?parent=57791"}],"wp:term":[{"taxonomy":"product_brand","embeddable":true,"href":"https:\/\/1office.co\/portugal\/sv\/wp-json\/wp\/v2\/product_brand?post=57791"},{"taxonomy":"product_cat","embeddable":true,"href":"https:\/\/1office.co\/portugal\/sv\/wp-json\/wp\/v2\/product_cat?post=57791"},{"taxonomy":"product_tag","embeddable":true,"href":"https:\/\/1office.co\/portugal\/sv\/wp-json\/wp\/v2\/product_tag?post=57791"}],"curies":[{"name":"wp","href":"https:\/\/api.w.org\/{rel}","templated":true}]}}