{"id":64241,"date":"2017-11-30T08:51:24","date_gmt":"2017-11-30T08:51:24","guid":{"rendered":"https:\/\/1office.co\/career\/"},"modified":"2020-10-21T12:11:46","modified_gmt":"2020-10-21T12:11:46","slug":"karriarmojligheter-2","status":"publish","type":"page","link":"https:\/\/1office.co\/sv\/karriarmojligheter-2\/","title":{"rendered":"Karri\u00e4rm\u00f6jligheter"},"content":{"rendered":"<div class=\"wpb-content-wrapper\"><p>[vc_row full_width=&#8221;stretch_row&#8221; bg_type=&#8221;image&#8221; parallax_style=&#8221;vcpb-default&#8221; bg_image_new=&#8221;id^60953|url^https:\/\/1office.co\/wp-content\/uploads\/2017\/11\/pexels-photo-401684.jpeg|caption^null|alt^null|title^pexels-photo-401684|description^null&#8221; bg_image_repeat=&#8221;no-repeat&#8221; bg_img_attach=&#8221;fixed&#8221; bg_image_posiiton=&#8221;0 10%&#8221; seperator_enable=&#8221;seperator_enable_value&#8221; seperator_type=&#8221;tilt_left_seperator&#8221; seperator_position=&#8221;bottom_seperator&#8221; el_class=&#8221;one-blog-head one-higher&#8221;][vc_column]<div id=\"ultimate-heading-916069e35310db42d\" class=\"uvc-heading ult-adjust-bottom-margin ultimate-heading-916069e35310db42d uvc-3068 \" data-hspacer=\"no_spacer\"  data-halign=\"left\" style=\"text-align:left\"><div class=\"uvc-heading-spacer no_spacer\" style=\"top\"><\/div><div class=\"uvc-main-heading ult-responsive\"  data-ultimate-target='.uvc-heading.ultimate-heading-916069e35310db42d h1'  data-responsive-json-new='{\"font-size\":\"desktop:42px;\",\"line-height\":\"\"}' ><h1 style=\"font-weight:bold;color:#ffffff;\">KARRI\u00c4RM\u00d6JLIGHETER I 1OFFICE<\/h1><\/div><\/div>[\/vc_column][\/vc_row][vc_row main_heading=&#8221;Why choose 1Office&#8221; main_heading_color=&#8221;&#8221; heading_tag=&#8221;h2&#8243; sub_heading_color=&#8221;#999999&#8243; alignment=&#8221;center&#8221; spacer=&#8221;line_only&#8221; spacer_position=&#8221;middle&#8221; spacer_img_width=&#8221;48&#8243; line_style=&#8221;solid&#8221; line_height=&#8221;3&#8243; line_color=&#8221;&#8221; line_icon_fixer=&#8221;10&#8243; sub_heading_style=&#8221;font-style:italic;&#8221; sub_heading_font_size=&#8221;desktop:18px;&#8221; sub_heading_line_height=&#8221;desktop:28px;&#8221; main_heading_style=&#8221;font-weight:bold;&#8221; main_heading_margin=&#8221;margin-bottom:15px;&#8221; line_width=&#8221;200&#8243; el_class=&#8221;accent-border-color&#8221; main_heading_font_size=&#8221;desktop:34px;&#8221; main_heading_line_height=&#8221;desktop:44px;&#8221; margin_design_tab_text=&#8221;&#8221; main_heading_typograpy=&#8221;&#8221; main_heading_font_family=&#8221;&#8221; sub_heading_typograpy=&#8221;&#8221; sub_heading_font_family=&#8221;&#8221; sub_heading_margin=&#8221;&#8221; spacer_img=&#8221;&#8221; spacer_margin=&#8221;&#8221;][vc_column]<div id=\"ultimate-heading-150369e35310db485\" class=\"uvc-heading ult-adjust-bottom-margin ultimate-heading-150369e35310db485 uvc-9940 accent-border-color\" data-hspacer=\"line_only\"  data-halign=\"center\" style=\"text-align:center\"><div class=\"uvc-main-heading ult-responsive\"  data-ultimate-target='.uvc-heading.ultimate-heading-150369e35310db485 h2'  data-responsive-json-new='{\"font-size\":\"desktop:34px;\",\"line-height\":\"desktop:44px;\"}' ><h2 style=\"font-weight:bold;margin-bottom:15px;\">Karri\u00e4rm\u00f6jligheter<\/h2><\/div><div class=\"uvc-heading-spacer line_only\" style=\"topheight:3px;\"><span class=\"uvc-headings-line\" style=\"border-style:solid;border-bottom-width:3px;border-color:;width:200px;\"><\/span><\/div><\/div>[vc_empty_space][\/vc_column][\/vc_row][vc_row][vc_column][vc_column_text]<\/p>\n<h5 style=\"text-align: center\">1Office \u00e4r ett snabbt v\u00e4xande f\u00f6retag med kontor i Estland, Sverige, Finland, Storbritannien, Lettland och Litauen.<\/h5>\n<h5 style=\"text-align: center\">V\u00e5rt team best\u00e5ende av revisorer, jurister och skatter\u00e5dgivare hj\u00e4lper entrepren\u00f6rer att starta, driva och utveckla sin verksamhet.<\/h5>\n<p>[\/vc_column_text][\/vc_column][\/vc_row][vc_row][vc_column][vc_separator][\/vc_column][\/vc_row][vc_row][vc_column][vc_column_text]<\/p>\n<p style=\"text-align: left\">M\u00e4nniskor \u00e4r v\u00e5r st\u00f6rsta tillg\u00e5ng och vi s\u00f6ker alltid efter sk\u00e4rpta sinnen som kan ansluta till v\u00e5rt team. Skicka g\u00e4rna ditt CV och ett personligt brev till cv@1office.co \u00e4ven om du inte hittar n\u00e5gonting l\u00e4mpligt just nu.<\/p>\n<p>[\/vc_column_text][\/vc_column][\/vc_row][vc_row][vc_column width=&#8221;1\/3&#8243;][vc_empty_space height=&#8221;50&#8243;][\/vc_column][vc_column width=&#8221;1\/3&#8243;][vc_empty_space height=&#8221;50&#8243;][\/vc_column][\/vc_row][vc_row][vc_column width=&#8221;1\/3&#8243;][vc_empty_space height=&#8221;50&#8243;][\/vc_column][vc_column width=&#8221;1\/3&#8243;][vc_empty_space height=&#8221;50&#8243;][\/vc_column][vc_column width=&#8221;1\/3&#8243;][vc_empty_space height=&#8221;50&#8243;][\/vc_column][\/vc_row][vc_row][vc_column width=&#8221;1\/3&#8243;][vc_empty_space height=&#8221;50px&#8221;][\/vc_column][vc_column width=&#8221;1\/3&#8243;][\/vc_column][vc_column width=&#8221;1\/3&#8243;][\/vc_column][\/vc_row][vc_row][vc_column][vc_empty_space][\/vc_column][\/vc_row]<\/p>\n<\/div>","protected":false},"excerpt":{"rendered":"<p>[vc_row full_width=&#8221;stretch_row&#8221; bg_type=&#8221;image&#8221; parallax_style=&#8221;vcpb-default&#8221; bg_image_new=&#8221;id^60953|url^https:\/\/1office.co\/wp-content\/uploads\/2017\/11\/pexels-photo-401684.jpeg|caption^null|alt^null|title^pexels-photo-401684|description^null&#8221; bg_image_repeat=&#8221;no-repeat&#8221; bg_img_attach=&#8221;fixed&#8221; bg_image_posiiton=&#8221;0 10%&#8221; seperator_enable=&#8221;seperator_enable_value&#8221; seperator_type=&#8221;tilt_left_seperator&#8221; seperator_position=&#8221;bottom_seperator&#8221; el_class=&#8221;one-blog-head one-higher&#8221;][vc_column][\/vc_column][\/vc_row][vc_row main_heading=&#8221;Why choose 1Office&#8221; main_heading_color=&#8221;&#8221; heading_tag=&#8221;h2&#8243; sub_heading_color=&#8221;#999999&#8243; alignment=&#8221;center&#8221; spacer=&#8221;line_only&#8221; spacer_position=&#8221;middle&#8221; spacer_img_width=&#8221;48&#8243; line_style=&#8221;solid&#8221; line_height=&#8221;3&#8243; line_color=&#8221;&#8221; line_icon_fixer=&#8221;10&#8243; sub_heading_style=&#8221;font-style:italic;&#8221; sub_heading_font_size=&#8221;desktop:18px;&#8221; sub_heading_line_height=&#8221;desktop:28px;&#8221; main_heading_style=&#8221;font-weight:bold;&#8221; main_heading_margin=&#8221;margin-bottom:15px;&#8221; line_width=&#8221;200&#8243; el_class=&#8221;accent-border-color&#8221; main_heading_font_size=&#8221;desktop:34px;&#8221; main_heading_line_height=&#8221;desktop:44px;&#8221; margin_design_tab_text=&#8221;&#8221; main_heading_typograpy=&#8221;&#8221; main_heading_font_family=&#8221;&#8221; sub_heading_typograpy=&#8221;&#8221; sub_heading_font_family=&#8221;&#8221; sub_heading_margin=&#8221;&#8221; spacer_img=&#8221;&#8221; spacer_margin=&#8221;&#8221;][vc_column][vc_empty_space][\/vc_column][\/vc_row][vc_row][vc_column][vc_column_text] 1Office \u00e4r ett snabbt v\u00e4xande f\u00f6retag med kontor i Estland,&hellip;<\/p>\n","protected":false},"author":1,"featured_media":71969,"parent":0,"menu_order":142,"comment_status":"closed","ping_status":"closed","template":"","meta":{"_acf_changed":false,"inline_featured_image":false,"footnotes":"","_wp_rev_ctl_limit":""},"class_list":["post-64241","page","type-page","status-publish","has-post-thumbnail","hentry","description-off"],"acf":[],"yoast_head":"<!-- This site is optimized with the Yoast SEO Premium plugin v22.1 (Yoast SEO v27.0) - https:\/\/yoast.com\/product\/yoast-seo-premium-wordpress\/ -->\n<title>Karri\u00e4rm\u00f6jligheter - 1Office<\/title>\n<meta name=\"robots\" content=\"index, follow, max-snippet:-1, max-image-preview:large, max-video-preview:-1\" \/>\n<link rel=\"canonical\" href=\"https:\/\/1office.co\/sv\/karriarmojligheter-2\/\" \/>\n<meta property=\"og:locale\" content=\"sv_SE\" \/>\n<meta property=\"og:type\" content=\"article\" \/>\n<meta property=\"og:title\" content=\"Karri\u00e4rm\u00f6jligheter\" \/>\n<meta property=\"og:description\" content=\"[vc_row full_width=&#8221;stretch_row&#8221; bg_type=&#8221;image&#8221; parallax_style=&#8221;vcpb-default&#8221; bg_image_new=&#8221;id^60953|url^https:\/\/1office.co\/wp-content\/uploads\/2017\/11\/pexels-photo-401684.jpeg|caption^null|alt^null|title^pexels-photo-401684|description^null&#8221; bg_image_repeat=&#8221;no-repeat&#8221; bg_img_attach=&#8221;fixed&#8221; bg_image_posiiton=&#8221;0 10%&#8221; seperator_enable=&#8221;seperator_enable_value&#8221; seperator_type=&#8221;tilt_left_seperator&#8221; seperator_position=&#8221;bottom_seperator&#8221; el_class=&#8221;one-blog-head one-higher&#8221;][vc_column][\/vc_column][\/vc_row][vc_row main_heading=&#8221;Why choose 1Office&#8221; main_heading_color=&#8221;&#8221; heading_tag=&#8221;h2&#8243; sub_heading_color=&#8221;#999999&#8243; alignment=&#8221;center&#8221; spacer=&#8221;line_only&#8221; spacer_position=&#8221;middle&#8221; spacer_img_width=&#8221;48&#8243; line_style=&#8221;solid&#8221; line_height=&#8221;3&#8243; line_color=&#8221;&#8221; line_icon_fixer=&#8221;10&#8243; sub_heading_style=&#8221;font-style:italic;&#8221; sub_heading_font_size=&#8221;desktop:18px;&#8221; sub_heading_line_height=&#8221;desktop:28px;&#8221; main_heading_style=&#8221;font-weight:bold;&#8221; main_heading_margin=&#8221;margin-bottom:15px;&#8221; line_width=&#8221;200&#8243; el_class=&#8221;accent-border-color&#8221; main_heading_font_size=&#8221;desktop:34px;&#8221; main_heading_line_height=&#8221;desktop:44px;&#8221; margin_design_tab_text=&#8221;&#8221; main_heading_typograpy=&#8221;&#8221; main_heading_font_family=&#8221;&#8221; sub_heading_typograpy=&#8221;&#8221; sub_heading_font_family=&#8221;&#8221; sub_heading_margin=&#8221;&#8221; spacer_img=&#8221;&#8221; spacer_margin=&#8221;&#8221;][vc_column][vc_empty_space][\/vc_column][\/vc_row][vc_row][vc_column][vc_column_text] 1Office \u00e4r ett snabbt v\u00e4xande f\u00f6retag med kontor i Estland,&hellip;\" \/>\n<meta property=\"og:url\" content=\"https:\/\/1office.co\/sv\/karriarmojligheter-2\/\" \/>\n<meta property=\"og:site_name\" content=\"1Office\" \/>\n<meta property=\"article:modified_time\" content=\"2020-10-21T12:11:46+00:00\" \/>\n<meta property=\"og:image\" content=\"https:\/\/1office.co\/wp-content\/uploads\/2021\/12\/266177710_670243651022246_4183638024128487083_n-e1639595832182.jpeg\" \/>\n\t<meta property=\"og:image:width\" content=\"1170\" \/>\n\t<meta property=\"og:image:height\" content=\"878\" \/>\n\t<meta property=\"og:image:type\" content=\"image\/jpeg\" \/>\n<meta name=\"twitter:card\" content=\"summary_large_image\" \/>\n<meta name=\"twitter:label1\" content=\"Ber\u00e4knad l\u00e4stid\" \/>\n\t<meta name=\"twitter:data1\" content=\"3 minuter\" \/>\n<script type=\"application\/ld+json\" class=\"yoast-schema-graph\">{\"@context\":\"https:\/\/schema.org\",\"@graph\":[{\"@type\":\"WebPage\",\"@id\":\"https:\/\/1office.co\/sv\/karriarmojligheter-2\/\",\"url\":\"https:\/\/1office.co\/sv\/karriarmojligheter-2\/\",\"name\":\"Karri\u00e4rm\u00f6jligheter - 1Office\",\"isPartOf\":{\"@id\":\"https:\/\/1office.co\/et\/#website\"},\"primaryImageOfPage\":{\"@id\":\"https:\/\/1office.co\/sv\/karriarmojligheter-2\/#primaryimage\"},\"image\":{\"@id\":\"https:\/\/1office.co\/sv\/karriarmojligheter-2\/#primaryimage\"},\"thumbnailUrl\":\"https:\/\/1office.co\/wp-content\/uploads\/2021\/12\/266177710_670243651022246_4183638024128487083_n-e1639595832182.jpeg\",\"datePublished\":\"2017-11-30T08:51:24+00:00\",\"dateModified\":\"2020-10-21T12:11:46+00:00\",\"breadcrumb\":{\"@id\":\"https:\/\/1office.co\/sv\/karriarmojligheter-2\/#breadcrumb\"},\"inLanguage\":\"sv-SE\",\"potentialAction\":[{\"@type\":\"ReadAction\",\"target\":[\"https:\/\/1office.co\/sv\/karriarmojligheter-2\/\"]}]},{\"@type\":\"ImageObject\",\"inLanguage\":\"sv-SE\",\"@id\":\"https:\/\/1office.co\/sv\/karriarmojligheter-2\/#primaryimage\",\"url\":\"https:\/\/1office.co\/wp-content\/uploads\/2021\/12\/266177710_670243651022246_4183638024128487083_n-e1639595832182.jpeg\",\"contentUrl\":\"https:\/\/1office.co\/wp-content\/uploads\/2021\/12\/266177710_670243651022246_4183638024128487083_n-e1639595832182.jpeg\",\"width\":1170,\"height\":878},{\"@type\":\"BreadcrumbList\",\"@id\":\"https:\/\/1office.co\/sv\/karriarmojligheter-2\/#breadcrumb\",\"itemListElement\":[{\"@type\":\"ListItem\",\"position\":1,\"name\":\"Home\",\"item\":\"https:\/\/1office.co\/sv\/office-home-3\/\"},{\"@type\":\"ListItem\",\"position\":2,\"name\":\"Karri\u00e4rm\u00f6jligheter\"}]},{\"@type\":\"WebSite\",\"@id\":\"https:\/\/1office.co\/et\/#website\",\"url\":\"https:\/\/1office.co\/et\/\",\"name\":\"1Office\",\"description\":\"Making Business Simple\",\"publisher\":{\"@id\":\"https:\/\/1office.co\/et\/#organization\"},\"potentialAction\":[{\"@type\":\"SearchAction\",\"target\":{\"@type\":\"EntryPoint\",\"urlTemplate\":\"https:\/\/1office.co\/et\/?s={search_term_string}\"},\"query-input\":{\"@type\":\"PropertyValueSpecification\",\"valueRequired\":true,\"valueName\":\"search_term_string\"}}],\"inLanguage\":\"sv-SE\"},{\"@type\":\"Organization\",\"@id\":\"https:\/\/1office.co\/et\/#organization\",\"name\":\"1Office\",\"url\":\"https:\/\/1office.co\/et\/\",\"logo\":{\"@type\":\"ImageObject\",\"inLanguage\":\"sv-SE\",\"@id\":\"https:\/\/1office.co\/et\/#\/schema\/logo\/image\/\",\"url\":\"https:\/\/1office.co\/wp-content\/uploads\/2018\/01\/1office-invoice-logo-2.png\",\"contentUrl\":\"https:\/\/1office.co\/wp-content\/uploads\/2018\/01\/1office-invoice-logo-2.png\",\"width\":300,\"height\":83,\"caption\":\"1Office\"},\"image\":{\"@id\":\"https:\/\/1office.co\/et\/#\/schema\/logo\/image\/\"}}]}<\/script>\n<!-- \/ Yoast SEO Premium plugin. -->","yoast_head_json":{"title":"Karri\u00e4rm\u00f6jligheter - 1Office","robots":{"index":"index","follow":"follow","max-snippet":"max-snippet:-1","max-image-preview":"max-image-preview:large","max-video-preview":"max-video-preview:-1"},"canonical":"https:\/\/1office.co\/sv\/karriarmojligheter-2\/","og_locale":"sv_SE","og_type":"article","og_title":"Karri\u00e4rm\u00f6jligheter","og_description":"[vc_row full_width=&#8221;stretch_row&#8221; bg_type=&#8221;image&#8221; parallax_style=&#8221;vcpb-default&#8221; bg_image_new=&#8221;id^60953|url^https:\/\/1office.co\/wp-content\/uploads\/2017\/11\/pexels-photo-401684.jpeg|caption^null|alt^null|title^pexels-photo-401684|description^null&#8221; bg_image_repeat=&#8221;no-repeat&#8221; bg_img_attach=&#8221;fixed&#8221; bg_image_posiiton=&#8221;0 10%&#8221; seperator_enable=&#8221;seperator_enable_value&#8221; seperator_type=&#8221;tilt_left_seperator&#8221; seperator_position=&#8221;bottom_seperator&#8221; el_class=&#8221;one-blog-head one-higher&#8221;][vc_column][\/vc_column][\/vc_row][vc_row main_heading=&#8221;Why choose 1Office&#8221; main_heading_color=&#8221;&#8221; heading_tag=&#8221;h2&#8243; sub_heading_color=&#8221;#999999&#8243; alignment=&#8221;center&#8221; spacer=&#8221;line_only&#8221; spacer_position=&#8221;middle&#8221; spacer_img_width=&#8221;48&#8243; line_style=&#8221;solid&#8221; line_height=&#8221;3&#8243; line_color=&#8221;&#8221; line_icon_fixer=&#8221;10&#8243; sub_heading_style=&#8221;font-style:italic;&#8221; sub_heading_font_size=&#8221;desktop:18px;&#8221; sub_heading_line_height=&#8221;desktop:28px;&#8221; main_heading_style=&#8221;font-weight:bold;&#8221; main_heading_margin=&#8221;margin-bottom:15px;&#8221; line_width=&#8221;200&#8243; el_class=&#8221;accent-border-color&#8221; main_heading_font_size=&#8221;desktop:34px;&#8221; main_heading_line_height=&#8221;desktop:44px;&#8221; margin_design_tab_text=&#8221;&#8221; main_heading_typograpy=&#8221;&#8221; main_heading_font_family=&#8221;&#8221; sub_heading_typograpy=&#8221;&#8221; sub_heading_font_family=&#8221;&#8221; sub_heading_margin=&#8221;&#8221; spacer_img=&#8221;&#8221; spacer_margin=&#8221;&#8221;][vc_column][vc_empty_space][\/vc_column][\/vc_row][vc_row][vc_column][vc_column_text] 1Office \u00e4r ett snabbt v\u00e4xande f\u00f6retag med kontor i Estland,&hellip;","og_url":"https:\/\/1office.co\/sv\/karriarmojligheter-2\/","og_site_name":"1Office","article_modified_time":"2020-10-21T12:11:46+00:00","og_image":[{"width":1170,"height":878,"url":"https:\/\/1office.co\/wp-content\/uploads\/2021\/12\/266177710_670243651022246_4183638024128487083_n-e1639595832182.jpeg","type":"image\/jpeg"}],"twitter_card":"summary_large_image","twitter_misc":{"Ber\u00e4knad l\u00e4stid":"3 minuter"},"schema":{"@context":"https:\/\/schema.org","@graph":[{"@type":"WebPage","@id":"https:\/\/1office.co\/sv\/karriarmojligheter-2\/","url":"https:\/\/1office.co\/sv\/karriarmojligheter-2\/","name":"Karri\u00e4rm\u00f6jligheter - 1Office","isPartOf":{"@id":"https:\/\/1office.co\/et\/#website"},"primaryImageOfPage":{"@id":"https:\/\/1office.co\/sv\/karriarmojligheter-2\/#primaryimage"},"image":{"@id":"https:\/\/1office.co\/sv\/karriarmojligheter-2\/#primaryimage"},"thumbnailUrl":"https:\/\/1office.co\/wp-content\/uploads\/2021\/12\/266177710_670243651022246_4183638024128487083_n-e1639595832182.jpeg","datePublished":"2017-11-30T08:51:24+00:00","dateModified":"2020-10-21T12:11:46+00:00","breadcrumb":{"@id":"https:\/\/1office.co\/sv\/karriarmojligheter-2\/#breadcrumb"},"inLanguage":"sv-SE","potentialAction":[{"@type":"ReadAction","target":["https:\/\/1office.co\/sv\/karriarmojligheter-2\/"]}]},{"@type":"ImageObject","inLanguage":"sv-SE","@id":"https:\/\/1office.co\/sv\/karriarmojligheter-2\/#primaryimage","url":"https:\/\/1office.co\/wp-content\/uploads\/2021\/12\/266177710_670243651022246_4183638024128487083_n-e1639595832182.jpeg","contentUrl":"https:\/\/1office.co\/wp-content\/uploads\/2021\/12\/266177710_670243651022246_4183638024128487083_n-e1639595832182.jpeg","width":1170,"height":878},{"@type":"BreadcrumbList","@id":"https:\/\/1office.co\/sv\/karriarmojligheter-2\/#breadcrumb","itemListElement":[{"@type":"ListItem","position":1,"name":"Home","item":"https:\/\/1office.co\/sv\/office-home-3\/"},{"@type":"ListItem","position":2,"name":"Karri\u00e4rm\u00f6jligheter"}]},{"@type":"WebSite","@id":"https:\/\/1office.co\/et\/#website","url":"https:\/\/1office.co\/et\/","name":"1Office","description":"Making Business Simple","publisher":{"@id":"https:\/\/1office.co\/et\/#organization"},"potentialAction":[{"@type":"SearchAction","target":{"@type":"EntryPoint","urlTemplate":"https:\/\/1office.co\/et\/?s={search_term_string}"},"query-input":{"@type":"PropertyValueSpecification","valueRequired":true,"valueName":"search_term_string"}}],"inLanguage":"sv-SE"},{"@type":"Organization","@id":"https:\/\/1office.co\/et\/#organization","name":"1Office","url":"https:\/\/1office.co\/et\/","logo":{"@type":"ImageObject","inLanguage":"sv-SE","@id":"https:\/\/1office.co\/et\/#\/schema\/logo\/image\/","url":"https:\/\/1office.co\/wp-content\/uploads\/2018\/01\/1office-invoice-logo-2.png","contentUrl":"https:\/\/1office.co\/wp-content\/uploads\/2018\/01\/1office-invoice-logo-2.png","width":300,"height":83,"caption":"1Office"},"image":{"@id":"https:\/\/1office.co\/et\/#\/schema\/logo\/image\/"}}]}},"_links":{"self":[{"href":"https:\/\/1office.co\/sv\/wp-json\/wp\/v2\/pages\/64241","targetHints":{"allow":["GET"]}}],"collection":[{"href":"https:\/\/1office.co\/sv\/wp-json\/wp\/v2\/pages"}],"about":[{"href":"https:\/\/1office.co\/sv\/wp-json\/wp\/v2\/types\/page"}],"author":[{"embeddable":true,"href":"https:\/\/1office.co\/sv\/wp-json\/wp\/v2\/users\/1"}],"replies":[{"embeddable":true,"href":"https:\/\/1office.co\/sv\/wp-json\/wp\/v2\/comments?post=64241"}],"version-history":[{"count":0,"href":"https:\/\/1office.co\/sv\/wp-json\/wp\/v2\/pages\/64241\/revisions"}],"wp:featuredmedia":[{"embeddable":true,"href":"https:\/\/1office.co\/sv\/wp-json\/wp\/v2\/media\/71969"}],"wp:attachment":[{"href":"https:\/\/1office.co\/sv\/wp-json\/wp\/v2\/media?parent=64241"}],"curies":[{"name":"wp","href":"https:\/\/api.w.org\/{rel}","templated":true}]}}