{"id":57616,"date":"2017-08-10T10:40:14","date_gmt":"2017-08-10T10:40:14","guid":{"rendered":"https:\/\/1office.co\/sweden\/product\/annual-report\/"},"modified":"2025-09-16T07:38:05","modified_gmt":"2025-09-16T07:38:05","slug":"majandusaasta-aruanne-rootsis","status":"publish","type":"product","link":"https:\/\/1office.co\/sweden\/et\/toode\/majandusaasta-aruanne-rootsis\/","title":{"rendered":"Majandusaasta aruanne Rootsis"},"content":{"rendered":"<div class=\"wpb-content-wrapper\"><p>[vc_row][vc_column]<div id=\"advanced-tabs-desc-wrap-2460\" class=\"ult_tabs product_tabs\" style=\" \" data-tabsstyle=\"style1\"\n data-titlebg=\"#ffffff\" data-titlecolor=\"#b6b8ba\" data-fullheight=\"off\"\n data-titlehoverbg=\"#ffffff\" data-titlehovercolor=\"#1d1e23\"\n data-rotatetabs=\"0\" data-responsivemode=\"Both\" data-animation=\"Slide\"\ndata-activetitle=\"#1d1e23\" data-activeicon=\"\" data-activebg=\"#ffffff\"  data-respmode=\"Tabs\" data-respwidth=\"400\" data-scroll = \"on\" data-activeindex=\"1\"><ul id=advanced-tabs-wrap-8325 class=\"ult_tabmenu style1 \" style=\"\"><li class=\"ult_tab_li  \" data-iconcolor=\"#74777b\" data-iconhover=\"#ffffff\" style=\"background-color:#ffffff;border-color:transparent;border-width:0px;border-style:solid;border-top-left-radius:8px;\">\n\t\t\t\t\t<a href=\"#1512642751410-8cbfe-4c64\"  id=\"1512642751410-8cbfe-4c64\"  style=\"color:#b6b8ba;; padding:15px; \" class=\"ult_a  \">\n\t\t\t\t\t     <span class=\"ult_tab_main Both \">\n\t\t\t\t\t \t\t <span class=\"ult_tab_section\">\n\t\t\t\t\t   \t\t\t<span  data-ultimate-target='#advanced-tabs-wrap-8325 .ult-span-text'  data-responsive-json-new='{\"font-size\":\"desktop:14px;\",\"line-height\":\"\"}'  class=\"ult-span-text no_icon ult_tab_display_text ult-responsive\" style=\"font-weight:bold;;\">Kirjeldus<\/span>\n\t\t\t\t\t   \t\t<\/span>\n\t\t\t\t\t\t<\/span>\n\t\t\t\t\t<\/a>\n\t\t\t\t\t<\/li><li class=\"ult_tab_li  product-faq\" data-iconcolor=\"#74777b\" data-iconhover=\"#ffffff\" style=\"background-color:#ffffff;border-color:transparent;border-width:0px;border-style:solid;border-top-right-radius:8px;\">\n\t\t\t\t\t<a href=\"#1512642751435-8cbfe-4c64\"  id=\"1512642751435-8cbfe-4c64\"  style=\"color:#b6b8ba;; padding:15px; \" class=\"ult_a  \">\n\t\t\t\t\t     <span class=\"ult_tab_main Both \">\n\t\t\t\t\t \t\t <span class=\"ult_tab_section\">\n\t\t\t\t\t   \t\t\t<span  data-ultimate-target='#advanced-tabs-wrap-8325 .ult-span-text'  data-responsive-json-new='{\"font-size\":\"desktop:14px;\",\"line-height\":\"\"}'  class=\"ult-span-text no_icon ult_tab_display_text ult-responsive\" style=\"font-weight:bold;;\">KKK<\/span>\n\t\t\t\t\t   \t\t<\/span>\n\t\t\t\t\t\t<\/span>\n\t\t\t\t\t<\/a>\n\t\t\t\t\t<\/li><\/ul><div  data-ultimate-target='#advanced-tabs-desc-wrap-2460 .ult_tabcontent .ult_tab_min_contain  p'  data-responsive-json-new='{\"font-size\":\"\",\"line-height\":\"\"}' class=\"ult_tabcontent ult-responsive style1\" style=\"color:#74777b;\"><div class=\"ult_tab_min_contain \" >\n\t\t\t<div  class=\"ult_tabitemname\"  >\n\t\t\t\t[vc_column_text]Majandusaasta aruande esitamine on kohustuslik k\u00f5ikidele Rootsis registreeritud ettev\u00f5tetele, ka siis kui ettev\u00f5ttel ei ole aasta jooksul mingit \u00e4ritegevust olnud. Kogu raamatupidamine peab olema enne majandusaasta aruande koostamist l\u00f5petatud.<\/p>\n<p>Majandusaasta aruande kohustuslikud osad on juhatuse tegevusaruanne, bilansi- ja kasumiaruanne ning lisad. Suuremate ettev\u00f5tete puhul on kohustuslikud ka rahavoogude aruanne. Teatud juhtudel v\u00f5ib vajalik olla ka audiitori arvamus.<\/p>\n<p>Majandusaasta aruande originaali peab s\u00e4ilitama juhatus ja kinnitatud koopia saadetakse \u00e4riregistrisse. Juhatuse liige v\u00f5i tegevjuht peab esitama ka allkirjastatud originaalt\u00f5endi selle kohta, et bilansi- ja kasumiaraunne on kinnitatud aasta \u00fcldkoosolekul.<\/p>\n<p><strong>Hinnas sisaldub:<\/strong><\/p>\n<ul>\n<li>Majandusaasta aruandeks vajalike dokumentide ettevalmistamine (v\u00e4lja arvatud audiitori hinnang)<\/li>\n<li>Andmete esitamine \u00e4riregistrisse (Bolagsverket)<\/li>\n<\/ul>\n<p><strong>Saadaval lisatasu eest:<\/strong><\/p>\n<ul>\n<li>Raamatupidamine juhul kui finantsaasta raamatupidamine ei ole tehtud<\/li>\n<li>Suhtlus audiitoriga<\/li>\n<\/ul>\n<p><strong>T\u00e4htis informatsioon:<\/strong><\/p>\n<ul>\n<li>Majandusaasta aruande esitamine on kohustuslik isegi siis, kui ettev\u00f5ttel pole aasta jooksul mingit \u00e4ritegevust olnud.<\/li>\n<li>Aastaaruande mitte\u00f5igeagse esitamisega kaasnevad trahvid:<br \/>\n1) kohe p\u00e4rast t\u00e4htaega 5000 SEK<br \/>\n2) 2 kuud p\u00e4rast t\u00e4htaega 5000 SEK<br \/>\n3) 4 kuud p\u00e4rast t\u00e4htaega 10 000 SEK<br \/>\n4) ettev\u00f5tte sundlikvideerimine<\/li>\n<\/ul>\n<p>[\/vc_column_text]\n\t\t\t<\/div>\n\t\t\t<div  class=\"ult_tabitemname\"  >\n\t\t\t\t[vc_toggle title=&#8221;1. Mis juhtub, kui ma aastaaruannet ei esita?&#8221; style=&#8221;arrow&#8221; custom_font_container=&#8221;tag:h5|text_align:left&#8221; custom_use_theme_fonts=&#8221;yes&#8221; use_custom_heading=&#8221;true&#8221;]Kui majandusaasta aruanne ei ole esitatud, on \u00e4riregistril \u00f5igus p\u00e4rast mitme trahvi tegemist ettev\u00f5te registrist kustutada.[\/vc_toggle][vc_toggle title=&#8221;2. Kuidas saab kontrollida, millal ettev\u00f5tte majandusaasta l\u00f5peb?&#8221; style=&#8221;arrow&#8221; custom_font_container=&#8221;tag:h5|text_align:left&#8221; custom_use_theme_fonts=&#8221;yes&#8221; use_custom_heading=&#8221;true&#8221;]See on kirjas ettev\u00f5tte registrikaardil, p\u00f5hikirjas ja maksuameti registreerimislehel.[\/vc_toggle][vc_toggle title=&#8221;3. Kas ma v\u00f5in aastaaruande ka ise esitada?&#8221; style=&#8221;arrow&#8221; custom_font_container=&#8221;tag:h5|text_align:left&#8221; custom_use_theme_fonts=&#8221;yes&#8221; use_custom_heading=&#8221;true&#8221;]Jah, see on v\u00f5imalik, kuid n\u00f5uab erialaseid teadmisi. Kuna tegemist on \u00fcsna keerulise protsessiga, siis soovitame protsessiga alustada varakult, et j\u00f5uaksid vajadusel siiski spetsialistide poole p\u00f6\u00f6rduda.[\/vc_toggle][vc_toggle title=&#8221;4. Minu ettev\u00f5te ei ole Rootsis registreeritud, kuid sel on Rootsi maksuregistreeringud. Kas majandusaasta aruande esitamine on sellisel juhul kohustuslik?&#8221; style=&#8221;arrow&#8221; custom_font_container=&#8221;tag:h5|text_align:left&#8221; custom_use_theme_fonts=&#8221;yes&#8221; use_custom_heading=&#8221;true&#8221;]Ei. Sellisel juhul on vaja esitada vaid maksudeklaratsioon.[\/vc_toggle]\n\t\t\t<\/div><\/div><\/div><\/div><div class=\"ult_acord advanced-tabs-desc-wrap-2460\">\n   <div class=\"ult-tabto-accordion \" style=\"width:;\"\n    data-titlecolor=\"#b6b8ba\"  data-titlebg=\"#ffffff\"\n     data-titlehoverbg=\"#ffffff\" data-titlehovercolor=\"#1d1e23\" data-animation=\"Slide\"\n     data-activetitle=\"#1d1e23\" data-activeicon=\"\" data-activebg=\"#ffffff\" data-scroll = \"on\" data-activeindex=\"1\" >\n     <dl><dt class=\"\">\n\t        \t<a class=\"ult-tabto-actitle withBorder ult_a \" id=\"1512642751410-8cbfe-4c64\" style=\"color:#b6b8ba;;background-color:#ffffff;border-bottom-color:transparent;border-bottom-width:0px;border-bottom-style:solid;\" href=\"#1512642751410-8cbfe-4c64\">\n\t        \t\t<i class=\"accordion-icon\"><\/i>\n\t        \t\t\t<span class=\"ult_tab_main ult_ac_main ult_noacordicnBoth\">\n\n\t\t\t\t\t\t<span  data-ultimate-target='#advanced-tabs-wrap-8325 .ult-span-text'  data-responsive-json-new='{\"font-size\":\"desktop:14px;\",\"line-height\":\"\"}'  class=\"ult-span-text no_icon ult_acordian-text ult-responsive\" style=\"font-weight:bold;;color:inherit \" >Kirjeldus<\/span>\n\t\t\t\t\t\t<\/span><\/a><\/dt>\n\t            \t\t<dd class=\"ult-tabto-accordionItem ult-tabto-accolapsed\">\n\t\t\t\t            <div class=\"ult-tabto-acontent\" style=\"color:#74777b;\">\n\t\t\t\t               [vc_column_text]Majandusaasta aruande esitamine on kohustuslik k\u00f5ikidele Rootsis registreeritud ettev\u00f5tetele, ka siis kui ettev\u00f5ttel ei ole aasta jooksul mingit \u00e4ritegevust olnud. Kogu raamatupidamine peab olema enne majandusaasta aruande koostamist l\u00f5petatud.<\/p>\n<p>Majandusaasta aruande kohustuslikud osad on juhatuse tegevusaruanne, bilansi- ja kasumiaruanne ning lisad. Suuremate ettev\u00f5tete puhul on kohustuslikud ka rahavoogude aruanne. Teatud juhtudel v\u00f5ib vajalik olla ka audiitori arvamus.<\/p>\n<p>Majandusaasta aruande originaali peab s\u00e4ilitama juhatus ja kinnitatud koopia saadetakse \u00e4riregistrisse. Juhatuse liige v\u00f5i tegevjuht peab esitama ka allkirjastatud originaalt\u00f5endi selle kohta, et bilansi- ja kasumiaraunne on kinnitatud aasta \u00fcldkoosolekul.<\/p>\n<p><strong>Hinnas sisaldub:<\/strong><\/p>\n<ul>\n<li>Majandusaasta aruandeks vajalike dokumentide ettevalmistamine (v\u00e4lja arvatud audiitori hinnang)<\/li>\n<li>Andmete esitamine \u00e4riregistrisse (Bolagsverket)<\/li>\n<\/ul>\n<p><strong>Saadaval lisatasu eest:<\/strong><\/p>\n<ul>\n<li>Raamatupidamine juhul kui finantsaasta raamatupidamine ei ole tehtud<\/li>\n<li>Suhtlus audiitoriga<\/li>\n<\/ul>\n<p><strong>T\u00e4htis informatsioon:<\/strong><\/p>\n<ul>\n<li>Majandusaasta aruande esitamine on kohustuslik isegi siis, kui ettev\u00f5ttel pole aasta jooksul mingit \u00e4ritegevust olnud.<\/li>\n<li>Aastaaruande mitte\u00f5igeagse esitamisega kaasnevad trahvid:<br \/>\n1) kohe p\u00e4rast t\u00e4htaega 5000 SEK<br \/>\n2) 2 kuud p\u00e4rast t\u00e4htaega 5000 SEK<br \/>\n3) 4 kuud p\u00e4rast t\u00e4htaega 10 000 SEK<br \/>\n4) ettev\u00f5tte sundlikvideerimine<\/li>\n<\/ul>\n<p>[\/vc_column_text]\n\t\t\t\t            <\/div>\n\t        \t\t\t<\/dd><dt class=\"product-faq\">\n\t        \t<a class=\"ult-tabto-actitle withBorder ult_a \" id=\"1512642751435-8cbfe-4c64\" style=\"color:#b6b8ba;;background-color:#ffffff;border-bottom-color:transparent;border-bottom-width:0px;border-bottom-style:solid;border-bottom-color:transparent;border-bottom-width:0px;border-bottom-style:solid;\" href=\"#1512642751435-8cbfe-4c64\">\n\t        \t\t<i class=\"accordion-icon\"><\/i>\n\t        \t\t\t<span class=\"ult_tab_main ult_ac_main ult_noacordicnBoth\">\n\n\t\t\t\t\t\t<span  data-ultimate-target='#advanced-tabs-wrap-8325 .ult-span-text'  data-responsive-json-new='{\"font-size\":\"desktop:14px;\",\"line-height\":\"\"}'  class=\"ult-span-text no_icon ult_acordian-text ult-responsive\" style=\"font-weight:bold;;color:inherit \" >KKK<\/span>\n\t\t\t\t\t\t<\/span><\/a><\/dt>\n\t            \t\t<dd class=\"ult-tabto-accordionItem ult-tabto-accolapsed\">\n\t\t\t\t            <div class=\"ult-tabto-acontent\" style=\"color:#74777b;\">\n\t\t\t\t               [vc_toggle title=&#8221;1. Mis juhtub, kui ma aastaaruannet ei esita?&#8221; style=&#8221;arrow&#8221; custom_font_container=&#8221;tag:h5|text_align:left&#8221; custom_use_theme_fonts=&#8221;yes&#8221; use_custom_heading=&#8221;true&#8221;]Kui majandusaasta aruanne ei ole esitatud, on \u00e4riregistril \u00f5igus p\u00e4rast mitme trahvi tegemist ettev\u00f5te registrist kustutada.[\/vc_toggle][vc_toggle title=&#8221;2. Kuidas saab kontrollida, millal ettev\u00f5tte majandusaasta l\u00f5peb?&#8221; style=&#8221;arrow&#8221; custom_font_container=&#8221;tag:h5|text_align:left&#8221; custom_use_theme_fonts=&#8221;yes&#8221; use_custom_heading=&#8221;true&#8221;]See on kirjas ettev\u00f5tte registrikaardil, p\u00f5hikirjas ja maksuameti registreerimislehel.[\/vc_toggle][vc_toggle title=&#8221;3. Kas ma v\u00f5in aastaaruande ka ise esitada?&#8221; style=&#8221;arrow&#8221; custom_font_container=&#8221;tag:h5|text_align:left&#8221; custom_use_theme_fonts=&#8221;yes&#8221; use_custom_heading=&#8221;true&#8221;]Jah, see on v\u00f5imalik, kuid n\u00f5uab erialaseid teadmisi. Kuna tegemist on \u00fcsna keerulise protsessiga, siis soovitame protsessiga alustada varakult, et j\u00f5uaksid vajadusel siiski spetsialistide poole p\u00f6\u00f6rduda.[\/vc_toggle][vc_toggle title=&#8221;4. Minu ettev\u00f5te ei ole Rootsis registreeritud, kuid sel on Rootsi maksuregistreeringud. Kas majandusaasta aruande esitamine on sellisel juhul kohustuslik?&#8221; style=&#8221;arrow&#8221; custom_font_container=&#8221;tag:h5|text_align:left&#8221; custom_use_theme_fonts=&#8221;yes&#8221; use_custom_heading=&#8221;true&#8221;]Ei. Sellisel juhul on vaja esitada vaid maksudeklaratsioon.[\/vc_toggle]\n\t\t\t\t            <\/div>\n\t        \t\t\t<\/dd>\n    \t<\/dl>\n    <!--<div class=\"extraborder\" style=\"background-color:#ffffff\"><\/div>-->\n<\/div>\n\n<\/div>[\/vc_column][\/vc_row]<\/p>\n<\/div>","protected":false},"excerpt":{"rendered":"<p>Iga Rootsis registreeritud ettev\u00f5te peab kohalikule \u00e4riregistrile esitama majandusaasta aruande hiljemalt seitse kuud p\u00e4rast majandusaasta l\u00f5ppu. See peab olema rootsi keeles ja kohalikus valuutas (SEK).<\/p>\n","protected":false},"featured_media":57437,"template":"","meta":{"_acf_changed":false,"inline_featured_image":false},"product_brand":[],"product_cat":[307],"product_tag":[314],"class_list":{"0":"post-57616","1":"product","2":"type-product","3":"status-publish","4":"has-post-thumbnail","6":"product_cat-raamatupidamine","7":"product_tag-rootsi","8":"description-off","10":"first","11":"instock","12":"virtual","13":"taxable","14":"purchasable","15":"product-type-simple"},"bundled_by":[],"bundle_stock_status":"instock","bundle_stock_quantity":null,"bundle_virtual":false,"bundle_layout":"","bundle_add_to_cart_form_location":"","bundle_editable_in_cart":false,"bundle_sold_individually_context":"","bundle_item_grouping":"","bundle_min_size":"","bundle_max_size":"","bundle_price":[],"bundled_items":[],"bundle_sell_ids":[],"acf":[],"yoast_head":"<!-- This site is optimized with the Yoast SEO Premium plugin v22.1 (Yoast SEO v27.0) - https:\/\/yoast.com\/product\/yoast-seo-premium-wordpress\/ -->\n<title>Majandusaasta aruanne Rootsis - 1Office Sweden<\/title>\n<meta name=\"description\" content=\"Majandusaasta aruande esitamine \u00e4riregistrile (Swedish Companies Registration Office) on kohustuslik k\u00f5igile Rootsis registreeritud ettev\u00f5tetele. See tuleb esitada rootsi keeles ning ametlikult kasutusel olevas valuutas (SEK).\" \/>\n<meta name=\"robots\" content=\"index, follow, max-snippet:-1, max-image-preview:large, max-video-preview:-1\" \/>\n<link rel=\"canonical\" href=\"https:\/\/1office.co\/sweden\/et\/toode\/majandusaasta-aruanne-rootsis\/\" \/>\n<meta property=\"og:locale\" content=\"et_EE\" \/>\n<meta property=\"og:type\" content=\"article\" \/>\n<meta property=\"og:title\" content=\"Majandusaasta aruanne Rootsis\" \/>\n<meta property=\"og:description\" content=\"Majandusaasta aruande esitamine \u00e4riregistrile (Swedish Companies Registration Office) on kohustuslik k\u00f5igile Rootsis registreeritud ettev\u00f5tetele. See tuleb esitada rootsi keeles ning ametlikult kasutusel olevas valuutas (SEK).\" \/>\n<meta property=\"og:url\" content=\"https:\/\/1office.co\/sweden\/et\/toode\/majandusaasta-aruanne-rootsis\/\" \/>\n<meta property=\"og:site_name\" content=\"1Office Sweden\" \/>\n<meta property=\"article:modified_time\" content=\"2025-09-16T07:38:05+00:00\" \/>\n<meta property=\"og:image\" content=\"https:\/\/1office.co\/sweden\/wp-content\/uploads\/sites\/13\/2017\/08\/pexels-photo-442574.jpeg\" \/>\n\t<meta property=\"og:image:width\" content=\"1920\" \/>\n\t<meta property=\"og:image:height\" content=\"1280\" \/>\n\t<meta property=\"og:image:type\" content=\"image\/jpeg\" \/>\n<meta name=\"twitter:card\" content=\"summary_large_image\" \/>\n<meta name=\"twitter:label1\" content=\"Est. reading time\" \/>\n\t<meta name=\"twitter:data1\" content=\"2 minutit\" \/>\n<script type=\"application\/ld+json\" class=\"yoast-schema-graph\">{\"@context\":\"https:\/\/schema.org\",\"@graph\":[{\"@type\":\"WebPage\",\"@id\":\"https:\/\/1office.co\/sweden\/et\/toode\/majandusaasta-aruanne-rootsis\/\",\"url\":\"https:\/\/1office.co\/sweden\/et\/toode\/majandusaasta-aruanne-rootsis\/\",\"name\":\"Majandusaasta aruanne Rootsis - 1Office Sweden\",\"isPartOf\":{\"@id\":\"https:\/\/1office.co\/sweden\/#website\"},\"primaryImageOfPage\":{\"@id\":\"https:\/\/1office.co\/sweden\/et\/toode\/majandusaasta-aruanne-rootsis\/#primaryimage\"},\"image\":{\"@id\":\"https:\/\/1office.co\/sweden\/et\/toode\/majandusaasta-aruanne-rootsis\/#primaryimage\"},\"thumbnailUrl\":\"https:\/\/1office.co\/sweden\/wp-content\/uploads\/sites\/13\/2017\/08\/pexels-photo-442574.jpeg\",\"datePublished\":\"2017-08-10T10:40:14+00:00\",\"dateModified\":\"2025-09-16T07:38:05+00:00\",\"description\":\"Majandusaasta aruande esitamine \u00e4riregistrile (Swedish Companies Registration Office) on kohustuslik k\u00f5igile Rootsis registreeritud ettev\u00f5tetele. See tuleb esitada rootsi keeles ning ametlikult kasutusel olevas valuutas (SEK).\",\"breadcrumb\":{\"@id\":\"https:\/\/1office.co\/sweden\/et\/toode\/majandusaasta-aruanne-rootsis\/#breadcrumb\"},\"inLanguage\":\"et\",\"potentialAction\":[{\"@type\":\"ReadAction\",\"target\":[\"https:\/\/1office.co\/sweden\/et\/toode\/majandusaasta-aruanne-rootsis\/\"]}]},{\"@type\":\"ImageObject\",\"inLanguage\":\"et\",\"@id\":\"https:\/\/1office.co\/sweden\/et\/toode\/majandusaasta-aruanne-rootsis\/#primaryimage\",\"url\":\"https:\/\/1office.co\/sweden\/wp-content\/uploads\/sites\/13\/2017\/08\/pexels-photo-442574.jpeg\",\"contentUrl\":\"https:\/\/1office.co\/sweden\/wp-content\/uploads\/sites\/13\/2017\/08\/pexels-photo-442574.jpeg\",\"width\":1920,\"height\":1280,\"caption\":\"Majandusaasta aruanne\"},{\"@type\":\"BreadcrumbList\",\"@id\":\"https:\/\/1office.co\/sweden\/et\/toode\/majandusaasta-aruanne-rootsis\/#breadcrumb\",\"itemListElement\":[{\"@type\":\"ListItem\",\"position\":1,\"name\":\"Home\",\"item\":\"https:\/\/1office.co\/sweden\/et\/\"},{\"@type\":\"ListItem\",\"position\":2,\"name\":\"Tee \u00e4ri Rootsis\",\"item\":\"https:\/\/1office.co\/sweden\/et\/teenused\/\"},{\"@type\":\"ListItem\",\"position\":3,\"name\":\"Majandusaasta aruanne Rootsis\"}]},{\"@type\":\"WebSite\",\"@id\":\"https:\/\/1office.co\/sweden\/#website\",\"url\":\"https:\/\/1office.co\/sweden\/\",\"name\":\"1Office Sweden\",\"description\":\"Making Business Simple\",\"potentialAction\":[{\"@type\":\"SearchAction\",\"target\":{\"@type\":\"EntryPoint\",\"urlTemplate\":\"https:\/\/1office.co\/sweden\/?s={search_term_string}\"},\"query-input\":{\"@type\":\"PropertyValueSpecification\",\"valueRequired\":true,\"valueName\":\"search_term_string\"}}],\"inLanguage\":\"et\"}]}<\/script>\n<!-- \/ Yoast SEO Premium plugin. -->","yoast_head_json":{"title":"Majandusaasta aruanne Rootsis - 1Office Sweden","description":"Majandusaasta aruande esitamine \u00e4riregistrile (Swedish Companies Registration Office) on kohustuslik k\u00f5igile Rootsis registreeritud ettev\u00f5tetele. See tuleb esitada rootsi keeles ning ametlikult kasutusel olevas valuutas (SEK).","robots":{"index":"index","follow":"follow","max-snippet":"max-snippet:-1","max-image-preview":"max-image-preview:large","max-video-preview":"max-video-preview:-1"},"canonical":"https:\/\/1office.co\/sweden\/et\/toode\/majandusaasta-aruanne-rootsis\/","og_locale":"et_EE","og_type":"article","og_title":"Majandusaasta aruanne Rootsis","og_description":"Majandusaasta aruande esitamine \u00e4riregistrile (Swedish Companies Registration Office) on kohustuslik k\u00f5igile Rootsis registreeritud ettev\u00f5tetele. See tuleb esitada rootsi keeles ning ametlikult kasutusel olevas valuutas (SEK).","og_url":"https:\/\/1office.co\/sweden\/et\/toode\/majandusaasta-aruanne-rootsis\/","og_site_name":"1Office Sweden","article_modified_time":"2025-09-16T07:38:05+00:00","og_image":[{"width":1920,"height":1280,"url":"https:\/\/1office.co\/sweden\/wp-content\/uploads\/sites\/13\/2017\/08\/pexels-photo-442574.jpeg","type":"image\/jpeg"}],"twitter_card":"summary_large_image","twitter_misc":{"Est. reading time":"2 minutit"},"schema":{"@context":"https:\/\/schema.org","@graph":[{"@type":"WebPage","@id":"https:\/\/1office.co\/sweden\/et\/toode\/majandusaasta-aruanne-rootsis\/","url":"https:\/\/1office.co\/sweden\/et\/toode\/majandusaasta-aruanne-rootsis\/","name":"Majandusaasta aruanne Rootsis - 1Office Sweden","isPartOf":{"@id":"https:\/\/1office.co\/sweden\/#website"},"primaryImageOfPage":{"@id":"https:\/\/1office.co\/sweden\/et\/toode\/majandusaasta-aruanne-rootsis\/#primaryimage"},"image":{"@id":"https:\/\/1office.co\/sweden\/et\/toode\/majandusaasta-aruanne-rootsis\/#primaryimage"},"thumbnailUrl":"https:\/\/1office.co\/sweden\/wp-content\/uploads\/sites\/13\/2017\/08\/pexels-photo-442574.jpeg","datePublished":"2017-08-10T10:40:14+00:00","dateModified":"2025-09-16T07:38:05+00:00","description":"Majandusaasta aruande esitamine \u00e4riregistrile (Swedish Companies Registration Office) on kohustuslik k\u00f5igile Rootsis registreeritud ettev\u00f5tetele. See tuleb esitada rootsi keeles ning ametlikult kasutusel olevas valuutas (SEK).","breadcrumb":{"@id":"https:\/\/1office.co\/sweden\/et\/toode\/majandusaasta-aruanne-rootsis\/#breadcrumb"},"inLanguage":"et","potentialAction":[{"@type":"ReadAction","target":["https:\/\/1office.co\/sweden\/et\/toode\/majandusaasta-aruanne-rootsis\/"]}]},{"@type":"ImageObject","inLanguage":"et","@id":"https:\/\/1office.co\/sweden\/et\/toode\/majandusaasta-aruanne-rootsis\/#primaryimage","url":"https:\/\/1office.co\/sweden\/wp-content\/uploads\/sites\/13\/2017\/08\/pexels-photo-442574.jpeg","contentUrl":"https:\/\/1office.co\/sweden\/wp-content\/uploads\/sites\/13\/2017\/08\/pexels-photo-442574.jpeg","width":1920,"height":1280,"caption":"Majandusaasta aruanne"},{"@type":"BreadcrumbList","@id":"https:\/\/1office.co\/sweden\/et\/toode\/majandusaasta-aruanne-rootsis\/#breadcrumb","itemListElement":[{"@type":"ListItem","position":1,"name":"Home","item":"https:\/\/1office.co\/sweden\/et\/"},{"@type":"ListItem","position":2,"name":"Tee \u00e4ri Rootsis","item":"https:\/\/1office.co\/sweden\/et\/teenused\/"},{"@type":"ListItem","position":3,"name":"Majandusaasta aruanne Rootsis"}]},{"@type":"WebSite","@id":"https:\/\/1office.co\/sweden\/#website","url":"https:\/\/1office.co\/sweden\/","name":"1Office Sweden","description":"Making Business Simple","potentialAction":[{"@type":"SearchAction","target":{"@type":"EntryPoint","urlTemplate":"https:\/\/1office.co\/sweden\/?s={search_term_string}"},"query-input":{"@type":"PropertyValueSpecification","valueRequired":true,"valueName":"search_term_string"}}],"inLanguage":"et"}]}},"_links":{"self":[{"href":"https:\/\/1office.co\/sweden\/et\/wp-json\/wp\/v2\/product\/57616","targetHints":{"allow":["GET"]}}],"collection":[{"href":"https:\/\/1office.co\/sweden\/et\/wp-json\/wp\/v2\/product"}],"about":[{"href":"https:\/\/1office.co\/sweden\/et\/wp-json\/wp\/v2\/types\/product"}],"wp:featuredmedia":[{"embeddable":true,"href":"https:\/\/1office.co\/sweden\/et\/wp-json\/wp\/v2\/media\/57437"}],"wp:attachment":[{"href":"https:\/\/1office.co\/sweden\/et\/wp-json\/wp\/v2\/media?parent=57616"}],"wp:term":[{"taxonomy":"product_brand","embeddable":true,"href":"https:\/\/1office.co\/sweden\/et\/wp-json\/wp\/v2\/product_brand?post=57616"},{"taxonomy":"product_cat","embeddable":true,"href":"https:\/\/1office.co\/sweden\/et\/wp-json\/wp\/v2\/product_cat?post=57616"},{"taxonomy":"product_tag","embeddable":true,"href":"https:\/\/1office.co\/sweden\/et\/wp-json\/wp\/v2\/product_tag?post=57616"}],"curies":[{"name":"wp","href":"https:\/\/api.w.org\/{rel}","templated":true}]}}