{"id":57621,"date":"2018-01-26T07:41:52","date_gmt":"2018-01-26T07:41:52","guid":{"rendered":"https:\/\/1office.co\/sweden\/?post_type=product&#038;p=57621"},"modified":"2023-06-07T11:51:45","modified_gmt":"2023-06-07T11:51:45","slug":"maksuregistreeringud-rootsi-maksuametis-skattverket","status":"publish","type":"product","link":"https:\/\/1office.co\/sweden\/et\/toode\/maksuregistreeringud-rootsi-maksuametis-skattverket\/","title":{"rendered":"Maksuregistreeringud Rootsi maksuametis Skattverket"},"content":{"rendered":"<div class=\"wpb-content-wrapper\"><p>[vc_row][vc_column]<div id=\"advanced-tabs-desc-wrap-4036\" class=\"ult_tabs product_tabs\" style=\" \" data-tabsstyle=\"style1\"\n data-titlebg=\"#ffffff\" data-titlecolor=\"#b6b8ba\" data-fullheight=\"off\"\n data-titlehoverbg=\"#ffffff\" data-titlehovercolor=\"#1d1e23\"\n data-rotatetabs=\"0\" data-responsivemode=\"Both\" data-animation=\"Slide\"\ndata-activetitle=\"#1d1e23\" data-activeicon=\"\" data-activebg=\"#ffffff\"  data-respmode=\"Tabs\" data-respwidth=\"400\" data-scroll = \"on\" data-activeindex=\"1\"><ul id=advanced-tabs-wrap-6760 class=\"ult_tabmenu style1 \" style=\"\"><li class=\"ult_tab_li  \" data-iconcolor=\"#74777b\" data-iconhover=\"#ffffff\" style=\"background-color:#ffffff;border-color:transparent;border-width:0px;border-style:solid;border-top-right-radius:8px;\">\n\t\t\t\t\t<a href=\"#1512642751410-8cbfe-4c64\"  id=\"1512642751410-8cbfe-4c64\"  style=\"color:#b6b8ba;; padding:15px; \" class=\"ult_a  \">\n\t\t\t\t\t     <span class=\"ult_tab_main Both \">\n\t\t\t\t\t \t\t <span class=\"ult_tab_section\">\n\t\t\t\t\t   \t\t\t<span  data-ultimate-target='#advanced-tabs-wrap-6760 .ult-span-text'  data-responsive-json-new='{\"font-size\":\"desktop:14px;\",\"line-height\":\"\"}'  class=\"ult-span-text no_icon ult_tab_display_text ult-responsive\" style=\"font-weight:bold;;\">Kirjeldus<\/span>\n\t\t\t\t\t   \t\t<\/span>\n\t\t\t\t\t\t<\/span>\n\t\t\t\t\t<\/a>\n\t\t\t\t\t<\/li><\/ul><div  data-ultimate-target='#advanced-tabs-desc-wrap-4036 .ult_tabcontent .ult_tab_min_contain  p'  data-responsive-json-new='{\"font-size\":\"\",\"line-height\":\"\"}' class=\"ult_tabcontent ult-responsive style1\" style=\"color:#74777b;\"><div class=\"ult_tab_min_contain \" >\n\t\t\t<div  class=\"ult_tabitemname\"  >\n\t\t\t\t[vc_column_text]Enne aktiivse tegevuse alustamist Rootsis peab taotlema mitmeid maksuregistreeringuid Rootsi maksuametis (Skattverket).<\/p>\n<p>&nbsp;<\/p>\n<h2>Maksuregistreeringute hind sisaldab:<\/h2>\n<ul>\n<li>Taotluse t\u00e4itmine<\/li>\n<li>Taotluse esitamine maksuametile<\/li>\n<li>Vastamine t\u00e4iendavatele p\u00e4ringutele<\/li>\n<li>Suhtlus maksuametiga<\/li>\n<\/ul>\n<p>&nbsp;<\/p>\n<h2>Aitame taotleda j\u00e4rgnevaid registreeringuid:<\/h2>\n<ul>\n<li>F-maksuregistreering<\/li>\n<li>K\u00e4ibemaksukohustuslaseks registreerimine<\/li>\n<li>T\u00f6\u00f6andjaks registreerimine<\/li>\n<li>Muud registreerimised (MOSS, Personliggare, RUT\/ROT ombud jne)<\/li>\n<\/ul>\n<p>&nbsp;<\/p>\n<h2>Saadaval lisatasu eest:<\/h2>\n<ul>\n<li><a href=\"https:\/\/1office.co\/sweden\/et\/toode\/raamatupidamise-teenus\/\" target=\"_blank\" rel=\"noopener\">Raamatupidamisteenus<\/a><\/li>\n<li>L\u00e4hetatud t\u00f6\u00f6taja kandmine T\u00f6\u00f6keskonnaametisse (1500 SEKi)<\/li>\n<\/ul>\n<p>&nbsp;<\/p>\n<h2>T\u00e4htis informatsioon Rootsi maksuameti kohta:<\/h2>\n<ul>\n<li>P\u00e4rast taotluste esitamist Rootsi maksuametile v\u00f5tab registreeringute saamine aega keskmiselt 4 n\u00e4dalat (m\u00f5ningatel juhtudel 2-10 n\u00e4dalat).<\/li>\n<li>Maksuregistreeringud toovad endaga m\u00f5nel juhul kaasa kohustuse deklaratsioonide esitamiseks isegi juhul, kui ettev\u00f5te ei ole veel aktiivset \u00e4ritegevust alustanud. See toob omakorda kaasa kohustuse igakuiseks raamatupidamiseks. N\u00e4iteks olles registreeritud t\u00f6\u00f6andjaks on kohustuslik igakuine palgadeklaratsiooni esitamine isegi kui \u00fchtki makset tehtud ei ole.<\/li>\n<\/ul>\n<p>[\/vc_column_text]\n\t\t\t<\/div><\/div><\/div><\/div><div class=\"ult_acord advanced-tabs-desc-wrap-4036\">\n   <div class=\"ult-tabto-accordion \" style=\"width:;\"\n    data-titlecolor=\"#b6b8ba\"  data-titlebg=\"#ffffff\"\n     data-titlehoverbg=\"#ffffff\" data-titlehovercolor=\"#1d1e23\" data-animation=\"Slide\"\n     data-activetitle=\"#1d1e23\" data-activeicon=\"\" data-activebg=\"#ffffff\" data-scroll = \"on\" data-activeindex=\"1\" >\n     <dl><dt class=\"\">\n\t        \t<a class=\"ult-tabto-actitle withBorder ult_a \" id=\"1512642751410-8cbfe-4c64\" style=\"color:#b6b8ba;;background-color:#ffffff;border-bottom-color:transparent;border-bottom-width:0px;border-bottom-style:solid;\" href=\"#1512642751410-8cbfe-4c64\">\n\t        \t\t<i class=\"accordion-icon\"><\/i>\n\t        \t\t\t<span class=\"ult_tab_main ult_ac_main ult_noacordicnBoth\">\n\n\t\t\t\t\t\t<span  data-ultimate-target='#advanced-tabs-wrap-6760 .ult-span-text'  data-responsive-json-new='{\"font-size\":\"desktop:14px;\",\"line-height\":\"\"}'  class=\"ult-span-text no_icon ult_acordian-text ult-responsive\" style=\"font-weight:bold;;color:inherit \" >Kirjeldus<\/span>\n\t\t\t\t\t\t<\/span><\/a><\/dt>\n\t            \t\t<dd class=\"ult-tabto-accordionItem ult-tabto-accolapsed\">\n\t\t\t\t            <div class=\"ult-tabto-acontent\" style=\"color:#74777b;\">\n\t\t\t\t               [vc_column_text]Enne aktiivse tegevuse alustamist Rootsis peab taotlema mitmeid maksuregistreeringuid Rootsi maksuametis (Skattverket).<\/p>\n<p>&nbsp;<\/p>\n<h2>Maksuregistreeringute hind sisaldab:<\/h2>\n<ul>\n<li>Taotluse t\u00e4itmine<\/li>\n<li>Taotluse esitamine maksuametile<\/li>\n<li>Vastamine t\u00e4iendavatele p\u00e4ringutele<\/li>\n<li>Suhtlus maksuametiga<\/li>\n<\/ul>\n<p>&nbsp;<\/p>\n<h2>Aitame taotleda j\u00e4rgnevaid registreeringuid:<\/h2>\n<ul>\n<li>F-maksuregistreering<\/li>\n<li>K\u00e4ibemaksukohustuslaseks registreerimine<\/li>\n<li>T\u00f6\u00f6andjaks registreerimine<\/li>\n<li>Muud registreerimised (MOSS, Personliggare, RUT\/ROT ombud jne)<\/li>\n<\/ul>\n<p>&nbsp;<\/p>\n<h2>Saadaval lisatasu eest:<\/h2>\n<ul>\n<li><a href=\"https:\/\/1office.co\/sweden\/et\/toode\/raamatupidamise-teenus\/\" target=\"_blank\" rel=\"noopener\">Raamatupidamisteenus<\/a><\/li>\n<li>L\u00e4hetatud t\u00f6\u00f6taja kandmine T\u00f6\u00f6keskonnaametisse (1500 SEKi)<\/li>\n<\/ul>\n<p>&nbsp;<\/p>\n<h2>T\u00e4htis informatsioon Rootsi maksuameti kohta:<\/h2>\n<ul>\n<li>P\u00e4rast taotluste esitamist Rootsi maksuametile v\u00f5tab registreeringute saamine aega keskmiselt 4 n\u00e4dalat (m\u00f5ningatel juhtudel 2-10 n\u00e4dalat).<\/li>\n<li>Maksuregistreeringud toovad endaga m\u00f5nel juhul kaasa kohustuse deklaratsioonide esitamiseks isegi juhul, kui ettev\u00f5te ei ole veel aktiivset \u00e4ritegevust alustanud. See toob omakorda kaasa kohustuse igakuiseks raamatupidamiseks. N\u00e4iteks olles registreeritud t\u00f6\u00f6andjaks on kohustuslik igakuine palgadeklaratsiooni esitamine isegi kui \u00fchtki makset tehtud ei ole.<\/li>\n<\/ul>\n<p>[\/vc_column_text]\n\t\t\t\t            <\/div>\n\t        \t\t\t<\/dd>\n    \t<\/dl>\n    <!--<div class=\"extraborder\" style=\"background-color:#ffffff\"><\/div>-->\n<\/div>\n\n<\/div>[\/vc_column][\/vc_row]<\/p>\n<\/div>","protected":false},"excerpt":{"rendered":"<p>Alustamaks \u00e4ritegevusega Rootsis, on eelnevalt vajalik taotleda mitmeid maksuregistreeringuid.<\/p>\n","protected":false},"featured_media":53875,"template":"","meta":{"_acf_changed":false,"inline_featured_image":false},"product_brand":[],"product_cat":[309],"product_tag":[314],"class_list":{"0":"post-57621","1":"product","2":"type-product","3":"status-publish","4":"has-post-thumbnail","6":"product_cat-juriidilised-teenused","7":"product_tag-rootsi","8":"description-off","10":"first","11":"instock","12":"virtual","13":"taxable","14":"purchasable","15":"product-type-simple"},"bundled_by":["60702"],"bundle_stock_status":"instock","bundle_stock_quantity":null,"bundle_virtual":false,"bundle_layout":"","bundle_add_to_cart_form_location":"","bundle_editable_in_cart":false,"bundle_sold_individually_context":"","bundle_item_grouping":"","bundle_min_size":"","bundle_max_size":"","bundle_price":[],"bundled_items":[],"bundle_sell_ids":[],"acf":[],"yoast_head":"<!-- This site is optimized with the Yoast SEO Premium plugin v22.1 (Yoast SEO v27.0) - https:\/\/yoast.com\/product\/yoast-seo-premium-wordpress\/ -->\n<title>Maksuregistreeringud Rootsi maksuametis Skattverket | 1Office<\/title>\n<meta name=\"description\" content=\"Keskendu enda \u00e4rile ja \u00e4ra murra pead Rootsi maksuameti p\u00e4rast \u2013 luba kogenud professionaalidel suhelda ja esitleda taotlusi Sinu eest!\" \/>\n<meta name=\"robots\" content=\"index, follow, max-snippet:-1, max-image-preview:large, max-video-preview:-1\" \/>\n<link rel=\"canonical\" href=\"https:\/\/1office.co\/sweden\/et\/toode\/maksuregistreeringud-rootsi-maksuametis-skattverket\/\" \/>\n<meta property=\"og:locale\" content=\"et_EE\" \/>\n<meta property=\"og:type\" content=\"article\" \/>\n<meta property=\"og:title\" content=\"Maksuregistreeringud Rootsi maksuametis Skattverket\" \/>\n<meta property=\"og:description\" content=\"Keskendu enda \u00e4rile ja \u00e4ra murra pead Rootsi maksuameti p\u00e4rast \u2013 luba kogenud professionaalidel suhelda ja esitleda taotlusi Sinu eest!\" \/>\n<meta property=\"og:url\" content=\"https:\/\/1office.co\/sweden\/et\/toode\/maksuregistreeringud-rootsi-maksuametis-skattverket\/\" \/>\n<meta property=\"og:site_name\" content=\"1Office Sweden\" \/>\n<meta property=\"article:modified_time\" content=\"2023-06-07T11:51:45+00:00\" \/>\n<meta property=\"og:image\" content=\"https:\/\/1office.co\/sweden\/wp-content\/uploads\/sites\/13\/2017\/04\/accounting-hour.jpg\" \/>\n\t<meta property=\"og:image:width\" content=\"935\" \/>\n\t<meta property=\"og:image:height\" content=\"572\" \/>\n\t<meta property=\"og:image:type\" content=\"image\/jpeg\" \/>\n<meta name=\"twitter:card\" content=\"summary_large_image\" \/>\n<meta name=\"twitter:label1\" content=\"Est. reading time\" \/>\n\t<meta name=\"twitter:data1\" content=\"1 minut\" \/>\n<script type=\"application\/ld+json\" class=\"yoast-schema-graph\">{\"@context\":\"https:\/\/schema.org\",\"@graph\":[{\"@type\":\"WebPage\",\"@id\":\"https:\/\/1office.co\/sweden\/et\/toode\/maksuregistreeringud-rootsi-maksuametis-skattverket\/\",\"url\":\"https:\/\/1office.co\/sweden\/et\/toode\/maksuregistreeringud-rootsi-maksuametis-skattverket\/\",\"name\":\"Maksuregistreeringud Rootsi maksuametis Skattverket | 1Office\",\"isPartOf\":{\"@id\":\"https:\/\/1office.co\/sweden\/#website\"},\"primaryImageOfPage\":{\"@id\":\"https:\/\/1office.co\/sweden\/et\/toode\/maksuregistreeringud-rootsi-maksuametis-skattverket\/#primaryimage\"},\"image\":{\"@id\":\"https:\/\/1office.co\/sweden\/et\/toode\/maksuregistreeringud-rootsi-maksuametis-skattverket\/#primaryimage\"},\"thumbnailUrl\":\"https:\/\/1office.co\/sweden\/wp-content\/uploads\/sites\/13\/2017\/04\/accounting-hour.jpg\",\"datePublished\":\"2018-01-26T07:41:52+00:00\",\"dateModified\":\"2023-06-07T11:51:45+00:00\",\"description\":\"Keskendu enda \u00e4rile ja \u00e4ra murra pead Rootsi maksuameti p\u00e4rast \u2013 luba kogenud professionaalidel suhelda ja esitleda taotlusi Sinu eest!\",\"breadcrumb\":{\"@id\":\"https:\/\/1office.co\/sweden\/et\/toode\/maksuregistreeringud-rootsi-maksuametis-skattverket\/#breadcrumb\"},\"inLanguage\":\"et\",\"potentialAction\":[{\"@type\":\"ReadAction\",\"target\":[\"https:\/\/1office.co\/sweden\/et\/toode\/maksuregistreeringud-rootsi-maksuametis-skattverket\/\"]}]},{\"@type\":\"ImageObject\",\"inLanguage\":\"et\",\"@id\":\"https:\/\/1office.co\/sweden\/et\/toode\/maksuregistreeringud-rootsi-maksuametis-skattverket\/#primaryimage\",\"url\":\"https:\/\/1office.co\/sweden\/wp-content\/uploads\/sites\/13\/2017\/04\/accounting-hour.jpg\",\"contentUrl\":\"https:\/\/1office.co\/sweden\/wp-content\/uploads\/sites\/13\/2017\/04\/accounting-hour.jpg\",\"width\":935,\"height\":572,\"caption\":\"tax registrations for foreign company\"},{\"@type\":\"BreadcrumbList\",\"@id\":\"https:\/\/1office.co\/sweden\/et\/toode\/maksuregistreeringud-rootsi-maksuametis-skattverket\/#breadcrumb\",\"itemListElement\":[{\"@type\":\"ListItem\",\"position\":1,\"name\":\"Home\",\"item\":\"https:\/\/1office.co\/sweden\/et\/\"},{\"@type\":\"ListItem\",\"position\":2,\"name\":\"Tee \u00e4ri Rootsis\",\"item\":\"https:\/\/1office.co\/sweden\/et\/teenused\/\"},{\"@type\":\"ListItem\",\"position\":3,\"name\":\"Maksuregistreeringud Rootsi maksuametis Skattverket\"}]},{\"@type\":\"WebSite\",\"@id\":\"https:\/\/1office.co\/sweden\/#website\",\"url\":\"https:\/\/1office.co\/sweden\/\",\"name\":\"1Office Sweden\",\"description\":\"Making Business Simple\",\"potentialAction\":[{\"@type\":\"SearchAction\",\"target\":{\"@type\":\"EntryPoint\",\"urlTemplate\":\"https:\/\/1office.co\/sweden\/?s={search_term_string}\"},\"query-input\":{\"@type\":\"PropertyValueSpecification\",\"valueRequired\":true,\"valueName\":\"search_term_string\"}}],\"inLanguage\":\"et\"}]}<\/script>\n<!-- \/ Yoast SEO Premium plugin. -->","yoast_head_json":{"title":"Maksuregistreeringud Rootsi maksuametis Skattverket | 1Office","description":"Keskendu enda \u00e4rile ja \u00e4ra murra pead Rootsi maksuameti p\u00e4rast \u2013 luba kogenud professionaalidel suhelda ja esitleda taotlusi Sinu eest!","robots":{"index":"index","follow":"follow","max-snippet":"max-snippet:-1","max-image-preview":"max-image-preview:large","max-video-preview":"max-video-preview:-1"},"canonical":"https:\/\/1office.co\/sweden\/et\/toode\/maksuregistreeringud-rootsi-maksuametis-skattverket\/","og_locale":"et_EE","og_type":"article","og_title":"Maksuregistreeringud Rootsi maksuametis Skattverket","og_description":"Keskendu enda \u00e4rile ja \u00e4ra murra pead Rootsi maksuameti p\u00e4rast \u2013 luba kogenud professionaalidel suhelda ja esitleda taotlusi Sinu eest!","og_url":"https:\/\/1office.co\/sweden\/et\/toode\/maksuregistreeringud-rootsi-maksuametis-skattverket\/","og_site_name":"1Office Sweden","article_modified_time":"2023-06-07T11:51:45+00:00","og_image":[{"width":935,"height":572,"url":"https:\/\/1office.co\/sweden\/wp-content\/uploads\/sites\/13\/2017\/04\/accounting-hour.jpg","type":"image\/jpeg"}],"twitter_card":"summary_large_image","twitter_misc":{"Est. reading time":"1 minut"},"schema":{"@context":"https:\/\/schema.org","@graph":[{"@type":"WebPage","@id":"https:\/\/1office.co\/sweden\/et\/toode\/maksuregistreeringud-rootsi-maksuametis-skattverket\/","url":"https:\/\/1office.co\/sweden\/et\/toode\/maksuregistreeringud-rootsi-maksuametis-skattverket\/","name":"Maksuregistreeringud Rootsi maksuametis Skattverket | 1Office","isPartOf":{"@id":"https:\/\/1office.co\/sweden\/#website"},"primaryImageOfPage":{"@id":"https:\/\/1office.co\/sweden\/et\/toode\/maksuregistreeringud-rootsi-maksuametis-skattverket\/#primaryimage"},"image":{"@id":"https:\/\/1office.co\/sweden\/et\/toode\/maksuregistreeringud-rootsi-maksuametis-skattverket\/#primaryimage"},"thumbnailUrl":"https:\/\/1office.co\/sweden\/wp-content\/uploads\/sites\/13\/2017\/04\/accounting-hour.jpg","datePublished":"2018-01-26T07:41:52+00:00","dateModified":"2023-06-07T11:51:45+00:00","description":"Keskendu enda \u00e4rile ja \u00e4ra murra pead Rootsi maksuameti p\u00e4rast \u2013 luba kogenud professionaalidel suhelda ja esitleda taotlusi Sinu eest!","breadcrumb":{"@id":"https:\/\/1office.co\/sweden\/et\/toode\/maksuregistreeringud-rootsi-maksuametis-skattverket\/#breadcrumb"},"inLanguage":"et","potentialAction":[{"@type":"ReadAction","target":["https:\/\/1office.co\/sweden\/et\/toode\/maksuregistreeringud-rootsi-maksuametis-skattverket\/"]}]},{"@type":"ImageObject","inLanguage":"et","@id":"https:\/\/1office.co\/sweden\/et\/toode\/maksuregistreeringud-rootsi-maksuametis-skattverket\/#primaryimage","url":"https:\/\/1office.co\/sweden\/wp-content\/uploads\/sites\/13\/2017\/04\/accounting-hour.jpg","contentUrl":"https:\/\/1office.co\/sweden\/wp-content\/uploads\/sites\/13\/2017\/04\/accounting-hour.jpg","width":935,"height":572,"caption":"tax registrations for foreign company"},{"@type":"BreadcrumbList","@id":"https:\/\/1office.co\/sweden\/et\/toode\/maksuregistreeringud-rootsi-maksuametis-skattverket\/#breadcrumb","itemListElement":[{"@type":"ListItem","position":1,"name":"Home","item":"https:\/\/1office.co\/sweden\/et\/"},{"@type":"ListItem","position":2,"name":"Tee \u00e4ri Rootsis","item":"https:\/\/1office.co\/sweden\/et\/teenused\/"},{"@type":"ListItem","position":3,"name":"Maksuregistreeringud Rootsi maksuametis Skattverket"}]},{"@type":"WebSite","@id":"https:\/\/1office.co\/sweden\/#website","url":"https:\/\/1office.co\/sweden\/","name":"1Office Sweden","description":"Making Business Simple","potentialAction":[{"@type":"SearchAction","target":{"@type":"EntryPoint","urlTemplate":"https:\/\/1office.co\/sweden\/?s={search_term_string}"},"query-input":{"@type":"PropertyValueSpecification","valueRequired":true,"valueName":"search_term_string"}}],"inLanguage":"et"}]}},"_links":{"self":[{"href":"https:\/\/1office.co\/sweden\/et\/wp-json\/wp\/v2\/product\/57621","targetHints":{"allow":["GET"]}}],"collection":[{"href":"https:\/\/1office.co\/sweden\/et\/wp-json\/wp\/v2\/product"}],"about":[{"href":"https:\/\/1office.co\/sweden\/et\/wp-json\/wp\/v2\/types\/product"}],"wp:featuredmedia":[{"embeddable":true,"href":"https:\/\/1office.co\/sweden\/et\/wp-json\/wp\/v2\/media\/53875"}],"wp:attachment":[{"href":"https:\/\/1office.co\/sweden\/et\/wp-json\/wp\/v2\/media?parent=57621"}],"wp:term":[{"taxonomy":"product_brand","embeddable":true,"href":"https:\/\/1office.co\/sweden\/et\/wp-json\/wp\/v2\/product_brand?post=57621"},{"taxonomy":"product_cat","embeddable":true,"href":"https:\/\/1office.co\/sweden\/et\/wp-json\/wp\/v2\/product_cat?post=57621"},{"taxonomy":"product_tag","embeddable":true,"href":"https:\/\/1office.co\/sweden\/et\/wp-json\/wp\/v2\/product_tag?post=57621"}],"curies":[{"name":"wp","href":"https:\/\/api.w.org\/{rel}","templated":true}]}}