{"id":57653,"date":"2018-01-17T07:06:12","date_gmt":"2018-01-17T07:06:12","guid":{"rendered":"https:\/\/1office.co\/sweden\/product\/legal-consultation\/"},"modified":"2026-02-19T14:55:00","modified_gmt":"2026-02-19T14:55:00","slug":"juriidiline-konsultatsioon-rootsi","status":"publish","type":"product","link":"https:\/\/1office.co\/sweden\/et\/toode\/juriidiline-konsultatsioon-rootsi\/","title":{"rendered":"Juriidiline konsultatsioon Rootsis"},"content":{"rendered":"<div class=\"wpb-content-wrapper\"><p>[vc_row][vc_column]<div id=\"advanced-tabs-desc-wrap-7586\" class=\"ult_tabs product_tabs\" style=\" \" data-tabsstyle=\"style1\"\n data-titlebg=\"#ffffff\" data-titlecolor=\"#b6b8ba\" data-fullheight=\"off\"\n data-titlehoverbg=\"#ffffff\" data-titlehovercolor=\"#1d1e23\"\n data-rotatetabs=\"0\" data-responsivemode=\"Both\" data-animation=\"Slide\"\ndata-activetitle=\"#1d1e23\" data-activeicon=\"\" data-activebg=\"#ffffff\"  data-respmode=\"Tabs\" data-respwidth=\"400\" data-scroll = \"on\" data-activeindex=\"1\"><ul id=advanced-tabs-wrap-4011 class=\"ult_tabmenu style1 \" style=\"\"><li class=\"ult_tab_li  \" data-iconcolor=\"#74777b\" data-iconhover=\"#ffffff\" style=\"background-color:#ffffff;border-color:transparent;border-width:0px;border-style:solid;border-top-right-radius:8px;\">\n\t\t\t\t\t<a href=\"#1512642751410-84e8b-6fc5\"  id=\"1512642751410-84e8b-6fc5\"  style=\"color:#b6b8ba;; padding:15px; \" class=\"ult_a  \">\n\t\t\t\t\t     <span class=\"ult_tab_main Both \">\n\t\t\t\t\t \t\t <span class=\"ult_tab_section\">\n\t\t\t\t\t   \t\t\t<span  data-ultimate-target='#advanced-tabs-wrap-4011 .ult-span-text'  data-responsive-json-new='{\"font-size\":\"desktop:14px;\",\"line-height\":\"\"}'  class=\"ult-span-text no_icon ult_tab_display_text ult-responsive\" style=\"font-weight:bold;;\">Kirjeldus<\/span>\n\t\t\t\t\t   \t\t<\/span>\n\t\t\t\t\t\t<\/span>\n\t\t\t\t\t<\/a>\n\t\t\t\t\t<\/li><\/ul><div  data-ultimate-target='#advanced-tabs-desc-wrap-7586 .ult_tabcontent .ult_tab_min_contain  p'  data-responsive-json-new='{\"font-size\":\"\",\"line-height\":\"\"}' class=\"ult_tabcontent ult-responsive style1\" style=\"color:#74777b;\"><div class=\"ult_tab_min_contain \" >\n\t\t\t<div  class=\"ult_tabitemname\"  >\n\t\t\t\t[vc_column_text css=&#8221;&#8221;]N\u00f5ustame teemadel, mis on seotud Sinu Rootsi ettev\u00f5ttega, muuhulgas ka \u00e4ri\u00f5iguse, lepingu\u00f5iguse ja t\u00f6\u00f6\u00f5iguse osas. Koostame juriidilisi dokumente ja lepinguid, konsulteerime tegevuslitsentside, kaubam\u00e4rgi registreerimise ja palju muu osas. Teenus on hinnastatud tunnip\u00f5hiselt.<\/p>\n<p>Kui plaanid alles oma \u00e4ri Rootsis alustada, soovitame Sul tellida eraldi <a href=\"https:\/\/1office.co\/sweden\/et\/toode\/konsultatsioon-ari-alustamine-rootsis\/\" target=\"_blank\" rel=\"noopener\">\u00c4ri alustamine Rootsis konsultatsiooni.<\/a><\/p>\n<p><strong>Hinnas sisaldub:<\/strong><\/p>\n<ul>\n<li>Konsultatsiooni sisu ja maht s\u00f5ltuvad konkreetse kliendi vajadustest ja k\u00fcsimustest.<\/li>\n<\/ul>\n<p><strong>Konsultatsioonil kajastatud teemad on tihti j\u00e4rgnevad:<\/strong><\/p>\n<ul>\n<li>Juriidiliste dokumentide koostamine (volikirjad, ettev\u00f5tte dokumendid, protokollid)<\/li>\n<li>N\u00f5ustamine tegevuslitsentside osas (v\u00e4lja arvatud finantsteenused)<\/li>\n<li>Ettev\u00f5tte m\u00fc\u00fck, \u00fcmberstruktureerimine ning likvideerimine<\/li>\n<li>Osanike omavaheliste suhete reguleerimine<\/li>\n<li>Osakapitali suurendamine ja v\u00e4hendamine<\/li>\n<li>Registritoimingute tegemine<\/li>\n<li>Lepingute koostamine (laenud, m\u00fc\u00fck-ost, t\u00f6\u00f6lepingud, rent jne)<\/li>\n<li>Kollektiivsete ning individuaalsete lepingute \u00fcles\u00fctlemised ning sellest tulenevad n\u00f5uded<\/li>\n<\/ul>\n<p><strong>Saadaval lisatasu eest:<\/strong><\/p>\n<ul>\n<li><a href=\"https:\/\/1office.co\/sweden\/et\/toode\/konsultatsioon-ari-alustamine-rootsis\/\" target=\"_blank\" rel=\"noopener\">Konsultatsioon \u00c4ri alustamine Rootsis<\/a><\/li>\n<li><a href=\"https:\/\/1office.co\/sweden\/et\/toode\/rahvusvaheline-maksukonsultatsioon\/\" target=\"_blank\" rel=\"noopener\">Rahvusvaheline maksukonsultatsioon<\/a><\/li>\n<\/ul>\n<p><strong>Protsessi k\u00e4ik:<\/strong><\/p>\n<ul>\n<li>Saada meile oma k\u00fcsimused, et saaksime hinnata konsultatsiooni mahtu<\/li>\n<li>Saadame Sulle hinnapakkumise ja lepime t\u00f6\u00f6mahus kokku<\/li>\n<li>Konsultatsioon viiakse l\u00e4bi kas telefoni teel v\u00f5i kirjalikus vormis<\/li>\n<\/ul>\n<p><strong>T\u00e4htis informatsioon:<\/strong><\/p>\n<ul>\n<li>Kuna konsultatsiooni sisu ja maht s\u00f5ltuvad konkreetse kliendi vajadustest, lepime alati eelnevalt konsutatsiooni mahus kokku.<\/li>\n<li>Palun ole valmis meile edastama enda p\u00f5hilised k\u00fcsimused ja mured seoses planeeritava \u00e4ritegevusega.<\/li>\n<li>Aja t\u00fchistamiseks tuleb meid sellest v\u00e4hemalt 48 tundi enne konsultatsiooni algust teavitada. Vastasel juhul konsultatsiooni eest tasutud raha ei tagastata.<\/li>\n<\/ul>\n<p>[\/vc_column_text]\n\t\t\t<\/div><\/div><\/div><\/div><div class=\"ult_acord advanced-tabs-desc-wrap-7586\">\n   <div class=\"ult-tabto-accordion \" style=\"width:;\"\n    data-titlecolor=\"#b6b8ba\"  data-titlebg=\"#ffffff\"\n     data-titlehoverbg=\"#ffffff\" data-titlehovercolor=\"#1d1e23\" data-animation=\"Slide\"\n     data-activetitle=\"#1d1e23\" data-activeicon=\"\" data-activebg=\"#ffffff\" data-scroll = \"on\" data-activeindex=\"1\" >\n     <dl><dt class=\"\">\n\t        \t<a class=\"ult-tabto-actitle withBorder ult_a \" id=\"1512642751410-84e8b-6fc5\" style=\"color:#b6b8ba;;background-color:#ffffff;border-bottom-color:transparent;border-bottom-width:0px;border-bottom-style:solid;\" href=\"#1512642751410-84e8b-6fc5\">\n\t        \t\t<i class=\"accordion-icon\"><\/i>\n\t        \t\t\t<span class=\"ult_tab_main ult_ac_main ult_noacordicnBoth\">\n\n\t\t\t\t\t\t<span  data-ultimate-target='#advanced-tabs-wrap-4011 .ult-span-text'  data-responsive-json-new='{\"font-size\":\"desktop:14px;\",\"line-height\":\"\"}'  class=\"ult-span-text no_icon ult_acordian-text ult-responsive\" style=\"font-weight:bold;;color:inherit \" >Kirjeldus<\/span>\n\t\t\t\t\t\t<\/span><\/a><\/dt>\n\t            \t\t<dd class=\"ult-tabto-accordionItem ult-tabto-accolapsed\">\n\t\t\t\t            <div class=\"ult-tabto-acontent\" style=\"color:#74777b;\">\n\t\t\t\t               [vc_column_text css=&#8221;&#8221;]N\u00f5ustame teemadel, mis on seotud Sinu Rootsi ettev\u00f5ttega, muuhulgas ka \u00e4ri\u00f5iguse, lepingu\u00f5iguse ja t\u00f6\u00f6\u00f5iguse osas. Koostame juriidilisi dokumente ja lepinguid, konsulteerime tegevuslitsentside, kaubam\u00e4rgi registreerimise ja palju muu osas. Teenus on hinnastatud tunnip\u00f5hiselt.<\/p>\n<p>Kui plaanid alles oma \u00e4ri Rootsis alustada, soovitame Sul tellida eraldi <a href=\"https:\/\/1office.co\/sweden\/et\/toode\/konsultatsioon-ari-alustamine-rootsis\/\" target=\"_blank\" rel=\"noopener\">\u00c4ri alustamine Rootsis konsultatsiooni.<\/a><\/p>\n<p><strong>Hinnas sisaldub:<\/strong><\/p>\n<ul>\n<li>Konsultatsiooni sisu ja maht s\u00f5ltuvad konkreetse kliendi vajadustest ja k\u00fcsimustest.<\/li>\n<\/ul>\n<p><strong>Konsultatsioonil kajastatud teemad on tihti j\u00e4rgnevad:<\/strong><\/p>\n<ul>\n<li>Juriidiliste dokumentide koostamine (volikirjad, ettev\u00f5tte dokumendid, protokollid)<\/li>\n<li>N\u00f5ustamine tegevuslitsentside osas (v\u00e4lja arvatud finantsteenused)<\/li>\n<li>Ettev\u00f5tte m\u00fc\u00fck, \u00fcmberstruktureerimine ning likvideerimine<\/li>\n<li>Osanike omavaheliste suhete reguleerimine<\/li>\n<li>Osakapitali suurendamine ja v\u00e4hendamine<\/li>\n<li>Registritoimingute tegemine<\/li>\n<li>Lepingute koostamine (laenud, m\u00fc\u00fck-ost, t\u00f6\u00f6lepingud, rent jne)<\/li>\n<li>Kollektiivsete ning individuaalsete lepingute \u00fcles\u00fctlemised ning sellest tulenevad n\u00f5uded<\/li>\n<\/ul>\n<p><strong>Saadaval lisatasu eest:<\/strong><\/p>\n<ul>\n<li><a href=\"https:\/\/1office.co\/sweden\/et\/toode\/konsultatsioon-ari-alustamine-rootsis\/\" target=\"_blank\" rel=\"noopener\">Konsultatsioon \u00c4ri alustamine Rootsis<\/a><\/li>\n<li><a href=\"https:\/\/1office.co\/sweden\/et\/toode\/rahvusvaheline-maksukonsultatsioon\/\" target=\"_blank\" rel=\"noopener\">Rahvusvaheline maksukonsultatsioon<\/a><\/li>\n<\/ul>\n<p><strong>Protsessi k\u00e4ik:<\/strong><\/p>\n<ul>\n<li>Saada meile oma k\u00fcsimused, et saaksime hinnata konsultatsiooni mahtu<\/li>\n<li>Saadame Sulle hinnapakkumise ja lepime t\u00f6\u00f6mahus kokku<\/li>\n<li>Konsultatsioon viiakse l\u00e4bi kas telefoni teel v\u00f5i kirjalikus vormis<\/li>\n<\/ul>\n<p><strong>T\u00e4htis informatsioon:<\/strong><\/p>\n<ul>\n<li>Kuna konsultatsiooni sisu ja maht s\u00f5ltuvad konkreetse kliendi vajadustest, lepime alati eelnevalt konsutatsiooni mahus kokku.<\/li>\n<li>Palun ole valmis meile edastama enda p\u00f5hilised k\u00fcsimused ja mured seoses planeeritava \u00e4ritegevusega.<\/li>\n<li>Aja t\u00fchistamiseks tuleb meid sellest v\u00e4hemalt 48 tundi enne konsultatsiooni algust teavitada. Vastasel juhul konsultatsiooni eest tasutud raha ei tagastata.<\/li>\n<\/ul>\n<p>[\/vc_column_text]\n\t\t\t\t            <\/div>\n\t        \t\t\t<\/dd>\n    \t<\/dl>\n    <!--<div class=\"extraborder\" style=\"background-color:#ffffff\"><\/div>-->\n<\/div>\n\n<\/div>[\/vc_column][\/vc_row]<\/p>\n<\/div>","protected":false},"excerpt":{"rendered":"<p class=\"p1\">Anname n\u00f5u mitmetel erinevatel juriidilistel teemadel. Lihtsalt v\u00f5ta meiega \u00fchendust ning anna teada, kuidas Sind aidata saame.<\/p>\n","protected":false},"featured_media":57423,"template":"","meta":{"_acf_changed":false,"inline_featured_image":false},"product_brand":[],"product_cat":[309],"product_tag":[314],"class_list":{"0":"post-57653","1":"product","2":"type-product","3":"status-publish","4":"has-post-thumbnail","6":"product_cat-juriidilised-teenused","7":"product_tag-rootsi","8":"description-off","10":"first","11":"instock","12":"taxable","13":"shipping-taxable","14":"purchasable","15":"product-type-simple"},"bundled_by":[],"bundle_stock_status":"instock","bundle_stock_quantity":null,"bundle_virtual":false,"bundle_layout":"","bundle_add_to_cart_form_location":"","bundle_editable_in_cart":false,"bundle_sold_individually_context":"","bundle_item_grouping":"","bundle_min_size":"","bundle_max_size":"","bundle_price":[],"bundled_items":[],"bundle_sell_ids":[],"acf":[],"yoast_head":"<!-- This site is optimized with the Yoast SEO Premium plugin v22.1 (Yoast SEO v27.0) - https:\/\/yoast.com\/product\/yoast-seo-premium-wordpress\/ -->\n<title>Juriidiline konsultatsioon Rootsis - 1Office Sweden<\/title>\n<meta name=\"description\" content=\"Juriidiline konsultatsioon v\u00f5iks olla \u00fcks esimestest sammudest v\u00e4listurule sisenemist planeerides. 1Office juristid annavad n\u00f5u Rootsi ettev\u00f5ttega seonduvatel teemadel.\" \/>\n<meta name=\"robots\" content=\"index, follow, max-snippet:-1, max-image-preview:large, max-video-preview:-1\" \/>\n<link rel=\"canonical\" href=\"https:\/\/1office.co\/sweden\/et\/toode\/juriidiline-konsultatsioon-rootsi\/\" \/>\n<meta property=\"og:locale\" content=\"et_EE\" \/>\n<meta property=\"og:type\" content=\"article\" \/>\n<meta property=\"og:title\" content=\"Juriidiline konsultatsioon Rootsis\" \/>\n<meta property=\"og:description\" content=\"Juriidiline konsultatsioon v\u00f5iks olla \u00fcks esimestest sammudest v\u00e4listurule sisenemist planeerides. 1Office juristid annavad n\u00f5u Rootsi ettev\u00f5ttega seonduvatel teemadel.\" \/>\n<meta property=\"og:url\" content=\"https:\/\/1office.co\/sweden\/et\/toode\/juriidiline-konsultatsioon-rootsi\/\" \/>\n<meta property=\"og:site_name\" content=\"1Office Sweden\" \/>\n<meta property=\"article:modified_time\" content=\"2026-02-19T14:55:00+00:00\" \/>\n<meta property=\"og:image\" content=\"https:\/\/1office.co\/sweden\/wp-content\/uploads\/sites\/13\/2017\/08\/calculator-calculation-insurance-finance-53621.jpeg\" \/>\n\t<meta property=\"og:image:width\" content=\"1920\" \/>\n\t<meta property=\"og:image:height\" content=\"1131\" \/>\n\t<meta property=\"og:image:type\" content=\"image\/jpeg\" \/>\n<meta name=\"twitter:card\" content=\"summary_large_image\" \/>\n<meta name=\"twitter:label1\" content=\"Est. reading time\" \/>\n\t<meta name=\"twitter:data1\" content=\"2 minutit\" \/>\n<script type=\"application\/ld+json\" class=\"yoast-schema-graph\">{\"@context\":\"https:\/\/schema.org\",\"@graph\":[{\"@type\":\"WebPage\",\"@id\":\"https:\/\/1office.co\/sweden\/et\/toode\/juriidiline-konsultatsioon-rootsi\/\",\"url\":\"https:\/\/1office.co\/sweden\/et\/toode\/juriidiline-konsultatsioon-rootsi\/\",\"name\":\"Juriidiline konsultatsioon Rootsis - 1Office Sweden\",\"isPartOf\":{\"@id\":\"https:\/\/1office.co\/sweden\/#website\"},\"primaryImageOfPage\":{\"@id\":\"https:\/\/1office.co\/sweden\/et\/toode\/juriidiline-konsultatsioon-rootsi\/#primaryimage\"},\"image\":{\"@id\":\"https:\/\/1office.co\/sweden\/et\/toode\/juriidiline-konsultatsioon-rootsi\/#primaryimage\"},\"thumbnailUrl\":\"https:\/\/1office.co\/sweden\/wp-content\/uploads\/sites\/13\/2017\/08\/calculator-calculation-insurance-finance-53621.jpeg\",\"datePublished\":\"2018-01-17T07:06:12+00:00\",\"dateModified\":\"2026-02-19T14:55:00+00:00\",\"description\":\"Juriidiline konsultatsioon v\u00f5iks olla \u00fcks esimestest sammudest v\u00e4listurule sisenemist planeerides. 1Office juristid annavad n\u00f5u Rootsi ettev\u00f5ttega seonduvatel teemadel.\",\"breadcrumb\":{\"@id\":\"https:\/\/1office.co\/sweden\/et\/toode\/juriidiline-konsultatsioon-rootsi\/#breadcrumb\"},\"inLanguage\":\"et\",\"potentialAction\":[{\"@type\":\"ReadAction\",\"target\":[\"https:\/\/1office.co\/sweden\/et\/toode\/juriidiline-konsultatsioon-rootsi\/\"]}]},{\"@type\":\"ImageObject\",\"inLanguage\":\"et\",\"@id\":\"https:\/\/1office.co\/sweden\/et\/toode\/juriidiline-konsultatsioon-rootsi\/#primaryimage\",\"url\":\"https:\/\/1office.co\/sweden\/wp-content\/uploads\/sites\/13\/2017\/08\/calculator-calculation-insurance-finance-53621.jpeg\",\"contentUrl\":\"https:\/\/1office.co\/sweden\/wp-content\/uploads\/sites\/13\/2017\/08\/calculator-calculation-insurance-finance-53621.jpeg\",\"width\":1920,\"height\":1131,\"caption\":\"Juriidiline konsultatsioon\"},{\"@type\":\"BreadcrumbList\",\"@id\":\"https:\/\/1office.co\/sweden\/et\/toode\/juriidiline-konsultatsioon-rootsi\/#breadcrumb\",\"itemListElement\":[{\"@type\":\"ListItem\",\"position\":1,\"name\":\"Home\",\"item\":\"https:\/\/1office.co\/sweden\/et\/\"},{\"@type\":\"ListItem\",\"position\":2,\"name\":\"Tee \u00e4ri Rootsis\",\"item\":\"https:\/\/1office.co\/sweden\/et\/teenused\/\"},{\"@type\":\"ListItem\",\"position\":3,\"name\":\"Juriidiline konsultatsioon Rootsis\"}]},{\"@type\":\"WebSite\",\"@id\":\"https:\/\/1office.co\/sweden\/#website\",\"url\":\"https:\/\/1office.co\/sweden\/\",\"name\":\"1Office Sweden\",\"description\":\"Making Business Simple\",\"potentialAction\":[{\"@type\":\"SearchAction\",\"target\":{\"@type\":\"EntryPoint\",\"urlTemplate\":\"https:\/\/1office.co\/sweden\/?s={search_term_string}\"},\"query-input\":{\"@type\":\"PropertyValueSpecification\",\"valueRequired\":true,\"valueName\":\"search_term_string\"}}],\"inLanguage\":\"et\"}]}<\/script>\n<!-- \/ Yoast SEO Premium plugin. -->","yoast_head_json":{"title":"Juriidiline konsultatsioon Rootsis - 1Office Sweden","description":"Juriidiline konsultatsioon v\u00f5iks olla \u00fcks esimestest sammudest v\u00e4listurule sisenemist planeerides. 1Office juristid annavad n\u00f5u Rootsi ettev\u00f5ttega seonduvatel teemadel.","robots":{"index":"index","follow":"follow","max-snippet":"max-snippet:-1","max-image-preview":"max-image-preview:large","max-video-preview":"max-video-preview:-1"},"canonical":"https:\/\/1office.co\/sweden\/et\/toode\/juriidiline-konsultatsioon-rootsi\/","og_locale":"et_EE","og_type":"article","og_title":"Juriidiline konsultatsioon Rootsis","og_description":"Juriidiline konsultatsioon v\u00f5iks olla \u00fcks esimestest sammudest v\u00e4listurule sisenemist planeerides. 1Office juristid annavad n\u00f5u Rootsi ettev\u00f5ttega seonduvatel teemadel.","og_url":"https:\/\/1office.co\/sweden\/et\/toode\/juriidiline-konsultatsioon-rootsi\/","og_site_name":"1Office Sweden","article_modified_time":"2026-02-19T14:55:00+00:00","og_image":[{"width":1920,"height":1131,"url":"https:\/\/1office.co\/sweden\/wp-content\/uploads\/sites\/13\/2017\/08\/calculator-calculation-insurance-finance-53621.jpeg","type":"image\/jpeg"}],"twitter_card":"summary_large_image","twitter_misc":{"Est. reading time":"2 minutit"},"schema":{"@context":"https:\/\/schema.org","@graph":[{"@type":"WebPage","@id":"https:\/\/1office.co\/sweden\/et\/toode\/juriidiline-konsultatsioon-rootsi\/","url":"https:\/\/1office.co\/sweden\/et\/toode\/juriidiline-konsultatsioon-rootsi\/","name":"Juriidiline konsultatsioon Rootsis - 1Office Sweden","isPartOf":{"@id":"https:\/\/1office.co\/sweden\/#website"},"primaryImageOfPage":{"@id":"https:\/\/1office.co\/sweden\/et\/toode\/juriidiline-konsultatsioon-rootsi\/#primaryimage"},"image":{"@id":"https:\/\/1office.co\/sweden\/et\/toode\/juriidiline-konsultatsioon-rootsi\/#primaryimage"},"thumbnailUrl":"https:\/\/1office.co\/sweden\/wp-content\/uploads\/sites\/13\/2017\/08\/calculator-calculation-insurance-finance-53621.jpeg","datePublished":"2018-01-17T07:06:12+00:00","dateModified":"2026-02-19T14:55:00+00:00","description":"Juriidiline konsultatsioon v\u00f5iks olla \u00fcks esimestest sammudest v\u00e4listurule sisenemist planeerides. 1Office juristid annavad n\u00f5u Rootsi ettev\u00f5ttega seonduvatel teemadel.","breadcrumb":{"@id":"https:\/\/1office.co\/sweden\/et\/toode\/juriidiline-konsultatsioon-rootsi\/#breadcrumb"},"inLanguage":"et","potentialAction":[{"@type":"ReadAction","target":["https:\/\/1office.co\/sweden\/et\/toode\/juriidiline-konsultatsioon-rootsi\/"]}]},{"@type":"ImageObject","inLanguage":"et","@id":"https:\/\/1office.co\/sweden\/et\/toode\/juriidiline-konsultatsioon-rootsi\/#primaryimage","url":"https:\/\/1office.co\/sweden\/wp-content\/uploads\/sites\/13\/2017\/08\/calculator-calculation-insurance-finance-53621.jpeg","contentUrl":"https:\/\/1office.co\/sweden\/wp-content\/uploads\/sites\/13\/2017\/08\/calculator-calculation-insurance-finance-53621.jpeg","width":1920,"height":1131,"caption":"Juriidiline konsultatsioon"},{"@type":"BreadcrumbList","@id":"https:\/\/1office.co\/sweden\/et\/toode\/juriidiline-konsultatsioon-rootsi\/#breadcrumb","itemListElement":[{"@type":"ListItem","position":1,"name":"Home","item":"https:\/\/1office.co\/sweden\/et\/"},{"@type":"ListItem","position":2,"name":"Tee \u00e4ri Rootsis","item":"https:\/\/1office.co\/sweden\/et\/teenused\/"},{"@type":"ListItem","position":3,"name":"Juriidiline konsultatsioon Rootsis"}]},{"@type":"WebSite","@id":"https:\/\/1office.co\/sweden\/#website","url":"https:\/\/1office.co\/sweden\/","name":"1Office Sweden","description":"Making Business Simple","potentialAction":[{"@type":"SearchAction","target":{"@type":"EntryPoint","urlTemplate":"https:\/\/1office.co\/sweden\/?s={search_term_string}"},"query-input":{"@type":"PropertyValueSpecification","valueRequired":true,"valueName":"search_term_string"}}],"inLanguage":"et"}]}},"_links":{"self":[{"href":"https:\/\/1office.co\/sweden\/et\/wp-json\/wp\/v2\/product\/57653","targetHints":{"allow":["GET"]}}],"collection":[{"href":"https:\/\/1office.co\/sweden\/et\/wp-json\/wp\/v2\/product"}],"about":[{"href":"https:\/\/1office.co\/sweden\/et\/wp-json\/wp\/v2\/types\/product"}],"wp:featuredmedia":[{"embeddable":true,"href":"https:\/\/1office.co\/sweden\/et\/wp-json\/wp\/v2\/media\/57423"}],"wp:attachment":[{"href":"https:\/\/1office.co\/sweden\/et\/wp-json\/wp\/v2\/media?parent=57653"}],"wp:term":[{"taxonomy":"product_brand","embeddable":true,"href":"https:\/\/1office.co\/sweden\/et\/wp-json\/wp\/v2\/product_brand?post=57653"},{"taxonomy":"product_cat","embeddable":true,"href":"https:\/\/1office.co\/sweden\/et\/wp-json\/wp\/v2\/product_cat?post=57653"},{"taxonomy":"product_tag","embeddable":true,"href":"https:\/\/1office.co\/sweden\/et\/wp-json\/wp\/v2\/product_tag?post=57653"}],"curies":[{"name":"wp","href":"https:\/\/api.w.org\/{rel}","templated":true}]}}