{"id":57663,"date":"2017-08-10T08:34:11","date_gmt":"2017-08-10T08:34:11","guid":{"rendered":"https:\/\/1office.co\/sweden\/product\/establishing-a-branch\/"},"modified":"2023-06-07T11:59:53","modified_gmt":"2023-06-07T11:59:53","slug":"filiaali-asutamine","status":"publish","type":"product","link":"https:\/\/1office.co\/sweden\/et\/toode\/filiaali-asutamine\/","title":{"rendered":"Filiaali asutamine (riigil\u00f5iv hinna sees)"},"content":{"rendered":"<div class=\"wpb-content-wrapper\"><p>[vc_row][vc_column]<div id=\"advanced-tabs-desc-wrap-5290\" class=\"ult_tabs product_tabs\" style=\" \" data-tabsstyle=\"style1\"\n data-titlebg=\"#ffffff\" data-titlecolor=\"#b6b8ba\" data-fullheight=\"off\"\n data-titlehoverbg=\"#ffffff\" data-titlehovercolor=\"#1d1e23\"\n data-rotatetabs=\"0\" data-responsivemode=\"Both\" data-animation=\"Slide\"\ndata-activetitle=\"#1d1e23\" data-activeicon=\"\" data-activebg=\"#ffffff\"  data-respmode=\"Tabs\" data-respwidth=\"400\" data-scroll = \"on\" data-activeindex=\"1\"><ul id=advanced-tabs-wrap-5467 class=\"ult_tabmenu style1 \" style=\"\"><li class=\"ult_tab_li  \" data-iconcolor=\"#74777b\" data-iconhover=\"#ffffff\" style=\"background-color:#ffffff;border-color:transparent;border-width:0px;border-style:solid;border-top-left-radius:8px;\">\n\t\t\t\t\t<a href=\"#1512642751410-807e9-673f\"  id=\"1512642751410-807e9-673f\"  style=\"color:#b6b8ba;; padding:15px; \" class=\"ult_a  \">\n\t\t\t\t\t     <span class=\"ult_tab_main Both \">\n\t\t\t\t\t \t\t <span class=\"ult_tab_section\">\n\t\t\t\t\t   \t\t\t<span  data-ultimate-target='#advanced-tabs-wrap-5467 .ult-span-text'  data-responsive-json-new='{\"font-size\":\"desktop:14px;\",\"line-height\":\"\"}'  class=\"ult-span-text no_icon ult_tab_display_text ult-responsive\" style=\"font-weight:bold;;\">Kirjeldus<\/span>\n\t\t\t\t\t   \t\t<\/span>\n\t\t\t\t\t\t<\/span>\n\t\t\t\t\t<\/a>\n\t\t\t\t\t<\/li><li class=\"ult_tab_li  \" data-iconcolor=\"#74777b\" data-iconhover=\"#ffffff\" style=\"background-color:#ffffff;border-color:transparent;border-width:0px;border-style:solid;border-top-right-radius:8px;\">\n\t\t\t\t\t<a href=\"#1516177431908-1-8\"  id=\"1516177431908-1-8\"  style=\"color:#b6b8ba;; padding:15px; \" class=\"ult_a  \">\n\t\t\t\t\t     <span class=\"ult_tab_main Both \">\n\t\t\t\t\t \t\t <span class=\"ult_tab_section\">\n\t\t\t\t\t   \t\t\t<span  data-ultimate-target='#advanced-tabs-wrap-5467 .ult-span-text'  data-responsive-json-new='{\"font-size\":\"desktop:14px;\",\"line-height\":\"\"}'  class=\"ult-span-text no_icon ult_tab_display_text ult-responsive\" style=\"font-weight:bold;;\">KKK<\/span>\n\t\t\t\t\t   \t\t<\/span>\n\t\t\t\t\t\t<\/span>\n\t\t\t\t\t<\/a>\n\t\t\t\t\t<\/li><\/ul><div  data-ultimate-target='#advanced-tabs-desc-wrap-5290 .ult_tabcontent .ult_tab_min_contain  p'  data-responsive-json-new='{\"font-size\":\"\",\"line-height\":\"\"}' class=\"ult_tabcontent ult-responsive style1\" style=\"color:#74777b;\"><div class=\"ult_tab_min_contain \" >\n\t\t\t<div  class=\"ult_tabitemname\"  >\n\t\t\t\t[vc_column_text]Filiaal on eraldiseisev all\u00fcksus, mis ei ole eraldi juriidiline isik. Filiaali asutamisel registreeritakse see ka \u00e4riregistris 5-10 p\u00e4eva jooksul. Filiaali registreerimiseks on vajalik \u00e4riaadress Rootsis, mida on v\u00f5imalik <a href=\"https:\/\/1office.co\/sweden\/et\/toode\/ariaadress-stockholmi-kesklinnas-2\/\" target=\"_blank\" rel=\"noopener\">tellida siit<\/a>. V\u00e4lismaa \u00e4ri\u00fching peab m\u00e4\u00e4rama filiaalile eraldi volitustega tegevjuhi. Juhul kui tegevjuhiks m\u00e4\u00e4ratud isik ei ela Euroopa Majanduspiirkonnas, on kohustuslik m\u00e4\u00e4rata <a href=\"https:\/\/1office.co\/sweden\/et\/toode\/kontaktisik\/\" target=\"_blank\" rel=\"noopener noreferrer\">kontaktisik<\/a>.<\/p>\n<p><strong>Hinnas sisaldub:<\/strong><\/p>\n<ul>\n<li>Asutamisdokumentide kokkukogumine ning taotluste t\u00e4itmine<\/li>\n<li>Ettev\u00f5tte registreerimine \u00e4riregistris<\/li>\n<li>Toetus kogu protsessi jooksul<\/li>\n<li>Riigil\u00f5iv<\/li>\n<\/ul>\n<p><strong>Saadaval lisatasu eest:<\/strong><\/p>\n<ul>\n<li><a href=\"https:\/\/1office.co\/sweden\/et\/toode\/konsultatsioon-ari-alustamine-rootsis\/\" target=\"_blank\" rel=\"noopener noreferrer\">Konsultatsioon \u00c4ri alustamine Rootsis<\/a><\/li>\n<li><a href=\"https:\/\/1office.co\/sweden\/et\/toode\/ariaadress-stockholmi-kesklinnas-aasta\/\" target=\"_blank\" rel=\"noopener noreferrer\">\u00c4riaadress<\/a><\/li>\n<li><a href=\"https:\/\/1office.co\/sweden\/et\/toode\/kontaktisik\/\" target=\"_blank\" rel=\"noopener noreferrer\">Kontaktisik koos \u00e4riaadressiga<\/a><\/li>\n<li>Maksuregistreeringud<\/li>\n<li><a href=\"https:\/\/1office.co\/sweden\/et\/toode\/raamatupidamise-teenus\/\" target=\"_blank\" rel=\"noopener noreferrer\">Raamatupidamisteenus<\/a><\/li>\n<\/ul>\n<p><strong>Protsessi k\u00e4ik:<\/strong><\/p>\n<ul>\n<li>Vasta k\u00fcsimustele, mis Sulle p\u00e4rast ostu sooritamist saadetakse &#8211; need on vajalikud dokumentide ettevalmistamiseks<\/li>\n<li>T\u00e4idame saadud andmete p\u00f5hjal vajalikud vormid ning koostame volituse tegevjuhi m\u00e4\u00e4ramiseks<\/li>\n<li>P\u00e4rast registrisse kandmist saadame Sulle ettev\u00f5tte rootsikeelse registreerimistunnistuse<\/li>\n<\/ul>\n<p><strong>T\u00e4htis informatsioon:<\/strong><\/p>\n<ul>\n<li>Filiaali raamatupidamist tuleb korraldada vastavalt Rootsi raamatupidamise seaduse n\u00f5uetele ja tavadele. Kui vajad sellega abi, uuri l\u00e4hemalt meie <a href=\"https:\/\/1office.co\/sweden\/et\/toode\/raamatupidamise-teenus\/\" target=\"_blank\" rel=\"noopener noreferrer\">raamatupidamisteenuse<\/a> kohta.<\/li>\n<li>Rootsis on \u00e4ritegevuse alustamiseks vajalik maksuregistreeringute taotlemine.<\/li>\n<\/ul>\n<p>[\/vc_column_text]\n\t\t\t<\/div>\n\t\t\t<div  class=\"ult_tabitemname\"  >\n\t\t\t\t[vc_toggle title=&#8221;1. Mis vahe on t\u00fctarettev\u00f5ttel ja filiaalil?&#8221; style=&#8221;arrow&#8221; open=&#8221;true&#8221; custom_font_container=&#8221;tag:h5|text_align:left&#8221; custom_use_theme_fonts=&#8221;yes&#8221; use_custom_heading=&#8221;true&#8221;]<\/p>\n<p class=\"p1\">T\u00fctarettev\u00f5te on eraldi juriidiline isik, mille omanik on v\u00e4lismaine ettev\u00f5te. T\u00fctarettev\u00f5tte avamise protsess on v\u00f5rdne uue ettev\u00f5tte asutamisega. Filiaal ei ole eraldi juriidiline isik, vaid v\u00e4lismaise ettev\u00f5tte Rootsis \u00e4ri tegemiseks registreeritud osa.<\/p>\n<p>[\/vc_toggle]\n\t\t\t<\/div><\/div><\/div><\/div><div class=\"ult_acord advanced-tabs-desc-wrap-5290\">\n   <div class=\"ult-tabto-accordion \" style=\"width:;\"\n    data-titlecolor=\"#b6b8ba\"  data-titlebg=\"#ffffff\"\n     data-titlehoverbg=\"#ffffff\" data-titlehovercolor=\"#1d1e23\" data-animation=\"Slide\"\n     data-activetitle=\"#1d1e23\" data-activeicon=\"\" data-activebg=\"#ffffff\" data-scroll = \"on\" data-activeindex=\"1\" >\n     <dl><dt class=\"\">\n\t        \t<a class=\"ult-tabto-actitle withBorder ult_a \" id=\"1512642751410-807e9-673f\" style=\"color:#b6b8ba;;background-color:#ffffff;border-bottom-color:transparent;border-bottom-width:0px;border-bottom-style:solid;\" href=\"#1512642751410-807e9-673f\">\n\t        \t\t<i class=\"accordion-icon\"><\/i>\n\t        \t\t\t<span class=\"ult_tab_main ult_ac_main ult_noacordicnBoth\">\n\n\t\t\t\t\t\t<span  data-ultimate-target='#advanced-tabs-wrap-5467 .ult-span-text'  data-responsive-json-new='{\"font-size\":\"desktop:14px;\",\"line-height\":\"\"}'  class=\"ult-span-text no_icon ult_acordian-text ult-responsive\" style=\"font-weight:bold;;color:inherit \" >Kirjeldus<\/span>\n\t\t\t\t\t\t<\/span><\/a><\/dt>\n\t            \t\t<dd class=\"ult-tabto-accordionItem ult-tabto-accolapsed\">\n\t\t\t\t            <div class=\"ult-tabto-acontent\" style=\"color:#74777b;\">\n\t\t\t\t               [vc_column_text]Filiaal on eraldiseisev all\u00fcksus, mis ei ole eraldi juriidiline isik. Filiaali asutamisel registreeritakse see ka \u00e4riregistris 5-10 p\u00e4eva jooksul. Filiaali registreerimiseks on vajalik \u00e4riaadress Rootsis, mida on v\u00f5imalik <a href=\"https:\/\/1office.co\/sweden\/et\/toode\/ariaadress-stockholmi-kesklinnas-2\/\" target=\"_blank\" rel=\"noopener\">tellida siit<\/a>. V\u00e4lismaa \u00e4ri\u00fching peab m\u00e4\u00e4rama filiaalile eraldi volitustega tegevjuhi. Juhul kui tegevjuhiks m\u00e4\u00e4ratud isik ei ela Euroopa Majanduspiirkonnas, on kohustuslik m\u00e4\u00e4rata <a href=\"https:\/\/1office.co\/sweden\/et\/toode\/kontaktisik\/\" target=\"_blank\" rel=\"noopener noreferrer\">kontaktisik<\/a>.<\/p>\n<p><strong>Hinnas sisaldub:<\/strong><\/p>\n<ul>\n<li>Asutamisdokumentide kokkukogumine ning taotluste t\u00e4itmine<\/li>\n<li>Ettev\u00f5tte registreerimine \u00e4riregistris<\/li>\n<li>Toetus kogu protsessi jooksul<\/li>\n<li>Riigil\u00f5iv<\/li>\n<\/ul>\n<p><strong>Saadaval lisatasu eest:<\/strong><\/p>\n<ul>\n<li><a href=\"https:\/\/1office.co\/sweden\/et\/toode\/konsultatsioon-ari-alustamine-rootsis\/\" target=\"_blank\" rel=\"noopener noreferrer\">Konsultatsioon \u00c4ri alustamine Rootsis<\/a><\/li>\n<li><a href=\"https:\/\/1office.co\/sweden\/et\/toode\/ariaadress-stockholmi-kesklinnas-aasta\/\" target=\"_blank\" rel=\"noopener noreferrer\">\u00c4riaadress<\/a><\/li>\n<li><a href=\"https:\/\/1office.co\/sweden\/et\/toode\/kontaktisik\/\" target=\"_blank\" rel=\"noopener noreferrer\">Kontaktisik koos \u00e4riaadressiga<\/a><\/li>\n<li>Maksuregistreeringud<\/li>\n<li><a href=\"https:\/\/1office.co\/sweden\/et\/toode\/raamatupidamise-teenus\/\" target=\"_blank\" rel=\"noopener noreferrer\">Raamatupidamisteenus<\/a><\/li>\n<\/ul>\n<p><strong>Protsessi k\u00e4ik:<\/strong><\/p>\n<ul>\n<li>Vasta k\u00fcsimustele, mis Sulle p\u00e4rast ostu sooritamist saadetakse &#8211; need on vajalikud dokumentide ettevalmistamiseks<\/li>\n<li>T\u00e4idame saadud andmete p\u00f5hjal vajalikud vormid ning koostame volituse tegevjuhi m\u00e4\u00e4ramiseks<\/li>\n<li>P\u00e4rast registrisse kandmist saadame Sulle ettev\u00f5tte rootsikeelse registreerimistunnistuse<\/li>\n<\/ul>\n<p><strong>T\u00e4htis informatsioon:<\/strong><\/p>\n<ul>\n<li>Filiaali raamatupidamist tuleb korraldada vastavalt Rootsi raamatupidamise seaduse n\u00f5uetele ja tavadele. Kui vajad sellega abi, uuri l\u00e4hemalt meie <a href=\"https:\/\/1office.co\/sweden\/et\/toode\/raamatupidamise-teenus\/\" target=\"_blank\" rel=\"noopener noreferrer\">raamatupidamisteenuse<\/a> kohta.<\/li>\n<li>Rootsis on \u00e4ritegevuse alustamiseks vajalik maksuregistreeringute taotlemine.<\/li>\n<\/ul>\n<p>[\/vc_column_text]\n\t\t\t\t            <\/div>\n\t        \t\t\t<\/dd><dt class=\"\">\n\t        \t<a class=\"ult-tabto-actitle withBorder ult_a \" id=\"1516177431908-1-8\" style=\"color:#b6b8ba;;background-color:#ffffff;border-bottom-color:transparent;border-bottom-width:0px;border-bottom-style:solid;border-bottom-color:transparent;border-bottom-width:0px;border-bottom-style:solid;\" href=\"#1516177431908-1-8\">\n\t        \t\t<i class=\"accordion-icon\"><\/i>\n\t        \t\t\t<span class=\"ult_tab_main ult_ac_main ult_noacordicnBoth\">\n\n\t\t\t\t\t\t<span  data-ultimate-target='#advanced-tabs-wrap-5467 .ult-span-text'  data-responsive-json-new='{\"font-size\":\"desktop:14px;\",\"line-height\":\"\"}'  class=\"ult-span-text no_icon ult_acordian-text ult-responsive\" style=\"font-weight:bold;;color:inherit \" >KKK<\/span>\n\t\t\t\t\t\t<\/span><\/a><\/dt>\n\t            \t\t<dd class=\"ult-tabto-accordionItem ult-tabto-accolapsed\">\n\t\t\t\t            <div class=\"ult-tabto-acontent\" style=\"color:#74777b;\">\n\t\t\t\t               [vc_toggle title=&#8221;1. Mis vahe on t\u00fctarettev\u00f5ttel ja filiaalil?&#8221; style=&#8221;arrow&#8221; open=&#8221;true&#8221; custom_font_container=&#8221;tag:h5|text_align:left&#8221; custom_use_theme_fonts=&#8221;yes&#8221; use_custom_heading=&#8221;true&#8221;]<\/p>\n<p class=\"p1\">T\u00fctarettev\u00f5te on eraldi juriidiline isik, mille omanik on v\u00e4lismaine ettev\u00f5te. T\u00fctarettev\u00f5tte avamise protsess on v\u00f5rdne uue ettev\u00f5tte asutamisega. Filiaal ei ole eraldi juriidiline isik, vaid v\u00e4lismaise ettev\u00f5tte Rootsis \u00e4ri tegemiseks registreeritud osa.<\/p>\n<p>[\/vc_toggle]\n\t\t\t\t            <\/div>\n\t        \t\t\t<\/dd>\n    \t<\/dl>\n    <!--<div class=\"extraborder\" style=\"background-color:#ffffff\"><\/div>-->\n<\/div>\n\n<\/div>[\/vc_column][\/vc_row]<\/p>\n<\/div>","protected":false},"excerpt":{"rendered":"<p class=\"p1\">Filiaali registreerimine on paindlik v\u00f5imalus v\u00e4lismaa ettev\u00f5tetele, kes soovivad Rootsis tegutseda p\u00fcsivalt ja pikemaajaliselt.<\/p>\n","protected":false},"featured_media":62828,"template":"","meta":{"_acf_changed":false,"inline_featured_image":false},"product_brand":[],"product_cat":[308],"product_tag":[314],"class_list":{"0":"post-57663","1":"product","2":"type-product","3":"status-publish","4":"has-post-thumbnail","6":"product_cat-ettevotte-alustamine","7":"product_tag-rootsi","8":"description-off","10":"first","11":"instock","12":"virtual","13":"taxable","14":"purchasable","15":"product-type-simple"},"bundled_by":[],"bundle_stock_status":"instock","bundle_stock_quantity":null,"bundle_virtual":false,"bundle_layout":"","bundle_add_to_cart_form_location":"","bundle_editable_in_cart":false,"bundle_sold_individually_context":"","bundle_item_grouping":"","bundle_min_size":"","bundle_max_size":"","bundle_price":[],"bundled_items":[],"bundle_sell_ids":[],"acf":[],"yoast_head":"<!-- This site is optimized with the Yoast SEO Premium plugin v22.1 (Yoast SEO v27.0) - https:\/\/yoast.com\/product\/yoast-seo-premium-wordpress\/ -->\n<title>Filiaali asutamine tegevuse laiendamiseks - 1Office Sweden<\/title>\n<meta name=\"description\" content=\"Filiaali asutamine on paindlik v\u00f5imalus v\u00e4lismaistele ettev\u00f5tetele, mis soovivad oma \u00e4ritegevust laiendada v\u00f5i viivad Rootsis l\u00e4bi l\u00fchiajalisi projekte.\" \/>\n<meta name=\"robots\" content=\"index, follow, max-snippet:-1, max-image-preview:large, max-video-preview:-1\" \/>\n<link rel=\"canonical\" href=\"https:\/\/1office.co\/sweden\/et\/toode\/filiaali-asutamine\/\" \/>\n<meta property=\"og:locale\" content=\"et_EE\" \/>\n<meta property=\"og:type\" content=\"article\" \/>\n<meta property=\"og:title\" content=\"Filiaali asutamine (riigil\u00f5iv hinna sees)\" \/>\n<meta property=\"og:description\" content=\"Filiaali asutamine on paindlik v\u00f5imalus v\u00e4lismaistele ettev\u00f5tetele, mis soovivad oma \u00e4ritegevust laiendada v\u00f5i viivad Rootsis l\u00e4bi l\u00fchiajalisi projekte.\" \/>\n<meta property=\"og:url\" content=\"https:\/\/1office.co\/sweden\/et\/toode\/filiaali-asutamine\/\" \/>\n<meta property=\"og:site_name\" content=\"1Office Sweden\" \/>\n<meta property=\"article:modified_time\" content=\"2023-06-07T11:59:53+00:00\" \/>\n<meta property=\"og:image\" content=\"https:\/\/1office.co\/sweden\/wp-content\/uploads\/sites\/13\/2017\/08\/photo-1450101499163-c8848c66ca85.jpg\" \/>\n\t<meta property=\"og:image:width\" content=\"1350\" \/>\n\t<meta property=\"og:image:height\" content=\"901\" \/>\n\t<meta property=\"og:image:type\" content=\"image\/jpeg\" \/>\n<meta name=\"twitter:card\" content=\"summary_large_image\" \/>\n<meta name=\"twitter:label1\" content=\"Est. reading time\" \/>\n\t<meta name=\"twitter:data1\" content=\"1 minut\" \/>\n<script type=\"application\/ld+json\" class=\"yoast-schema-graph\">{\"@context\":\"https:\/\/schema.org\",\"@graph\":[{\"@type\":\"WebPage\",\"@id\":\"https:\/\/1office.co\/sweden\/et\/toode\/filiaali-asutamine\/\",\"url\":\"https:\/\/1office.co\/sweden\/et\/toode\/filiaali-asutamine\/\",\"name\":\"Filiaali asutamine tegevuse laiendamiseks - 1Office Sweden\",\"isPartOf\":{\"@id\":\"https:\/\/1office.co\/sweden\/#website\"},\"primaryImageOfPage\":{\"@id\":\"https:\/\/1office.co\/sweden\/et\/toode\/filiaali-asutamine\/#primaryimage\"},\"image\":{\"@id\":\"https:\/\/1office.co\/sweden\/et\/toode\/filiaali-asutamine\/#primaryimage\"},\"thumbnailUrl\":\"https:\/\/1office.co\/sweden\/wp-content\/uploads\/sites\/13\/2017\/08\/branchswe.png\",\"datePublished\":\"2017-08-10T08:34:11+00:00\",\"dateModified\":\"2023-06-07T11:59:53+00:00\",\"description\":\"Filiaali asutamine on paindlik v\u00f5imalus v\u00e4lismaistele ettev\u00f5tetele, mis soovivad oma \u00e4ritegevust laiendada v\u00f5i viivad Rootsis l\u00e4bi l\u00fchiajalisi projekte.\",\"breadcrumb\":{\"@id\":\"https:\/\/1office.co\/sweden\/et\/toode\/filiaali-asutamine\/#breadcrumb\"},\"inLanguage\":\"et\",\"potentialAction\":[{\"@type\":\"ReadAction\",\"target\":[\"https:\/\/1office.co\/sweden\/et\/toode\/filiaali-asutamine\/\"]}]},{\"@type\":\"ImageObject\",\"inLanguage\":\"et\",\"@id\":\"https:\/\/1office.co\/sweden\/et\/toode\/filiaali-asutamine\/#primaryimage\",\"url\":\"https:\/\/1office.co\/sweden\/wp-content\/uploads\/sites\/13\/2017\/08\/branchswe.png\",\"contentUrl\":\"https:\/\/1office.co\/sweden\/wp-content\/uploads\/sites\/13\/2017\/08\/branchswe.png\",\"width\":500,\"height\":500,\"caption\":\"Open a branch in Sweden\"},{\"@type\":\"BreadcrumbList\",\"@id\":\"https:\/\/1office.co\/sweden\/et\/toode\/filiaali-asutamine\/#breadcrumb\",\"itemListElement\":[{\"@type\":\"ListItem\",\"position\":1,\"name\":\"Home\",\"item\":\"https:\/\/1office.co\/sweden\/et\/\"},{\"@type\":\"ListItem\",\"position\":2,\"name\":\"Tee \u00e4ri Rootsis\",\"item\":\"https:\/\/1office.co\/sweden\/et\/teenused\/\"},{\"@type\":\"ListItem\",\"position\":3,\"name\":\"Filiaali asutamine (riigil\u00f5iv hinna sees)\"}]},{\"@type\":\"WebSite\",\"@id\":\"https:\/\/1office.co\/sweden\/#website\",\"url\":\"https:\/\/1office.co\/sweden\/\",\"name\":\"1Office Sweden\",\"description\":\"Making Business Simple\",\"potentialAction\":[{\"@type\":\"SearchAction\",\"target\":{\"@type\":\"EntryPoint\",\"urlTemplate\":\"https:\/\/1office.co\/sweden\/?s={search_term_string}\"},\"query-input\":{\"@type\":\"PropertyValueSpecification\",\"valueRequired\":true,\"valueName\":\"search_term_string\"}}],\"inLanguage\":\"et\"}]}<\/script>\n<!-- \/ Yoast SEO Premium plugin. -->","yoast_head_json":{"title":"Filiaali asutamine tegevuse laiendamiseks - 1Office Sweden","description":"Filiaali asutamine on paindlik v\u00f5imalus v\u00e4lismaistele ettev\u00f5tetele, mis soovivad oma \u00e4ritegevust laiendada v\u00f5i viivad Rootsis l\u00e4bi l\u00fchiajalisi projekte.","robots":{"index":"index","follow":"follow","max-snippet":"max-snippet:-1","max-image-preview":"max-image-preview:large","max-video-preview":"max-video-preview:-1"},"canonical":"https:\/\/1office.co\/sweden\/et\/toode\/filiaali-asutamine\/","og_locale":"et_EE","og_type":"article","og_title":"Filiaali asutamine (riigil\u00f5iv hinna sees)","og_description":"Filiaali asutamine on paindlik v\u00f5imalus v\u00e4lismaistele ettev\u00f5tetele, mis soovivad oma \u00e4ritegevust laiendada v\u00f5i viivad Rootsis l\u00e4bi l\u00fchiajalisi projekte.","og_url":"https:\/\/1office.co\/sweden\/et\/toode\/filiaali-asutamine\/","og_site_name":"1Office Sweden","article_modified_time":"2023-06-07T11:59:53+00:00","og_image":[{"width":1350,"height":901,"url":"https:\/\/1office.co\/sweden\/wp-content\/uploads\/sites\/13\/2017\/08\/photo-1450101499163-c8848c66ca85.jpg","type":"image\/jpeg"}],"twitter_card":"summary_large_image","twitter_misc":{"Est. reading time":"1 minut"},"schema":{"@context":"https:\/\/schema.org","@graph":[{"@type":"WebPage","@id":"https:\/\/1office.co\/sweden\/et\/toode\/filiaali-asutamine\/","url":"https:\/\/1office.co\/sweden\/et\/toode\/filiaali-asutamine\/","name":"Filiaali asutamine tegevuse laiendamiseks - 1Office Sweden","isPartOf":{"@id":"https:\/\/1office.co\/sweden\/#website"},"primaryImageOfPage":{"@id":"https:\/\/1office.co\/sweden\/et\/toode\/filiaali-asutamine\/#primaryimage"},"image":{"@id":"https:\/\/1office.co\/sweden\/et\/toode\/filiaali-asutamine\/#primaryimage"},"thumbnailUrl":"https:\/\/1office.co\/sweden\/wp-content\/uploads\/sites\/13\/2017\/08\/branchswe.png","datePublished":"2017-08-10T08:34:11+00:00","dateModified":"2023-06-07T11:59:53+00:00","description":"Filiaali asutamine on paindlik v\u00f5imalus v\u00e4lismaistele ettev\u00f5tetele, mis soovivad oma \u00e4ritegevust laiendada v\u00f5i viivad Rootsis l\u00e4bi l\u00fchiajalisi projekte.","breadcrumb":{"@id":"https:\/\/1office.co\/sweden\/et\/toode\/filiaali-asutamine\/#breadcrumb"},"inLanguage":"et","potentialAction":[{"@type":"ReadAction","target":["https:\/\/1office.co\/sweden\/et\/toode\/filiaali-asutamine\/"]}]},{"@type":"ImageObject","inLanguage":"et","@id":"https:\/\/1office.co\/sweden\/et\/toode\/filiaali-asutamine\/#primaryimage","url":"https:\/\/1office.co\/sweden\/wp-content\/uploads\/sites\/13\/2017\/08\/branchswe.png","contentUrl":"https:\/\/1office.co\/sweden\/wp-content\/uploads\/sites\/13\/2017\/08\/branchswe.png","width":500,"height":500,"caption":"Open a branch in Sweden"},{"@type":"BreadcrumbList","@id":"https:\/\/1office.co\/sweden\/et\/toode\/filiaali-asutamine\/#breadcrumb","itemListElement":[{"@type":"ListItem","position":1,"name":"Home","item":"https:\/\/1office.co\/sweden\/et\/"},{"@type":"ListItem","position":2,"name":"Tee \u00e4ri Rootsis","item":"https:\/\/1office.co\/sweden\/et\/teenused\/"},{"@type":"ListItem","position":3,"name":"Filiaali asutamine (riigil\u00f5iv hinna sees)"}]},{"@type":"WebSite","@id":"https:\/\/1office.co\/sweden\/#website","url":"https:\/\/1office.co\/sweden\/","name":"1Office Sweden","description":"Making Business Simple","potentialAction":[{"@type":"SearchAction","target":{"@type":"EntryPoint","urlTemplate":"https:\/\/1office.co\/sweden\/?s={search_term_string}"},"query-input":{"@type":"PropertyValueSpecification","valueRequired":true,"valueName":"search_term_string"}}],"inLanguage":"et"}]}},"_links":{"self":[{"href":"https:\/\/1office.co\/sweden\/et\/wp-json\/wp\/v2\/product\/57663","targetHints":{"allow":["GET"]}}],"collection":[{"href":"https:\/\/1office.co\/sweden\/et\/wp-json\/wp\/v2\/product"}],"about":[{"href":"https:\/\/1office.co\/sweden\/et\/wp-json\/wp\/v2\/types\/product"}],"wp:featuredmedia":[{"embeddable":true,"href":"https:\/\/1office.co\/sweden\/et\/wp-json\/wp\/v2\/media\/62828"}],"wp:attachment":[{"href":"https:\/\/1office.co\/sweden\/et\/wp-json\/wp\/v2\/media?parent=57663"}],"wp:term":[{"taxonomy":"product_brand","embeddable":true,"href":"https:\/\/1office.co\/sweden\/et\/wp-json\/wp\/v2\/product_brand?post=57663"},{"taxonomy":"product_cat","embeddable":true,"href":"https:\/\/1office.co\/sweden\/et\/wp-json\/wp\/v2\/product_cat?post=57663"},{"taxonomy":"product_tag","embeddable":true,"href":"https:\/\/1office.co\/sweden\/et\/wp-json\/wp\/v2\/product_tag?post=57663"}],"curies":[{"name":"wp","href":"https:\/\/api.w.org\/{rel}","templated":true}]}}