{"id":57666,"date":"2017-08-10T10:40:21","date_gmt":"2017-08-10T10:40:21","guid":{"rendered":"https:\/\/1office.co\/sweden\/product\/ready-made-company-ab\/"},"modified":"2025-12-16T14:14:05","modified_gmt":"2025-12-16T14:14:05","slug":"rootsi-valmisfirma-ab-ostmine","status":"publish","type":"product","link":"https:\/\/1office.co\/sweden\/et\/toode\/rootsi-valmisfirma-ab-ostmine\/","title":{"rendered":"Firma ostmine Rootsis AB \u2013 Aktiebolag"},"content":{"rendered":"<div class=\"wpb-content-wrapper\"><p>[vc_row][vc_column]<div id=\"advanced-tabs-desc-wrap-7613\" class=\"ult_tabs product_tabs\" style=\" \" data-tabsstyle=\"style1\"\n data-titlebg=\"#ffffff\" data-titlecolor=\"#b6b8ba\" data-fullheight=\"off\"\n data-titlehoverbg=\"#ffffff\" data-titlehovercolor=\"#1d1e23\"\n data-rotatetabs=\"0\" data-responsivemode=\"Both\" data-animation=\"Slide\"\ndata-activetitle=\"#1d1e23\" data-activeicon=\"\" data-activebg=\"#ffffff\"  data-respmode=\"Tabs\" data-respwidth=\"400\" data-scroll = \"on\" data-activeindex=\"1\"><ul id=advanced-tabs-wrap-3576 class=\"ult_tabmenu style1 \" style=\"\"><li class=\"ult_tab_li  \" data-iconcolor=\"#74777b\" data-iconhover=\"#ffffff\" style=\"background-color:#ffffff;border-color:transparent;border-width:0px;border-style:solid;border-top-right-radius:8px;\">\n\t\t\t\t\t<a href=\"#1512642751410-8e0b4-6897\"  id=\"1512642751410-8e0b4-6897\"  style=\"color:#b6b8ba;; padding:15px; \" class=\"ult_a  \">\n\t\t\t\t\t     <span class=\"ult_tab_main Both \">\n\t\t\t\t\t \t\t <span class=\"ult_tab_section\">\n\t\t\t\t\t   \t\t\t<span  data-ultimate-target='#advanced-tabs-wrap-3576 .ult-span-text'  data-responsive-json-new='{\"font-size\":\"desktop:14px;\",\"line-height\":\"\"}'  class=\"ult-span-text no_icon ult_tab_display_text ult-responsive\" style=\"font-weight:bold;;\">Kirjeldus<\/span>\n\t\t\t\t\t   \t\t<\/span>\n\t\t\t\t\t\t<\/span>\n\t\t\t\t\t<\/a>\n\t\t\t\t\t<\/li><\/ul><div  data-ultimate-target='#advanced-tabs-desc-wrap-7613 .ult_tabcontent .ult_tab_min_contain  p'  data-responsive-json-new='{\"font-size\":\"\",\"line-height\":\"\"}' class=\"ult_tabcontent ult-responsive style1\" style=\"color:#74777b;\"><div class=\"ult_tab_min_contain \" >\n\t\t\t<div  class=\"ult_tabitemname\"  >\n\t\t\t\t[vc_column_text css=&#8221;&#8221;]Valmisfirma puhul on osakapital l\u00e4bi ajutise pangakonto asutamise ajaks registreeritud ning seega on ettev\u00f5tet v\u00f5imalik osta ka ilma Rootsi kohale tulemata. Meie valmisfirmadel ei ole mingit eelnevat ajalugu. \u00c4ri\u00fchingu omand vahetub koheselt p\u00e4rast lepingu allkirjastamist. Uue juhatuse registreerimine v\u00f5tab tavaliselt 10-15 t\u00f6\u00f6p\u00e4eva, kui k\u00f5ik vajalikud dokumendid on olemas. Menetlusaeg v\u00f5ib pikeneda vastavalt \u00c4riregistri t\u00f6\u00f6mahule. Kui soovid teenuse kohta lisainformatsiooni, siis palun <a href=\"https:\/\/1office.co\/et\/vota-uhendust-2-2\/\">v\u00f5ta meiega \u00fchendust<\/a>.<\/p>\n<p>Rootsi \u00e4ri\u00fching peab koosnema v\u00e4hemalt kolmest juhatuse liikmest v\u00f5i v\u00e4hemalt \u00fchest juhatuse liikmest ja \u00fchest asendusliikmest. Ettev\u00f5tte asutamise ja valmisfirma ostmise korral peab ettev\u00f5ttel olema ka v\u00e4hemalt \u00fcks juhatuse liige, kes on Rootsi alaline elanik. Kui see pole v\u00f5imalik, tuleb m\u00e4\u00e4rata <a href=\"https:\/\/1office.co\/sweden\/et\/toode\/kontaktisik\/\" target=\"_blank\" rel=\"noopener noreferrer\">kontaktisik.<\/a><\/p>\n<p>Pea meeles, et igal Rootsi ettev\u00f5ttel peab olema kohalik <a href=\"https:\/\/1office.co\/sweden\/et\/toode\/ariaadress-stockholmi-kesklinnas-aasta\/\" target=\"_blank\" rel=\"noopener noreferrer\">\u00e4riaadress<\/a> ning enamasti ei tohi selleks olla eraelamu. \u00c4riaadressi kuvatakse \u00e4riregistris ning sellele saadetakse ka k\u00f5ik ametlikud kirjad.<\/p>\n<p>Rootsis on \u00e4ritegevuse alustamiseks vajalik maksuregistreeringute taotlemine.<\/p>\n<p>Iga Rootsis registreeritud ettev\u00f5te peab esitama majandusaasta aruande ja tuludeklaratsiooni. Kui ettev\u00f5ttel on igakuised maksed, arved ja k\u00e4ibemaksunumber, on samuti kohustuslik esitada deklaratsioone iga kuu v\u00f5i iga kvartal.\u00a0Kui aga endal pole aega v\u00f5i oskusi nende esitamiseks, tasub tellida eraldi <a href=\"https:\/\/1office.co\/sweden\/et\/toode\/raamatupidamise-teenus\/\" target=\"_blank\" rel=\"noopener noreferrer\">raamatupidamisteenus.<\/a><\/p>\n<p>&nbsp;<\/p>\n<h2>Rootsi ettev\u00f5tte AB hind sisaldab:<\/h2>\n<ul>\n<li>\u00dclevaade ettev\u00f5tte ostmise protseduurist ning n\u00f5uetest<\/li>\n<li>Asutamisdokumentide kokkukogumine ning ettevalmistamine<\/li>\n<li>Ettev\u00f5tte andmete muutmine \u00e4riregistris (Bolagsverket)<\/li>\n<li>P\u00f5hikirja muutmine ning juhatuse koosoleku protokolli koostamine<\/li>\n<\/ul>\n<p>&nbsp;<\/p>\n<h2>Saadaval lisatasu eest:<\/h2>\n<ul>\n<li><a href=\"https:\/\/1office.co\/sweden\/et\/toode\/konsultatsioon-ari-alustamine-rootsis\/\" target=\"_blank\" rel=\"noopener noreferrer\">Konsultatsioon \u00c4ri alustamine Rootsis<\/a><\/li>\n<li><a href=\"https:\/\/1office.co\/sweden\/et\/toode\/ariaadress-stockholmi-kesklinnas-aasta\/\" target=\"_blank\" rel=\"noopener noreferrer\">\u00c4riaadress<\/a><\/li>\n<li><a href=\"https:\/\/1office.co\/sweden\/et\/toode\/kontaktisik\/\" target=\"_blank\" rel=\"noopener noreferrer\">Kontaktisik koos \u00e4riaadressiga<\/a><\/li>\n<li>Maksuregistreeringud<\/li>\n<li><a href=\"https:\/\/1office.co\/sweden\/et\/toode\/raamatupidamise-teenus\/\" target=\"_blank\" rel=\"noopener noreferrer\">Raamatupidamisteenus<\/a><\/li>\n<li>Tegeliku kasusaaja m\u00e4\u00e4ramine (1750 SEKi, hind ei sisalda riigil\u00f5ivu). Kliendil tuleb tasuda riigil\u00f5iv 250 SEKi otse Rootsi \u00e4riregistrisse.<\/li>\n<\/ul>\n<p>&nbsp;<\/p>\n<h2>Firma ostmise protsessi k\u00e4ik:<\/h2>\n<ul>\n<li>Vali teenused, mida soovid tellida (lisaks valmisfirmale v\u00f5id vajada ka \u00e4riaadressi, kontaktisikut, maksuregistreeringuid ja\/v\u00f5i raamatupidamisteenust)<\/li>\n<li>Vasta k\u00fcsimustele, mis Sulle p\u00e4rast ostu sooritamist saadetakse &#8211; need on vajalikud dokumentide ettevalmistamiseks<\/li>\n<li>T\u00e4idame saadud andmete p\u00f5hjal vajalikud vormid ning muudame ettev\u00f5tte andmed \u00e4riregistris<\/li>\n<li>Pangakonto avamiseks on aega esimese majandusaasta l\u00f5puni<\/li>\n<\/ul>\n<p>&nbsp;<\/p>\n<h2>T\u00e4htis informatsioon:<\/h2>\n<ul>\n<li>Uus juhatus peab esimeseks majandusaasta l\u00f5puks avama ettev\u00f5ttele pangakonto ja maksma sellele osakapitali suurusega 25 000 SEK.<\/li>\n<li>Rootsis \u00e4ritegevuse alustamiseks on vajalik ka eelnev maksuregistreeringute taotlemine<\/li>\n<li>Kui ettev\u00f5tte asutamisega on seotud v\u00e4ljastpoolt Euroopa Liitu p\u00e4rit kodanik, tuleb t\u00e4ita residentsusn\u00f5ude erandi avaldus lisatasu eest (2500 SEK, hind sisaldab riigil\u00f5ivu).<\/li>\n<\/ul>\n<p>[\/vc_column_text]\n\t\t\t<\/div><\/div><\/div><\/div><div class=\"ult_acord advanced-tabs-desc-wrap-7613\">\n   <div class=\"ult-tabto-accordion \" style=\"width:;\"\n    data-titlecolor=\"#b6b8ba\"  data-titlebg=\"#ffffff\"\n     data-titlehoverbg=\"#ffffff\" data-titlehovercolor=\"#1d1e23\" data-animation=\"Slide\"\n     data-activetitle=\"#1d1e23\" data-activeicon=\"\" data-activebg=\"#ffffff\" data-scroll = \"on\" data-activeindex=\"1\" >\n     <dl><dt class=\"\">\n\t        \t<a class=\"ult-tabto-actitle withBorder ult_a \" id=\"1512642751410-8e0b4-6897\" style=\"color:#b6b8ba;;background-color:#ffffff;border-bottom-color:transparent;border-bottom-width:0px;border-bottom-style:solid;\" href=\"#1512642751410-8e0b4-6897\">\n\t        \t\t<i class=\"accordion-icon\"><\/i>\n\t        \t\t\t<span class=\"ult_tab_main ult_ac_main ult_noacordicnBoth\">\n\n\t\t\t\t\t\t<span  data-ultimate-target='#advanced-tabs-wrap-3576 .ult-span-text'  data-responsive-json-new='{\"font-size\":\"desktop:14px;\",\"line-height\":\"\"}'  class=\"ult-span-text no_icon ult_acordian-text ult-responsive\" style=\"font-weight:bold;;color:inherit \" >Kirjeldus<\/span>\n\t\t\t\t\t\t<\/span><\/a><\/dt>\n\t            \t\t<dd class=\"ult-tabto-accordionItem ult-tabto-accolapsed\">\n\t\t\t\t            <div class=\"ult-tabto-acontent\" style=\"color:#74777b;\">\n\t\t\t\t               [vc_column_text css=&#8221;&#8221;]Valmisfirma puhul on osakapital l\u00e4bi ajutise pangakonto asutamise ajaks registreeritud ning seega on ettev\u00f5tet v\u00f5imalik osta ka ilma Rootsi kohale tulemata. Meie valmisfirmadel ei ole mingit eelnevat ajalugu. \u00c4ri\u00fchingu omand vahetub koheselt p\u00e4rast lepingu allkirjastamist. Uue juhatuse registreerimine v\u00f5tab tavaliselt 10-15 t\u00f6\u00f6p\u00e4eva, kui k\u00f5ik vajalikud dokumendid on olemas. Menetlusaeg v\u00f5ib pikeneda vastavalt \u00c4riregistri t\u00f6\u00f6mahule. Kui soovid teenuse kohta lisainformatsiooni, siis palun <a href=\"https:\/\/1office.co\/et\/vota-uhendust-2-2\/\">v\u00f5ta meiega \u00fchendust<\/a>.<\/p>\n<p>Rootsi \u00e4ri\u00fching peab koosnema v\u00e4hemalt kolmest juhatuse liikmest v\u00f5i v\u00e4hemalt \u00fchest juhatuse liikmest ja \u00fchest asendusliikmest. Ettev\u00f5tte asutamise ja valmisfirma ostmise korral peab ettev\u00f5ttel olema ka v\u00e4hemalt \u00fcks juhatuse liige, kes on Rootsi alaline elanik. Kui see pole v\u00f5imalik, tuleb m\u00e4\u00e4rata <a href=\"https:\/\/1office.co\/sweden\/et\/toode\/kontaktisik\/\" target=\"_blank\" rel=\"noopener noreferrer\">kontaktisik.<\/a><\/p>\n<p>Pea meeles, et igal Rootsi ettev\u00f5ttel peab olema kohalik <a href=\"https:\/\/1office.co\/sweden\/et\/toode\/ariaadress-stockholmi-kesklinnas-aasta\/\" target=\"_blank\" rel=\"noopener noreferrer\">\u00e4riaadress<\/a> ning enamasti ei tohi selleks olla eraelamu. \u00c4riaadressi kuvatakse \u00e4riregistris ning sellele saadetakse ka k\u00f5ik ametlikud kirjad.<\/p>\n<p>Rootsis on \u00e4ritegevuse alustamiseks vajalik maksuregistreeringute taotlemine.<\/p>\n<p>Iga Rootsis registreeritud ettev\u00f5te peab esitama majandusaasta aruande ja tuludeklaratsiooni. Kui ettev\u00f5ttel on igakuised maksed, arved ja k\u00e4ibemaksunumber, on samuti kohustuslik esitada deklaratsioone iga kuu v\u00f5i iga kvartal.\u00a0Kui aga endal pole aega v\u00f5i oskusi nende esitamiseks, tasub tellida eraldi <a href=\"https:\/\/1office.co\/sweden\/et\/toode\/raamatupidamise-teenus\/\" target=\"_blank\" rel=\"noopener noreferrer\">raamatupidamisteenus.<\/a><\/p>\n<p>&nbsp;<\/p>\n<h2>Rootsi ettev\u00f5tte AB hind sisaldab:<\/h2>\n<ul>\n<li>\u00dclevaade ettev\u00f5tte ostmise protseduurist ning n\u00f5uetest<\/li>\n<li>Asutamisdokumentide kokkukogumine ning ettevalmistamine<\/li>\n<li>Ettev\u00f5tte andmete muutmine \u00e4riregistris (Bolagsverket)<\/li>\n<li>P\u00f5hikirja muutmine ning juhatuse koosoleku protokolli koostamine<\/li>\n<\/ul>\n<p>&nbsp;<\/p>\n<h2>Saadaval lisatasu eest:<\/h2>\n<ul>\n<li><a href=\"https:\/\/1office.co\/sweden\/et\/toode\/konsultatsioon-ari-alustamine-rootsis\/\" target=\"_blank\" rel=\"noopener noreferrer\">Konsultatsioon \u00c4ri alustamine Rootsis<\/a><\/li>\n<li><a href=\"https:\/\/1office.co\/sweden\/et\/toode\/ariaadress-stockholmi-kesklinnas-aasta\/\" target=\"_blank\" rel=\"noopener noreferrer\">\u00c4riaadress<\/a><\/li>\n<li><a href=\"https:\/\/1office.co\/sweden\/et\/toode\/kontaktisik\/\" target=\"_blank\" rel=\"noopener noreferrer\">Kontaktisik koos \u00e4riaadressiga<\/a><\/li>\n<li>Maksuregistreeringud<\/li>\n<li><a href=\"https:\/\/1office.co\/sweden\/et\/toode\/raamatupidamise-teenus\/\" target=\"_blank\" rel=\"noopener noreferrer\">Raamatupidamisteenus<\/a><\/li>\n<li>Tegeliku kasusaaja m\u00e4\u00e4ramine (1750 SEKi, hind ei sisalda riigil\u00f5ivu). Kliendil tuleb tasuda riigil\u00f5iv 250 SEKi otse Rootsi \u00e4riregistrisse.<\/li>\n<\/ul>\n<p>&nbsp;<\/p>\n<h2>Firma ostmise protsessi k\u00e4ik:<\/h2>\n<ul>\n<li>Vali teenused, mida soovid tellida (lisaks valmisfirmale v\u00f5id vajada ka \u00e4riaadressi, kontaktisikut, maksuregistreeringuid ja\/v\u00f5i raamatupidamisteenust)<\/li>\n<li>Vasta k\u00fcsimustele, mis Sulle p\u00e4rast ostu sooritamist saadetakse &#8211; need on vajalikud dokumentide ettevalmistamiseks<\/li>\n<li>T\u00e4idame saadud andmete p\u00f5hjal vajalikud vormid ning muudame ettev\u00f5tte andmed \u00e4riregistris<\/li>\n<li>Pangakonto avamiseks on aega esimese majandusaasta l\u00f5puni<\/li>\n<\/ul>\n<p>&nbsp;<\/p>\n<h2>T\u00e4htis informatsioon:<\/h2>\n<ul>\n<li>Uus juhatus peab esimeseks majandusaasta l\u00f5puks avama ettev\u00f5ttele pangakonto ja maksma sellele osakapitali suurusega 25 000 SEK.<\/li>\n<li>Rootsis \u00e4ritegevuse alustamiseks on vajalik ka eelnev maksuregistreeringute taotlemine<\/li>\n<li>Kui ettev\u00f5tte asutamisega on seotud v\u00e4ljastpoolt Euroopa Liitu p\u00e4rit kodanik, tuleb t\u00e4ita residentsusn\u00f5ude erandi avaldus lisatasu eest (2500 SEK, hind sisaldab riigil\u00f5ivu).<\/li>\n<\/ul>\n<p>[\/vc_column_text]\n\t\t\t\t            <\/div>\n\t        \t\t\t<\/dd>\n    \t<\/dl>\n    <!--<div class=\"extraborder\" style=\"background-color:#ffffff\"><\/div>-->\n<\/div>\n\n<\/div>[\/vc_column][\/vc_row]<\/p>\n<\/div>","protected":false},"excerpt":{"rendered":"<p class=\"p1\">Kiireim ja lihtsaim viis oma ettev\u00f5tte asutamiseks Rootsis. Sobiv klientidele, kes soovivad Rootsis \u00e4ritegevusega kiiresti alustada ja ei soovi kogu asutamisprotsessi koos pangakonto avamisega l\u00e4bi teha.<\/p>\n","protected":false},"featured_media":62790,"template":"","meta":{"_acf_changed":false,"inline_featured_image":false},"product_brand":[],"product_cat":[308],"product_tag":[314],"class_list":{"0":"post-57666","1":"product","2":"type-product","3":"status-publish","4":"has-post-thumbnail","6":"product_cat-ettevotte-alustamine","7":"product_tag-rootsi","8":"description-off","10":"first","11":"instock","12":"taxable","13":"shipping-taxable","14":"purchasable","15":"product-type-simple"},"bundled_by":["62156"],"bundle_stock_status":"instock","bundle_stock_quantity":null,"bundle_virtual":false,"bundle_layout":"","bundle_add_to_cart_form_location":"","bundle_editable_in_cart":false,"bundle_sold_individually_context":"","bundle_item_grouping":"","bundle_min_size":"","bundle_max_size":"","bundle_price":[],"bundled_items":[],"bundle_sell_ids":[],"acf":[],"yoast_head":"<!-- This site is optimized with the Yoast SEO Premium plugin v22.1 (Yoast SEO v27.0) - https:\/\/yoast.com\/product\/yoast-seo-premium-wordpress\/ -->\n<title>Valmisfirma ostmine Rootsis AB \u2013 Aktiebolag | 1Office<\/title>\n<meta name=\"description\" content=\"Valmis- ehk riiulifirma ostmine on hea valik klientidele, kes soovivad kiiresti alustada \u00e4ritegevusega Rootsis. Uuri l\u00e4hemalt meie m\u00fc\u00fcgijuhtide k\u00e4est!\" \/>\n<meta name=\"robots\" content=\"index, follow, max-snippet:-1, max-image-preview:large, max-video-preview:-1\" \/>\n<link rel=\"canonical\" href=\"https:\/\/1office.co\/sweden\/et\/toode\/rootsi-valmisfirma-ab-ostmine\/\" \/>\n<meta property=\"og:locale\" content=\"et_EE\" \/>\n<meta property=\"og:type\" content=\"article\" \/>\n<meta property=\"og:title\" content=\"Firma ostmine Rootsis AB \u2013 Aktiebolag\" \/>\n<meta property=\"og:description\" content=\"Valmis- ehk riiulifirma ostmine on hea valik klientidele, kes soovivad kiiresti alustada \u00e4ritegevusega Rootsis. Uuri l\u00e4hemalt meie m\u00fc\u00fcgijuhtide k\u00e4est!\" \/>\n<meta property=\"og:url\" content=\"https:\/\/1office.co\/sweden\/et\/toode\/rootsi-valmisfirma-ab-ostmine\/\" \/>\n<meta property=\"og:site_name\" content=\"1Office Sweden\" \/>\n<meta property=\"article:modified_time\" content=\"2025-12-16T14:14:05+00:00\" \/>\n<meta property=\"og:image\" content=\"https:\/\/1office.co\/sweden\/wp-content\/uploads\/sites\/13\/2017\/08\/swepremade.png\" \/>\n\t<meta property=\"og:image:width\" content=\"500\" \/>\n\t<meta property=\"og:image:height\" content=\"500\" \/>\n\t<meta property=\"og:image:type\" content=\"image\/png\" \/>\n<meta name=\"twitter:card\" content=\"summary_large_image\" \/>\n<meta name=\"twitter:label1\" content=\"Est. reading time\" \/>\n\t<meta name=\"twitter:data1\" content=\"2 minutit\" \/>\n<script type=\"application\/ld+json\" class=\"yoast-schema-graph\">{\"@context\":\"https:\/\/schema.org\",\"@graph\":[{\"@type\":\"WebPage\",\"@id\":\"https:\/\/1office.co\/sweden\/et\/toode\/rootsi-valmisfirma-ab-ostmine\/\",\"url\":\"https:\/\/1office.co\/sweden\/et\/toode\/rootsi-valmisfirma-ab-ostmine\/\",\"name\":\"Valmisfirma ostmine Rootsis AB \u2013 Aktiebolag | 1Office\",\"isPartOf\":{\"@id\":\"https:\/\/1office.co\/sweden\/#website\"},\"primaryImageOfPage\":{\"@id\":\"https:\/\/1office.co\/sweden\/et\/toode\/rootsi-valmisfirma-ab-ostmine\/#primaryimage\"},\"image\":{\"@id\":\"https:\/\/1office.co\/sweden\/et\/toode\/rootsi-valmisfirma-ab-ostmine\/#primaryimage\"},\"thumbnailUrl\":\"https:\/\/1office.co\/sweden\/wp-content\/uploads\/sites\/13\/2017\/08\/swepremade.png\",\"datePublished\":\"2017-08-10T10:40:21+00:00\",\"dateModified\":\"2025-12-16T14:14:05+00:00\",\"description\":\"Valmis- ehk riiulifirma ostmine on hea valik klientidele, kes soovivad kiiresti alustada \u00e4ritegevusega Rootsis. Uuri l\u00e4hemalt meie m\u00fc\u00fcgijuhtide k\u00e4est!\",\"breadcrumb\":{\"@id\":\"https:\/\/1office.co\/sweden\/et\/toode\/rootsi-valmisfirma-ab-ostmine\/#breadcrumb\"},\"inLanguage\":\"et\",\"potentialAction\":[{\"@type\":\"ReadAction\",\"target\":[\"https:\/\/1office.co\/sweden\/et\/toode\/rootsi-valmisfirma-ab-ostmine\/\"]}]},{\"@type\":\"ImageObject\",\"inLanguage\":\"et\",\"@id\":\"https:\/\/1office.co\/sweden\/et\/toode\/rootsi-valmisfirma-ab-ostmine\/#primaryimage\",\"url\":\"https:\/\/1office.co\/sweden\/wp-content\/uploads\/sites\/13\/2017\/08\/swepremade.png\",\"contentUrl\":\"https:\/\/1office.co\/sweden\/wp-content\/uploads\/sites\/13\/2017\/08\/swepremade.png\",\"width\":500,\"height\":500,\"caption\":\"Ready made Swedish AB\"},{\"@type\":\"BreadcrumbList\",\"@id\":\"https:\/\/1office.co\/sweden\/et\/toode\/rootsi-valmisfirma-ab-ostmine\/#breadcrumb\",\"itemListElement\":[{\"@type\":\"ListItem\",\"position\":1,\"name\":\"Home\",\"item\":\"https:\/\/1office.co\/sweden\/et\/\"},{\"@type\":\"ListItem\",\"position\":2,\"name\":\"Tee \u00e4ri Rootsis\",\"item\":\"https:\/\/1office.co\/sweden\/et\/teenused\/\"},{\"@type\":\"ListItem\",\"position\":3,\"name\":\"Firma ostmine Rootsis AB \u2013 Aktiebolag\"}]},{\"@type\":\"WebSite\",\"@id\":\"https:\/\/1office.co\/sweden\/#website\",\"url\":\"https:\/\/1office.co\/sweden\/\",\"name\":\"1Office Sweden\",\"description\":\"Making Business Simple\",\"potentialAction\":[{\"@type\":\"SearchAction\",\"target\":{\"@type\":\"EntryPoint\",\"urlTemplate\":\"https:\/\/1office.co\/sweden\/?s={search_term_string}\"},\"query-input\":{\"@type\":\"PropertyValueSpecification\",\"valueRequired\":true,\"valueName\":\"search_term_string\"}}],\"inLanguage\":\"et\"}]}<\/script>\n<!-- \/ Yoast SEO Premium plugin. -->","yoast_head_json":{"title":"Valmisfirma ostmine Rootsis AB \u2013 Aktiebolag | 1Office","description":"Valmis- ehk riiulifirma ostmine on hea valik klientidele, kes soovivad kiiresti alustada \u00e4ritegevusega Rootsis. Uuri l\u00e4hemalt meie m\u00fc\u00fcgijuhtide k\u00e4est!","robots":{"index":"index","follow":"follow","max-snippet":"max-snippet:-1","max-image-preview":"max-image-preview:large","max-video-preview":"max-video-preview:-1"},"canonical":"https:\/\/1office.co\/sweden\/et\/toode\/rootsi-valmisfirma-ab-ostmine\/","og_locale":"et_EE","og_type":"article","og_title":"Firma ostmine Rootsis AB \u2013 Aktiebolag","og_description":"Valmis- ehk riiulifirma ostmine on hea valik klientidele, kes soovivad kiiresti alustada \u00e4ritegevusega Rootsis. Uuri l\u00e4hemalt meie m\u00fc\u00fcgijuhtide k\u00e4est!","og_url":"https:\/\/1office.co\/sweden\/et\/toode\/rootsi-valmisfirma-ab-ostmine\/","og_site_name":"1Office Sweden","article_modified_time":"2025-12-16T14:14:05+00:00","og_image":[{"width":500,"height":500,"url":"https:\/\/1office.co\/sweden\/wp-content\/uploads\/sites\/13\/2017\/08\/swepremade.png","type":"image\/png"}],"twitter_card":"summary_large_image","twitter_misc":{"Est. reading time":"2 minutit"},"schema":{"@context":"https:\/\/schema.org","@graph":[{"@type":"WebPage","@id":"https:\/\/1office.co\/sweden\/et\/toode\/rootsi-valmisfirma-ab-ostmine\/","url":"https:\/\/1office.co\/sweden\/et\/toode\/rootsi-valmisfirma-ab-ostmine\/","name":"Valmisfirma ostmine Rootsis AB \u2013 Aktiebolag | 1Office","isPartOf":{"@id":"https:\/\/1office.co\/sweden\/#website"},"primaryImageOfPage":{"@id":"https:\/\/1office.co\/sweden\/et\/toode\/rootsi-valmisfirma-ab-ostmine\/#primaryimage"},"image":{"@id":"https:\/\/1office.co\/sweden\/et\/toode\/rootsi-valmisfirma-ab-ostmine\/#primaryimage"},"thumbnailUrl":"https:\/\/1office.co\/sweden\/wp-content\/uploads\/sites\/13\/2017\/08\/swepremade.png","datePublished":"2017-08-10T10:40:21+00:00","dateModified":"2025-12-16T14:14:05+00:00","description":"Valmis- ehk riiulifirma ostmine on hea valik klientidele, kes soovivad kiiresti alustada \u00e4ritegevusega Rootsis. Uuri l\u00e4hemalt meie m\u00fc\u00fcgijuhtide k\u00e4est!","breadcrumb":{"@id":"https:\/\/1office.co\/sweden\/et\/toode\/rootsi-valmisfirma-ab-ostmine\/#breadcrumb"},"inLanguage":"et","potentialAction":[{"@type":"ReadAction","target":["https:\/\/1office.co\/sweden\/et\/toode\/rootsi-valmisfirma-ab-ostmine\/"]}]},{"@type":"ImageObject","inLanguage":"et","@id":"https:\/\/1office.co\/sweden\/et\/toode\/rootsi-valmisfirma-ab-ostmine\/#primaryimage","url":"https:\/\/1office.co\/sweden\/wp-content\/uploads\/sites\/13\/2017\/08\/swepremade.png","contentUrl":"https:\/\/1office.co\/sweden\/wp-content\/uploads\/sites\/13\/2017\/08\/swepremade.png","width":500,"height":500,"caption":"Ready made Swedish AB"},{"@type":"BreadcrumbList","@id":"https:\/\/1office.co\/sweden\/et\/toode\/rootsi-valmisfirma-ab-ostmine\/#breadcrumb","itemListElement":[{"@type":"ListItem","position":1,"name":"Home","item":"https:\/\/1office.co\/sweden\/et\/"},{"@type":"ListItem","position":2,"name":"Tee \u00e4ri Rootsis","item":"https:\/\/1office.co\/sweden\/et\/teenused\/"},{"@type":"ListItem","position":3,"name":"Firma ostmine Rootsis AB \u2013 Aktiebolag"}]},{"@type":"WebSite","@id":"https:\/\/1office.co\/sweden\/#website","url":"https:\/\/1office.co\/sweden\/","name":"1Office Sweden","description":"Making Business Simple","potentialAction":[{"@type":"SearchAction","target":{"@type":"EntryPoint","urlTemplate":"https:\/\/1office.co\/sweden\/?s={search_term_string}"},"query-input":{"@type":"PropertyValueSpecification","valueRequired":true,"valueName":"search_term_string"}}],"inLanguage":"et"}]}},"_links":{"self":[{"href":"https:\/\/1office.co\/sweden\/et\/wp-json\/wp\/v2\/product\/57666","targetHints":{"allow":["GET"]}}],"collection":[{"href":"https:\/\/1office.co\/sweden\/et\/wp-json\/wp\/v2\/product"}],"about":[{"href":"https:\/\/1office.co\/sweden\/et\/wp-json\/wp\/v2\/types\/product"}],"wp:featuredmedia":[{"embeddable":true,"href":"https:\/\/1office.co\/sweden\/et\/wp-json\/wp\/v2\/media\/62790"}],"wp:attachment":[{"href":"https:\/\/1office.co\/sweden\/et\/wp-json\/wp\/v2\/media?parent=57666"}],"wp:term":[{"taxonomy":"product_brand","embeddable":true,"href":"https:\/\/1office.co\/sweden\/et\/wp-json\/wp\/v2\/product_brand?post=57666"},{"taxonomy":"product_cat","embeddable":true,"href":"https:\/\/1office.co\/sweden\/et\/wp-json\/wp\/v2\/product_cat?post=57666"},{"taxonomy":"product_tag","embeddable":true,"href":"https:\/\/1office.co\/sweden\/et\/wp-json\/wp\/v2\/product_tag?post=57666"}],"curies":[{"name":"wp","href":"https:\/\/api.w.org\/{rel}","templated":true}]}}