{"id":57687,"date":"2017-08-10T10:40:19","date_gmt":"2017-08-10T10:40:19","guid":{"rendered":"https:\/\/1office.co\/sweden\/product\/legal-address-in-the-centre-of-stockholm-wallingatan-34-111-24-stockholm\/"},"modified":"2023-06-07T12:12:40","modified_gmt":"2023-06-07T12:12:40","slug":"ariaadress-stockholmi-kesklinnas","status":"publish","type":"product","link":"https:\/\/1office.co\/sweden\/et\/toode\/ariaadress-stockholmi-kesklinnas\/","title":{"rendered":"\u00c4riaadress Stockholmi kesklinnas \u00fcheks aastaks"},"content":{"rendered":"<div class=\"wpb-content-wrapper\"><p>[vc_row][vc_column]<div id=\"advanced-tabs-desc-wrap-8782\" class=\"ult_tabs product_tabs\" style=\" \" data-tabsstyle=\"style1\"\n data-titlebg=\"#ffffff\" data-titlecolor=\"#b6b8ba\" data-fullheight=\"off\"\n data-titlehoverbg=\"#ffffff\" data-titlehovercolor=\"#1d1e23\"\n data-rotatetabs=\"0\" data-responsivemode=\"Both\" data-animation=\"Slide\"\ndata-activetitle=\"#1d1e23\" data-activeicon=\"\" data-activebg=\"#ffffff\"  data-respmode=\"Tabs\" data-respwidth=\"400\" data-scroll = \"on\" data-activeindex=\"1\"><ul id=advanced-tabs-wrap-4294 class=\"ult_tabmenu style1 \" style=\"\"><li class=\"ult_tab_li  \" data-iconcolor=\"#74777b\" data-iconhover=\"#ffffff\" style=\"background-color:#ffffff;border-color:transparent;border-width:0px;border-style:solid;border-top-right-radius:8px;\">\n\t\t\t\t\t<a href=\"#1512642751410-8baea-301a\"  id=\"1512642751410-8baea-301a\"  style=\"color:#b6b8ba;; padding:15px; \" class=\"ult_a  \">\n\t\t\t\t\t     <span class=\"ult_tab_main Both \">\n\t\t\t\t\t \t\t <span class=\"ult_tab_section\">\n\t\t\t\t\t   \t\t\t<span  data-ultimate-target='#advanced-tabs-wrap-4294 .ult-span-text'  data-responsive-json-new='{\"font-size\":\"desktop:14px;\",\"line-height\":\"\"}'  class=\"ult-span-text no_icon ult_tab_display_text ult-responsive\" style=\"font-weight:bold;;\">Kirjeldus<\/span>\n\t\t\t\t\t   \t\t<\/span>\n\t\t\t\t\t\t<\/span>\n\t\t\t\t\t<\/a>\n\t\t\t\t\t<\/li><\/ul><div  data-ultimate-target='#advanced-tabs-desc-wrap-8782 .ult_tabcontent .ult_tab_min_contain  p'  data-responsive-json-new='{\"font-size\":\"\",\"line-height\":\"\"}' class=\"ult_tabcontent ult-responsive style1\" style=\"color:#74777b;\"><div class=\"ult_tab_min_contain \" >\n\t\t\t<div  class=\"ult_tabitemname\"  >\n\t\t\t\t[vc_column_text]Aadress on vajalik igale Rootsis registreeritud ettev\u00f5ttele kogu perioodi jooksul, mil ettev\u00f5te registreeritud on. Aadressiteenus on parimaks lahenduseks mitteresidentidele, kes on ettev\u00f5tte asutanud, kuid kelle kontor ei asu Rootsis. \u00c4riaadress kantakse sisse kohalikku \u00e4riregistrisse ning see on avalikult k\u00e4ttesaadav. Samuti saadetakse sellele aadressile ettev\u00f5tte ametlikud kirjad.<\/p>\n<p><strong>Hinnas sisaldub:<\/strong><\/p>\n<ul>\n<li>Juriidiline aadress ettev\u00f5tte registreerimiseks kohalikus \u00e4riregistris (Bolagsverket)<\/li>\n<li>Ettev\u00f5tte tegevusaadress posti k\u00e4ttesaamiseks<\/li>\n<li>Posti sorteerimine ning selle edastamine e-posti teel kuni 10 kirja kuus<\/li>\n<\/ul>\n<p><strong>Saadaval lisatasu eest:<\/strong><\/p>\n<p>Kui eelistate kirjade edastamist posti teel, lisandub hinnale postikulu ning sekret\u00e4rit\u00f6\u00f6 tasu (650 SEK\/h).<\/p>\n<p>Kui teie ettev\u00f5ttele tuleb rohkem kui 10 kirja kuus, lisandub teenuse hinnale sekret\u00e4rit\u00f6\u00f6 tasu:<\/p>\n<ul>\n<li>11-50 kirja kuus \u2013 650 SEK<\/li>\n<li>51-100 kirja kuus \u2013 1300 SEK<\/li>\n<li>Iga j\u00e4rgneva 50 kirja kohta 650 SEK<\/li>\n<\/ul>\n<p>Erisoovide korral rakendub tunnip\u00f5hine sekret\u00e4rit\u00f6\u00f6 arvestus 650 SEK\/h. Lisateenuste eest saadetakse eraldi arved.<\/p>\n<p><strong>T\u00e4htis informatsioon:<\/strong><\/p>\n<ul>\n<li>Teenus on perioodiline, mis t\u00e4hendab, et see j\u00e4tkub automaatselt p\u00e4rast aasta m\u00f6\u00f6dumist. Uus arve v\u00e4ljastatakse \u00fcks kuu enne uue \u00e4riaadressi perioodi algust.<\/li>\n<\/ul>\n<p>[\/vc_column_text]\n\t\t\t<\/div><\/div><\/div><\/div><div class=\"ult_acord advanced-tabs-desc-wrap-8782\">\n   <div class=\"ult-tabto-accordion \" style=\"width:;\"\n    data-titlecolor=\"#b6b8ba\"  data-titlebg=\"#ffffff\"\n     data-titlehoverbg=\"#ffffff\" data-titlehovercolor=\"#1d1e23\" data-animation=\"Slide\"\n     data-activetitle=\"#1d1e23\" data-activeicon=\"\" data-activebg=\"#ffffff\" data-scroll = \"on\" data-activeindex=\"1\" >\n     <dl><dt class=\"\">\n\t        \t<a class=\"ult-tabto-actitle withBorder ult_a \" id=\"1512642751410-8baea-301a\" style=\"color:#b6b8ba;;background-color:#ffffff;border-bottom-color:transparent;border-bottom-width:0px;border-bottom-style:solid;\" href=\"#1512642751410-8baea-301a\">\n\t        \t\t<i class=\"accordion-icon\"><\/i>\n\t        \t\t\t<span class=\"ult_tab_main ult_ac_main ult_noacordicnBoth\">\n\n\t\t\t\t\t\t<span  data-ultimate-target='#advanced-tabs-wrap-4294 .ult-span-text'  data-responsive-json-new='{\"font-size\":\"desktop:14px;\",\"line-height\":\"\"}'  class=\"ult-span-text no_icon ult_acordian-text ult-responsive\" style=\"font-weight:bold;;color:inherit \" >Kirjeldus<\/span>\n\t\t\t\t\t\t<\/span><\/a><\/dt>\n\t            \t\t<dd class=\"ult-tabto-accordionItem ult-tabto-accolapsed\">\n\t\t\t\t            <div class=\"ult-tabto-acontent\" style=\"color:#74777b;\">\n\t\t\t\t               [vc_column_text]Aadress on vajalik igale Rootsis registreeritud ettev\u00f5ttele kogu perioodi jooksul, mil ettev\u00f5te registreeritud on. Aadressiteenus on parimaks lahenduseks mitteresidentidele, kes on ettev\u00f5tte asutanud, kuid kelle kontor ei asu Rootsis. \u00c4riaadress kantakse sisse kohalikku \u00e4riregistrisse ning see on avalikult k\u00e4ttesaadav. Samuti saadetakse sellele aadressile ettev\u00f5tte ametlikud kirjad.<\/p>\n<p><strong>Hinnas sisaldub:<\/strong><\/p>\n<ul>\n<li>Juriidiline aadress ettev\u00f5tte registreerimiseks kohalikus \u00e4riregistris (Bolagsverket)<\/li>\n<li>Ettev\u00f5tte tegevusaadress posti k\u00e4ttesaamiseks<\/li>\n<li>Posti sorteerimine ning selle edastamine e-posti teel kuni 10 kirja kuus<\/li>\n<\/ul>\n<p><strong>Saadaval lisatasu eest:<\/strong><\/p>\n<p>Kui eelistate kirjade edastamist posti teel, lisandub hinnale postikulu ning sekret\u00e4rit\u00f6\u00f6 tasu (650 SEK\/h).<\/p>\n<p>Kui teie ettev\u00f5ttele tuleb rohkem kui 10 kirja kuus, lisandub teenuse hinnale sekret\u00e4rit\u00f6\u00f6 tasu:<\/p>\n<ul>\n<li>11-50 kirja kuus \u2013 650 SEK<\/li>\n<li>51-100 kirja kuus \u2013 1300 SEK<\/li>\n<li>Iga j\u00e4rgneva 50 kirja kohta 650 SEK<\/li>\n<\/ul>\n<p>Erisoovide korral rakendub tunnip\u00f5hine sekret\u00e4rit\u00f6\u00f6 arvestus 650 SEK\/h. Lisateenuste eest saadetakse eraldi arved.<\/p>\n<p><strong>T\u00e4htis informatsioon:<\/strong><\/p>\n<ul>\n<li>Teenus on perioodiline, mis t\u00e4hendab, et see j\u00e4tkub automaatselt p\u00e4rast aasta m\u00f6\u00f6dumist. Uus arve v\u00e4ljastatakse \u00fcks kuu enne uue \u00e4riaadressi perioodi algust.<\/li>\n<\/ul>\n<p>[\/vc_column_text]\n\t\t\t\t            <\/div>\n\t        \t\t\t<\/dd>\n    \t<\/dl>\n    <!--<div class=\"extraborder\" style=\"background-color:#ffffff\"><\/div>-->\n<\/div>\n\n<\/div>[\/vc_column][\/vc_row]<\/p>\n<\/div>","protected":false},"excerpt":{"rendered":"<p class=\"p1\">Iga Rootsis registreeritud ettev\u00f5te vajab kohalikku \u00e4riaadressi, mis kuvatakse kohalikus \u00e4riregistris. Enamasti ei tohi \u00e4riaadressiks olla eraelamu.<\/p>\n","protected":false},"featured_media":53904,"template":"","meta":{"_acf_changed":false,"inline_featured_image":false},"product_brand":[],"product_cat":[351],"product_tag":[314],"class_list":{"0":"post-57687","1":"product","2":"type-product","3":"status-publish","4":"has-post-thumbnail","6":"product_cat-uncategorized-et","7":"product_tag-rootsi","8":"description-off","10":"first","11":"instock","12":"taxable","13":"shipping-taxable","14":"purchasable","15":"product-type-simple"},"bundled_by":[],"bundle_stock_status":"instock","bundle_stock_quantity":null,"bundle_virtual":false,"bundle_layout":"","bundle_add_to_cart_form_location":"","bundle_editable_in_cart":false,"bundle_sold_individually_context":"","bundle_item_grouping":"","bundle_min_size":"","bundle_max_size":"","bundle_price":[],"bundled_items":[],"bundle_sell_ids":[],"acf":[],"yoast_head":"<!-- This site is optimized with the Yoast SEO Premium plugin v22.1 (Yoast SEO v27.0) - https:\/\/yoast.com\/product\/yoast-seo-premium-wordpress\/ -->\n<title>\u00c4riaadress Stockholmi kesklinnas - 1Office Sweden<\/title>\n<meta name=\"description\" content=\"Iga Rootsis registreeritud ettev\u00f5te vajab kohalikku \u00e4riaadressi.\u00c4riaadress Stockholmi kesklinnas on see paindlik lahendus ettev\u00f5tetele, kelle jaoks pole f\u00fc\u00fcsilise kontori olemasolu vajalik v\u00f5i kelle kontor ei asu Stockholmis.\" \/>\n<meta name=\"robots\" content=\"noindex, follow\" \/>\n<meta property=\"og:locale\" content=\"et_EE\" \/>\n<meta property=\"og:type\" content=\"article\" \/>\n<meta property=\"og:title\" content=\"\u00c4riaadress Stockholmi kesklinnas \u00fcheks aastaks\" \/>\n<meta property=\"og:description\" content=\"Iga Rootsis registreeritud ettev\u00f5te vajab kohalikku \u00e4riaadressi.\u00c4riaadress Stockholmi kesklinnas on see paindlik lahendus ettev\u00f5tetele, kelle jaoks pole f\u00fc\u00fcsilise kontori olemasolu vajalik v\u00f5i kelle kontor ei asu Stockholmis.\" \/>\n<meta property=\"og:url\" content=\"https:\/\/1office.co\/sweden\/et\/toode\/ariaadress-stockholmi-kesklinnas\/\" \/>\n<meta property=\"og:site_name\" content=\"1Office Sweden\" \/>\n<meta property=\"article:modified_time\" content=\"2023-06-07T12:12:40+00:00\" \/>\n<meta property=\"og:image\" content=\"https:\/\/1office.co\/sweden\/wp-content\/uploads\/sites\/13\/2017\/08\/virtual-office.jpg\" \/>\n\t<meta property=\"og:image:width\" content=\"800\" \/>\n\t<meta property=\"og:image:height\" content=\"533\" \/>\n\t<meta property=\"og:image:type\" content=\"image\/jpeg\" \/>\n<meta name=\"twitter:card\" content=\"summary_large_image\" \/>\n<meta name=\"twitter:label1\" content=\"Est. reading time\" \/>\n\t<meta name=\"twitter:data1\" content=\"1 minut\" \/>\n<script type=\"application\/ld+json\" class=\"yoast-schema-graph\">{\"@context\":\"https:\/\/schema.org\",\"@graph\":[{\"@type\":\"WebPage\",\"@id\":\"https:\/\/1office.co\/sweden\/et\/toode\/ariaadress-stockholmi-kesklinnas\/\",\"url\":\"https:\/\/1office.co\/sweden\/et\/toode\/ariaadress-stockholmi-kesklinnas\/\",\"name\":\"\u00c4riaadress Stockholmi kesklinnas - 1Office Sweden\",\"isPartOf\":{\"@id\":\"https:\/\/1office.co\/sweden\/#website\"},\"primaryImageOfPage\":{\"@id\":\"https:\/\/1office.co\/sweden\/et\/toode\/ariaadress-stockholmi-kesklinnas\/#primaryimage\"},\"image\":{\"@id\":\"https:\/\/1office.co\/sweden\/et\/toode\/ariaadress-stockholmi-kesklinnas\/#primaryimage\"},\"thumbnailUrl\":\"https:\/\/1office.co\/sweden\/wp-content\/uploads\/sites\/13\/2017\/08\/virtual-office.jpg\",\"datePublished\":\"2017-08-10T10:40:19+00:00\",\"dateModified\":\"2023-06-07T12:12:40+00:00\",\"description\":\"Iga Rootsis registreeritud ettev\u00f5te vajab kohalikku \u00e4riaadressi.\u00c4riaadress Stockholmi kesklinnas on see paindlik lahendus ettev\u00f5tetele, kelle jaoks pole f\u00fc\u00fcsilise kontori olemasolu vajalik v\u00f5i kelle kontor ei asu Stockholmis.\",\"breadcrumb\":{\"@id\":\"https:\/\/1office.co\/sweden\/et\/toode\/ariaadress-stockholmi-kesklinnas\/#breadcrumb\"},\"inLanguage\":\"et\",\"potentialAction\":[{\"@type\":\"ReadAction\",\"target\":[\"https:\/\/1office.co\/sweden\/et\/toode\/ariaadress-stockholmi-kesklinnas\/\"]}]},{\"@type\":\"ImageObject\",\"inLanguage\":\"et\",\"@id\":\"https:\/\/1office.co\/sweden\/et\/toode\/ariaadress-stockholmi-kesklinnas\/#primaryimage\",\"url\":\"https:\/\/1office.co\/sweden\/wp-content\/uploads\/sites\/13\/2017\/08\/virtual-office.jpg\",\"contentUrl\":\"https:\/\/1office.co\/sweden\/wp-content\/uploads\/sites\/13\/2017\/08\/virtual-office.jpg\",\"width\":800,\"height\":533,\"caption\":\"Legal address Stockholm\"},{\"@type\":\"BreadcrumbList\",\"@id\":\"https:\/\/1office.co\/sweden\/et\/toode\/ariaadress-stockholmi-kesklinnas\/#breadcrumb\",\"itemListElement\":[{\"@type\":\"ListItem\",\"position\":1,\"name\":\"Home\",\"item\":\"https:\/\/1office.co\/sweden\/et\/\"},{\"@type\":\"ListItem\",\"position\":2,\"name\":\"Tee \u00e4ri Rootsis\",\"item\":\"https:\/\/1office.co\/sweden\/et\/teenused\/\"},{\"@type\":\"ListItem\",\"position\":3,\"name\":\"\u00c4riaadress Stockholmi kesklinnas \u00fcheks aastaks\"}]},{\"@type\":\"WebSite\",\"@id\":\"https:\/\/1office.co\/sweden\/#website\",\"url\":\"https:\/\/1office.co\/sweden\/\",\"name\":\"1Office Sweden\",\"description\":\"Making Business Simple\",\"potentialAction\":[{\"@type\":\"SearchAction\",\"target\":{\"@type\":\"EntryPoint\",\"urlTemplate\":\"https:\/\/1office.co\/sweden\/?s={search_term_string}\"},\"query-input\":{\"@type\":\"PropertyValueSpecification\",\"valueRequired\":true,\"valueName\":\"search_term_string\"}}],\"inLanguage\":\"et\"}]}<\/script>\n<!-- \/ Yoast SEO Premium plugin. -->","yoast_head_json":{"title":"\u00c4riaadress Stockholmi kesklinnas - 1Office Sweden","description":"Iga Rootsis registreeritud ettev\u00f5te vajab kohalikku \u00e4riaadressi.\u00c4riaadress Stockholmi kesklinnas on see paindlik lahendus ettev\u00f5tetele, kelle jaoks pole f\u00fc\u00fcsilise kontori olemasolu vajalik v\u00f5i kelle kontor ei asu Stockholmis.","robots":{"index":"noindex","follow":"follow"},"og_locale":"et_EE","og_type":"article","og_title":"\u00c4riaadress Stockholmi kesklinnas \u00fcheks aastaks","og_description":"Iga Rootsis registreeritud ettev\u00f5te vajab kohalikku \u00e4riaadressi.\u00c4riaadress Stockholmi kesklinnas on see paindlik lahendus ettev\u00f5tetele, kelle jaoks pole f\u00fc\u00fcsilise kontori olemasolu vajalik v\u00f5i kelle kontor ei asu Stockholmis.","og_url":"https:\/\/1office.co\/sweden\/et\/toode\/ariaadress-stockholmi-kesklinnas\/","og_site_name":"1Office Sweden","article_modified_time":"2023-06-07T12:12:40+00:00","og_image":[{"width":800,"height":533,"url":"https:\/\/1office.co\/sweden\/wp-content\/uploads\/sites\/13\/2017\/08\/virtual-office.jpg","type":"image\/jpeg"}],"twitter_card":"summary_large_image","twitter_misc":{"Est. reading time":"1 minut"},"schema":{"@context":"https:\/\/schema.org","@graph":[{"@type":"WebPage","@id":"https:\/\/1office.co\/sweden\/et\/toode\/ariaadress-stockholmi-kesklinnas\/","url":"https:\/\/1office.co\/sweden\/et\/toode\/ariaadress-stockholmi-kesklinnas\/","name":"\u00c4riaadress Stockholmi kesklinnas - 1Office Sweden","isPartOf":{"@id":"https:\/\/1office.co\/sweden\/#website"},"primaryImageOfPage":{"@id":"https:\/\/1office.co\/sweden\/et\/toode\/ariaadress-stockholmi-kesklinnas\/#primaryimage"},"image":{"@id":"https:\/\/1office.co\/sweden\/et\/toode\/ariaadress-stockholmi-kesklinnas\/#primaryimage"},"thumbnailUrl":"https:\/\/1office.co\/sweden\/wp-content\/uploads\/sites\/13\/2017\/08\/virtual-office.jpg","datePublished":"2017-08-10T10:40:19+00:00","dateModified":"2023-06-07T12:12:40+00:00","description":"Iga Rootsis registreeritud ettev\u00f5te vajab kohalikku \u00e4riaadressi.\u00c4riaadress Stockholmi kesklinnas on see paindlik lahendus ettev\u00f5tetele, kelle jaoks pole f\u00fc\u00fcsilise kontori olemasolu vajalik v\u00f5i kelle kontor ei asu Stockholmis.","breadcrumb":{"@id":"https:\/\/1office.co\/sweden\/et\/toode\/ariaadress-stockholmi-kesklinnas\/#breadcrumb"},"inLanguage":"et","potentialAction":[{"@type":"ReadAction","target":["https:\/\/1office.co\/sweden\/et\/toode\/ariaadress-stockholmi-kesklinnas\/"]}]},{"@type":"ImageObject","inLanguage":"et","@id":"https:\/\/1office.co\/sweden\/et\/toode\/ariaadress-stockholmi-kesklinnas\/#primaryimage","url":"https:\/\/1office.co\/sweden\/wp-content\/uploads\/sites\/13\/2017\/08\/virtual-office.jpg","contentUrl":"https:\/\/1office.co\/sweden\/wp-content\/uploads\/sites\/13\/2017\/08\/virtual-office.jpg","width":800,"height":533,"caption":"Legal address Stockholm"},{"@type":"BreadcrumbList","@id":"https:\/\/1office.co\/sweden\/et\/toode\/ariaadress-stockholmi-kesklinnas\/#breadcrumb","itemListElement":[{"@type":"ListItem","position":1,"name":"Home","item":"https:\/\/1office.co\/sweden\/et\/"},{"@type":"ListItem","position":2,"name":"Tee \u00e4ri Rootsis","item":"https:\/\/1office.co\/sweden\/et\/teenused\/"},{"@type":"ListItem","position":3,"name":"\u00c4riaadress Stockholmi kesklinnas \u00fcheks aastaks"}]},{"@type":"WebSite","@id":"https:\/\/1office.co\/sweden\/#website","url":"https:\/\/1office.co\/sweden\/","name":"1Office Sweden","description":"Making Business Simple","potentialAction":[{"@type":"SearchAction","target":{"@type":"EntryPoint","urlTemplate":"https:\/\/1office.co\/sweden\/?s={search_term_string}"},"query-input":{"@type":"PropertyValueSpecification","valueRequired":true,"valueName":"search_term_string"}}],"inLanguage":"et"}]}},"_links":{"self":[{"href":"https:\/\/1office.co\/sweden\/et\/wp-json\/wp\/v2\/product\/57687","targetHints":{"allow":["GET"]}}],"collection":[{"href":"https:\/\/1office.co\/sweden\/et\/wp-json\/wp\/v2\/product"}],"about":[{"href":"https:\/\/1office.co\/sweden\/et\/wp-json\/wp\/v2\/types\/product"}],"wp:featuredmedia":[{"embeddable":true,"href":"https:\/\/1office.co\/sweden\/et\/wp-json\/wp\/v2\/media\/53904"}],"wp:attachment":[{"href":"https:\/\/1office.co\/sweden\/et\/wp-json\/wp\/v2\/media?parent=57687"}],"wp:term":[{"taxonomy":"product_brand","embeddable":true,"href":"https:\/\/1office.co\/sweden\/et\/wp-json\/wp\/v2\/product_brand?post=57687"},{"taxonomy":"product_cat","embeddable":true,"href":"https:\/\/1office.co\/sweden\/et\/wp-json\/wp\/v2\/product_cat?post=57687"},{"taxonomy":"product_tag","embeddable":true,"href":"https:\/\/1office.co\/sweden\/et\/wp-json\/wp\/v2\/product_tag?post=57687"}],"curies":[{"name":"wp","href":"https:\/\/api.w.org\/{rel}","templated":true}]}}