{"id":57706,"date":"2017-08-10T10:40:14","date_gmt":"2017-08-10T10:40:14","guid":{"rendered":"https:\/\/1office.co\/sweden\/product\/accountants-hourly-fee\/"},"modified":"2026-02-19T14:52:24","modified_gmt":"2026-02-19T14:52:24","slug":"raamatupidamise-teenus-rootsis","status":"publish","type":"product","link":"https:\/\/1office.co\/sweden\/et\/toode\/raamatupidamise-teenus-rootsis\/","title":{"rendered":"Raamatupidamise alustustasu Rootsis"},"content":{"rendered":"<div class=\"wpb-content-wrapper\"><p>[vc_row][vc_column]<div id=\"advanced-tabs-desc-wrap-4425\" class=\"ult_tabs product_tabs\" style=\" \" data-tabsstyle=\"style1\"\n data-titlebg=\"#ffffff\" data-titlecolor=\"#b6b8ba\" data-fullheight=\"off\"\n data-titlehoverbg=\"#ffffff\" data-titlehovercolor=\"#1d1e23\"\n data-rotatetabs=\"0\" data-responsivemode=\"Both\" data-animation=\"Slide\"\ndata-activetitle=\"#1d1e23\" data-activeicon=\"\" data-activebg=\"#ffffff\"  data-respmode=\"Tabs\" data-respwidth=\"400\" data-scroll = \"on\" data-activeindex=\"1\"><ul id=advanced-tabs-wrap-7788 class=\"ult_tabmenu style1 \" style=\"\"><li class=\"ult_tab_li  \" data-iconcolor=\"#74777b\" data-iconhover=\"#ffffff\" style=\"background-color:#ffffff;border-color:transparent;border-width:0px;border-style:solid;border-top-left-radius:8px;\">\n\t\t\t\t\t<a href=\"#1512642751410-8598a-c205\"  id=\"1512642751410-8598a-c205\"  style=\"color:#b6b8ba;; padding:15px; \" class=\"ult_a  \">\n\t\t\t\t\t     <span class=\"ult_tab_main Both \">\n\t\t\t\t\t \t\t <span class=\"ult_tab_section\">\n\t\t\t\t\t   \t\t\t<span  data-ultimate-target='#advanced-tabs-wrap-7788 .ult-span-text'  data-responsive-json-new='{\"font-size\":\"desktop:14px;\",\"line-height\":\"\"}'  class=\"ult-span-text no_icon ult_tab_display_text ult-responsive\" style=\"font-weight:bold;;\">Kirjeldus<\/span>\n\t\t\t\t\t   \t\t<\/span>\n\t\t\t\t\t\t<\/span>\n\t\t\t\t\t<\/a>\n\t\t\t\t\t<\/li><li class=\"ult_tab_li  product-faq\" data-iconcolor=\"#74777b\" data-iconhover=\"#ffffff\" style=\"background-color:#ffffff;border-color:transparent;border-width:0px;border-style:solid;border-top-right-radius:8px;\">\n\t\t\t\t\t<a href=\"#1512642751435-8598a-c205\"  id=\"1512642751435-8598a-c205\"  style=\"color:#b6b8ba;; padding:15px; \" class=\"ult_a  \">\n\t\t\t\t\t     <span class=\"ult_tab_main Both \">\n\t\t\t\t\t \t\t <span class=\"ult_tab_section\">\n\t\t\t\t\t   \t\t\t<span  data-ultimate-target='#advanced-tabs-wrap-7788 .ult-span-text'  data-responsive-json-new='{\"font-size\":\"desktop:14px;\",\"line-height\":\"\"}'  class=\"ult-span-text no_icon ult_tab_display_text ult-responsive\" style=\"font-weight:bold;;\">KKK<\/span>\n\t\t\t\t\t   \t\t<\/span>\n\t\t\t\t\t\t<\/span>\n\t\t\t\t\t<\/a>\n\t\t\t\t\t<\/li><\/ul><div  data-ultimate-target='#advanced-tabs-desc-wrap-4425 .ult_tabcontent .ult_tab_min_contain  p'  data-responsive-json-new='{\"font-size\":\"\",\"line-height\":\"\"}' class=\"ult_tabcontent ult-responsive style1\" style=\"color:#74777b;\"><div class=\"ult_tab_min_contain \" >\n\t\t\t<div  class=\"ult_tabitemname\"  >\n\t\t\t\t[vc_column_text css=&#8221;&#8221;]Kiire ning t\u00f5hus raamatupidamine teeb Sinu elu lihtsamaks. T\u00e4pne raamatupidamise maht ja protseduurid lepitakse iga kliendiga eraldi kokku.<\/p>\n<p><strong>T\u00e4htsaimad v\u00f5imalused ja aspektid, mida meie teenus sisaldab:<\/strong><\/p>\n<ul>\n<li><strong>Igap\u00e4evane raamatupidamine<\/strong><\/li>\n<li><strong>Asukohast s\u00f5ltumatu ligip\u00e4\u00e4s veebip\u00f5hisele raamatupidamisprogrammile<\/strong> &#8211; Programmi on v\u00f5imalik kasutada rootsi v\u00f5i inglise keeles.<\/li>\n<li><strong>V\u00f5imalus ise m\u00fc\u00fcgiarveid luua<\/strong> &#8211; M\u00fc\u00fcgiarvete loomine ja saatmine on n\u00fc\u00fcd lihtsam kui kunagi varem. Valmista need ise ette ja saada otse klientidele v\u00f5i lase seda teha enda raamatupidajal, kes Sinu asmel k\u00f5ige eest hoolitseb.<\/li>\n<li><strong>\u00dclevaade ettev\u00f5tte tulemustest ja rahalistest vahenditest reaalajas &#8211;\u00a0<\/strong>Laekumata ja tasumata arved, viimase 12 kuu tulemused, informatsioon enimm\u00fc\u00fcdud toodete kohta ja palju muud. K\u00f5ik \u00fclevaated kuvatakse ka visuaalselt graafikute kujul.<\/li>\n<li><strong>Lihtne kuludokumentide edastamine<\/strong> &#8211; Lihtsalt tee enda kuludokumendist pilt ja edasta see enda raamatupidajale l\u00e4bi mobiili\u00e4pi. Dokumente on v\u00f5imalik saata ka e-maili teel.<\/li>\n<li><strong>V\u00f5imalus e-arvete kasutamiseks<\/strong><\/li>\n<li><strong>Ostuarvete kinnitusring &#8211;\u00a0<\/strong>Sul on v\u00f5imalik k\u00f5ik ostuarved kinnitada enne, kui need raamatupidamisse salvestatakse ja panka maksmisele edasi saadetakse. Arveid saab kinnitada otse programmis v\u00f5i \u00e4pi kaudu.<\/li>\n<li><strong>Automaatne \u00fchenduvus pankadega<\/strong><\/li>\n<li><strong>Dokumentide arhiiv &#8211;\u00a0<\/strong>Kuhu on v\u00f5imalik salvestada k\u00f5iki olulisi dokumente nii Sinu kui ka raamatupidajate poolt.<\/li>\n<\/ul>\n<p><strong>Saadaval lisatasu eest:<\/strong><\/p>\n<ul>\n<li><a href=\"https:\/\/1office.co\/sweden\/et\/toode\/majandusaasta-aruanne\/\" target=\"_blank\" rel=\"noopener\">Majandusaasta aruanne<\/a> ja <a href=\"https:\/\/1office.co\/sweden\/et\/toode\/majandusaasta-tuludeklaratsioon\/\" target=\"_blank\" rel=\"noopener\">tuludeklaratsioon<\/a> (kui pole teisiti kokku lepitud)<\/li>\n<\/ul>\n<p><strong>T\u00e4htis informatsioon:<\/strong><\/p>\n<ul>\n<li>Esimene makse summas 2500 SEK on alustustasu, mis sisaldab 1-tunnist koolitust, kuidas raamatupidamisprogrammi kasutada, kuidas maksimaalselt programmi erinevaid funktsioone ja v\u00f5imalusi \u00e4ra kasutada ning kuidas panna k\u00f5ik sobituma just enda \u00e4rivaldkonnaga. Me teeme ka \u00e4ra just Sinu \u00e4rile sobivad programmi seadistused. Raamatupidamisteenuse t\u00e4pne kuutasu lepitakse kokku tehingute mahu ja \u00e4rivaldkonna p\u00f5hjal. Minimaalne kuutasu on 750 SEK ning arveid v\u00e4ljastatakse igakuiselt. Me j\u00e4tame endale \u00f5iguse muuta teenuse hinda, kui Sinu igakuiste tehingute maht muutub rohkem kui 10%.<\/li>\n<li>Raamatupidamise algdokumente aktsepteerime eesti, rootsi ning inglise keeles.<\/li>\n<li>Igal Rootsis registreeritud ettev\u00f5ttel on kohustuslik kord aastas esitada majandusaasta aruanne. Seda ka siis, kui ettev\u00f5ttel pole kogu majandusaasta jooksul olnud mingit tegevust.<\/li>\n<li>Selleks, et deklaratsioonid saaksid iga kuu \u00f5igeaegselt esitatud, tuleb k\u00f5ik dokumendid edastada enda raamatupidajale nii varakult kui v\u00f5imalik, kuid mitte hiljem kui j\u00e4rgneva kuu 5. kuup\u00e4eval. Hiljaksj\u00e4\u00e4nud deklaratsioonid toovad enda kaasa trahvid maksuameti poolt.<\/li>\n<li>Kui tegutsed nii Eestis kui ka Rootsis, saame Sulle pakkuda m\u00f5lema ettev\u00f5tte raamatupidamisteenust \u00fchest kohast. See t\u00e4hendab Sinu jaoks \u00fchte kontaktisikut, mis aitab kokku hoida aega ja ka raha. Pakkumise saamiseks v\u00f5ta \u00fchendust: <a href=\"mailto:sweden@1office.co\" target=\"_blank\" rel=\"noopener\">sweden@1office.co<\/a><\/li>\n<\/ul>\n<p>[\/vc_column_text]\n\t\t\t<\/div>\n\t\t\t<div  class=\"ult_tabitemname\"  >\n\t\t\t\t[vc_toggle title=&#8221;1. Kas raamatupidamist peab tegema iga kuu?&#8221; style=&#8221;arrow&#8221; open=&#8221;true&#8221; custom_font_container=&#8221;tag:h5|text_align:left&#8221; custom_use_theme_fonts=&#8221;yes&#8221; use_custom_heading=&#8221;true&#8221;]Kui ettev\u00f5ttel ei ole igakuiseid makseid, ostu- v\u00f5i m\u00fc\u00fcgiarveid ega k\u00e4ibemaksunumbrit, siis ei ole igakuine raamatupidamine kohustuslik ning piisab sellest, kui see tehakse v\u00e4hemalt kord aastas enne majandusaasta aruande ning vajadusel palgadeklaratsiooni esitamist maksuametile ning enne statistikaaruandeid. Kui ettev\u00f5te on k\u00e4ibemaksukohustuslane, siis on deklaratsioonide esitamine maksuametile (enamasti kord kvartalis, aga teatud ettev\u00f5tete puhul ka igakuiselt) kohustuslik. Deklaratsioonide t\u00e4htaeg on tavaliselt iga kuu 12. kuup\u00e4ev.[\/vc_toggle]\n\t\t\t<\/div><\/div><\/div><\/div><div class=\"ult_acord advanced-tabs-desc-wrap-4425\">\n   <div class=\"ult-tabto-accordion \" style=\"width:;\"\n    data-titlecolor=\"#b6b8ba\"  data-titlebg=\"#ffffff\"\n     data-titlehoverbg=\"#ffffff\" data-titlehovercolor=\"#1d1e23\" data-animation=\"Slide\"\n     data-activetitle=\"#1d1e23\" data-activeicon=\"\" data-activebg=\"#ffffff\" data-scroll = \"on\" data-activeindex=\"1\" >\n     <dl><dt class=\"\">\n\t        \t<a class=\"ult-tabto-actitle withBorder ult_a \" id=\"1512642751410-8598a-c205\" style=\"color:#b6b8ba;;background-color:#ffffff;border-bottom-color:transparent;border-bottom-width:0px;border-bottom-style:solid;\" href=\"#1512642751410-8598a-c205\">\n\t        \t\t<i class=\"accordion-icon\"><\/i>\n\t        \t\t\t<span class=\"ult_tab_main ult_ac_main ult_noacordicnBoth\">\n\n\t\t\t\t\t\t<span  data-ultimate-target='#advanced-tabs-wrap-7788 .ult-span-text'  data-responsive-json-new='{\"font-size\":\"desktop:14px;\",\"line-height\":\"\"}'  class=\"ult-span-text no_icon ult_acordian-text ult-responsive\" style=\"font-weight:bold;;color:inherit \" >Kirjeldus<\/span>\n\t\t\t\t\t\t<\/span><\/a><\/dt>\n\t            \t\t<dd class=\"ult-tabto-accordionItem ult-tabto-accolapsed\">\n\t\t\t\t            <div class=\"ult-tabto-acontent\" style=\"color:#74777b;\">\n\t\t\t\t               [vc_column_text css=&#8221;&#8221;]Kiire ning t\u00f5hus raamatupidamine teeb Sinu elu lihtsamaks. T\u00e4pne raamatupidamise maht ja protseduurid lepitakse iga kliendiga eraldi kokku.<\/p>\n<p><strong>T\u00e4htsaimad v\u00f5imalused ja aspektid, mida meie teenus sisaldab:<\/strong><\/p>\n<ul>\n<li><strong>Igap\u00e4evane raamatupidamine<\/strong><\/li>\n<li><strong>Asukohast s\u00f5ltumatu ligip\u00e4\u00e4s veebip\u00f5hisele raamatupidamisprogrammile<\/strong> &#8211; Programmi on v\u00f5imalik kasutada rootsi v\u00f5i inglise keeles.<\/li>\n<li><strong>V\u00f5imalus ise m\u00fc\u00fcgiarveid luua<\/strong> &#8211; M\u00fc\u00fcgiarvete loomine ja saatmine on n\u00fc\u00fcd lihtsam kui kunagi varem. Valmista need ise ette ja saada otse klientidele v\u00f5i lase seda teha enda raamatupidajal, kes Sinu asmel k\u00f5ige eest hoolitseb.<\/li>\n<li><strong>\u00dclevaade ettev\u00f5tte tulemustest ja rahalistest vahenditest reaalajas &#8211;\u00a0<\/strong>Laekumata ja tasumata arved, viimase 12 kuu tulemused, informatsioon enimm\u00fc\u00fcdud toodete kohta ja palju muud. K\u00f5ik \u00fclevaated kuvatakse ka visuaalselt graafikute kujul.<\/li>\n<li><strong>Lihtne kuludokumentide edastamine<\/strong> &#8211; Lihtsalt tee enda kuludokumendist pilt ja edasta see enda raamatupidajale l\u00e4bi mobiili\u00e4pi. Dokumente on v\u00f5imalik saata ka e-maili teel.<\/li>\n<li><strong>V\u00f5imalus e-arvete kasutamiseks<\/strong><\/li>\n<li><strong>Ostuarvete kinnitusring &#8211;\u00a0<\/strong>Sul on v\u00f5imalik k\u00f5ik ostuarved kinnitada enne, kui need raamatupidamisse salvestatakse ja panka maksmisele edasi saadetakse. Arveid saab kinnitada otse programmis v\u00f5i \u00e4pi kaudu.<\/li>\n<li><strong>Automaatne \u00fchenduvus pankadega<\/strong><\/li>\n<li><strong>Dokumentide arhiiv &#8211;\u00a0<\/strong>Kuhu on v\u00f5imalik salvestada k\u00f5iki olulisi dokumente nii Sinu kui ka raamatupidajate poolt.<\/li>\n<\/ul>\n<p><strong>Saadaval lisatasu eest:<\/strong><\/p>\n<ul>\n<li><a href=\"https:\/\/1office.co\/sweden\/et\/toode\/majandusaasta-aruanne\/\" target=\"_blank\" rel=\"noopener\">Majandusaasta aruanne<\/a> ja <a href=\"https:\/\/1office.co\/sweden\/et\/toode\/majandusaasta-tuludeklaratsioon\/\" target=\"_blank\" rel=\"noopener\">tuludeklaratsioon<\/a> (kui pole teisiti kokku lepitud)<\/li>\n<\/ul>\n<p><strong>T\u00e4htis informatsioon:<\/strong><\/p>\n<ul>\n<li>Esimene makse summas 2500 SEK on alustustasu, mis sisaldab 1-tunnist koolitust, kuidas raamatupidamisprogrammi kasutada, kuidas maksimaalselt programmi erinevaid funktsioone ja v\u00f5imalusi \u00e4ra kasutada ning kuidas panna k\u00f5ik sobituma just enda \u00e4rivaldkonnaga. Me teeme ka \u00e4ra just Sinu \u00e4rile sobivad programmi seadistused. Raamatupidamisteenuse t\u00e4pne kuutasu lepitakse kokku tehingute mahu ja \u00e4rivaldkonna p\u00f5hjal. Minimaalne kuutasu on 750 SEK ning arveid v\u00e4ljastatakse igakuiselt. Me j\u00e4tame endale \u00f5iguse muuta teenuse hinda, kui Sinu igakuiste tehingute maht muutub rohkem kui 10%.<\/li>\n<li>Raamatupidamise algdokumente aktsepteerime eesti, rootsi ning inglise keeles.<\/li>\n<li>Igal Rootsis registreeritud ettev\u00f5ttel on kohustuslik kord aastas esitada majandusaasta aruanne. Seda ka siis, kui ettev\u00f5ttel pole kogu majandusaasta jooksul olnud mingit tegevust.<\/li>\n<li>Selleks, et deklaratsioonid saaksid iga kuu \u00f5igeaegselt esitatud, tuleb k\u00f5ik dokumendid edastada enda raamatupidajale nii varakult kui v\u00f5imalik, kuid mitte hiljem kui j\u00e4rgneva kuu 5. kuup\u00e4eval. Hiljaksj\u00e4\u00e4nud deklaratsioonid toovad enda kaasa trahvid maksuameti poolt.<\/li>\n<li>Kui tegutsed nii Eestis kui ka Rootsis, saame Sulle pakkuda m\u00f5lema ettev\u00f5tte raamatupidamisteenust \u00fchest kohast. See t\u00e4hendab Sinu jaoks \u00fchte kontaktisikut, mis aitab kokku hoida aega ja ka raha. Pakkumise saamiseks v\u00f5ta \u00fchendust: <a href=\"mailto:sweden@1office.co\" target=\"_blank\" rel=\"noopener\">sweden@1office.co<\/a><\/li>\n<\/ul>\n<p>[\/vc_column_text]\n\t\t\t\t            <\/div>\n\t        \t\t\t<\/dd><dt class=\"product-faq\">\n\t        \t<a class=\"ult-tabto-actitle withBorder ult_a \" id=\"1512642751435-8598a-c205\" style=\"color:#b6b8ba;;background-color:#ffffff;border-bottom-color:transparent;border-bottom-width:0px;border-bottom-style:solid;border-bottom-color:transparent;border-bottom-width:0px;border-bottom-style:solid;\" href=\"#1512642751435-8598a-c205\">\n\t        \t\t<i class=\"accordion-icon\"><\/i>\n\t        \t\t\t<span class=\"ult_tab_main ult_ac_main ult_noacordicnBoth\">\n\n\t\t\t\t\t\t<span  data-ultimate-target='#advanced-tabs-wrap-7788 .ult-span-text'  data-responsive-json-new='{\"font-size\":\"desktop:14px;\",\"line-height\":\"\"}'  class=\"ult-span-text no_icon ult_acordian-text ult-responsive\" style=\"font-weight:bold;;color:inherit \" >KKK<\/span>\n\t\t\t\t\t\t<\/span><\/a><\/dt>\n\t            \t\t<dd class=\"ult-tabto-accordionItem ult-tabto-accolapsed\">\n\t\t\t\t            <div class=\"ult-tabto-acontent\" style=\"color:#74777b;\">\n\t\t\t\t               [vc_toggle title=&#8221;1. Kas raamatupidamist peab tegema iga kuu?&#8221; style=&#8221;arrow&#8221; open=&#8221;true&#8221; custom_font_container=&#8221;tag:h5|text_align:left&#8221; custom_use_theme_fonts=&#8221;yes&#8221; use_custom_heading=&#8221;true&#8221;]Kui ettev\u00f5ttel ei ole igakuiseid makseid, ostu- v\u00f5i m\u00fc\u00fcgiarveid ega k\u00e4ibemaksunumbrit, siis ei ole igakuine raamatupidamine kohustuslik ning piisab sellest, kui see tehakse v\u00e4hemalt kord aastas enne majandusaasta aruande ning vajadusel palgadeklaratsiooni esitamist maksuametile ning enne statistikaaruandeid. Kui ettev\u00f5te on k\u00e4ibemaksukohustuslane, siis on deklaratsioonide esitamine maksuametile (enamasti kord kvartalis, aga teatud ettev\u00f5tete puhul ka igakuiselt) kohustuslik. Deklaratsioonide t\u00e4htaeg on tavaliselt iga kuu 12. kuup\u00e4ev.[\/vc_toggle]\n\t\t\t\t            <\/div>\n\t        \t\t\t<\/dd>\n    \t<\/dl>\n    <!--<div class=\"extraborder\" style=\"background-color:#ffffff\"><\/div>-->\n<\/div>\n\n<\/div>[\/vc_column][\/vc_row]<\/p>\n<\/div>","protected":false},"excerpt":{"rendered":"<p>T\u00e4ielikult automatiseeritud teenus, mis j\u00e4lgib tulemusi reaalajas, annab ligip\u00e4\u00e4sud k\u00f5igele, millest v\u00e4hegi unistada oskad ning pakub t\u00e4ielikku tuge meie professionaalse tiimi poolt.<\/p>\n","protected":false},"featured_media":52152,"template":"","meta":{"_acf_changed":false,"inline_featured_image":false},"product_brand":[],"product_cat":[307],"product_tag":[314],"class_list":{"0":"post-57706","1":"product","2":"type-product","3":"status-publish","4":"has-post-thumbnail","6":"product_cat-raamatupidamine","7":"product_tag-rootsi","8":"description-off","10":"first","11":"instock","12":"taxable","13":"shipping-taxable","14":"purchasable","15":"product-type-simple"},"bundled_by":["57793","58813","60702"],"bundle_stock_status":"instock","bundle_stock_quantity":null,"bundle_virtual":false,"bundle_layout":"","bundle_add_to_cart_form_location":"","bundle_editable_in_cart":false,"bundle_sold_individually_context":"","bundle_item_grouping":"","bundle_min_size":"","bundle_max_size":"","bundle_price":[],"bundled_items":[],"bundle_sell_ids":[],"acf":[],"yoast_head":"<!-- This site is optimized with the Yoast SEO Premium plugin v22.1 (Yoast SEO v27.0) - https:\/\/yoast.com\/product\/yoast-seo-premium-wordpress\/ -->\n<title>Raamatupidamise teenus, maksa vaid vajaliku t\u00f6\u00f6 eest - 1Office Sweden<\/title>\n<meta name=\"description\" content=\"Ettev\u00f5tetele, kuhu pole m\u00f5ttekas t\u00e4iskohaga raaamatupidajat palgata, on abiks raamatupidamise teenus. Sellega saad k\u00f5ik rahvusvaheliselt kogenud raamatupidaja eelised ning maksad vaid selle t\u00f6\u00f6 eest, mis ettev\u00f5ttele p\u00e4riselt vajalik on. Teenuses sisaldub ka pearaamatupidaja t\u00f6\u00f6 ning palgaarvestus.\" \/>\n<meta name=\"robots\" content=\"index, follow, max-snippet:-1, max-image-preview:large, max-video-preview:-1\" \/>\n<link rel=\"canonical\" href=\"https:\/\/1office.co\/sweden\/et\/toode\/raamatupidamise-teenus-rootsis\/\" \/>\n<meta property=\"og:locale\" content=\"et_EE\" \/>\n<meta property=\"og:type\" content=\"article\" \/>\n<meta property=\"og:title\" content=\"Raamatupidamise alustustasu Rootsis\" \/>\n<meta property=\"og:description\" content=\"Ettev\u00f5tetele, kuhu pole m\u00f5ttekas t\u00e4iskohaga raaamatupidajat palgata, on abiks raamatupidamise teenus. Sellega saad k\u00f5ik rahvusvaheliselt kogenud raamatupidaja eelised ning maksad vaid selle t\u00f6\u00f6 eest, mis ettev\u00f5ttele p\u00e4riselt vajalik on. Teenuses sisaldub ka pearaamatupidaja t\u00f6\u00f6 ning palgaarvestus.\" \/>\n<meta property=\"og:url\" content=\"https:\/\/1office.co\/sweden\/et\/toode\/raamatupidamise-teenus-rootsis\/\" \/>\n<meta property=\"og:site_name\" content=\"1Office Sweden\" \/>\n<meta property=\"article:modified_time\" content=\"2026-02-19T14:52:24+00:00\" \/>\n<meta property=\"og:image\" content=\"https:\/\/1office.co\/sweden\/wp-content\/uploads\/sites\/13\/2013\/03\/7-002.jpg\" \/>\n\t<meta property=\"og:image:width\" content=\"1500\" \/>\n\t<meta property=\"og:image:height\" content=\"1000\" \/>\n\t<meta property=\"og:image:type\" content=\"image\/jpeg\" \/>\n<meta name=\"twitter:card\" content=\"summary_large_image\" \/>\n<meta name=\"twitter:label1\" content=\"Est. reading time\" \/>\n\t<meta name=\"twitter:data1\" content=\"3 minutit\" \/>\n<script type=\"application\/ld+json\" class=\"yoast-schema-graph\">{\"@context\":\"https:\/\/schema.org\",\"@graph\":[{\"@type\":\"WebPage\",\"@id\":\"https:\/\/1office.co\/sweden\/et\/toode\/raamatupidamise-teenus-rootsis\/\",\"url\":\"https:\/\/1office.co\/sweden\/et\/toode\/raamatupidamise-teenus-rootsis\/\",\"name\":\"Raamatupidamise teenus, maksa vaid vajaliku t\u00f6\u00f6 eest - 1Office Sweden\",\"isPartOf\":{\"@id\":\"https:\/\/1office.co\/sweden\/#website\"},\"primaryImageOfPage\":{\"@id\":\"https:\/\/1office.co\/sweden\/et\/toode\/raamatupidamise-teenus-rootsis\/#primaryimage\"},\"image\":{\"@id\":\"https:\/\/1office.co\/sweden\/et\/toode\/raamatupidamise-teenus-rootsis\/#primaryimage\"},\"thumbnailUrl\":\"https:\/\/1office.co\/sweden\/wp-content\/uploads\/sites\/13\/2013\/03\/7-002.jpg\",\"datePublished\":\"2017-08-10T10:40:14+00:00\",\"dateModified\":\"2026-02-19T14:52:24+00:00\",\"description\":\"Ettev\u00f5tetele, kuhu pole m\u00f5ttekas t\u00e4iskohaga raaamatupidajat palgata, on abiks raamatupidamise teenus. Sellega saad k\u00f5ik rahvusvaheliselt kogenud raamatupidaja eelised ning maksad vaid selle t\u00f6\u00f6 eest, mis ettev\u00f5ttele p\u00e4riselt vajalik on. Teenuses sisaldub ka pearaamatupidaja t\u00f6\u00f6 ning palgaarvestus.\",\"breadcrumb\":{\"@id\":\"https:\/\/1office.co\/sweden\/et\/toode\/raamatupidamise-teenus-rootsis\/#breadcrumb\"},\"inLanguage\":\"et\",\"potentialAction\":[{\"@type\":\"ReadAction\",\"target\":[\"https:\/\/1office.co\/sweden\/et\/toode\/raamatupidamise-teenus-rootsis\/\"]}]},{\"@type\":\"ImageObject\",\"inLanguage\":\"et\",\"@id\":\"https:\/\/1office.co\/sweden\/et\/toode\/raamatupidamise-teenus-rootsis\/#primaryimage\",\"url\":\"https:\/\/1office.co\/sweden\/wp-content\/uploads\/sites\/13\/2013\/03\/7-002.jpg\",\"contentUrl\":\"https:\/\/1office.co\/sweden\/wp-content\/uploads\/sites\/13\/2013\/03\/7-002.jpg\",\"width\":1500,\"height\":1000},{\"@type\":\"BreadcrumbList\",\"@id\":\"https:\/\/1office.co\/sweden\/et\/toode\/raamatupidamise-teenus-rootsis\/#breadcrumb\",\"itemListElement\":[{\"@type\":\"ListItem\",\"position\":1,\"name\":\"Home\",\"item\":\"https:\/\/1office.co\/sweden\/et\/\"},{\"@type\":\"ListItem\",\"position\":2,\"name\":\"Tee \u00e4ri Rootsis\",\"item\":\"https:\/\/1office.co\/sweden\/et\/teenused\/\"},{\"@type\":\"ListItem\",\"position\":3,\"name\":\"Raamatupidamise alustustasu Rootsis\"}]},{\"@type\":\"WebSite\",\"@id\":\"https:\/\/1office.co\/sweden\/#website\",\"url\":\"https:\/\/1office.co\/sweden\/\",\"name\":\"1Office Sweden\",\"description\":\"Making Business Simple\",\"potentialAction\":[{\"@type\":\"SearchAction\",\"target\":{\"@type\":\"EntryPoint\",\"urlTemplate\":\"https:\/\/1office.co\/sweden\/?s={search_term_string}\"},\"query-input\":{\"@type\":\"PropertyValueSpecification\",\"valueRequired\":true,\"valueName\":\"search_term_string\"}}],\"inLanguage\":\"et\"}]}<\/script>\n<!-- \/ Yoast SEO Premium plugin. -->","yoast_head_json":{"title":"Raamatupidamise teenus, maksa vaid vajaliku t\u00f6\u00f6 eest - 1Office Sweden","description":"Ettev\u00f5tetele, kuhu pole m\u00f5ttekas t\u00e4iskohaga raaamatupidajat palgata, on abiks raamatupidamise teenus. Sellega saad k\u00f5ik rahvusvaheliselt kogenud raamatupidaja eelised ning maksad vaid selle t\u00f6\u00f6 eest, mis ettev\u00f5ttele p\u00e4riselt vajalik on. Teenuses sisaldub ka pearaamatupidaja t\u00f6\u00f6 ning palgaarvestus.","robots":{"index":"index","follow":"follow","max-snippet":"max-snippet:-1","max-image-preview":"max-image-preview:large","max-video-preview":"max-video-preview:-1"},"canonical":"https:\/\/1office.co\/sweden\/et\/toode\/raamatupidamise-teenus-rootsis\/","og_locale":"et_EE","og_type":"article","og_title":"Raamatupidamise alustustasu Rootsis","og_description":"Ettev\u00f5tetele, kuhu pole m\u00f5ttekas t\u00e4iskohaga raaamatupidajat palgata, on abiks raamatupidamise teenus. Sellega saad k\u00f5ik rahvusvaheliselt kogenud raamatupidaja eelised ning maksad vaid selle t\u00f6\u00f6 eest, mis ettev\u00f5ttele p\u00e4riselt vajalik on. Teenuses sisaldub ka pearaamatupidaja t\u00f6\u00f6 ning palgaarvestus.","og_url":"https:\/\/1office.co\/sweden\/et\/toode\/raamatupidamise-teenus-rootsis\/","og_site_name":"1Office Sweden","article_modified_time":"2026-02-19T14:52:24+00:00","og_image":[{"width":1500,"height":1000,"url":"https:\/\/1office.co\/sweden\/wp-content\/uploads\/sites\/13\/2013\/03\/7-002.jpg","type":"image\/jpeg"}],"twitter_card":"summary_large_image","twitter_misc":{"Est. reading time":"3 minutit"},"schema":{"@context":"https:\/\/schema.org","@graph":[{"@type":"WebPage","@id":"https:\/\/1office.co\/sweden\/et\/toode\/raamatupidamise-teenus-rootsis\/","url":"https:\/\/1office.co\/sweden\/et\/toode\/raamatupidamise-teenus-rootsis\/","name":"Raamatupidamise teenus, maksa vaid vajaliku t\u00f6\u00f6 eest - 1Office Sweden","isPartOf":{"@id":"https:\/\/1office.co\/sweden\/#website"},"primaryImageOfPage":{"@id":"https:\/\/1office.co\/sweden\/et\/toode\/raamatupidamise-teenus-rootsis\/#primaryimage"},"image":{"@id":"https:\/\/1office.co\/sweden\/et\/toode\/raamatupidamise-teenus-rootsis\/#primaryimage"},"thumbnailUrl":"https:\/\/1office.co\/sweden\/wp-content\/uploads\/sites\/13\/2013\/03\/7-002.jpg","datePublished":"2017-08-10T10:40:14+00:00","dateModified":"2026-02-19T14:52:24+00:00","description":"Ettev\u00f5tetele, kuhu pole m\u00f5ttekas t\u00e4iskohaga raaamatupidajat palgata, on abiks raamatupidamise teenus. Sellega saad k\u00f5ik rahvusvaheliselt kogenud raamatupidaja eelised ning maksad vaid selle t\u00f6\u00f6 eest, mis ettev\u00f5ttele p\u00e4riselt vajalik on. Teenuses sisaldub ka pearaamatupidaja t\u00f6\u00f6 ning palgaarvestus.","breadcrumb":{"@id":"https:\/\/1office.co\/sweden\/et\/toode\/raamatupidamise-teenus-rootsis\/#breadcrumb"},"inLanguage":"et","potentialAction":[{"@type":"ReadAction","target":["https:\/\/1office.co\/sweden\/et\/toode\/raamatupidamise-teenus-rootsis\/"]}]},{"@type":"ImageObject","inLanguage":"et","@id":"https:\/\/1office.co\/sweden\/et\/toode\/raamatupidamise-teenus-rootsis\/#primaryimage","url":"https:\/\/1office.co\/sweden\/wp-content\/uploads\/sites\/13\/2013\/03\/7-002.jpg","contentUrl":"https:\/\/1office.co\/sweden\/wp-content\/uploads\/sites\/13\/2013\/03\/7-002.jpg","width":1500,"height":1000},{"@type":"BreadcrumbList","@id":"https:\/\/1office.co\/sweden\/et\/toode\/raamatupidamise-teenus-rootsis\/#breadcrumb","itemListElement":[{"@type":"ListItem","position":1,"name":"Home","item":"https:\/\/1office.co\/sweden\/et\/"},{"@type":"ListItem","position":2,"name":"Tee \u00e4ri Rootsis","item":"https:\/\/1office.co\/sweden\/et\/teenused\/"},{"@type":"ListItem","position":3,"name":"Raamatupidamise alustustasu Rootsis"}]},{"@type":"WebSite","@id":"https:\/\/1office.co\/sweden\/#website","url":"https:\/\/1office.co\/sweden\/","name":"1Office Sweden","description":"Making Business Simple","potentialAction":[{"@type":"SearchAction","target":{"@type":"EntryPoint","urlTemplate":"https:\/\/1office.co\/sweden\/?s={search_term_string}"},"query-input":{"@type":"PropertyValueSpecification","valueRequired":true,"valueName":"search_term_string"}}],"inLanguage":"et"}]}},"_links":{"self":[{"href":"https:\/\/1office.co\/sweden\/et\/wp-json\/wp\/v2\/product\/57706","targetHints":{"allow":["GET"]}}],"collection":[{"href":"https:\/\/1office.co\/sweden\/et\/wp-json\/wp\/v2\/product"}],"about":[{"href":"https:\/\/1office.co\/sweden\/et\/wp-json\/wp\/v2\/types\/product"}],"wp:featuredmedia":[{"embeddable":true,"href":"https:\/\/1office.co\/sweden\/et\/wp-json\/wp\/v2\/media\/52152"}],"wp:attachment":[{"href":"https:\/\/1office.co\/sweden\/et\/wp-json\/wp\/v2\/media?parent=57706"}],"wp:term":[{"taxonomy":"product_brand","embeddable":true,"href":"https:\/\/1office.co\/sweden\/et\/wp-json\/wp\/v2\/product_brand?post=57706"},{"taxonomy":"product_cat","embeddable":true,"href":"https:\/\/1office.co\/sweden\/et\/wp-json\/wp\/v2\/product_cat?post=57706"},{"taxonomy":"product_tag","embeddable":true,"href":"https:\/\/1office.co\/sweden\/et\/wp-json\/wp\/v2\/product_tag?post=57706"}],"curies":[{"name":"wp","href":"https:\/\/api.w.org\/{rel}","templated":true}]}}