{"id":57716,"date":"2017-08-10T10:40:23","date_gmt":"2017-08-10T10:40:23","guid":{"rendered":"https:\/\/1office.co\/sweden\/product\/authorized-contact-person\/"},"modified":"2023-06-07T12:14:22","modified_gmt":"2023-06-07T12:14:22","slug":"juriidiline-kontaktisik","status":"publish","type":"product","link":"https:\/\/1office.co\/sweden\/et\/toode\/juriidiline-kontaktisik\/","title":{"rendered":"Kontaktisik \u00fcheks aastaks"},"content":{"rendered":"<div class=\"wpb-content-wrapper\"><p>[vc_row][vc_column]<div id=\"advanced-tabs-desc-wrap-6677\" class=\"ult_tabs product_tabs\" style=\" \" data-tabsstyle=\"style1\"\n data-titlebg=\"#ffffff\" data-titlecolor=\"#b6b8ba\" data-fullheight=\"off\"\n data-titlehoverbg=\"#ffffff\" data-titlehovercolor=\"#1d1e23\"\n data-rotatetabs=\"0\" data-responsivemode=\"Both\" data-animation=\"Slide\"\ndata-activetitle=\"#1d1e23\" data-activeicon=\"\" data-activebg=\"#ffffff\"  data-respmode=\"Tabs\" data-respwidth=\"400\" data-scroll = \"on\" data-activeindex=\"1\"><ul id=advanced-tabs-wrap-4008 class=\"ult_tabmenu style1 \" style=\"\"><li class=\"ult_tab_li  \" data-iconcolor=\"#74777b\" data-iconhover=\"#ffffff\" style=\"background-color:#ffffff;border-color:transparent;border-width:0px;border-style:solid;border-top-right-radius:8px;\">\n\t\t\t\t\t<a href=\"#1512642751410-8d7ab-c11d\"  id=\"1512642751410-8d7ab-c11d\"  style=\"color:#b6b8ba;; padding:15px; \" class=\"ult_a  \">\n\t\t\t\t\t     <span class=\"ult_tab_main Both \">\n\t\t\t\t\t \t\t <span class=\"ult_tab_section\">\n\t\t\t\t\t   \t\t\t<span  data-ultimate-target='#advanced-tabs-wrap-4008 .ult-span-text'  data-responsive-json-new='{\"font-size\":\"desktop:14px;\",\"line-height\":\"\"}'  class=\"ult-span-text no_icon ult_tab_display_text ult-responsive\" style=\"font-weight:bold;;\">Kirjeldus<\/span>\n\t\t\t\t\t   \t\t<\/span>\n\t\t\t\t\t\t<\/span>\n\t\t\t\t\t<\/a>\n\t\t\t\t\t<\/li><\/ul><div  data-ultimate-target='#advanced-tabs-desc-wrap-6677 .ult_tabcontent .ult_tab_min_contain  p'  data-responsive-json-new='{\"font-size\":\"\",\"line-height\":\"\"}' class=\"ult_tabcontent ult-responsive style1\" style=\"color:#74777b;\"><div class=\"ult_tab_min_contain \" >\n\t\t\t<div  class=\"ult_tabitemname\"  >\n\t\t\t\t[vc_column_text]Kontaktisiku olemasolu on vajalik ettev\u00f5tte registreerimisel \u00e4riregistrisse. Juriidiline kontaktisik ei oma mingisugust \u00f5igust ettev\u00f5tte esindamiseks, samuti ei saa ta ligip\u00e4\u00e4su ettev\u00f5tte andmetele ning tal ei ole ettev\u00f5ttega seonduvaid kohustusi v\u00f5i vastutust. Juhul kui ametiasutustel ei \u00f5nnestu \u00fchendust saada mitte \u00fchegi juhatuse liikmega, toimetatakse alles siis info kontaktisikuni.<\/p>\n<p><strong>Hinnas sisaldub:<\/strong><\/p>\n<ul>\n<li>Kontaktisik \u00fcheks aastaks<\/li>\n<\/ul>\n<p><strong>Saadaval lisatasu eest:<\/strong><\/p>\n<ul>\n<li><a href=\"https:\/\/1office.co\/sweden\/et\/toode\/ariaadress-stockholmi-kesklinnas\/\" target=\"_blank\" rel=\"noopener noreferrer\">\u00c4riaadress<\/a> ettev\u00f5tte registreerimiseks kohalikus \u00e4riregistris (Bolagsverket) ja posti vastuv\u00f5tmiseks<\/li>\n<\/ul>\n<p><strong>T\u00e4htis informatsioon:<\/strong><\/p>\n<ul>\n<li>Pakume kontaktisiku teenust vaid nendele ettev\u00f5tetele, kes kasutavad ka meie raamatupidamisteenust.<\/li>\n<li>Teenus on perioodiline, mis t\u00e4hendab, et see j\u00e4tkub automaatselt p\u00e4rast aasta m\u00f6\u00f6dumist. Uus arve v\u00e4ljastatakse \u00fcks kuu enne uue kontaktisiku perioodi algust.<\/li>\n<\/ul>\n<p>[\/vc_column_text]\n\t\t\t<\/div><\/div><\/div><\/div><div class=\"ult_acord advanced-tabs-desc-wrap-6677\">\n   <div class=\"ult-tabto-accordion \" style=\"width:;\"\n    data-titlecolor=\"#b6b8ba\"  data-titlebg=\"#ffffff\"\n     data-titlehoverbg=\"#ffffff\" data-titlehovercolor=\"#1d1e23\" data-animation=\"Slide\"\n     data-activetitle=\"#1d1e23\" data-activeicon=\"\" data-activebg=\"#ffffff\" data-scroll = \"on\" data-activeindex=\"1\" >\n     <dl><dt class=\"\">\n\t        \t<a class=\"ult-tabto-actitle withBorder ult_a \" id=\"1512642751410-8d7ab-c11d\" style=\"color:#b6b8ba;;background-color:#ffffff;border-bottom-color:transparent;border-bottom-width:0px;border-bottom-style:solid;\" href=\"#1512642751410-8d7ab-c11d\">\n\t        \t\t<i class=\"accordion-icon\"><\/i>\n\t        \t\t\t<span class=\"ult_tab_main ult_ac_main ult_noacordicnBoth\">\n\n\t\t\t\t\t\t<span  data-ultimate-target='#advanced-tabs-wrap-4008 .ult-span-text'  data-responsive-json-new='{\"font-size\":\"desktop:14px;\",\"line-height\":\"\"}'  class=\"ult-span-text no_icon ult_acordian-text ult-responsive\" style=\"font-weight:bold;;color:inherit \" >Kirjeldus<\/span>\n\t\t\t\t\t\t<\/span><\/a><\/dt>\n\t            \t\t<dd class=\"ult-tabto-accordionItem ult-tabto-accolapsed\">\n\t\t\t\t            <div class=\"ult-tabto-acontent\" style=\"color:#74777b;\">\n\t\t\t\t               [vc_column_text]Kontaktisiku olemasolu on vajalik ettev\u00f5tte registreerimisel \u00e4riregistrisse. Juriidiline kontaktisik ei oma mingisugust \u00f5igust ettev\u00f5tte esindamiseks, samuti ei saa ta ligip\u00e4\u00e4su ettev\u00f5tte andmetele ning tal ei ole ettev\u00f5ttega seonduvaid kohustusi v\u00f5i vastutust. Juhul kui ametiasutustel ei \u00f5nnestu \u00fchendust saada mitte \u00fchegi juhatuse liikmega, toimetatakse alles siis info kontaktisikuni.<\/p>\n<p><strong>Hinnas sisaldub:<\/strong><\/p>\n<ul>\n<li>Kontaktisik \u00fcheks aastaks<\/li>\n<\/ul>\n<p><strong>Saadaval lisatasu eest:<\/strong><\/p>\n<ul>\n<li><a href=\"https:\/\/1office.co\/sweden\/et\/toode\/ariaadress-stockholmi-kesklinnas\/\" target=\"_blank\" rel=\"noopener noreferrer\">\u00c4riaadress<\/a> ettev\u00f5tte registreerimiseks kohalikus \u00e4riregistris (Bolagsverket) ja posti vastuv\u00f5tmiseks<\/li>\n<\/ul>\n<p><strong>T\u00e4htis informatsioon:<\/strong><\/p>\n<ul>\n<li>Pakume kontaktisiku teenust vaid nendele ettev\u00f5tetele, kes kasutavad ka meie raamatupidamisteenust.<\/li>\n<li>Teenus on perioodiline, mis t\u00e4hendab, et see j\u00e4tkub automaatselt p\u00e4rast aasta m\u00f6\u00f6dumist. Uus arve v\u00e4ljastatakse \u00fcks kuu enne uue kontaktisiku perioodi algust.<\/li>\n<\/ul>\n<p>[\/vc_column_text]\n\t\t\t\t            <\/div>\n\t        \t\t\t<\/dd>\n    \t<\/dl>\n    <!--<div class=\"extraborder\" style=\"background-color:#ffffff\"><\/div>-->\n<\/div>\n\n<\/div>[\/vc_column][\/vc_row]<\/p>\n<\/div>","protected":false},"excerpt":{"rendered":"<p>Iga Rootsi ettev\u00f5te, kelle \u00fchelgi juhatuse liikmel pole Rootsi alalist isikukoodi ja ei ela alaliselt Rootsis, peab m\u00e4\u00e4rama kontaktisiku.<\/p>\n","protected":false},"featured_media":58112,"template":"","meta":{"_acf_changed":false,"inline_featured_image":false},"product_brand":[],"product_cat":[351],"product_tag":[314],"class_list":{"0":"post-57716","1":"product","2":"type-product","3":"status-publish","4":"has-post-thumbnail","6":"product_cat-uncategorized-et","7":"product_tag-rootsi","8":"description-off","10":"first","11":"instock","12":"taxable","13":"shipping-taxable","14":"purchasable","15":"product-type-simple"},"bundled_by":[],"bundle_stock_status":"instock","bundle_stock_quantity":null,"bundle_virtual":false,"bundle_layout":"","bundle_add_to_cart_form_location":"","bundle_editable_in_cart":false,"bundle_sold_individually_context":"","bundle_item_grouping":"","bundle_min_size":"","bundle_max_size":"","bundle_price":[],"bundled_items":[],"bundle_sell_ids":[],"acf":[],"yoast_head":"<!-- This site is optimized with the Yoast SEO Premium plugin v22.1 (Yoast SEO v27.0) - https:\/\/yoast.com\/product\/yoast-seo-premium-wordpress\/ -->\n<title>Kontaktisik \u00fcheks aastaks - 1Office Sweden<\/title>\n<meta name=\"description\" content=\"Juriidiline kontaktisik on ettev\u00f5tte registreerimiseks kohustuslik juhul, kui \u00fchelgi juhatuseliikmel ei ole Rootsi isikukoodi, Juhul, kui ametiasutustel ei \u00f5nnestu \u00fchendust saada \u00fchegi juhatuse liikmega, toimetatakse info just selle kontaktisikuni.\" \/>\n<meta name=\"robots\" content=\"noindex, follow\" \/>\n<meta property=\"og:locale\" content=\"et_EE\" \/>\n<meta property=\"og:type\" content=\"article\" \/>\n<meta property=\"og:title\" content=\"Kontaktisik \u00fcheks aastaks\" \/>\n<meta property=\"og:description\" content=\"Juriidiline kontaktisik on ettev\u00f5tte registreerimiseks kohustuslik juhul, kui \u00fchelgi juhatuseliikmel ei ole Rootsi isikukoodi, Juhul, kui ametiasutustel ei \u00f5nnestu \u00fchendust saada \u00fchegi juhatuse liikmega, toimetatakse info just selle kontaktisikuni.\" \/>\n<meta property=\"og:url\" content=\"https:\/\/1office.co\/sweden\/et\/toode\/juriidiline-kontaktisik\/\" \/>\n<meta property=\"og:site_name\" content=\"1Office Sweden\" \/>\n<meta property=\"article:modified_time\" content=\"2023-06-07T12:14:22+00:00\" \/>\n<meta property=\"og:image\" content=\"https:\/\/1office.co\/sweden\/wp-content\/uploads\/sites\/13\/2017\/08\/FP7TZ9HQO0-e1594811113500.jpg\" \/>\n\t<meta property=\"og:image:width\" content=\"960\" \/>\n\t<meta property=\"og:image:height\" content=\"755\" \/>\n\t<meta property=\"og:image:type\" content=\"image\/jpeg\" \/>\n<meta name=\"twitter:card\" content=\"summary_large_image\" \/>\n<meta name=\"twitter:label1\" content=\"Est. reading time\" \/>\n\t<meta name=\"twitter:data1\" content=\"1 minut\" \/>\n<script type=\"application\/ld+json\" class=\"yoast-schema-graph\">{\"@context\":\"https:\/\/schema.org\",\"@graph\":[{\"@type\":\"WebPage\",\"@id\":\"https:\/\/1office.co\/sweden\/et\/toode\/juriidiline-kontaktisik\/\",\"url\":\"https:\/\/1office.co\/sweden\/et\/toode\/juriidiline-kontaktisik\/\",\"name\":\"Kontaktisik \u00fcheks aastaks - 1Office Sweden\",\"isPartOf\":{\"@id\":\"https:\/\/1office.co\/sweden\/#website\"},\"primaryImageOfPage\":{\"@id\":\"https:\/\/1office.co\/sweden\/et\/toode\/juriidiline-kontaktisik\/#primaryimage\"},\"image\":{\"@id\":\"https:\/\/1office.co\/sweden\/et\/toode\/juriidiline-kontaktisik\/#primaryimage\"},\"thumbnailUrl\":\"https:\/\/1office.co\/sweden\/wp-content\/uploads\/sites\/13\/2017\/08\/FP7TZ9HQO0-e1594811113500.jpg\",\"datePublished\":\"2017-08-10T10:40:23+00:00\",\"dateModified\":\"2023-06-07T12:14:22+00:00\",\"description\":\"Juriidiline kontaktisik on ettev\u00f5tte registreerimiseks kohustuslik juhul, kui \u00fchelgi juhatuseliikmel ei ole Rootsi isikukoodi, Juhul, kui ametiasutustel ei \u00f5nnestu \u00fchendust saada \u00fchegi juhatuse liikmega, toimetatakse info just selle kontaktisikuni.\",\"breadcrumb\":{\"@id\":\"https:\/\/1office.co\/sweden\/et\/toode\/juriidiline-kontaktisik\/#breadcrumb\"},\"inLanguage\":\"et\",\"potentialAction\":[{\"@type\":\"ReadAction\",\"target\":[\"https:\/\/1office.co\/sweden\/et\/toode\/juriidiline-kontaktisik\/\"]}]},{\"@type\":\"ImageObject\",\"inLanguage\":\"et\",\"@id\":\"https:\/\/1office.co\/sweden\/et\/toode\/juriidiline-kontaktisik\/#primaryimage\",\"url\":\"https:\/\/1office.co\/sweden\/wp-content\/uploads\/sites\/13\/2017\/08\/FP7TZ9HQO0-e1594811113500.jpg\",\"contentUrl\":\"https:\/\/1office.co\/sweden\/wp-content\/uploads\/sites\/13\/2017\/08\/FP7TZ9HQO0-e1594811113500.jpg\",\"width\":960,\"height\":755},{\"@type\":\"BreadcrumbList\",\"@id\":\"https:\/\/1office.co\/sweden\/et\/toode\/juriidiline-kontaktisik\/#breadcrumb\",\"itemListElement\":[{\"@type\":\"ListItem\",\"position\":1,\"name\":\"Home\",\"item\":\"https:\/\/1office.co\/sweden\/et\/\"},{\"@type\":\"ListItem\",\"position\":2,\"name\":\"Tee \u00e4ri Rootsis\",\"item\":\"https:\/\/1office.co\/sweden\/et\/teenused\/\"},{\"@type\":\"ListItem\",\"position\":3,\"name\":\"Kontaktisik \u00fcheks aastaks\"}]},{\"@type\":\"WebSite\",\"@id\":\"https:\/\/1office.co\/sweden\/#website\",\"url\":\"https:\/\/1office.co\/sweden\/\",\"name\":\"1Office Sweden\",\"description\":\"Making Business Simple\",\"potentialAction\":[{\"@type\":\"SearchAction\",\"target\":{\"@type\":\"EntryPoint\",\"urlTemplate\":\"https:\/\/1office.co\/sweden\/?s={search_term_string}\"},\"query-input\":{\"@type\":\"PropertyValueSpecification\",\"valueRequired\":true,\"valueName\":\"search_term_string\"}}],\"inLanguage\":\"et\"}]}<\/script>\n<!-- \/ Yoast SEO Premium plugin. -->","yoast_head_json":{"title":"Kontaktisik \u00fcheks aastaks - 1Office Sweden","description":"Juriidiline kontaktisik on ettev\u00f5tte registreerimiseks kohustuslik juhul, kui \u00fchelgi juhatuseliikmel ei ole Rootsi isikukoodi, Juhul, kui ametiasutustel ei \u00f5nnestu \u00fchendust saada \u00fchegi juhatuse liikmega, toimetatakse info just selle kontaktisikuni.","robots":{"index":"noindex","follow":"follow"},"og_locale":"et_EE","og_type":"article","og_title":"Kontaktisik \u00fcheks aastaks","og_description":"Juriidiline kontaktisik on ettev\u00f5tte registreerimiseks kohustuslik juhul, kui \u00fchelgi juhatuseliikmel ei ole Rootsi isikukoodi, Juhul, kui ametiasutustel ei \u00f5nnestu \u00fchendust saada \u00fchegi juhatuse liikmega, toimetatakse info just selle kontaktisikuni.","og_url":"https:\/\/1office.co\/sweden\/et\/toode\/juriidiline-kontaktisik\/","og_site_name":"1Office Sweden","article_modified_time":"2023-06-07T12:14:22+00:00","og_image":[{"width":960,"height":755,"url":"https:\/\/1office.co\/sweden\/wp-content\/uploads\/sites\/13\/2017\/08\/FP7TZ9HQO0-e1594811113500.jpg","type":"image\/jpeg"}],"twitter_card":"summary_large_image","twitter_misc":{"Est. reading time":"1 minut"},"schema":{"@context":"https:\/\/schema.org","@graph":[{"@type":"WebPage","@id":"https:\/\/1office.co\/sweden\/et\/toode\/juriidiline-kontaktisik\/","url":"https:\/\/1office.co\/sweden\/et\/toode\/juriidiline-kontaktisik\/","name":"Kontaktisik \u00fcheks aastaks - 1Office Sweden","isPartOf":{"@id":"https:\/\/1office.co\/sweden\/#website"},"primaryImageOfPage":{"@id":"https:\/\/1office.co\/sweden\/et\/toode\/juriidiline-kontaktisik\/#primaryimage"},"image":{"@id":"https:\/\/1office.co\/sweden\/et\/toode\/juriidiline-kontaktisik\/#primaryimage"},"thumbnailUrl":"https:\/\/1office.co\/sweden\/wp-content\/uploads\/sites\/13\/2017\/08\/FP7TZ9HQO0-e1594811113500.jpg","datePublished":"2017-08-10T10:40:23+00:00","dateModified":"2023-06-07T12:14:22+00:00","description":"Juriidiline kontaktisik on ettev\u00f5tte registreerimiseks kohustuslik juhul, kui \u00fchelgi juhatuseliikmel ei ole Rootsi isikukoodi, Juhul, kui ametiasutustel ei \u00f5nnestu \u00fchendust saada \u00fchegi juhatuse liikmega, toimetatakse info just selle kontaktisikuni.","breadcrumb":{"@id":"https:\/\/1office.co\/sweden\/et\/toode\/juriidiline-kontaktisik\/#breadcrumb"},"inLanguage":"et","potentialAction":[{"@type":"ReadAction","target":["https:\/\/1office.co\/sweden\/et\/toode\/juriidiline-kontaktisik\/"]}]},{"@type":"ImageObject","inLanguage":"et","@id":"https:\/\/1office.co\/sweden\/et\/toode\/juriidiline-kontaktisik\/#primaryimage","url":"https:\/\/1office.co\/sweden\/wp-content\/uploads\/sites\/13\/2017\/08\/FP7TZ9HQO0-e1594811113500.jpg","contentUrl":"https:\/\/1office.co\/sweden\/wp-content\/uploads\/sites\/13\/2017\/08\/FP7TZ9HQO0-e1594811113500.jpg","width":960,"height":755},{"@type":"BreadcrumbList","@id":"https:\/\/1office.co\/sweden\/et\/toode\/juriidiline-kontaktisik\/#breadcrumb","itemListElement":[{"@type":"ListItem","position":1,"name":"Home","item":"https:\/\/1office.co\/sweden\/et\/"},{"@type":"ListItem","position":2,"name":"Tee \u00e4ri Rootsis","item":"https:\/\/1office.co\/sweden\/et\/teenused\/"},{"@type":"ListItem","position":3,"name":"Kontaktisik \u00fcheks aastaks"}]},{"@type":"WebSite","@id":"https:\/\/1office.co\/sweden\/#website","url":"https:\/\/1office.co\/sweden\/","name":"1Office Sweden","description":"Making Business Simple","potentialAction":[{"@type":"SearchAction","target":{"@type":"EntryPoint","urlTemplate":"https:\/\/1office.co\/sweden\/?s={search_term_string}"},"query-input":{"@type":"PropertyValueSpecification","valueRequired":true,"valueName":"search_term_string"}}],"inLanguage":"et"}]}},"_links":{"self":[{"href":"https:\/\/1office.co\/sweden\/et\/wp-json\/wp\/v2\/product\/57716","targetHints":{"allow":["GET"]}}],"collection":[{"href":"https:\/\/1office.co\/sweden\/et\/wp-json\/wp\/v2\/product"}],"about":[{"href":"https:\/\/1office.co\/sweden\/et\/wp-json\/wp\/v2\/types\/product"}],"wp:featuredmedia":[{"embeddable":true,"href":"https:\/\/1office.co\/sweden\/et\/wp-json\/wp\/v2\/media\/58112"}],"wp:attachment":[{"href":"https:\/\/1office.co\/sweden\/et\/wp-json\/wp\/v2\/media?parent=57716"}],"wp:term":[{"taxonomy":"product_brand","embeddable":true,"href":"https:\/\/1office.co\/sweden\/et\/wp-json\/wp\/v2\/product_brand?post=57716"},{"taxonomy":"product_cat","embeddable":true,"href":"https:\/\/1office.co\/sweden\/et\/wp-json\/wp\/v2\/product_cat?post=57716"},{"taxonomy":"product_tag","embeddable":true,"href":"https:\/\/1office.co\/sweden\/et\/wp-json\/wp\/v2\/product_tag?post=57716"}],"curies":[{"name":"wp","href":"https:\/\/api.w.org\/{rel}","templated":true}]}}