{"id":58413,"date":"2018-10-17T08:19:26","date_gmt":"2018-10-17T08:19:26","guid":{"rendered":"https:\/\/1office.co\/sweden\/product\/starting-business-in-sweden-consultation\/"},"modified":"2025-09-16T06:54:59","modified_gmt":"2025-09-16T06:54:59","slug":"konsultatsioon-rootsi-ari-alustamine","status":"publish","type":"product","link":"https:\/\/1office.co\/sweden\/et\/toode\/konsultatsioon-rootsi-ari-alustamine\/","title":{"rendered":"Konsultatsioon &#8211; \u00e4ri alustamine Rootsis"},"content":{"rendered":"<div class=\"wpb-content-wrapper\"><p>[vc_row][vc_column][vc_column_text css=&#8221;&#8221;]Konsultatsioon annab \u00fclevaate teemadest, mis seostuvad Rootsis \u00e4ri alustamisega.<\/p>\n<p><strong>Hinnas sisaldub:<\/strong><\/p>\n<ul>\n<li>Konsultatsiooni sisu ja maht s\u00f5ltuvad konkreetse kliendi vajadustest ja k\u00fcsimustest.<\/li>\n<\/ul>\n<p><strong>Konsultatsioonil kajastatud teemad on tihti j\u00e4rgnevad:<\/strong><\/p>\n<ul>\n<li>Situatsioonianal\u00fc\u00fcs leidmaks parimaid lahendusi Sinu ettev\u00f5ttele;<\/li>\n<li>Sissejuhatus Rootsi raamatupidamisse;<\/li>\n<li>Dividendid ja maksustamine;<\/li>\n<li>Palgakalkulatsioonid;<\/li>\n<li>Maksulepingud Rootsi ning teiste riikide vahel;<\/li>\n<li>Piiri\u00fclene k\u00e4ibemaksustamine.<\/li>\n<\/ul>\n<p>&nbsp;<\/p>\n<p><strong>Saadaval lisatasu eest:<\/strong><\/p>\n<ul>\n<li>Rahvusvaheline maksukonsultatsioon<\/li>\n<li>Juriidiline konsultatsioon<\/li>\n<\/ul>\n<p><strong>Protsessi k\u00e4ik:<\/strong><\/p>\n<ul>\n<li>Saada meile oma k\u00fcsimused, et saaksime hinnata konsultatsiooni mahtu<\/li>\n<li>Saadame Sulle hinnapakkumise ja lepime t\u00f6\u00f6mahus kokku<\/li>\n<li>Konsultatsioon viiakse l\u00e4bi kas telefoni teel, videok\u00f5nena v\u00f5i kirjalikus vormis<\/li>\n<\/ul>\n<p><strong>T\u00e4htis informatsioon:<\/strong><\/p>\n<ul>\n<li>Kuna konsultatsiooni sisu ja maht s\u00f5ltuvad konkreetse kliendi vajadustest, lepime alati eelnevalt konsultatsiooni mahus kokku.<\/li>\n<li>Palun ole valmis meile edastama enda p\u00f5hilised k\u00fcsimused ja mured seoses alustatava \u00e4ritegevusega.<\/li>\n<li>Aja t\u00fchistamiseks tuleb meid sellest v\u00e4hemalt 48 tundi enne konsultatsiooni algust teavitada. Vastasel juhul konsultatsiooni eest tasutud raha ei tagastata.<\/li>\n<\/ul>\n<p>[\/vc_column_text][\/vc_column][\/vc_row]<\/p>\n<\/div>","protected":false},"excerpt":{"rendered":"<p>Kui Sa pole kindel, millisel viisil enda \u00e4ritegevusega Rootsis alustada, on antud konsultatsioon just Sinu jaoks. Me katame k\u00f5ik vajalikud teemad &#8211; sobivad alustamise v\u00f5imalused, ettev\u00f5tte struktuur, kohustused, t\u00e4htajad, maksustamine ja seadused Rootsis.<\/p>\n","protected":false},"featured_media":58408,"template":"","meta":{"_acf_changed":false,"inline_featured_image":false},"product_brand":[],"product_cat":[308,309],"product_tag":[],"class_list":{"0":"post-58413","1":"product","2":"type-product","3":"status-publish","4":"has-post-thumbnail","6":"product_cat-ettevotte-alustamine","7":"product_cat-juriidilised-teenused","8":"description-off","10":"first","11":"instock","12":"taxable","13":"shipping-taxable","14":"purchasable","15":"product-type-simple"},"bundled_by":["60702"],"bundle_stock_status":"instock","bundle_stock_quantity":null,"bundle_virtual":false,"bundle_layout":"","bundle_add_to_cart_form_location":"","bundle_editable_in_cart":false,"bundle_sold_individually_context":"","bundle_item_grouping":"","bundle_min_size":"","bundle_max_size":"","bundle_price":[],"bundled_items":[],"bundle_sell_ids":[],"acf":[],"yoast_head":"<!-- This site is optimized with the Yoast SEO Premium plugin v22.1 (Yoast SEO v27.0) - https:\/\/yoast.com\/product\/yoast-seo-premium-wordpress\/ -->\n<title>Konsultatsioon - \u00e4ri alustamine Rootsis - 1Office Sweden<\/title>\n<meta name=\"robots\" content=\"index, follow, max-snippet:-1, max-image-preview:large, max-video-preview:-1\" \/>\n<link rel=\"canonical\" href=\"https:\/\/1office.co\/sweden\/et\/toode\/konsultatsioon-rootsi-ari-alustamine\/\" \/>\n<meta property=\"og:locale\" content=\"et_EE\" \/>\n<meta property=\"og:type\" content=\"article\" \/>\n<meta property=\"og:title\" content=\"Konsultatsioon - \u00e4ri alustamine Rootsis\" \/>\n<meta property=\"og:description\" content=\"Kui Sa pole kindel, millisel viisil enda \u00e4ritegevusega Rootsis alustada, on antud konsultatsioon just Sinu jaoks. Me katame k\u00f5ik vajalikud teemad - sobivad alustamise v\u00f5imalused, ettev\u00f5tte struktuur, kohustused, t\u00e4htajad, maksustamine ja seadused Rootsis.\" \/>\n<meta property=\"og:url\" content=\"https:\/\/1office.co\/sweden\/et\/toode\/konsultatsioon-rootsi-ari-alustamine\/\" \/>\n<meta property=\"og:site_name\" content=\"1Office Sweden\" \/>\n<meta property=\"article:modified_time\" content=\"2025-09-16T06:54:59+00:00\" \/>\n<meta property=\"og:image\" content=\"https:\/\/1office.co\/sweden\/wp-content\/uploads\/sites\/13\/2018\/10\/technologicaldevicesfina_155528.jpg\" \/>\n\t<meta property=\"og:image:width\" content=\"900\" \/>\n\t<meta property=\"og:image:height\" content=\"600\" \/>\n\t<meta property=\"og:image:type\" content=\"image\/jpeg\" \/>\n<meta name=\"twitter:card\" content=\"summary_large_image\" \/>\n<meta name=\"twitter:label1\" content=\"Est. reading time\" \/>\n\t<meta name=\"twitter:data1\" content=\"1 minut\" \/>\n<script type=\"application\/ld+json\" class=\"yoast-schema-graph\">{\"@context\":\"https:\/\/schema.org\",\"@graph\":[{\"@type\":\"WebPage\",\"@id\":\"https:\/\/1office.co\/sweden\/et\/toode\/konsultatsioon-rootsi-ari-alustamine\/\",\"url\":\"https:\/\/1office.co\/sweden\/et\/toode\/konsultatsioon-rootsi-ari-alustamine\/\",\"name\":\"Konsultatsioon - \u00e4ri alustamine Rootsis - 1Office Sweden\",\"isPartOf\":{\"@id\":\"https:\/\/1office.co\/sweden\/#website\"},\"primaryImageOfPage\":{\"@id\":\"https:\/\/1office.co\/sweden\/et\/toode\/konsultatsioon-rootsi-ari-alustamine\/#primaryimage\"},\"image\":{\"@id\":\"https:\/\/1office.co\/sweden\/et\/toode\/konsultatsioon-rootsi-ari-alustamine\/#primaryimage\"},\"thumbnailUrl\":\"https:\/\/1office.co\/sweden\/wp-content\/uploads\/sites\/13\/2018\/10\/technologicaldevicesfina_155528.jpg\",\"datePublished\":\"2018-10-17T08:19:26+00:00\",\"dateModified\":\"2025-09-16T06:54:59+00:00\",\"breadcrumb\":{\"@id\":\"https:\/\/1office.co\/sweden\/et\/toode\/konsultatsioon-rootsi-ari-alustamine\/#breadcrumb\"},\"inLanguage\":\"et\",\"potentialAction\":[{\"@type\":\"ReadAction\",\"target\":[\"https:\/\/1office.co\/sweden\/et\/toode\/konsultatsioon-rootsi-ari-alustamine\/\"]}]},{\"@type\":\"ImageObject\",\"inLanguage\":\"et\",\"@id\":\"https:\/\/1office.co\/sweden\/et\/toode\/konsultatsioon-rootsi-ari-alustamine\/#primaryimage\",\"url\":\"https:\/\/1office.co\/sweden\/wp-content\/uploads\/sites\/13\/2018\/10\/technologicaldevicesfina_155528.jpg\",\"contentUrl\":\"https:\/\/1office.co\/sweden\/wp-content\/uploads\/sites\/13\/2018\/10\/technologicaldevicesfina_155528.jpg\",\"width\":900,\"height\":600,\"caption\":\"Technological devices, financial document with pen, glass of water at workplace on background of three business partners striking deal\"},{\"@type\":\"BreadcrumbList\",\"@id\":\"https:\/\/1office.co\/sweden\/et\/toode\/konsultatsioon-rootsi-ari-alustamine\/#breadcrumb\",\"itemListElement\":[{\"@type\":\"ListItem\",\"position\":1,\"name\":\"Home\",\"item\":\"https:\/\/1office.co\/sweden\/et\/\"},{\"@type\":\"ListItem\",\"position\":2,\"name\":\"Tee \u00e4ri Rootsis\",\"item\":\"https:\/\/1office.co\/sweden\/et\/teenused\/\"},{\"@type\":\"ListItem\",\"position\":3,\"name\":\"Konsultatsioon &#8211; \u00e4ri alustamine Rootsis\"}]},{\"@type\":\"WebSite\",\"@id\":\"https:\/\/1office.co\/sweden\/#website\",\"url\":\"https:\/\/1office.co\/sweden\/\",\"name\":\"1Office Sweden\",\"description\":\"Making Business Simple\",\"potentialAction\":[{\"@type\":\"SearchAction\",\"target\":{\"@type\":\"EntryPoint\",\"urlTemplate\":\"https:\/\/1office.co\/sweden\/?s={search_term_string}\"},\"query-input\":{\"@type\":\"PropertyValueSpecification\",\"valueRequired\":true,\"valueName\":\"search_term_string\"}}],\"inLanguage\":\"et\"}]}<\/script>\n<!-- \/ Yoast SEO Premium plugin. -->","yoast_head_json":{"title":"Konsultatsioon - \u00e4ri alustamine Rootsis - 1Office Sweden","robots":{"index":"index","follow":"follow","max-snippet":"max-snippet:-1","max-image-preview":"max-image-preview:large","max-video-preview":"max-video-preview:-1"},"canonical":"https:\/\/1office.co\/sweden\/et\/toode\/konsultatsioon-rootsi-ari-alustamine\/","og_locale":"et_EE","og_type":"article","og_title":"Konsultatsioon - \u00e4ri alustamine Rootsis","og_description":"Kui Sa pole kindel, millisel viisil enda \u00e4ritegevusega Rootsis alustada, on antud konsultatsioon just Sinu jaoks. Me katame k\u00f5ik vajalikud teemad - sobivad alustamise v\u00f5imalused, ettev\u00f5tte struktuur, kohustused, t\u00e4htajad, maksustamine ja seadused Rootsis.","og_url":"https:\/\/1office.co\/sweden\/et\/toode\/konsultatsioon-rootsi-ari-alustamine\/","og_site_name":"1Office Sweden","article_modified_time":"2025-09-16T06:54:59+00:00","og_image":[{"width":900,"height":600,"url":"https:\/\/1office.co\/sweden\/wp-content\/uploads\/sites\/13\/2018\/10\/technologicaldevicesfina_155528.jpg","type":"image\/jpeg"}],"twitter_card":"summary_large_image","twitter_misc":{"Est. reading time":"1 minut"},"schema":{"@context":"https:\/\/schema.org","@graph":[{"@type":"WebPage","@id":"https:\/\/1office.co\/sweden\/et\/toode\/konsultatsioon-rootsi-ari-alustamine\/","url":"https:\/\/1office.co\/sweden\/et\/toode\/konsultatsioon-rootsi-ari-alustamine\/","name":"Konsultatsioon - \u00e4ri alustamine Rootsis - 1Office Sweden","isPartOf":{"@id":"https:\/\/1office.co\/sweden\/#website"},"primaryImageOfPage":{"@id":"https:\/\/1office.co\/sweden\/et\/toode\/konsultatsioon-rootsi-ari-alustamine\/#primaryimage"},"image":{"@id":"https:\/\/1office.co\/sweden\/et\/toode\/konsultatsioon-rootsi-ari-alustamine\/#primaryimage"},"thumbnailUrl":"https:\/\/1office.co\/sweden\/wp-content\/uploads\/sites\/13\/2018\/10\/technologicaldevicesfina_155528.jpg","datePublished":"2018-10-17T08:19:26+00:00","dateModified":"2025-09-16T06:54:59+00:00","breadcrumb":{"@id":"https:\/\/1office.co\/sweden\/et\/toode\/konsultatsioon-rootsi-ari-alustamine\/#breadcrumb"},"inLanguage":"et","potentialAction":[{"@type":"ReadAction","target":["https:\/\/1office.co\/sweden\/et\/toode\/konsultatsioon-rootsi-ari-alustamine\/"]}]},{"@type":"ImageObject","inLanguage":"et","@id":"https:\/\/1office.co\/sweden\/et\/toode\/konsultatsioon-rootsi-ari-alustamine\/#primaryimage","url":"https:\/\/1office.co\/sweden\/wp-content\/uploads\/sites\/13\/2018\/10\/technologicaldevicesfina_155528.jpg","contentUrl":"https:\/\/1office.co\/sweden\/wp-content\/uploads\/sites\/13\/2018\/10\/technologicaldevicesfina_155528.jpg","width":900,"height":600,"caption":"Technological devices, financial document with pen, glass of water at workplace on background of three business partners striking deal"},{"@type":"BreadcrumbList","@id":"https:\/\/1office.co\/sweden\/et\/toode\/konsultatsioon-rootsi-ari-alustamine\/#breadcrumb","itemListElement":[{"@type":"ListItem","position":1,"name":"Home","item":"https:\/\/1office.co\/sweden\/et\/"},{"@type":"ListItem","position":2,"name":"Tee \u00e4ri Rootsis","item":"https:\/\/1office.co\/sweden\/et\/teenused\/"},{"@type":"ListItem","position":3,"name":"Konsultatsioon &#8211; \u00e4ri alustamine Rootsis"}]},{"@type":"WebSite","@id":"https:\/\/1office.co\/sweden\/#website","url":"https:\/\/1office.co\/sweden\/","name":"1Office Sweden","description":"Making Business Simple","potentialAction":[{"@type":"SearchAction","target":{"@type":"EntryPoint","urlTemplate":"https:\/\/1office.co\/sweden\/?s={search_term_string}"},"query-input":{"@type":"PropertyValueSpecification","valueRequired":true,"valueName":"search_term_string"}}],"inLanguage":"et"}]}},"_links":{"self":[{"href":"https:\/\/1office.co\/sweden\/et\/wp-json\/wp\/v2\/product\/58413","targetHints":{"allow":["GET"]}}],"collection":[{"href":"https:\/\/1office.co\/sweden\/et\/wp-json\/wp\/v2\/product"}],"about":[{"href":"https:\/\/1office.co\/sweden\/et\/wp-json\/wp\/v2\/types\/product"}],"wp:featuredmedia":[{"embeddable":true,"href":"https:\/\/1office.co\/sweden\/et\/wp-json\/wp\/v2\/media\/58408"}],"wp:attachment":[{"href":"https:\/\/1office.co\/sweden\/et\/wp-json\/wp\/v2\/media?parent=58413"}],"wp:term":[{"taxonomy":"product_brand","embeddable":true,"href":"https:\/\/1office.co\/sweden\/et\/wp-json\/wp\/v2\/product_brand?post=58413"},{"taxonomy":"product_cat","embeddable":true,"href":"https:\/\/1office.co\/sweden\/et\/wp-json\/wp\/v2\/product_cat?post=58413"},{"taxonomy":"product_tag","embeddable":true,"href":"https:\/\/1office.co\/sweden\/et\/wp-json\/wp\/v2\/product_tag?post=58413"}],"curies":[{"name":"wp","href":"https:\/\/api.w.org\/{rel}","templated":true}]}}