{"id":58423,"date":"2018-10-17T08:40:31","date_gmt":"2018-10-17T08:40:31","guid":{"rendered":"https:\/\/1office.co\/sweden\/product\/liquidation-of-swedish-company\/"},"modified":"2025-09-16T06:59:25","modified_gmt":"2025-09-16T06:59:25","slug":"ettevotte-likvideerimine-rootsis","status":"publish","type":"product","link":"https:\/\/1office.co\/sweden\/et\/toode\/ettevotte-likvideerimine-rootsis\/","title":{"rendered":"Ettev\u00f5tte likvideerimine Rootsis"},"content":{"rendered":"<p>Kui oled otsustanud enda Rootsi ettev\u00f5tte tegevuse l\u00f5petada, tuleb ettev\u00f5te sulgeda vabatahtliku likvideerimisega. Likvideerimisprotsess v\u00f5tab aega 7-10 kuud ja see tuleb l\u00e4bi viia likvideerija poolt. Sulgemine v\u00f5tab k\u00fcll palju rohkem aega kui ettev\u00f5tte asutamine, kuid ettev\u00f5tte juhatuse jaoks on see passiivne periood ja likvideerija hoolitseb k\u00f5ige vajaliku eest.<\/p>\n<p>Pea meeles, et kogu raamatupidamine peab likvideerimise alguseks olema tehtud.<\/p>\n<p><strong>Hinnas sisaldub:<\/strong><\/p>\n<ul>\n<li>Likvideerija<\/li>\n<li>Juriidiliste dokumentide koostamine<\/li>\n<li>Ettev\u00f5tte kustutamine kohalikust \u00e4riregistrist<\/li>\n<\/ul>\n<p><strong>Saadaval lisatasu eest:<\/strong><\/p>\n<ul>\n<li>Raamatupidamine (tunnitasu 750 SEK)<\/li>\n<li>Raamatupidamise likvideerimisaruanded<\/li>\n<\/ul>\n<p>Likvideerimisaruannete ettevalmistamise tasu s\u00f5ltub ettev\u00f5tte suurusest ja tehingute arvust. Me anname omapoolsed soovitused, kuidas j\u00e4tkata, p\u00e4rast ettev\u00f5tte bilansiaruande \u00fclevaatamist ja saadame enne t\u00f6\u00f6 alustamist hinnapakkumise.<\/p>\n<p><strong>Protsessi k\u00e4ik:<\/strong><\/p>\n<ul>\n<li>Saada meile ettev\u00f5tte pangav\u00e4ljav\u00f5te ja bilanss<\/li>\n<li>Me saadame Sulle hinnapakkumise kogu protsessi l\u00e4biviimiseks<\/li>\n<li>Me valmistame ette juriidilised dokumendid ja muu vajaliku protsessi l\u00e4biviimiseks<\/li>\n<li>Likvidaator esitab l\u00f5plikud aruanded aktsion\u00e4ride \u00fcldkoosolekul ja teavitab \u00e4riregistrit k\u00f5ikidest toimingutest<\/li>\n<li>Sinul tuleb lihtsalt raportid kinnitada ning oodata kuni ettev\u00f5te \u00e4riregistrist kustutatakse<\/li>\n<\/ul>\n<p><strong>T\u00e4htis informatsioon:<\/strong><\/p>\n<ul>\n<li>Vabatahtlik likvideerimine saab toimuda ainult siis, kui ettev\u00f5te on maksev\u00f5imeline ning suudab tasuda k\u00f5ik v\u00f5lad. Kui ettev\u00f5te ei ole maksej\u00f5uline, tuleb v\u00e4lja kuulutada pankrotiprotsess, mida saab teha ettev\u00f5tte juhatus.<\/li>\n<li>Lisaks ettev\u00f5tte likvideerimisele on ka teisi variante ettev\u00f5tte tegevuse l\u00f5petamiseks: ettev\u00f5tte &#8220;riiulisse&#8221; panek, ettev\u00f5tte m\u00fc\u00fck v\u00f5i maksuregistreeringute t\u00fchistamine. Nende teenuste tellimiseks v\u00f5i t\u00e4psema informatsiooni saamiseks v\u00f5ta meiega \u00fchendust: <a href=\"mailto:sales@1office.co\" target=\"_blank\" rel=\"noopener\">sales@1office.co<\/a><\/li>\n<\/ul>\n","protected":false},"excerpt":{"rendered":"<p>1Office teenust kasutades on ettev\u00f5tte likvideerimine Rootsis v\u00e4ga lihtne. Protsess v\u00f5tab aega, kuid meie hoolitseme kogu protsessi eest.<\/p>\n","protected":false},"featured_media":62844,"template":"","meta":{"_acf_changed":false,"inline_featured_image":false},"product_brand":[],"product_cat":[309],"product_tag":[],"class_list":{"0":"post-58423","1":"product","2":"type-product","3":"status-publish","4":"has-post-thumbnail","6":"product_cat-juriidilised-teenused","7":"description-off","9":"first","10":"instock","11":"virtual","12":"taxable","13":"purchasable","14":"product-type-bundle"},"bundled_by":[],"bundle_stock_status":"instock","bundle_stock_quantity":"","bundle_virtual":false,"bundle_layout":"default","bundle_add_to_cart_form_location":"default","bundle_editable_in_cart":false,"bundle_sold_individually_context":"product","bundle_item_grouping":"parent","bundle_min_size":"","bundle_max_size":"","bundle_price":{"price":{"min":{"incl_tax":"14500","excl_tax":"11600"},"max":{"incl_tax":"14500","excl_tax":"11600"}},"regular_price":{"min":{"incl_tax":"14500","excl_tax":"11600"},"max":{"incl_tax":"14500","excl_tax":"11600"}}},"bundled_items":[{"bundled_item_id":377,"product_id":62946,"menu_order":0,"quantity_min":1,"quantity_max":1,"quantity_default":1,"priced_individually":true,"shipped_individually":false,"override_title":false,"title":"Riigil\u00f5iv","override_description":false,"description":"Riigil\u00f5iv","optional":false,"hide_thumbnail":false,"discount":"","override_variations":false,"allowed_variations":[""],"override_default_variation_attributes":false,"default_variation_attributes":[],"single_product_visibility":"hidden","cart_visibility":"visible","order_visibility":"visible","single_product_price_visibility":"hidden","cart_price_visibility":"visible","order_price_visibility":"visible","stock_status":"in_stock"}],"bundle_sell_ids":[],"acf":[],"yoast_head":"<!-- This site is optimized with the Yoast SEO Premium plugin v22.1 (Yoast SEO v27.0) - https:\/\/yoast.com\/product\/yoast-seo-premium-wordpress\/ -->\n<title>Ettev\u00f5tte likvideerimine Rootsis - 1Office Sweden<\/title>\n<meta name=\"robots\" content=\"index, follow, max-snippet:-1, max-image-preview:large, max-video-preview:-1\" \/>\n<link rel=\"canonical\" href=\"https:\/\/1office.co\/sweden\/et\/toode\/ettevotte-likvideerimine-rootsis\/\" \/>\n<meta property=\"og:locale\" content=\"et_EE\" \/>\n<meta property=\"og:type\" content=\"article\" \/>\n<meta property=\"og:title\" content=\"Ettev\u00f5tte likvideerimine Rootsis\" \/>\n<meta property=\"og:description\" content=\"1Office teenust kasutades on ettev\u00f5tte likvideerimine Rootsis v\u00e4ga lihtne. Protsess v\u00f5tab aega, kuid meie hoolitseme kogu protsessi eest.\" \/>\n<meta property=\"og:url\" content=\"https:\/\/1office.co\/sweden\/et\/toode\/ettevotte-likvideerimine-rootsis\/\" \/>\n<meta property=\"og:site_name\" content=\"1Office Sweden\" \/>\n<meta property=\"article:modified_time\" content=\"2025-09-16T06:59:25+00:00\" \/>\n<meta property=\"og:image\" content=\"https:\/\/1office.co\/sweden\/wp-content\/uploads\/sites\/13\/2018\/10\/pexels-photo-277670.jpeg\" \/>\n\t<meta property=\"og:image:width\" content=\"640\" \/>\n\t<meta property=\"og:image:height\" content=\"426\" \/>\n\t<meta property=\"og:image:type\" content=\"image\/jpeg\" \/>\n<meta name=\"twitter:card\" content=\"summary_large_image\" \/>\n<meta name=\"twitter:label1\" content=\"Est. reading time\" \/>\n\t<meta name=\"twitter:data1\" content=\"2 minutit\" \/>\n<script type=\"application\/ld+json\" class=\"yoast-schema-graph\">{\"@context\":\"https:\/\/schema.org\",\"@graph\":[{\"@type\":\"WebPage\",\"@id\":\"https:\/\/1office.co\/sweden\/et\/toode\/ettevotte-likvideerimine-rootsis\/\",\"url\":\"https:\/\/1office.co\/sweden\/et\/toode\/ettevotte-likvideerimine-rootsis\/\",\"name\":\"Ettev\u00f5tte likvideerimine Rootsis - 1Office Sweden\",\"isPartOf\":{\"@id\":\"https:\/\/1office.co\/sweden\/#website\"},\"primaryImageOfPage\":{\"@id\":\"https:\/\/1office.co\/sweden\/et\/toode\/ettevotte-likvideerimine-rootsis\/#primaryimage\"},\"image\":{\"@id\":\"https:\/\/1office.co\/sweden\/et\/toode\/ettevotte-likvideerimine-rootsis\/#primaryimage\"},\"thumbnailUrl\":\"https:\/\/1office.co\/sweden\/wp-content\/uploads\/sites\/13\/2018\/10\/liqswe.png\",\"datePublished\":\"2018-10-17T08:40:31+00:00\",\"dateModified\":\"2025-09-16T06:59:25+00:00\",\"breadcrumb\":{\"@id\":\"https:\/\/1office.co\/sweden\/et\/toode\/ettevotte-likvideerimine-rootsis\/#breadcrumb\"},\"inLanguage\":\"et\",\"potentialAction\":[{\"@type\":\"ReadAction\",\"target\":[\"https:\/\/1office.co\/sweden\/et\/toode\/ettevotte-likvideerimine-rootsis\/\"]}]},{\"@type\":\"ImageObject\",\"inLanguage\":\"et\",\"@id\":\"https:\/\/1office.co\/sweden\/et\/toode\/ettevotte-likvideerimine-rootsis\/#primaryimage\",\"url\":\"https:\/\/1office.co\/sweden\/wp-content\/uploads\/sites\/13\/2018\/10\/liqswe.png\",\"contentUrl\":\"https:\/\/1office.co\/sweden\/wp-content\/uploads\/sites\/13\/2018\/10\/liqswe.png\",\"width\":500,\"height\":500,\"caption\":\"Liquidation in Sweden\"},{\"@type\":\"BreadcrumbList\",\"@id\":\"https:\/\/1office.co\/sweden\/et\/toode\/ettevotte-likvideerimine-rootsis\/#breadcrumb\",\"itemListElement\":[{\"@type\":\"ListItem\",\"position\":1,\"name\":\"Home\",\"item\":\"https:\/\/1office.co\/sweden\/et\/\"},{\"@type\":\"ListItem\",\"position\":2,\"name\":\"Tee \u00e4ri Rootsis\",\"item\":\"https:\/\/1office.co\/sweden\/et\/teenused\/\"},{\"@type\":\"ListItem\",\"position\":3,\"name\":\"Ettev\u00f5tte likvideerimine Rootsis\"}]},{\"@type\":\"WebSite\",\"@id\":\"https:\/\/1office.co\/sweden\/#website\",\"url\":\"https:\/\/1office.co\/sweden\/\",\"name\":\"1Office Sweden\",\"description\":\"Making Business Simple\",\"potentialAction\":[{\"@type\":\"SearchAction\",\"target\":{\"@type\":\"EntryPoint\",\"urlTemplate\":\"https:\/\/1office.co\/sweden\/?s={search_term_string}\"},\"query-input\":{\"@type\":\"PropertyValueSpecification\",\"valueRequired\":true,\"valueName\":\"search_term_string\"}}],\"inLanguage\":\"et\"}]}<\/script>\n<!-- \/ Yoast SEO Premium plugin. -->","yoast_head_json":{"title":"Ettev\u00f5tte likvideerimine Rootsis - 1Office Sweden","robots":{"index":"index","follow":"follow","max-snippet":"max-snippet:-1","max-image-preview":"max-image-preview:large","max-video-preview":"max-video-preview:-1"},"canonical":"https:\/\/1office.co\/sweden\/et\/toode\/ettevotte-likvideerimine-rootsis\/","og_locale":"et_EE","og_type":"article","og_title":"Ettev\u00f5tte likvideerimine Rootsis","og_description":"1Office teenust kasutades on ettev\u00f5tte likvideerimine Rootsis v\u00e4ga lihtne. Protsess v\u00f5tab aega, kuid meie hoolitseme kogu protsessi eest.","og_url":"https:\/\/1office.co\/sweden\/et\/toode\/ettevotte-likvideerimine-rootsis\/","og_site_name":"1Office Sweden","article_modified_time":"2025-09-16T06:59:25+00:00","og_image":[{"width":640,"height":426,"url":"https:\/\/1office.co\/sweden\/wp-content\/uploads\/sites\/13\/2018\/10\/pexels-photo-277670.jpeg","type":"image\/jpeg"}],"twitter_card":"summary_large_image","twitter_misc":{"Est. reading time":"2 minutit"},"schema":{"@context":"https:\/\/schema.org","@graph":[{"@type":"WebPage","@id":"https:\/\/1office.co\/sweden\/et\/toode\/ettevotte-likvideerimine-rootsis\/","url":"https:\/\/1office.co\/sweden\/et\/toode\/ettevotte-likvideerimine-rootsis\/","name":"Ettev\u00f5tte likvideerimine Rootsis - 1Office Sweden","isPartOf":{"@id":"https:\/\/1office.co\/sweden\/#website"},"primaryImageOfPage":{"@id":"https:\/\/1office.co\/sweden\/et\/toode\/ettevotte-likvideerimine-rootsis\/#primaryimage"},"image":{"@id":"https:\/\/1office.co\/sweden\/et\/toode\/ettevotte-likvideerimine-rootsis\/#primaryimage"},"thumbnailUrl":"https:\/\/1office.co\/sweden\/wp-content\/uploads\/sites\/13\/2018\/10\/liqswe.png","datePublished":"2018-10-17T08:40:31+00:00","dateModified":"2025-09-16T06:59:25+00:00","breadcrumb":{"@id":"https:\/\/1office.co\/sweden\/et\/toode\/ettevotte-likvideerimine-rootsis\/#breadcrumb"},"inLanguage":"et","potentialAction":[{"@type":"ReadAction","target":["https:\/\/1office.co\/sweden\/et\/toode\/ettevotte-likvideerimine-rootsis\/"]}]},{"@type":"ImageObject","inLanguage":"et","@id":"https:\/\/1office.co\/sweden\/et\/toode\/ettevotte-likvideerimine-rootsis\/#primaryimage","url":"https:\/\/1office.co\/sweden\/wp-content\/uploads\/sites\/13\/2018\/10\/liqswe.png","contentUrl":"https:\/\/1office.co\/sweden\/wp-content\/uploads\/sites\/13\/2018\/10\/liqswe.png","width":500,"height":500,"caption":"Liquidation in Sweden"},{"@type":"BreadcrumbList","@id":"https:\/\/1office.co\/sweden\/et\/toode\/ettevotte-likvideerimine-rootsis\/#breadcrumb","itemListElement":[{"@type":"ListItem","position":1,"name":"Home","item":"https:\/\/1office.co\/sweden\/et\/"},{"@type":"ListItem","position":2,"name":"Tee \u00e4ri Rootsis","item":"https:\/\/1office.co\/sweden\/et\/teenused\/"},{"@type":"ListItem","position":3,"name":"Ettev\u00f5tte likvideerimine Rootsis"}]},{"@type":"WebSite","@id":"https:\/\/1office.co\/sweden\/#website","url":"https:\/\/1office.co\/sweden\/","name":"1Office Sweden","description":"Making Business Simple","potentialAction":[{"@type":"SearchAction","target":{"@type":"EntryPoint","urlTemplate":"https:\/\/1office.co\/sweden\/?s={search_term_string}"},"query-input":{"@type":"PropertyValueSpecification","valueRequired":true,"valueName":"search_term_string"}}],"inLanguage":"et"}]}},"_links":{"self":[{"href":"https:\/\/1office.co\/sweden\/et\/wp-json\/wp\/v2\/product\/58423","targetHints":{"allow":["GET"]}}],"collection":[{"href":"https:\/\/1office.co\/sweden\/et\/wp-json\/wp\/v2\/product"}],"about":[{"href":"https:\/\/1office.co\/sweden\/et\/wp-json\/wp\/v2\/types\/product"}],"wp:featuredmedia":[{"embeddable":true,"href":"https:\/\/1office.co\/sweden\/et\/wp-json\/wp\/v2\/media\/62844"}],"wp:attachment":[{"href":"https:\/\/1office.co\/sweden\/et\/wp-json\/wp\/v2\/media?parent=58423"}],"wp:term":[{"taxonomy":"product_brand","embeddable":true,"href":"https:\/\/1office.co\/sweden\/et\/wp-json\/wp\/v2\/product_brand?post=58423"},{"taxonomy":"product_cat","embeddable":true,"href":"https:\/\/1office.co\/sweden\/et\/wp-json\/wp\/v2\/product_cat?post=58423"},{"taxonomy":"product_tag","embeddable":true,"href":"https:\/\/1office.co\/sweden\/et\/wp-json\/wp\/v2\/product_tag?post=58423"}],"curies":[{"name":"wp","href":"https:\/\/api.w.org\/{rel}","templated":true}]}}