{"id":58813,"date":"2019-04-03T08:09:44","date_gmt":"2019-04-03T08:09:44","guid":{"rendered":"https:\/\/1office.co\/sweden\/product\/starting-package-for-a-foreign-company\/"},"modified":"2023-06-07T10:55:37","modified_gmt":"2023-06-07T10:55:37","slug":"valismaise-ettevottega-rootsis-ari-alustamine","status":"publish","type":"product","link":"https:\/\/1office.co\/sweden\/et\/toode\/valismaise-ettevottega-rootsis-ari-alustamine\/","title":{"rendered":"V\u00e4lismaise ettev\u00f5ttega Rootsis \u00e4ri alustamine"},"content":{"rendered":"<div class=\"wpb-content-wrapper\"><p>[vc_row][vc_column]<div id=\"advanced-tabs-desc-wrap-9967\" class=\"ult_tabs product_tabs\" style=\" \" data-tabsstyle=\"style1\"\n data-titlebg=\"#ffffff\" data-titlecolor=\"#b6b8ba\" data-fullheight=\"off\"\n data-titlehoverbg=\"#ffffff\" data-titlehovercolor=\"#1d1e23\"\n data-rotatetabs=\"0\" data-responsivemode=\"Both\" data-animation=\"Slide\"\ndata-activetitle=\"#1d1e23\" data-activeicon=\"\" data-activebg=\"#ffffff\"  data-respmode=\"Tabs\" data-respwidth=\"400\" data-scroll = \"on\" data-activeindex=\"1\"><ul id=advanced-tabs-wrap-4854 class=\"ult_tabmenu style1 \" style=\"\"><li class=\"ult_tab_li  \" data-iconcolor=\"#74777b\" data-iconhover=\"#ffffff\" style=\"background-color:#ffffff;border-color:transparent;border-width:0px;border-style:solid;border-top-right-radius:8px;\">\n\t\t\t\t\t<a href=\"#1512642751410-8d7ab-c11d\"  id=\"1512642751410-8d7ab-c11d\"  style=\"color:#b6b8ba;; padding:15px; \" class=\"ult_a  \">\n\t\t\t\t\t     <span class=\"ult_tab_main Both \">\n\t\t\t\t\t \t\t <span class=\"ult_tab_section\">\n\t\t\t\t\t   \t\t\t<span  data-ultimate-target='#advanced-tabs-wrap-4854 .ult-span-text'  data-responsive-json-new='{\"font-size\":\"desktop:14px;\",\"line-height\":\"\"}'  class=\"ult-span-text no_icon ult_tab_display_text ult-responsive\" style=\"font-weight:bold;;\">Kirjeldus<\/span>\n\t\t\t\t\t   \t\t<\/span>\n\t\t\t\t\t\t<\/span>\n\t\t\t\t\t<\/a>\n\t\t\t\t\t<\/li><\/ul><div  data-ultimate-target='#advanced-tabs-desc-wrap-9967 .ult_tabcontent .ult_tab_min_contain  p'  data-responsive-json-new='{\"font-size\":\"\",\"line-height\":\"\"}' class=\"ult_tabcontent ult-responsive style1\" style=\"color:#74777b;\"><div class=\"ult_tab_min_contain \" >\n\t\t\t<div  class=\"ult_tabitemname\"  >\n\t\t\t\t[vc_column_text]<\/p>\n<h2>Miks valida meid \u00e4ri alustamiseks Rootsis?<\/h2>\n<ul>\n<li>V\u00e4lismaa ettev\u00f5ttena Rootsis \u00e4ritegevusega alustades tekib enamasti kohustus registreerida ettev\u00f5te maksuametis ja taotleda mitmeid maksuregistreeringuid. Aitame teid k\u00f5igi vajalike registreeringutega nagu F-maksuregistreeringu, k\u00e4ibemaksunumbri ja t\u00f6\u00f6andjaks registreerimise taotlemistega.<\/li>\n<li>Paketis sisaldub ka Rootsi \u00e4riaadress koos postiteenusega. Rootsi \u00e4riaadressi omamine t\u00f5stab ettev\u00f5tte usaldusv\u00e4\u00e4rsust ning k\u00f5ik Rootsi ametiasutustest saabuvad kirjad j\u00f5uavad ilma viivituse ja probleemideta teieni, kuna postiteenus sisaldab kirjade vastuv\u00f5tmist ning edastamist.<\/li>\n<li>Kirju saab mugavalt avada ja lugeda ka my1Office&#8217;i \u00e4piga<\/li>\n<li>Pakume lisaks ka k\u00f5ikeh\u00f5lmavat ja automatiseeritud Rootsi raamatupidamisteenust ning stardipaketi hind sisaldab raamatupidamise teenuse alustustasu. P\u00e4rast seda v\u00e4ljastatakse arveid igakuiselt vastavalt t\u00f6\u00f6mahule, minimaalseks kuutasuks on 750 SEK. Saame pakkuda v\u00e4lismaa ettv\u00f5tetele erinevaid raamatupidamislahendusi.<\/li>\n<\/ul>\n<p>&nbsp;<\/p>\n<h2>Hinnas sisaldub:<\/h2>\n<ul>\n<li>Maksuregistreeringud v\u00e4lismaise taustaga ettev\u00f5ttele<\/li>\n<li>\u00c4riaadress koos postiteenusega \u00fcheks aastaks <span style=\"text-decoration: line-through;\">7080 SEK<\/span> <strong>3540 SEK<\/strong> &#8211; paketi ostmisel rakendub \u00e4riaadressi teenusele 50%-line soodustus. Aadressiteenus on perioodiline teenus ning <strong>soodushind kehtib ka igale j\u00e4rgnevale aastale.<\/strong><\/li>\n<li>Raamatupidamise teenuse alustustasu<\/li>\n<\/ul>\n<p>&nbsp;<\/p>\n<h2>Saadaval lisatasu eest:<\/h2>\n<ul>\n<li>Rootsi ameti\u00fchingutega liitumise koordineerimine &#8211; paljudel ettev\u00f5tetel tekib Rootsis tegutsedes ka kohustus liituda m\u00f5ne ameti\u00fchingu v\u00f5i t\u00f6\u00f6andjate liiduga. Vajadusel saame koordineerida ettev\u00f5tte liikmelisust erinevate ameti\u00fchingute v\u00f5i t\u00f6\u00f6andjate liitudega.<\/li>\n<li><a href=\"https:\/\/1office.co\/sweden\/et\/toode\/id06-ettevotte-registreerimine-isikutuvastus-ja-juhendamine\/\">ID06 teenus<\/a><\/li>\n<li><a href=\"https:\/\/1office.co\/sweden\/et\/toode\/konsultatsioon-ari-alustamine-rootsis\/\">Konsultatsioon<\/a><\/li>\n<\/ul>\n<p>&nbsp;<\/p>\n<h2>Oluline informatsioon:<\/h2>\n<ul>\n<li>Aadressi kehtivus on \u00fcks aasta.<\/li>\n<li>Aadress ei ole registris m\u00e4rgitud kui ettev\u00f5tte ametlik aadress.<\/li>\n<\/ul>\n<p>[\/vc_column_text]\n\t\t\t<\/div><\/div><\/div><\/div><div class=\"ult_acord advanced-tabs-desc-wrap-9967\">\n   <div class=\"ult-tabto-accordion \" style=\"width:;\"\n    data-titlecolor=\"#b6b8ba\"  data-titlebg=\"#ffffff\"\n     data-titlehoverbg=\"#ffffff\" data-titlehovercolor=\"#1d1e23\" data-animation=\"Slide\"\n     data-activetitle=\"#1d1e23\" data-activeicon=\"\" data-activebg=\"#ffffff\" data-scroll = \"on\" data-activeindex=\"1\" >\n     <dl><dt class=\"\">\n\t        \t<a class=\"ult-tabto-actitle withBorder ult_a \" id=\"1512642751410-8d7ab-c11d\" style=\"color:#b6b8ba;;background-color:#ffffff;border-bottom-color:transparent;border-bottom-width:0px;border-bottom-style:solid;\" href=\"#1512642751410-8d7ab-c11d\">\n\t        \t\t<i class=\"accordion-icon\"><\/i>\n\t        \t\t\t<span class=\"ult_tab_main ult_ac_main ult_noacordicnBoth\">\n\n\t\t\t\t\t\t<span  data-ultimate-target='#advanced-tabs-wrap-4854 .ult-span-text'  data-responsive-json-new='{\"font-size\":\"desktop:14px;\",\"line-height\":\"\"}'  class=\"ult-span-text no_icon ult_acordian-text ult-responsive\" style=\"font-weight:bold;;color:inherit \" >Kirjeldus<\/span>\n\t\t\t\t\t\t<\/span><\/a><\/dt>\n\t            \t\t<dd class=\"ult-tabto-accordionItem ult-tabto-accolapsed\">\n\t\t\t\t            <div class=\"ult-tabto-acontent\" style=\"color:#74777b;\">\n\t\t\t\t               [vc_column_text]<\/p>\n<h2>Miks valida meid \u00e4ri alustamiseks Rootsis?<\/h2>\n<ul>\n<li>V\u00e4lismaa ettev\u00f5ttena Rootsis \u00e4ritegevusega alustades tekib enamasti kohustus registreerida ettev\u00f5te maksuametis ja taotleda mitmeid maksuregistreeringuid. Aitame teid k\u00f5igi vajalike registreeringutega nagu F-maksuregistreeringu, k\u00e4ibemaksunumbri ja t\u00f6\u00f6andjaks registreerimise taotlemistega.<\/li>\n<li>Paketis sisaldub ka Rootsi \u00e4riaadress koos postiteenusega. Rootsi \u00e4riaadressi omamine t\u00f5stab ettev\u00f5tte usaldusv\u00e4\u00e4rsust ning k\u00f5ik Rootsi ametiasutustest saabuvad kirjad j\u00f5uavad ilma viivituse ja probleemideta teieni, kuna postiteenus sisaldab kirjade vastuv\u00f5tmist ning edastamist.<\/li>\n<li>Kirju saab mugavalt avada ja lugeda ka my1Office&#8217;i \u00e4piga<\/li>\n<li>Pakume lisaks ka k\u00f5ikeh\u00f5lmavat ja automatiseeritud Rootsi raamatupidamisteenust ning stardipaketi hind sisaldab raamatupidamise teenuse alustustasu. P\u00e4rast seda v\u00e4ljastatakse arveid igakuiselt vastavalt t\u00f6\u00f6mahule, minimaalseks kuutasuks on 750 SEK. Saame pakkuda v\u00e4lismaa ettv\u00f5tetele erinevaid raamatupidamislahendusi.<\/li>\n<\/ul>\n<p>&nbsp;<\/p>\n<h2>Hinnas sisaldub:<\/h2>\n<ul>\n<li>Maksuregistreeringud v\u00e4lismaise taustaga ettev\u00f5ttele<\/li>\n<li>\u00c4riaadress koos postiteenusega \u00fcheks aastaks <span style=\"text-decoration: line-through;\">7080 SEK<\/span> <strong>3540 SEK<\/strong> &#8211; paketi ostmisel rakendub \u00e4riaadressi teenusele 50%-line soodustus. Aadressiteenus on perioodiline teenus ning <strong>soodushind kehtib ka igale j\u00e4rgnevale aastale.<\/strong><\/li>\n<li>Raamatupidamise teenuse alustustasu<\/li>\n<\/ul>\n<p>&nbsp;<\/p>\n<h2>Saadaval lisatasu eest:<\/h2>\n<ul>\n<li>Rootsi ameti\u00fchingutega liitumise koordineerimine &#8211; paljudel ettev\u00f5tetel tekib Rootsis tegutsedes ka kohustus liituda m\u00f5ne ameti\u00fchingu v\u00f5i t\u00f6\u00f6andjate liiduga. Vajadusel saame koordineerida ettev\u00f5tte liikmelisust erinevate ameti\u00fchingute v\u00f5i t\u00f6\u00f6andjate liitudega.<\/li>\n<li><a href=\"https:\/\/1office.co\/sweden\/et\/toode\/id06-ettevotte-registreerimine-isikutuvastus-ja-juhendamine\/\">ID06 teenus<\/a><\/li>\n<li><a href=\"https:\/\/1office.co\/sweden\/et\/toode\/konsultatsioon-ari-alustamine-rootsis\/\">Konsultatsioon<\/a><\/li>\n<\/ul>\n<p>&nbsp;<\/p>\n<h2>Oluline informatsioon:<\/h2>\n<ul>\n<li>Aadressi kehtivus on \u00fcks aasta.<\/li>\n<li>Aadress ei ole registris m\u00e4rgitud kui ettev\u00f5tte ametlik aadress.<\/li>\n<\/ul>\n<p>[\/vc_column_text]\n\t\t\t\t            <\/div>\n\t        \t\t\t<\/dd>\n    \t<\/dl>\n    <!--<div class=\"extraborder\" style=\"background-color:#ffffff\"><\/div>-->\n<\/div>\n\n<\/div>[\/vc_column][\/vc_row]<\/p>\n<\/div>","protected":false},"excerpt":{"rendered":"<p>Kui soovid alustada \u00e4ri Rootsis enda olemasoleva v\u00e4lismaise taustaga ettev\u00f5ttega, on see pakett t\u00e4iuslik. Stardipaketti on kokku koondatud k\u00f5ik vajalikud teenused, mida \u00fchel v\u00e4lismaisel ettev\u00f5ttel Rootsis \u00e4riga alustamiseks vaja on.<\/p>\n","protected":false},"featured_media":60994,"template":"","meta":{"_acf_changed":false,"inline_featured_image":false},"product_brand":[],"product_cat":[308,309,307,310],"product_tag":[],"class_list":{"0":"post-58813","1":"product","2":"type-product","3":"status-publish","4":"has-post-thumbnail","6":"product_cat-ettevotte-alustamine","7":"product_cat-juriidilised-teenused","8":"product_cat-raamatupidamine","9":"product_cat-virtuaalkontor","10":"description-off","12":"first","13":"instock","14":"sale","15":"taxable","16":"shipping-taxable","17":"purchasable","18":"product-type-bundle"},"bundled_by":[],"bundle_stock_status":"instock","bundle_stock_quantity":"","bundle_virtual":false,"bundle_layout":"default","bundle_add_to_cart_form_location":"default","bundle_editable_in_cart":false,"bundle_sold_individually_context":"product","bundle_item_grouping":"parent","bundle_min_size":"","bundle_max_size":"","bundle_price":{"price":{"min":{"incl_tax":"9375","excl_tax":"7500"},"max":{"incl_tax":"9375","excl_tax":"7500"}},"regular_price":{"min":{"incl_tax":"9375","excl_tax":"7500"},"max":{"incl_tax":"9375","excl_tax":"7500"}}},"bundled_items":[{"bundled_item_id":15,"product_id":59480,"menu_order":0,"quantity_min":1,"quantity_max":1,"quantity_default":1,"priced_individually":true,"shipped_individually":true,"override_title":false,"title":"\u00c4riaadress Stockholmi kesklinnas","override_description":true,"description":"\u00c4riaadress Stockholmi kesklinnas","optional":false,"hide_thumbnail":false,"discount":"50","override_variations":false,"allowed_variations":[""],"override_default_variation_attributes":false,"default_variation_attributes":[],"single_product_visibility":"visible","cart_visibility":"visible","order_visibility":"visible","single_product_price_visibility":"hidden","cart_price_visibility":"hidden","order_price_visibility":"hidden","stock_status":"in_stock"},{"bundled_item_id":16,"product_id":57706,"menu_order":1,"quantity_min":1,"quantity_max":1,"quantity_default":1,"priced_individually":true,"shipped_individually":false,"override_title":false,"title":"Raamatupidamise alustustasu","override_description":false,"description":"Raamatupidamise alustustasu","optional":false,"hide_thumbnail":false,"discount":"","override_variations":false,"allowed_variations":[""],"override_default_variation_attributes":false,"default_variation_attributes":[],"single_product_visibility":"visible","cart_visibility":"visible","order_visibility":"visible","single_product_price_visibility":"hidden","cart_price_visibility":"hidden","order_price_visibility":"hidden","stock_status":"in_stock"}],"bundle_sell_ids":[],"acf":[],"yoast_head":"<!-- This site is optimized with the Yoast SEO Premium plugin v22.1 (Yoast SEO v27.0) - https:\/\/yoast.com\/product\/yoast-seo-premium-wordpress\/ -->\n<title>V\u00e4lismaise ettev\u00f5ttega Rootsis \u00e4ri alustamine | 1Office<\/title>\n<meta name=\"description\" content=\"\u00c4ri alustamine Rootsis sialdab: ettev\u00f5tte registreerimist maksuametis &amp; muid maksuregistreeringuid, postiteenusega \u00e4riaadressi ja raamatupidamisteenust.\" \/>\n<meta name=\"robots\" content=\"index, follow, max-snippet:-1, max-image-preview:large, max-video-preview:-1\" \/>\n<link rel=\"canonical\" href=\"https:\/\/1office.co\/sweden\/et\/toode\/valismaise-ettevottega-rootsis-ari-alustamine\/\" \/>\n<meta property=\"og:locale\" content=\"et_EE\" \/>\n<meta property=\"og:type\" content=\"article\" \/>\n<meta property=\"og:title\" content=\"V\u00e4lismaise ettev\u00f5ttega Rootsis \u00e4ri alustamine\" \/>\n<meta property=\"og:description\" content=\"\u00c4ri alustamine Rootsis sialdab: ettev\u00f5tte registreerimist maksuametis &amp; muid maksuregistreeringuid, postiteenusega \u00e4riaadressi ja raamatupidamisteenust.\" \/>\n<meta property=\"og:url\" content=\"https:\/\/1office.co\/sweden\/et\/toode\/valismaise-ettevottega-rootsis-ari-alustamine\/\" \/>\n<meta property=\"og:site_name\" content=\"1Office Sweden\" \/>\n<meta property=\"article:modified_time\" content=\"2023-06-07T10:55:37+00:00\" \/>\n<meta property=\"og:image\" content=\"https:\/\/1office.co\/sweden\/wp-content\/uploads\/sites\/13\/2019\/04\/building.png\" \/>\n\t<meta property=\"og:image:width\" content=\"1200\" \/>\n\t<meta property=\"og:image:height\" content=\"800\" \/>\n\t<meta property=\"og:image:type\" content=\"image\/png\" \/>\n<meta name=\"twitter:card\" content=\"summary_large_image\" \/>\n<meta name=\"twitter:label1\" content=\"Est. reading time\" \/>\n\t<meta name=\"twitter:data1\" content=\"1 minut\" \/>\n<script type=\"application\/ld+json\" class=\"yoast-schema-graph\">{\"@context\":\"https:\/\/schema.org\",\"@graph\":[{\"@type\":\"WebPage\",\"@id\":\"https:\/\/1office.co\/sweden\/et\/toode\/valismaise-ettevottega-rootsis-ari-alustamine\/\",\"url\":\"https:\/\/1office.co\/sweden\/et\/toode\/valismaise-ettevottega-rootsis-ari-alustamine\/\",\"name\":\"V\u00e4lismaise ettev\u00f5ttega Rootsis \u00e4ri alustamine | 1Office\",\"isPartOf\":{\"@id\":\"https:\/\/1office.co\/sweden\/#website\"},\"primaryImageOfPage\":{\"@id\":\"https:\/\/1office.co\/sweden\/et\/toode\/valismaise-ettevottega-rootsis-ari-alustamine\/#primaryimage\"},\"image\":{\"@id\":\"https:\/\/1office.co\/sweden\/et\/toode\/valismaise-ettevottega-rootsis-ari-alustamine\/#primaryimage\"},\"thumbnailUrl\":\"https:\/\/1office.co\/sweden\/wp-content\/uploads\/sites\/13\/2019\/04\/building.png\",\"datePublished\":\"2019-04-03T08:09:44+00:00\",\"dateModified\":\"2023-06-07T10:55:37+00:00\",\"description\":\"\u00c4ri alustamine Rootsis sialdab: ettev\u00f5tte registreerimist maksuametis & muid maksuregistreeringuid, postiteenusega \u00e4riaadressi ja raamatupidamisteenust.\",\"breadcrumb\":{\"@id\":\"https:\/\/1office.co\/sweden\/et\/toode\/valismaise-ettevottega-rootsis-ari-alustamine\/#breadcrumb\"},\"inLanguage\":\"et\",\"potentialAction\":[{\"@type\":\"ReadAction\",\"target\":[\"https:\/\/1office.co\/sweden\/et\/toode\/valismaise-ettevottega-rootsis-ari-alustamine\/\"]}]},{\"@type\":\"ImageObject\",\"inLanguage\":\"et\",\"@id\":\"https:\/\/1office.co\/sweden\/et\/toode\/valismaise-ettevottega-rootsis-ari-alustamine\/#primaryimage\",\"url\":\"https:\/\/1office.co\/sweden\/wp-content\/uploads\/sites\/13\/2019\/04\/building.png\",\"contentUrl\":\"https:\/\/1office.co\/sweden\/wp-content\/uploads\/sites\/13\/2019\/04\/building.png\",\"width\":1200,\"height\":800,\"caption\":\"Company Formations in Sweden\"},{\"@type\":\"BreadcrumbList\",\"@id\":\"https:\/\/1office.co\/sweden\/et\/toode\/valismaise-ettevottega-rootsis-ari-alustamine\/#breadcrumb\",\"itemListElement\":[{\"@type\":\"ListItem\",\"position\":1,\"name\":\"Home\",\"item\":\"https:\/\/1office.co\/sweden\/et\/\"},{\"@type\":\"ListItem\",\"position\":2,\"name\":\"Tee \u00e4ri Rootsis\",\"item\":\"https:\/\/1office.co\/sweden\/et\/teenused\/\"},{\"@type\":\"ListItem\",\"position\":3,\"name\":\"V\u00e4lismaise ettev\u00f5ttega Rootsis \u00e4ri alustamine\"}]},{\"@type\":\"WebSite\",\"@id\":\"https:\/\/1office.co\/sweden\/#website\",\"url\":\"https:\/\/1office.co\/sweden\/\",\"name\":\"1Office Sweden\",\"description\":\"Making Business Simple\",\"potentialAction\":[{\"@type\":\"SearchAction\",\"target\":{\"@type\":\"EntryPoint\",\"urlTemplate\":\"https:\/\/1office.co\/sweden\/?s={search_term_string}\"},\"query-input\":{\"@type\":\"PropertyValueSpecification\",\"valueRequired\":true,\"valueName\":\"search_term_string\"}}],\"inLanguage\":\"et\"}]}<\/script>\n<!-- \/ Yoast SEO Premium plugin. -->","yoast_head_json":{"title":"V\u00e4lismaise ettev\u00f5ttega Rootsis \u00e4ri alustamine | 1Office","description":"\u00c4ri alustamine Rootsis sialdab: ettev\u00f5tte registreerimist maksuametis & muid maksuregistreeringuid, postiteenusega \u00e4riaadressi ja raamatupidamisteenust.","robots":{"index":"index","follow":"follow","max-snippet":"max-snippet:-1","max-image-preview":"max-image-preview:large","max-video-preview":"max-video-preview:-1"},"canonical":"https:\/\/1office.co\/sweden\/et\/toode\/valismaise-ettevottega-rootsis-ari-alustamine\/","og_locale":"et_EE","og_type":"article","og_title":"V\u00e4lismaise ettev\u00f5ttega Rootsis \u00e4ri alustamine","og_description":"\u00c4ri alustamine Rootsis sialdab: ettev\u00f5tte registreerimist maksuametis & muid maksuregistreeringuid, postiteenusega \u00e4riaadressi ja raamatupidamisteenust.","og_url":"https:\/\/1office.co\/sweden\/et\/toode\/valismaise-ettevottega-rootsis-ari-alustamine\/","og_site_name":"1Office Sweden","article_modified_time":"2023-06-07T10:55:37+00:00","og_image":[{"width":1200,"height":800,"url":"https:\/\/1office.co\/sweden\/wp-content\/uploads\/sites\/13\/2019\/04\/building.png","type":"image\/png"}],"twitter_card":"summary_large_image","twitter_misc":{"Est. reading time":"1 minut"},"schema":{"@context":"https:\/\/schema.org","@graph":[{"@type":"WebPage","@id":"https:\/\/1office.co\/sweden\/et\/toode\/valismaise-ettevottega-rootsis-ari-alustamine\/","url":"https:\/\/1office.co\/sweden\/et\/toode\/valismaise-ettevottega-rootsis-ari-alustamine\/","name":"V\u00e4lismaise ettev\u00f5ttega Rootsis \u00e4ri alustamine | 1Office","isPartOf":{"@id":"https:\/\/1office.co\/sweden\/#website"},"primaryImageOfPage":{"@id":"https:\/\/1office.co\/sweden\/et\/toode\/valismaise-ettevottega-rootsis-ari-alustamine\/#primaryimage"},"image":{"@id":"https:\/\/1office.co\/sweden\/et\/toode\/valismaise-ettevottega-rootsis-ari-alustamine\/#primaryimage"},"thumbnailUrl":"https:\/\/1office.co\/sweden\/wp-content\/uploads\/sites\/13\/2019\/04\/building.png","datePublished":"2019-04-03T08:09:44+00:00","dateModified":"2023-06-07T10:55:37+00:00","description":"\u00c4ri alustamine Rootsis sialdab: ettev\u00f5tte registreerimist maksuametis & muid maksuregistreeringuid, postiteenusega \u00e4riaadressi ja raamatupidamisteenust.","breadcrumb":{"@id":"https:\/\/1office.co\/sweden\/et\/toode\/valismaise-ettevottega-rootsis-ari-alustamine\/#breadcrumb"},"inLanguage":"et","potentialAction":[{"@type":"ReadAction","target":["https:\/\/1office.co\/sweden\/et\/toode\/valismaise-ettevottega-rootsis-ari-alustamine\/"]}]},{"@type":"ImageObject","inLanguage":"et","@id":"https:\/\/1office.co\/sweden\/et\/toode\/valismaise-ettevottega-rootsis-ari-alustamine\/#primaryimage","url":"https:\/\/1office.co\/sweden\/wp-content\/uploads\/sites\/13\/2019\/04\/building.png","contentUrl":"https:\/\/1office.co\/sweden\/wp-content\/uploads\/sites\/13\/2019\/04\/building.png","width":1200,"height":800,"caption":"Company Formations in Sweden"},{"@type":"BreadcrumbList","@id":"https:\/\/1office.co\/sweden\/et\/toode\/valismaise-ettevottega-rootsis-ari-alustamine\/#breadcrumb","itemListElement":[{"@type":"ListItem","position":1,"name":"Home","item":"https:\/\/1office.co\/sweden\/et\/"},{"@type":"ListItem","position":2,"name":"Tee \u00e4ri Rootsis","item":"https:\/\/1office.co\/sweden\/et\/teenused\/"},{"@type":"ListItem","position":3,"name":"V\u00e4lismaise ettev\u00f5ttega Rootsis \u00e4ri alustamine"}]},{"@type":"WebSite","@id":"https:\/\/1office.co\/sweden\/#website","url":"https:\/\/1office.co\/sweden\/","name":"1Office Sweden","description":"Making Business Simple","potentialAction":[{"@type":"SearchAction","target":{"@type":"EntryPoint","urlTemplate":"https:\/\/1office.co\/sweden\/?s={search_term_string}"},"query-input":{"@type":"PropertyValueSpecification","valueRequired":true,"valueName":"search_term_string"}}],"inLanguage":"et"}]}},"_links":{"self":[{"href":"https:\/\/1office.co\/sweden\/et\/wp-json\/wp\/v2\/product\/58813","targetHints":{"allow":["GET"]}}],"collection":[{"href":"https:\/\/1office.co\/sweden\/et\/wp-json\/wp\/v2\/product"}],"about":[{"href":"https:\/\/1office.co\/sweden\/et\/wp-json\/wp\/v2\/types\/product"}],"wp:featuredmedia":[{"embeddable":true,"href":"https:\/\/1office.co\/sweden\/et\/wp-json\/wp\/v2\/media\/60994"}],"wp:attachment":[{"href":"https:\/\/1office.co\/sweden\/et\/wp-json\/wp\/v2\/media?parent=58813"}],"wp:term":[{"taxonomy":"product_brand","embeddable":true,"href":"https:\/\/1office.co\/sweden\/et\/wp-json\/wp\/v2\/product_brand?post=58813"},{"taxonomy":"product_cat","embeddable":true,"href":"https:\/\/1office.co\/sweden\/et\/wp-json\/wp\/v2\/product_cat?post=58813"},{"taxonomy":"product_tag","embeddable":true,"href":"https:\/\/1office.co\/sweden\/et\/wp-json\/wp\/v2\/product_tag?post=58813"}],"curies":[{"name":"wp","href":"https:\/\/api.w.org\/{rel}","templated":true}]}}