{"id":59480,"date":"2020-06-19T07:15:47","date_gmt":"2020-06-19T07:15:48","guid":{"rendered":"https:\/\/1office.co\/sweden\/?post_type=product&#038;p=59480"},"modified":"2023-06-07T11:52:18","modified_gmt":"2023-06-07T11:52:18","slug":"ariaadress-stockholmi-kesklinnas-aasta","status":"publish","type":"product","link":"https:\/\/1office.co\/sweden\/et\/toode\/ariaadress-stockholmi-kesklinnas-aasta\/","title":{"rendered":"\u00c4riaadress Stockholmi kesklinnas"},"content":{"rendered":"<div class=\"wpb-content-wrapper\"><p>[vc_row][vc_column]<div id=\"advanced-tabs-desc-wrap-2825\" class=\"ult_tabs product_tabs\" style=\" \" data-tabsstyle=\"style1\"\n data-titlebg=\"#ffffff\" data-titlecolor=\"#b6b8ba\" data-fullheight=\"off\"\n data-titlehoverbg=\"#ffffff\" data-titlehovercolor=\"#1d1e23\"\n data-rotatetabs=\"0\" data-responsivemode=\"Both\" data-animation=\"Slide\"\ndata-activetitle=\"#1d1e23\" data-activeicon=\"\" data-activebg=\"#ffffff\"  data-respmode=\"Tabs\" data-respwidth=\"400\" data-scroll = \"on\" data-activeindex=\"1\"><ul id=advanced-tabs-wrap-1639 class=\"ult_tabmenu style1 \" style=\"\"><li class=\"ult_tab_li  \" data-iconcolor=\"#74777b\" data-iconhover=\"#ffffff\" style=\"background-color:#ffffff;border-color:transparent;border-width:0px;border-style:solid;border-top-right-radius:8px;\">\n\t\t\t\t\t<a href=\"#1512642751410-8baea-301a\"  id=\"1512642751410-8baea-301a\"  style=\"color:#b6b8ba;; padding:15px; \" class=\"ult_a  \">\n\t\t\t\t\t     <span class=\"ult_tab_main Both \">\n\t\t\t\t\t \t\t <span class=\"ult_tab_section\">\n\t\t\t\t\t   \t\t\t<span  data-ultimate-target='#advanced-tabs-wrap-1639 .ult-span-text'  data-responsive-json-new='{\"font-size\":\"desktop:14px;\",\"line-height\":\"\"}'  class=\"ult-span-text no_icon ult_tab_display_text ult-responsive\" style=\"font-weight:bold;;\">Kirjeldus<\/span>\n\t\t\t\t\t   \t\t<\/span>\n\t\t\t\t\t\t<\/span>\n\t\t\t\t\t<\/a>\n\t\t\t\t\t<\/li><\/ul><div  data-ultimate-target='#advanced-tabs-desc-wrap-2825 .ult_tabcontent .ult_tab_min_contain  p'  data-responsive-json-new='{\"font-size\":\"\",\"line-height\":\"\"}' class=\"ult_tabcontent ult-responsive style1\" style=\"color:#74777b;\"><div class=\"ult_tab_min_contain \" >\n\t\t\t<div  class=\"ult_tabitemname\"  >\n\t\t\t\t[vc_column_text]Aadress on vajalik igale Rootsis registreeritud ettev\u00f5ttele kogu perioodi jooksul, mil ettev\u00f5te on registreeritud. Aadressiteenus on parim lahendus mitteresidentidele, kes on ettev\u00f5tte asutanud, kuid kelle kontor ei asu Rootsis. \u00c4riaadress kantakse sisse kohalikku \u00e4riregistrisse ning see on avalikult k\u00e4ttesaadav. Samuti saadetakse sellele aadressile ettev\u00f5tte ametlikud kirjad.<\/p>\n<p>1Office&#8217;i \u00e4riaadressi teenuse kaudu saate lihtsasti lugeda teie ettev\u00f5ttele saabunud kirju, kasutades mugavat my1Office&#8217;i \u00e4ppi. Saate kohe teavituse, kui my1Office&#8217;isse uus kiri lisatakse.<\/p>\n<p>&nbsp;<\/p>\n<p><strong>Hinnas sisaldub:<\/strong><\/p>\n<ul>\n<li>Juriidiline aadress ettev\u00f5tte registreerimiseks kohalikus \u00e4riregistris (Bolagsverket)<\/li>\n<li>Ettev\u00f5tte tegevusaadress posti k\u00e4ttesaamiseks<\/li>\n<li>Posti sorteerimine ning selle edastamine my1Office&#8217;isse<\/li>\n<li>Saabunud kirjade kohta teavitamine e-maili teel<\/li>\n<li>T\u00f6\u00f6 tegemise koht Stockholmi kesklinnas (Vajalik v\u00e4hemalt 72 h etteteatamine)<\/li>\n<li>Kontorivahendite kasutamine (printer ja sk\u00e4nner)<\/li>\n<li>Tasuta WiFi<\/li>\n<li>Kohv<\/li>\n<\/ul>\n<p><strong>Saadaval lisatasu eest:<\/strong><\/p>\n<ul>\n<li>Kui eelistate kirjade edastamist posti teel, lisandub hinnale postikulu ning sekret\u00e4rit\u00f6\u00f6 tasu (500 SEK\/h).<\/li>\n<li><a href=\"https:\/\/1office.co\/sweden\/et\/toode\/kontaktisik\/\">Kontaktisiku teenus<\/a><\/li>\n<li><a href=\"https:\/\/1office.co\/sweden\/product\/starting-business-in-sweden-consultation\/\">Konsultatsioon<\/a><\/li>\n<li><a href=\"https:\/\/1office.co\/sweden\/et\/toode\/raamatupidamise-teenus\/\">Raamatupidamine<\/a><\/li>\n<li><a href=\"https:\/\/1office.co\/sweden\/product\/annual-report\/\">Aastaaruanne<\/a><\/li>\n<\/ul>\n<p>&nbsp;<\/p>\n<p><strong>T\u00e4htis informatsioon:<\/strong><\/p>\n<ul>\n<li class=\"li1\">Teenus on perioodiline. Tasu j\u00e4rgmise aasta perioodi eest v\u00f5etakse krediitkaardilt automaatselt maha \u00fcks kuu enne uue kontaktisiku perioodi algust. J\u00e4rgmisel aastal saate teenust uuendada. Pakume teile v\u00f5imalust liituda ka meie \u00e4riaadressi teenusega:\n<ul>\n<li>6 kuud \u2013 kuutasu 690 SEK<\/li>\n<li>3 kuud \u2013 kuutasu 790 SEK<\/li>\n<\/ul>\n<\/li>\n<li class=\"li1\">Aastane teenuseperiood algab sellest kuup\u00e4evast, millal teenus osteti.<\/li>\n<li>Kui soovite kasutada meie kontoriruume, siis tuleb broneering teha v\u00e4hemalt 72 tundi varem.<\/li>\n<\/ul>\n<p>[\/vc_column_text]\n\t\t\t<\/div><\/div><\/div><\/div><div class=\"ult_acord advanced-tabs-desc-wrap-2825\">\n   <div class=\"ult-tabto-accordion \" style=\"width:;\"\n    data-titlecolor=\"#b6b8ba\"  data-titlebg=\"#ffffff\"\n     data-titlehoverbg=\"#ffffff\" data-titlehovercolor=\"#1d1e23\" data-animation=\"Slide\"\n     data-activetitle=\"#1d1e23\" data-activeicon=\"\" data-activebg=\"#ffffff\" data-scroll = \"on\" data-activeindex=\"1\" >\n     <dl><dt class=\"\">\n\t        \t<a class=\"ult-tabto-actitle withBorder ult_a \" id=\"1512642751410-8baea-301a\" style=\"color:#b6b8ba;;background-color:#ffffff;border-bottom-color:transparent;border-bottom-width:0px;border-bottom-style:solid;\" href=\"#1512642751410-8baea-301a\">\n\t        \t\t<i class=\"accordion-icon\"><\/i>\n\t        \t\t\t<span class=\"ult_tab_main ult_ac_main ult_noacordicnBoth\">\n\n\t\t\t\t\t\t<span  data-ultimate-target='#advanced-tabs-wrap-1639 .ult-span-text'  data-responsive-json-new='{\"font-size\":\"desktop:14px;\",\"line-height\":\"\"}'  class=\"ult-span-text no_icon ult_acordian-text ult-responsive\" style=\"font-weight:bold;;color:inherit \" >Kirjeldus<\/span>\n\t\t\t\t\t\t<\/span><\/a><\/dt>\n\t            \t\t<dd class=\"ult-tabto-accordionItem ult-tabto-accolapsed\">\n\t\t\t\t            <div class=\"ult-tabto-acontent\" style=\"color:#74777b;\">\n\t\t\t\t               [vc_column_text]Aadress on vajalik igale Rootsis registreeritud ettev\u00f5ttele kogu perioodi jooksul, mil ettev\u00f5te on registreeritud. Aadressiteenus on parim lahendus mitteresidentidele, kes on ettev\u00f5tte asutanud, kuid kelle kontor ei asu Rootsis. \u00c4riaadress kantakse sisse kohalikku \u00e4riregistrisse ning see on avalikult k\u00e4ttesaadav. Samuti saadetakse sellele aadressile ettev\u00f5tte ametlikud kirjad.<\/p>\n<p>1Office&#8217;i \u00e4riaadressi teenuse kaudu saate lihtsasti lugeda teie ettev\u00f5ttele saabunud kirju, kasutades mugavat my1Office&#8217;i \u00e4ppi. Saate kohe teavituse, kui my1Office&#8217;isse uus kiri lisatakse.<\/p>\n<p>&nbsp;<\/p>\n<p><strong>Hinnas sisaldub:<\/strong><\/p>\n<ul>\n<li>Juriidiline aadress ettev\u00f5tte registreerimiseks kohalikus \u00e4riregistris (Bolagsverket)<\/li>\n<li>Ettev\u00f5tte tegevusaadress posti k\u00e4ttesaamiseks<\/li>\n<li>Posti sorteerimine ning selle edastamine my1Office&#8217;isse<\/li>\n<li>Saabunud kirjade kohta teavitamine e-maili teel<\/li>\n<li>T\u00f6\u00f6 tegemise koht Stockholmi kesklinnas (Vajalik v\u00e4hemalt 72 h etteteatamine)<\/li>\n<li>Kontorivahendite kasutamine (printer ja sk\u00e4nner)<\/li>\n<li>Tasuta WiFi<\/li>\n<li>Kohv<\/li>\n<\/ul>\n<p><strong>Saadaval lisatasu eest:<\/strong><\/p>\n<ul>\n<li>Kui eelistate kirjade edastamist posti teel, lisandub hinnale postikulu ning sekret\u00e4rit\u00f6\u00f6 tasu (500 SEK\/h).<\/li>\n<li><a href=\"https:\/\/1office.co\/sweden\/et\/toode\/kontaktisik\/\">Kontaktisiku teenus<\/a><\/li>\n<li><a href=\"https:\/\/1office.co\/sweden\/product\/starting-business-in-sweden-consultation\/\">Konsultatsioon<\/a><\/li>\n<li><a href=\"https:\/\/1office.co\/sweden\/et\/toode\/raamatupidamise-teenus\/\">Raamatupidamine<\/a><\/li>\n<li><a href=\"https:\/\/1office.co\/sweden\/product\/annual-report\/\">Aastaaruanne<\/a><\/li>\n<\/ul>\n<p>&nbsp;<\/p>\n<p><strong>T\u00e4htis informatsioon:<\/strong><\/p>\n<ul>\n<li class=\"li1\">Teenus on perioodiline. Tasu j\u00e4rgmise aasta perioodi eest v\u00f5etakse krediitkaardilt automaatselt maha \u00fcks kuu enne uue kontaktisiku perioodi algust. J\u00e4rgmisel aastal saate teenust uuendada. Pakume teile v\u00f5imalust liituda ka meie \u00e4riaadressi teenusega:\n<ul>\n<li>6 kuud \u2013 kuutasu 690 SEK<\/li>\n<li>3 kuud \u2013 kuutasu 790 SEK<\/li>\n<\/ul>\n<\/li>\n<li class=\"li1\">Aastane teenuseperiood algab sellest kuup\u00e4evast, millal teenus osteti.<\/li>\n<li>Kui soovite kasutada meie kontoriruume, siis tuleb broneering teha v\u00e4hemalt 72 tundi varem.<\/li>\n<\/ul>\n<p>[\/vc_column_text]\n\t\t\t\t            <\/div>\n\t        \t\t\t<\/dd>\n    \t<\/dl>\n    <!--<div class=\"extraborder\" style=\"background-color:#ffffff\"><\/div>-->\n<\/div>\n\n<\/div>[\/vc_column][\/vc_row]<\/p>\n<\/div>","protected":false},"excerpt":{"rendered":"<p class=\"p1\">Iga Rootsis registreeritud ettev\u00f5te vajab kohalikku \u00e4riaadressi, mis kuvatakse kohalikus \u00e4riregistris. Enamasti ei tohi \u00e4riaadressiks olla eraelamu. 1Office&#8217;i aadressiteenus sisaldab ka v\u00f5imalust kasutada meie kontorit t\u00f6\u00f6 tegemiseks ja koosolekute pidamiseks. Kui liitute meie \u00e4riaadressi ja kontaktisiku teenustega, siis saate j\u00e4rgmise aasta \u00e4riaadressi maksumuselt 25% soodustust<\/p>\n","protected":false},"featured_media":53904,"template":"","meta":{"_acf_changed":false,"inline_featured_image":false},"product_brand":[],"product_cat":[351],"product_tag":[314],"class_list":{"0":"post-59480","1":"product","2":"type-product","3":"status-publish","4":"has-post-thumbnail","6":"product_cat-uncategorized-et","7":"product_tag-rootsi","8":"description-off","10":"first","11":"instock","12":"virtual","13":"taxable","14":"purchasable","15":"product-type-subscription"},"bundled_by":["58813","57793","62156"],"bundle_stock_status":"instock","bundle_stock_quantity":null,"bundle_virtual":false,"bundle_layout":"","bundle_add_to_cart_form_location":"","bundle_editable_in_cart":false,"bundle_sold_individually_context":"","bundle_item_grouping":"","bundle_min_size":"","bundle_max_size":"","bundle_price":[],"bundled_items":[],"bundle_sell_ids":[],"acf":[],"yoast_head":"<!-- This site is optimized with the Yoast SEO Premium plugin v22.1 (Yoast SEO v27.0) - https:\/\/yoast.com\/product\/yoast-seo-premium-wordpress\/ -->\n<title>\u00c4riaadress Stockholmi kesklinnas - 1Office Sweden<\/title>\n<meta name=\"description\" content=\"Iga Rootsis registreeritud ettev\u00f5te vajab kohalikku \u00e4riaadressi.\u00c4riaadress Stockholmi kesklinnas on see paindlik lahendus ettev\u00f5tetele, kelle jaoks pole f\u00fc\u00fcsilise kontori olemasolu vajalik v\u00f5i kelle kontor ei asu Stockholmis.\" \/>\n<meta name=\"robots\" content=\"noindex, nofollow\" \/>\n<meta property=\"og:locale\" content=\"et_EE\" \/>\n<meta property=\"og:type\" content=\"article\" \/>\n<meta property=\"og:title\" content=\"\u00c4riaadress Stockholmi kesklinnas\" \/>\n<meta property=\"og:description\" content=\"Iga Rootsis registreeritud ettev\u00f5te vajab kohalikku \u00e4riaadressi.\u00c4riaadress Stockholmi kesklinnas on see paindlik lahendus ettev\u00f5tetele, kelle jaoks pole f\u00fc\u00fcsilise kontori olemasolu vajalik v\u00f5i kelle kontor ei asu Stockholmis.\" \/>\n<meta property=\"og:url\" content=\"https:\/\/1office.co\/sweden\/et\/toode\/ariaadress-stockholmi-kesklinnas-aasta\/\" \/>\n<meta property=\"og:site_name\" content=\"1Office Sweden\" \/>\n<meta property=\"article:modified_time\" content=\"2023-06-07T11:52:18+00:00\" \/>\n<meta property=\"og:image\" content=\"https:\/\/1office.co\/sweden\/wp-content\/uploads\/sites\/13\/2017\/08\/virtual-office.jpg\" \/>\n\t<meta property=\"og:image:width\" content=\"800\" \/>\n\t<meta property=\"og:image:height\" content=\"533\" \/>\n\t<meta property=\"og:image:type\" content=\"image\/jpeg\" \/>\n<meta name=\"twitter:card\" content=\"summary_large_image\" \/>\n<meta name=\"twitter:label1\" content=\"Est. reading time\" \/>\n\t<meta name=\"twitter:data1\" content=\"1 minut\" \/>\n<script type=\"application\/ld+json\" class=\"yoast-schema-graph\">{\"@context\":\"https:\/\/schema.org\",\"@graph\":[{\"@type\":\"WebPage\",\"@id\":\"https:\/\/1office.co\/sweden\/et\/toode\/ariaadress-stockholmi-kesklinnas-aasta\/\",\"url\":\"https:\/\/1office.co\/sweden\/et\/toode\/ariaadress-stockholmi-kesklinnas-aasta\/\",\"name\":\"\u00c4riaadress Stockholmi kesklinnas - 1Office Sweden\",\"isPartOf\":{\"@id\":\"https:\/\/1office.co\/sweden\/#website\"},\"primaryImageOfPage\":{\"@id\":\"https:\/\/1office.co\/sweden\/et\/toode\/ariaadress-stockholmi-kesklinnas-aasta\/#primaryimage\"},\"image\":{\"@id\":\"https:\/\/1office.co\/sweden\/et\/toode\/ariaadress-stockholmi-kesklinnas-aasta\/#primaryimage\"},\"thumbnailUrl\":\"https:\/\/1office.co\/sweden\/wp-content\/uploads\/sites\/13\/2017\/08\/virtual-office.jpg\",\"datePublished\":\"2020-06-19T07:15:48+00:00\",\"dateModified\":\"2023-06-07T11:52:18+00:00\",\"description\":\"Iga Rootsis registreeritud ettev\u00f5te vajab kohalikku \u00e4riaadressi.\u00c4riaadress Stockholmi kesklinnas on see paindlik lahendus ettev\u00f5tetele, kelle jaoks pole f\u00fc\u00fcsilise kontori olemasolu vajalik v\u00f5i kelle kontor ei asu Stockholmis.\",\"breadcrumb\":{\"@id\":\"https:\/\/1office.co\/sweden\/et\/toode\/ariaadress-stockholmi-kesklinnas-aasta\/#breadcrumb\"},\"inLanguage\":\"et\",\"potentialAction\":[{\"@type\":\"ReadAction\",\"target\":[\"https:\/\/1office.co\/sweden\/et\/toode\/ariaadress-stockholmi-kesklinnas-aasta\/\"]}]},{\"@type\":\"ImageObject\",\"inLanguage\":\"et\",\"@id\":\"https:\/\/1office.co\/sweden\/et\/toode\/ariaadress-stockholmi-kesklinnas-aasta\/#primaryimage\",\"url\":\"https:\/\/1office.co\/sweden\/wp-content\/uploads\/sites\/13\/2017\/08\/virtual-office.jpg\",\"contentUrl\":\"https:\/\/1office.co\/sweden\/wp-content\/uploads\/sites\/13\/2017\/08\/virtual-office.jpg\",\"width\":800,\"height\":533,\"caption\":\"Legal address Stockholm\"},{\"@type\":\"BreadcrumbList\",\"@id\":\"https:\/\/1office.co\/sweden\/et\/toode\/ariaadress-stockholmi-kesklinnas-aasta\/#breadcrumb\",\"itemListElement\":[{\"@type\":\"ListItem\",\"position\":1,\"name\":\"Home\",\"item\":\"https:\/\/1office.co\/sweden\/et\/\"},{\"@type\":\"ListItem\",\"position\":2,\"name\":\"Tee \u00e4ri Rootsis\",\"item\":\"https:\/\/1office.co\/sweden\/et\/teenused\/\"},{\"@type\":\"ListItem\",\"position\":3,\"name\":\"\u00c4riaadress Stockholmi kesklinnas\"}]},{\"@type\":\"WebSite\",\"@id\":\"https:\/\/1office.co\/sweden\/#website\",\"url\":\"https:\/\/1office.co\/sweden\/\",\"name\":\"1Office Sweden\",\"description\":\"Making Business Simple\",\"potentialAction\":[{\"@type\":\"SearchAction\",\"target\":{\"@type\":\"EntryPoint\",\"urlTemplate\":\"https:\/\/1office.co\/sweden\/?s={search_term_string}\"},\"query-input\":{\"@type\":\"PropertyValueSpecification\",\"valueRequired\":true,\"valueName\":\"search_term_string\"}}],\"inLanguage\":\"et\"}]}<\/script>\n<!-- \/ Yoast SEO Premium plugin. -->","yoast_head_json":{"title":"\u00c4riaadress Stockholmi kesklinnas - 1Office Sweden","description":"Iga Rootsis registreeritud ettev\u00f5te vajab kohalikku \u00e4riaadressi.\u00c4riaadress Stockholmi kesklinnas on see paindlik lahendus ettev\u00f5tetele, kelle jaoks pole f\u00fc\u00fcsilise kontori olemasolu vajalik v\u00f5i kelle kontor ei asu Stockholmis.","robots":{"index":"noindex","follow":"nofollow"},"og_locale":"et_EE","og_type":"article","og_title":"\u00c4riaadress Stockholmi kesklinnas","og_description":"Iga Rootsis registreeritud ettev\u00f5te vajab kohalikku \u00e4riaadressi.\u00c4riaadress Stockholmi kesklinnas on see paindlik lahendus ettev\u00f5tetele, kelle jaoks pole f\u00fc\u00fcsilise kontori olemasolu vajalik v\u00f5i kelle kontor ei asu Stockholmis.","og_url":"https:\/\/1office.co\/sweden\/et\/toode\/ariaadress-stockholmi-kesklinnas-aasta\/","og_site_name":"1Office Sweden","article_modified_time":"2023-06-07T11:52:18+00:00","og_image":[{"width":800,"height":533,"url":"https:\/\/1office.co\/sweden\/wp-content\/uploads\/sites\/13\/2017\/08\/virtual-office.jpg","type":"image\/jpeg"}],"twitter_card":"summary_large_image","twitter_misc":{"Est. reading time":"1 minut"},"schema":{"@context":"https:\/\/schema.org","@graph":[{"@type":"WebPage","@id":"https:\/\/1office.co\/sweden\/et\/toode\/ariaadress-stockholmi-kesklinnas-aasta\/","url":"https:\/\/1office.co\/sweden\/et\/toode\/ariaadress-stockholmi-kesklinnas-aasta\/","name":"\u00c4riaadress Stockholmi kesklinnas - 1Office Sweden","isPartOf":{"@id":"https:\/\/1office.co\/sweden\/#website"},"primaryImageOfPage":{"@id":"https:\/\/1office.co\/sweden\/et\/toode\/ariaadress-stockholmi-kesklinnas-aasta\/#primaryimage"},"image":{"@id":"https:\/\/1office.co\/sweden\/et\/toode\/ariaadress-stockholmi-kesklinnas-aasta\/#primaryimage"},"thumbnailUrl":"https:\/\/1office.co\/sweden\/wp-content\/uploads\/sites\/13\/2017\/08\/virtual-office.jpg","datePublished":"2020-06-19T07:15:48+00:00","dateModified":"2023-06-07T11:52:18+00:00","description":"Iga Rootsis registreeritud ettev\u00f5te vajab kohalikku \u00e4riaadressi.\u00c4riaadress Stockholmi kesklinnas on see paindlik lahendus ettev\u00f5tetele, kelle jaoks pole f\u00fc\u00fcsilise kontori olemasolu vajalik v\u00f5i kelle kontor ei asu Stockholmis.","breadcrumb":{"@id":"https:\/\/1office.co\/sweden\/et\/toode\/ariaadress-stockholmi-kesklinnas-aasta\/#breadcrumb"},"inLanguage":"et","potentialAction":[{"@type":"ReadAction","target":["https:\/\/1office.co\/sweden\/et\/toode\/ariaadress-stockholmi-kesklinnas-aasta\/"]}]},{"@type":"ImageObject","inLanguage":"et","@id":"https:\/\/1office.co\/sweden\/et\/toode\/ariaadress-stockholmi-kesklinnas-aasta\/#primaryimage","url":"https:\/\/1office.co\/sweden\/wp-content\/uploads\/sites\/13\/2017\/08\/virtual-office.jpg","contentUrl":"https:\/\/1office.co\/sweden\/wp-content\/uploads\/sites\/13\/2017\/08\/virtual-office.jpg","width":800,"height":533,"caption":"Legal address Stockholm"},{"@type":"BreadcrumbList","@id":"https:\/\/1office.co\/sweden\/et\/toode\/ariaadress-stockholmi-kesklinnas-aasta\/#breadcrumb","itemListElement":[{"@type":"ListItem","position":1,"name":"Home","item":"https:\/\/1office.co\/sweden\/et\/"},{"@type":"ListItem","position":2,"name":"Tee \u00e4ri Rootsis","item":"https:\/\/1office.co\/sweden\/et\/teenused\/"},{"@type":"ListItem","position":3,"name":"\u00c4riaadress Stockholmi kesklinnas"}]},{"@type":"WebSite","@id":"https:\/\/1office.co\/sweden\/#website","url":"https:\/\/1office.co\/sweden\/","name":"1Office Sweden","description":"Making Business Simple","potentialAction":[{"@type":"SearchAction","target":{"@type":"EntryPoint","urlTemplate":"https:\/\/1office.co\/sweden\/?s={search_term_string}"},"query-input":{"@type":"PropertyValueSpecification","valueRequired":true,"valueName":"search_term_string"}}],"inLanguage":"et"}]}},"_links":{"self":[{"href":"https:\/\/1office.co\/sweden\/et\/wp-json\/wp\/v2\/product\/59480","targetHints":{"allow":["GET"]}}],"collection":[{"href":"https:\/\/1office.co\/sweden\/et\/wp-json\/wp\/v2\/product"}],"about":[{"href":"https:\/\/1office.co\/sweden\/et\/wp-json\/wp\/v2\/types\/product"}],"wp:featuredmedia":[{"embeddable":true,"href":"https:\/\/1office.co\/sweden\/et\/wp-json\/wp\/v2\/media\/53904"}],"wp:attachment":[{"href":"https:\/\/1office.co\/sweden\/et\/wp-json\/wp\/v2\/media?parent=59480"}],"wp:term":[{"taxonomy":"product_brand","embeddable":true,"href":"https:\/\/1office.co\/sweden\/et\/wp-json\/wp\/v2\/product_brand?post=59480"},{"taxonomy":"product_cat","embeddable":true,"href":"https:\/\/1office.co\/sweden\/et\/wp-json\/wp\/v2\/product_cat?post=59480"},{"taxonomy":"product_tag","embeddable":true,"href":"https:\/\/1office.co\/sweden\/et\/wp-json\/wp\/v2\/product_tag?post=59480"}],"curies":[{"name":"wp","href":"https:\/\/api.w.org\/{rel}","templated":true}]}}