{"id":59484,"date":"2020-06-19T07:27:09","date_gmt":"2020-06-19T07:27:10","guid":{"rendered":"https:\/\/1office.co\/sweden\/?post_type=product&#038;p=59484"},"modified":"2025-12-19T09:00:29","modified_gmt":"2025-12-19T09:00:29","slug":"kontaktisik-rootsis","status":"publish","type":"product","link":"https:\/\/1office.co\/sweden\/et\/toode\/kontaktisik-rootsis\/","title":{"rendered":"Kontaktisik Rootsis"},"content":{"rendered":"<div class=\"wpb-content-wrapper\"><p>[vc_row][vc_column]<div id=\"advanced-tabs-desc-wrap-6954\" class=\"ult_tabs product_tabs\" style=\" \" data-tabsstyle=\"style1\"\n data-titlebg=\"#ffffff\" data-titlecolor=\"#b6b8ba\" data-fullheight=\"off\"\n data-titlehoverbg=\"#ffffff\" data-titlehovercolor=\"#1d1e23\"\n data-rotatetabs=\"0\" data-responsivemode=\"Both\" data-animation=\"Slide\"\ndata-activetitle=\"#1d1e23\" data-activeicon=\"\" data-activebg=\"#ffffff\"  data-respmode=\"Tabs\" data-respwidth=\"400\" data-scroll = \"on\" data-activeindex=\"1\"><ul id=advanced-tabs-wrap-3138 class=\"ult_tabmenu style1 \" style=\"\"><li class=\"ult_tab_li  \" data-iconcolor=\"#74777b\" data-iconhover=\"#ffffff\" style=\"background-color:#ffffff;border-color:transparent;border-width:0px;border-style:solid;border-top-right-radius:8px;\">\n\t\t\t\t\t<a href=\"#1512642751410-8d7ab-c11d\"  id=\"1512642751410-8d7ab-c11d\"  style=\"color:#b6b8ba;; padding:15px; \" class=\"ult_a  \">\n\t\t\t\t\t     <span class=\"ult_tab_main Both \">\n\t\t\t\t\t \t\t <span class=\"ult_tab_section\">\n\t\t\t\t\t   \t\t\t<span  data-ultimate-target='#advanced-tabs-wrap-3138 .ult-span-text'  data-responsive-json-new='{\"font-size\":\"desktop:14px;\",\"line-height\":\"\"}'  class=\"ult-span-text no_icon ult_tab_display_text ult-responsive\" style=\"font-weight:bold;;\">Kirjeldus<\/span>\n\t\t\t\t\t   \t\t<\/span>\n\t\t\t\t\t\t<\/span>\n\t\t\t\t\t<\/a>\n\t\t\t\t\t<\/li><\/ul><div  data-ultimate-target='#advanced-tabs-desc-wrap-6954 .ult_tabcontent .ult_tab_min_contain  p'  data-responsive-json-new='{\"font-size\":\"\",\"line-height\":\"\"}' class=\"ult_tabcontent ult-responsive style1\" style=\"color:#74777b;\"><div class=\"ult_tab_min_contain \" >\n\t\t\t<div  class=\"ult_tabitemname\"  >\n\t\t\t\t[vc_column_text]Kontaktisiku olemasolu on vajalik ettev\u00f5tte registreerimisel \u00e4riregistrisse. Juriidiline kontaktisik ei oma mingisugust \u00f5igust ettev\u00f5tte esindamiseks, samuti ei saa ta ligip\u00e4\u00e4su ettev\u00f5tte andmetele ning tal ei ole ettev\u00f5ttega seonduvaid kohustusi v\u00f5i vastutust. Juhul kui ametiasutustel ei \u00f5nnestu \u00fchendust saada mitte \u00fchegi juhatuse liikmega, toimetatakse alles siis info kontaktisikuni.<\/p>\n<p><strong>Hinnas sisaldub:<\/strong><\/p>\n<ul>\n<li>Kontaktisik \u00fcheks aastaks<\/li>\n<\/ul>\n<p><strong>Saadaval lisatasu eest:<\/strong><\/p>\n<ul>\n<li><a href=\"https:\/\/1office.co\/sweden\/et\/toode\/ariaadress-stockholmi-kesklinnas-aasta\/\" target=\"_blank\" rel=\"noopener noreferrer\">\u00c4riaadress<\/a> ettev\u00f5tte registreerimiseks kohalikus \u00e4riregistris (Bolagsverket) ja posti vastuv\u00f5tmiseks<\/li>\n<\/ul>\n<p><strong>T\u00e4htis informatsioon:<\/strong><\/p>\n<ul>\n<li>Pakume kontaktisiku teenust vaid nendele ettev\u00f5tetele, kes kasutavad ka meie raamatupidamisteenust.<\/li>\n<li class=\"li1\">Teenus on perioodiline. Tasu j\u00e4rgmise aasta perioodi eest v\u00f5etakse krediitkaardilt automaatselt maha \u00fcks kuu enne uue perioodi algust.<\/li>\n<li class=\"li1\">Aastane teenuseperiood algab sellest kuup\u00e4evast, millal teenus osteti.<\/li>\n<\/ul>\n<p>[\/vc_column_text]\n\t\t\t<\/div><\/div><\/div><\/div><div class=\"ult_acord advanced-tabs-desc-wrap-6954\">\n   <div class=\"ult-tabto-accordion \" style=\"width:;\"\n    data-titlecolor=\"#b6b8ba\"  data-titlebg=\"#ffffff\"\n     data-titlehoverbg=\"#ffffff\" data-titlehovercolor=\"#1d1e23\" data-animation=\"Slide\"\n     data-activetitle=\"#1d1e23\" data-activeicon=\"\" data-activebg=\"#ffffff\" data-scroll = \"on\" data-activeindex=\"1\" >\n     <dl><dt class=\"\">\n\t        \t<a class=\"ult-tabto-actitle withBorder ult_a \" id=\"1512642751410-8d7ab-c11d\" style=\"color:#b6b8ba;;background-color:#ffffff;border-bottom-color:transparent;border-bottom-width:0px;border-bottom-style:solid;\" href=\"#1512642751410-8d7ab-c11d\">\n\t        \t\t<i class=\"accordion-icon\"><\/i>\n\t        \t\t\t<span class=\"ult_tab_main ult_ac_main ult_noacordicnBoth\">\n\n\t\t\t\t\t\t<span  data-ultimate-target='#advanced-tabs-wrap-3138 .ult-span-text'  data-responsive-json-new='{\"font-size\":\"desktop:14px;\",\"line-height\":\"\"}'  class=\"ult-span-text no_icon ult_acordian-text ult-responsive\" style=\"font-weight:bold;;color:inherit \" >Kirjeldus<\/span>\n\t\t\t\t\t\t<\/span><\/a><\/dt>\n\t            \t\t<dd class=\"ult-tabto-accordionItem ult-tabto-accolapsed\">\n\t\t\t\t            <div class=\"ult-tabto-acontent\" style=\"color:#74777b;\">\n\t\t\t\t               [vc_column_text]Kontaktisiku olemasolu on vajalik ettev\u00f5tte registreerimisel \u00e4riregistrisse. Juriidiline kontaktisik ei oma mingisugust \u00f5igust ettev\u00f5tte esindamiseks, samuti ei saa ta ligip\u00e4\u00e4su ettev\u00f5tte andmetele ning tal ei ole ettev\u00f5ttega seonduvaid kohustusi v\u00f5i vastutust. Juhul kui ametiasutustel ei \u00f5nnestu \u00fchendust saada mitte \u00fchegi juhatuse liikmega, toimetatakse alles siis info kontaktisikuni.<\/p>\n<p><strong>Hinnas sisaldub:<\/strong><\/p>\n<ul>\n<li>Kontaktisik \u00fcheks aastaks<\/li>\n<\/ul>\n<p><strong>Saadaval lisatasu eest:<\/strong><\/p>\n<ul>\n<li><a href=\"https:\/\/1office.co\/sweden\/et\/toode\/ariaadress-stockholmi-kesklinnas-aasta\/\" target=\"_blank\" rel=\"noopener noreferrer\">\u00c4riaadress<\/a> ettev\u00f5tte registreerimiseks kohalikus \u00e4riregistris (Bolagsverket) ja posti vastuv\u00f5tmiseks<\/li>\n<\/ul>\n<p><strong>T\u00e4htis informatsioon:<\/strong><\/p>\n<ul>\n<li>Pakume kontaktisiku teenust vaid nendele ettev\u00f5tetele, kes kasutavad ka meie raamatupidamisteenust.<\/li>\n<li class=\"li1\">Teenus on perioodiline. Tasu j\u00e4rgmise aasta perioodi eest v\u00f5etakse krediitkaardilt automaatselt maha \u00fcks kuu enne uue perioodi algust.<\/li>\n<li class=\"li1\">Aastane teenuseperiood algab sellest kuup\u00e4evast, millal teenus osteti.<\/li>\n<\/ul>\n<p>[\/vc_column_text]\n\t\t\t\t            <\/div>\n\t        \t\t\t<\/dd>\n    \t<\/dl>\n    <!--<div class=\"extraborder\" style=\"background-color:#ffffff\"><\/div>-->\n<\/div>\n\n<\/div>[\/vc_column][\/vc_row]<\/p>\n<\/div>","protected":false},"excerpt":{"rendered":"<p>Iga Rootsi ettev\u00f5te, kelle \u00fchelgi juhatuse liikmel pole Rootsi alalist isikukoodi ja ei ela alaliselt Rootsis, peab m\u00e4\u00e4rama kontaktisiku.<\/p>\n<p>Selle teenuse hind, 6900 SEK, on \u200b\u200bainult koos meie raamatupidamisteenusega. K\u00fcsi personaalset pakkumist v\u00f5i osta meie raamatupidamisteenus <a href=\"https:\/\/1office.co\/sweden\/et\/toode\/raamatupidamise-teenus\/\" target=\"_blank\" rel=\"noopener\">siit<\/a>.<\/p>\n<p><strong>Teenuse hind <span style=\"text-decoration: underline;\">eraldi<\/span> ostes on 7900 SEK.<\/strong><\/p>\n","protected":false},"featured_media":58112,"template":"","meta":{"_acf_changed":false,"inline_featured_image":false},"product_brand":[],"product_cat":[308,310],"product_tag":[314],"class_list":{"0":"post-59484","1":"product","2":"type-product","3":"status-publish","4":"has-post-thumbnail","6":"product_cat-ettevotte-alustamine","7":"product_cat-virtuaalkontor","8":"product_tag-rootsi","9":"description-off","11":"first","12":"instock","13":"virtual","14":"taxable","15":"purchasable","16":"product-type-subscription"},"bundled_by":["57793","62156"],"bundle_stock_status":"instock","bundle_stock_quantity":null,"bundle_virtual":false,"bundle_layout":"","bundle_add_to_cart_form_location":"","bundle_editable_in_cart":false,"bundle_sold_individually_context":"","bundle_item_grouping":"","bundle_min_size":"","bundle_max_size":"","bundle_price":[],"bundled_items":[],"bundle_sell_ids":[],"acf":[],"yoast_head":"<!-- This site is optimized with the Yoast SEO Premium plugin v22.1 (Yoast SEO v27.0) - https:\/\/yoast.com\/product\/yoast-seo-premium-wordpress\/ -->\n<title>Kontaktisik Rootsis - 1Office Sweden<\/title>\n<meta name=\"description\" content=\"Juriidiline kontaktisik on ettev\u00f5tte registreerimiseks kohustuslik juhul, kui \u00fchelgi juhatuseliikmel ei ole Rootsi isikukoodi, Juhul, kui ametiasutustel ei \u00f5nnestu \u00fchendust saada \u00fchegi juhatuse liikmega, toimetatakse info just selle kontaktisikuni.\" \/>\n<meta name=\"robots\" content=\"index, follow, max-snippet:-1, max-image-preview:large, max-video-preview:-1\" \/>\n<link rel=\"canonical\" href=\"https:\/\/1office.co\/sweden\/et\/toode\/kontaktisik-rootsis\/\" \/>\n<meta property=\"og:locale\" content=\"et_EE\" \/>\n<meta property=\"og:type\" content=\"article\" \/>\n<meta property=\"og:title\" content=\"Kontaktisik Rootsis\" \/>\n<meta property=\"og:description\" content=\"Juriidiline kontaktisik on ettev\u00f5tte registreerimiseks kohustuslik juhul, kui \u00fchelgi juhatuseliikmel ei ole Rootsi isikukoodi, Juhul, kui ametiasutustel ei \u00f5nnestu \u00fchendust saada \u00fchegi juhatuse liikmega, toimetatakse info just selle kontaktisikuni.\" \/>\n<meta property=\"og:url\" content=\"https:\/\/1office.co\/sweden\/et\/toode\/kontaktisik-rootsis\/\" \/>\n<meta property=\"og:site_name\" content=\"1Office Sweden\" \/>\n<meta property=\"article:modified_time\" content=\"2025-12-19T09:00:29+00:00\" \/>\n<meta property=\"og:image\" content=\"https:\/\/1office.co\/sweden\/wp-content\/uploads\/sites\/13\/2017\/08\/FP7TZ9HQO0-e1594811113500.jpg\" \/>\n\t<meta property=\"og:image:width\" content=\"960\" \/>\n\t<meta property=\"og:image:height\" content=\"755\" \/>\n\t<meta property=\"og:image:type\" content=\"image\/jpeg\" \/>\n<meta name=\"twitter:card\" content=\"summary_large_image\" \/>\n<meta name=\"twitter:label1\" content=\"Est. reading time\" \/>\n\t<meta name=\"twitter:data1\" content=\"1 minut\" \/>\n<script type=\"application\/ld+json\" class=\"yoast-schema-graph\">{\"@context\":\"https:\/\/schema.org\",\"@graph\":[{\"@type\":\"WebPage\",\"@id\":\"https:\/\/1office.co\/sweden\/et\/toode\/kontaktisik-rootsis\/\",\"url\":\"https:\/\/1office.co\/sweden\/et\/toode\/kontaktisik-rootsis\/\",\"name\":\"Kontaktisik Rootsis - 1Office Sweden\",\"isPartOf\":{\"@id\":\"https:\/\/1office.co\/sweden\/#website\"},\"primaryImageOfPage\":{\"@id\":\"https:\/\/1office.co\/sweden\/et\/toode\/kontaktisik-rootsis\/#primaryimage\"},\"image\":{\"@id\":\"https:\/\/1office.co\/sweden\/et\/toode\/kontaktisik-rootsis\/#primaryimage\"},\"thumbnailUrl\":\"https:\/\/1office.co\/sweden\/wp-content\/uploads\/sites\/13\/2017\/08\/FP7TZ9HQO0-e1594811113500.jpg\",\"datePublished\":\"2020-06-19T07:27:10+00:00\",\"dateModified\":\"2025-12-19T09:00:29+00:00\",\"description\":\"Juriidiline kontaktisik on ettev\u00f5tte registreerimiseks kohustuslik juhul, kui \u00fchelgi juhatuseliikmel ei ole Rootsi isikukoodi, Juhul, kui ametiasutustel ei \u00f5nnestu \u00fchendust saada \u00fchegi juhatuse liikmega, toimetatakse info just selle kontaktisikuni.\",\"breadcrumb\":{\"@id\":\"https:\/\/1office.co\/sweden\/et\/toode\/kontaktisik-rootsis\/#breadcrumb\"},\"inLanguage\":\"et\",\"potentialAction\":[{\"@type\":\"ReadAction\",\"target\":[\"https:\/\/1office.co\/sweden\/et\/toode\/kontaktisik-rootsis\/\"]}]},{\"@type\":\"ImageObject\",\"inLanguage\":\"et\",\"@id\":\"https:\/\/1office.co\/sweden\/et\/toode\/kontaktisik-rootsis\/#primaryimage\",\"url\":\"https:\/\/1office.co\/sweden\/wp-content\/uploads\/sites\/13\/2017\/08\/FP7TZ9HQO0-e1594811113500.jpg\",\"contentUrl\":\"https:\/\/1office.co\/sweden\/wp-content\/uploads\/sites\/13\/2017\/08\/FP7TZ9HQO0-e1594811113500.jpg\",\"width\":960,\"height\":755},{\"@type\":\"BreadcrumbList\",\"@id\":\"https:\/\/1office.co\/sweden\/et\/toode\/kontaktisik-rootsis\/#breadcrumb\",\"itemListElement\":[{\"@type\":\"ListItem\",\"position\":1,\"name\":\"Home\",\"item\":\"https:\/\/1office.co\/sweden\/et\/\"},{\"@type\":\"ListItem\",\"position\":2,\"name\":\"Tee \u00e4ri Rootsis\",\"item\":\"https:\/\/1office.co\/sweden\/et\/teenused\/\"},{\"@type\":\"ListItem\",\"position\":3,\"name\":\"Kontaktisik Rootsis\"}]},{\"@type\":\"WebSite\",\"@id\":\"https:\/\/1office.co\/sweden\/#website\",\"url\":\"https:\/\/1office.co\/sweden\/\",\"name\":\"1Office Sweden\",\"description\":\"Making Business Simple\",\"potentialAction\":[{\"@type\":\"SearchAction\",\"target\":{\"@type\":\"EntryPoint\",\"urlTemplate\":\"https:\/\/1office.co\/sweden\/?s={search_term_string}\"},\"query-input\":{\"@type\":\"PropertyValueSpecification\",\"valueRequired\":true,\"valueName\":\"search_term_string\"}}],\"inLanguage\":\"et\"}]}<\/script>\n<!-- \/ Yoast SEO Premium plugin. -->","yoast_head_json":{"title":"Kontaktisik Rootsis - 1Office Sweden","description":"Juriidiline kontaktisik on ettev\u00f5tte registreerimiseks kohustuslik juhul, kui \u00fchelgi juhatuseliikmel ei ole Rootsi isikukoodi, Juhul, kui ametiasutustel ei \u00f5nnestu \u00fchendust saada \u00fchegi juhatuse liikmega, toimetatakse info just selle kontaktisikuni.","robots":{"index":"index","follow":"follow","max-snippet":"max-snippet:-1","max-image-preview":"max-image-preview:large","max-video-preview":"max-video-preview:-1"},"canonical":"https:\/\/1office.co\/sweden\/et\/toode\/kontaktisik-rootsis\/","og_locale":"et_EE","og_type":"article","og_title":"Kontaktisik Rootsis","og_description":"Juriidiline kontaktisik on ettev\u00f5tte registreerimiseks kohustuslik juhul, kui \u00fchelgi juhatuseliikmel ei ole Rootsi isikukoodi, Juhul, kui ametiasutustel ei \u00f5nnestu \u00fchendust saada \u00fchegi juhatuse liikmega, toimetatakse info just selle kontaktisikuni.","og_url":"https:\/\/1office.co\/sweden\/et\/toode\/kontaktisik-rootsis\/","og_site_name":"1Office Sweden","article_modified_time":"2025-12-19T09:00:29+00:00","og_image":[{"width":960,"height":755,"url":"https:\/\/1office.co\/sweden\/wp-content\/uploads\/sites\/13\/2017\/08\/FP7TZ9HQO0-e1594811113500.jpg","type":"image\/jpeg"}],"twitter_card":"summary_large_image","twitter_misc":{"Est. reading time":"1 minut"},"schema":{"@context":"https:\/\/schema.org","@graph":[{"@type":"WebPage","@id":"https:\/\/1office.co\/sweden\/et\/toode\/kontaktisik-rootsis\/","url":"https:\/\/1office.co\/sweden\/et\/toode\/kontaktisik-rootsis\/","name":"Kontaktisik Rootsis - 1Office Sweden","isPartOf":{"@id":"https:\/\/1office.co\/sweden\/#website"},"primaryImageOfPage":{"@id":"https:\/\/1office.co\/sweden\/et\/toode\/kontaktisik-rootsis\/#primaryimage"},"image":{"@id":"https:\/\/1office.co\/sweden\/et\/toode\/kontaktisik-rootsis\/#primaryimage"},"thumbnailUrl":"https:\/\/1office.co\/sweden\/wp-content\/uploads\/sites\/13\/2017\/08\/FP7TZ9HQO0-e1594811113500.jpg","datePublished":"2020-06-19T07:27:10+00:00","dateModified":"2025-12-19T09:00:29+00:00","description":"Juriidiline kontaktisik on ettev\u00f5tte registreerimiseks kohustuslik juhul, kui \u00fchelgi juhatuseliikmel ei ole Rootsi isikukoodi, Juhul, kui ametiasutustel ei \u00f5nnestu \u00fchendust saada \u00fchegi juhatuse liikmega, toimetatakse info just selle kontaktisikuni.","breadcrumb":{"@id":"https:\/\/1office.co\/sweden\/et\/toode\/kontaktisik-rootsis\/#breadcrumb"},"inLanguage":"et","potentialAction":[{"@type":"ReadAction","target":["https:\/\/1office.co\/sweden\/et\/toode\/kontaktisik-rootsis\/"]}]},{"@type":"ImageObject","inLanguage":"et","@id":"https:\/\/1office.co\/sweden\/et\/toode\/kontaktisik-rootsis\/#primaryimage","url":"https:\/\/1office.co\/sweden\/wp-content\/uploads\/sites\/13\/2017\/08\/FP7TZ9HQO0-e1594811113500.jpg","contentUrl":"https:\/\/1office.co\/sweden\/wp-content\/uploads\/sites\/13\/2017\/08\/FP7TZ9HQO0-e1594811113500.jpg","width":960,"height":755},{"@type":"BreadcrumbList","@id":"https:\/\/1office.co\/sweden\/et\/toode\/kontaktisik-rootsis\/#breadcrumb","itemListElement":[{"@type":"ListItem","position":1,"name":"Home","item":"https:\/\/1office.co\/sweden\/et\/"},{"@type":"ListItem","position":2,"name":"Tee \u00e4ri Rootsis","item":"https:\/\/1office.co\/sweden\/et\/teenused\/"},{"@type":"ListItem","position":3,"name":"Kontaktisik Rootsis"}]},{"@type":"WebSite","@id":"https:\/\/1office.co\/sweden\/#website","url":"https:\/\/1office.co\/sweden\/","name":"1Office Sweden","description":"Making Business Simple","potentialAction":[{"@type":"SearchAction","target":{"@type":"EntryPoint","urlTemplate":"https:\/\/1office.co\/sweden\/?s={search_term_string}"},"query-input":{"@type":"PropertyValueSpecification","valueRequired":true,"valueName":"search_term_string"}}],"inLanguage":"et"}]}},"_links":{"self":[{"href":"https:\/\/1office.co\/sweden\/et\/wp-json\/wp\/v2\/product\/59484","targetHints":{"allow":["GET"]}}],"collection":[{"href":"https:\/\/1office.co\/sweden\/et\/wp-json\/wp\/v2\/product"}],"about":[{"href":"https:\/\/1office.co\/sweden\/et\/wp-json\/wp\/v2\/types\/product"}],"wp:featuredmedia":[{"embeddable":true,"href":"https:\/\/1office.co\/sweden\/et\/wp-json\/wp\/v2\/media\/58112"}],"wp:attachment":[{"href":"https:\/\/1office.co\/sweden\/et\/wp-json\/wp\/v2\/media?parent=59484"}],"wp:term":[{"taxonomy":"product_brand","embeddable":true,"href":"https:\/\/1office.co\/sweden\/et\/wp-json\/wp\/v2\/product_brand?post=59484"},{"taxonomy":"product_cat","embeddable":true,"href":"https:\/\/1office.co\/sweden\/et\/wp-json\/wp\/v2\/product_cat?post=59484"},{"taxonomy":"product_tag","embeddable":true,"href":"https:\/\/1office.co\/sweden\/et\/wp-json\/wp\/v2\/product_tag?post=59484"}],"curies":[{"name":"wp","href":"https:\/\/api.w.org\/{rel}","templated":true}]}}