{"id":59986,"date":"2021-02-11T10:01:31","date_gmt":"2021-02-11T12:12:23","guid":{"rendered":"https:\/\/1office.co\/sweden\/?post_type=product&#038;p=59986"},"modified":"2023-06-07T11:55:30","modified_gmt":"2023-06-07T11:55:30","slug":"rootsi-isikukoodi-taotlemine","status":"publish","type":"product","link":"https:\/\/1office.co\/sweden\/et\/toode\/rootsi-isikukoodi-taotlemine\/","title":{"rendered":"A-Skatt v\u00f5i SINK otsuse taotlemine"},"content":{"rendered":"<div class=\"wpb-content-wrapper\"><p>[vc_row][vc_column]<div id=\"advanced-tabs-desc-wrap-6459\" class=\"ult_tabs product_tabs\" style=\" \" data-tabsstyle=\"style1\"\n data-titlebg=\"#ffffff\" data-titlecolor=\"#b6b8ba\" data-fullheight=\"off\"\n data-titlehoverbg=\"#ffffff\" data-titlehovercolor=\"#1d1e23\"\n data-rotatetabs=\"0\" data-responsivemode=\"Both\" data-animation=\"Slide\"\ndata-activetitle=\"#1d1e23\" data-activeicon=\"\" data-activebg=\"#ffffff\"  data-respmode=\"Tabs\" data-respwidth=\"400\" data-scroll = \"on\" data-activeindex=\"1\"><ul id=advanced-tabs-wrap-3231 class=\"ult_tabmenu style1 \" style=\"\"><li class=\"ult_tab_li  \" data-iconcolor=\"#74777b\" data-iconhover=\"#ffffff\" style=\"background-color:#ffffff;border-color:transparent;border-width:0px;border-style:solid;border-top-right-radius:8px;\">\n\t\t\t\t\t<a href=\"#1512642751410-8d7ab-c11d\"  id=\"1512642751410-8d7ab-c11d\"  style=\"color:#b6b8ba;; padding:15px; \" class=\"ult_a  \">\n\t\t\t\t\t     <span class=\"ult_tab_main Both \">\n\t\t\t\t\t \t\t <span class=\"ult_tab_section\">\n\t\t\t\t\t   \t\t\t<span  data-ultimate-target='#advanced-tabs-wrap-3231 .ult-span-text'  data-responsive-json-new='{\"font-size\":\"desktop:14px;\",\"line-height\":\"\"}'  class=\"ult-span-text no_icon ult_tab_display_text ult-responsive\" style=\"font-weight:bold;;\">Kirjeldus<\/span>\n\t\t\t\t\t   \t\t<\/span>\n\t\t\t\t\t\t<\/span>\n\t\t\t\t\t<\/a>\n\t\t\t\t\t<\/li><\/ul><div  data-ultimate-target='#advanced-tabs-desc-wrap-6459 .ult_tabcontent .ult_tab_min_contain  p'  data-responsive-json-new='{\"font-size\":\"\",\"line-height\":\"\"}' class=\"ult_tabcontent ult-responsive style1\" style=\"color:#74777b;\"><div class=\"ult_tab_min_contain \" >\n\t\t\t<div  class=\"ult_tabitemname\"  >\n\t\t\t\t[vc_column_text]Isikud, kes ei ela Rootsis alaliselt, k\u00fcll aga t\u00f6\u00f6tavad seal mingi aja jooksul, peavad taotlema endale A-Skatt v\u00f5i SINK otsuse. Selle otsuse alusel saab t\u00f6\u00f6andja v\u00f5i raamatupidaja info kuidas toimub selle isiku maksustamine Rootsis.<\/p>\n<p>Kui t\u00f6\u00f6taja viibib Rootsis kauem kui kuus kuud, siis tuleb taotleda A-Skatt otsus ja see t\u00f6\u00f6taja peab esitama ka eraisiku tuludeklaratsiooni Rootsi maksuametisse.<\/p>\n<p>Juhul kui t\u00f6\u00f6taja viibib Rootsis kuni kuus kuud, siis tuleb taotleda SINK otsus. Need isikud, kelle maksustamine k\u00e4ib SINK alusel ei pea esitama eraisiku tuludeklaratsiooni Rootsi maksuametisse.<\/p>\n<p>M\u00f5lemaid otsuseid tuleb uuendada iga aasta alguses ja esitada t\u00f6\u00f6andjale v\u00f5i raamatupidajale. Maksum\u00e4\u00e4rad v\u00f5ivad muutuda vastavalt sellele kui n\u00e4iteks isik kolib, t\u00f6\u00f6tab v\u00e4lismaa ettev\u00f5ttes v\u00f5i toimub muudatus m\u00e4\u00e4rades seoses seadusest tulenevatest muudatustest.<\/p>\n<p>&nbsp;<\/p>\n<h2>Hinnas sisaldub:<\/h2>\n<ul>\n<li>Taotluse koostamine ja esitamine Rootsi maksuametisse.<\/li>\n<\/ul>\n<p>&nbsp;<\/p>\n<h2>Saadaval lisatasu eest:<\/h2>\n<ul>\n<li>L\u00e4hetatud t\u00f6\u00f6taja kandmine T\u00f6\u00f6keskonnaametisse (1 500 SEKi)<\/li>\n<\/ul>\n<p>&nbsp;<\/p>\n<h2>Protsessi k\u00e4ik Rootsi isikukoodi taotlemiseks:<\/h2>\n<ul>\n<li>Kogume kokku vajaliku informatsiooni ja dokumendid;<\/li>\n<li>T\u00e4idame vajaliku taotluse;<\/li>\n<li>Vahendame suhtlust Rootsi maksuameti ja kliendi vahel.<\/li>\n<\/ul>\n<p>&nbsp;<\/p>\n<h2>T\u00e4htis informatsioon:<\/h2>\n<ul>\n<li>Menetlusaeg maksuametis on umbes 4-10 n\u00e4dalat.<\/li>\n<li>Rootsi A-Skatt otsuse omanikud peavad esitama Rootsi maksuametile eraisiku tuludeklaratsiooni hiljemalt 2. maiks eelmise kalendriaasta kohta.<\/li>\n<\/ul>\n<p>[\/vc_column_text]\n\t\t\t<\/div><\/div><\/div><\/div><div class=\"ult_acord advanced-tabs-desc-wrap-6459\">\n   <div class=\"ult-tabto-accordion \" style=\"width:;\"\n    data-titlecolor=\"#b6b8ba\"  data-titlebg=\"#ffffff\"\n     data-titlehoverbg=\"#ffffff\" data-titlehovercolor=\"#1d1e23\" data-animation=\"Slide\"\n     data-activetitle=\"#1d1e23\" data-activeicon=\"\" data-activebg=\"#ffffff\" data-scroll = \"on\" data-activeindex=\"1\" >\n     <dl><dt class=\"\">\n\t        \t<a class=\"ult-tabto-actitle withBorder ult_a \" id=\"1512642751410-8d7ab-c11d\" style=\"color:#b6b8ba;;background-color:#ffffff;border-bottom-color:transparent;border-bottom-width:0px;border-bottom-style:solid;\" href=\"#1512642751410-8d7ab-c11d\">\n\t        \t\t<i class=\"accordion-icon\"><\/i>\n\t        \t\t\t<span class=\"ult_tab_main ult_ac_main ult_noacordicnBoth\">\n\n\t\t\t\t\t\t<span  data-ultimate-target='#advanced-tabs-wrap-3231 .ult-span-text'  data-responsive-json-new='{\"font-size\":\"desktop:14px;\",\"line-height\":\"\"}'  class=\"ult-span-text no_icon ult_acordian-text ult-responsive\" style=\"font-weight:bold;;color:inherit \" >Kirjeldus<\/span>\n\t\t\t\t\t\t<\/span><\/a><\/dt>\n\t            \t\t<dd class=\"ult-tabto-accordionItem ult-tabto-accolapsed\">\n\t\t\t\t            <div class=\"ult-tabto-acontent\" style=\"color:#74777b;\">\n\t\t\t\t               [vc_column_text]Isikud, kes ei ela Rootsis alaliselt, k\u00fcll aga t\u00f6\u00f6tavad seal mingi aja jooksul, peavad taotlema endale A-Skatt v\u00f5i SINK otsuse. Selle otsuse alusel saab t\u00f6\u00f6andja v\u00f5i raamatupidaja info kuidas toimub selle isiku maksustamine Rootsis.<\/p>\n<p>Kui t\u00f6\u00f6taja viibib Rootsis kauem kui kuus kuud, siis tuleb taotleda A-Skatt otsus ja see t\u00f6\u00f6taja peab esitama ka eraisiku tuludeklaratsiooni Rootsi maksuametisse.<\/p>\n<p>Juhul kui t\u00f6\u00f6taja viibib Rootsis kuni kuus kuud, siis tuleb taotleda SINK otsus. Need isikud, kelle maksustamine k\u00e4ib SINK alusel ei pea esitama eraisiku tuludeklaratsiooni Rootsi maksuametisse.<\/p>\n<p>M\u00f5lemaid otsuseid tuleb uuendada iga aasta alguses ja esitada t\u00f6\u00f6andjale v\u00f5i raamatupidajale. Maksum\u00e4\u00e4rad v\u00f5ivad muutuda vastavalt sellele kui n\u00e4iteks isik kolib, t\u00f6\u00f6tab v\u00e4lismaa ettev\u00f5ttes v\u00f5i toimub muudatus m\u00e4\u00e4rades seoses seadusest tulenevatest muudatustest.<\/p>\n<p>&nbsp;<\/p>\n<h2>Hinnas sisaldub:<\/h2>\n<ul>\n<li>Taotluse koostamine ja esitamine Rootsi maksuametisse.<\/li>\n<\/ul>\n<p>&nbsp;<\/p>\n<h2>Saadaval lisatasu eest:<\/h2>\n<ul>\n<li>L\u00e4hetatud t\u00f6\u00f6taja kandmine T\u00f6\u00f6keskonnaametisse (1 500 SEKi)<\/li>\n<\/ul>\n<p>&nbsp;<\/p>\n<h2>Protsessi k\u00e4ik Rootsi isikukoodi taotlemiseks:<\/h2>\n<ul>\n<li>Kogume kokku vajaliku informatsiooni ja dokumendid;<\/li>\n<li>T\u00e4idame vajaliku taotluse;<\/li>\n<li>Vahendame suhtlust Rootsi maksuameti ja kliendi vahel.<\/li>\n<\/ul>\n<p>&nbsp;<\/p>\n<h2>T\u00e4htis informatsioon:<\/h2>\n<ul>\n<li>Menetlusaeg maksuametis on umbes 4-10 n\u00e4dalat.<\/li>\n<li>Rootsi A-Skatt otsuse omanikud peavad esitama Rootsi maksuametile eraisiku tuludeklaratsiooni hiljemalt 2. maiks eelmise kalendriaasta kohta.<\/li>\n<\/ul>\n<p>[\/vc_column_text]\n\t\t\t\t            <\/div>\n\t        \t\t\t<\/dd>\n    \t<\/dl>\n    <!--<div class=\"extraborder\" style=\"background-color:#ffffff\"><\/div>-->\n<\/div>\n\n<\/div>[\/vc_column][\/vc_row]<\/p>\n<\/div>","protected":false},"excerpt":{"rendered":"<p>Aitame Sind v\u00f5i sinu ettev\u00f5tte t\u00f6\u00f6tajaid A-Skatt v\u00f5i SINK otsuse taotlemisel. Rootsis ajutiselt v\u00f5i alaliselt t\u00f6\u00f6tades on vajalik omada Rootsi A-Skatt v\u00f5i SINK otsust selleks, et teada millise m\u00e4\u00e4ra alusel kinni pidada ja deklareerida t\u00f6\u00f6taja tulumaks.<\/p>\n","protected":false},"featured_media":60001,"template":"","meta":{"_acf_changed":false,"inline_featured_image":false},"product_brand":[],"product_cat":[309],"product_tag":[314],"class_list":{"0":"post-59986","1":"product","2":"type-product","3":"status-publish","4":"has-post-thumbnail","6":"product_cat-juriidilised-teenused","7":"product_tag-rootsi","8":"description-off","10":"first","11":"instock","12":"taxable","13":"shipping-taxable","14":"purchasable","15":"product-type-simple"},"bundled_by":["60702"],"bundle_stock_status":"instock","bundle_stock_quantity":null,"bundle_virtual":false,"bundle_layout":"","bundle_add_to_cart_form_location":"","bundle_editable_in_cart":false,"bundle_sold_individually_context":"","bundle_item_grouping":"","bundle_min_size":"","bundle_max_size":"","bundle_price":[],"bundled_items":[],"bundle_sell_ids":[],"acf":[],"yoast_head":"<!-- This site is optimized with the Yoast SEO Premium plugin v22.1 (Yoast SEO v27.0) - https:\/\/yoast.com\/product\/yoast-seo-premium-wordpress\/ -->\n<title>A-Skatt v\u00f5i SINK otsuse taotlemine | 1Office<\/title>\n<meta name=\"description\" content=\"Rootsis ajutiselt v\u00f5i alaliselt t\u00f6\u00f6tades on vajalik omada Rootsi A-Skatt v\u00f5i SINK otsust selleks, et teada millise m\u00e4\u00e4ra alusel kinni pidada ja deklareerida t\u00f6\u00f6taja tulumaks.\" \/>\n<meta name=\"robots\" content=\"index, follow, max-snippet:-1, max-image-preview:large, max-video-preview:-1\" \/>\n<link rel=\"canonical\" href=\"https:\/\/1office.co\/sweden\/et\/toode\/rootsi-isikukoodi-taotlemine\/\" \/>\n<meta property=\"og:locale\" content=\"et_EE\" \/>\n<meta property=\"og:type\" content=\"article\" \/>\n<meta property=\"og:title\" content=\"A-Skatt v\u00f5i SINK otsuse taotlemine\" \/>\n<meta property=\"og:description\" content=\"Rootsis ajutiselt v\u00f5i alaliselt t\u00f6\u00f6tades on vajalik omada Rootsi A-Skatt v\u00f5i SINK otsust selleks, et teada millise m\u00e4\u00e4ra alusel kinni pidada ja deklareerida t\u00f6\u00f6taja tulumaks.\" \/>\n<meta property=\"og:url\" content=\"https:\/\/1office.co\/sweden\/et\/toode\/rootsi-isikukoodi-taotlemine\/\" \/>\n<meta property=\"og:site_name\" content=\"1Office Sweden\" \/>\n<meta property=\"article:modified_time\" content=\"2023-06-07T11:55:30+00:00\" \/>\n<meta property=\"og:image\" content=\"https:\/\/1office.co\/sweden\/wp-content\/uploads\/sites\/13\/2021\/02\/scott-graham-OQMZwNd3ThU-unsplash-1-scaled.jpg\" \/>\n\t<meta property=\"og:image:width\" content=\"2560\" \/>\n\t<meta property=\"og:image:height\" content=\"1709\" \/>\n\t<meta property=\"og:image:type\" content=\"image\/jpeg\" \/>\n<meta name=\"twitter:card\" content=\"summary_large_image\" \/>\n<meta name=\"twitter:label1\" content=\"Est. reading time\" \/>\n\t<meta name=\"twitter:data1\" content=\"1 minut\" \/>\n<script type=\"application\/ld+json\" class=\"yoast-schema-graph\">{\"@context\":\"https:\/\/schema.org\",\"@graph\":[{\"@type\":\"WebPage\",\"@id\":\"https:\/\/1office.co\/sweden\/et\/toode\/rootsi-isikukoodi-taotlemine\/\",\"url\":\"https:\/\/1office.co\/sweden\/et\/toode\/rootsi-isikukoodi-taotlemine\/\",\"name\":\"A-Skatt v\u00f5i SINK otsuse taotlemine | 1Office\",\"isPartOf\":{\"@id\":\"https:\/\/1office.co\/sweden\/#website\"},\"primaryImageOfPage\":{\"@id\":\"https:\/\/1office.co\/sweden\/et\/toode\/rootsi-isikukoodi-taotlemine\/#primaryimage\"},\"image\":{\"@id\":\"https:\/\/1office.co\/sweden\/et\/toode\/rootsi-isikukoodi-taotlemine\/#primaryimage\"},\"thumbnailUrl\":\"https:\/\/1office.co\/sweden\/wp-content\/uploads\/sites\/13\/2021\/02\/scott-graham-OQMZwNd3ThU-unsplash-1-scaled.jpg\",\"datePublished\":\"2021-02-11T12:12:23+00:00\",\"dateModified\":\"2023-06-07T11:55:30+00:00\",\"description\":\"Rootsis ajutiselt v\u00f5i alaliselt t\u00f6\u00f6tades on vajalik omada Rootsi A-Skatt v\u00f5i SINK otsust selleks, et teada millise m\u00e4\u00e4ra alusel kinni pidada ja deklareerida t\u00f6\u00f6taja tulumaks.\",\"breadcrumb\":{\"@id\":\"https:\/\/1office.co\/sweden\/et\/toode\/rootsi-isikukoodi-taotlemine\/#breadcrumb\"},\"inLanguage\":\"et\",\"potentialAction\":[{\"@type\":\"ReadAction\",\"target\":[\"https:\/\/1office.co\/sweden\/et\/toode\/rootsi-isikukoodi-taotlemine\/\"]}]},{\"@type\":\"ImageObject\",\"inLanguage\":\"et\",\"@id\":\"https:\/\/1office.co\/sweden\/et\/toode\/rootsi-isikukoodi-taotlemine\/#primaryimage\",\"url\":\"https:\/\/1office.co\/sweden\/wp-content\/uploads\/sites\/13\/2021\/02\/scott-graham-OQMZwNd3ThU-unsplash-1-scaled.jpg\",\"contentUrl\":\"https:\/\/1office.co\/sweden\/wp-content\/uploads\/sites\/13\/2021\/02\/scott-graham-OQMZwNd3ThU-unsplash-1-scaled.jpg\",\"width\":2560,\"height\":1709},{\"@type\":\"BreadcrumbList\",\"@id\":\"https:\/\/1office.co\/sweden\/et\/toode\/rootsi-isikukoodi-taotlemine\/#breadcrumb\",\"itemListElement\":[{\"@type\":\"ListItem\",\"position\":1,\"name\":\"Home\",\"item\":\"https:\/\/1office.co\/sweden\/et\/\"},{\"@type\":\"ListItem\",\"position\":2,\"name\":\"Tee \u00e4ri Rootsis\",\"item\":\"https:\/\/1office.co\/sweden\/et\/teenused\/\"},{\"@type\":\"ListItem\",\"position\":3,\"name\":\"A-Skatt v\u00f5i SINK otsuse taotlemine\"}]},{\"@type\":\"WebSite\",\"@id\":\"https:\/\/1office.co\/sweden\/#website\",\"url\":\"https:\/\/1office.co\/sweden\/\",\"name\":\"1Office Sweden\",\"description\":\"Making Business Simple\",\"potentialAction\":[{\"@type\":\"SearchAction\",\"target\":{\"@type\":\"EntryPoint\",\"urlTemplate\":\"https:\/\/1office.co\/sweden\/?s={search_term_string}\"},\"query-input\":{\"@type\":\"PropertyValueSpecification\",\"valueRequired\":true,\"valueName\":\"search_term_string\"}}],\"inLanguage\":\"et\"}]}<\/script>\n<!-- \/ Yoast SEO Premium plugin. -->","yoast_head_json":{"title":"A-Skatt v\u00f5i SINK otsuse taotlemine | 1Office","description":"Rootsis ajutiselt v\u00f5i alaliselt t\u00f6\u00f6tades on vajalik omada Rootsi A-Skatt v\u00f5i SINK otsust selleks, et teada millise m\u00e4\u00e4ra alusel kinni pidada ja deklareerida t\u00f6\u00f6taja tulumaks.","robots":{"index":"index","follow":"follow","max-snippet":"max-snippet:-1","max-image-preview":"max-image-preview:large","max-video-preview":"max-video-preview:-1"},"canonical":"https:\/\/1office.co\/sweden\/et\/toode\/rootsi-isikukoodi-taotlemine\/","og_locale":"et_EE","og_type":"article","og_title":"A-Skatt v\u00f5i SINK otsuse taotlemine","og_description":"Rootsis ajutiselt v\u00f5i alaliselt t\u00f6\u00f6tades on vajalik omada Rootsi A-Skatt v\u00f5i SINK otsust selleks, et teada millise m\u00e4\u00e4ra alusel kinni pidada ja deklareerida t\u00f6\u00f6taja tulumaks.","og_url":"https:\/\/1office.co\/sweden\/et\/toode\/rootsi-isikukoodi-taotlemine\/","og_site_name":"1Office Sweden","article_modified_time":"2023-06-07T11:55:30+00:00","og_image":[{"width":2560,"height":1709,"url":"https:\/\/1office.co\/sweden\/wp-content\/uploads\/sites\/13\/2021\/02\/scott-graham-OQMZwNd3ThU-unsplash-1-scaled.jpg","type":"image\/jpeg"}],"twitter_card":"summary_large_image","twitter_misc":{"Est. reading time":"1 minut"},"schema":{"@context":"https:\/\/schema.org","@graph":[{"@type":"WebPage","@id":"https:\/\/1office.co\/sweden\/et\/toode\/rootsi-isikukoodi-taotlemine\/","url":"https:\/\/1office.co\/sweden\/et\/toode\/rootsi-isikukoodi-taotlemine\/","name":"A-Skatt v\u00f5i SINK otsuse taotlemine | 1Office","isPartOf":{"@id":"https:\/\/1office.co\/sweden\/#website"},"primaryImageOfPage":{"@id":"https:\/\/1office.co\/sweden\/et\/toode\/rootsi-isikukoodi-taotlemine\/#primaryimage"},"image":{"@id":"https:\/\/1office.co\/sweden\/et\/toode\/rootsi-isikukoodi-taotlemine\/#primaryimage"},"thumbnailUrl":"https:\/\/1office.co\/sweden\/wp-content\/uploads\/sites\/13\/2021\/02\/scott-graham-OQMZwNd3ThU-unsplash-1-scaled.jpg","datePublished":"2021-02-11T12:12:23+00:00","dateModified":"2023-06-07T11:55:30+00:00","description":"Rootsis ajutiselt v\u00f5i alaliselt t\u00f6\u00f6tades on vajalik omada Rootsi A-Skatt v\u00f5i SINK otsust selleks, et teada millise m\u00e4\u00e4ra alusel kinni pidada ja deklareerida t\u00f6\u00f6taja tulumaks.","breadcrumb":{"@id":"https:\/\/1office.co\/sweden\/et\/toode\/rootsi-isikukoodi-taotlemine\/#breadcrumb"},"inLanguage":"et","potentialAction":[{"@type":"ReadAction","target":["https:\/\/1office.co\/sweden\/et\/toode\/rootsi-isikukoodi-taotlemine\/"]}]},{"@type":"ImageObject","inLanguage":"et","@id":"https:\/\/1office.co\/sweden\/et\/toode\/rootsi-isikukoodi-taotlemine\/#primaryimage","url":"https:\/\/1office.co\/sweden\/wp-content\/uploads\/sites\/13\/2021\/02\/scott-graham-OQMZwNd3ThU-unsplash-1-scaled.jpg","contentUrl":"https:\/\/1office.co\/sweden\/wp-content\/uploads\/sites\/13\/2021\/02\/scott-graham-OQMZwNd3ThU-unsplash-1-scaled.jpg","width":2560,"height":1709},{"@type":"BreadcrumbList","@id":"https:\/\/1office.co\/sweden\/et\/toode\/rootsi-isikukoodi-taotlemine\/#breadcrumb","itemListElement":[{"@type":"ListItem","position":1,"name":"Home","item":"https:\/\/1office.co\/sweden\/et\/"},{"@type":"ListItem","position":2,"name":"Tee \u00e4ri Rootsis","item":"https:\/\/1office.co\/sweden\/et\/teenused\/"},{"@type":"ListItem","position":3,"name":"A-Skatt v\u00f5i SINK otsuse taotlemine"}]},{"@type":"WebSite","@id":"https:\/\/1office.co\/sweden\/#website","url":"https:\/\/1office.co\/sweden\/","name":"1Office Sweden","description":"Making Business Simple","potentialAction":[{"@type":"SearchAction","target":{"@type":"EntryPoint","urlTemplate":"https:\/\/1office.co\/sweden\/?s={search_term_string}"},"query-input":{"@type":"PropertyValueSpecification","valueRequired":true,"valueName":"search_term_string"}}],"inLanguage":"et"}]}},"_links":{"self":[{"href":"https:\/\/1office.co\/sweden\/et\/wp-json\/wp\/v2\/product\/59986","targetHints":{"allow":["GET"]}}],"collection":[{"href":"https:\/\/1office.co\/sweden\/et\/wp-json\/wp\/v2\/product"}],"about":[{"href":"https:\/\/1office.co\/sweden\/et\/wp-json\/wp\/v2\/types\/product"}],"wp:featuredmedia":[{"embeddable":true,"href":"https:\/\/1office.co\/sweden\/et\/wp-json\/wp\/v2\/media\/60001"}],"wp:attachment":[{"href":"https:\/\/1office.co\/sweden\/et\/wp-json\/wp\/v2\/media?parent=59986"}],"wp:term":[{"taxonomy":"product_brand","embeddable":true,"href":"https:\/\/1office.co\/sweden\/et\/wp-json\/wp\/v2\/product_brand?post=59986"},{"taxonomy":"product_cat","embeddable":true,"href":"https:\/\/1office.co\/sweden\/et\/wp-json\/wp\/v2\/product_cat?post=59986"},{"taxonomy":"product_tag","embeddable":true,"href":"https:\/\/1office.co\/sweden\/et\/wp-json\/wp\/v2\/product_tag?post=59986"}],"curies":[{"name":"wp","href":"https:\/\/api.w.org\/{rel}","templated":true}]}}