{"id":60008,"date":"2021-02-11T12:28:54","date_gmt":"2021-02-11T12:39:35","guid":{"rendered":"https:\/\/1office.co\/sweden\/?post_type=product&#038;p=60008"},"modified":"2023-06-07T12:06:24","modified_gmt":"2023-06-07T12:06:24","slug":"residentsusnoude-erandi-avaldus","status":"publish","type":"product","link":"https:\/\/1office.co\/sweden\/et\/toode\/residentsusnoude-erandi-avaldus\/","title":{"rendered":"Residentsusn\u00f5ude erandi avaldus"},"content":{"rendered":"<div class=\"wpb-content-wrapper\"><p>[vc_row][vc_column]<div id=\"advanced-tabs-desc-wrap-8778\" class=\"ult_tabs product_tabs\" style=\" \" data-tabsstyle=\"style1\"\n data-titlebg=\"#ffffff\" data-titlecolor=\"#b6b8ba\" data-fullheight=\"off\"\n data-titlehoverbg=\"#ffffff\" data-titlehovercolor=\"#1d1e23\"\n data-rotatetabs=\"0\" data-responsivemode=\"Both\" data-animation=\"Slide\"\ndata-activetitle=\"#1d1e23\" data-activeicon=\"\" data-activebg=\"#ffffff\"  data-respmode=\"Tabs\" data-respwidth=\"400\" data-scroll = \"on\" data-activeindex=\"1\"><ul id=advanced-tabs-wrap-4626 class=\"ult_tabmenu style1 \" style=\"\"><li class=\"ult_tab_li  \" data-iconcolor=\"#74777b\" data-iconhover=\"#ffffff\" style=\"background-color:#ffffff;border-color:transparent;border-width:0px;border-style:solid;border-top-right-radius:8px;\">\n\t\t\t\t\t<a href=\"#1512642751410-8d7ab-c11d\"  id=\"1512642751410-8d7ab-c11d\"  style=\"color:#b6b8ba;; padding:15px; \" class=\"ult_a  \">\n\t\t\t\t\t     <span class=\"ult_tab_main Both \">\n\t\t\t\t\t \t\t <span class=\"ult_tab_section\">\n\t\t\t\t\t   \t\t\t<span  data-ultimate-target='#advanced-tabs-wrap-4626 .ult-span-text'  data-responsive-json-new='{\"font-size\":\"desktop:14px;\",\"line-height\":\"\"}'  class=\"ult-span-text no_icon ult_tab_display_text ult-responsive\" style=\"font-weight:bold;;\">Kirjeldus<\/span>\n\t\t\t\t\t   \t\t<\/span>\n\t\t\t\t\t\t<\/span>\n\t\t\t\t\t<\/a>\n\t\t\t\t\t<\/li><\/ul><div  data-ultimate-target='#advanced-tabs-desc-wrap-8778 .ult_tabcontent .ult_tab_min_contain  p'  data-responsive-json-new='{\"font-size\":\"\",\"line-height\":\"\"}' class=\"ult_tabcontent ult-responsive style1\" style=\"color:#74777b;\"><div class=\"ult_tab_min_contain \" >\n\t\t\t<div  class=\"ult_tabitemname\"  >\n\t\t\t\t[vc_column_text]Kui ettev\u00f5tte asutamise, filiaali registreerimise v\u00f5i ettev\u00f5tte \u00e4riregistri muudatuskannetega on seotud\u00a0m\u00f5ni isik, kes elab alaliselt v\u00e4ljaspool Euroopa Liitu, siis on vajalik t\u00e4ita iga sellise isiku kohta residentsusn\u00f5ude erandi avaldus.<\/p>\n<p><strong>Hinnas sisaldub:<\/strong><\/p>\n<ul>\n<li>Taotluse koostamine ja esitamine Rootsi \u00e4riregistrisse.<\/li>\n<\/ul>\n<p><strong>Saadaval lisatasu eest:<\/strong><\/p>\n<ul>\n<li>Tegeliku kasusaaja m\u00e4\u00e4ramine (1750 SEKi, hind ei sisalda riigil\u00f5ivu). Kliendil tuleb tasuda riigil\u00f5iv 250 SEKi otse Rootsi \u00e4riregistrisse.<\/li>\n<\/ul>\n<p><strong>Protsessi k\u00e4ik:<\/strong><\/p>\n<ul>\n<li>Kogume kokku vajaliku informatsiooni ja dokumendid;<\/li>\n<li>T\u00e4idame vajaliku taotluse;<\/li>\n<li>Vahendame suhtlust Rootsi \u00e4riregistri ja kliendi vahel.<\/li>\n<\/ul>\n<p><strong>T\u00e4htis informatsioon:<\/strong><\/p>\n<ul>\n<li>Menetlusaeg on umbes 2 n\u00e4dalat.<\/li>\n<li>Hind sisaldab riigil\u00f5ivu.<\/li>\n<li>Residentsusn\u00f5ude erand v\u00e4ljastatakse kindlaks ajaks ja seda peab vajadusel teatud aja tagant uuendama.<\/li>\n<\/ul>\n<p>[\/vc_column_text]\n\t\t\t<\/div><\/div><\/div><\/div><div class=\"ult_acord advanced-tabs-desc-wrap-8778\">\n   <div class=\"ult-tabto-accordion \" style=\"width:;\"\n    data-titlecolor=\"#b6b8ba\"  data-titlebg=\"#ffffff\"\n     data-titlehoverbg=\"#ffffff\" data-titlehovercolor=\"#1d1e23\" data-animation=\"Slide\"\n     data-activetitle=\"#1d1e23\" data-activeicon=\"\" data-activebg=\"#ffffff\" data-scroll = \"on\" data-activeindex=\"1\" >\n     <dl><dt class=\"\">\n\t        \t<a class=\"ult-tabto-actitle withBorder ult_a \" id=\"1512642751410-8d7ab-c11d\" style=\"color:#b6b8ba;;background-color:#ffffff;border-bottom-color:transparent;border-bottom-width:0px;border-bottom-style:solid;\" href=\"#1512642751410-8d7ab-c11d\">\n\t        \t\t<i class=\"accordion-icon\"><\/i>\n\t        \t\t\t<span class=\"ult_tab_main ult_ac_main ult_noacordicnBoth\">\n\n\t\t\t\t\t\t<span  data-ultimate-target='#advanced-tabs-wrap-4626 .ult-span-text'  data-responsive-json-new='{\"font-size\":\"desktop:14px;\",\"line-height\":\"\"}'  class=\"ult-span-text no_icon ult_acordian-text ult-responsive\" style=\"font-weight:bold;;color:inherit \" >Kirjeldus<\/span>\n\t\t\t\t\t\t<\/span><\/a><\/dt>\n\t            \t\t<dd class=\"ult-tabto-accordionItem ult-tabto-accolapsed\">\n\t\t\t\t            <div class=\"ult-tabto-acontent\" style=\"color:#74777b;\">\n\t\t\t\t               [vc_column_text]Kui ettev\u00f5tte asutamise, filiaali registreerimise v\u00f5i ettev\u00f5tte \u00e4riregistri muudatuskannetega on seotud\u00a0m\u00f5ni isik, kes elab alaliselt v\u00e4ljaspool Euroopa Liitu, siis on vajalik t\u00e4ita iga sellise isiku kohta residentsusn\u00f5ude erandi avaldus.<\/p>\n<p><strong>Hinnas sisaldub:<\/strong><\/p>\n<ul>\n<li>Taotluse koostamine ja esitamine Rootsi \u00e4riregistrisse.<\/li>\n<\/ul>\n<p><strong>Saadaval lisatasu eest:<\/strong><\/p>\n<ul>\n<li>Tegeliku kasusaaja m\u00e4\u00e4ramine (1750 SEKi, hind ei sisalda riigil\u00f5ivu). Kliendil tuleb tasuda riigil\u00f5iv 250 SEKi otse Rootsi \u00e4riregistrisse.<\/li>\n<\/ul>\n<p><strong>Protsessi k\u00e4ik:<\/strong><\/p>\n<ul>\n<li>Kogume kokku vajaliku informatsiooni ja dokumendid;<\/li>\n<li>T\u00e4idame vajaliku taotluse;<\/li>\n<li>Vahendame suhtlust Rootsi \u00e4riregistri ja kliendi vahel.<\/li>\n<\/ul>\n<p><strong>T\u00e4htis informatsioon:<\/strong><\/p>\n<ul>\n<li>Menetlusaeg on umbes 2 n\u00e4dalat.<\/li>\n<li>Hind sisaldab riigil\u00f5ivu.<\/li>\n<li>Residentsusn\u00f5ude erand v\u00e4ljastatakse kindlaks ajaks ja seda peab vajadusel teatud aja tagant uuendama.<\/li>\n<\/ul>\n<p>[\/vc_column_text]\n\t\t\t\t            <\/div>\n\t        \t\t\t<\/dd>\n    \t<\/dl>\n    <!--<div class=\"extraborder\" style=\"background-color:#ffffff\"><\/div>-->\n<\/div>\n\n<\/div>[\/vc_column][\/vc_row]<\/p>\n<\/div>","protected":false},"excerpt":{"rendered":"<p>Kui m\u00f5ni Rootsi aktsiaseltsi juhatuse liikmetest, asendusliikmetest, allkirja\u00f5iguslikest isikutest, tegevjuhist v\u00f5i Rootsis registreeritud filiaali tegevjuht, elab alaliselt v\u00e4ljaspool Euroopa Majanduspiirkonda, tuleb t\u00e4ita residentsusn\u00f5ude erandi avaldus.<\/p>\n","protected":false},"featured_media":60017,"template":"","meta":{"_acf_changed":false,"inline_featured_image":false},"product_brand":[],"product_cat":[308,309],"product_tag":[314],"class_list":{"0":"post-60008","1":"product","2":"type-product","3":"status-publish","4":"has-post-thumbnail","6":"product_cat-ettevotte-alustamine","7":"product_cat-juriidilised-teenused","8":"product_tag-rootsi","9":"description-off","11":"first","12":"instock","13":"taxable","14":"shipping-taxable","15":"purchasable","16":"product-type-simple"},"bundled_by":[],"bundle_stock_status":"instock","bundle_stock_quantity":null,"bundle_virtual":false,"bundle_layout":"","bundle_add_to_cart_form_location":"","bundle_editable_in_cart":false,"bundle_sold_individually_context":"","bundle_item_grouping":"","bundle_min_size":"","bundle_max_size":"","bundle_price":[],"bundled_items":[],"bundle_sell_ids":[],"acf":[],"yoast_head":"<!-- This site is optimized with the Yoast SEO Premium plugin v22.1 (Yoast SEO v27.0) - https:\/\/yoast.com\/product\/yoast-seo-premium-wordpress\/ -->\n<title>Residentsusn\u00f5ude erandi avaldus - 1Office Sweden<\/title>\n<meta name=\"description\" content=\"Kui m\u00f5ni Rootsi aktsiaseltsi juhatuse liikmetest, asendusliikmetest, allkirja\u00f5iguslikest isikutest, tegevjuhist v\u00f5i Rootsis registreeritud filiaali tegevjuht, elab alaliselt v\u00e4ljaspool Euroopa Majanduspiirkonda, tuleb t\u00e4ita residentsusn\u00f5ude erandi avaldus.\" \/>\n<meta name=\"robots\" content=\"index, follow, max-snippet:-1, max-image-preview:large, max-video-preview:-1\" \/>\n<link rel=\"canonical\" href=\"https:\/\/1office.co\/sweden\/et\/toode\/residentsusnoude-erandi-avaldus\/\" \/>\n<meta property=\"og:locale\" content=\"et_EE\" \/>\n<meta property=\"og:type\" content=\"article\" \/>\n<meta property=\"og:title\" content=\"Residentsusn\u00f5ude erandi avaldus\" \/>\n<meta property=\"og:description\" content=\"Kui m\u00f5ni Rootsi aktsiaseltsi juhatuse liikmetest, asendusliikmetest, allkirja\u00f5iguslikest isikutest, tegevjuhist v\u00f5i Rootsis registreeritud filiaali tegevjuht, elab alaliselt v\u00e4ljaspool Euroopa Majanduspiirkonda, tuleb t\u00e4ita residentsusn\u00f5ude erandi avaldus.\" \/>\n<meta property=\"og:url\" content=\"https:\/\/1office.co\/sweden\/et\/toode\/residentsusnoude-erandi-avaldus\/\" \/>\n<meta property=\"og:site_name\" content=\"1Office Sweden\" \/>\n<meta property=\"article:modified_time\" content=\"2023-06-07T12:06:24+00:00\" \/>\n<meta property=\"og:image\" content=\"https:\/\/1office.co\/sweden\/wp-content\/uploads\/sites\/13\/2021\/02\/pexels-mohammad-danish-891059.jpg\" \/>\n\t<meta property=\"og:image:width\" content=\"640\" \/>\n\t<meta property=\"og:image:height\" content=\"426\" \/>\n\t<meta property=\"og:image:type\" content=\"image\/jpeg\" \/>\n<meta name=\"twitter:card\" content=\"summary_large_image\" \/>\n<meta name=\"twitter:label1\" content=\"Est. reading time\" \/>\n\t<meta name=\"twitter:data1\" content=\"1 minut\" \/>\n<script type=\"application\/ld+json\" class=\"yoast-schema-graph\">{\"@context\":\"https:\/\/schema.org\",\"@graph\":[{\"@type\":\"WebPage\",\"@id\":\"https:\/\/1office.co\/sweden\/et\/toode\/residentsusnoude-erandi-avaldus\/\",\"url\":\"https:\/\/1office.co\/sweden\/et\/toode\/residentsusnoude-erandi-avaldus\/\",\"name\":\"Residentsusn\u00f5ude erandi avaldus - 1Office Sweden\",\"isPartOf\":{\"@id\":\"https:\/\/1office.co\/sweden\/#website\"},\"primaryImageOfPage\":{\"@id\":\"https:\/\/1office.co\/sweden\/et\/toode\/residentsusnoude-erandi-avaldus\/#primaryimage\"},\"image\":{\"@id\":\"https:\/\/1office.co\/sweden\/et\/toode\/residentsusnoude-erandi-avaldus\/#primaryimage\"},\"thumbnailUrl\":\"https:\/\/1office.co\/sweden\/wp-content\/uploads\/sites\/13\/2021\/02\/pexels-mohammad-danish-891059.jpg\",\"datePublished\":\"2021-02-11T12:39:35+00:00\",\"dateModified\":\"2023-06-07T12:06:24+00:00\",\"description\":\"Kui m\u00f5ni Rootsi aktsiaseltsi juhatuse liikmetest, asendusliikmetest, allkirja\u00f5iguslikest isikutest, tegevjuhist v\u00f5i Rootsis registreeritud filiaali tegevjuht, elab alaliselt v\u00e4ljaspool Euroopa Majanduspiirkonda, tuleb t\u00e4ita residentsusn\u00f5ude erandi avaldus.\",\"breadcrumb\":{\"@id\":\"https:\/\/1office.co\/sweden\/et\/toode\/residentsusnoude-erandi-avaldus\/#breadcrumb\"},\"inLanguage\":\"et\",\"potentialAction\":[{\"@type\":\"ReadAction\",\"target\":[\"https:\/\/1office.co\/sweden\/et\/toode\/residentsusnoude-erandi-avaldus\/\"]}]},{\"@type\":\"ImageObject\",\"inLanguage\":\"et\",\"@id\":\"https:\/\/1office.co\/sweden\/et\/toode\/residentsusnoude-erandi-avaldus\/#primaryimage\",\"url\":\"https:\/\/1office.co\/sweden\/wp-content\/uploads\/sites\/13\/2021\/02\/pexels-mohammad-danish-891059.jpg\",\"contentUrl\":\"https:\/\/1office.co\/sweden\/wp-content\/uploads\/sites\/13\/2021\/02\/pexels-mohammad-danish-891059.jpg\",\"width\":640,\"height\":426},{\"@type\":\"BreadcrumbList\",\"@id\":\"https:\/\/1office.co\/sweden\/et\/toode\/residentsusnoude-erandi-avaldus\/#breadcrumb\",\"itemListElement\":[{\"@type\":\"ListItem\",\"position\":1,\"name\":\"Home\",\"item\":\"https:\/\/1office.co\/sweden\/et\/\"},{\"@type\":\"ListItem\",\"position\":2,\"name\":\"Tee \u00e4ri Rootsis\",\"item\":\"https:\/\/1office.co\/sweden\/et\/teenused\/\"},{\"@type\":\"ListItem\",\"position\":3,\"name\":\"Residentsusn\u00f5ude erandi avaldus\"}]},{\"@type\":\"WebSite\",\"@id\":\"https:\/\/1office.co\/sweden\/#website\",\"url\":\"https:\/\/1office.co\/sweden\/\",\"name\":\"1Office Sweden\",\"description\":\"Making Business Simple\",\"potentialAction\":[{\"@type\":\"SearchAction\",\"target\":{\"@type\":\"EntryPoint\",\"urlTemplate\":\"https:\/\/1office.co\/sweden\/?s={search_term_string}\"},\"query-input\":{\"@type\":\"PropertyValueSpecification\",\"valueRequired\":true,\"valueName\":\"search_term_string\"}}],\"inLanguage\":\"et\"}]}<\/script>\n<!-- \/ Yoast SEO Premium plugin. -->","yoast_head_json":{"title":"Residentsusn\u00f5ude erandi avaldus - 1Office Sweden","description":"Kui m\u00f5ni Rootsi aktsiaseltsi juhatuse liikmetest, asendusliikmetest, allkirja\u00f5iguslikest isikutest, tegevjuhist v\u00f5i Rootsis registreeritud filiaali tegevjuht, elab alaliselt v\u00e4ljaspool Euroopa Majanduspiirkonda, tuleb t\u00e4ita residentsusn\u00f5ude erandi avaldus.","robots":{"index":"index","follow":"follow","max-snippet":"max-snippet:-1","max-image-preview":"max-image-preview:large","max-video-preview":"max-video-preview:-1"},"canonical":"https:\/\/1office.co\/sweden\/et\/toode\/residentsusnoude-erandi-avaldus\/","og_locale":"et_EE","og_type":"article","og_title":"Residentsusn\u00f5ude erandi avaldus","og_description":"Kui m\u00f5ni Rootsi aktsiaseltsi juhatuse liikmetest, asendusliikmetest, allkirja\u00f5iguslikest isikutest, tegevjuhist v\u00f5i Rootsis registreeritud filiaali tegevjuht, elab alaliselt v\u00e4ljaspool Euroopa Majanduspiirkonda, tuleb t\u00e4ita residentsusn\u00f5ude erandi avaldus.","og_url":"https:\/\/1office.co\/sweden\/et\/toode\/residentsusnoude-erandi-avaldus\/","og_site_name":"1Office Sweden","article_modified_time":"2023-06-07T12:06:24+00:00","og_image":[{"width":640,"height":426,"url":"https:\/\/1office.co\/sweden\/wp-content\/uploads\/sites\/13\/2021\/02\/pexels-mohammad-danish-891059.jpg","type":"image\/jpeg"}],"twitter_card":"summary_large_image","twitter_misc":{"Est. reading time":"1 minut"},"schema":{"@context":"https:\/\/schema.org","@graph":[{"@type":"WebPage","@id":"https:\/\/1office.co\/sweden\/et\/toode\/residentsusnoude-erandi-avaldus\/","url":"https:\/\/1office.co\/sweden\/et\/toode\/residentsusnoude-erandi-avaldus\/","name":"Residentsusn\u00f5ude erandi avaldus - 1Office Sweden","isPartOf":{"@id":"https:\/\/1office.co\/sweden\/#website"},"primaryImageOfPage":{"@id":"https:\/\/1office.co\/sweden\/et\/toode\/residentsusnoude-erandi-avaldus\/#primaryimage"},"image":{"@id":"https:\/\/1office.co\/sweden\/et\/toode\/residentsusnoude-erandi-avaldus\/#primaryimage"},"thumbnailUrl":"https:\/\/1office.co\/sweden\/wp-content\/uploads\/sites\/13\/2021\/02\/pexels-mohammad-danish-891059.jpg","datePublished":"2021-02-11T12:39:35+00:00","dateModified":"2023-06-07T12:06:24+00:00","description":"Kui m\u00f5ni Rootsi aktsiaseltsi juhatuse liikmetest, asendusliikmetest, allkirja\u00f5iguslikest isikutest, tegevjuhist v\u00f5i Rootsis registreeritud filiaali tegevjuht, elab alaliselt v\u00e4ljaspool Euroopa Majanduspiirkonda, tuleb t\u00e4ita residentsusn\u00f5ude erandi avaldus.","breadcrumb":{"@id":"https:\/\/1office.co\/sweden\/et\/toode\/residentsusnoude-erandi-avaldus\/#breadcrumb"},"inLanguage":"et","potentialAction":[{"@type":"ReadAction","target":["https:\/\/1office.co\/sweden\/et\/toode\/residentsusnoude-erandi-avaldus\/"]}]},{"@type":"ImageObject","inLanguage":"et","@id":"https:\/\/1office.co\/sweden\/et\/toode\/residentsusnoude-erandi-avaldus\/#primaryimage","url":"https:\/\/1office.co\/sweden\/wp-content\/uploads\/sites\/13\/2021\/02\/pexels-mohammad-danish-891059.jpg","contentUrl":"https:\/\/1office.co\/sweden\/wp-content\/uploads\/sites\/13\/2021\/02\/pexels-mohammad-danish-891059.jpg","width":640,"height":426},{"@type":"BreadcrumbList","@id":"https:\/\/1office.co\/sweden\/et\/toode\/residentsusnoude-erandi-avaldus\/#breadcrumb","itemListElement":[{"@type":"ListItem","position":1,"name":"Home","item":"https:\/\/1office.co\/sweden\/et\/"},{"@type":"ListItem","position":2,"name":"Tee \u00e4ri Rootsis","item":"https:\/\/1office.co\/sweden\/et\/teenused\/"},{"@type":"ListItem","position":3,"name":"Residentsusn\u00f5ude erandi avaldus"}]},{"@type":"WebSite","@id":"https:\/\/1office.co\/sweden\/#website","url":"https:\/\/1office.co\/sweden\/","name":"1Office Sweden","description":"Making Business Simple","potentialAction":[{"@type":"SearchAction","target":{"@type":"EntryPoint","urlTemplate":"https:\/\/1office.co\/sweden\/?s={search_term_string}"},"query-input":{"@type":"PropertyValueSpecification","valueRequired":true,"valueName":"search_term_string"}}],"inLanguage":"et"}]}},"_links":{"self":[{"href":"https:\/\/1office.co\/sweden\/et\/wp-json\/wp\/v2\/product\/60008","targetHints":{"allow":["GET"]}}],"collection":[{"href":"https:\/\/1office.co\/sweden\/et\/wp-json\/wp\/v2\/product"}],"about":[{"href":"https:\/\/1office.co\/sweden\/et\/wp-json\/wp\/v2\/types\/product"}],"wp:featuredmedia":[{"embeddable":true,"href":"https:\/\/1office.co\/sweden\/et\/wp-json\/wp\/v2\/media\/60017"}],"wp:attachment":[{"href":"https:\/\/1office.co\/sweden\/et\/wp-json\/wp\/v2\/media?parent=60008"}],"wp:term":[{"taxonomy":"product_brand","embeddable":true,"href":"https:\/\/1office.co\/sweden\/et\/wp-json\/wp\/v2\/product_brand?post=60008"},{"taxonomy":"product_cat","embeddable":true,"href":"https:\/\/1office.co\/sweden\/et\/wp-json\/wp\/v2\/product_cat?post=60008"},{"taxonomy":"product_tag","embeddable":true,"href":"https:\/\/1office.co\/sweden\/et\/wp-json\/wp\/v2\/product_tag?post=60008"}],"curies":[{"name":"wp","href":"https:\/\/api.w.org\/{rel}","templated":true}]}}