{"id":60702,"date":"2022-05-11T08:47:30","date_gmt":"2022-05-11T08:47:31","guid":{"rendered":"https:\/\/1office.co\/sweden\/?post_type=product&#038;p=60702"},"modified":"2023-06-07T12:32:12","modified_gmt":"2023-06-07T12:32:12","slug":"alusta-ehitusari-rootsis-stardipakett","status":"publish","type":"product","link":"https:\/\/1office.co\/sweden\/et\/toode\/alusta-ehitusari-rootsis-stardipakett\/","title":{"rendered":"Alusta ehitus\u00e4ri Rootsis &#8211; stardipakett"},"content":{"rendered":"<div class=\"wpb-content-wrapper\"><p>[vc_row][vc_column]<div id=\"advanced-tabs-desc-wrap-8067\" class=\"ult_tabs product_tabs\" style=\" \" data-tabsstyle=\"style1\"\n data-titlebg=\"#ffffff\" data-titlecolor=\"#b6b8ba\" data-fullheight=\"off\"\n data-titlehoverbg=\"#ffffff\" data-titlehovercolor=\"#1d1e23\"\n data-rotatetabs=\"0\" data-responsivemode=\"Both\" data-animation=\"Slide\"\ndata-activetitle=\"#1d1e23\" data-activeicon=\"\" data-activebg=\"#ffffff\"  data-respmode=\"Tabs\" data-respwidth=\"400\" data-scroll = \"on\" data-activeindex=\"1\"><ul id=advanced-tabs-wrap-9054 class=\"ult_tabmenu style1 \" style=\"\"><li class=\"ult_tab_li  \" data-iconcolor=\"#74777b\" data-iconhover=\"#ffffff\" style=\"background-color:#ffffff;border-color:transparent;border-width:0px;border-style:solid;border-top-right-radius:8px;\">\n\t\t\t\t\t<a href=\"#1512642751410-8d7ab-c11d\"  id=\"1512642751410-8d7ab-c11d\"  style=\"color:#b6b8ba;; padding:15px; \" class=\"ult_a  \">\n\t\t\t\t\t     <span class=\"ult_tab_main Both \">\n\t\t\t\t\t \t\t <span class=\"ult_tab_section\">\n\t\t\t\t\t   \t\t\t<span  data-ultimate-target='#advanced-tabs-wrap-9054 .ult-span-text'  data-responsive-json-new='{\"font-size\":\"desktop:14px;\",\"line-height\":\"\"}'  class=\"ult-span-text no_icon ult_tab_display_text ult-responsive\" style=\"font-weight:bold;;\">Kirjeldus<\/span>\n\t\t\t\t\t   \t\t<\/span>\n\t\t\t\t\t\t<\/span>\n\t\t\t\t\t<\/a>\n\t\t\t\t\t<\/li><\/ul><div  data-ultimate-target='#advanced-tabs-desc-wrap-8067 .ult_tabcontent .ult_tab_min_contain  p'  data-responsive-json-new='{\"font-size\":\"\",\"line-height\":\"\"}' class=\"ult_tabcontent ult-responsive style1\" style=\"color:#74777b;\"><div class=\"ult_tab_min_contain \" >\n\t\t\t<div  class=\"ult_tabitemname\"  >\n\t\t\t\t[vc_column_text]<\/p>\n<h2>Miks valida Rootsis ehitus\u00e4ri alustamiseks stardipakett?<\/h2>\n<ul>\n<li>Antud pakett on loodud spetsiaalselt ettev\u00f5tjatele, kes soovivad enda ehitusalast \u00e4ri teha Rootsis. See sisaldab k\u00f5iki teenuseid, mida vajad enne \u00e4ritegevuse alustamist ning ka teenuseid, mida vajad jooksvalt ehituse valdkonnas \u00e4ri tehes.<\/li>\n<li>Me hoolitseme Sinu ettev\u00f5tte eest &#8211; k\u00f5ik kohustuslikud aruanded ja deklaratsioonid saavad alati \u00f5igeaegselt esitatud.<\/li>\n<li>Me hoiame Sind kursus olulise info ja muudatustega ning n\u00f5ustame jooksvalt.<\/li>\n<li>Samuti on sul v\u00f5imalus j\u00e4tta kogu aegan\u00f5udev suhtlus erinevate Rootsi ametiasutustega meie hoolde.<\/li>\n<\/ul>\n<p>&nbsp;<\/p>\n<h2>Stardipakett sisaldab:<\/h2>\n<ul>\n<li>Maksuregistreeringud<\/li>\n<li>Rootsi ameti\u00fchingutega liitumise koordineerimine<\/li>\n<li>Rootsis \u00e4ri alustamise konsultatsioon<\/li>\n<li>ID06 &#8211; ettev\u00f5tte registreerimine, isikutuvastus ja juhendamine<\/li>\n<li>ID06 &#8211; viie t\u00f6\u00f6taja manuaalne isikutuvastamine<\/li>\n<li>Rootsi isikukoodi taotlemine viiele t\u00f6\u00f6tajale<\/li>\n<li>Raamatupidamise alustustasu<\/li>\n<li>Igakuine raamatupidamine<\/li>\n<li>Ligip\u00e4\u00e4s my1Office platvormile<\/li>\n<\/ul>\n<p>&nbsp;<\/p>\n<h2>Oluline informatsioon:<\/h2>\n<p>Tegeliku kasusaaja m\u00e4\u00e4ramisel peab ettev\u00f5te ise tasuma arve alusel riigil\u00f5ivu Rootsi \u00e4riregistrisse.<\/p>\n<ul>\n<li>Raamatupidamine on igakuine <em>subscription<\/em>-p\u00f5hine teenus. Tasu j\u00e4rgneva perioodi eest v\u00f5etakse krediitkaardilt automaatselt.<\/li>\n<li>Me saame pakkuda ka mitmeid erinevaid lisateenuseid:\n<ul>\n<li><a href=\"https:\/\/1office.co\/sweden\/et\/toode\/ariaadress-stockholmi-kesklinnas-2\/\" target=\"_blank\" rel=\"noopener\">\u00c4riaadress Stockholmi kesklinnas<\/a><\/li>\n<li><a href=\"https:\/\/1office.co\/sweden\/et\/toode\/kontaktisik\/\" target=\"_blank\" rel=\"noopener\">Kontaktisik<\/a><\/li>\n<li><a href=\"https:\/\/1office.co\/sweden\/et\/toode\/filiaali-asutamine\/\" target=\"_blank\" rel=\"noopener\">Filiaali asutamine<\/a><\/li>\n<li><a href=\"https:\/\/1office.co\/sweden\/et\/toode\/rootsi-valmisfirma-ab-ostmine\/\" target=\"_blank\" rel=\"noopener\">Valmisfirma<\/a><\/li>\n<li><a href=\"https:\/\/1office.co\/sweden\/et\/toode\/majandusaasta-aruanne\/\" target=\"_blank\" rel=\"noopener\">Majandusaasta aruanne<\/a> ja <a href=\"https:\/\/1office.co\/sweden\/et\/toode\/majandusaasta-tuludeklaratsioon\/\" target=\"_blank\" rel=\"noopener\">Majandusaasta tuludeklaratsioon<\/a><\/li>\n<li>ja palju muud.<\/li>\n<\/ul>\n<\/li>\n<\/ul>\n<p>[\/vc_column_text]\n\t\t\t<\/div><\/div><\/div><\/div><div class=\"ult_acord advanced-tabs-desc-wrap-8067\">\n   <div class=\"ult-tabto-accordion \" style=\"width:;\"\n    data-titlecolor=\"#b6b8ba\"  data-titlebg=\"#ffffff\"\n     data-titlehoverbg=\"#ffffff\" data-titlehovercolor=\"#1d1e23\" data-animation=\"Slide\"\n     data-activetitle=\"#1d1e23\" data-activeicon=\"\" data-activebg=\"#ffffff\" data-scroll = \"on\" data-activeindex=\"1\" >\n     <dl><dt class=\"\">\n\t        \t<a class=\"ult-tabto-actitle withBorder ult_a \" id=\"1512642751410-8d7ab-c11d\" style=\"color:#b6b8ba;;background-color:#ffffff;border-bottom-color:transparent;border-bottom-width:0px;border-bottom-style:solid;\" href=\"#1512642751410-8d7ab-c11d\">\n\t        \t\t<i class=\"accordion-icon\"><\/i>\n\t        \t\t\t<span class=\"ult_tab_main ult_ac_main ult_noacordicnBoth\">\n\n\t\t\t\t\t\t<span  data-ultimate-target='#advanced-tabs-wrap-9054 .ult-span-text'  data-responsive-json-new='{\"font-size\":\"desktop:14px;\",\"line-height\":\"\"}'  class=\"ult-span-text no_icon ult_acordian-text ult-responsive\" style=\"font-weight:bold;;color:inherit \" >Kirjeldus<\/span>\n\t\t\t\t\t\t<\/span><\/a><\/dt>\n\t            \t\t<dd class=\"ult-tabto-accordionItem ult-tabto-accolapsed\">\n\t\t\t\t            <div class=\"ult-tabto-acontent\" style=\"color:#74777b;\">\n\t\t\t\t               [vc_column_text]<\/p>\n<h2>Miks valida Rootsis ehitus\u00e4ri alustamiseks stardipakett?<\/h2>\n<ul>\n<li>Antud pakett on loodud spetsiaalselt ettev\u00f5tjatele, kes soovivad enda ehitusalast \u00e4ri teha Rootsis. See sisaldab k\u00f5iki teenuseid, mida vajad enne \u00e4ritegevuse alustamist ning ka teenuseid, mida vajad jooksvalt ehituse valdkonnas \u00e4ri tehes.<\/li>\n<li>Me hoolitseme Sinu ettev\u00f5tte eest &#8211; k\u00f5ik kohustuslikud aruanded ja deklaratsioonid saavad alati \u00f5igeaegselt esitatud.<\/li>\n<li>Me hoiame Sind kursus olulise info ja muudatustega ning n\u00f5ustame jooksvalt.<\/li>\n<li>Samuti on sul v\u00f5imalus j\u00e4tta kogu aegan\u00f5udev suhtlus erinevate Rootsi ametiasutustega meie hoolde.<\/li>\n<\/ul>\n<p>&nbsp;<\/p>\n<h2>Stardipakett sisaldab:<\/h2>\n<ul>\n<li>Maksuregistreeringud<\/li>\n<li>Rootsi ameti\u00fchingutega liitumise koordineerimine<\/li>\n<li>Rootsis \u00e4ri alustamise konsultatsioon<\/li>\n<li>ID06 &#8211; ettev\u00f5tte registreerimine, isikutuvastus ja juhendamine<\/li>\n<li>ID06 &#8211; viie t\u00f6\u00f6taja manuaalne isikutuvastamine<\/li>\n<li>Rootsi isikukoodi taotlemine viiele t\u00f6\u00f6tajale<\/li>\n<li>Raamatupidamise alustustasu<\/li>\n<li>Igakuine raamatupidamine<\/li>\n<li>Ligip\u00e4\u00e4s my1Office platvormile<\/li>\n<\/ul>\n<p>&nbsp;<\/p>\n<h2>Oluline informatsioon:<\/h2>\n<p>Tegeliku kasusaaja m\u00e4\u00e4ramisel peab ettev\u00f5te ise tasuma arve alusel riigil\u00f5ivu Rootsi \u00e4riregistrisse.<\/p>\n<ul>\n<li>Raamatupidamine on igakuine <em>subscription<\/em>-p\u00f5hine teenus. Tasu j\u00e4rgneva perioodi eest v\u00f5etakse krediitkaardilt automaatselt.<\/li>\n<li>Me saame pakkuda ka mitmeid erinevaid lisateenuseid:\n<ul>\n<li><a href=\"https:\/\/1office.co\/sweden\/et\/toode\/ariaadress-stockholmi-kesklinnas-2\/\" target=\"_blank\" rel=\"noopener\">\u00c4riaadress Stockholmi kesklinnas<\/a><\/li>\n<li><a href=\"https:\/\/1office.co\/sweden\/et\/toode\/kontaktisik\/\" target=\"_blank\" rel=\"noopener\">Kontaktisik<\/a><\/li>\n<li><a href=\"https:\/\/1office.co\/sweden\/et\/toode\/filiaali-asutamine\/\" target=\"_blank\" rel=\"noopener\">Filiaali asutamine<\/a><\/li>\n<li><a href=\"https:\/\/1office.co\/sweden\/et\/toode\/rootsi-valmisfirma-ab-ostmine\/\" target=\"_blank\" rel=\"noopener\">Valmisfirma<\/a><\/li>\n<li><a href=\"https:\/\/1office.co\/sweden\/et\/toode\/majandusaasta-aruanne\/\" target=\"_blank\" rel=\"noopener\">Majandusaasta aruanne<\/a> ja <a href=\"https:\/\/1office.co\/sweden\/et\/toode\/majandusaasta-tuludeklaratsioon\/\" target=\"_blank\" rel=\"noopener\">Majandusaasta tuludeklaratsioon<\/a><\/li>\n<li>ja palju muud.<\/li>\n<\/ul>\n<\/li>\n<\/ul>\n<p>[\/vc_column_text]\n\t\t\t\t            <\/div>\n\t        \t\t\t<\/dd>\n    \t<\/dl>\n    <!--<div class=\"extraborder\" style=\"background-color:#ffffff\"><\/div>-->\n<\/div>\n\n<\/div>[\/vc_column][\/vc_row]<\/p>\n<\/div>","protected":false},"excerpt":{"rendered":"<p>Me oleme aidanud Rootsis ettev\u00f5tlusega alustada sadadel ettev\u00f5tetel. Oleme sellesse paketti koondanud k\u00f5ik teenused, mida on tarvis, et teha ehitus\u00e4ri Rootsis.<\/p>\n<p>Esimene makse paketi eest on 25 400 + 1265 = <strong>26 665 SEK<\/strong> ja igakuine korduv makse 1265 SEK \/ kuus.<\/p>\n<p><strong>Pakett sisaldab j\u00e4rgnevaid teenuseid:<\/strong><\/p>\n","protected":false},"featured_media":60705,"template":"","meta":{"_acf_changed":false,"inline_featured_image":false},"product_brand":[],"product_cat":[351],"product_tag":[314],"class_list":{"0":"post-60702","1":"product","2":"type-product","3":"status-publish","4":"has-post-thumbnail","6":"product_cat-uncategorized-et","7":"product_tag-rootsi","8":"description-off","10":"first","11":"instock","12":"sale","13":"virtual","14":"taxable","15":"product-type-bundle"},"bundled_by":[],"bundle_stock_status":"instock","bundle_stock_quantity":"","bundle_virtual":true,"bundle_layout":"default","bundle_add_to_cart_form_location":"default","bundle_editable_in_cart":false,"bundle_sold_individually_context":"product","bundle_item_grouping":"parent","bundle_min_size":"","bundle_max_size":"","bundle_price":{"price":{"min":{"incl_tax":"25062.5","excl_tax":"20050"},"max":{"incl_tax":"25062.5","excl_tax":"20050"}},"regular_price":{"min":{"incl_tax":"29750","excl_tax":"23800"},"max":{"incl_tax":"29750","excl_tax":"23800"}}},"bundled_items":[{"bundled_item_id":183,"product_id":58413,"menu_order":0,"quantity_min":1,"quantity_max":1,"quantity_default":1,"priced_individually":true,"shipped_individually":false,"override_title":false,"title":"Konsultatsioon &#8211; \u00e4ri alustamine Rootsis","override_description":true,"description":"Konsultatsioon &#8211; \u00e4ri alustamine Rootsis","optional":false,"hide_thumbnail":false,"discount":"","override_variations":false,"allowed_variations":[""],"override_default_variation_attributes":false,"default_variation_attributes":[],"single_product_visibility":"visible","cart_visibility":"visible","order_visibility":"visible","single_product_price_visibility":"hidden","cart_price_visibility":"hidden","order_price_visibility":"hidden","stock_status":"in_stock"},{"bundled_item_id":182,"product_id":57621,"menu_order":1,"quantity_min":1,"quantity_max":1,"quantity_default":1,"priced_individually":true,"shipped_individually":true,"override_title":true,"title":"Maksuregistreeringud v\u00e4lismaisele ettev\u00f5ttele + Rootsi ameti\u00fchingutega liitumise koordineerimine","override_description":true,"description":"Maksuregistreeringud v\u00e4lismaisele ettev\u00f5ttele + Rootsi ameti\u00fchingutega liitumise koordineerimine","optional":false,"hide_thumbnail":false,"discount":"","override_variations":false,"allowed_variations":[""],"override_default_variation_attributes":false,"default_variation_attributes":[],"single_product_visibility":"visible","cart_visibility":"visible","order_visibility":"visible","single_product_price_visibility":"hidden","cart_price_visibility":"hidden","order_price_visibility":"hidden","stock_status":"in_stock"},{"bundled_item_id":184,"product_id":59126,"menu_order":2,"quantity_min":1,"quantity_max":1,"quantity_default":1,"priced_individually":true,"shipped_individually":false,"override_title":false,"title":"ID06 &#8211; Ettev\u00f5tte registreerimine, isikutuvastus ja juhendamine","override_description":false,"description":"ID06 &#8211; Ettev\u00f5tte registreerimine, isikutuvastus ja juhendamine","optional":false,"hide_thumbnail":false,"discount":"","override_variations":false,"allowed_variations":[""],"override_default_variation_attributes":false,"default_variation_attributes":[],"single_product_visibility":"visible","cart_visibility":"visible","order_visibility":"visible","single_product_price_visibility":"hidden","cart_price_visibility":"hidden","order_price_visibility":"hidden","stock_status":"in_stock"},{"bundled_item_id":185,"product_id":59134,"menu_order":3,"quantity_min":5,"quantity_max":5,"quantity_default":5,"priced_individually":true,"shipped_individually":false,"override_title":false,"title":"ID06 &#8211; T\u00f6\u00f6taja manuaalne isikutuvastamine","override_description":true,"description":"ID06 &#8211; T\u00f6\u00f6taja manuaalne isikutuvastamine","optional":false,"hide_thumbnail":false,"discount":"","override_variations":false,"allowed_variations":[""],"override_default_variation_attributes":false,"default_variation_attributes":[],"single_product_visibility":"visible","cart_visibility":"visible","order_visibility":"visible","single_product_price_visibility":"hidden","cart_price_visibility":"hidden","order_price_visibility":"hidden","stock_status":"in_stock"},{"bundled_item_id":186,"product_id":59986,"menu_order":4,"quantity_min":5,"quantity_max":5,"quantity_default":5,"priced_individually":true,"shipped_individually":false,"override_title":false,"title":"A-Skatt v\u00f5i SINK otsuse taotlemine","override_description":true,"description":"Rootsi isikukoodi taotlemine","optional":false,"hide_thumbnail":false,"discount":"50","override_variations":false,"allowed_variations":[""],"override_default_variation_attributes":false,"default_variation_attributes":[],"single_product_visibility":"visible","cart_visibility":"visible","order_visibility":"visible","single_product_price_visibility":"hidden","cart_price_visibility":"hidden","order_price_visibility":"hidden","stock_status":"in_stock"},{"bundled_item_id":321,"product_id":57706,"menu_order":5,"quantity_min":1,"quantity_max":1,"quantity_default":1,"priced_individually":true,"shipped_individually":false,"override_title":true,"title":"Raamatupidamine Rootsis stardimaks + igakuine raamatupidamine","override_description":true,"description":"T\u00e4ielikult isikup\u00e4rastatud raamatupidamisteenus, mis j\u00e4lgib teie tulemusi reaalajas ja pakub meie professionaalse meeskonna t\u00e4iskohaga tuge. Igakuine raamatupidamisteenus sisaldab palgaarvestust kuni 5 t\u00f6\u00f6tajale.","optional":false,"hide_thumbnail":false,"discount":"","override_variations":false,"allowed_variations":[""],"override_default_variation_attributes":false,"default_variation_attributes":[],"single_product_visibility":"visible","cart_visibility":"visible","order_visibility":"visible","single_product_price_visibility":"hidden","cart_price_visibility":"hidden","order_price_visibility":"hidden","stock_status":"in_stock"},{"bundled_item_id":329,"product_id":60713,"menu_order":6,"quantity_min":1265,"quantity_max":1265,"quantity_default":1265,"priced_individually":true,"shipped_individually":true,"override_title":false,"title":"Raamatupidamine \u2013 igakuine subscription (erilahendus)","override_description":false,"description":"Raamatupidamine \u2013 igakuine subscription (erilahendus)","optional":false,"hide_thumbnail":false,"discount":"","override_variations":false,"allowed_variations":[""],"override_default_variation_attributes":false,"default_variation_attributes":[],"single_product_visibility":"hidden","cart_visibility":"hidden","order_visibility":"hidden","single_product_price_visibility":"hidden","cart_price_visibility":"hidden","order_price_visibility":"hidden","stock_status":"in_stock"}],"bundle_sell_ids":[],"acf":[],"yoast_head":"<!-- This site is optimized with the Yoast SEO Premium plugin v22.1 (Yoast SEO v27.0) - https:\/\/yoast.com\/product\/yoast-seo-premium-wordpress\/ -->\n<title>Ehitus\u00e4ri alustamine Rootsis - Stardipakett I 1Office<\/title>\n<meta name=\"description\" content=\"Me oleme aidanud Rootsis ettev\u00f5tlusega alustada sadadel ettev\u00f5tetel. Oleme paketti kokku pannud k\u00f5ik tooted ehitus\u00e4ri alustamiseks Rootsis.\" \/>\n<meta name=\"robots\" content=\"index, follow, max-snippet:-1, max-image-preview:large, max-video-preview:-1\" \/>\n<link rel=\"canonical\" href=\"https:\/\/1office.co\/sweden\/et\/toode\/alusta-ehitusari-rootsis-stardipakett\/\" \/>\n<meta property=\"og:locale\" content=\"et_EE\" \/>\n<meta property=\"og:type\" content=\"article\" \/>\n<meta property=\"og:title\" content=\"Alusta ehitus\u00e4ri Rootsis - stardipakett\" \/>\n<meta property=\"og:description\" content=\"Me oleme aidanud Rootsis ettev\u00f5tlusega alustada sadadel ettev\u00f5tetel. Oleme paketti kokku pannud k\u00f5ik tooted ehitus\u00e4ri alustamiseks Rootsis.\" \/>\n<meta property=\"og:url\" content=\"https:\/\/1office.co\/sweden\/et\/toode\/alusta-ehitusari-rootsis-stardipakett\/\" \/>\n<meta property=\"og:site_name\" content=\"1Office Sweden\" \/>\n<meta property=\"article:modified_time\" content=\"2023-06-07T12:32:12+00:00\" \/>\n<meta property=\"og:image\" content=\"https:\/\/1office.co\/sweden\/wp-content\/uploads\/sites\/13\/2022\/05\/Screenshot-2022-05-09-at-21.20.44-min.png\" \/>\n\t<meta property=\"og:image:width\" content=\"1108\" \/>\n\t<meta property=\"og:image:height\" content=\"1002\" \/>\n\t<meta property=\"og:image:type\" content=\"image\/png\" \/>\n<meta name=\"twitter:card\" content=\"summary_large_image\" \/>\n<meta name=\"twitter:label1\" content=\"Est. reading time\" \/>\n\t<meta name=\"twitter:data1\" content=\"1 minut\" \/>\n<script type=\"application\/ld+json\" class=\"yoast-schema-graph\">{\"@context\":\"https:\/\/schema.org\",\"@graph\":[{\"@type\":\"WebPage\",\"@id\":\"https:\/\/1office.co\/sweden\/et\/toode\/alusta-ehitusari-rootsis-stardipakett\/\",\"url\":\"https:\/\/1office.co\/sweden\/et\/toode\/alusta-ehitusari-rootsis-stardipakett\/\",\"name\":\"Ehitus\u00e4ri alustamine Rootsis - Stardipakett I 1Office\",\"isPartOf\":{\"@id\":\"https:\/\/1office.co\/sweden\/#website\"},\"primaryImageOfPage\":{\"@id\":\"https:\/\/1office.co\/sweden\/et\/toode\/alusta-ehitusari-rootsis-stardipakett\/#primaryimage\"},\"image\":{\"@id\":\"https:\/\/1office.co\/sweden\/et\/toode\/alusta-ehitusari-rootsis-stardipakett\/#primaryimage\"},\"thumbnailUrl\":\"https:\/\/1office.co\/sweden\/wp-content\/uploads\/sites\/13\/2022\/05\/Screenshot-2022-05-09-at-21.20.44-min.png\",\"datePublished\":\"2022-05-11T08:47:31+00:00\",\"dateModified\":\"2023-06-07T12:32:12+00:00\",\"description\":\"Me oleme aidanud Rootsis ettev\u00f5tlusega alustada sadadel ettev\u00f5tetel. Oleme paketti kokku pannud k\u00f5ik tooted ehitus\u00e4ri alustamiseks Rootsis.\",\"breadcrumb\":{\"@id\":\"https:\/\/1office.co\/sweden\/et\/toode\/alusta-ehitusari-rootsis-stardipakett\/#breadcrumb\"},\"inLanguage\":\"et\",\"potentialAction\":[{\"@type\":\"ReadAction\",\"target\":[\"https:\/\/1office.co\/sweden\/et\/toode\/alusta-ehitusari-rootsis-stardipakett\/\"]}]},{\"@type\":\"ImageObject\",\"inLanguage\":\"et\",\"@id\":\"https:\/\/1office.co\/sweden\/et\/toode\/alusta-ehitusari-rootsis-stardipakett\/#primaryimage\",\"url\":\"https:\/\/1office.co\/sweden\/wp-content\/uploads\/sites\/13\/2022\/05\/Screenshot-2022-05-09-at-21.20.44-min.png\",\"contentUrl\":\"https:\/\/1office.co\/sweden\/wp-content\/uploads\/sites\/13\/2022\/05\/Screenshot-2022-05-09-at-21.20.44-min.png\",\"width\":1108,\"height\":1002,\"caption\":\"Start Construction Business in Sweden\"},{\"@type\":\"BreadcrumbList\",\"@id\":\"https:\/\/1office.co\/sweden\/et\/toode\/alusta-ehitusari-rootsis-stardipakett\/#breadcrumb\",\"itemListElement\":[{\"@type\":\"ListItem\",\"position\":1,\"name\":\"Home\",\"item\":\"https:\/\/1office.co\/sweden\/et\/\"},{\"@type\":\"ListItem\",\"position\":2,\"name\":\"Tee \u00e4ri Rootsis\",\"item\":\"https:\/\/1office.co\/sweden\/et\/teenused\/\"},{\"@type\":\"ListItem\",\"position\":3,\"name\":\"Alusta ehitus\u00e4ri Rootsis &#8211; stardipakett\"}]},{\"@type\":\"WebSite\",\"@id\":\"https:\/\/1office.co\/sweden\/#website\",\"url\":\"https:\/\/1office.co\/sweden\/\",\"name\":\"1Office Sweden\",\"description\":\"Making Business Simple\",\"potentialAction\":[{\"@type\":\"SearchAction\",\"target\":{\"@type\":\"EntryPoint\",\"urlTemplate\":\"https:\/\/1office.co\/sweden\/?s={search_term_string}\"},\"query-input\":{\"@type\":\"PropertyValueSpecification\",\"valueRequired\":true,\"valueName\":\"search_term_string\"}}],\"inLanguage\":\"et\"}]}<\/script>\n<!-- \/ Yoast SEO Premium plugin. -->","yoast_head_json":{"title":"Ehitus\u00e4ri alustamine Rootsis - Stardipakett I 1Office","description":"Me oleme aidanud Rootsis ettev\u00f5tlusega alustada sadadel ettev\u00f5tetel. Oleme paketti kokku pannud k\u00f5ik tooted ehitus\u00e4ri alustamiseks Rootsis.","robots":{"index":"index","follow":"follow","max-snippet":"max-snippet:-1","max-image-preview":"max-image-preview:large","max-video-preview":"max-video-preview:-1"},"canonical":"https:\/\/1office.co\/sweden\/et\/toode\/alusta-ehitusari-rootsis-stardipakett\/","og_locale":"et_EE","og_type":"article","og_title":"Alusta ehitus\u00e4ri Rootsis - stardipakett","og_description":"Me oleme aidanud Rootsis ettev\u00f5tlusega alustada sadadel ettev\u00f5tetel. Oleme paketti kokku pannud k\u00f5ik tooted ehitus\u00e4ri alustamiseks Rootsis.","og_url":"https:\/\/1office.co\/sweden\/et\/toode\/alusta-ehitusari-rootsis-stardipakett\/","og_site_name":"1Office Sweden","article_modified_time":"2023-06-07T12:32:12+00:00","og_image":[{"width":1108,"height":1002,"url":"https:\/\/1office.co\/sweden\/wp-content\/uploads\/sites\/13\/2022\/05\/Screenshot-2022-05-09-at-21.20.44-min.png","type":"image\/png"}],"twitter_card":"summary_large_image","twitter_misc":{"Est. reading time":"1 minut"},"schema":{"@context":"https:\/\/schema.org","@graph":[{"@type":"WebPage","@id":"https:\/\/1office.co\/sweden\/et\/toode\/alusta-ehitusari-rootsis-stardipakett\/","url":"https:\/\/1office.co\/sweden\/et\/toode\/alusta-ehitusari-rootsis-stardipakett\/","name":"Ehitus\u00e4ri alustamine Rootsis - Stardipakett I 1Office","isPartOf":{"@id":"https:\/\/1office.co\/sweden\/#website"},"primaryImageOfPage":{"@id":"https:\/\/1office.co\/sweden\/et\/toode\/alusta-ehitusari-rootsis-stardipakett\/#primaryimage"},"image":{"@id":"https:\/\/1office.co\/sweden\/et\/toode\/alusta-ehitusari-rootsis-stardipakett\/#primaryimage"},"thumbnailUrl":"https:\/\/1office.co\/sweden\/wp-content\/uploads\/sites\/13\/2022\/05\/Screenshot-2022-05-09-at-21.20.44-min.png","datePublished":"2022-05-11T08:47:31+00:00","dateModified":"2023-06-07T12:32:12+00:00","description":"Me oleme aidanud Rootsis ettev\u00f5tlusega alustada sadadel ettev\u00f5tetel. Oleme paketti kokku pannud k\u00f5ik tooted ehitus\u00e4ri alustamiseks Rootsis.","breadcrumb":{"@id":"https:\/\/1office.co\/sweden\/et\/toode\/alusta-ehitusari-rootsis-stardipakett\/#breadcrumb"},"inLanguage":"et","potentialAction":[{"@type":"ReadAction","target":["https:\/\/1office.co\/sweden\/et\/toode\/alusta-ehitusari-rootsis-stardipakett\/"]}]},{"@type":"ImageObject","inLanguage":"et","@id":"https:\/\/1office.co\/sweden\/et\/toode\/alusta-ehitusari-rootsis-stardipakett\/#primaryimage","url":"https:\/\/1office.co\/sweden\/wp-content\/uploads\/sites\/13\/2022\/05\/Screenshot-2022-05-09-at-21.20.44-min.png","contentUrl":"https:\/\/1office.co\/sweden\/wp-content\/uploads\/sites\/13\/2022\/05\/Screenshot-2022-05-09-at-21.20.44-min.png","width":1108,"height":1002,"caption":"Start Construction Business in Sweden"},{"@type":"BreadcrumbList","@id":"https:\/\/1office.co\/sweden\/et\/toode\/alusta-ehitusari-rootsis-stardipakett\/#breadcrumb","itemListElement":[{"@type":"ListItem","position":1,"name":"Home","item":"https:\/\/1office.co\/sweden\/et\/"},{"@type":"ListItem","position":2,"name":"Tee \u00e4ri Rootsis","item":"https:\/\/1office.co\/sweden\/et\/teenused\/"},{"@type":"ListItem","position":3,"name":"Alusta ehitus\u00e4ri Rootsis &#8211; stardipakett"}]},{"@type":"WebSite","@id":"https:\/\/1office.co\/sweden\/#website","url":"https:\/\/1office.co\/sweden\/","name":"1Office Sweden","description":"Making Business Simple","potentialAction":[{"@type":"SearchAction","target":{"@type":"EntryPoint","urlTemplate":"https:\/\/1office.co\/sweden\/?s={search_term_string}"},"query-input":{"@type":"PropertyValueSpecification","valueRequired":true,"valueName":"search_term_string"}}],"inLanguage":"et"}]}},"_links":{"self":[{"href":"https:\/\/1office.co\/sweden\/et\/wp-json\/wp\/v2\/product\/60702","targetHints":{"allow":["GET"]}}],"collection":[{"href":"https:\/\/1office.co\/sweden\/et\/wp-json\/wp\/v2\/product"}],"about":[{"href":"https:\/\/1office.co\/sweden\/et\/wp-json\/wp\/v2\/types\/product"}],"wp:featuredmedia":[{"embeddable":true,"href":"https:\/\/1office.co\/sweden\/et\/wp-json\/wp\/v2\/media\/60705"}],"wp:attachment":[{"href":"https:\/\/1office.co\/sweden\/et\/wp-json\/wp\/v2\/media?parent=60702"}],"wp:term":[{"taxonomy":"product_brand","embeddable":true,"href":"https:\/\/1office.co\/sweden\/et\/wp-json\/wp\/v2\/product_brand?post=60702"},{"taxonomy":"product_cat","embeddable":true,"href":"https:\/\/1office.co\/sweden\/et\/wp-json\/wp\/v2\/product_cat?post=60702"},{"taxonomy":"product_tag","embeddable":true,"href":"https:\/\/1office.co\/sweden\/et\/wp-json\/wp\/v2\/product_tag?post=60702"}],"curies":[{"name":"wp","href":"https:\/\/api.w.org\/{rel}","templated":true}]}}