{"id":60758,"date":"2022-06-07T13:52:09","date_gmt":"2022-06-07T13:52:10","guid":{"rendered":"https:\/\/1office.co\/sweden\/?post_type=product&#038;p=60758"},"modified":"2022-06-09T10:48:09","modified_gmt":"2022-06-09T10:48:09","slug":"alusta-ehitusari-rootsis-stardipakett-ehitusvaldkond","status":"publish","type":"product","link":"https:\/\/1office.co\/sweden\/et\/toode\/alusta-ehitusari-rootsis-stardipakett-ehitusvaldkond\/","title":{"rendered":"Alusta ehitus\u00e4ri Rootsis \u2013 stardipakett"},"content":{"rendered":"<div class=\"wpb-content-wrapper\"><p>[vc_row][vc_column]<div id=\"advanced-tabs-desc-wrap-6681\" class=\"ult_tabs product_tabs\" style=\" \" data-tabsstyle=\"style1\"\n data-titlebg=\"#ffffff\" data-titlecolor=\"#b6b8ba\" data-fullheight=\"off\"\n data-titlehoverbg=\"#ffffff\" data-titlehovercolor=\"#1d1e23\"\n data-rotatetabs=\"0\" data-responsivemode=\"Both\" data-animation=\"Slide\"\ndata-activetitle=\"#1d1e23\" data-activeicon=\"\" data-activebg=\"#ffffff\"  data-respmode=\"Tabs\" data-respwidth=\"400\" data-scroll = \"on\" data-activeindex=\"1\"><ul id=advanced-tabs-wrap-1115 class=\"ult_tabmenu style1 \" style=\"\"><li class=\"ult_tab_li  \" data-iconcolor=\"#74777b\" data-iconhover=\"#ffffff\" style=\"background-color:#ffffff;border-color:transparent;border-width:0px;border-style:solid;border-top-right-radius:8px;\">\n\t\t\t\t\t<a href=\"#1512642751410-8d7ab-c11d\"  id=\"1512642751410-8d7ab-c11d\"  style=\"color:#b6b8ba;; padding:15px; \" class=\"ult_a  \">\n\t\t\t\t\t     <span class=\"ult_tab_main Both \">\n\t\t\t\t\t \t\t <span class=\"ult_tab_section\">\n\t\t\t\t\t   \t\t\t<span  data-ultimate-target='#advanced-tabs-wrap-1115 .ult-span-text'  data-responsive-json-new='{\"font-size\":\"desktop:14px;\",\"line-height\":\"\"}'  class=\"ult-span-text no_icon ult_tab_display_text ult-responsive\" style=\"font-weight:bold;;\">Kirjeldus<\/span>\n\t\t\t\t\t   \t\t<\/span>\n\t\t\t\t\t\t<\/span>\n\t\t\t\t\t<\/a>\n\t\t\t\t\t<\/li><\/ul><div  data-ultimate-target='#advanced-tabs-desc-wrap-6681 .ult_tabcontent .ult_tab_min_contain  p'  data-responsive-json-new='{\"font-size\":\"\",\"line-height\":\"\"}' class=\"ult_tabcontent ult-responsive style1\" style=\"color:#74777b;\"><div class=\"ult_tab_min_contain \" >\n\t\t\t<div  class=\"ult_tabitemname\"  >\n\t\t\t\t[vc_column_text]<\/p>\n<h2>Miks valida Rootsis ehitus\u00e4ri alustamiseks stardipakett?<\/h2>\n<p>&nbsp;<\/p>\n<ul>\n<li>Antud pakett on loodud spetsiaalselt ettev\u00f5tjatele, kes soovivad enda ehitusalast \u00e4ri teha Rootsis. See sisaldab k\u00f5iki teenuseid, mida vajad enne \u00e4ritegevuse alustamist ning ka teenuseid, mida vajad jooksvalt ehituse valdkonnas \u00e4ri tehes.<\/li>\n<li>Me hoolitseme Sinu ettev\u00f5tte eest &#8211; k\u00f5ik kohustuslikud aruanded ja deklaratsioonid saavad alati \u00f5igeaegselt esitatud.<\/li>\n<li>Me hoiame Sind kursus olulise info ja muudatustega ning n\u00f5ustame jooksvalt.<\/li>\n<li>Samuti on sul v\u00f5imalus j\u00e4tta kogu aegan\u00f5udev suhtlus erinevate Rootsi ametiasutustega meie hoolde.<\/li>\n<\/ul>\n<p>&nbsp;<\/p>\n<h2>Stardipakett sisaldab:<\/h2>\n<p>&nbsp;<\/p>\n<ul>\n<li><strong>Rootsis \u00e4ri alustamise konsultatsioon<\/strong><br \/>\nKonsultatsioon annab \u00fclevaate teemadest, mis seostuvad Rootsis \u00e4ri alustamisega. Me katame k\u00f5ik vajalikud teemad \u2013 sobivad alustamise v\u00f5imalused, ettev\u00f5tte struktuur, kohustused, t\u00e4htajad, maksustamine ja seadused Rootsis.<\/li>\n<li><strong>Maksuregistreeringud<\/strong><br \/>\nAlustamaks \u00e4ritegevusega Rootsis, on eelnevalt vajalik taotleda mitmeid maksuregistreeringuid.<\/li>\n<li><strong>Rootsi ameti\u00fchingutega liitumise koordineerimine<\/strong><br \/>\nAmeti\u00fchingutega liitumine on vajalik kuna suurem osa Rootsi t\u00f6\u00f6tajatest kuulub erinevatesse \u00fchingutesse. T\u00f6\u00f6andjana on oluline m\u00f5ista kohustusi, mis kaasnevad \u00e4ri\u00fchingutega liitumisega.<\/li>\n<li><strong>ID06 &#8211; ettev\u00f5tte registreerimine, isikutuvastus ja juhendamine<\/strong><br \/>\nUue ID06 2.0 kaardi tellimise jaoks ettev\u00f5tte registreerimine ID06 portaalis. Manuaalne isikutuvastamine nii ettev\u00f5tte esindajatele kui ka t\u00f6\u00f6tajatele toimub mugavalt Tallinnas 1Office O\u00dc kontoris (Narva mnt 5).<\/li>\n<li><strong>ID06 &#8211; \u00fche t\u00f6\u00f6taja manuaalne isikutuvastamine<\/strong><br \/>\nUue ID06 2.0 kaardi tellimise jaoks vajalik t\u00f6\u00f6taja manuaalne isikutuvastamine. Isikutuvastus nii ettev\u00f5tte esindajatele kui ka t\u00f6\u00f6tajatele toimub mugavalt Tallinnas 1Office O\u00dc kontoris (Narva mnt 5). Iga j\u00e4rgneva t\u00f6\u00f6taja isikutuvastamine maksab 450 SEK.<\/li>\n<li><strong>Rootsi isikukoodi taotlemine \u00fchele t\u00f6\u00f6tajale<\/strong><br \/>\nRootsis ajutiselt t\u00f6\u00f6tades v\u00f5i alaliselt elades ja t\u00f6\u00f6tades on vajalik omada Rootsi isikukoodi. Aitame Sind Rootsi ajutiste v\u00f5i alaliste isikukoodide taotlemisel. Iga j\u00e4rgneva t\u00f6\u00f6taja isikukoodi taotlemine maksab 1500 SEK.<\/li>\n<li><strong>Raamatupidamise alustustasu<\/strong><br \/>\nT\u00e4ielikult automatiseeritud teenus, mis j\u00e4lgib tulemusi reaalajas, annab ligip\u00e4\u00e4sud k\u00f5igele, millest v\u00e4hegi unistada oskad ning pakub t\u00e4ielikku tuge meie professionaalse tiimi poolt.<\/li>\n<li><strong>Igakuine baasraamatupidamine<\/strong><br \/>\nSisaldab deklaratsioonide esitamist, aruandlust ametiasutustesse ja palgaarvestust kuni viiele t\u00f6\u00f6tajale. Lisamahud saadaval lisatasu eest.<\/li>\n<li><strong>Ligip\u00e4\u00e4s my1Office platvormile<\/strong><\/li>\n<\/ul>\n<p>&nbsp;<\/p>\n<h2>Oluline informatsioon:<\/h2>\n<p>&nbsp;<\/p>\n<ul>\n<li>Tegeliku kasusaaja m\u00e4\u00e4ramisel peab ettev\u00f5te ise tasuma arve alusel riigil\u00f5ivu Rootsi \u00e4riregistrisse.<\/li>\n<li>Raamatupidamine on igakuine <em>subscription<\/em>-p\u00f5hine teenus. Tasu j\u00e4rgneva perioodi eest v\u00f5etakse krediitkaardilt automaatselt.<\/li>\n<li>Me saame pakkuda ka mitmeid erinevaid lisateenuseid:\n<ul>\n<li><a href=\"https:\/\/1office.co\/sweden\/et\/toode\/ariaadress-stockholmi-kesklinnas-2\/\" target=\"_blank\" rel=\"noopener\">\u00c4riaadress Stockholmi kesklinnas<\/a><\/li>\n<li><a href=\"https:\/\/1office.co\/sweden\/et\/toode\/kontaktisik\/\" target=\"_blank\" rel=\"noopener\">Kontaktisik<\/a><\/li>\n<li><a href=\"https:\/\/1office.co\/sweden\/et\/toode\/filiaali-asutamine\/\" target=\"_blank\" rel=\"noopener\">Filiaali asutamine<\/a><\/li>\n<li><a href=\"https:\/\/1office.co\/sweden\/et\/toode\/rootsi-valmisfirma-ab-ostmine\/\" target=\"_blank\" rel=\"noopener\">Valmisfirma<\/a><\/li>\n<li><a href=\"https:\/\/1office.co\/sweden\/et\/toode\/majandusaasta-aruanne\/\" target=\"_blank\" rel=\"noopener\">Majandusaasta aruanne<\/a> ja <a href=\"https:\/\/1office.co\/sweden\/et\/toode\/majandusaasta-tuludeklaratsioon\/\" target=\"_blank\" rel=\"noopener\">Majandusaasta tuludeklaratsioon<\/a><\/li>\n<li>ja palju muud.<\/li>\n<\/ul>\n<\/li>\n<\/ul>\n<p>[\/vc_column_text]\n\t\t\t<\/div><\/div><\/div><\/div><div class=\"ult_acord advanced-tabs-desc-wrap-6681\">\n   <div class=\"ult-tabto-accordion \" style=\"width:;\"\n    data-titlecolor=\"#b6b8ba\"  data-titlebg=\"#ffffff\"\n     data-titlehoverbg=\"#ffffff\" data-titlehovercolor=\"#1d1e23\" data-animation=\"Slide\"\n     data-activetitle=\"#1d1e23\" data-activeicon=\"\" data-activebg=\"#ffffff\" data-scroll = \"on\" data-activeindex=\"1\" >\n     <dl><dt class=\"\">\n\t        \t<a class=\"ult-tabto-actitle withBorder ult_a \" id=\"1512642751410-8d7ab-c11d\" style=\"color:#b6b8ba;;background-color:#ffffff;border-bottom-color:transparent;border-bottom-width:0px;border-bottom-style:solid;\" href=\"#1512642751410-8d7ab-c11d\">\n\t        \t\t<i class=\"accordion-icon\"><\/i>\n\t        \t\t\t<span class=\"ult_tab_main ult_ac_main ult_noacordicnBoth\">\n\n\t\t\t\t\t\t<span  data-ultimate-target='#advanced-tabs-wrap-1115 .ult-span-text'  data-responsive-json-new='{\"font-size\":\"desktop:14px;\",\"line-height\":\"\"}'  class=\"ult-span-text no_icon ult_acordian-text ult-responsive\" style=\"font-weight:bold;;color:inherit \" >Kirjeldus<\/span>\n\t\t\t\t\t\t<\/span><\/a><\/dt>\n\t            \t\t<dd class=\"ult-tabto-accordionItem ult-tabto-accolapsed\">\n\t\t\t\t            <div class=\"ult-tabto-acontent\" style=\"color:#74777b;\">\n\t\t\t\t               [vc_column_text]<\/p>\n<h2>Miks valida Rootsis ehitus\u00e4ri alustamiseks stardipakett?<\/h2>\n<p>&nbsp;<\/p>\n<ul>\n<li>Antud pakett on loodud spetsiaalselt ettev\u00f5tjatele, kes soovivad enda ehitusalast \u00e4ri teha Rootsis. See sisaldab k\u00f5iki teenuseid, mida vajad enne \u00e4ritegevuse alustamist ning ka teenuseid, mida vajad jooksvalt ehituse valdkonnas \u00e4ri tehes.<\/li>\n<li>Me hoolitseme Sinu ettev\u00f5tte eest &#8211; k\u00f5ik kohustuslikud aruanded ja deklaratsioonid saavad alati \u00f5igeaegselt esitatud.<\/li>\n<li>Me hoiame Sind kursus olulise info ja muudatustega ning n\u00f5ustame jooksvalt.<\/li>\n<li>Samuti on sul v\u00f5imalus j\u00e4tta kogu aegan\u00f5udev suhtlus erinevate Rootsi ametiasutustega meie hoolde.<\/li>\n<\/ul>\n<p>&nbsp;<\/p>\n<h2>Stardipakett sisaldab:<\/h2>\n<p>&nbsp;<\/p>\n<ul>\n<li><strong>Rootsis \u00e4ri alustamise konsultatsioon<\/strong><br \/>\nKonsultatsioon annab \u00fclevaate teemadest, mis seostuvad Rootsis \u00e4ri alustamisega. Me katame k\u00f5ik vajalikud teemad \u2013 sobivad alustamise v\u00f5imalused, ettev\u00f5tte struktuur, kohustused, t\u00e4htajad, maksustamine ja seadused Rootsis.<\/li>\n<li><strong>Maksuregistreeringud<\/strong><br \/>\nAlustamaks \u00e4ritegevusega Rootsis, on eelnevalt vajalik taotleda mitmeid maksuregistreeringuid.<\/li>\n<li><strong>Rootsi ameti\u00fchingutega liitumise koordineerimine<\/strong><br \/>\nAmeti\u00fchingutega liitumine on vajalik kuna suurem osa Rootsi t\u00f6\u00f6tajatest kuulub erinevatesse \u00fchingutesse. T\u00f6\u00f6andjana on oluline m\u00f5ista kohustusi, mis kaasnevad \u00e4ri\u00fchingutega liitumisega.<\/li>\n<li><strong>ID06 &#8211; ettev\u00f5tte registreerimine, isikutuvastus ja juhendamine<\/strong><br \/>\nUue ID06 2.0 kaardi tellimise jaoks ettev\u00f5tte registreerimine ID06 portaalis. Manuaalne isikutuvastamine nii ettev\u00f5tte esindajatele kui ka t\u00f6\u00f6tajatele toimub mugavalt Tallinnas 1Office O\u00dc kontoris (Narva mnt 5).<\/li>\n<li><strong>ID06 &#8211; \u00fche t\u00f6\u00f6taja manuaalne isikutuvastamine<\/strong><br \/>\nUue ID06 2.0 kaardi tellimise jaoks vajalik t\u00f6\u00f6taja manuaalne isikutuvastamine. Isikutuvastus nii ettev\u00f5tte esindajatele kui ka t\u00f6\u00f6tajatele toimub mugavalt Tallinnas 1Office O\u00dc kontoris (Narva mnt 5). Iga j\u00e4rgneva t\u00f6\u00f6taja isikutuvastamine maksab 450 SEK.<\/li>\n<li><strong>Rootsi isikukoodi taotlemine \u00fchele t\u00f6\u00f6tajale<\/strong><br \/>\nRootsis ajutiselt t\u00f6\u00f6tades v\u00f5i alaliselt elades ja t\u00f6\u00f6tades on vajalik omada Rootsi isikukoodi. Aitame Sind Rootsi ajutiste v\u00f5i alaliste isikukoodide taotlemisel. Iga j\u00e4rgneva t\u00f6\u00f6taja isikukoodi taotlemine maksab 1500 SEK.<\/li>\n<li><strong>Raamatupidamise alustustasu<\/strong><br \/>\nT\u00e4ielikult automatiseeritud teenus, mis j\u00e4lgib tulemusi reaalajas, annab ligip\u00e4\u00e4sud k\u00f5igele, millest v\u00e4hegi unistada oskad ning pakub t\u00e4ielikku tuge meie professionaalse tiimi poolt.<\/li>\n<li><strong>Igakuine baasraamatupidamine<\/strong><br \/>\nSisaldab deklaratsioonide esitamist, aruandlust ametiasutustesse ja palgaarvestust kuni viiele t\u00f6\u00f6tajale. Lisamahud saadaval lisatasu eest.<\/li>\n<li><strong>Ligip\u00e4\u00e4s my1Office platvormile<\/strong><\/li>\n<\/ul>\n<p>&nbsp;<\/p>\n<h2>Oluline informatsioon:<\/h2>\n<p>&nbsp;<\/p>\n<ul>\n<li>Tegeliku kasusaaja m\u00e4\u00e4ramisel peab ettev\u00f5te ise tasuma arve alusel riigil\u00f5ivu Rootsi \u00e4riregistrisse.<\/li>\n<li>Raamatupidamine on igakuine <em>subscription<\/em>-p\u00f5hine teenus. Tasu j\u00e4rgneva perioodi eest v\u00f5etakse krediitkaardilt automaatselt.<\/li>\n<li>Me saame pakkuda ka mitmeid erinevaid lisateenuseid:\n<ul>\n<li><a href=\"https:\/\/1office.co\/sweden\/et\/toode\/ariaadress-stockholmi-kesklinnas-2\/\" target=\"_blank\" rel=\"noopener\">\u00c4riaadress Stockholmi kesklinnas<\/a><\/li>\n<li><a href=\"https:\/\/1office.co\/sweden\/et\/toode\/kontaktisik\/\" target=\"_blank\" rel=\"noopener\">Kontaktisik<\/a><\/li>\n<li><a href=\"https:\/\/1office.co\/sweden\/et\/toode\/filiaali-asutamine\/\" target=\"_blank\" rel=\"noopener\">Filiaali asutamine<\/a><\/li>\n<li><a href=\"https:\/\/1office.co\/sweden\/et\/toode\/rootsi-valmisfirma-ab-ostmine\/\" target=\"_blank\" rel=\"noopener\">Valmisfirma<\/a><\/li>\n<li><a href=\"https:\/\/1office.co\/sweden\/et\/toode\/majandusaasta-aruanne\/\" target=\"_blank\" rel=\"noopener\">Majandusaasta aruanne<\/a> ja <a href=\"https:\/\/1office.co\/sweden\/et\/toode\/majandusaasta-tuludeklaratsioon\/\" target=\"_blank\" rel=\"noopener\">Majandusaasta tuludeklaratsioon<\/a><\/li>\n<li>ja palju muud.<\/li>\n<\/ul>\n<\/li>\n<\/ul>\n<p>[\/vc_column_text]\n\t\t\t\t            <\/div>\n\t        \t\t\t<\/dd>\n    \t<\/dl>\n    <!--<div class=\"extraborder\" style=\"background-color:#ffffff\"><\/div>-->\n<\/div>\n\n<\/div>[\/vc_column][\/vc_row]<\/p>\n<\/div>","protected":false},"excerpt":{"rendered":"<p>Me oleme aidanud Rootsis ettev\u00f5tlusega alustada sadadel ettev\u00f5tetel. Oleme sellesse paketti koondanud k\u00f5ik teenused, mida on tarvis, et teha ehitus\u00e4ri Rootsis.<\/p>\n<p>Esimene makse paketi eest on 19 700 + 750 = <strong>20 450 SEK<\/strong> ja igakuine korduv makse 750 SEK \/ kuus.<\/p>\n","protected":false},"featured_media":60705,"template":"","meta":{"_acf_changed":false,"inline_featured_image":false},"product_brand":[],"product_cat":[351],"product_tag":[],"class_list":{"0":"post-60758","1":"product","2":"type-product","3":"status-publish","4":"has-post-thumbnail","6":"product_cat-uncategorized-et","7":"description-off","9":"first","10":"instock","11":"taxable","12":"shipping-taxable","13":"purchasable","14":"product-type-subscription"},"bundled_by":[],"bundle_stock_status":"instock","bundle_stock_quantity":null,"bundle_virtual":false,"bundle_layout":"","bundle_add_to_cart_form_location":"","bundle_editable_in_cart":false,"bundle_sold_individually_context":"","bundle_item_grouping":"","bundle_min_size":"","bundle_max_size":"","bundle_price":[],"bundled_items":[],"bundle_sell_ids":[],"acf":[],"yoast_head":"<!-- This site is optimized with the Yoast SEO Premium plugin v22.1 (Yoast SEO v27.0) - https:\/\/yoast.com\/product\/yoast-seo-premium-wordpress\/ -->\n<title>Ehitus\u00e4ri alustamine Rootsis - Stardipakett I 1Office<\/title>\n<meta name=\"description\" content=\"Me oleme aidanud Rootsis ettev\u00f5tlusega alustada sadadel ettev\u00f5tetel. Oleme paketti kokku pannud k\u00f5ik tooted ehitus\u00e4ri alustamiseks Rootsis.\" \/>\n<meta name=\"robots\" content=\"index, follow, max-snippet:-1, max-image-preview:large, max-video-preview:-1\" \/>\n<link rel=\"canonical\" href=\"https:\/\/1office.co\/sweden\/et\/toode\/alusta-ehitusari-rootsis-stardipakett-ehitusvaldkond\/\" \/>\n<meta property=\"og:locale\" content=\"et_EE\" \/>\n<meta property=\"og:type\" content=\"article\" \/>\n<meta property=\"og:title\" content=\"Alusta ehitus\u00e4ri Rootsis \u2013 stardipakett\" \/>\n<meta property=\"og:description\" content=\"Me oleme aidanud Rootsis ettev\u00f5tlusega alustada sadadel ettev\u00f5tetel. Oleme paketti kokku pannud k\u00f5ik tooted ehitus\u00e4ri alustamiseks Rootsis.\" \/>\n<meta property=\"og:url\" content=\"https:\/\/1office.co\/sweden\/et\/toode\/alusta-ehitusari-rootsis-stardipakett-ehitusvaldkond\/\" \/>\n<meta property=\"og:site_name\" content=\"1Office Sweden\" \/>\n<meta property=\"article:modified_time\" content=\"2022-06-09T10:48:09+00:00\" \/>\n<meta property=\"og:image\" content=\"https:\/\/1office.co\/sweden\/wp-content\/uploads\/sites\/13\/2022\/05\/Screenshot-2022-05-09-at-21.20.44-min.png\" \/>\n\t<meta property=\"og:image:width\" content=\"1108\" \/>\n\t<meta property=\"og:image:height\" content=\"1002\" \/>\n\t<meta property=\"og:image:type\" content=\"image\/png\" \/>\n<meta name=\"twitter:card\" content=\"summary_large_image\" \/>\n<meta name=\"twitter:label1\" content=\"Est. reading time\" \/>\n\t<meta name=\"twitter:data1\" content=\"2 minutit\" \/>\n<script type=\"application\/ld+json\" class=\"yoast-schema-graph\">{\"@context\":\"https:\/\/schema.org\",\"@graph\":[{\"@type\":\"WebPage\",\"@id\":\"https:\/\/1office.co\/sweden\/et\/toode\/alusta-ehitusari-rootsis-stardipakett-ehitusvaldkond\/\",\"url\":\"https:\/\/1office.co\/sweden\/et\/toode\/alusta-ehitusari-rootsis-stardipakett-ehitusvaldkond\/\",\"name\":\"Ehitus\u00e4ri alustamine Rootsis - Stardipakett I 1Office\",\"isPartOf\":{\"@id\":\"https:\/\/1office.co\/sweden\/#website\"},\"primaryImageOfPage\":{\"@id\":\"https:\/\/1office.co\/sweden\/et\/toode\/alusta-ehitusari-rootsis-stardipakett-ehitusvaldkond\/#primaryimage\"},\"image\":{\"@id\":\"https:\/\/1office.co\/sweden\/et\/toode\/alusta-ehitusari-rootsis-stardipakett-ehitusvaldkond\/#primaryimage\"},\"thumbnailUrl\":\"https:\/\/1office.co\/sweden\/wp-content\/uploads\/sites\/13\/2022\/05\/Screenshot-2022-05-09-at-21.20.44-min.png\",\"datePublished\":\"2022-06-07T13:52:10+00:00\",\"dateModified\":\"2022-06-09T10:48:09+00:00\",\"description\":\"Me oleme aidanud Rootsis ettev\u00f5tlusega alustada sadadel ettev\u00f5tetel. Oleme paketti kokku pannud k\u00f5ik tooted ehitus\u00e4ri alustamiseks Rootsis.\",\"breadcrumb\":{\"@id\":\"https:\/\/1office.co\/sweden\/et\/toode\/alusta-ehitusari-rootsis-stardipakett-ehitusvaldkond\/#breadcrumb\"},\"inLanguage\":\"et\",\"potentialAction\":[{\"@type\":\"ReadAction\",\"target\":[\"https:\/\/1office.co\/sweden\/et\/toode\/alusta-ehitusari-rootsis-stardipakett-ehitusvaldkond\/\"]}]},{\"@type\":\"ImageObject\",\"inLanguage\":\"et\",\"@id\":\"https:\/\/1office.co\/sweden\/et\/toode\/alusta-ehitusari-rootsis-stardipakett-ehitusvaldkond\/#primaryimage\",\"url\":\"https:\/\/1office.co\/sweden\/wp-content\/uploads\/sites\/13\/2022\/05\/Screenshot-2022-05-09-at-21.20.44-min.png\",\"contentUrl\":\"https:\/\/1office.co\/sweden\/wp-content\/uploads\/sites\/13\/2022\/05\/Screenshot-2022-05-09-at-21.20.44-min.png\",\"width\":1108,\"height\":1002,\"caption\":\"Start Construction Business in Sweden\"},{\"@type\":\"BreadcrumbList\",\"@id\":\"https:\/\/1office.co\/sweden\/et\/toode\/alusta-ehitusari-rootsis-stardipakett-ehitusvaldkond\/#breadcrumb\",\"itemListElement\":[{\"@type\":\"ListItem\",\"position\":1,\"name\":\"Home\",\"item\":\"https:\/\/1office.co\/sweden\/et\/\"},{\"@type\":\"ListItem\",\"position\":2,\"name\":\"Tee \u00e4ri Rootsis\",\"item\":\"https:\/\/1office.co\/sweden\/et\/teenused\/\"},{\"@type\":\"ListItem\",\"position\":3,\"name\":\"Alusta ehitus\u00e4ri Rootsis \u2013 stardipakett\"}]},{\"@type\":\"WebSite\",\"@id\":\"https:\/\/1office.co\/sweden\/#website\",\"url\":\"https:\/\/1office.co\/sweden\/\",\"name\":\"1Office Sweden\",\"description\":\"Making Business Simple\",\"potentialAction\":[{\"@type\":\"SearchAction\",\"target\":{\"@type\":\"EntryPoint\",\"urlTemplate\":\"https:\/\/1office.co\/sweden\/?s={search_term_string}\"},\"query-input\":{\"@type\":\"PropertyValueSpecification\",\"valueRequired\":true,\"valueName\":\"search_term_string\"}}],\"inLanguage\":\"et\"}]}<\/script>\n<!-- \/ Yoast SEO Premium plugin. -->","yoast_head_json":{"title":"Ehitus\u00e4ri alustamine Rootsis - Stardipakett I 1Office","description":"Me oleme aidanud Rootsis ettev\u00f5tlusega alustada sadadel ettev\u00f5tetel. Oleme paketti kokku pannud k\u00f5ik tooted ehitus\u00e4ri alustamiseks Rootsis.","robots":{"index":"index","follow":"follow","max-snippet":"max-snippet:-1","max-image-preview":"max-image-preview:large","max-video-preview":"max-video-preview:-1"},"canonical":"https:\/\/1office.co\/sweden\/et\/toode\/alusta-ehitusari-rootsis-stardipakett-ehitusvaldkond\/","og_locale":"et_EE","og_type":"article","og_title":"Alusta ehitus\u00e4ri Rootsis \u2013 stardipakett","og_description":"Me oleme aidanud Rootsis ettev\u00f5tlusega alustada sadadel ettev\u00f5tetel. Oleme paketti kokku pannud k\u00f5ik tooted ehitus\u00e4ri alustamiseks Rootsis.","og_url":"https:\/\/1office.co\/sweden\/et\/toode\/alusta-ehitusari-rootsis-stardipakett-ehitusvaldkond\/","og_site_name":"1Office Sweden","article_modified_time":"2022-06-09T10:48:09+00:00","og_image":[{"width":1108,"height":1002,"url":"https:\/\/1office.co\/sweden\/wp-content\/uploads\/sites\/13\/2022\/05\/Screenshot-2022-05-09-at-21.20.44-min.png","type":"image\/png"}],"twitter_card":"summary_large_image","twitter_misc":{"Est. reading time":"2 minutit"},"schema":{"@context":"https:\/\/schema.org","@graph":[{"@type":"WebPage","@id":"https:\/\/1office.co\/sweden\/et\/toode\/alusta-ehitusari-rootsis-stardipakett-ehitusvaldkond\/","url":"https:\/\/1office.co\/sweden\/et\/toode\/alusta-ehitusari-rootsis-stardipakett-ehitusvaldkond\/","name":"Ehitus\u00e4ri alustamine Rootsis - Stardipakett I 1Office","isPartOf":{"@id":"https:\/\/1office.co\/sweden\/#website"},"primaryImageOfPage":{"@id":"https:\/\/1office.co\/sweden\/et\/toode\/alusta-ehitusari-rootsis-stardipakett-ehitusvaldkond\/#primaryimage"},"image":{"@id":"https:\/\/1office.co\/sweden\/et\/toode\/alusta-ehitusari-rootsis-stardipakett-ehitusvaldkond\/#primaryimage"},"thumbnailUrl":"https:\/\/1office.co\/sweden\/wp-content\/uploads\/sites\/13\/2022\/05\/Screenshot-2022-05-09-at-21.20.44-min.png","datePublished":"2022-06-07T13:52:10+00:00","dateModified":"2022-06-09T10:48:09+00:00","description":"Me oleme aidanud Rootsis ettev\u00f5tlusega alustada sadadel ettev\u00f5tetel. Oleme paketti kokku pannud k\u00f5ik tooted ehitus\u00e4ri alustamiseks Rootsis.","breadcrumb":{"@id":"https:\/\/1office.co\/sweden\/et\/toode\/alusta-ehitusari-rootsis-stardipakett-ehitusvaldkond\/#breadcrumb"},"inLanguage":"et","potentialAction":[{"@type":"ReadAction","target":["https:\/\/1office.co\/sweden\/et\/toode\/alusta-ehitusari-rootsis-stardipakett-ehitusvaldkond\/"]}]},{"@type":"ImageObject","inLanguage":"et","@id":"https:\/\/1office.co\/sweden\/et\/toode\/alusta-ehitusari-rootsis-stardipakett-ehitusvaldkond\/#primaryimage","url":"https:\/\/1office.co\/sweden\/wp-content\/uploads\/sites\/13\/2022\/05\/Screenshot-2022-05-09-at-21.20.44-min.png","contentUrl":"https:\/\/1office.co\/sweden\/wp-content\/uploads\/sites\/13\/2022\/05\/Screenshot-2022-05-09-at-21.20.44-min.png","width":1108,"height":1002,"caption":"Start Construction Business in Sweden"},{"@type":"BreadcrumbList","@id":"https:\/\/1office.co\/sweden\/et\/toode\/alusta-ehitusari-rootsis-stardipakett-ehitusvaldkond\/#breadcrumb","itemListElement":[{"@type":"ListItem","position":1,"name":"Home","item":"https:\/\/1office.co\/sweden\/et\/"},{"@type":"ListItem","position":2,"name":"Tee \u00e4ri Rootsis","item":"https:\/\/1office.co\/sweden\/et\/teenused\/"},{"@type":"ListItem","position":3,"name":"Alusta ehitus\u00e4ri Rootsis \u2013 stardipakett"}]},{"@type":"WebSite","@id":"https:\/\/1office.co\/sweden\/#website","url":"https:\/\/1office.co\/sweden\/","name":"1Office Sweden","description":"Making Business Simple","potentialAction":[{"@type":"SearchAction","target":{"@type":"EntryPoint","urlTemplate":"https:\/\/1office.co\/sweden\/?s={search_term_string}"},"query-input":{"@type":"PropertyValueSpecification","valueRequired":true,"valueName":"search_term_string"}}],"inLanguage":"et"}]}},"_links":{"self":[{"href":"https:\/\/1office.co\/sweden\/et\/wp-json\/wp\/v2\/product\/60758","targetHints":{"allow":["GET"]}}],"collection":[{"href":"https:\/\/1office.co\/sweden\/et\/wp-json\/wp\/v2\/product"}],"about":[{"href":"https:\/\/1office.co\/sweden\/et\/wp-json\/wp\/v2\/types\/product"}],"wp:featuredmedia":[{"embeddable":true,"href":"https:\/\/1office.co\/sweden\/et\/wp-json\/wp\/v2\/media\/60705"}],"wp:attachment":[{"href":"https:\/\/1office.co\/sweden\/et\/wp-json\/wp\/v2\/media?parent=60758"}],"wp:term":[{"taxonomy":"product_brand","embeddable":true,"href":"https:\/\/1office.co\/sweden\/et\/wp-json\/wp\/v2\/product_brand?post=60758"},{"taxonomy":"product_cat","embeddable":true,"href":"https:\/\/1office.co\/sweden\/et\/wp-json\/wp\/v2\/product_cat?post=60758"},{"taxonomy":"product_tag","embeddable":true,"href":"https:\/\/1office.co\/sweden\/et\/wp-json\/wp\/v2\/product_tag?post=60758"}],"curies":[{"name":"wp","href":"https:\/\/api.w.org\/{rel}","templated":true}]}}