{"id":58845,"date":"2017-08-10T10:40:21","date_gmt":"2017-08-10T10:40:21","guid":{"rendered":"https:\/\/1office.co\/sweden\/product\/ready-made-company-ab\/"},"modified":"2025-12-16T14:15:11","modified_gmt":"2025-12-16T14:15:11","slug":"lagerbolag-ab","status":"publish","type":"product","link":"https:\/\/1office.co\/sweden\/sv\/produkt\/lagerbolag-ab\/","title":{"rendered":"Lagerbolag (AB)"},"content":{"rendered":"<div class=\"wpb-content-wrapper\"><p>[vc_row][vc_column]<div id=\"advanced-tabs-desc-wrap-3271\" class=\"ult_tabs product_tabs\" style=\" \" data-tabsstyle=\"style1\"\n data-titlebg=\"#ffffff\" data-titlecolor=\"#b6b8ba\" data-fullheight=\"off\"\n data-titlehoverbg=\"#ffffff\" data-titlehovercolor=\"#1d1e23\"\n data-rotatetabs=\"0\" data-responsivemode=\"Both\" data-animation=\"Slide\"\ndata-activetitle=\"#1d1e23\" data-activeicon=\"\" data-activebg=\"#ffffff\"  data-respmode=\"Tabs\" data-respwidth=\"400\" data-scroll = \"on\" data-activeindex=\"1\"><ul id=advanced-tabs-wrap-8810 class=\"ult_tabmenu style1 \" style=\"\"><li class=\"ult_tab_li  \" data-iconcolor=\"#74777b\" data-iconhover=\"#ffffff\" style=\"background-color:#ffffff;border-color:transparent;border-width:0px;border-style:solid;border-top-right-radius:8px;\">\n\t\t\t\t\t<a href=\"#1512642751410-8e0b4-6897\"  id=\"1512642751410-8e0b4-6897\"  style=\"color:#b6b8ba;; padding:15px; \" class=\"ult_a  \">\n\t\t\t\t\t     <span class=\"ult_tab_main Both \">\n\t\t\t\t\t \t\t <span class=\"ult_tab_section\">\n\t\t\t\t\t   \t\t\t<span  data-ultimate-target='#advanced-tabs-wrap-8810 .ult-span-text'  data-responsive-json-new='{\"font-size\":\"desktop:14px;\",\"line-height\":\"\"}'  class=\"ult-span-text no_icon ult_tab_display_text ult-responsive\" style=\"font-weight:bold;;\">BESKRIVNING<\/span>\n\t\t\t\t\t   \t\t<\/span>\n\t\t\t\t\t\t<\/span>\n\t\t\t\t\t<\/a>\n\t\t\t\t\t<\/li><\/ul><div  data-ultimate-target='#advanced-tabs-desc-wrap-3271 .ult_tabcontent .ult_tab_min_contain  p'  data-responsive-json-new='{\"font-size\":\"\",\"line-height\":\"\"}' class=\"ult_tabcontent ult-responsive style1\" style=\"color:#74777b;\"><div class=\"ult_tab_min_contain \" >\n\t\t\t<div  class=\"ult_tabitemname\"  >\n\t\t\t\t[vc_column_text css=&#8221;&#8221;]Vid ett lagerbolag har aktiekapitalet redan registrerats via ett startkonto f\u00f6re grundandet vilket m\u00f6jligg\u00f6r att k\u00f6pa bolaget utan att beh\u00f6va resa till Sverige. V\u00e5ra f\u00e4rdiga bolag har ingen tidigare historik. \u00c4gander\u00e4tten \u00f6ver bolaget \u00f6verg\u00e5r med omedelbar verkan efter undertecknandet av avtalet och den nya styrelsen registreras inom 10-15 arbetsdagar fr\u00e5n inl\u00e4mnandet av \u00e4ndringarna till Bolagsverket. Handl\u00e4ggningstider hos Bolagsverket kan ibland vara l\u00e4ngre p\u00e5 grund av deras h\u00f6ga arbetsbelastning.<\/p>\n<p>Ett svenskt bolag ska ha minst tre styrelseledam\u00f6ter alternativt minst en eller tv\u00e5 styrelseledamot och en styrelsesuppleant. Vid grundande av ett bolag eller k\u00f6p av ett f\u00e4rdigt bolag ska bolaget \u00e4ven ha minst en styrelseledamot med hemvist i Sverige. Om detta inte \u00e4r m\u00f6jligt b\u00f6r en <a href=\"https:\/\/1office.co\/sweden\/sv\/produkt\/sarskild-delgivningsmottagare\/\" target=\"_blank\" rel=\"noopener noreferrer\">s\u00e4rskild delgivningsmottagare<\/a>\u00a0utses.<\/p>\n<p>Kom ih\u00e5g att varje svenskt bolag ska ha en lokal\u00a0<a href=\"https:\/\/1office.co\/sweden\/sv\/produkt\/en-foretagsadress-i-centrala-stockholm\/\" target=\"_blank\" rel=\"noopener noreferrer\">f\u00f6retagsadress<\/a>\u00a0som normalt inte f\u00e5r vara n\u00e5gon privat bostad. F\u00f6retagsadressen anges i Bolagsverket och anv\u00e4nds f\u00f6r alla officiella brev till f\u00f6retaget.<\/p>\n<p>Verksamhetsstart i Sverige f\u00f6ruts\u00e4tter att man har ans\u00f6kt om\u00a0skatteregistreringar.<\/p>\n<p>Varje svenskregistrerat f\u00f6retag b\u00f6r l\u00e4mna in en \u00e5rsredovisning och inkomstdeklaration. Om f\u00f6retaget har m\u00e5natliga betalningar och fakturor samt ett momsregistreringsnummer \u00e4r det \u00e4ven skyldigt att l\u00e4mna in deklarationer varje m\u00e5nad eller kvartal.\u00a0Om man inte har tid eller kunskaper f\u00f6r detta \u00e4r det en bra id\u00e9 att best\u00e4lla separat\u00a0<a href=\"https:\/\/1office.co\/sweden\/sv\/produkt\/accountants-hourly-fee\/\" target=\"_blank\" rel=\"noopener noreferrer\">redovisningstj\u00e4nst.<\/a><\/p>\n<p><strong>Priset inkluderar:<\/strong><\/p>\n<ul>\n<li>\u00d6versikt \u00f6ver proceduren och kraven vid k\u00f6p av ett bolag<\/li>\n<li>Iordningst\u00e4llande och f\u00f6rberedande av dokumentationen f\u00f6r grundande<\/li>\n<li>\u00c4ndring av bolagets uppgifter hos Bolagsverket<\/li>\n<li>\u00c4ndring av bolagsordningen och uppr\u00e4ttande av protokollet f\u00f6r styrelsens sammantr\u00e4de<\/li>\n<\/ul>\n<p><strong>Mot extra kostnad:<\/strong><\/p>\n<ul>\n<li><a href=\"https:\/\/1office.co\/sweden\/sv\/produkt\/starting-business-in-sweden-consultation\/\" target=\"_blank\" rel=\"noopener noreferrer\">Konsultation om verksamhetsstart i Sverige<\/a><\/li>\n<li><a href=\"https:\/\/1office.co\/sweden\/sv\/produkt\/en-foretagsadress-i-centrala-stockholm\/\" target=\"_blank\" rel=\"noopener noreferrer\">F\u00f6retagsadress<\/a><\/li>\n<li><a href=\"https:\/\/1office.co\/sweden\/sv\/produkt\/sarskild-delgivningsmottagare\/\" target=\"_blank\" rel=\"noopener noreferrer\">S\u00e4rskild delgivningsmottagare inkl f\u00f6retagsadress<\/a><\/li>\n<li>Skatteregistreringar<\/li>\n<li><a href=\"https:\/\/1office.co\/sweden\/sv\/produkt\/accountants-hourly-fee\/\" target=\"_blank\" rel=\"noopener noreferrer\">Redovisningstj\u00e4nst<\/a><\/li>\n<li>Anm\u00e4lning av verklig huvudman (1 750 SEK)<\/li>\n<\/ul>\n<p><strong>F\u00f6rloppet:<\/strong><\/p>\n<ul>\n<li>V\u00e4lj ut de tj\u00e4nster som Du vill best\u00e4lla (f\u00f6rutom ett lagerbolag kan Du \u00e4ven beh\u00f6va f\u00f6retagsadress, s\u00e4rskild delgivningsmottagare, skatteregistreringar och\/eller redovisningstj\u00e4nst)<\/li>\n<li>Svara p\u00e5 de fr\u00e5gor som s\u00e4nds efter k\u00f6pet \u2013 de \u00e4r n\u00f6dv\u00e4ndiga f\u00f6r f\u00f6rberedande av dokumentationen<\/li>\n<li>Vi fyller i erforderliga formul\u00e4r med hj\u00e4lp av uppgifterna fr\u00e5n Dig och \u00e4ndrar bolagets uppgifter i Bolagsverket<\/li>\n<li>Bankkontot kan \u00f6ppnas under det f\u00f6rsta r\u00e4kenskaps\u00e5ret<\/li>\n<\/ul>\n<p><strong>Viktigt:<\/strong><\/p>\n<ul>\n<li>Den nya styrelsen b\u00f6r \u00f6ppna ett bankkonto f\u00f6r bolaget inom det f\u00f6rsta r\u00e4kenskaps\u00e5ret och betala in ett aktiekapital p\u00e5 50 000 SEK till detta konto.<\/li>\n<li>Verksamhetsstart i Sverige f\u00f6ruts\u00e4tter \u00e4ven att man har ans\u00f6kt om skatteregistreringar i f\u00f6rv\u00e4g<\/li>\n<li>Om en icke-EU-medborgare deltar i grundandet av bolaget tillkommer kostnaden f\u00f6r ifyllande av ans\u00f6kningen om dispens fr\u00e5n bos\u00e4ttningskravet (2500 SEK, inkl statlig avgift).<\/li>\n<\/ul>\n<p>[\/vc_column_text]\n\t\t\t<\/div><\/div><\/div><\/div><div class=\"ult_acord advanced-tabs-desc-wrap-3271\">\n   <div class=\"ult-tabto-accordion \" style=\"width:;\"\n    data-titlecolor=\"#b6b8ba\"  data-titlebg=\"#ffffff\"\n     data-titlehoverbg=\"#ffffff\" data-titlehovercolor=\"#1d1e23\" data-animation=\"Slide\"\n     data-activetitle=\"#1d1e23\" data-activeicon=\"\" data-activebg=\"#ffffff\" data-scroll = \"on\" data-activeindex=\"1\" >\n     <dl><dt class=\"\">\n\t        \t<a class=\"ult-tabto-actitle withBorder ult_a \" id=\"1512642751410-8e0b4-6897\" style=\"color:#b6b8ba;;background-color:#ffffff;border-bottom-color:transparent;border-bottom-width:0px;border-bottom-style:solid;\" href=\"#1512642751410-8e0b4-6897\">\n\t        \t\t<i class=\"accordion-icon\"><\/i>\n\t        \t\t\t<span class=\"ult_tab_main ult_ac_main ult_noacordicnBoth\">\n\n\t\t\t\t\t\t<span  data-ultimate-target='#advanced-tabs-wrap-8810 .ult-span-text'  data-responsive-json-new='{\"font-size\":\"desktop:14px;\",\"line-height\":\"\"}'  class=\"ult-span-text no_icon ult_acordian-text ult-responsive\" style=\"font-weight:bold;;color:inherit \" >BESKRIVNING<\/span>\n\t\t\t\t\t\t<\/span><\/a><\/dt>\n\t            \t\t<dd class=\"ult-tabto-accordionItem ult-tabto-accolapsed\">\n\t\t\t\t            <div class=\"ult-tabto-acontent\" style=\"color:#74777b;\">\n\t\t\t\t               [vc_column_text css=&#8221;&#8221;]Vid ett lagerbolag har aktiekapitalet redan registrerats via ett startkonto f\u00f6re grundandet vilket m\u00f6jligg\u00f6r att k\u00f6pa bolaget utan att beh\u00f6va resa till Sverige. V\u00e5ra f\u00e4rdiga bolag har ingen tidigare historik. \u00c4gander\u00e4tten \u00f6ver bolaget \u00f6verg\u00e5r med omedelbar verkan efter undertecknandet av avtalet och den nya styrelsen registreras inom 10-15 arbetsdagar fr\u00e5n inl\u00e4mnandet av \u00e4ndringarna till Bolagsverket. Handl\u00e4ggningstider hos Bolagsverket kan ibland vara l\u00e4ngre p\u00e5 grund av deras h\u00f6ga arbetsbelastning.<\/p>\n<p>Ett svenskt bolag ska ha minst tre styrelseledam\u00f6ter alternativt minst en eller tv\u00e5 styrelseledamot och en styrelsesuppleant. Vid grundande av ett bolag eller k\u00f6p av ett f\u00e4rdigt bolag ska bolaget \u00e4ven ha minst en styrelseledamot med hemvist i Sverige. Om detta inte \u00e4r m\u00f6jligt b\u00f6r en <a href=\"https:\/\/1office.co\/sweden\/sv\/produkt\/sarskild-delgivningsmottagare\/\" target=\"_blank\" rel=\"noopener noreferrer\">s\u00e4rskild delgivningsmottagare<\/a>\u00a0utses.<\/p>\n<p>Kom ih\u00e5g att varje svenskt bolag ska ha en lokal\u00a0<a href=\"https:\/\/1office.co\/sweden\/sv\/produkt\/en-foretagsadress-i-centrala-stockholm\/\" target=\"_blank\" rel=\"noopener noreferrer\">f\u00f6retagsadress<\/a>\u00a0som normalt inte f\u00e5r vara n\u00e5gon privat bostad. F\u00f6retagsadressen anges i Bolagsverket och anv\u00e4nds f\u00f6r alla officiella brev till f\u00f6retaget.<\/p>\n<p>Verksamhetsstart i Sverige f\u00f6ruts\u00e4tter att man har ans\u00f6kt om\u00a0skatteregistreringar.<\/p>\n<p>Varje svenskregistrerat f\u00f6retag b\u00f6r l\u00e4mna in en \u00e5rsredovisning och inkomstdeklaration. Om f\u00f6retaget har m\u00e5natliga betalningar och fakturor samt ett momsregistreringsnummer \u00e4r det \u00e4ven skyldigt att l\u00e4mna in deklarationer varje m\u00e5nad eller kvartal.\u00a0Om man inte har tid eller kunskaper f\u00f6r detta \u00e4r det en bra id\u00e9 att best\u00e4lla separat\u00a0<a href=\"https:\/\/1office.co\/sweden\/sv\/produkt\/accountants-hourly-fee\/\" target=\"_blank\" rel=\"noopener noreferrer\">redovisningstj\u00e4nst.<\/a><\/p>\n<p><strong>Priset inkluderar:<\/strong><\/p>\n<ul>\n<li>\u00d6versikt \u00f6ver proceduren och kraven vid k\u00f6p av ett bolag<\/li>\n<li>Iordningst\u00e4llande och f\u00f6rberedande av dokumentationen f\u00f6r grundande<\/li>\n<li>\u00c4ndring av bolagets uppgifter hos Bolagsverket<\/li>\n<li>\u00c4ndring av bolagsordningen och uppr\u00e4ttande av protokollet f\u00f6r styrelsens sammantr\u00e4de<\/li>\n<\/ul>\n<p><strong>Mot extra kostnad:<\/strong><\/p>\n<ul>\n<li><a href=\"https:\/\/1office.co\/sweden\/sv\/produkt\/starting-business-in-sweden-consultation\/\" target=\"_blank\" rel=\"noopener noreferrer\">Konsultation om verksamhetsstart i Sverige<\/a><\/li>\n<li><a href=\"https:\/\/1office.co\/sweden\/sv\/produkt\/en-foretagsadress-i-centrala-stockholm\/\" target=\"_blank\" rel=\"noopener noreferrer\">F\u00f6retagsadress<\/a><\/li>\n<li><a href=\"https:\/\/1office.co\/sweden\/sv\/produkt\/sarskild-delgivningsmottagare\/\" target=\"_blank\" rel=\"noopener noreferrer\">S\u00e4rskild delgivningsmottagare inkl f\u00f6retagsadress<\/a><\/li>\n<li>Skatteregistreringar<\/li>\n<li><a href=\"https:\/\/1office.co\/sweden\/sv\/produkt\/accountants-hourly-fee\/\" target=\"_blank\" rel=\"noopener noreferrer\">Redovisningstj\u00e4nst<\/a><\/li>\n<li>Anm\u00e4lning av verklig huvudman (1 750 SEK)<\/li>\n<\/ul>\n<p><strong>F\u00f6rloppet:<\/strong><\/p>\n<ul>\n<li>V\u00e4lj ut de tj\u00e4nster som Du vill best\u00e4lla (f\u00f6rutom ett lagerbolag kan Du \u00e4ven beh\u00f6va f\u00f6retagsadress, s\u00e4rskild delgivningsmottagare, skatteregistreringar och\/eller redovisningstj\u00e4nst)<\/li>\n<li>Svara p\u00e5 de fr\u00e5gor som s\u00e4nds efter k\u00f6pet \u2013 de \u00e4r n\u00f6dv\u00e4ndiga f\u00f6r f\u00f6rberedande av dokumentationen<\/li>\n<li>Vi fyller i erforderliga formul\u00e4r med hj\u00e4lp av uppgifterna fr\u00e5n Dig och \u00e4ndrar bolagets uppgifter i Bolagsverket<\/li>\n<li>Bankkontot kan \u00f6ppnas under det f\u00f6rsta r\u00e4kenskaps\u00e5ret<\/li>\n<\/ul>\n<p><strong>Viktigt:<\/strong><\/p>\n<ul>\n<li>Den nya styrelsen b\u00f6r \u00f6ppna ett bankkonto f\u00f6r bolaget inom det f\u00f6rsta r\u00e4kenskaps\u00e5ret och betala in ett aktiekapital p\u00e5 50 000 SEK till detta konto.<\/li>\n<li>Verksamhetsstart i Sverige f\u00f6ruts\u00e4tter \u00e4ven att man har ans\u00f6kt om skatteregistreringar i f\u00f6rv\u00e4g<\/li>\n<li>Om en icke-EU-medborgare deltar i grundandet av bolaget tillkommer kostnaden f\u00f6r ifyllande av ans\u00f6kningen om dispens fr\u00e5n bos\u00e4ttningskravet (2500 SEK, inkl statlig avgift).<\/li>\n<\/ul>\n<p>[\/vc_column_text]\n\t\t\t\t            <\/div>\n\t        \t\t\t<\/dd>\n    \t<\/dl>\n    <!--<div class=\"extraborder\" style=\"background-color:#ffffff\"><\/div>-->\n<\/div>\n\n<\/div>[\/vc_column][\/vc_row]<\/p>\n<\/div>","protected":false},"excerpt":{"rendered":"<p>Det \u00e4r det snabbaste och enklaste s\u00e4ttet att etablera ett f\u00f6retag i Sverige. Det passar kunder som vill snabbt b\u00f6rja med verksamheten i Sverige och som inte vill genomg\u00e5 hela processen, bl. a. \u00f6ppnande av ett bankkonto.<\/p>\n","protected":false},"featured_media":62794,"template":"","meta":{"_acf_changed":false,"inline_featured_image":false},"product_brand":[],"product_cat":[371],"product_tag":[374],"class_list":{"0":"post-58845","1":"product","2":"type-product","3":"status-publish","4":"has-post-thumbnail","6":"product_cat-company-formation-sv","7":"product_tag-sweden-sv","8":"description-off","10":"first","11":"instock","12":"taxable","13":"shipping-taxable","14":"purchasable","15":"product-type-simple"},"bundled_by":["62157"],"bundle_stock_status":"instock","bundle_stock_quantity":null,"bundle_virtual":false,"bundle_layout":"","bundle_add_to_cart_form_location":"","bundle_editable_in_cart":false,"bundle_sold_individually_context":"","bundle_item_grouping":"","bundle_min_size":"","bundle_max_size":"","bundle_price":[],"bundled_items":[],"bundle_sell_ids":[],"acf":[],"yoast_head":"<!-- This site is optimized with the Yoast SEO Premium plugin v22.1 (Yoast SEO v27.0) - https:\/\/yoast.com\/product\/yoast-seo-premium-wordpress\/ -->\n<title>Lagerbolag (AB) - 1Office Sweden<\/title>\n<meta name=\"description\" content=\"Purchasing a ready-made limited liability company, named aktiebolag or AB in Swedish, is suitable for private persons and legal entities, who want to take up business in Sweden fast without the hassle of opening a local bank account first.\" \/>\n<meta name=\"robots\" content=\"index, follow, max-snippet:-1, max-image-preview:large, max-video-preview:-1\" \/>\n<link rel=\"canonical\" href=\"https:\/\/1office.co\/sweden\/sv\/produkt\/lagerbolag-ab\/\" \/>\n<meta property=\"og:locale\" content=\"sv_SE\" \/>\n<meta property=\"og:type\" content=\"article\" \/>\n<meta property=\"og:title\" content=\"Lagerbolag (AB)\" \/>\n<meta property=\"og:description\" content=\"Purchasing a ready-made limited liability company, named aktiebolag or AB in Swedish, is suitable for private persons and legal entities, who want to take up business in Sweden fast without the hassle of opening a local bank account first.\" \/>\n<meta property=\"og:url\" content=\"https:\/\/1office.co\/sweden\/sv\/produkt\/lagerbolag-ab\/\" \/>\n<meta property=\"og:site_name\" content=\"1Office Sweden\" \/>\n<meta property=\"article:modified_time\" content=\"2025-12-16T14:15:11+00:00\" \/>\n<meta property=\"og:image\" content=\"https:\/\/1office.co\/sweden\/wp-content\/uploads\/sites\/13\/2017\/08\/swepremade.png\" \/>\n\t<meta property=\"og:image:width\" content=\"500\" \/>\n\t<meta property=\"og:image:height\" content=\"500\" \/>\n\t<meta property=\"og:image:type\" content=\"image\/png\" \/>\n<meta name=\"twitter:card\" content=\"summary_large_image\" \/>\n<meta name=\"twitter:label1\" content=\"Ber\u00e4knad l\u00e4stid\" \/>\n\t<meta name=\"twitter:data1\" content=\"2 minuter\" \/>\n<script type=\"application\/ld+json\" class=\"yoast-schema-graph\">{\"@context\":\"https:\/\/schema.org\",\"@graph\":[{\"@type\":\"WebPage\",\"@id\":\"https:\/\/1office.co\/sweden\/sv\/produkt\/lagerbolag-ab\/\",\"url\":\"https:\/\/1office.co\/sweden\/sv\/produkt\/lagerbolag-ab\/\",\"name\":\"Lagerbolag (AB) - 1Office Sweden\",\"isPartOf\":{\"@id\":\"https:\/\/1office.co\/sweden\/#website\"},\"primaryImageOfPage\":{\"@id\":\"https:\/\/1office.co\/sweden\/sv\/produkt\/lagerbolag-ab\/#primaryimage\"},\"image\":{\"@id\":\"https:\/\/1office.co\/sweden\/sv\/produkt\/lagerbolag-ab\/#primaryimage\"},\"thumbnailUrl\":\"https:\/\/1office.co\/sweden\/wp-content\/uploads\/sites\/13\/2017\/08\/swepremade.png\",\"datePublished\":\"2017-08-10T10:40:21+00:00\",\"dateModified\":\"2025-12-16T14:15:11+00:00\",\"description\":\"Purchasing a ready-made limited liability company, named aktiebolag or AB in Swedish, is suitable for private persons and legal entities, who want to take up business in Sweden fast without the hassle of opening a local bank account first.\",\"breadcrumb\":{\"@id\":\"https:\/\/1office.co\/sweden\/sv\/produkt\/lagerbolag-ab\/#breadcrumb\"},\"inLanguage\":\"sv-SE\",\"potentialAction\":[{\"@type\":\"ReadAction\",\"target\":[\"https:\/\/1office.co\/sweden\/sv\/produkt\/lagerbolag-ab\/\"]}]},{\"@type\":\"ImageObject\",\"inLanguage\":\"sv-SE\",\"@id\":\"https:\/\/1office.co\/sweden\/sv\/produkt\/lagerbolag-ab\/#primaryimage\",\"url\":\"https:\/\/1office.co\/sweden\/wp-content\/uploads\/sites\/13\/2017\/08\/swepremade.png\",\"contentUrl\":\"https:\/\/1office.co\/sweden\/wp-content\/uploads\/sites\/13\/2017\/08\/swepremade.png\",\"width\":500,\"height\":500,\"caption\":\"Ready made Swedish AB\"},{\"@type\":\"BreadcrumbList\",\"@id\":\"https:\/\/1office.co\/sweden\/sv\/produkt\/lagerbolag-ab\/#breadcrumb\",\"itemListElement\":[{\"@type\":\"ListItem\",\"position\":1,\"name\":\"Home\",\"item\":\"https:\/\/1office.co\/sweden\/sv\/\"},{\"@type\":\"ListItem\",\"position\":2,\"name\":\"V\u00e5ra tj\u00e4nster\",\"item\":\"https:\/\/1office.co\/sweden\/sv\/our-services\/\"},{\"@type\":\"ListItem\",\"position\":3,\"name\":\"Lagerbolag (AB)\"}]},{\"@type\":\"WebSite\",\"@id\":\"https:\/\/1office.co\/sweden\/#website\",\"url\":\"https:\/\/1office.co\/sweden\/\",\"name\":\"1Office Sweden\",\"description\":\"Making Business Simple\",\"potentialAction\":[{\"@type\":\"SearchAction\",\"target\":{\"@type\":\"EntryPoint\",\"urlTemplate\":\"https:\/\/1office.co\/sweden\/?s={search_term_string}\"},\"query-input\":{\"@type\":\"PropertyValueSpecification\",\"valueRequired\":true,\"valueName\":\"search_term_string\"}}],\"inLanguage\":\"sv-SE\"}]}<\/script>\n<!-- \/ Yoast SEO Premium plugin. -->","yoast_head_json":{"title":"Lagerbolag (AB) - 1Office Sweden","description":"Purchasing a ready-made limited liability company, named aktiebolag or AB in Swedish, is suitable for private persons and legal entities, who want to take up business in Sweden fast without the hassle of opening a local bank account first.","robots":{"index":"index","follow":"follow","max-snippet":"max-snippet:-1","max-image-preview":"max-image-preview:large","max-video-preview":"max-video-preview:-1"},"canonical":"https:\/\/1office.co\/sweden\/sv\/produkt\/lagerbolag-ab\/","og_locale":"sv_SE","og_type":"article","og_title":"Lagerbolag (AB)","og_description":"Purchasing a ready-made limited liability company, named aktiebolag or AB in Swedish, is suitable for private persons and legal entities, who want to take up business in Sweden fast without the hassle of opening a local bank account first.","og_url":"https:\/\/1office.co\/sweden\/sv\/produkt\/lagerbolag-ab\/","og_site_name":"1Office Sweden","article_modified_time":"2025-12-16T14:15:11+00:00","og_image":[{"width":500,"height":500,"url":"https:\/\/1office.co\/sweden\/wp-content\/uploads\/sites\/13\/2017\/08\/swepremade.png","type":"image\/png"}],"twitter_card":"summary_large_image","twitter_misc":{"Ber\u00e4knad l\u00e4stid":"2 minuter"},"schema":{"@context":"https:\/\/schema.org","@graph":[{"@type":"WebPage","@id":"https:\/\/1office.co\/sweden\/sv\/produkt\/lagerbolag-ab\/","url":"https:\/\/1office.co\/sweden\/sv\/produkt\/lagerbolag-ab\/","name":"Lagerbolag (AB) - 1Office Sweden","isPartOf":{"@id":"https:\/\/1office.co\/sweden\/#website"},"primaryImageOfPage":{"@id":"https:\/\/1office.co\/sweden\/sv\/produkt\/lagerbolag-ab\/#primaryimage"},"image":{"@id":"https:\/\/1office.co\/sweden\/sv\/produkt\/lagerbolag-ab\/#primaryimage"},"thumbnailUrl":"https:\/\/1office.co\/sweden\/wp-content\/uploads\/sites\/13\/2017\/08\/swepremade.png","datePublished":"2017-08-10T10:40:21+00:00","dateModified":"2025-12-16T14:15:11+00:00","description":"Purchasing a ready-made limited liability company, named aktiebolag or AB in Swedish, is suitable for private persons and legal entities, who want to take up business in Sweden fast without the hassle of opening a local bank account first.","breadcrumb":{"@id":"https:\/\/1office.co\/sweden\/sv\/produkt\/lagerbolag-ab\/#breadcrumb"},"inLanguage":"sv-SE","potentialAction":[{"@type":"ReadAction","target":["https:\/\/1office.co\/sweden\/sv\/produkt\/lagerbolag-ab\/"]}]},{"@type":"ImageObject","inLanguage":"sv-SE","@id":"https:\/\/1office.co\/sweden\/sv\/produkt\/lagerbolag-ab\/#primaryimage","url":"https:\/\/1office.co\/sweden\/wp-content\/uploads\/sites\/13\/2017\/08\/swepremade.png","contentUrl":"https:\/\/1office.co\/sweden\/wp-content\/uploads\/sites\/13\/2017\/08\/swepremade.png","width":500,"height":500,"caption":"Ready made Swedish AB"},{"@type":"BreadcrumbList","@id":"https:\/\/1office.co\/sweden\/sv\/produkt\/lagerbolag-ab\/#breadcrumb","itemListElement":[{"@type":"ListItem","position":1,"name":"Home","item":"https:\/\/1office.co\/sweden\/sv\/"},{"@type":"ListItem","position":2,"name":"V\u00e5ra tj\u00e4nster","item":"https:\/\/1office.co\/sweden\/sv\/our-services\/"},{"@type":"ListItem","position":3,"name":"Lagerbolag (AB)"}]},{"@type":"WebSite","@id":"https:\/\/1office.co\/sweden\/#website","url":"https:\/\/1office.co\/sweden\/","name":"1Office Sweden","description":"Making Business Simple","potentialAction":[{"@type":"SearchAction","target":{"@type":"EntryPoint","urlTemplate":"https:\/\/1office.co\/sweden\/?s={search_term_string}"},"query-input":{"@type":"PropertyValueSpecification","valueRequired":true,"valueName":"search_term_string"}}],"inLanguage":"sv-SE"}]}},"_links":{"self":[{"href":"https:\/\/1office.co\/sweden\/sv\/wp-json\/wp\/v2\/product\/58845","targetHints":{"allow":["GET"]}}],"collection":[{"href":"https:\/\/1office.co\/sweden\/sv\/wp-json\/wp\/v2\/product"}],"about":[{"href":"https:\/\/1office.co\/sweden\/sv\/wp-json\/wp\/v2\/types\/product"}],"wp:featuredmedia":[{"embeddable":true,"href":"https:\/\/1office.co\/sweden\/sv\/wp-json\/wp\/v2\/media\/62794"}],"wp:attachment":[{"href":"https:\/\/1office.co\/sweden\/sv\/wp-json\/wp\/v2\/media?parent=58845"}],"wp:term":[{"taxonomy":"product_brand","embeddable":true,"href":"https:\/\/1office.co\/sweden\/sv\/wp-json\/wp\/v2\/product_brand?post=58845"},{"taxonomy":"product_cat","embeddable":true,"href":"https:\/\/1office.co\/sweden\/sv\/wp-json\/wp\/v2\/product_cat?post=58845"},{"taxonomy":"product_tag","embeddable":true,"href":"https:\/\/1office.co\/sweden\/sv\/wp-json\/wp\/v2\/product_tag?post=58845"}],"curies":[{"name":"wp","href":"https:\/\/api.w.org\/{rel}","templated":true}]}}