{"id":58858,"date":"2017-08-10T10:40:23","date_gmt":"2017-08-10T10:40:23","guid":{"rendered":"https:\/\/1office.co\/sweden\/product\/authorized-contact-person\/"},"modified":"2023-03-24T12:37:55","modified_gmt":"2023-03-24T12:37:55","slug":"authorized-contact-person","status":"publish","type":"product","link":"https:\/\/1office.co\/sweden\/sv\/produkt\/authorized-contact-person\/","title":{"rendered":"S\u00e4rskild delgivningsmottagare p\u00e5 \u00e5rsbasis"},"content":{"rendered":"<div class=\"wpb-content-wrapper\"><p>[vc_row][vc_column]<div id=\"advanced-tabs-desc-wrap-7756\" class=\"ult_tabs product_tabs\" style=\" \" data-tabsstyle=\"style1\"\n data-titlebg=\"#ffffff\" data-titlecolor=\"#b6b8ba\" data-fullheight=\"off\"\n data-titlehoverbg=\"#ffffff\" data-titlehovercolor=\"#1d1e23\"\n data-rotatetabs=\"0\" data-responsivemode=\"Both\" data-animation=\"Slide\"\ndata-activetitle=\"#1d1e23\" data-activeicon=\"\" data-activebg=\"#ffffff\"  data-respmode=\"Tabs\" data-respwidth=\"400\" data-scroll = \"on\" data-activeindex=\"1\"><ul id=advanced-tabs-wrap-8183 class=\"ult_tabmenu style1 \" style=\"\"><li class=\"ult_tab_li  \" data-iconcolor=\"#74777b\" data-iconhover=\"#ffffff\" style=\"background-color:#ffffff;border-color:transparent;border-width:0px;border-style:solid;border-top-right-radius:8px;\">\n\t\t\t\t\t<a href=\"#1512642751410-8d7ab-c11d\"  id=\"1512642751410-8d7ab-c11d\"  style=\"color:#b6b8ba;; padding:15px; \" class=\"ult_a  \">\n\t\t\t\t\t     <span class=\"ult_tab_main Both \">\n\t\t\t\t\t \t\t <span class=\"ult_tab_section\">\n\t\t\t\t\t   \t\t\t<span  data-ultimate-target='#advanced-tabs-wrap-8183 .ult-span-text'  data-responsive-json-new='{\"font-size\":\"desktop:14px;\",\"line-height\":\"\"}'  class=\"ult-span-text no_icon ult_tab_display_text ult-responsive\" style=\"font-weight:bold;;\">BESKRIVNING<\/span>\n\t\t\t\t\t   \t\t<\/span>\n\t\t\t\t\t\t<\/span>\n\t\t\t\t\t<\/a>\n\t\t\t\t\t<\/li><\/ul><div  data-ultimate-target='#advanced-tabs-desc-wrap-7756 .ult_tabcontent .ult_tab_min_contain  p'  data-responsive-json-new='{\"font-size\":\"\",\"line-height\":\"\"}' class=\"ult_tabcontent ult-responsive style1\" style=\"color:#74777b;\"><div class=\"ult_tab_min_contain \" >\n\t\t\t<div  class=\"ult_tabitemname\"  >\n\t\t\t\t[vc_column_text]En s\u00e4rskild delgivningsmottagare \u00e4r n\u00f6dv\u00e4ndig f\u00f6r registrering av bolaget hos Bolagsverket. S\u00e4rskilda delgivningsmottagaren har ingen firmateckningsr\u00e4tt, f\u00e5r inte \u00e5tkomst till bolagets uppgifter och kan inte ha n\u00e5gra skyldigheter eller n\u00e5got ansvar avseende bolaget. Om en myndighet inte lyckas kontakta n\u00e5gon styrelseledamot l\u00e4mnas informationen till s\u00e4rskilda delgivningsmottagaren.<\/p>\n<p><strong>Priset inkluderar:<\/strong><\/p>\n<ul>\n<li>S\u00e4rskild delgivningsmottagare f\u00f6r ett \u00e5r<\/li>\n<\/ul>\n<p><strong>Mot extra kostnad:<\/strong><\/p>\n<ul>\n<li><a href=\"https:\/\/1office.co\/sweden\/sv\/produkt\/legal-addres-stockholm\/\" target=\"_blank\" rel=\"noopener noreferrer\">F\u00f6retagsadress<\/a>\u00a0f\u00f6r registrering av bolaget hos Bolagsverket och mottagande av post<\/li>\n<\/ul>\n<p><strong>Viktigt:<\/strong><\/p>\n<ul>\n<li>V\u00e5r s\u00e4rskild delgivningsmottagare tillhandah\u00e5lls endast till f\u00f6retag som \u00e4ven anv\u00e4nder v\u00e5r redovisningstj\u00e4nst.<\/li>\n<li>Tj\u00e4nsten \u00e4r periodisk, dvs att den f\u00f6rl\u00e4ngs automatiskt efter ett \u00e5r. En ny faktura utf\u00e4rdas en m\u00e5nad f\u00f6re b\u00f6rjan av en ny period f\u00f6r s\u00e4rskild delgivningsmottagare.<\/li>\n<\/ul>\n<p>[\/vc_column_text]\n\t\t\t<\/div><\/div><\/div><\/div><div class=\"ult_acord advanced-tabs-desc-wrap-7756\">\n   <div class=\"ult-tabto-accordion \" style=\"width:;\"\n    data-titlecolor=\"#b6b8ba\"  data-titlebg=\"#ffffff\"\n     data-titlehoverbg=\"#ffffff\" data-titlehovercolor=\"#1d1e23\" data-animation=\"Slide\"\n     data-activetitle=\"#1d1e23\" data-activeicon=\"\" data-activebg=\"#ffffff\" data-scroll = \"on\" data-activeindex=\"1\" >\n     <dl><dt class=\"\">\n\t        \t<a class=\"ult-tabto-actitle withBorder ult_a \" id=\"1512642751410-8d7ab-c11d\" style=\"color:#b6b8ba;;background-color:#ffffff;border-bottom-color:transparent;border-bottom-width:0px;border-bottom-style:solid;\" href=\"#1512642751410-8d7ab-c11d\">\n\t        \t\t<i class=\"accordion-icon\"><\/i>\n\t        \t\t\t<span class=\"ult_tab_main ult_ac_main ult_noacordicnBoth\">\n\n\t\t\t\t\t\t<span  data-ultimate-target='#advanced-tabs-wrap-8183 .ult-span-text'  data-responsive-json-new='{\"font-size\":\"desktop:14px;\",\"line-height\":\"\"}'  class=\"ult-span-text no_icon ult_acordian-text ult-responsive\" style=\"font-weight:bold;;color:inherit \" >BESKRIVNING<\/span>\n\t\t\t\t\t\t<\/span><\/a><\/dt>\n\t            \t\t<dd class=\"ult-tabto-accordionItem ult-tabto-accolapsed\">\n\t\t\t\t            <div class=\"ult-tabto-acontent\" style=\"color:#74777b;\">\n\t\t\t\t               [vc_column_text]En s\u00e4rskild delgivningsmottagare \u00e4r n\u00f6dv\u00e4ndig f\u00f6r registrering av bolaget hos Bolagsverket. S\u00e4rskilda delgivningsmottagaren har ingen firmateckningsr\u00e4tt, f\u00e5r inte \u00e5tkomst till bolagets uppgifter och kan inte ha n\u00e5gra skyldigheter eller n\u00e5got ansvar avseende bolaget. Om en myndighet inte lyckas kontakta n\u00e5gon styrelseledamot l\u00e4mnas informationen till s\u00e4rskilda delgivningsmottagaren.<\/p>\n<p><strong>Priset inkluderar:<\/strong><\/p>\n<ul>\n<li>S\u00e4rskild delgivningsmottagare f\u00f6r ett \u00e5r<\/li>\n<\/ul>\n<p><strong>Mot extra kostnad:<\/strong><\/p>\n<ul>\n<li><a href=\"https:\/\/1office.co\/sweden\/sv\/produkt\/legal-addres-stockholm\/\" target=\"_blank\" rel=\"noopener noreferrer\">F\u00f6retagsadress<\/a>\u00a0f\u00f6r registrering av bolaget hos Bolagsverket och mottagande av post<\/li>\n<\/ul>\n<p><strong>Viktigt:<\/strong><\/p>\n<ul>\n<li>V\u00e5r s\u00e4rskild delgivningsmottagare tillhandah\u00e5lls endast till f\u00f6retag som \u00e4ven anv\u00e4nder v\u00e5r redovisningstj\u00e4nst.<\/li>\n<li>Tj\u00e4nsten \u00e4r periodisk, dvs att den f\u00f6rl\u00e4ngs automatiskt efter ett \u00e5r. En ny faktura utf\u00e4rdas en m\u00e5nad f\u00f6re b\u00f6rjan av en ny period f\u00f6r s\u00e4rskild delgivningsmottagare.<\/li>\n<\/ul>\n<p>[\/vc_column_text]\n\t\t\t\t            <\/div>\n\t        \t\t\t<\/dd>\n    \t<\/dl>\n    <!--<div class=\"extraborder\" style=\"background-color:#ffffff\"><\/div>-->\n<\/div>\n\n<\/div>[\/vc_column][\/vc_row]<\/p>\n<\/div>","protected":false},"excerpt":{"rendered":"<p>Varje svenskt f\u00f6retag d\u00e4r ingen styrelseledamot har svenskt personnummer och hemvist i Sverige beh\u00f6ver utse en s\u00e4rskild delgivningsmottagare.<\/p>\n","protected":false},"featured_media":58116,"template":"","meta":{"_acf_changed":false,"inline_featured_image":false},"product_brand":[],"product_cat":[379],"product_tag":[374],"class_list":{"0":"post-58858","1":"product","2":"type-product","3":"status-publish","4":"has-post-thumbnail","6":"product_cat-uncategorized-sv","7":"product_tag-sweden-sv","8":"description-off","10":"first","11":"instock","12":"taxable","13":"shipping-taxable","14":"purchasable","15":"product-type-simple"},"bundled_by":[],"bundle_stock_status":"instock","bundle_stock_quantity":null,"bundle_virtual":false,"bundle_layout":"","bundle_add_to_cart_form_location":"","bundle_editable_in_cart":false,"bundle_sold_individually_context":"","bundle_item_grouping":"","bundle_min_size":"","bundle_max_size":"","bundle_price":[],"bundled_items":[],"bundle_sell_ids":[],"acf":[],"yoast_head":"<!-- This site is optimized with the Yoast SEO Premium plugin v22.1 (Yoast SEO v27.0) - https:\/\/yoast.com\/product\/yoast-seo-premium-wordpress\/ -->\n<title>S\u00e4rskild delgivningsmottagare p\u00e5 \u00e5rsbasis - 1Office Sweden<\/title>\n<meta name=\"description\" content=\"In case none of the company\u2019s board members has Swedish Personal Number it is required to register an authorized contact person. This person will be contacted by authorities in case none of the board members are available to reach.\" \/>\n<meta name=\"robots\" content=\"noindex, follow\" \/>\n<meta property=\"og:locale\" content=\"sv_SE\" \/>\n<meta property=\"og:type\" content=\"article\" \/>\n<meta property=\"og:title\" content=\"S\u00e4rskild delgivningsmottagare p\u00e5 \u00e5rsbasis\" \/>\n<meta property=\"og:description\" content=\"In case none of the company\u2019s board members has Swedish Personal Number it is required to register an authorized contact person. This person will be contacted by authorities in case none of the board members are available to reach.\" \/>\n<meta property=\"og:url\" content=\"https:\/\/1office.co\/sweden\/sv\/produkt\/authorized-contact-person\/\" \/>\n<meta property=\"og:site_name\" content=\"1Office Sweden\" \/>\n<meta property=\"article:modified_time\" content=\"2023-03-24T12:37:55+00:00\" \/>\n<meta property=\"og:image\" content=\"https:\/\/1office.co\/sweden\/wp-content\/uploads\/sites\/13\/2017\/08\/FP7TZ9HQO0-e1594811113500.jpg\" \/>\n\t<meta property=\"og:image:width\" content=\"960\" \/>\n\t<meta property=\"og:image:height\" content=\"755\" \/>\n\t<meta property=\"og:image:type\" content=\"image\/jpeg\" \/>\n<meta name=\"twitter:card\" content=\"summary_large_image\" \/>\n<meta name=\"twitter:label1\" content=\"Ber\u00e4knad l\u00e4stid\" \/>\n\t<meta name=\"twitter:data1\" content=\"1 minut\" \/>\n<script type=\"application\/ld+json\" class=\"yoast-schema-graph\">{\"@context\":\"https:\/\/schema.org\",\"@graph\":[{\"@type\":\"WebPage\",\"@id\":\"https:\/\/1office.co\/sweden\/sv\/produkt\/authorized-contact-person\/\",\"url\":\"https:\/\/1office.co\/sweden\/sv\/produkt\/authorized-contact-person\/\",\"name\":\"S\u00e4rskild delgivningsmottagare p\u00e5 \u00e5rsbasis - 1Office Sweden\",\"isPartOf\":{\"@id\":\"https:\/\/1office.co\/sweden\/#website\"},\"primaryImageOfPage\":{\"@id\":\"https:\/\/1office.co\/sweden\/sv\/produkt\/authorized-contact-person\/#primaryimage\"},\"image\":{\"@id\":\"https:\/\/1office.co\/sweden\/sv\/produkt\/authorized-contact-person\/#primaryimage\"},\"thumbnailUrl\":\"https:\/\/1office.co\/sweden\/wp-content\/uploads\/sites\/13\/2017\/08\/FP7TZ9HQO0-e1594811113500.jpg\",\"datePublished\":\"2017-08-10T10:40:23+00:00\",\"dateModified\":\"2023-03-24T12:37:55+00:00\",\"description\":\"In case none of the company\u2019s board members has Swedish Personal Number it is required to register an authorized contact person. This person will be contacted by authorities in case none of the board members are available to reach.\",\"breadcrumb\":{\"@id\":\"https:\/\/1office.co\/sweden\/sv\/produkt\/authorized-contact-person\/#breadcrumb\"},\"inLanguage\":\"sv-SE\",\"potentialAction\":[{\"@type\":\"ReadAction\",\"target\":[\"https:\/\/1office.co\/sweden\/sv\/produkt\/authorized-contact-person\/\"]}]},{\"@type\":\"ImageObject\",\"inLanguage\":\"sv-SE\",\"@id\":\"https:\/\/1office.co\/sweden\/sv\/produkt\/authorized-contact-person\/#primaryimage\",\"url\":\"https:\/\/1office.co\/sweden\/wp-content\/uploads\/sites\/13\/2017\/08\/FP7TZ9HQO0-e1594811113500.jpg\",\"contentUrl\":\"https:\/\/1office.co\/sweden\/wp-content\/uploads\/sites\/13\/2017\/08\/FP7TZ9HQO0-e1594811113500.jpg\",\"width\":960,\"height\":755},{\"@type\":\"BreadcrumbList\",\"@id\":\"https:\/\/1office.co\/sweden\/sv\/produkt\/authorized-contact-person\/#breadcrumb\",\"itemListElement\":[{\"@type\":\"ListItem\",\"position\":1,\"name\":\"Home\",\"item\":\"https:\/\/1office.co\/sweden\/sv\/\"},{\"@type\":\"ListItem\",\"position\":2,\"name\":\"V\u00e5ra tj\u00e4nster\",\"item\":\"https:\/\/1office.co\/sweden\/sv\/our-services\/\"},{\"@type\":\"ListItem\",\"position\":3,\"name\":\"S\u00e4rskild delgivningsmottagare p\u00e5 \u00e5rsbasis\"}]},{\"@type\":\"WebSite\",\"@id\":\"https:\/\/1office.co\/sweden\/#website\",\"url\":\"https:\/\/1office.co\/sweden\/\",\"name\":\"1Office Sweden\",\"description\":\"Making Business Simple\",\"potentialAction\":[{\"@type\":\"SearchAction\",\"target\":{\"@type\":\"EntryPoint\",\"urlTemplate\":\"https:\/\/1office.co\/sweden\/?s={search_term_string}\"},\"query-input\":{\"@type\":\"PropertyValueSpecification\",\"valueRequired\":true,\"valueName\":\"search_term_string\"}}],\"inLanguage\":\"sv-SE\"}]}<\/script>\n<!-- \/ Yoast SEO Premium plugin. -->","yoast_head_json":{"title":"S\u00e4rskild delgivningsmottagare p\u00e5 \u00e5rsbasis - 1Office Sweden","description":"In case none of the company\u2019s board members has Swedish Personal Number it is required to register an authorized contact person. This person will be contacted by authorities in case none of the board members are available to reach.","robots":{"index":"noindex","follow":"follow"},"og_locale":"sv_SE","og_type":"article","og_title":"S\u00e4rskild delgivningsmottagare p\u00e5 \u00e5rsbasis","og_description":"In case none of the company\u2019s board members has Swedish Personal Number it is required to register an authorized contact person. This person will be contacted by authorities in case none of the board members are available to reach.","og_url":"https:\/\/1office.co\/sweden\/sv\/produkt\/authorized-contact-person\/","og_site_name":"1Office Sweden","article_modified_time":"2023-03-24T12:37:55+00:00","og_image":[{"width":960,"height":755,"url":"https:\/\/1office.co\/sweden\/wp-content\/uploads\/sites\/13\/2017\/08\/FP7TZ9HQO0-e1594811113500.jpg","type":"image\/jpeg"}],"twitter_card":"summary_large_image","twitter_misc":{"Ber\u00e4knad l\u00e4stid":"1 minut"},"schema":{"@context":"https:\/\/schema.org","@graph":[{"@type":"WebPage","@id":"https:\/\/1office.co\/sweden\/sv\/produkt\/authorized-contact-person\/","url":"https:\/\/1office.co\/sweden\/sv\/produkt\/authorized-contact-person\/","name":"S\u00e4rskild delgivningsmottagare p\u00e5 \u00e5rsbasis - 1Office Sweden","isPartOf":{"@id":"https:\/\/1office.co\/sweden\/#website"},"primaryImageOfPage":{"@id":"https:\/\/1office.co\/sweden\/sv\/produkt\/authorized-contact-person\/#primaryimage"},"image":{"@id":"https:\/\/1office.co\/sweden\/sv\/produkt\/authorized-contact-person\/#primaryimage"},"thumbnailUrl":"https:\/\/1office.co\/sweden\/wp-content\/uploads\/sites\/13\/2017\/08\/FP7TZ9HQO0-e1594811113500.jpg","datePublished":"2017-08-10T10:40:23+00:00","dateModified":"2023-03-24T12:37:55+00:00","description":"In case none of the company\u2019s board members has Swedish Personal Number it is required to register an authorized contact person. This person will be contacted by authorities in case none of the board members are available to reach.","breadcrumb":{"@id":"https:\/\/1office.co\/sweden\/sv\/produkt\/authorized-contact-person\/#breadcrumb"},"inLanguage":"sv-SE","potentialAction":[{"@type":"ReadAction","target":["https:\/\/1office.co\/sweden\/sv\/produkt\/authorized-contact-person\/"]}]},{"@type":"ImageObject","inLanguage":"sv-SE","@id":"https:\/\/1office.co\/sweden\/sv\/produkt\/authorized-contact-person\/#primaryimage","url":"https:\/\/1office.co\/sweden\/wp-content\/uploads\/sites\/13\/2017\/08\/FP7TZ9HQO0-e1594811113500.jpg","contentUrl":"https:\/\/1office.co\/sweden\/wp-content\/uploads\/sites\/13\/2017\/08\/FP7TZ9HQO0-e1594811113500.jpg","width":960,"height":755},{"@type":"BreadcrumbList","@id":"https:\/\/1office.co\/sweden\/sv\/produkt\/authorized-contact-person\/#breadcrumb","itemListElement":[{"@type":"ListItem","position":1,"name":"Home","item":"https:\/\/1office.co\/sweden\/sv\/"},{"@type":"ListItem","position":2,"name":"V\u00e5ra tj\u00e4nster","item":"https:\/\/1office.co\/sweden\/sv\/our-services\/"},{"@type":"ListItem","position":3,"name":"S\u00e4rskild delgivningsmottagare p\u00e5 \u00e5rsbasis"}]},{"@type":"WebSite","@id":"https:\/\/1office.co\/sweden\/#website","url":"https:\/\/1office.co\/sweden\/","name":"1Office Sweden","description":"Making Business Simple","potentialAction":[{"@type":"SearchAction","target":{"@type":"EntryPoint","urlTemplate":"https:\/\/1office.co\/sweden\/?s={search_term_string}"},"query-input":{"@type":"PropertyValueSpecification","valueRequired":true,"valueName":"search_term_string"}}],"inLanguage":"sv-SE"}]}},"_links":{"self":[{"href":"https:\/\/1office.co\/sweden\/sv\/wp-json\/wp\/v2\/product\/58858","targetHints":{"allow":["GET"]}}],"collection":[{"href":"https:\/\/1office.co\/sweden\/sv\/wp-json\/wp\/v2\/product"}],"about":[{"href":"https:\/\/1office.co\/sweden\/sv\/wp-json\/wp\/v2\/types\/product"}],"wp:featuredmedia":[{"embeddable":true,"href":"https:\/\/1office.co\/sweden\/sv\/wp-json\/wp\/v2\/media\/58116"}],"wp:attachment":[{"href":"https:\/\/1office.co\/sweden\/sv\/wp-json\/wp\/v2\/media?parent=58858"}],"wp:term":[{"taxonomy":"product_brand","embeddable":true,"href":"https:\/\/1office.co\/sweden\/sv\/wp-json\/wp\/v2\/product_brand?post=58858"},{"taxonomy":"product_cat","embeddable":true,"href":"https:\/\/1office.co\/sweden\/sv\/wp-json\/wp\/v2\/product_cat?post=58858"},{"taxonomy":"product_tag","embeddable":true,"href":"https:\/\/1office.co\/sweden\/sv\/wp-json\/wp\/v2\/product_tag?post=58858"}],"curies":[{"name":"wp","href":"https:\/\/api.w.org\/{rel}","templated":true}]}}