{"id":58872,"date":"2017-08-10T10:40:14","date_gmt":"2017-08-10T10:40:14","guid":{"rendered":"https:\/\/1office.co\/sweden\/product\/accountants-hourly-fee\/"},"modified":"2025-07-31T12:06:47","modified_gmt":"2025-07-31T12:06:47","slug":"redovisning-sverige-startavgift","status":"publish","type":"product","link":"https:\/\/1office.co\/sweden\/sv\/produkt\/redovisning-sverige-startavgift\/","title":{"rendered":"Redovisning &#8211; startavgift"},"content":{"rendered":"<div class=\"wpb-content-wrapper\"><p>[vc_row][vc_column]<div id=\"advanced-tabs-desc-wrap-9946\" class=\"ult_tabs product_tabs\" style=\" \" data-tabsstyle=\"style1\"\n data-titlebg=\"#ffffff\" data-titlecolor=\"#b6b8ba\" data-fullheight=\"off\"\n data-titlehoverbg=\"#ffffff\" data-titlehovercolor=\"#1d1e23\"\n data-rotatetabs=\"0\" data-responsivemode=\"Both\" data-animation=\"Slide\"\ndata-activetitle=\"#1d1e23\" data-activeicon=\"\" data-activebg=\"#ffffff\"  data-respmode=\"Tabs\" data-respwidth=\"400\" data-scroll = \"on\" data-activeindex=\"1\"><ul id=advanced-tabs-wrap-8183 class=\"ult_tabmenu style1 \" style=\"\"><li class=\"ult_tab_li  \" data-iconcolor=\"#74777b\" data-iconhover=\"#ffffff\" style=\"background-color:#ffffff;border-color:transparent;border-width:0px;border-style:solid;border-top-left-radius:8px;\">\n\t\t\t\t\t<a href=\"#1512642751410-8598a-c205\"  id=\"1512642751410-8598a-c205\"  style=\"color:#b6b8ba;; padding:15px; \" class=\"ult_a  \">\n\t\t\t\t\t     <span class=\"ult_tab_main Both \">\n\t\t\t\t\t \t\t <span class=\"ult_tab_section\">\n\t\t\t\t\t   \t\t\t<span  data-ultimate-target='#advanced-tabs-wrap-8183 .ult-span-text'  data-responsive-json-new='{\"font-size\":\"desktop:14px;\",\"line-height\":\"\"}'  class=\"ult-span-text no_icon ult_tab_display_text ult-responsive\" style=\"font-weight:bold;;\">BESKRIVNING<\/span>\n\t\t\t\t\t   \t\t<\/span>\n\t\t\t\t\t\t<\/span>\n\t\t\t\t\t<\/a>\n\t\t\t\t\t<\/li><li class=\"ult_tab_li  product-faq\" data-iconcolor=\"#74777b\" data-iconhover=\"#ffffff\" style=\"background-color:#ffffff;border-color:transparent;border-width:0px;border-style:solid;border-top-right-radius:8px;\">\n\t\t\t\t\t<a href=\"#1512642751435-8598a-c205\"  id=\"1512642751435-8598a-c205\"  style=\"color:#b6b8ba;; padding:15px; \" class=\"ult_a  \">\n\t\t\t\t\t     <span class=\"ult_tab_main Both \">\n\t\t\t\t\t \t\t <span class=\"ult_tab_section\">\n\t\t\t\t\t   \t\t\t<span  data-ultimate-target='#advanced-tabs-wrap-8183 .ult-span-text'  data-responsive-json-new='{\"font-size\":\"desktop:14px;\",\"line-height\":\"\"}'  class=\"ult-span-text no_icon ult_tab_display_text ult-responsive\" style=\"font-weight:bold;;\">Vanliga fr\u00e5gor<\/span>\n\t\t\t\t\t   \t\t<\/span>\n\t\t\t\t\t\t<\/span>\n\t\t\t\t\t<\/a>\n\t\t\t\t\t<\/li><\/ul><div  data-ultimate-target='#advanced-tabs-desc-wrap-9946 .ult_tabcontent .ult_tab_min_contain  p'  data-responsive-json-new='{\"font-size\":\"\",\"line-height\":\"\"}' class=\"ult_tabcontent ult-responsive style1\" style=\"color:#74777b;\"><div class=\"ult_tab_min_contain \" >\n\t\t\t<div  class=\"ult_tabitemname\"  >\n\t\t\t\t[vc_column_text]Snabb och effektiv redovisning g\u00f6r Ditt liv enklare. Vi kommer \u00f6verens om den exakta omfattningen och redovisningsprocedurerna individuellt med varje kund.<\/p>\n<p>&nbsp;<\/p>\n<p><strong>De viktigaste m\u00f6jligheter och aspekter som ing\u00e5r i v\u00e5r tj\u00e4nst:<\/strong><\/p>\n<ul>\n<li>L\u00f6pande redovisning<\/li>\n<li>\u00c5tkomst till ett webbaserat redovisningsprogram oavsett var Du befinner Dig\u00a0\u2013 programmet kan anv\u00e4ndas p\u00e5 svenska eller engelska.<\/li>\n<li>M\u00f6jligheten att sj\u00e4lv skapa f\u00f6rs\u00e4ljningsfakturor\u00a0\u2013 Skapande och s\u00e4ndning av f\u00f6rs\u00e4ljningsfakturor \u00e4r nu enklare \u00e4n n\u00e5gonsin. F\u00f6rbered dem sj\u00e4lv och s\u00e4nd dem direkt till Dina kunder eller l\u00e5t redovisningsekonomen ta hand om allt.<\/li>\n<li>\u00d6versikt \u00f6ver f\u00f6retagets resultat och finansiella resurser i realtid \u2013\u00a0Ej inkomna och obetalda fakturor, resultat under de senaste 12 m\u00e5naderna, information om de mest s\u00e5lda produkterna och mycket mer. Alla \u00f6versikter visas \u00e4ven visuellt med hj\u00e4lp av diagram.<\/li>\n<li>Enkel s\u00e4ndning av ink\u00f6psfakturor och kvitton \u2013 det \u00e4r bara att ta en bild p\u00e5 faktura eller kvitto och s\u00e4nd den till Din redovisningsekonom via en mobilapp. Dokument kan \u00e4ven s\u00e4ndas via e-post.<\/li>\n<li>M\u00f6jlighet till anv\u00e4ndning av e-fakturor<\/li>\n<li>Bekr\u00e4ftelse av ink\u00f6psfakturor \u2013\u00a0Du kan bekr\u00e4fta alla k\u00f6pfakturor innan de lagras i\u00a0 redovisningen och s\u00e4nds till banken f\u00f6r betalning. Fakturor kan bekr\u00e4ftas direkt i programmet eller i appen.<\/li>\n<li>Automatisk uppkoppling mot banker<\/li>\n<li>Dokumentarkiv \u2013\u00a0M\u00f6jligg\u00f6r b\u00e5de Dig sj\u00e4lv och redovisningsekonomen att lagra alla viktiga dokument.<\/li>\n<\/ul>\n<p><strong>Mot extra kostnad:<\/strong><\/p>\n<ul>\n<li><a href=\"https:\/\/1office.co\/sweden\/sv\/produkt\/annual-report\/\" target=\"_blank\" rel=\"noopener\">\u00c5rsredovisning<\/a>\u00a0och\u00a0<a href=\"https:\/\/1office.co\/sweden\/sv\/produkt\/annual-income-declaration\/\" target=\"_blank\" rel=\"noopener\">inkomstdeklaration\u00a0<\/a>(om ingen annan \u00f6verenskommelse finns)<\/li>\n<\/ul>\n<p><strong>Viktigt:<\/strong><\/p>\n<ul>\n<li>F\u00f6rsta betalning p\u00e5 2500 SEK \u00e4r startavgift som inkluderar 1 timmes utbildning i anv\u00e4ndning av redovisningsprogrammet, maximalt utnyttjande av programmets olika funktioner och m\u00f6jligheter samt hur man anpassar allt detta till Din specifika bransch. Vi g\u00f6r \u00e4ven programinst\u00e4llningar som precis passar Din verksamhet. Vi kommer \u00f6verens om den exakta m\u00e5nadsavgiften med h\u00e4nsyn till transaktionens omfattning och den aktuella branschen. Minimiavgiften \u00e4r 750 SEK per m\u00e5nad och fakturor st\u00e4lls varje m\u00e5nad.<\/li>\n<li>Vi accepterar redovisningsunderlag p\u00e5 estniska, svenska och engelska.<\/li>\n<li>Varje svenskregistrerat f\u00f6retag \u00e4r skyldigt att en g\u00e5ng om \u00e5ret l\u00e4mna in \u00e5rsredovisning, \u00e4ven om f\u00f6retaget inte har haft n\u00e5gon verksamhet under hela r\u00e4kenskaps\u00e5ret.<\/li>\n<li>F\u00f6r att deklarationerna ska kunna l\u00e4mnas in i tid beh\u00f6ver alla dokument \u00f6verl\u00e4mnas till redovisningsekonomen snarast, dock senast den 5:e av den p\u00e5f\u00f6ljande m\u00e5naden. F\u00f6rsenade deklarationer medf\u00f6r b\u00f6ter fr\u00e5n Skatteverket.<\/li>\n<li>Om Du \u00e4r verksam b\u00e5de i Estland och i Sverige kan vi erbjuda Dig b\u00e5da f\u00f6retagsredovisningar fr\u00e5n ett st\u00e4lle. Detta inneb\u00e4r en och samma kontaktperson vilket sparar b\u00e5de tid och pengar. Kontakta oss f\u00f6r en offert:\u00a0<a href=\"mailto:sales@1office.co\">sales@1office.co<\/a><\/li>\n<\/ul>\n<p>[\/vc_column_text]\n\t\t\t<\/div>\n\t\t\t<div  class=\"ult_tabitemname\"  >\n\t\t\t\t[vc_toggle title=&#8221;1. Beh\u00f6ver redovisning g\u00f6ras varje m\u00e5nad?&#8221; style=&#8221;arrow&#8221; open=&#8221;true&#8221; custom_font_container=&#8221;tag:h5|text_align:left&#8221; custom_use_theme_fonts=&#8221;yes&#8221; use_custom_heading=&#8221;true&#8221;]Om f\u00f6retaget har inga m\u00e5natliga utbetalningar eller ink\u00f6p- eller f\u00f6rs\u00e4ljningsfakturor och saknar momsregistreringsnummer s\u00e5 \u00e4r m\u00e5natlig redovisning inte obligatorisk.\u00a0 Det r\u00e4cker med att g\u00f6ra det minst en g\u00e5ng om \u00e5ret, f\u00f6re inl\u00e4mnande av \u00e5rsredovisningen och i f\u00f6rekommande fall arbetgivardeklarationen till Skatteverket och f\u00f6re statistiska rapporter. Om f\u00f6retaget \u00e4r merv\u00e4rdesskatteskyldig \u00e4r det obligatoriskt att l\u00e4mna in deklarationer till Skatteverket (oftast varje kvartal, vid vissa f\u00f6retag \u00e4ven varje m\u00e5nad). Sista datumet f\u00f6r inl\u00e4mnande av deklarationer \u00e4r normalt den 12:e varje m\u00e5nad.[\/vc_toggle]\n\t\t\t<\/div><\/div><\/div><\/div><div class=\"ult_acord advanced-tabs-desc-wrap-9946\">\n   <div class=\"ult-tabto-accordion \" style=\"width:;\"\n    data-titlecolor=\"#b6b8ba\"  data-titlebg=\"#ffffff\"\n     data-titlehoverbg=\"#ffffff\" data-titlehovercolor=\"#1d1e23\" data-animation=\"Slide\"\n     data-activetitle=\"#1d1e23\" data-activeicon=\"\" data-activebg=\"#ffffff\" data-scroll = \"on\" data-activeindex=\"1\" >\n     <dl><dt class=\"\">\n\t        \t<a class=\"ult-tabto-actitle withBorder ult_a \" id=\"1512642751410-8598a-c205\" style=\"color:#b6b8ba;;background-color:#ffffff;border-bottom-color:transparent;border-bottom-width:0px;border-bottom-style:solid;\" href=\"#1512642751410-8598a-c205\">\n\t        \t\t<i class=\"accordion-icon\"><\/i>\n\t        \t\t\t<span class=\"ult_tab_main ult_ac_main ult_noacordicnBoth\">\n\n\t\t\t\t\t\t<span  data-ultimate-target='#advanced-tabs-wrap-8183 .ult-span-text'  data-responsive-json-new='{\"font-size\":\"desktop:14px;\",\"line-height\":\"\"}'  class=\"ult-span-text no_icon ult_acordian-text ult-responsive\" style=\"font-weight:bold;;color:inherit \" >BESKRIVNING<\/span>\n\t\t\t\t\t\t<\/span><\/a><\/dt>\n\t            \t\t<dd class=\"ult-tabto-accordionItem ult-tabto-accolapsed\">\n\t\t\t\t            <div class=\"ult-tabto-acontent\" style=\"color:#74777b;\">\n\t\t\t\t               [vc_column_text]Snabb och effektiv redovisning g\u00f6r Ditt liv enklare. Vi kommer \u00f6verens om den exakta omfattningen och redovisningsprocedurerna individuellt med varje kund.<\/p>\n<p>&nbsp;<\/p>\n<p><strong>De viktigaste m\u00f6jligheter och aspekter som ing\u00e5r i v\u00e5r tj\u00e4nst:<\/strong><\/p>\n<ul>\n<li>L\u00f6pande redovisning<\/li>\n<li>\u00c5tkomst till ett webbaserat redovisningsprogram oavsett var Du befinner Dig\u00a0\u2013 programmet kan anv\u00e4ndas p\u00e5 svenska eller engelska.<\/li>\n<li>M\u00f6jligheten att sj\u00e4lv skapa f\u00f6rs\u00e4ljningsfakturor\u00a0\u2013 Skapande och s\u00e4ndning av f\u00f6rs\u00e4ljningsfakturor \u00e4r nu enklare \u00e4n n\u00e5gonsin. F\u00f6rbered dem sj\u00e4lv och s\u00e4nd dem direkt till Dina kunder eller l\u00e5t redovisningsekonomen ta hand om allt.<\/li>\n<li>\u00d6versikt \u00f6ver f\u00f6retagets resultat och finansiella resurser i realtid \u2013\u00a0Ej inkomna och obetalda fakturor, resultat under de senaste 12 m\u00e5naderna, information om de mest s\u00e5lda produkterna och mycket mer. Alla \u00f6versikter visas \u00e4ven visuellt med hj\u00e4lp av diagram.<\/li>\n<li>Enkel s\u00e4ndning av ink\u00f6psfakturor och kvitton \u2013 det \u00e4r bara att ta en bild p\u00e5 faktura eller kvitto och s\u00e4nd den till Din redovisningsekonom via en mobilapp. Dokument kan \u00e4ven s\u00e4ndas via e-post.<\/li>\n<li>M\u00f6jlighet till anv\u00e4ndning av e-fakturor<\/li>\n<li>Bekr\u00e4ftelse av ink\u00f6psfakturor \u2013\u00a0Du kan bekr\u00e4fta alla k\u00f6pfakturor innan de lagras i\u00a0 redovisningen och s\u00e4nds till banken f\u00f6r betalning. Fakturor kan bekr\u00e4ftas direkt i programmet eller i appen.<\/li>\n<li>Automatisk uppkoppling mot banker<\/li>\n<li>Dokumentarkiv \u2013\u00a0M\u00f6jligg\u00f6r b\u00e5de Dig sj\u00e4lv och redovisningsekonomen att lagra alla viktiga dokument.<\/li>\n<\/ul>\n<p><strong>Mot extra kostnad:<\/strong><\/p>\n<ul>\n<li><a href=\"https:\/\/1office.co\/sweden\/sv\/produkt\/annual-report\/\" target=\"_blank\" rel=\"noopener\">\u00c5rsredovisning<\/a>\u00a0och\u00a0<a href=\"https:\/\/1office.co\/sweden\/sv\/produkt\/annual-income-declaration\/\" target=\"_blank\" rel=\"noopener\">inkomstdeklaration\u00a0<\/a>(om ingen annan \u00f6verenskommelse finns)<\/li>\n<\/ul>\n<p><strong>Viktigt:<\/strong><\/p>\n<ul>\n<li>F\u00f6rsta betalning p\u00e5 2500 SEK \u00e4r startavgift som inkluderar 1 timmes utbildning i anv\u00e4ndning av redovisningsprogrammet, maximalt utnyttjande av programmets olika funktioner och m\u00f6jligheter samt hur man anpassar allt detta till Din specifika bransch. Vi g\u00f6r \u00e4ven programinst\u00e4llningar som precis passar Din verksamhet. Vi kommer \u00f6verens om den exakta m\u00e5nadsavgiften med h\u00e4nsyn till transaktionens omfattning och den aktuella branschen. Minimiavgiften \u00e4r 750 SEK per m\u00e5nad och fakturor st\u00e4lls varje m\u00e5nad.<\/li>\n<li>Vi accepterar redovisningsunderlag p\u00e5 estniska, svenska och engelska.<\/li>\n<li>Varje svenskregistrerat f\u00f6retag \u00e4r skyldigt att en g\u00e5ng om \u00e5ret l\u00e4mna in \u00e5rsredovisning, \u00e4ven om f\u00f6retaget inte har haft n\u00e5gon verksamhet under hela r\u00e4kenskaps\u00e5ret.<\/li>\n<li>F\u00f6r att deklarationerna ska kunna l\u00e4mnas in i tid beh\u00f6ver alla dokument \u00f6verl\u00e4mnas till redovisningsekonomen snarast, dock senast den 5:e av den p\u00e5f\u00f6ljande m\u00e5naden. F\u00f6rsenade deklarationer medf\u00f6r b\u00f6ter fr\u00e5n Skatteverket.<\/li>\n<li>Om Du \u00e4r verksam b\u00e5de i Estland och i Sverige kan vi erbjuda Dig b\u00e5da f\u00f6retagsredovisningar fr\u00e5n ett st\u00e4lle. Detta inneb\u00e4r en och samma kontaktperson vilket sparar b\u00e5de tid och pengar. Kontakta oss f\u00f6r en offert:\u00a0<a href=\"mailto:sales@1office.co\">sales@1office.co<\/a><\/li>\n<\/ul>\n<p>[\/vc_column_text]\n\t\t\t\t            <\/div>\n\t        \t\t\t<\/dd><dt class=\"product-faq\">\n\t        \t<a class=\"ult-tabto-actitle withBorder ult_a \" id=\"1512642751435-8598a-c205\" style=\"color:#b6b8ba;;background-color:#ffffff;border-bottom-color:transparent;border-bottom-width:0px;border-bottom-style:solid;border-bottom-color:transparent;border-bottom-width:0px;border-bottom-style:solid;\" href=\"#1512642751435-8598a-c205\">\n\t        \t\t<i class=\"accordion-icon\"><\/i>\n\t        \t\t\t<span class=\"ult_tab_main ult_ac_main ult_noacordicnBoth\">\n\n\t\t\t\t\t\t<span  data-ultimate-target='#advanced-tabs-wrap-8183 .ult-span-text'  data-responsive-json-new='{\"font-size\":\"desktop:14px;\",\"line-height\":\"\"}'  class=\"ult-span-text no_icon ult_acordian-text ult-responsive\" style=\"font-weight:bold;;color:inherit \" >Vanliga fr\u00e5gor<\/span>\n\t\t\t\t\t\t<\/span><\/a><\/dt>\n\t            \t\t<dd class=\"ult-tabto-accordionItem ult-tabto-accolapsed\">\n\t\t\t\t            <div class=\"ult-tabto-acontent\" style=\"color:#74777b;\">\n\t\t\t\t               [vc_toggle title=&#8221;1. Beh\u00f6ver redovisning g\u00f6ras varje m\u00e5nad?&#8221; style=&#8221;arrow&#8221; open=&#8221;true&#8221; custom_font_container=&#8221;tag:h5|text_align:left&#8221; custom_use_theme_fonts=&#8221;yes&#8221; use_custom_heading=&#8221;true&#8221;]Om f\u00f6retaget har inga m\u00e5natliga utbetalningar eller ink\u00f6p- eller f\u00f6rs\u00e4ljningsfakturor och saknar momsregistreringsnummer s\u00e5 \u00e4r m\u00e5natlig redovisning inte obligatorisk.\u00a0 Det r\u00e4cker med att g\u00f6ra det minst en g\u00e5ng om \u00e5ret, f\u00f6re inl\u00e4mnande av \u00e5rsredovisningen och i f\u00f6rekommande fall arbetgivardeklarationen till Skatteverket och f\u00f6re statistiska rapporter. Om f\u00f6retaget \u00e4r merv\u00e4rdesskatteskyldig \u00e4r det obligatoriskt att l\u00e4mna in deklarationer till Skatteverket (oftast varje kvartal, vid vissa f\u00f6retag \u00e4ven varje m\u00e5nad). Sista datumet f\u00f6r inl\u00e4mnande av deklarationer \u00e4r normalt den 12:e varje m\u00e5nad.[\/vc_toggle]\n\t\t\t\t            <\/div>\n\t        \t\t\t<\/dd>\n    \t<\/dl>\n    <!--<div class=\"extraborder\" style=\"background-color:#ffffff\"><\/div>-->\n<\/div>\n\n<\/div>[\/vc_column][\/vc_row]<\/p>\n<\/div>","protected":false},"excerpt":{"rendered":"<p>En helautomatiserad tj\u00e4nst som \u00f6vervakar resultaten i realtid, ger \u00e5tkomst till allt som Du kan dr\u00f6mma om och ger allsidigt st\u00f6d fr\u00e5n v\u00e5rt professionella team.<\/p>\n","protected":false},"featured_media":52157,"template":"","meta":{"_acf_changed":false,"inline_featured_image":false},"product_brand":[],"product_cat":[370],"product_tag":[374],"class_list":{"0":"post-58872","1":"product","2":"type-product","3":"status-publish","4":"has-post-thumbnail","6":"product_cat-accounting-sv","7":"product_tag-sweden-sv","8":"description-off","10":"first","11":"instock","12":"taxable","13":"shipping-taxable","14":"purchasable","15":"product-type-simple"},"bundled_by":["58853","60703"],"bundle_stock_status":"instock","bundle_stock_quantity":null,"bundle_virtual":false,"bundle_layout":"","bundle_add_to_cart_form_location":"","bundle_editable_in_cart":false,"bundle_sold_individually_context":"","bundle_item_grouping":"","bundle_min_size":"","bundle_max_size":"","bundle_price":[],"bundled_items":[],"bundle_sell_ids":[],"acf":[],"yoast_head":"<!-- This site is optimized with the Yoast SEO Premium plugin v22.1 (Yoast SEO v27.0) - https:\/\/yoast.com\/product\/yoast-seo-premium-wordpress\/ -->\n<title>Redovisning i Sverige - 1Office Sweden<\/title>\n<meta name=\"description\" content=\"Starta med v\u00e5r automatiserade redovisningstj\u00e4nst \u2013 f\u00e5 tillg\u00e5ng till ett webbaserat program, realtidsdata och st\u00f6d fr\u00e5n erfarna redovisningsekonomer. Startavgift: 2 500 SEK.\" \/>\n<meta name=\"robots\" content=\"index, follow, max-snippet:-1, max-image-preview:large, max-video-preview:-1\" \/>\n<link rel=\"canonical\" href=\"https:\/\/1office.co\/sweden\/sv\/produkt\/redovisning-sverige-startavgift\/\" \/>\n<meta property=\"og:locale\" content=\"sv_SE\" \/>\n<meta property=\"og:type\" content=\"article\" \/>\n<meta property=\"og:title\" content=\"Redovisning - startavgift\" \/>\n<meta property=\"og:description\" content=\"Starta med v\u00e5r automatiserade redovisningstj\u00e4nst \u2013 f\u00e5 tillg\u00e5ng till ett webbaserat program, realtidsdata och st\u00f6d fr\u00e5n erfarna redovisningsekonomer. Startavgift: 2 500 SEK.\" \/>\n<meta property=\"og:url\" content=\"https:\/\/1office.co\/sweden\/sv\/produkt\/redovisning-sverige-startavgift\/\" \/>\n<meta property=\"og:site_name\" content=\"1Office Sweden\" \/>\n<meta property=\"article:modified_time\" content=\"2025-07-31T12:06:47+00:00\" \/>\n<meta property=\"og:image\" content=\"https:\/\/1office.co\/sweden\/wp-content\/uploads\/sites\/13\/2013\/03\/7-002.jpg\" \/>\n\t<meta property=\"og:image:width\" content=\"1500\" \/>\n\t<meta property=\"og:image:height\" content=\"1000\" \/>\n\t<meta property=\"og:image:type\" content=\"image\/jpeg\" \/>\n<meta name=\"twitter:card\" content=\"summary_large_image\" \/>\n<meta name=\"twitter:label1\" content=\"Ber\u00e4knad l\u00e4stid\" \/>\n\t<meta name=\"twitter:data1\" content=\"3 minuter\" \/>\n<script type=\"application\/ld+json\" class=\"yoast-schema-graph\">{\"@context\":\"https:\/\/schema.org\",\"@graph\":[{\"@type\":\"WebPage\",\"@id\":\"https:\/\/1office.co\/sweden\/sv\/produkt\/redovisning-sverige-startavgift\/\",\"url\":\"https:\/\/1office.co\/sweden\/sv\/produkt\/redovisning-sverige-startavgift\/\",\"name\":\"Redovisning i Sverige - 1Office Sweden\",\"isPartOf\":{\"@id\":\"https:\/\/1office.co\/sweden\/#website\"},\"primaryImageOfPage\":{\"@id\":\"https:\/\/1office.co\/sweden\/sv\/produkt\/redovisning-sverige-startavgift\/#primaryimage\"},\"image\":{\"@id\":\"https:\/\/1office.co\/sweden\/sv\/produkt\/redovisning-sverige-startavgift\/#primaryimage\"},\"thumbnailUrl\":\"https:\/\/1office.co\/sweden\/wp-content\/uploads\/sites\/13\/2013\/03\/7-002.jpg\",\"datePublished\":\"2017-08-10T10:40:14+00:00\",\"dateModified\":\"2025-07-31T12:06:47+00:00\",\"description\":\"Starta med v\u00e5r automatiserade redovisningstj\u00e4nst \u2013 f\u00e5 tillg\u00e5ng till ett webbaserat program, realtidsdata och st\u00f6d fr\u00e5n erfarna redovisningsekonomer. Startavgift: 2 500 SEK.\",\"breadcrumb\":{\"@id\":\"https:\/\/1office.co\/sweden\/sv\/produkt\/redovisning-sverige-startavgift\/#breadcrumb\"},\"inLanguage\":\"sv-SE\",\"potentialAction\":[{\"@type\":\"ReadAction\",\"target\":[\"https:\/\/1office.co\/sweden\/sv\/produkt\/redovisning-sverige-startavgift\/\"]}]},{\"@type\":\"ImageObject\",\"inLanguage\":\"sv-SE\",\"@id\":\"https:\/\/1office.co\/sweden\/sv\/produkt\/redovisning-sverige-startavgift\/#primaryimage\",\"url\":\"https:\/\/1office.co\/sweden\/wp-content\/uploads\/sites\/13\/2013\/03\/7-002.jpg\",\"contentUrl\":\"https:\/\/1office.co\/sweden\/wp-content\/uploads\/sites\/13\/2013\/03\/7-002.jpg\",\"width\":1500,\"height\":1000},{\"@type\":\"BreadcrumbList\",\"@id\":\"https:\/\/1office.co\/sweden\/sv\/produkt\/redovisning-sverige-startavgift\/#breadcrumb\",\"itemListElement\":[{\"@type\":\"ListItem\",\"position\":1,\"name\":\"Home\",\"item\":\"https:\/\/1office.co\/sweden\/sv\/\"},{\"@type\":\"ListItem\",\"position\":2,\"name\":\"V\u00e5ra tj\u00e4nster\",\"item\":\"https:\/\/1office.co\/sweden\/sv\/our-services\/\"},{\"@type\":\"ListItem\",\"position\":3,\"name\":\"Redovisning &#8211; startavgift\"}]},{\"@type\":\"WebSite\",\"@id\":\"https:\/\/1office.co\/sweden\/#website\",\"url\":\"https:\/\/1office.co\/sweden\/\",\"name\":\"1Office Sweden\",\"description\":\"Making Business Simple\",\"potentialAction\":[{\"@type\":\"SearchAction\",\"target\":{\"@type\":\"EntryPoint\",\"urlTemplate\":\"https:\/\/1office.co\/sweden\/?s={search_term_string}\"},\"query-input\":{\"@type\":\"PropertyValueSpecification\",\"valueRequired\":true,\"valueName\":\"search_term_string\"}}],\"inLanguage\":\"sv-SE\"}]}<\/script>\n<!-- \/ Yoast SEO Premium plugin. -->","yoast_head_json":{"title":"Redovisning i Sverige - 1Office Sweden","description":"Starta med v\u00e5r automatiserade redovisningstj\u00e4nst \u2013 f\u00e5 tillg\u00e5ng till ett webbaserat program, realtidsdata och st\u00f6d fr\u00e5n erfarna redovisningsekonomer. Startavgift: 2 500 SEK.","robots":{"index":"index","follow":"follow","max-snippet":"max-snippet:-1","max-image-preview":"max-image-preview:large","max-video-preview":"max-video-preview:-1"},"canonical":"https:\/\/1office.co\/sweden\/sv\/produkt\/redovisning-sverige-startavgift\/","og_locale":"sv_SE","og_type":"article","og_title":"Redovisning - startavgift","og_description":"Starta med v\u00e5r automatiserade redovisningstj\u00e4nst \u2013 f\u00e5 tillg\u00e5ng till ett webbaserat program, realtidsdata och st\u00f6d fr\u00e5n erfarna redovisningsekonomer. Startavgift: 2 500 SEK.","og_url":"https:\/\/1office.co\/sweden\/sv\/produkt\/redovisning-sverige-startavgift\/","og_site_name":"1Office Sweden","article_modified_time":"2025-07-31T12:06:47+00:00","og_image":[{"width":1500,"height":1000,"url":"https:\/\/1office.co\/sweden\/wp-content\/uploads\/sites\/13\/2013\/03\/7-002.jpg","type":"image\/jpeg"}],"twitter_card":"summary_large_image","twitter_misc":{"Ber\u00e4knad l\u00e4stid":"3 minuter"},"schema":{"@context":"https:\/\/schema.org","@graph":[{"@type":"WebPage","@id":"https:\/\/1office.co\/sweden\/sv\/produkt\/redovisning-sverige-startavgift\/","url":"https:\/\/1office.co\/sweden\/sv\/produkt\/redovisning-sverige-startavgift\/","name":"Redovisning i Sverige - 1Office Sweden","isPartOf":{"@id":"https:\/\/1office.co\/sweden\/#website"},"primaryImageOfPage":{"@id":"https:\/\/1office.co\/sweden\/sv\/produkt\/redovisning-sverige-startavgift\/#primaryimage"},"image":{"@id":"https:\/\/1office.co\/sweden\/sv\/produkt\/redovisning-sverige-startavgift\/#primaryimage"},"thumbnailUrl":"https:\/\/1office.co\/sweden\/wp-content\/uploads\/sites\/13\/2013\/03\/7-002.jpg","datePublished":"2017-08-10T10:40:14+00:00","dateModified":"2025-07-31T12:06:47+00:00","description":"Starta med v\u00e5r automatiserade redovisningstj\u00e4nst \u2013 f\u00e5 tillg\u00e5ng till ett webbaserat program, realtidsdata och st\u00f6d fr\u00e5n erfarna redovisningsekonomer. Startavgift: 2 500 SEK.","breadcrumb":{"@id":"https:\/\/1office.co\/sweden\/sv\/produkt\/redovisning-sverige-startavgift\/#breadcrumb"},"inLanguage":"sv-SE","potentialAction":[{"@type":"ReadAction","target":["https:\/\/1office.co\/sweden\/sv\/produkt\/redovisning-sverige-startavgift\/"]}]},{"@type":"ImageObject","inLanguage":"sv-SE","@id":"https:\/\/1office.co\/sweden\/sv\/produkt\/redovisning-sverige-startavgift\/#primaryimage","url":"https:\/\/1office.co\/sweden\/wp-content\/uploads\/sites\/13\/2013\/03\/7-002.jpg","contentUrl":"https:\/\/1office.co\/sweden\/wp-content\/uploads\/sites\/13\/2013\/03\/7-002.jpg","width":1500,"height":1000},{"@type":"BreadcrumbList","@id":"https:\/\/1office.co\/sweden\/sv\/produkt\/redovisning-sverige-startavgift\/#breadcrumb","itemListElement":[{"@type":"ListItem","position":1,"name":"Home","item":"https:\/\/1office.co\/sweden\/sv\/"},{"@type":"ListItem","position":2,"name":"V\u00e5ra tj\u00e4nster","item":"https:\/\/1office.co\/sweden\/sv\/our-services\/"},{"@type":"ListItem","position":3,"name":"Redovisning &#8211; startavgift"}]},{"@type":"WebSite","@id":"https:\/\/1office.co\/sweden\/#website","url":"https:\/\/1office.co\/sweden\/","name":"1Office Sweden","description":"Making Business Simple","potentialAction":[{"@type":"SearchAction","target":{"@type":"EntryPoint","urlTemplate":"https:\/\/1office.co\/sweden\/?s={search_term_string}"},"query-input":{"@type":"PropertyValueSpecification","valueRequired":true,"valueName":"search_term_string"}}],"inLanguage":"sv-SE"}]}},"_links":{"self":[{"href":"https:\/\/1office.co\/sweden\/sv\/wp-json\/wp\/v2\/product\/58872","targetHints":{"allow":["GET"]}}],"collection":[{"href":"https:\/\/1office.co\/sweden\/sv\/wp-json\/wp\/v2\/product"}],"about":[{"href":"https:\/\/1office.co\/sweden\/sv\/wp-json\/wp\/v2\/types\/product"}],"wp:featuredmedia":[{"embeddable":true,"href":"https:\/\/1office.co\/sweden\/sv\/wp-json\/wp\/v2\/media\/52157"}],"wp:attachment":[{"href":"https:\/\/1office.co\/sweden\/sv\/wp-json\/wp\/v2\/media?parent=58872"}],"wp:term":[{"taxonomy":"product_brand","embeddable":true,"href":"https:\/\/1office.co\/sweden\/sv\/wp-json\/wp\/v2\/product_brand?post=58872"},{"taxonomy":"product_cat","embeddable":true,"href":"https:\/\/1office.co\/sweden\/sv\/wp-json\/wp\/v2\/product_cat?post=58872"},{"taxonomy":"product_tag","embeddable":true,"href":"https:\/\/1office.co\/sweden\/sv\/wp-json\/wp\/v2\/product_tag?post=58872"}],"curies":[{"name":"wp","href":"https:\/\/api.w.org\/{rel}","templated":true}]}}