{"id":58877,"date":"2018-01-17T07:06:12","date_gmt":"2018-01-17T07:06:12","guid":{"rendered":"https:\/\/1office.co\/sweden\/product\/legal-consultation\/"},"modified":"2026-02-20T08:41:17","modified_gmt":"2026-02-20T08:41:17","slug":"juridisk-konsultation","status":"publish","type":"product","link":"https:\/\/1office.co\/sweden\/sv\/produkt\/juridisk-konsultation\/","title":{"rendered":"Juridisk konsultation"},"content":{"rendered":"<div class=\"wpb-content-wrapper\"><p>[vc_row][vc_column]<div id=\"advanced-tabs-desc-wrap-7747\" class=\"ult_tabs product_tabs\" style=\" \" data-tabsstyle=\"style1\"\n data-titlebg=\"#ffffff\" data-titlecolor=\"#b6b8ba\" data-fullheight=\"off\"\n data-titlehoverbg=\"#ffffff\" data-titlehovercolor=\"#1d1e23\"\n data-rotatetabs=\"0\" data-responsivemode=\"Both\" data-animation=\"Slide\"\ndata-activetitle=\"#1d1e23\" data-activeicon=\"\" data-activebg=\"#ffffff\"  data-respmode=\"Tabs\" data-respwidth=\"400\" data-scroll = \"on\" data-activeindex=\"1\"><ul id=advanced-tabs-wrap-5793 class=\"ult_tabmenu style1 \" style=\"\"><li class=\"ult_tab_li  \" data-iconcolor=\"#74777b\" data-iconhover=\"#ffffff\" style=\"background-color:#ffffff;border-color:transparent;border-width:0px;border-style:solid;border-top-right-radius:8px;\">\n\t\t\t\t\t<a href=\"#1512642751410-84e8b-6fc5\"  id=\"1512642751410-84e8b-6fc5\"  style=\"color:#b6b8ba;; padding:15px; \" class=\"ult_a  \">\n\t\t\t\t\t     <span class=\"ult_tab_main Both \">\n\t\t\t\t\t \t\t <span class=\"ult_tab_section\">\n\t\t\t\t\t   \t\t\t<span  data-ultimate-target='#advanced-tabs-wrap-5793 .ult-span-text'  data-responsive-json-new='{\"font-size\":\"desktop:14px;\",\"line-height\":\"\"}'  class=\"ult-span-text no_icon ult_tab_display_text ult-responsive\" style=\"font-weight:bold;;\">BESKRIVNING<\/span>\n\t\t\t\t\t   \t\t<\/span>\n\t\t\t\t\t\t<\/span>\n\t\t\t\t\t<\/a>\n\t\t\t\t\t<\/li><\/ul><div  data-ultimate-target='#advanced-tabs-desc-wrap-7747 .ult_tabcontent .ult_tab_min_contain  p'  data-responsive-json-new='{\"font-size\":\"\",\"line-height\":\"\"}' class=\"ult_tabcontent ult-responsive style1\" style=\"color:#74777b;\"><div class=\"ult_tab_min_contain \" >\n\t\t\t<div  class=\"ult_tabitemname\"  >\n\t\t\t\t[vc_column_text css=&#8221;&#8221;]Vi ger r\u00e5d om fr\u00e5gor kring Ditt svenska f\u00f6retag, bland annat handelsr\u00e4tt, avtalsr\u00e4tt och arbetsr\u00e4tt. Vi uppr\u00e4ttar juridiska dokument och avtal samt konsulterar om verksamhetslicenser, varum\u00e4rkesregistrering och mycket mer. Tj\u00e4nsten priss\u00e4tts med timpris.<\/p>\n<p>Om Du fortfarande planerar att starta Din verksamhet i Sverige rekommenderar vi att best\u00e4lla en separat\u00a0<a href=\"https:\/\/1office.co\/sweden\/sv\/produkt\/starting-business-in-sweden-consultation\/\" target=\"_blank\" rel=\"noopener\">konsultation om verksamhetsstart i Sverige.<\/a><\/p>\n<p><strong>Priset inkluderar:<\/strong><\/p>\n<ul>\n<li>Konsultationens inneh\u00e5ll och omfattning beror p\u00e5 den specifika kundens behov och fr\u00e5gor.<\/li>\n<\/ul>\n<p><strong>Vanligare teman som diskuteras under en konsultation:<\/strong><\/p>\n<ul>\n<li>Uppr\u00e4ttande av juridiska dokument (fullmaktsbrev, f\u00f6retagsdokument, protokoll)<\/li>\n<li>Konsultation om verksamhetslicenser (utom finanstj\u00e4nster)<\/li>\n<li>Avyttring, omorganisering och avveckling av ett f\u00f6retag<\/li>\n<li>Reglering av aktie\u00e4garnas inb\u00f6rdes relationer<\/li>\n<li>\u00d6kning och minskning av aktiekapitalet<\/li>\n<li>Register\u00e5tg\u00e4rder<\/li>\n<li>Uppr\u00e4ttande av avtal (l\u00e5n, k\u00f6p och f\u00f6rs\u00e4ljning, anst\u00e4llningsavtal, hyra osv)<\/li>\n<li>Upps\u00e4gning av kollektivavtal och individuella avtal samt medf\u00f6ljande krav<\/li>\n<\/ul>\n<p><strong>Mot extra kostnad:<\/strong><\/p>\n<ul>\n<li><a href=\"https:\/\/1office.co\/sweden\/sv\/produkt\/starting-business-in-sweden-consultation\/\" target=\"_blank\" rel=\"noopener\">Konsultation om verksamhetsstart i Sverige<\/a><\/li>\n<li><a href=\"https:\/\/1office.co\/sweden\/sv\/produkt\/international-tax-consultation\/\" target=\"_blank\" rel=\"noopener\">Internationell skattekonsultation<\/a><\/li>\n<\/ul>\n<p><strong>F\u00f6rloppet:<\/strong><\/p>\n<ul>\n<li>S\u00e4nd oss Dina fr\u00e5gor s\u00e5 vi kan planera konsultationens omfattning<\/li>\n<li>Vi skickar Dig en offert och kommer \u00f6verens om arbetsvolymen<\/li>\n<li>Konsultationen sker antingen via m\u00f6te p\u00e5 v\u00e5rt kontor, per telefon eller i skriftlig form<\/li>\n<\/ul>\n<p><strong>Viktigt:<\/strong><\/p>\n<ul>\n<li>Eftersom konsultationens inneh\u00e5ll och omfattning beror p\u00e5 den specifika kundens behov kommer vi alltid \u00f6verens om konsultationens omfattning i f\u00f6rv\u00e4g.<\/li>\n<li>Var beredd att st\u00e4lla Dina viktigaste fr\u00e5gor och ber\u00e4tta om Dina bekymmer kring den planerade verksamheten.<\/li>\n<\/ul>\n<p>[\/vc_column_text]\n\t\t\t<\/div><\/div><\/div><\/div><div class=\"ult_acord advanced-tabs-desc-wrap-7747\">\n   <div class=\"ult-tabto-accordion \" style=\"width:;\"\n    data-titlecolor=\"#b6b8ba\"  data-titlebg=\"#ffffff\"\n     data-titlehoverbg=\"#ffffff\" data-titlehovercolor=\"#1d1e23\" data-animation=\"Slide\"\n     data-activetitle=\"#1d1e23\" data-activeicon=\"\" data-activebg=\"#ffffff\" data-scroll = \"on\" data-activeindex=\"1\" >\n     <dl><dt class=\"\">\n\t        \t<a class=\"ult-tabto-actitle withBorder ult_a \" id=\"1512642751410-84e8b-6fc5\" style=\"color:#b6b8ba;;background-color:#ffffff;border-bottom-color:transparent;border-bottom-width:0px;border-bottom-style:solid;\" href=\"#1512642751410-84e8b-6fc5\">\n\t        \t\t<i class=\"accordion-icon\"><\/i>\n\t        \t\t\t<span class=\"ult_tab_main ult_ac_main ult_noacordicnBoth\">\n\n\t\t\t\t\t\t<span  data-ultimate-target='#advanced-tabs-wrap-5793 .ult-span-text'  data-responsive-json-new='{\"font-size\":\"desktop:14px;\",\"line-height\":\"\"}'  class=\"ult-span-text no_icon ult_acordian-text ult-responsive\" style=\"font-weight:bold;;color:inherit \" >BESKRIVNING<\/span>\n\t\t\t\t\t\t<\/span><\/a><\/dt>\n\t            \t\t<dd class=\"ult-tabto-accordionItem ult-tabto-accolapsed\">\n\t\t\t\t            <div class=\"ult-tabto-acontent\" style=\"color:#74777b;\">\n\t\t\t\t               [vc_column_text css=&#8221;&#8221;]Vi ger r\u00e5d om fr\u00e5gor kring Ditt svenska f\u00f6retag, bland annat handelsr\u00e4tt, avtalsr\u00e4tt och arbetsr\u00e4tt. Vi uppr\u00e4ttar juridiska dokument och avtal samt konsulterar om verksamhetslicenser, varum\u00e4rkesregistrering och mycket mer. Tj\u00e4nsten priss\u00e4tts med timpris.<\/p>\n<p>Om Du fortfarande planerar att starta Din verksamhet i Sverige rekommenderar vi att best\u00e4lla en separat\u00a0<a href=\"https:\/\/1office.co\/sweden\/sv\/produkt\/starting-business-in-sweden-consultation\/\" target=\"_blank\" rel=\"noopener\">konsultation om verksamhetsstart i Sverige.<\/a><\/p>\n<p><strong>Priset inkluderar:<\/strong><\/p>\n<ul>\n<li>Konsultationens inneh\u00e5ll och omfattning beror p\u00e5 den specifika kundens behov och fr\u00e5gor.<\/li>\n<\/ul>\n<p><strong>Vanligare teman som diskuteras under en konsultation:<\/strong><\/p>\n<ul>\n<li>Uppr\u00e4ttande av juridiska dokument (fullmaktsbrev, f\u00f6retagsdokument, protokoll)<\/li>\n<li>Konsultation om verksamhetslicenser (utom finanstj\u00e4nster)<\/li>\n<li>Avyttring, omorganisering och avveckling av ett f\u00f6retag<\/li>\n<li>Reglering av aktie\u00e4garnas inb\u00f6rdes relationer<\/li>\n<li>\u00d6kning och minskning av aktiekapitalet<\/li>\n<li>Register\u00e5tg\u00e4rder<\/li>\n<li>Uppr\u00e4ttande av avtal (l\u00e5n, k\u00f6p och f\u00f6rs\u00e4ljning, anst\u00e4llningsavtal, hyra osv)<\/li>\n<li>Upps\u00e4gning av kollektivavtal och individuella avtal samt medf\u00f6ljande krav<\/li>\n<\/ul>\n<p><strong>Mot extra kostnad:<\/strong><\/p>\n<ul>\n<li><a href=\"https:\/\/1office.co\/sweden\/sv\/produkt\/starting-business-in-sweden-consultation\/\" target=\"_blank\" rel=\"noopener\">Konsultation om verksamhetsstart i Sverige<\/a><\/li>\n<li><a href=\"https:\/\/1office.co\/sweden\/sv\/produkt\/international-tax-consultation\/\" target=\"_blank\" rel=\"noopener\">Internationell skattekonsultation<\/a><\/li>\n<\/ul>\n<p><strong>F\u00f6rloppet:<\/strong><\/p>\n<ul>\n<li>S\u00e4nd oss Dina fr\u00e5gor s\u00e5 vi kan planera konsultationens omfattning<\/li>\n<li>Vi skickar Dig en offert och kommer \u00f6verens om arbetsvolymen<\/li>\n<li>Konsultationen sker antingen via m\u00f6te p\u00e5 v\u00e5rt kontor, per telefon eller i skriftlig form<\/li>\n<\/ul>\n<p><strong>Viktigt:<\/strong><\/p>\n<ul>\n<li>Eftersom konsultationens inneh\u00e5ll och omfattning beror p\u00e5 den specifika kundens behov kommer vi alltid \u00f6verens om konsultationens omfattning i f\u00f6rv\u00e4g.<\/li>\n<li>Var beredd att st\u00e4lla Dina viktigaste fr\u00e5gor och ber\u00e4tta om Dina bekymmer kring den planerade verksamheten.<\/li>\n<\/ul>\n<p>[\/vc_column_text]\n\t\t\t\t            <\/div>\n\t        \t\t\t<\/dd>\n    \t<\/dl>\n    <!--<div class=\"extraborder\" style=\"background-color:#ffffff\"><\/div>-->\n<\/div>\n\n<\/div>[\/vc_column][\/vc_row]<\/p>\n<\/div>","protected":false},"excerpt":{"rendered":"<p>Vi ger r\u00e5d i olika juridiska fr\u00e5gor. Det \u00e4r bara att kontakta oss och ber\u00e4tta hur vi kan hj\u00e4lpa Dig.<\/p>\n","protected":false},"featured_media":57428,"template":"","meta":{"_acf_changed":false,"inline_featured_image":false},"product_brand":[],"product_cat":[372],"product_tag":[374],"class_list":{"0":"post-58877","1":"product","2":"type-product","3":"status-publish","4":"has-post-thumbnail","6":"product_cat-legal-services-sv","7":"product_tag-sweden-sv","8":"description-off","10":"first","11":"instock","12":"taxable","13":"shipping-taxable","14":"purchasable","15":"product-type-simple"},"bundled_by":[],"bundle_stock_status":"instock","bundle_stock_quantity":null,"bundle_virtual":false,"bundle_layout":"","bundle_add_to_cart_form_location":"","bundle_editable_in_cart":false,"bundle_sold_individually_context":"","bundle_item_grouping":"","bundle_min_size":"","bundle_max_size":"","bundle_price":[],"bundled_items":[],"bundle_sell_ids":[],"acf":[],"yoast_head":"<!-- This site is optimized with the Yoast SEO Premium plugin v22.1 (Yoast SEO v27.0) - https:\/\/yoast.com\/product\/yoast-seo-premium-wordpress\/ -->\n<title>Juridisk konsultation - 1Office Sweden<\/title>\n<meta name=\"description\" content=\"Advising on legal topics related to a Swedish company.\" \/>\n<meta name=\"robots\" content=\"index, follow, max-snippet:-1, max-image-preview:large, max-video-preview:-1\" \/>\n<link rel=\"canonical\" href=\"https:\/\/1office.co\/sweden\/sv\/produkt\/juridisk-konsultation\/\" \/>\n<meta property=\"og:locale\" content=\"sv_SE\" \/>\n<meta property=\"og:type\" content=\"article\" \/>\n<meta property=\"og:title\" content=\"Juridisk konsultation\" \/>\n<meta property=\"og:description\" content=\"Advising on legal topics related to a Swedish company.\" \/>\n<meta property=\"og:url\" content=\"https:\/\/1office.co\/sweden\/sv\/produkt\/juridisk-konsultation\/\" \/>\n<meta property=\"og:site_name\" content=\"1Office Sweden\" \/>\n<meta property=\"article:modified_time\" content=\"2026-02-20T08:41:17+00:00\" \/>\n<meta property=\"og:image\" content=\"https:\/\/1office.co\/sweden\/wp-content\/uploads\/sites\/13\/2017\/08\/calculator-calculation-insurance-finance-53621.jpeg\" \/>\n\t<meta property=\"og:image:width\" content=\"1920\" \/>\n\t<meta property=\"og:image:height\" content=\"1131\" \/>\n\t<meta property=\"og:image:type\" content=\"image\/jpeg\" \/>\n<meta name=\"twitter:card\" content=\"summary_large_image\" \/>\n<meta name=\"twitter:label1\" content=\"Ber\u00e4knad l\u00e4stid\" \/>\n\t<meta name=\"twitter:data1\" content=\"2 minuter\" \/>\n<script type=\"application\/ld+json\" class=\"yoast-schema-graph\">{\"@context\":\"https:\/\/schema.org\",\"@graph\":[{\"@type\":\"WebPage\",\"@id\":\"https:\/\/1office.co\/sweden\/sv\/produkt\/juridisk-konsultation\/\",\"url\":\"https:\/\/1office.co\/sweden\/sv\/produkt\/juridisk-konsultation\/\",\"name\":\"Juridisk konsultation - 1Office Sweden\",\"isPartOf\":{\"@id\":\"https:\/\/1office.co\/sweden\/#website\"},\"primaryImageOfPage\":{\"@id\":\"https:\/\/1office.co\/sweden\/sv\/produkt\/juridisk-konsultation\/#primaryimage\"},\"image\":{\"@id\":\"https:\/\/1office.co\/sweden\/sv\/produkt\/juridisk-konsultation\/#primaryimage\"},\"thumbnailUrl\":\"https:\/\/1office.co\/sweden\/wp-content\/uploads\/sites\/13\/2017\/08\/calculator-calculation-insurance-finance-53621.jpeg\",\"datePublished\":\"2018-01-17T07:06:12+00:00\",\"dateModified\":\"2026-02-20T08:41:17+00:00\",\"description\":\"Advising on legal topics related to a Swedish company.\",\"breadcrumb\":{\"@id\":\"https:\/\/1office.co\/sweden\/sv\/produkt\/juridisk-konsultation\/#breadcrumb\"},\"inLanguage\":\"sv-SE\",\"potentialAction\":[{\"@type\":\"ReadAction\",\"target\":[\"https:\/\/1office.co\/sweden\/sv\/produkt\/juridisk-konsultation\/\"]}]},{\"@type\":\"ImageObject\",\"inLanguage\":\"sv-SE\",\"@id\":\"https:\/\/1office.co\/sweden\/sv\/produkt\/juridisk-konsultation\/#primaryimage\",\"url\":\"https:\/\/1office.co\/sweden\/wp-content\/uploads\/sites\/13\/2017\/08\/calculator-calculation-insurance-finance-53621.jpeg\",\"contentUrl\":\"https:\/\/1office.co\/sweden\/wp-content\/uploads\/sites\/13\/2017\/08\/calculator-calculation-insurance-finance-53621.jpeg\",\"width\":1920,\"height\":1131},{\"@type\":\"BreadcrumbList\",\"@id\":\"https:\/\/1office.co\/sweden\/sv\/produkt\/juridisk-konsultation\/#breadcrumb\",\"itemListElement\":[{\"@type\":\"ListItem\",\"position\":1,\"name\":\"Home\",\"item\":\"https:\/\/1office.co\/sweden\/sv\/\"},{\"@type\":\"ListItem\",\"position\":2,\"name\":\"V\u00e5ra tj\u00e4nster\",\"item\":\"https:\/\/1office.co\/sweden\/sv\/our-services\/\"},{\"@type\":\"ListItem\",\"position\":3,\"name\":\"Juridisk konsultation\"}]},{\"@type\":\"WebSite\",\"@id\":\"https:\/\/1office.co\/sweden\/#website\",\"url\":\"https:\/\/1office.co\/sweden\/\",\"name\":\"1Office Sweden\",\"description\":\"Making Business Simple\",\"potentialAction\":[{\"@type\":\"SearchAction\",\"target\":{\"@type\":\"EntryPoint\",\"urlTemplate\":\"https:\/\/1office.co\/sweden\/?s={search_term_string}\"},\"query-input\":{\"@type\":\"PropertyValueSpecification\",\"valueRequired\":true,\"valueName\":\"search_term_string\"}}],\"inLanguage\":\"sv-SE\"}]}<\/script>\n<!-- \/ Yoast SEO Premium plugin. -->","yoast_head_json":{"title":"Juridisk konsultation - 1Office Sweden","description":"Advising on legal topics related to a Swedish company.","robots":{"index":"index","follow":"follow","max-snippet":"max-snippet:-1","max-image-preview":"max-image-preview:large","max-video-preview":"max-video-preview:-1"},"canonical":"https:\/\/1office.co\/sweden\/sv\/produkt\/juridisk-konsultation\/","og_locale":"sv_SE","og_type":"article","og_title":"Juridisk konsultation","og_description":"Advising on legal topics related to a Swedish company.","og_url":"https:\/\/1office.co\/sweden\/sv\/produkt\/juridisk-konsultation\/","og_site_name":"1Office Sweden","article_modified_time":"2026-02-20T08:41:17+00:00","og_image":[{"width":1920,"height":1131,"url":"https:\/\/1office.co\/sweden\/wp-content\/uploads\/sites\/13\/2017\/08\/calculator-calculation-insurance-finance-53621.jpeg","type":"image\/jpeg"}],"twitter_card":"summary_large_image","twitter_misc":{"Ber\u00e4knad l\u00e4stid":"2 minuter"},"schema":{"@context":"https:\/\/schema.org","@graph":[{"@type":"WebPage","@id":"https:\/\/1office.co\/sweden\/sv\/produkt\/juridisk-konsultation\/","url":"https:\/\/1office.co\/sweden\/sv\/produkt\/juridisk-konsultation\/","name":"Juridisk konsultation - 1Office Sweden","isPartOf":{"@id":"https:\/\/1office.co\/sweden\/#website"},"primaryImageOfPage":{"@id":"https:\/\/1office.co\/sweden\/sv\/produkt\/juridisk-konsultation\/#primaryimage"},"image":{"@id":"https:\/\/1office.co\/sweden\/sv\/produkt\/juridisk-konsultation\/#primaryimage"},"thumbnailUrl":"https:\/\/1office.co\/sweden\/wp-content\/uploads\/sites\/13\/2017\/08\/calculator-calculation-insurance-finance-53621.jpeg","datePublished":"2018-01-17T07:06:12+00:00","dateModified":"2026-02-20T08:41:17+00:00","description":"Advising on legal topics related to a Swedish company.","breadcrumb":{"@id":"https:\/\/1office.co\/sweden\/sv\/produkt\/juridisk-konsultation\/#breadcrumb"},"inLanguage":"sv-SE","potentialAction":[{"@type":"ReadAction","target":["https:\/\/1office.co\/sweden\/sv\/produkt\/juridisk-konsultation\/"]}]},{"@type":"ImageObject","inLanguage":"sv-SE","@id":"https:\/\/1office.co\/sweden\/sv\/produkt\/juridisk-konsultation\/#primaryimage","url":"https:\/\/1office.co\/sweden\/wp-content\/uploads\/sites\/13\/2017\/08\/calculator-calculation-insurance-finance-53621.jpeg","contentUrl":"https:\/\/1office.co\/sweden\/wp-content\/uploads\/sites\/13\/2017\/08\/calculator-calculation-insurance-finance-53621.jpeg","width":1920,"height":1131},{"@type":"BreadcrumbList","@id":"https:\/\/1office.co\/sweden\/sv\/produkt\/juridisk-konsultation\/#breadcrumb","itemListElement":[{"@type":"ListItem","position":1,"name":"Home","item":"https:\/\/1office.co\/sweden\/sv\/"},{"@type":"ListItem","position":2,"name":"V\u00e5ra tj\u00e4nster","item":"https:\/\/1office.co\/sweden\/sv\/our-services\/"},{"@type":"ListItem","position":3,"name":"Juridisk konsultation"}]},{"@type":"WebSite","@id":"https:\/\/1office.co\/sweden\/#website","url":"https:\/\/1office.co\/sweden\/","name":"1Office Sweden","description":"Making Business Simple","potentialAction":[{"@type":"SearchAction","target":{"@type":"EntryPoint","urlTemplate":"https:\/\/1office.co\/sweden\/?s={search_term_string}"},"query-input":{"@type":"PropertyValueSpecification","valueRequired":true,"valueName":"search_term_string"}}],"inLanguage":"sv-SE"}]}},"_links":{"self":[{"href":"https:\/\/1office.co\/sweden\/sv\/wp-json\/wp\/v2\/product\/58877","targetHints":{"allow":["GET"]}}],"collection":[{"href":"https:\/\/1office.co\/sweden\/sv\/wp-json\/wp\/v2\/product"}],"about":[{"href":"https:\/\/1office.co\/sweden\/sv\/wp-json\/wp\/v2\/types\/product"}],"wp:featuredmedia":[{"embeddable":true,"href":"https:\/\/1office.co\/sweden\/sv\/wp-json\/wp\/v2\/media\/57428"}],"wp:attachment":[{"href":"https:\/\/1office.co\/sweden\/sv\/wp-json\/wp\/v2\/media?parent=58877"}],"wp:term":[{"taxonomy":"product_brand","embeddable":true,"href":"https:\/\/1office.co\/sweden\/sv\/wp-json\/wp\/v2\/product_brand?post=58877"},{"taxonomy":"product_cat","embeddable":true,"href":"https:\/\/1office.co\/sweden\/sv\/wp-json\/wp\/v2\/product_cat?post=58877"},{"taxonomy":"product_tag","embeddable":true,"href":"https:\/\/1office.co\/sweden\/sv\/wp-json\/wp\/v2\/product_tag?post=58877"}],"curies":[{"name":"wp","href":"https:\/\/api.w.org\/{rel}","templated":true}]}}