{"id":58901,"date":"2017-12-13T11:39:59","date_gmt":"2017-12-13T11:39:59","guid":{"rendered":"https:\/\/1office.co\/sweden\/product\/annual-income-declaration\/"},"modified":"2025-08-04T07:20:37","modified_gmt":"2025-08-04T07:20:37","slug":"inkomstdeklaration-for-rakenskapsaret","status":"publish","type":"product","link":"https:\/\/1office.co\/sweden\/sv\/produkt\/inkomstdeklaration-for-rakenskapsaret\/","title":{"rendered":"Inkomstdeklaration f\u00f6r r\u00e4kenskaps\u00e5ret"},"content":{"rendered":"<div class=\"wpb-content-wrapper\"><p>[vc_row][vc_column]<div id=\"advanced-tabs-desc-wrap-1646\" class=\"ult_tabs product_tabs\" style=\" \" data-tabsstyle=\"style1\"\n data-titlebg=\"#ffffff\" data-titlecolor=\"#b6b8ba\" data-fullheight=\"off\"\n data-titlehoverbg=\"#ffffff\" data-titlehovercolor=\"#1d1e23\"\n data-rotatetabs=\"0\" data-responsivemode=\"Both\" data-animation=\"Slide\"\ndata-activetitle=\"#1d1e23\" data-activeicon=\"\" data-activebg=\"#ffffff\"  data-respmode=\"Tabs\" data-respwidth=\"400\" data-scroll = \"on\" data-activeindex=\"1\"><ul id=advanced-tabs-wrap-1653 class=\"ult_tabmenu style1 \" style=\"\"><li class=\"ult_tab_li  \" data-iconcolor=\"#74777b\" data-iconhover=\"#ffffff\" style=\"background-color:#ffffff;border-color:transparent;border-width:0px;border-style:solid;border-top-right-radius:8px;\">\n\t\t\t\t\t<a href=\"#1512642751410-8cd24-3a01\"  id=\"1512642751410-8cd24-3a01\"  style=\"color:#b6b8ba;; padding:15px; \" class=\"ult_a  \">\n\t\t\t\t\t     <span class=\"ult_tab_main Both \">\n\t\t\t\t\t \t\t <span class=\"ult_tab_section\">\n\t\t\t\t\t   \t\t\t<span  data-ultimate-target='#advanced-tabs-wrap-1653 .ult-span-text'  data-responsive-json-new='{\"font-size\":\"desktop:14px;\",\"line-height\":\"\"}'  class=\"ult-span-text no_icon ult_tab_display_text ult-responsive\" style=\"font-weight:bold;;\">BESKRIVNING<\/span>\n\t\t\t\t\t   \t\t<\/span>\n\t\t\t\t\t\t<\/span>\n\t\t\t\t\t<\/a>\n\t\t\t\t\t<\/li><\/ul><div  data-ultimate-target='#advanced-tabs-desc-wrap-1646 .ult_tabcontent .ult_tab_min_contain  p'  data-responsive-json-new='{\"font-size\":\"\",\"line-height\":\"\"}' class=\"ult_tabcontent ult-responsive style1\" style=\"color:#74777b;\"><div class=\"ult_tab_min_contain \" >\n\t\t\t<div  class=\"ult_tabitemname\"  >\n\t\t\t\t[vc_column_text]Inkomstdeklaration b\u00f6r l\u00e4mnas in av varje f\u00f6retag med verksamhet i Sverige senast sex m\u00e5nader efter r\u00e4kenskaps\u00e5rets utg\u00e5ng. Deklarationen \u00e4r \u00e4ven obligatorisk f\u00f6r utl\u00e4ndska f\u00f6retag med svenska skatteregistreringar. En inkomstdeklaration best\u00e5r av tre delar: balansr\u00e4kning, resultatr\u00e4kning och skattem\u00e4ssiga justeringar.<\/p>\n<p><strong>Priset inkluderar:<\/strong><\/p>\n<ul>\n<li>Inkomstdeklarationer under r\u00e4kenskaps\u00e5ret<\/li>\n<\/ul>\n<p><strong>Mot extra kostnad:<\/strong><\/p>\n<ul>\n<li>Juridisk konsultation<\/li>\n<li>Internationell skattekonsultation<\/li>\n<li><a href=\"https:\/\/1office.co\/sweden\/sv\/produkt\/accountants-hourly-fee\/\" target=\"_blank\" rel=\"noopener\">Redovisningstj\u00e4nst<\/a><\/li>\n<\/ul>\n<p><strong>Viktigt:<\/strong><\/p>\n<ul>\n<li>Kostnaden f\u00f6r f\u00f6rberedande arbete f\u00f6r uppr\u00e4ttande av inkomstdeklaration tillkommer till fakturan, baserad p\u00e5 redovisningsekonomens normala timarvode.<\/li>\n<li>F\u00f6rsenade deklarationer f\u00f6r r\u00e4kenskaps\u00e5ret medf\u00f6r b\u00f6ter:<br \/>\n1) kort f\u00f6rsening 5000 SEK<br \/>\n2) 2 m\u00e5naders f\u00f6rsening 5000 SEK<br \/>\n3) 4 m\u00e5naders f\u00f6rsening 10 000 SEK<br \/>\n4) tv\u00e5ngslikvidation av f\u00f6retaget<\/li>\n<\/ul>\n<p>[\/vc_column_text]\n\t\t\t<\/div><\/div><\/div><\/div><div class=\"ult_acord advanced-tabs-desc-wrap-1646\">\n   <div class=\"ult-tabto-accordion \" style=\"width:;\"\n    data-titlecolor=\"#b6b8ba\"  data-titlebg=\"#ffffff\"\n     data-titlehoverbg=\"#ffffff\" data-titlehovercolor=\"#1d1e23\" data-animation=\"Slide\"\n     data-activetitle=\"#1d1e23\" data-activeicon=\"\" data-activebg=\"#ffffff\" data-scroll = \"on\" data-activeindex=\"1\" >\n     <dl><dt class=\"\">\n\t        \t<a class=\"ult-tabto-actitle withBorder ult_a \" id=\"1512642751410-8cd24-3a01\" style=\"color:#b6b8ba;;background-color:#ffffff;border-bottom-color:transparent;border-bottom-width:0px;border-bottom-style:solid;\" href=\"#1512642751410-8cd24-3a01\">\n\t        \t\t<i class=\"accordion-icon\"><\/i>\n\t        \t\t\t<span class=\"ult_tab_main ult_ac_main ult_noacordicnBoth\">\n\n\t\t\t\t\t\t<span  data-ultimate-target='#advanced-tabs-wrap-1653 .ult-span-text'  data-responsive-json-new='{\"font-size\":\"desktop:14px;\",\"line-height\":\"\"}'  class=\"ult-span-text no_icon ult_acordian-text ult-responsive\" style=\"font-weight:bold;;color:inherit \" >BESKRIVNING<\/span>\n\t\t\t\t\t\t<\/span><\/a><\/dt>\n\t            \t\t<dd class=\"ult-tabto-accordionItem ult-tabto-accolapsed\">\n\t\t\t\t            <div class=\"ult-tabto-acontent\" style=\"color:#74777b;\">\n\t\t\t\t               [vc_column_text]Inkomstdeklaration b\u00f6r l\u00e4mnas in av varje f\u00f6retag med verksamhet i Sverige senast sex m\u00e5nader efter r\u00e4kenskaps\u00e5rets utg\u00e5ng. Deklarationen \u00e4r \u00e4ven obligatorisk f\u00f6r utl\u00e4ndska f\u00f6retag med svenska skatteregistreringar. En inkomstdeklaration best\u00e5r av tre delar: balansr\u00e4kning, resultatr\u00e4kning och skattem\u00e4ssiga justeringar.<\/p>\n<p><strong>Priset inkluderar:<\/strong><\/p>\n<ul>\n<li>Inkomstdeklarationer under r\u00e4kenskaps\u00e5ret<\/li>\n<\/ul>\n<p><strong>Mot extra kostnad:<\/strong><\/p>\n<ul>\n<li>Juridisk konsultation<\/li>\n<li>Internationell skattekonsultation<\/li>\n<li><a href=\"https:\/\/1office.co\/sweden\/sv\/produkt\/accountants-hourly-fee\/\" target=\"_blank\" rel=\"noopener\">Redovisningstj\u00e4nst<\/a><\/li>\n<\/ul>\n<p><strong>Viktigt:<\/strong><\/p>\n<ul>\n<li>Kostnaden f\u00f6r f\u00f6rberedande arbete f\u00f6r uppr\u00e4ttande av inkomstdeklaration tillkommer till fakturan, baserad p\u00e5 redovisningsekonomens normala timarvode.<\/li>\n<li>F\u00f6rsenade deklarationer f\u00f6r r\u00e4kenskaps\u00e5ret medf\u00f6r b\u00f6ter:<br \/>\n1) kort f\u00f6rsening 5000 SEK<br \/>\n2) 2 m\u00e5naders f\u00f6rsening 5000 SEK<br \/>\n3) 4 m\u00e5naders f\u00f6rsening 10 000 SEK<br \/>\n4) tv\u00e5ngslikvidation av f\u00f6retaget<\/li>\n<\/ul>\n<p>[\/vc_column_text]\n\t\t\t\t            <\/div>\n\t        \t\t\t<\/dd>\n    \t<\/dl>\n    <!--<div class=\"extraborder\" style=\"background-color:#ffffff\"><\/div>-->\n<\/div>\n\n<\/div>[\/vc_column][\/vc_row]<\/p>\n<\/div>","protected":false},"excerpt":{"rendered":"<p>Varje svenskregistrerat f\u00f6retag b\u00f6r inom sex m\u00e5nader efter ett r\u00e4kenskaps\u00e5rs utg\u00e5ng l\u00e4mna in en inkomstdeklaration f\u00f6r r\u00e4kenskaps\u00e5ret. Den ska vara p\u00e5 svenska och i lokal valuta (SEK).<\/p>\n","protected":false},"featured_media":57379,"template":"","meta":{"_acf_changed":false,"inline_featured_image":false},"product_brand":[],"product_cat":[370],"product_tag":[374],"class_list":{"0":"post-58901","1":"product","2":"type-product","3":"status-publish","4":"has-post-thumbnail","6":"product_cat-accounting-sv","7":"product_tag-sweden-sv","8":"description-off","10":"first","11":"instock","12":"virtual","13":"taxable","14":"purchasable","15":"product-type-simple"},"bundled_by":[],"bundle_stock_status":"instock","bundle_stock_quantity":null,"bundle_virtual":false,"bundle_layout":"","bundle_add_to_cart_form_location":"","bundle_editable_in_cart":false,"bundle_sold_individually_context":"","bundle_item_grouping":"","bundle_min_size":"","bundle_max_size":"","bundle_price":[],"bundled_items":[],"bundle_sell_ids":[],"acf":[],"yoast_head":"<!-- This site is optimized with the Yoast SEO Premium plugin v22.1 (Yoast SEO v27.0) - https:\/\/yoast.com\/product\/yoast-seo-premium-wordpress\/ -->\n<title>Submitting Annual Income declaration - 1Office Sweden<\/title>\n<meta name=\"description\" content=\"Every company conducting business in Sweden needs to submit the annual income declaration within six months of the end of the financial year.\" \/>\n<meta name=\"robots\" content=\"index, follow, max-snippet:-1, max-image-preview:large, max-video-preview:-1\" \/>\n<link rel=\"canonical\" href=\"https:\/\/1office.co\/sweden\/sv\/produkt\/inkomstdeklaration-for-rakenskapsaret\/\" \/>\n<meta property=\"og:locale\" content=\"sv_SE\" \/>\n<meta property=\"og:type\" content=\"article\" \/>\n<meta property=\"og:title\" content=\"Inkomstdeklaration f\u00f6r r\u00e4kenskaps\u00e5ret\" \/>\n<meta property=\"og:description\" content=\"Every company conducting business in Sweden needs to submit the annual income declaration within six months of the end of the financial year.\" \/>\n<meta property=\"og:url\" content=\"https:\/\/1office.co\/sweden\/sv\/produkt\/inkomstdeklaration-for-rakenskapsaret\/\" \/>\n<meta property=\"og:site_name\" content=\"1Office Sweden\" \/>\n<meta property=\"article:modified_time\" content=\"2025-08-04T07:20:37+00:00\" \/>\n<meta property=\"og:image\" content=\"https:\/\/1office.co\/sweden\/wp-content\/uploads\/sites\/13\/2017\/12\/money-gold-coins-finance.jpg\" \/>\n\t<meta property=\"og:image:width\" content=\"1920\" \/>\n\t<meta property=\"og:image:height\" content=\"1271\" \/>\n\t<meta property=\"og:image:type\" content=\"image\/jpeg\" \/>\n<meta name=\"twitter:card\" content=\"summary_large_image\" \/>\n<meta name=\"twitter:label1\" content=\"Ber\u00e4knad l\u00e4stid\" \/>\n\t<meta name=\"twitter:data1\" content=\"1 minut\" \/>\n<script type=\"application\/ld+json\" class=\"yoast-schema-graph\">{\"@context\":\"https:\/\/schema.org\",\"@graph\":[{\"@type\":\"WebPage\",\"@id\":\"https:\/\/1office.co\/sweden\/sv\/produkt\/inkomstdeklaration-for-rakenskapsaret\/\",\"url\":\"https:\/\/1office.co\/sweden\/sv\/produkt\/inkomstdeklaration-for-rakenskapsaret\/\",\"name\":\"Submitting Annual Income declaration - 1Office Sweden\",\"isPartOf\":{\"@id\":\"https:\/\/1office.co\/sweden\/#website\"},\"primaryImageOfPage\":{\"@id\":\"https:\/\/1office.co\/sweden\/sv\/produkt\/inkomstdeklaration-for-rakenskapsaret\/#primaryimage\"},\"image\":{\"@id\":\"https:\/\/1office.co\/sweden\/sv\/produkt\/inkomstdeklaration-for-rakenskapsaret\/#primaryimage\"},\"thumbnailUrl\":\"https:\/\/1office.co\/sweden\/wp-content\/uploads\/sites\/13\/2017\/12\/money-gold-coins-finance.jpg\",\"datePublished\":\"2017-12-13T11:39:59+00:00\",\"dateModified\":\"2025-08-04T07:20:37+00:00\",\"description\":\"Every company conducting business in Sweden needs to submit the annual income declaration within six months of the end of the financial year.\",\"breadcrumb\":{\"@id\":\"https:\/\/1office.co\/sweden\/sv\/produkt\/inkomstdeklaration-for-rakenskapsaret\/#breadcrumb\"},\"inLanguage\":\"sv-SE\",\"potentialAction\":[{\"@type\":\"ReadAction\",\"target\":[\"https:\/\/1office.co\/sweden\/sv\/produkt\/inkomstdeklaration-for-rakenskapsaret\/\"]}]},{\"@type\":\"ImageObject\",\"inLanguage\":\"sv-SE\",\"@id\":\"https:\/\/1office.co\/sweden\/sv\/produkt\/inkomstdeklaration-for-rakenskapsaret\/#primaryimage\",\"url\":\"https:\/\/1office.co\/sweden\/wp-content\/uploads\/sites\/13\/2017\/12\/money-gold-coins-finance.jpg\",\"contentUrl\":\"https:\/\/1office.co\/sweden\/wp-content\/uploads\/sites\/13\/2017\/12\/money-gold-coins-finance.jpg\",\"width\":1920,\"height\":1271,\"caption\":\"Income declaration\"},{\"@type\":\"BreadcrumbList\",\"@id\":\"https:\/\/1office.co\/sweden\/sv\/produkt\/inkomstdeklaration-for-rakenskapsaret\/#breadcrumb\",\"itemListElement\":[{\"@type\":\"ListItem\",\"position\":1,\"name\":\"Home\",\"item\":\"https:\/\/1office.co\/sweden\/sv\/\"},{\"@type\":\"ListItem\",\"position\":2,\"name\":\"V\u00e5ra tj\u00e4nster\",\"item\":\"https:\/\/1office.co\/sweden\/sv\/our-services\/\"},{\"@type\":\"ListItem\",\"position\":3,\"name\":\"Inkomstdeklaration f\u00f6r r\u00e4kenskaps\u00e5ret\"}]},{\"@type\":\"WebSite\",\"@id\":\"https:\/\/1office.co\/sweden\/#website\",\"url\":\"https:\/\/1office.co\/sweden\/\",\"name\":\"1Office Sweden\",\"description\":\"Making Business Simple\",\"potentialAction\":[{\"@type\":\"SearchAction\",\"target\":{\"@type\":\"EntryPoint\",\"urlTemplate\":\"https:\/\/1office.co\/sweden\/?s={search_term_string}\"},\"query-input\":{\"@type\":\"PropertyValueSpecification\",\"valueRequired\":true,\"valueName\":\"search_term_string\"}}],\"inLanguage\":\"sv-SE\"}]}<\/script>\n<!-- \/ Yoast SEO Premium plugin. -->","yoast_head_json":{"title":"Submitting Annual Income declaration - 1Office Sweden","description":"Every company conducting business in Sweden needs to submit the annual income declaration within six months of the end of the financial year.","robots":{"index":"index","follow":"follow","max-snippet":"max-snippet:-1","max-image-preview":"max-image-preview:large","max-video-preview":"max-video-preview:-1"},"canonical":"https:\/\/1office.co\/sweden\/sv\/produkt\/inkomstdeklaration-for-rakenskapsaret\/","og_locale":"sv_SE","og_type":"article","og_title":"Inkomstdeklaration f\u00f6r r\u00e4kenskaps\u00e5ret","og_description":"Every company conducting business in Sweden needs to submit the annual income declaration within six months of the end of the financial year.","og_url":"https:\/\/1office.co\/sweden\/sv\/produkt\/inkomstdeklaration-for-rakenskapsaret\/","og_site_name":"1Office Sweden","article_modified_time":"2025-08-04T07:20:37+00:00","og_image":[{"width":1920,"height":1271,"url":"https:\/\/1office.co\/sweden\/wp-content\/uploads\/sites\/13\/2017\/12\/money-gold-coins-finance.jpg","type":"image\/jpeg"}],"twitter_card":"summary_large_image","twitter_misc":{"Ber\u00e4knad l\u00e4stid":"1 minut"},"schema":{"@context":"https:\/\/schema.org","@graph":[{"@type":"WebPage","@id":"https:\/\/1office.co\/sweden\/sv\/produkt\/inkomstdeklaration-for-rakenskapsaret\/","url":"https:\/\/1office.co\/sweden\/sv\/produkt\/inkomstdeklaration-for-rakenskapsaret\/","name":"Submitting Annual Income declaration - 1Office Sweden","isPartOf":{"@id":"https:\/\/1office.co\/sweden\/#website"},"primaryImageOfPage":{"@id":"https:\/\/1office.co\/sweden\/sv\/produkt\/inkomstdeklaration-for-rakenskapsaret\/#primaryimage"},"image":{"@id":"https:\/\/1office.co\/sweden\/sv\/produkt\/inkomstdeklaration-for-rakenskapsaret\/#primaryimage"},"thumbnailUrl":"https:\/\/1office.co\/sweden\/wp-content\/uploads\/sites\/13\/2017\/12\/money-gold-coins-finance.jpg","datePublished":"2017-12-13T11:39:59+00:00","dateModified":"2025-08-04T07:20:37+00:00","description":"Every company conducting business in Sweden needs to submit the annual income declaration within six months of the end of the financial year.","breadcrumb":{"@id":"https:\/\/1office.co\/sweden\/sv\/produkt\/inkomstdeklaration-for-rakenskapsaret\/#breadcrumb"},"inLanguage":"sv-SE","potentialAction":[{"@type":"ReadAction","target":["https:\/\/1office.co\/sweden\/sv\/produkt\/inkomstdeklaration-for-rakenskapsaret\/"]}]},{"@type":"ImageObject","inLanguage":"sv-SE","@id":"https:\/\/1office.co\/sweden\/sv\/produkt\/inkomstdeklaration-for-rakenskapsaret\/#primaryimage","url":"https:\/\/1office.co\/sweden\/wp-content\/uploads\/sites\/13\/2017\/12\/money-gold-coins-finance.jpg","contentUrl":"https:\/\/1office.co\/sweden\/wp-content\/uploads\/sites\/13\/2017\/12\/money-gold-coins-finance.jpg","width":1920,"height":1271,"caption":"Income declaration"},{"@type":"BreadcrumbList","@id":"https:\/\/1office.co\/sweden\/sv\/produkt\/inkomstdeklaration-for-rakenskapsaret\/#breadcrumb","itemListElement":[{"@type":"ListItem","position":1,"name":"Home","item":"https:\/\/1office.co\/sweden\/sv\/"},{"@type":"ListItem","position":2,"name":"V\u00e5ra tj\u00e4nster","item":"https:\/\/1office.co\/sweden\/sv\/our-services\/"},{"@type":"ListItem","position":3,"name":"Inkomstdeklaration f\u00f6r r\u00e4kenskaps\u00e5ret"}]},{"@type":"WebSite","@id":"https:\/\/1office.co\/sweden\/#website","url":"https:\/\/1office.co\/sweden\/","name":"1Office Sweden","description":"Making Business Simple","potentialAction":[{"@type":"SearchAction","target":{"@type":"EntryPoint","urlTemplate":"https:\/\/1office.co\/sweden\/?s={search_term_string}"},"query-input":{"@type":"PropertyValueSpecification","valueRequired":true,"valueName":"search_term_string"}}],"inLanguage":"sv-SE"}]}},"_links":{"self":[{"href":"https:\/\/1office.co\/sweden\/sv\/wp-json\/wp\/v2\/product\/58901","targetHints":{"allow":["GET"]}}],"collection":[{"href":"https:\/\/1office.co\/sweden\/sv\/wp-json\/wp\/v2\/product"}],"about":[{"href":"https:\/\/1office.co\/sweden\/sv\/wp-json\/wp\/v2\/types\/product"}],"wp:featuredmedia":[{"embeddable":true,"href":"https:\/\/1office.co\/sweden\/sv\/wp-json\/wp\/v2\/media\/57379"}],"wp:attachment":[{"href":"https:\/\/1office.co\/sweden\/sv\/wp-json\/wp\/v2\/media?parent=58901"}],"wp:term":[{"taxonomy":"product_brand","embeddable":true,"href":"https:\/\/1office.co\/sweden\/sv\/wp-json\/wp\/v2\/product_brand?post=58901"},{"taxonomy":"product_cat","embeddable":true,"href":"https:\/\/1office.co\/sweden\/sv\/wp-json\/wp\/v2\/product_cat?post=58901"},{"taxonomy":"product_tag","embeddable":true,"href":"https:\/\/1office.co\/sweden\/sv\/wp-json\/wp\/v2\/product_tag?post=58901"}],"curies":[{"name":"wp","href":"https:\/\/api.w.org\/{rel}","templated":true}]}}