{"id":58904,"date":"2017-08-10T10:40:14","date_gmt":"2017-08-10T10:40:14","guid":{"rendered":"https:\/\/1office.co\/sweden\/product\/annual-report\/"},"modified":"2025-08-04T07:21:25","modified_gmt":"2025-08-04T07:21:25","slug":"arsredovisning","status":"publish","type":"product","link":"https:\/\/1office.co\/sweden\/sv\/produkt\/arsredovisning\/","title":{"rendered":"\u00c5rsredovisning"},"content":{"rendered":"<div class=\"wpb-content-wrapper\"><p>[vc_row][vc_column]<div id=\"advanced-tabs-desc-wrap-2168\" class=\"ult_tabs product_tabs\" style=\" \" data-tabsstyle=\"style1\"\n data-titlebg=\"#ffffff\" data-titlecolor=\"#b6b8ba\" data-fullheight=\"off\"\n data-titlehoverbg=\"#ffffff\" data-titlehovercolor=\"#1d1e23\"\n data-rotatetabs=\"0\" data-responsivemode=\"Both\" data-animation=\"Slide\"\ndata-activetitle=\"#1d1e23\" data-activeicon=\"\" data-activebg=\"#ffffff\"  data-respmode=\"Tabs\" data-respwidth=\"400\" data-scroll = \"on\" data-activeindex=\"1\"><ul id=advanced-tabs-wrap-6825 class=\"ult_tabmenu style1 \" style=\"\"><li class=\"ult_tab_li  \" data-iconcolor=\"#74777b\" data-iconhover=\"#ffffff\" style=\"background-color:#ffffff;border-color:transparent;border-width:0px;border-style:solid;border-top-left-radius:8px;\">\n\t\t\t\t\t<a href=\"#1512642751410-8cbfe-4c64\"  id=\"1512642751410-8cbfe-4c64\"  style=\"color:#b6b8ba;; padding:15px; \" class=\"ult_a  \">\n\t\t\t\t\t     <span class=\"ult_tab_main Both \">\n\t\t\t\t\t \t\t <span class=\"ult_tab_section\">\n\t\t\t\t\t   \t\t\t<span  data-ultimate-target='#advanced-tabs-wrap-6825 .ult-span-text'  data-responsive-json-new='{\"font-size\":\"desktop:14px;\",\"line-height\":\"\"}'  class=\"ult-span-text no_icon ult_tab_display_text ult-responsive\" style=\"font-weight:bold;;\">BESKRIVNING<\/span>\n\t\t\t\t\t   \t\t<\/span>\n\t\t\t\t\t\t<\/span>\n\t\t\t\t\t<\/a>\n\t\t\t\t\t<\/li><li class=\"ult_tab_li  product-faq\" data-iconcolor=\"#74777b\" data-iconhover=\"#ffffff\" style=\"background-color:#ffffff;border-color:transparent;border-width:0px;border-style:solid;border-top-right-radius:8px;\">\n\t\t\t\t\t<a href=\"#1512642751435-8cbfe-4c64\"  id=\"1512642751435-8cbfe-4c64\"  style=\"color:#b6b8ba;; padding:15px; \" class=\"ult_a  \">\n\t\t\t\t\t     <span class=\"ult_tab_main Both \">\n\t\t\t\t\t \t\t <span class=\"ult_tab_section\">\n\t\t\t\t\t   \t\t\t<span  data-ultimate-target='#advanced-tabs-wrap-6825 .ult-span-text'  data-responsive-json-new='{\"font-size\":\"desktop:14px;\",\"line-height\":\"\"}'  class=\"ult-span-text no_icon ult_tab_display_text ult-responsive\" style=\"font-weight:bold;;\">Vanliga fr\u00e5gor<\/span>\n\t\t\t\t\t   \t\t<\/span>\n\t\t\t\t\t\t<\/span>\n\t\t\t\t\t<\/a>\n\t\t\t\t\t<\/li><\/ul><div  data-ultimate-target='#advanced-tabs-desc-wrap-2168 .ult_tabcontent .ult_tab_min_contain  p'  data-responsive-json-new='{\"font-size\":\"\",\"line-height\":\"\"}' class=\"ult_tabcontent ult-responsive style1\" style=\"color:#74777b;\"><div class=\"ult_tab_min_contain \" >\n\t\t\t<div  class=\"ult_tabitemname\"  >\n\t\t\t\t[vc_column_text]Inl\u00e4mnande av en \u00e5rsredovisning \u00e4r obligatoriskt f\u00f6r alla svenskregistrerade f\u00f6retag, \u00e4ven om f\u00f6retaget inte har haft n\u00e5gon verksamhet under \u00e5ret. All redovisning ska vara klar innan \u00e5rsredovisningen uppr\u00e4ttas.<\/p>\n<p>\u00c5rsredovisningens obligatoriska komponenter inkluderar styrelsens f\u00f6rvaltningsber\u00e4ttelse, balansr\u00e4kning, resultatr\u00e4kning och noter. Vid st\u00f6rre f\u00f6retag kr\u00e4vs \u00e4ven kassafl\u00f6desanalys. En revisionsber\u00e4ttelse kan kr\u00e4vas i vissa fall.<\/p>\n<p>\u00c5rsredovisningens original arkiveras av styrelsen och en bestyrkt kopia skickas till Bolagsverket. En styrelsemedlem eller VD b\u00f6r \u00e4ven l\u00e4mna in ett undertecknat intyg i original om att balansr\u00e4kningen och resultatr\u00e4kningen har fastst\u00e4llts p\u00e5 bolagsst\u00e4mman.<\/p>\n<p><strong>Priset inkluderar:<\/strong><\/p>\n<ul>\n<li>F\u00f6rberedelse av n\u00f6dv\u00e4ndiga dokument f\u00f6r \u00e5rsredovisningen (utom revisionsber\u00e4ttelse)<\/li>\n<li>Inl\u00e4mnande av uppgifter till Bolagsverket<\/li>\n<\/ul>\n<p><strong>Mot extra kostnad:<\/strong><\/p>\n<ul>\n<li>Redovisning om r\u00e4kenskaps\u00e5rets redovisning inte har uppr\u00e4ttats<\/li>\n<li>Kommunikation med revisorn<\/li>\n<\/ul>\n<p><strong>Viktig information:<\/strong><\/p>\n<ul>\n<li>Inl\u00e4mnande av \u00e5rsredovisningen \u00e4r obligatoriskt, \u00e4ven om f\u00f6retaget inte hade n\u00e5gon verksamhet under \u00e5ret.<\/li>\n<li>F\u00f6rsenad \u00e5rsredovisning medf\u00f6r b\u00f6ter:<br \/>\n1) kort f\u00f6rsening 5000 SEK<br \/>\n2) 2 m\u00e5naders f\u00f6rsening 5000 SEK<br \/>\n3) 4 m\u00e5naders f\u00f6rsening 10 000 SEK<br \/>\n4) tv\u00e5ngslikvidation av f\u00f6retaget<\/li>\n<\/ul>\n<p>[\/vc_column_text]\n\t\t\t<\/div>\n\t\t\t<div  class=\"ult_tabitemname\"  >\n\t\t\t\t[vc_toggle title=&#8221;1. Vad h\u00e4nder om jag inte l\u00e4mnar in \u00e5rsredovisningen?&#8221; style=&#8221;arrow&#8221; custom_font_container=&#8221;tag:h5|text_align:left&#8221; custom_use_theme_fonts=&#8221;yes&#8221; use_custom_heading=&#8221;true&#8221;]Om \u00e5rsredovisningen inte l\u00e4mnas in har Bolagsverket r\u00e4tt att efter flera b\u00f6tesstraff avregistrera f\u00f6retaget.[\/vc_toggle][vc_toggle title=&#8221;2. Hur f\u00e5r jag reda p\u00e5 slutdatumet f\u00f6r f\u00f6retagets r\u00e4kenskaps\u00e5r?&#8221; style=&#8221;arrow&#8221; custom_font_container=&#8221;tag:h5|text_align:left&#8221; custom_use_theme_fonts=&#8221;yes&#8221; use_custom_heading=&#8221;true&#8221;]Det anges i f\u00f6retagets registerbevis, bolagsordningen och registreringshandlingen fr\u00e5n Skatteverket.[\/vc_toggle][vc_toggle title=&#8221;3. Kan jag l\u00e4mna in \u00e5rsredovisningen sj\u00e4lv?&#8221; style=&#8221;arrow&#8221; custom_font_container=&#8221;tag:h5|text_align:left&#8221; custom_use_theme_fonts=&#8221;yes&#8221; use_custom_heading=&#8221;true&#8221;]Ja, det \u00e4r m\u00f6jligt men kr\u00e4ver specialkunskaper. Det \u00e4r en ganska komplicerad process, d\u00e4rf\u00f6r rekommenderar vi Dig att s\u00e4tta ig\u00e5ng tidigt f\u00f6r att hinna v\u00e4nda Dig till specialister om det visar sig n\u00f6dv\u00e4ndigt.[\/vc_toggle][vc_toggle title=&#8221;4. Mitt f\u00f6retag \u00e4r inte registrerat i Sverige men har svenska skatteregistreringar. \u00c4r jag skyldig att l\u00e4mna in en \u00e5rsredovisning?&#8221; style=&#8221;arrow&#8221; custom_font_container=&#8221;tag:h5|text_align:left&#8221; custom_use_theme_fonts=&#8221;yes&#8221; use_custom_heading=&#8221;true&#8221;]Nej. I s\u00e5 fall beh\u00f6ver Du bara l\u00e4mna in skattedeklarationen.[\/vc_toggle]\n\t\t\t<\/div><\/div><\/div><\/div><div class=\"ult_acord advanced-tabs-desc-wrap-2168\">\n   <div class=\"ult-tabto-accordion \" style=\"width:;\"\n    data-titlecolor=\"#b6b8ba\"  data-titlebg=\"#ffffff\"\n     data-titlehoverbg=\"#ffffff\" data-titlehovercolor=\"#1d1e23\" data-animation=\"Slide\"\n     data-activetitle=\"#1d1e23\" data-activeicon=\"\" data-activebg=\"#ffffff\" data-scroll = \"on\" data-activeindex=\"1\" >\n     <dl><dt class=\"\">\n\t        \t<a class=\"ult-tabto-actitle withBorder ult_a \" id=\"1512642751410-8cbfe-4c64\" style=\"color:#b6b8ba;;background-color:#ffffff;border-bottom-color:transparent;border-bottom-width:0px;border-bottom-style:solid;\" href=\"#1512642751410-8cbfe-4c64\">\n\t        \t\t<i class=\"accordion-icon\"><\/i>\n\t        \t\t\t<span class=\"ult_tab_main ult_ac_main ult_noacordicnBoth\">\n\n\t\t\t\t\t\t<span  data-ultimate-target='#advanced-tabs-wrap-6825 .ult-span-text'  data-responsive-json-new='{\"font-size\":\"desktop:14px;\",\"line-height\":\"\"}'  class=\"ult-span-text no_icon ult_acordian-text ult-responsive\" style=\"font-weight:bold;;color:inherit \" >BESKRIVNING<\/span>\n\t\t\t\t\t\t<\/span><\/a><\/dt>\n\t            \t\t<dd class=\"ult-tabto-accordionItem ult-tabto-accolapsed\">\n\t\t\t\t            <div class=\"ult-tabto-acontent\" style=\"color:#74777b;\">\n\t\t\t\t               [vc_column_text]Inl\u00e4mnande av en \u00e5rsredovisning \u00e4r obligatoriskt f\u00f6r alla svenskregistrerade f\u00f6retag, \u00e4ven om f\u00f6retaget inte har haft n\u00e5gon verksamhet under \u00e5ret. All redovisning ska vara klar innan \u00e5rsredovisningen uppr\u00e4ttas.<\/p>\n<p>\u00c5rsredovisningens obligatoriska komponenter inkluderar styrelsens f\u00f6rvaltningsber\u00e4ttelse, balansr\u00e4kning, resultatr\u00e4kning och noter. Vid st\u00f6rre f\u00f6retag kr\u00e4vs \u00e4ven kassafl\u00f6desanalys. En revisionsber\u00e4ttelse kan kr\u00e4vas i vissa fall.<\/p>\n<p>\u00c5rsredovisningens original arkiveras av styrelsen och en bestyrkt kopia skickas till Bolagsverket. En styrelsemedlem eller VD b\u00f6r \u00e4ven l\u00e4mna in ett undertecknat intyg i original om att balansr\u00e4kningen och resultatr\u00e4kningen har fastst\u00e4llts p\u00e5 bolagsst\u00e4mman.<\/p>\n<p><strong>Priset inkluderar:<\/strong><\/p>\n<ul>\n<li>F\u00f6rberedelse av n\u00f6dv\u00e4ndiga dokument f\u00f6r \u00e5rsredovisningen (utom revisionsber\u00e4ttelse)<\/li>\n<li>Inl\u00e4mnande av uppgifter till Bolagsverket<\/li>\n<\/ul>\n<p><strong>Mot extra kostnad:<\/strong><\/p>\n<ul>\n<li>Redovisning om r\u00e4kenskaps\u00e5rets redovisning inte har uppr\u00e4ttats<\/li>\n<li>Kommunikation med revisorn<\/li>\n<\/ul>\n<p><strong>Viktig information:<\/strong><\/p>\n<ul>\n<li>Inl\u00e4mnande av \u00e5rsredovisningen \u00e4r obligatoriskt, \u00e4ven om f\u00f6retaget inte hade n\u00e5gon verksamhet under \u00e5ret.<\/li>\n<li>F\u00f6rsenad \u00e5rsredovisning medf\u00f6r b\u00f6ter:<br \/>\n1) kort f\u00f6rsening 5000 SEK<br \/>\n2) 2 m\u00e5naders f\u00f6rsening 5000 SEK<br \/>\n3) 4 m\u00e5naders f\u00f6rsening 10 000 SEK<br \/>\n4) tv\u00e5ngslikvidation av f\u00f6retaget<\/li>\n<\/ul>\n<p>[\/vc_column_text]\n\t\t\t\t            <\/div>\n\t        \t\t\t<\/dd><dt class=\"product-faq\">\n\t        \t<a class=\"ult-tabto-actitle withBorder ult_a \" id=\"1512642751435-8cbfe-4c64\" style=\"color:#b6b8ba;;background-color:#ffffff;border-bottom-color:transparent;border-bottom-width:0px;border-bottom-style:solid;border-bottom-color:transparent;border-bottom-width:0px;border-bottom-style:solid;\" href=\"#1512642751435-8cbfe-4c64\">\n\t        \t\t<i class=\"accordion-icon\"><\/i>\n\t        \t\t\t<span class=\"ult_tab_main ult_ac_main ult_noacordicnBoth\">\n\n\t\t\t\t\t\t<span  data-ultimate-target='#advanced-tabs-wrap-6825 .ult-span-text'  data-responsive-json-new='{\"font-size\":\"desktop:14px;\",\"line-height\":\"\"}'  class=\"ult-span-text no_icon ult_acordian-text ult-responsive\" style=\"font-weight:bold;;color:inherit \" >Vanliga fr\u00e5gor<\/span>\n\t\t\t\t\t\t<\/span><\/a><\/dt>\n\t            \t\t<dd class=\"ult-tabto-accordionItem ult-tabto-accolapsed\">\n\t\t\t\t            <div class=\"ult-tabto-acontent\" style=\"color:#74777b;\">\n\t\t\t\t               [vc_toggle title=&#8221;1. Vad h\u00e4nder om jag inte l\u00e4mnar in \u00e5rsredovisningen?&#8221; style=&#8221;arrow&#8221; custom_font_container=&#8221;tag:h5|text_align:left&#8221; custom_use_theme_fonts=&#8221;yes&#8221; use_custom_heading=&#8221;true&#8221;]Om \u00e5rsredovisningen inte l\u00e4mnas in har Bolagsverket r\u00e4tt att efter flera b\u00f6tesstraff avregistrera f\u00f6retaget.[\/vc_toggle][vc_toggle title=&#8221;2. Hur f\u00e5r jag reda p\u00e5 slutdatumet f\u00f6r f\u00f6retagets r\u00e4kenskaps\u00e5r?&#8221; style=&#8221;arrow&#8221; custom_font_container=&#8221;tag:h5|text_align:left&#8221; custom_use_theme_fonts=&#8221;yes&#8221; use_custom_heading=&#8221;true&#8221;]Det anges i f\u00f6retagets registerbevis, bolagsordningen och registreringshandlingen fr\u00e5n Skatteverket.[\/vc_toggle][vc_toggle title=&#8221;3. Kan jag l\u00e4mna in \u00e5rsredovisningen sj\u00e4lv?&#8221; style=&#8221;arrow&#8221; custom_font_container=&#8221;tag:h5|text_align:left&#8221; custom_use_theme_fonts=&#8221;yes&#8221; use_custom_heading=&#8221;true&#8221;]Ja, det \u00e4r m\u00f6jligt men kr\u00e4ver specialkunskaper. Det \u00e4r en ganska komplicerad process, d\u00e4rf\u00f6r rekommenderar vi Dig att s\u00e4tta ig\u00e5ng tidigt f\u00f6r att hinna v\u00e4nda Dig till specialister om det visar sig n\u00f6dv\u00e4ndigt.[\/vc_toggle][vc_toggle title=&#8221;4. Mitt f\u00f6retag \u00e4r inte registrerat i Sverige men har svenska skatteregistreringar. \u00c4r jag skyldig att l\u00e4mna in en \u00e5rsredovisning?&#8221; style=&#8221;arrow&#8221; custom_font_container=&#8221;tag:h5|text_align:left&#8221; custom_use_theme_fonts=&#8221;yes&#8221; use_custom_heading=&#8221;true&#8221;]Nej. I s\u00e5 fall beh\u00f6ver Du bara l\u00e4mna in skattedeklarationen.[\/vc_toggle]\n\t\t\t\t            <\/div>\n\t        \t\t\t<\/dd>\n    \t<\/dl>\n    <!--<div class=\"extraborder\" style=\"background-color:#ffffff\"><\/div>-->\n<\/div>\n\n<\/div>[\/vc_column][\/vc_row]<\/p>\n<\/div>","protected":false},"excerpt":{"rendered":"<p>Varje svenskregistrerat f\u00f6retag b\u00f6r l\u00e4mna in en \u00e5rsredovisning till Bolagsverket senast sju m\u00e5nader efter redovisnings\u00e5rets utg\u00e5ng. Den ska vara p\u00e5 svenska och i lokal valuta (SEK).<\/p>\n","protected":false},"featured_media":57442,"template":"","meta":{"_acf_changed":false,"inline_featured_image":false},"product_brand":[],"product_cat":[370],"product_tag":[374],"class_list":{"0":"post-58904","1":"product","2":"type-product","3":"status-publish","4":"has-post-thumbnail","6":"product_cat-accounting-sv","7":"product_tag-sweden-sv","8":"description-off","10":"first","11":"instock","12":"virtual","13":"taxable","14":"purchasable","15":"product-type-simple"},"bundled_by":[],"bundle_stock_status":"instock","bundle_stock_quantity":null,"bundle_virtual":false,"bundle_layout":"","bundle_add_to_cart_form_location":"","bundle_editable_in_cart":false,"bundle_sold_individually_context":"","bundle_item_grouping":"","bundle_min_size":"","bundle_max_size":"","bundle_price":[],"bundled_items":[],"bundle_sell_ids":[],"acf":[],"yoast_head":"<!-- This site is optimized with the Yoast SEO Premium plugin v22.1 (Yoast SEO v27.0) - https:\/\/yoast.com\/product\/yoast-seo-premium-wordpress\/ -->\n<title>\u00c5rsredovisning - 1Office Sweden<\/title>\n<meta name=\"description\" content=\"Every company registered in Sweden has to submit Annual Report to the Swedish Companies Registration Office within seven months of the end of the financial year. It must be prepared in Swedish and in the currency officially applicable in Sweden (SEK).\" \/>\n<meta name=\"robots\" content=\"index, follow, max-snippet:-1, max-image-preview:large, max-video-preview:-1\" \/>\n<link rel=\"canonical\" href=\"https:\/\/1office.co\/sweden\/sv\/produkt\/arsredovisning\/\" \/>\n<meta property=\"og:locale\" content=\"sv_SE\" \/>\n<meta property=\"og:type\" content=\"article\" \/>\n<meta property=\"og:title\" content=\"\u00c5rsredovisning\" \/>\n<meta property=\"og:description\" content=\"Every company registered in Sweden has to submit Annual Report to the Swedish Companies Registration Office within seven months of the end of the financial year. It must be prepared in Swedish and in the currency officially applicable in Sweden (SEK).\" \/>\n<meta property=\"og:url\" content=\"https:\/\/1office.co\/sweden\/sv\/produkt\/arsredovisning\/\" \/>\n<meta property=\"og:site_name\" content=\"1Office Sweden\" \/>\n<meta property=\"article:modified_time\" content=\"2025-08-04T07:21:25+00:00\" \/>\n<meta property=\"og:image\" content=\"https:\/\/1office.co\/sweden\/wp-content\/uploads\/sites\/13\/2017\/08\/pexels-photo-442574.jpeg\" \/>\n\t<meta property=\"og:image:width\" content=\"1920\" \/>\n\t<meta property=\"og:image:height\" content=\"1280\" \/>\n\t<meta property=\"og:image:type\" content=\"image\/jpeg\" \/>\n<meta name=\"twitter:card\" content=\"summary_large_image\" \/>\n<meta name=\"twitter:label1\" content=\"Ber\u00e4knad l\u00e4stid\" \/>\n\t<meta name=\"twitter:data1\" content=\"2 minuter\" \/>\n<script type=\"application\/ld+json\" class=\"yoast-schema-graph\">{\"@context\":\"https:\/\/schema.org\",\"@graph\":[{\"@type\":\"WebPage\",\"@id\":\"https:\/\/1office.co\/sweden\/sv\/produkt\/arsredovisning\/\",\"url\":\"https:\/\/1office.co\/sweden\/sv\/produkt\/arsredovisning\/\",\"name\":\"\u00c5rsredovisning - 1Office Sweden\",\"isPartOf\":{\"@id\":\"https:\/\/1office.co\/sweden\/#website\"},\"primaryImageOfPage\":{\"@id\":\"https:\/\/1office.co\/sweden\/sv\/produkt\/arsredovisning\/#primaryimage\"},\"image\":{\"@id\":\"https:\/\/1office.co\/sweden\/sv\/produkt\/arsredovisning\/#primaryimage\"},\"thumbnailUrl\":\"https:\/\/1office.co\/sweden\/wp-content\/uploads\/sites\/13\/2017\/08\/pexels-photo-442574.jpeg\",\"datePublished\":\"2017-08-10T10:40:14+00:00\",\"dateModified\":\"2025-08-04T07:21:25+00:00\",\"description\":\"Every company registered in Sweden has to submit Annual Report to the Swedish Companies Registration Office within seven months of the end of the financial year. It must be prepared in Swedish and in the currency officially applicable in Sweden (SEK).\",\"breadcrumb\":{\"@id\":\"https:\/\/1office.co\/sweden\/sv\/produkt\/arsredovisning\/#breadcrumb\"},\"inLanguage\":\"sv-SE\",\"potentialAction\":[{\"@type\":\"ReadAction\",\"target\":[\"https:\/\/1office.co\/sweden\/sv\/produkt\/arsredovisning\/\"]}]},{\"@type\":\"ImageObject\",\"inLanguage\":\"sv-SE\",\"@id\":\"https:\/\/1office.co\/sweden\/sv\/produkt\/arsredovisning\/#primaryimage\",\"url\":\"https:\/\/1office.co\/sweden\/wp-content\/uploads\/sites\/13\/2017\/08\/pexels-photo-442574.jpeg\",\"contentUrl\":\"https:\/\/1office.co\/sweden\/wp-content\/uploads\/sites\/13\/2017\/08\/pexels-photo-442574.jpeg\",\"width\":1920,\"height\":1280},{\"@type\":\"BreadcrumbList\",\"@id\":\"https:\/\/1office.co\/sweden\/sv\/produkt\/arsredovisning\/#breadcrumb\",\"itemListElement\":[{\"@type\":\"ListItem\",\"position\":1,\"name\":\"Home\",\"item\":\"https:\/\/1office.co\/sweden\/sv\/\"},{\"@type\":\"ListItem\",\"position\":2,\"name\":\"V\u00e5ra tj\u00e4nster\",\"item\":\"https:\/\/1office.co\/sweden\/sv\/our-services\/\"},{\"@type\":\"ListItem\",\"position\":3,\"name\":\"\u00c5rsredovisning\"}]},{\"@type\":\"WebSite\",\"@id\":\"https:\/\/1office.co\/sweden\/#website\",\"url\":\"https:\/\/1office.co\/sweden\/\",\"name\":\"1Office Sweden\",\"description\":\"Making Business Simple\",\"potentialAction\":[{\"@type\":\"SearchAction\",\"target\":{\"@type\":\"EntryPoint\",\"urlTemplate\":\"https:\/\/1office.co\/sweden\/?s={search_term_string}\"},\"query-input\":{\"@type\":\"PropertyValueSpecification\",\"valueRequired\":true,\"valueName\":\"search_term_string\"}}],\"inLanguage\":\"sv-SE\"}]}<\/script>\n<!-- \/ Yoast SEO Premium plugin. -->","yoast_head_json":{"title":"\u00c5rsredovisning - 1Office Sweden","description":"Every company registered in Sweden has to submit Annual Report to the Swedish Companies Registration Office within seven months of the end of the financial year. It must be prepared in Swedish and in the currency officially applicable in Sweden (SEK).","robots":{"index":"index","follow":"follow","max-snippet":"max-snippet:-1","max-image-preview":"max-image-preview:large","max-video-preview":"max-video-preview:-1"},"canonical":"https:\/\/1office.co\/sweden\/sv\/produkt\/arsredovisning\/","og_locale":"sv_SE","og_type":"article","og_title":"\u00c5rsredovisning","og_description":"Every company registered in Sweden has to submit Annual Report to the Swedish Companies Registration Office within seven months of the end of the financial year. It must be prepared in Swedish and in the currency officially applicable in Sweden (SEK).","og_url":"https:\/\/1office.co\/sweden\/sv\/produkt\/arsredovisning\/","og_site_name":"1Office Sweden","article_modified_time":"2025-08-04T07:21:25+00:00","og_image":[{"width":1920,"height":1280,"url":"https:\/\/1office.co\/sweden\/wp-content\/uploads\/sites\/13\/2017\/08\/pexels-photo-442574.jpeg","type":"image\/jpeg"}],"twitter_card":"summary_large_image","twitter_misc":{"Ber\u00e4knad l\u00e4stid":"2 minuter"},"schema":{"@context":"https:\/\/schema.org","@graph":[{"@type":"WebPage","@id":"https:\/\/1office.co\/sweden\/sv\/produkt\/arsredovisning\/","url":"https:\/\/1office.co\/sweden\/sv\/produkt\/arsredovisning\/","name":"\u00c5rsredovisning - 1Office Sweden","isPartOf":{"@id":"https:\/\/1office.co\/sweden\/#website"},"primaryImageOfPage":{"@id":"https:\/\/1office.co\/sweden\/sv\/produkt\/arsredovisning\/#primaryimage"},"image":{"@id":"https:\/\/1office.co\/sweden\/sv\/produkt\/arsredovisning\/#primaryimage"},"thumbnailUrl":"https:\/\/1office.co\/sweden\/wp-content\/uploads\/sites\/13\/2017\/08\/pexels-photo-442574.jpeg","datePublished":"2017-08-10T10:40:14+00:00","dateModified":"2025-08-04T07:21:25+00:00","description":"Every company registered in Sweden has to submit Annual Report to the Swedish Companies Registration Office within seven months of the end of the financial year. It must be prepared in Swedish and in the currency officially applicable in Sweden (SEK).","breadcrumb":{"@id":"https:\/\/1office.co\/sweden\/sv\/produkt\/arsredovisning\/#breadcrumb"},"inLanguage":"sv-SE","potentialAction":[{"@type":"ReadAction","target":["https:\/\/1office.co\/sweden\/sv\/produkt\/arsredovisning\/"]}]},{"@type":"ImageObject","inLanguage":"sv-SE","@id":"https:\/\/1office.co\/sweden\/sv\/produkt\/arsredovisning\/#primaryimage","url":"https:\/\/1office.co\/sweden\/wp-content\/uploads\/sites\/13\/2017\/08\/pexels-photo-442574.jpeg","contentUrl":"https:\/\/1office.co\/sweden\/wp-content\/uploads\/sites\/13\/2017\/08\/pexels-photo-442574.jpeg","width":1920,"height":1280},{"@type":"BreadcrumbList","@id":"https:\/\/1office.co\/sweden\/sv\/produkt\/arsredovisning\/#breadcrumb","itemListElement":[{"@type":"ListItem","position":1,"name":"Home","item":"https:\/\/1office.co\/sweden\/sv\/"},{"@type":"ListItem","position":2,"name":"V\u00e5ra tj\u00e4nster","item":"https:\/\/1office.co\/sweden\/sv\/our-services\/"},{"@type":"ListItem","position":3,"name":"\u00c5rsredovisning"}]},{"@type":"WebSite","@id":"https:\/\/1office.co\/sweden\/#website","url":"https:\/\/1office.co\/sweden\/","name":"1Office Sweden","description":"Making Business Simple","potentialAction":[{"@type":"SearchAction","target":{"@type":"EntryPoint","urlTemplate":"https:\/\/1office.co\/sweden\/?s={search_term_string}"},"query-input":{"@type":"PropertyValueSpecification","valueRequired":true,"valueName":"search_term_string"}}],"inLanguage":"sv-SE"}]}},"_links":{"self":[{"href":"https:\/\/1office.co\/sweden\/sv\/wp-json\/wp\/v2\/product\/58904","targetHints":{"allow":["GET"]}}],"collection":[{"href":"https:\/\/1office.co\/sweden\/sv\/wp-json\/wp\/v2\/product"}],"about":[{"href":"https:\/\/1office.co\/sweden\/sv\/wp-json\/wp\/v2\/types\/product"}],"wp:featuredmedia":[{"embeddable":true,"href":"https:\/\/1office.co\/sweden\/sv\/wp-json\/wp\/v2\/media\/57442"}],"wp:attachment":[{"href":"https:\/\/1office.co\/sweden\/sv\/wp-json\/wp\/v2\/media?parent=58904"}],"wp:term":[{"taxonomy":"product_brand","embeddable":true,"href":"https:\/\/1office.co\/sweden\/sv\/wp-json\/wp\/v2\/product_brand?post=58904"},{"taxonomy":"product_cat","embeddable":true,"href":"https:\/\/1office.co\/sweden\/sv\/wp-json\/wp\/v2\/product_cat?post=58904"},{"taxonomy":"product_tag","embeddable":true,"href":"https:\/\/1office.co\/sweden\/sv\/wp-json\/wp\/v2\/product_tag?post=58904"}],"curies":[{"name":"wp","href":"https:\/\/api.w.org\/{rel}","templated":true}]}}