{"id":59481,"date":"2020-06-19T07:15:47","date_gmt":"2020-06-19T07:15:49","guid":{"rendered":"https:\/\/1office.co\/sweden\/?post_type=product&#038;p=59481"},"modified":"2023-03-24T09:54:07","modified_gmt":"2023-03-24T09:54:07","slug":"en-foretagsadress-i-centrala-stockholm","status":"publish","type":"product","link":"https:\/\/1office.co\/sweden\/sv\/produkt\/en-foretagsadress-i-centrala-stockholm\/","title":{"rendered":"En f\u00f6retagsadress i centrala Stockholm"},"content":{"rendered":"<div class=\"wpb-content-wrapper\"><p>[vc_row][vc_column]<div id=\"advanced-tabs-desc-wrap-6493\" class=\"ult_tabs product_tabs\" style=\" \" data-tabsstyle=\"style1\"\n data-titlebg=\"#ffffff\" data-titlecolor=\"#b6b8ba\" data-fullheight=\"off\"\n data-titlehoverbg=\"#ffffff\" data-titlehovercolor=\"#1d1e23\"\n data-rotatetabs=\"0\" data-responsivemode=\"Both\" data-animation=\"Slide\"\ndata-activetitle=\"#1d1e23\" data-activeicon=\"\" data-activebg=\"#ffffff\"  data-respmode=\"Tabs\" data-respwidth=\"400\" data-scroll = \"on\" data-activeindex=\"1\"><ul id=advanced-tabs-wrap-6376 class=\"ult_tabmenu style1 \" style=\"\"><li class=\"ult_tab_li  \" data-iconcolor=\"#74777b\" data-iconhover=\"#ffffff\" style=\"background-color:#ffffff;border-color:transparent;border-width:0px;border-style:solid;border-top-right-radius:8px;\">\n\t\t\t\t\t<a href=\"#1512642751410-8baea-301a\"  id=\"1512642751410-8baea-301a\"  style=\"color:#b6b8ba;; padding:15px; \" class=\"ult_a  \">\n\t\t\t\t\t     <span class=\"ult_tab_main Both \">\n\t\t\t\t\t \t\t <span class=\"ult_tab_section\">\n\t\t\t\t\t   \t\t\t<span  data-ultimate-target='#advanced-tabs-wrap-6376 .ult-span-text'  data-responsive-json-new='{\"font-size\":\"desktop:14px;\",\"line-height\":\"\"}'  class=\"ult-span-text no_icon ult_tab_display_text ult-responsive\" style=\"font-weight:bold;;\">BESKRIVNING<\/span>\n\t\t\t\t\t   \t\t<\/span>\n\t\t\t\t\t\t<\/span>\n\t\t\t\t\t<\/a>\n\t\t\t\t\t<\/li><\/ul><div  data-ultimate-target='#advanced-tabs-desc-wrap-6493 .ult_tabcontent .ult_tab_min_contain  p'  data-responsive-json-new='{\"font-size\":\"\",\"line-height\":\"\"}' class=\"ult_tabcontent ult-responsive style1\" style=\"color:#74777b;\"><div class=\"ult_tab_min_contain \" >\n\t\t\t<div  class=\"ult_tabitemname\"  >\n\t\t\t\t[vc_column_text]Adressen \u00e4r n\u00f6dv\u00e4ndig f\u00f6r varje svenskregistrerat f\u00f6retag under hela registreringstiden. Adresstj\u00e4nsten \u00e4r den b\u00e4sta l\u00f6sningen f\u00f6r personer utan hemvist i Sverige som har grundat ett f\u00f6retag men har sitt kontor utomlands. F\u00f6retagsadressen anges i det lokala Bolagsverket och den \u00e4r offentlig. Den anv\u00e4nds \u00e4ven f\u00f6r att s\u00e4nda officiella brev till f\u00f6retaget.<\/p>\n<p>1Office in-the-pocket-adressl\u00f6sning ger enkel och s\u00e4ker \u00e5tkomst till f\u00f6retagets post \u00f6verallt d\u00e4r du har internet\u00e5tkomst. Du kommer alltid att f\u00e5 ett meddelande n\u00e4r nya brev hat laddats upp till My1Office.<\/p>\n<p>V\u00e5r adresstj\u00e4nst inkluderar \u00e4ven en unik m\u00f6jlighet att anv\u00e4nda coworking space f\u00f6r ditt f\u00f6retag genom att g\u00f6ra en bokning i f\u00f6rv\u00e4g.<\/p>\n<p><strong>Priset inkluderar:<\/strong><\/p>\n<ul>\n<li>Juridisk adress f\u00f6r registrering av f\u00f6retaget hos Bolagsverket<\/li>\n<li>Verksamhetsadress f\u00f6r mottagande av post<\/li>\n<li>Hantering av f\u00f6retagets post med hj\u00e4lp av My1Office app.<\/li>\n<li>Du f\u00e5r ett meddelande om mottagande av post.<\/li>\n<li>Coworking space i den centrala Stockholm. F\u00f6rbokning kan g\u00f6ras minst 72 timmar innan \u00f6nskade tiden.<\/li>\n<li>Anv\u00e4ndning av skrivare, kopiering (normal anv\u00e4ndning) och scanner.<\/li>\n<li>Gratis WiFi<\/li>\n<li>Kaffe<\/li>\n<\/ul>\n<p><strong>Mot extra kostnad:<\/strong><\/p>\n<p>Om Du hellre vill f\u00e5 breven med post tillkommer postkostnader och en sekreteraravgift (500 SEK\/h).<\/p>\n<ul>\n<li><a href=\"https:\/\/1office.co\/sweden\/sv\/produkt\/sarskild-delgivningsmottagare\/\">S\u00e4rskild delgivningsmottagare<\/a><\/li>\n<li><a href=\"https:\/\/1office.co\/sweden\/sv\/produkt\/starting-business-in-sweden-consultation\/\">Konsultation<\/a><\/li>\n<li><a href=\"https:\/\/1office.co\/sweden\/product\/accountants-hourly-fee\/\">Redovisning<\/a><\/li>\n<li><a href=\"https:\/\/1office.co\/sweden\/product\/annual-report\/\">Annual report \u00c5rsredovisning<\/a><\/li>\n<\/ul>\n<p><strong>Viktigt:<\/strong><\/p>\n<ul>\n<li class=\"li1\">Detta \u00e4r en \u00e5rlig prenumerationstj\u00e4nst. Avgiften f\u00f6r n\u00e4sta \u00e5rs period kommer att dras fr\u00e5n ditt kreditkort en m\u00e5nad f\u00f6re den nya kontaktperson perioden.<\/li>\n<li class=\"li1\">Perioden b\u00f6rjar fr\u00e5n det datum n\u00e4r tj\u00e4nsten k\u00f6ptes.<\/li>\n<\/ul>\n<p>N\u00e4sta \u00e5r kan du f\u00f6rnya tj\u00e4nsten. 1Office erbjuder ocks\u00e5 att prenumerera p\u00e5 adresstj\u00e4nsten f\u00f6r:<\/p>\n<ul>\n<li>6 m\u00e5nader \u2013 m\u00e5nadsavgift 690 SEK<\/li>\n<li>3 m\u00e5nader \u2013 m\u00e5nadsavgift 790 SEK<\/li>\n<\/ul>\n<p>1Office coworking space m\u00e5ste du boka minst 72 timmar innan \u00f6nskade tiden via telefon eller e-mail.<\/p>\n<p>[\/vc_column_text]\n\t\t\t<\/div><\/div><\/div><\/div><div class=\"ult_acord advanced-tabs-desc-wrap-6493\">\n   <div class=\"ult-tabto-accordion \" style=\"width:;\"\n    data-titlecolor=\"#b6b8ba\"  data-titlebg=\"#ffffff\"\n     data-titlehoverbg=\"#ffffff\" data-titlehovercolor=\"#1d1e23\" data-animation=\"Slide\"\n     data-activetitle=\"#1d1e23\" data-activeicon=\"\" data-activebg=\"#ffffff\" data-scroll = \"on\" data-activeindex=\"1\" >\n     <dl><dt class=\"\">\n\t        \t<a class=\"ult-tabto-actitle withBorder ult_a \" id=\"1512642751410-8baea-301a\" style=\"color:#b6b8ba;;background-color:#ffffff;border-bottom-color:transparent;border-bottom-width:0px;border-bottom-style:solid;\" href=\"#1512642751410-8baea-301a\">\n\t        \t\t<i class=\"accordion-icon\"><\/i>\n\t        \t\t\t<span class=\"ult_tab_main ult_ac_main ult_noacordicnBoth\">\n\n\t\t\t\t\t\t<span  data-ultimate-target='#advanced-tabs-wrap-6376 .ult-span-text'  data-responsive-json-new='{\"font-size\":\"desktop:14px;\",\"line-height\":\"\"}'  class=\"ult-span-text no_icon ult_acordian-text ult-responsive\" style=\"font-weight:bold;;color:inherit \" >BESKRIVNING<\/span>\n\t\t\t\t\t\t<\/span><\/a><\/dt>\n\t            \t\t<dd class=\"ult-tabto-accordionItem ult-tabto-accolapsed\">\n\t\t\t\t            <div class=\"ult-tabto-acontent\" style=\"color:#74777b;\">\n\t\t\t\t               [vc_column_text]Adressen \u00e4r n\u00f6dv\u00e4ndig f\u00f6r varje svenskregistrerat f\u00f6retag under hela registreringstiden. Adresstj\u00e4nsten \u00e4r den b\u00e4sta l\u00f6sningen f\u00f6r personer utan hemvist i Sverige som har grundat ett f\u00f6retag men har sitt kontor utomlands. F\u00f6retagsadressen anges i det lokala Bolagsverket och den \u00e4r offentlig. Den anv\u00e4nds \u00e4ven f\u00f6r att s\u00e4nda officiella brev till f\u00f6retaget.<\/p>\n<p>1Office in-the-pocket-adressl\u00f6sning ger enkel och s\u00e4ker \u00e5tkomst till f\u00f6retagets post \u00f6verallt d\u00e4r du har internet\u00e5tkomst. Du kommer alltid att f\u00e5 ett meddelande n\u00e4r nya brev hat laddats upp till My1Office.<\/p>\n<p>V\u00e5r adresstj\u00e4nst inkluderar \u00e4ven en unik m\u00f6jlighet att anv\u00e4nda coworking space f\u00f6r ditt f\u00f6retag genom att g\u00f6ra en bokning i f\u00f6rv\u00e4g.<\/p>\n<p><strong>Priset inkluderar:<\/strong><\/p>\n<ul>\n<li>Juridisk adress f\u00f6r registrering av f\u00f6retaget hos Bolagsverket<\/li>\n<li>Verksamhetsadress f\u00f6r mottagande av post<\/li>\n<li>Hantering av f\u00f6retagets post med hj\u00e4lp av My1Office app.<\/li>\n<li>Du f\u00e5r ett meddelande om mottagande av post.<\/li>\n<li>Coworking space i den centrala Stockholm. F\u00f6rbokning kan g\u00f6ras minst 72 timmar innan \u00f6nskade tiden.<\/li>\n<li>Anv\u00e4ndning av skrivare, kopiering (normal anv\u00e4ndning) och scanner.<\/li>\n<li>Gratis WiFi<\/li>\n<li>Kaffe<\/li>\n<\/ul>\n<p><strong>Mot extra kostnad:<\/strong><\/p>\n<p>Om Du hellre vill f\u00e5 breven med post tillkommer postkostnader och en sekreteraravgift (500 SEK\/h).<\/p>\n<ul>\n<li><a href=\"https:\/\/1office.co\/sweden\/sv\/produkt\/sarskild-delgivningsmottagare\/\">S\u00e4rskild delgivningsmottagare<\/a><\/li>\n<li><a href=\"https:\/\/1office.co\/sweden\/sv\/produkt\/starting-business-in-sweden-consultation\/\">Konsultation<\/a><\/li>\n<li><a href=\"https:\/\/1office.co\/sweden\/product\/accountants-hourly-fee\/\">Redovisning<\/a><\/li>\n<li><a href=\"https:\/\/1office.co\/sweden\/product\/annual-report\/\">Annual report \u00c5rsredovisning<\/a><\/li>\n<\/ul>\n<p><strong>Viktigt:<\/strong><\/p>\n<ul>\n<li class=\"li1\">Detta \u00e4r en \u00e5rlig prenumerationstj\u00e4nst. Avgiften f\u00f6r n\u00e4sta \u00e5rs period kommer att dras fr\u00e5n ditt kreditkort en m\u00e5nad f\u00f6re den nya kontaktperson perioden.<\/li>\n<li class=\"li1\">Perioden b\u00f6rjar fr\u00e5n det datum n\u00e4r tj\u00e4nsten k\u00f6ptes.<\/li>\n<\/ul>\n<p>N\u00e4sta \u00e5r kan du f\u00f6rnya tj\u00e4nsten. 1Office erbjuder ocks\u00e5 att prenumerera p\u00e5 adresstj\u00e4nsten f\u00f6r:<\/p>\n<ul>\n<li>6 m\u00e5nader \u2013 m\u00e5nadsavgift 690 SEK<\/li>\n<li>3 m\u00e5nader \u2013 m\u00e5nadsavgift 790 SEK<\/li>\n<\/ul>\n<p>1Office coworking space m\u00e5ste du boka minst 72 timmar innan \u00f6nskade tiden via telefon eller e-mail.<\/p>\n<p>[\/vc_column_text]\n\t\t\t\t            <\/div>\n\t        \t\t\t<\/dd>\n    \t<\/dl>\n    <!--<div class=\"extraborder\" style=\"background-color:#ffffff\"><\/div>-->\n<\/div>\n\n<\/div>[\/vc_column][\/vc_row]<\/p>\n<\/div>","protected":false},"excerpt":{"rendered":"<p>Varje svenskregistrerat f\u00f6retag beh\u00f6ver en svensk f\u00f6retagsadress som anges i Bolagsverket. F\u00f6retagsadressen f\u00e5r normalt inte avse en privat bostad. 1Office addresstj\u00e4nst i Sverige inkluderar en unik m\u00f6jlighet att anv\u00e4nda v\u00e5ra faciliteter f\u00f6r m\u00f6ten och arbete.<\/p>\n<p><strong>Genom att prenumerera p\u00e5 v\u00e5r adresstj\u00e4nst och best\u00e4lla <a href=\"https:\/\/1office.co\/sweden\/sv\/produkt\/sarskild-delgivningsmottagare\/\">en s\u00e4rskild delgivningsmottagare<\/a> samtidigt fr\u00e5n 1Office f\u00e5r du rapatt med 25 % p\u00e5 adresstj\u00e4nst f\u00f6r n\u00e4sta \u00e5r.<\/strong><\/p>\n","protected":false},"featured_media":53909,"template":"","meta":{"_acf_changed":false,"inline_featured_image":false},"product_brand":[],"product_cat":[379],"product_tag":[374],"class_list":{"0":"post-59481","1":"product","2":"type-product","3":"status-publish","4":"has-post-thumbnail","6":"product_cat-uncategorized-sv","7":"product_tag-sweden-sv","8":"description-off","10":"first","11":"instock","12":"virtual","13":"taxable","14":"purchasable","15":"product-type-subscription"},"bundled_by":["58853","62157"],"bundle_stock_status":"instock","bundle_stock_quantity":null,"bundle_virtual":false,"bundle_layout":"","bundle_add_to_cart_form_location":"","bundle_editable_in_cart":false,"bundle_sold_individually_context":"","bundle_item_grouping":"","bundle_min_size":"","bundle_max_size":"","bundle_price":[],"bundled_items":[],"bundle_sell_ids":[],"acf":[],"yoast_head":"<!-- This site is optimized with the Yoast SEO Premium plugin v22.1 (Yoast SEO v27.0) - https:\/\/yoast.com\/product\/yoast-seo-premium-wordpress\/ -->\n<title>Legal address Stockholm city centre - 1Office Sweden<\/title>\n<meta name=\"description\" content=\"Every company registered in Sweden needs to have a local legal address. It is also a flexible solution for a company for which the existence of physical office is not necessary or whose office is not located in Stockholm.\" \/>\n<meta name=\"robots\" content=\"noindex, nofollow\" \/>\n<meta property=\"og:locale\" content=\"sv_SE\" \/>\n<meta property=\"og:type\" content=\"article\" \/>\n<meta property=\"og:title\" content=\"En f\u00f6retagsadress i centrala Stockholm\" \/>\n<meta property=\"og:description\" content=\"Every company registered in Sweden needs to have a local legal address. It is also a flexible solution for a company for which the existence of physical office is not necessary or whose office is not located in Stockholm.\" \/>\n<meta property=\"og:url\" content=\"https:\/\/1office.co\/sweden\/sv\/produkt\/en-foretagsadress-i-centrala-stockholm\/\" \/>\n<meta property=\"og:site_name\" content=\"1Office Sweden\" \/>\n<meta property=\"article:modified_time\" content=\"2023-03-24T09:54:07+00:00\" \/>\n<meta property=\"og:image\" content=\"https:\/\/1office.co\/sweden\/wp-content\/uploads\/sites\/13\/2017\/08\/virtual-office.jpg\" \/>\n\t<meta property=\"og:image:width\" content=\"800\" \/>\n\t<meta property=\"og:image:height\" content=\"533\" \/>\n\t<meta property=\"og:image:type\" content=\"image\/jpeg\" \/>\n<meta name=\"twitter:card\" content=\"summary_large_image\" \/>\n<meta name=\"twitter:label1\" content=\"Ber\u00e4knad l\u00e4stid\" \/>\n\t<meta name=\"twitter:data1\" content=\"2 minuter\" \/>\n<script type=\"application\/ld+json\" class=\"yoast-schema-graph\">{\"@context\":\"https:\/\/schema.org\",\"@graph\":[{\"@type\":\"WebPage\",\"@id\":\"https:\/\/1office.co\/sweden\/sv\/produkt\/en-foretagsadress-i-centrala-stockholm\/\",\"url\":\"https:\/\/1office.co\/sweden\/sv\/produkt\/en-foretagsadress-i-centrala-stockholm\/\",\"name\":\"Legal address Stockholm city centre - 1Office Sweden\",\"isPartOf\":{\"@id\":\"https:\/\/1office.co\/sweden\/#website\"},\"primaryImageOfPage\":{\"@id\":\"https:\/\/1office.co\/sweden\/sv\/produkt\/en-foretagsadress-i-centrala-stockholm\/#primaryimage\"},\"image\":{\"@id\":\"https:\/\/1office.co\/sweden\/sv\/produkt\/en-foretagsadress-i-centrala-stockholm\/#primaryimage\"},\"thumbnailUrl\":\"https:\/\/1office.co\/sweden\/wp-content\/uploads\/sites\/13\/2017\/08\/virtual-office.jpg\",\"datePublished\":\"2020-06-19T07:15:49+00:00\",\"dateModified\":\"2023-03-24T09:54:07+00:00\",\"description\":\"Every company registered in Sweden needs to have a local legal address. It is also a flexible solution for a company for which the existence of physical office is not necessary or whose office is not located in Stockholm.\",\"breadcrumb\":{\"@id\":\"https:\/\/1office.co\/sweden\/sv\/produkt\/en-foretagsadress-i-centrala-stockholm\/#breadcrumb\"},\"inLanguage\":\"sv-SE\",\"potentialAction\":[{\"@type\":\"ReadAction\",\"target\":[\"https:\/\/1office.co\/sweden\/sv\/produkt\/en-foretagsadress-i-centrala-stockholm\/\"]}]},{\"@type\":\"ImageObject\",\"inLanguage\":\"sv-SE\",\"@id\":\"https:\/\/1office.co\/sweden\/sv\/produkt\/en-foretagsadress-i-centrala-stockholm\/#primaryimage\",\"url\":\"https:\/\/1office.co\/sweden\/wp-content\/uploads\/sites\/13\/2017\/08\/virtual-office.jpg\",\"contentUrl\":\"https:\/\/1office.co\/sweden\/wp-content\/uploads\/sites\/13\/2017\/08\/virtual-office.jpg\",\"width\":800,\"height\":533,\"caption\":\"Legal address Stockholm\"},{\"@type\":\"BreadcrumbList\",\"@id\":\"https:\/\/1office.co\/sweden\/sv\/produkt\/en-foretagsadress-i-centrala-stockholm\/#breadcrumb\",\"itemListElement\":[{\"@type\":\"ListItem\",\"position\":1,\"name\":\"Home\",\"item\":\"https:\/\/1office.co\/sweden\/sv\/\"},{\"@type\":\"ListItem\",\"position\":2,\"name\":\"V\u00e5ra tj\u00e4nster\",\"item\":\"https:\/\/1office.co\/sweden\/sv\/our-services\/\"},{\"@type\":\"ListItem\",\"position\":3,\"name\":\"En f\u00f6retagsadress i centrala Stockholm\"}]},{\"@type\":\"WebSite\",\"@id\":\"https:\/\/1office.co\/sweden\/#website\",\"url\":\"https:\/\/1office.co\/sweden\/\",\"name\":\"1Office Sweden\",\"description\":\"Making Business Simple\",\"potentialAction\":[{\"@type\":\"SearchAction\",\"target\":{\"@type\":\"EntryPoint\",\"urlTemplate\":\"https:\/\/1office.co\/sweden\/?s={search_term_string}\"},\"query-input\":{\"@type\":\"PropertyValueSpecification\",\"valueRequired\":true,\"valueName\":\"search_term_string\"}}],\"inLanguage\":\"sv-SE\"}]}<\/script>\n<!-- \/ Yoast SEO Premium plugin. -->","yoast_head_json":{"title":"Legal address Stockholm city centre - 1Office Sweden","description":"Every company registered in Sweden needs to have a local legal address. It is also a flexible solution for a company for which the existence of physical office is not necessary or whose office is not located in Stockholm.","robots":{"index":"noindex","follow":"nofollow"},"og_locale":"sv_SE","og_type":"article","og_title":"En f\u00f6retagsadress i centrala Stockholm","og_description":"Every company registered in Sweden needs to have a local legal address. It is also a flexible solution for a company for which the existence of physical office is not necessary or whose office is not located in Stockholm.","og_url":"https:\/\/1office.co\/sweden\/sv\/produkt\/en-foretagsadress-i-centrala-stockholm\/","og_site_name":"1Office Sweden","article_modified_time":"2023-03-24T09:54:07+00:00","og_image":[{"width":800,"height":533,"url":"https:\/\/1office.co\/sweden\/wp-content\/uploads\/sites\/13\/2017\/08\/virtual-office.jpg","type":"image\/jpeg"}],"twitter_card":"summary_large_image","twitter_misc":{"Ber\u00e4knad l\u00e4stid":"2 minuter"},"schema":{"@context":"https:\/\/schema.org","@graph":[{"@type":"WebPage","@id":"https:\/\/1office.co\/sweden\/sv\/produkt\/en-foretagsadress-i-centrala-stockholm\/","url":"https:\/\/1office.co\/sweden\/sv\/produkt\/en-foretagsadress-i-centrala-stockholm\/","name":"Legal address Stockholm city centre - 1Office Sweden","isPartOf":{"@id":"https:\/\/1office.co\/sweden\/#website"},"primaryImageOfPage":{"@id":"https:\/\/1office.co\/sweden\/sv\/produkt\/en-foretagsadress-i-centrala-stockholm\/#primaryimage"},"image":{"@id":"https:\/\/1office.co\/sweden\/sv\/produkt\/en-foretagsadress-i-centrala-stockholm\/#primaryimage"},"thumbnailUrl":"https:\/\/1office.co\/sweden\/wp-content\/uploads\/sites\/13\/2017\/08\/virtual-office.jpg","datePublished":"2020-06-19T07:15:49+00:00","dateModified":"2023-03-24T09:54:07+00:00","description":"Every company registered in Sweden needs to have a local legal address. It is also a flexible solution for a company for which the existence of physical office is not necessary or whose office is not located in Stockholm.","breadcrumb":{"@id":"https:\/\/1office.co\/sweden\/sv\/produkt\/en-foretagsadress-i-centrala-stockholm\/#breadcrumb"},"inLanguage":"sv-SE","potentialAction":[{"@type":"ReadAction","target":["https:\/\/1office.co\/sweden\/sv\/produkt\/en-foretagsadress-i-centrala-stockholm\/"]}]},{"@type":"ImageObject","inLanguage":"sv-SE","@id":"https:\/\/1office.co\/sweden\/sv\/produkt\/en-foretagsadress-i-centrala-stockholm\/#primaryimage","url":"https:\/\/1office.co\/sweden\/wp-content\/uploads\/sites\/13\/2017\/08\/virtual-office.jpg","contentUrl":"https:\/\/1office.co\/sweden\/wp-content\/uploads\/sites\/13\/2017\/08\/virtual-office.jpg","width":800,"height":533,"caption":"Legal address Stockholm"},{"@type":"BreadcrumbList","@id":"https:\/\/1office.co\/sweden\/sv\/produkt\/en-foretagsadress-i-centrala-stockholm\/#breadcrumb","itemListElement":[{"@type":"ListItem","position":1,"name":"Home","item":"https:\/\/1office.co\/sweden\/sv\/"},{"@type":"ListItem","position":2,"name":"V\u00e5ra tj\u00e4nster","item":"https:\/\/1office.co\/sweden\/sv\/our-services\/"},{"@type":"ListItem","position":3,"name":"En f\u00f6retagsadress i centrala Stockholm"}]},{"@type":"WebSite","@id":"https:\/\/1office.co\/sweden\/#website","url":"https:\/\/1office.co\/sweden\/","name":"1Office Sweden","description":"Making Business Simple","potentialAction":[{"@type":"SearchAction","target":{"@type":"EntryPoint","urlTemplate":"https:\/\/1office.co\/sweden\/?s={search_term_string}"},"query-input":{"@type":"PropertyValueSpecification","valueRequired":true,"valueName":"search_term_string"}}],"inLanguage":"sv-SE"}]}},"_links":{"self":[{"href":"https:\/\/1office.co\/sweden\/sv\/wp-json\/wp\/v2\/product\/59481","targetHints":{"allow":["GET"]}}],"collection":[{"href":"https:\/\/1office.co\/sweden\/sv\/wp-json\/wp\/v2\/product"}],"about":[{"href":"https:\/\/1office.co\/sweden\/sv\/wp-json\/wp\/v2\/types\/product"}],"wp:featuredmedia":[{"embeddable":true,"href":"https:\/\/1office.co\/sweden\/sv\/wp-json\/wp\/v2\/media\/53909"}],"wp:attachment":[{"href":"https:\/\/1office.co\/sweden\/sv\/wp-json\/wp\/v2\/media?parent=59481"}],"wp:term":[{"taxonomy":"product_brand","embeddable":true,"href":"https:\/\/1office.co\/sweden\/sv\/wp-json\/wp\/v2\/product_brand?post=59481"},{"taxonomy":"product_cat","embeddable":true,"href":"https:\/\/1office.co\/sweden\/sv\/wp-json\/wp\/v2\/product_cat?post=59481"},{"taxonomy":"product_tag","embeddable":true,"href":"https:\/\/1office.co\/sweden\/sv\/wp-json\/wp\/v2\/product_tag?post=59481"}],"curies":[{"name":"wp","href":"https:\/\/api.w.org\/{rel}","templated":true}]}}