{"id":59485,"date":"2020-06-19T07:27:09","date_gmt":"2020-06-19T07:27:11","guid":{"rendered":"https:\/\/1office.co\/sweden\/?post_type=product&#038;p=59485"},"modified":"2025-12-19T09:01:09","modified_gmt":"2025-12-19T09:01:09","slug":"sarskild-delgivningsmottagare","status":"publish","type":"product","link":"https:\/\/1office.co\/sweden\/sv\/produkt\/sarskild-delgivningsmottagare\/","title":{"rendered":"S\u00e4rskild delgivningsmottagare"},"content":{"rendered":"<div class=\"wpb-content-wrapper\"><p>[vc_row][vc_column]<div id=\"advanced-tabs-desc-wrap-9594\" class=\"ult_tabs product_tabs\" style=\" \" data-tabsstyle=\"style1\"\n data-titlebg=\"#ffffff\" data-titlecolor=\"#b6b8ba\" data-fullheight=\"off\"\n data-titlehoverbg=\"#ffffff\" data-titlehovercolor=\"#1d1e23\"\n data-rotatetabs=\"0\" data-responsivemode=\"Both\" data-animation=\"Slide\"\ndata-activetitle=\"#1d1e23\" data-activeicon=\"\" data-activebg=\"#ffffff\"  data-respmode=\"Tabs\" data-respwidth=\"400\" data-scroll = \"on\" data-activeindex=\"1\"><ul id=advanced-tabs-wrap-2876 class=\"ult_tabmenu style1 \" style=\"\"><li class=\"ult_tab_li  \" data-iconcolor=\"#74777b\" data-iconhover=\"#ffffff\" style=\"background-color:#ffffff;border-color:transparent;border-width:0px;border-style:solid;border-top-right-radius:8px;\">\n\t\t\t\t\t<a href=\"#1512642751410-8d7ab-c11d\"  id=\"1512642751410-8d7ab-c11d\"  style=\"color:#b6b8ba;; padding:15px; \" class=\"ult_a  \">\n\t\t\t\t\t     <span class=\"ult_tab_main Both \">\n\t\t\t\t\t \t\t <span class=\"ult_tab_section\">\n\t\t\t\t\t   \t\t\t<span  data-ultimate-target='#advanced-tabs-wrap-2876 .ult-span-text'  data-responsive-json-new='{\"font-size\":\"desktop:14px;\",\"line-height\":\"\"}'  class=\"ult-span-text no_icon ult_tab_display_text ult-responsive\" style=\"font-weight:bold;;\">BESKRIVNING<\/span>\n\t\t\t\t\t   \t\t<\/span>\n\t\t\t\t\t\t<\/span>\n\t\t\t\t\t<\/a>\n\t\t\t\t\t<\/li><\/ul><div  data-ultimate-target='#advanced-tabs-desc-wrap-9594 .ult_tabcontent .ult_tab_min_contain  p'  data-responsive-json-new='{\"font-size\":\"\",\"line-height\":\"\"}' class=\"ult_tabcontent ult-responsive style1\" style=\"color:#74777b;\"><div class=\"ult_tab_min_contain \" >\n\t\t\t<div  class=\"ult_tabitemname\"  >\n\t\t\t\t[vc_column_text]En s\u00e4rskild delgivningsmottagare \u00e4r n\u00f6dv\u00e4ndig f\u00f6r registrering av bolaget hos Bolagsverket. S\u00e4rskilda delgivningsmottagaren har ingen firmateckningsr\u00e4tt, f\u00e5r inte \u00e5tkomst till bolagets uppgifter och kan inte ha n\u00e5gra skyldigheter eller n\u00e5got ansvar avseende bolaget. Om en myndighet inte lyckas kontakta n\u00e5gon styrelseledamot l\u00e4mnas informationen till s\u00e4rskilda delgivningsmottagaren.<\/p>\n<p><strong>Priset inkluderar:<\/strong><\/p>\n<ul>\n<li>S\u00e4rskild delgivningsmottagare f\u00f6r ett \u00e5r<\/li>\n<\/ul>\n<p><strong>Mot extra kostnad:<\/strong><\/p>\n<ul>\n<li><a href=\"https:\/\/1office.co\/sweden\/sv\/produkt\/en-foretagsadress-i-centrala-stockholm\/\" target=\"_blank\" rel=\"noopener noreferrer\">F\u00f6retagsadress<\/a>\u00a0f\u00f6r registrering av bolaget hos Bolagsverket och mottagande av post<\/li>\n<\/ul>\n<p><strong>Viktigt:<\/strong><\/p>\n<ul>\n<li>V\u00e5r s\u00e4rskild delgivningsmottagare tillhandah\u00e5lls endast till f\u00f6retag som \u00e4ven anv\u00e4nder v\u00e5r redovisningstj\u00e4nst.<\/li>\n<li class=\"li1\">Detta \u00e4r en \u00e5rlig prenumerationstj\u00e4nst. Avgiften f\u00f6r n\u00e4sta \u00e5rs period kommer att dras fr\u00e5n ditt kreditkort en m\u00e5nad f\u00f6re den nya perioden.<\/li>\n<li class=\"li1\">Perioden b\u00f6rjar fr\u00e5n det datum n\u00e4r tj\u00e4nsten k\u00f6ptes.<\/li>\n<\/ul>\n<p>[\/vc_column_text]\n\t\t\t<\/div><\/div><\/div><\/div><div class=\"ult_acord advanced-tabs-desc-wrap-9594\">\n   <div class=\"ult-tabto-accordion \" style=\"width:;\"\n    data-titlecolor=\"#b6b8ba\"  data-titlebg=\"#ffffff\"\n     data-titlehoverbg=\"#ffffff\" data-titlehovercolor=\"#1d1e23\" data-animation=\"Slide\"\n     data-activetitle=\"#1d1e23\" data-activeicon=\"\" data-activebg=\"#ffffff\" data-scroll = \"on\" data-activeindex=\"1\" >\n     <dl><dt class=\"\">\n\t        \t<a class=\"ult-tabto-actitle withBorder ult_a \" id=\"1512642751410-8d7ab-c11d\" style=\"color:#b6b8ba;;background-color:#ffffff;border-bottom-color:transparent;border-bottom-width:0px;border-bottom-style:solid;\" href=\"#1512642751410-8d7ab-c11d\">\n\t        \t\t<i class=\"accordion-icon\"><\/i>\n\t        \t\t\t<span class=\"ult_tab_main ult_ac_main ult_noacordicnBoth\">\n\n\t\t\t\t\t\t<span  data-ultimate-target='#advanced-tabs-wrap-2876 .ult-span-text'  data-responsive-json-new='{\"font-size\":\"desktop:14px;\",\"line-height\":\"\"}'  class=\"ult-span-text no_icon ult_acordian-text ult-responsive\" style=\"font-weight:bold;;color:inherit \" >BESKRIVNING<\/span>\n\t\t\t\t\t\t<\/span><\/a><\/dt>\n\t            \t\t<dd class=\"ult-tabto-accordionItem ult-tabto-accolapsed\">\n\t\t\t\t            <div class=\"ult-tabto-acontent\" style=\"color:#74777b;\">\n\t\t\t\t               [vc_column_text]En s\u00e4rskild delgivningsmottagare \u00e4r n\u00f6dv\u00e4ndig f\u00f6r registrering av bolaget hos Bolagsverket. S\u00e4rskilda delgivningsmottagaren har ingen firmateckningsr\u00e4tt, f\u00e5r inte \u00e5tkomst till bolagets uppgifter och kan inte ha n\u00e5gra skyldigheter eller n\u00e5got ansvar avseende bolaget. Om en myndighet inte lyckas kontakta n\u00e5gon styrelseledamot l\u00e4mnas informationen till s\u00e4rskilda delgivningsmottagaren.<\/p>\n<p><strong>Priset inkluderar:<\/strong><\/p>\n<ul>\n<li>S\u00e4rskild delgivningsmottagare f\u00f6r ett \u00e5r<\/li>\n<\/ul>\n<p><strong>Mot extra kostnad:<\/strong><\/p>\n<ul>\n<li><a href=\"https:\/\/1office.co\/sweden\/sv\/produkt\/en-foretagsadress-i-centrala-stockholm\/\" target=\"_blank\" rel=\"noopener noreferrer\">F\u00f6retagsadress<\/a>\u00a0f\u00f6r registrering av bolaget hos Bolagsverket och mottagande av post<\/li>\n<\/ul>\n<p><strong>Viktigt:<\/strong><\/p>\n<ul>\n<li>V\u00e5r s\u00e4rskild delgivningsmottagare tillhandah\u00e5lls endast till f\u00f6retag som \u00e4ven anv\u00e4nder v\u00e5r redovisningstj\u00e4nst.<\/li>\n<li class=\"li1\">Detta \u00e4r en \u00e5rlig prenumerationstj\u00e4nst. Avgiften f\u00f6r n\u00e4sta \u00e5rs period kommer att dras fr\u00e5n ditt kreditkort en m\u00e5nad f\u00f6re den nya perioden.<\/li>\n<li class=\"li1\">Perioden b\u00f6rjar fr\u00e5n det datum n\u00e4r tj\u00e4nsten k\u00f6ptes.<\/li>\n<\/ul>\n<p>[\/vc_column_text]\n\t\t\t\t            <\/div>\n\t        \t\t\t<\/dd>\n    \t<\/dl>\n    <!--<div class=\"extraborder\" style=\"background-color:#ffffff\"><\/div>-->\n<\/div>\n\n<\/div>[\/vc_column][\/vc_row]<\/p>\n<\/div>","protected":false},"excerpt":{"rendered":"<p>Varje svenskt f\u00f6retag d\u00e4r ingen styrelseledamot har svenskt personnummer och hemvist i Sverige beh\u00f6ver utse en s\u00e4rskild delgivningsmottagare.<\/p>\n<p>Priset, 6900 SEK, f\u00f6r denna tj\u00e4nst tillhandah\u00e5lls endast tillsammans med v\u00e5r redovisningstj\u00e4nst. Beg\u00e4r en offert f\u00f6r att f\u00e5 en personlig l\u00f6sning eller k\u00f6p v\u00e5r redovisningstj\u00e4nst <a href=\"https:\/\/1office.co\/sweden\/sv\/produkt\/accountants-hourly-fee\/\" target=\"_blank\" rel=\"noopener\">h\u00e4r<\/a>.<\/p>\n<p><strong>Priset att k\u00f6pa tj\u00e4nsten <span style=\"text-decoration: underline;\">separat<\/span> \u00e4r 7900 SEK<\/strong>.<\/p>\n","protected":false},"featured_media":58116,"template":"","meta":{"_acf_changed":false,"inline_featured_image":false},"product_brand":[],"product_cat":[371,373],"product_tag":[374],"class_list":{"0":"post-59485","1":"product","2":"type-product","3":"status-publish","4":"has-post-thumbnail","6":"product_cat-company-formation-sv","7":"product_cat-virtual-office-sv","8":"product_tag-sweden-sv","9":"description-off","11":"first","12":"instock","13":"virtual","14":"taxable","15":"purchasable","16":"product-type-subscription"},"bundled_by":["58853","62157"],"bundle_stock_status":"instock","bundle_stock_quantity":null,"bundle_virtual":false,"bundle_layout":"","bundle_add_to_cart_form_location":"","bundle_editable_in_cart":false,"bundle_sold_individually_context":"","bundle_item_grouping":"","bundle_min_size":"","bundle_max_size":"","bundle_price":[],"bundled_items":[],"bundle_sell_ids":[],"acf":[],"yoast_head":"<!-- This site is optimized with the Yoast SEO Premium plugin v22.1 (Yoast SEO v27.0) - https:\/\/yoast.com\/product\/yoast-seo-premium-wordpress\/ -->\n<title>S\u00e4rskild delgivningsmottagare - 1Office Sweden<\/title>\n<meta name=\"description\" content=\"In case none of the company\u2019s board members has Swedish Personal Number it is required to register an authorized contact person. This person will be contacted by authorities in case none of the board members are available to reach.\" \/>\n<meta name=\"robots\" content=\"index, follow, max-snippet:-1, max-image-preview:large, max-video-preview:-1\" \/>\n<link rel=\"canonical\" href=\"https:\/\/1office.co\/sweden\/sv\/produkt\/sarskild-delgivningsmottagare\/\" \/>\n<meta property=\"og:locale\" content=\"sv_SE\" \/>\n<meta property=\"og:type\" content=\"article\" \/>\n<meta property=\"og:title\" content=\"S\u00e4rskild delgivningsmottagare\" \/>\n<meta property=\"og:description\" content=\"In case none of the company\u2019s board members has Swedish Personal Number it is required to register an authorized contact person. This person will be contacted by authorities in case none of the board members are available to reach.\" \/>\n<meta property=\"og:url\" content=\"https:\/\/1office.co\/sweden\/sv\/produkt\/sarskild-delgivningsmottagare\/\" \/>\n<meta property=\"og:site_name\" content=\"1Office Sweden\" \/>\n<meta property=\"article:modified_time\" content=\"2025-12-19T09:01:09+00:00\" \/>\n<meta property=\"og:image\" content=\"https:\/\/1office.co\/sweden\/wp-content\/uploads\/sites\/13\/2017\/08\/FP7TZ9HQO0-e1594811113500.jpg\" \/>\n\t<meta property=\"og:image:width\" content=\"960\" \/>\n\t<meta property=\"og:image:height\" content=\"755\" \/>\n\t<meta property=\"og:image:type\" content=\"image\/jpeg\" \/>\n<meta name=\"twitter:card\" content=\"summary_large_image\" \/>\n<meta name=\"twitter:label1\" content=\"Ber\u00e4knad l\u00e4stid\" \/>\n\t<meta name=\"twitter:data1\" content=\"1 minut\" \/>\n<script type=\"application\/ld+json\" class=\"yoast-schema-graph\">{\"@context\":\"https:\/\/schema.org\",\"@graph\":[{\"@type\":\"WebPage\",\"@id\":\"https:\/\/1office.co\/sweden\/sv\/produkt\/sarskild-delgivningsmottagare\/\",\"url\":\"https:\/\/1office.co\/sweden\/sv\/produkt\/sarskild-delgivningsmottagare\/\",\"name\":\"S\u00e4rskild delgivningsmottagare - 1Office Sweden\",\"isPartOf\":{\"@id\":\"https:\/\/1office.co\/sweden\/#website\"},\"primaryImageOfPage\":{\"@id\":\"https:\/\/1office.co\/sweden\/sv\/produkt\/sarskild-delgivningsmottagare\/#primaryimage\"},\"image\":{\"@id\":\"https:\/\/1office.co\/sweden\/sv\/produkt\/sarskild-delgivningsmottagare\/#primaryimage\"},\"thumbnailUrl\":\"https:\/\/1office.co\/sweden\/wp-content\/uploads\/sites\/13\/2017\/08\/FP7TZ9HQO0-e1594811113500.jpg\",\"datePublished\":\"2020-06-19T07:27:11+00:00\",\"dateModified\":\"2025-12-19T09:01:09+00:00\",\"description\":\"In case none of the company\u2019s board members has Swedish Personal Number it is required to register an authorized contact person. This person will be contacted by authorities in case none of the board members are available to reach.\",\"breadcrumb\":{\"@id\":\"https:\/\/1office.co\/sweden\/sv\/produkt\/sarskild-delgivningsmottagare\/#breadcrumb\"},\"inLanguage\":\"sv-SE\",\"potentialAction\":[{\"@type\":\"ReadAction\",\"target\":[\"https:\/\/1office.co\/sweden\/sv\/produkt\/sarskild-delgivningsmottagare\/\"]}]},{\"@type\":\"ImageObject\",\"inLanguage\":\"sv-SE\",\"@id\":\"https:\/\/1office.co\/sweden\/sv\/produkt\/sarskild-delgivningsmottagare\/#primaryimage\",\"url\":\"https:\/\/1office.co\/sweden\/wp-content\/uploads\/sites\/13\/2017\/08\/FP7TZ9HQO0-e1594811113500.jpg\",\"contentUrl\":\"https:\/\/1office.co\/sweden\/wp-content\/uploads\/sites\/13\/2017\/08\/FP7TZ9HQO0-e1594811113500.jpg\",\"width\":960,\"height\":755},{\"@type\":\"BreadcrumbList\",\"@id\":\"https:\/\/1office.co\/sweden\/sv\/produkt\/sarskild-delgivningsmottagare\/#breadcrumb\",\"itemListElement\":[{\"@type\":\"ListItem\",\"position\":1,\"name\":\"Home\",\"item\":\"https:\/\/1office.co\/sweden\/sv\/\"},{\"@type\":\"ListItem\",\"position\":2,\"name\":\"V\u00e5ra tj\u00e4nster\",\"item\":\"https:\/\/1office.co\/sweden\/sv\/our-services\/\"},{\"@type\":\"ListItem\",\"position\":3,\"name\":\"S\u00e4rskild delgivningsmottagare\"}]},{\"@type\":\"WebSite\",\"@id\":\"https:\/\/1office.co\/sweden\/#website\",\"url\":\"https:\/\/1office.co\/sweden\/\",\"name\":\"1Office Sweden\",\"description\":\"Making Business Simple\",\"potentialAction\":[{\"@type\":\"SearchAction\",\"target\":{\"@type\":\"EntryPoint\",\"urlTemplate\":\"https:\/\/1office.co\/sweden\/?s={search_term_string}\"},\"query-input\":{\"@type\":\"PropertyValueSpecification\",\"valueRequired\":true,\"valueName\":\"search_term_string\"}}],\"inLanguage\":\"sv-SE\"}]}<\/script>\n<!-- \/ Yoast SEO Premium plugin. -->","yoast_head_json":{"title":"S\u00e4rskild delgivningsmottagare - 1Office Sweden","description":"In case none of the company\u2019s board members has Swedish Personal Number it is required to register an authorized contact person. This person will be contacted by authorities in case none of the board members are available to reach.","robots":{"index":"index","follow":"follow","max-snippet":"max-snippet:-1","max-image-preview":"max-image-preview:large","max-video-preview":"max-video-preview:-1"},"canonical":"https:\/\/1office.co\/sweden\/sv\/produkt\/sarskild-delgivningsmottagare\/","og_locale":"sv_SE","og_type":"article","og_title":"S\u00e4rskild delgivningsmottagare","og_description":"In case none of the company\u2019s board members has Swedish Personal Number it is required to register an authorized contact person. This person will be contacted by authorities in case none of the board members are available to reach.","og_url":"https:\/\/1office.co\/sweden\/sv\/produkt\/sarskild-delgivningsmottagare\/","og_site_name":"1Office Sweden","article_modified_time":"2025-12-19T09:01:09+00:00","og_image":[{"width":960,"height":755,"url":"https:\/\/1office.co\/sweden\/wp-content\/uploads\/sites\/13\/2017\/08\/FP7TZ9HQO0-e1594811113500.jpg","type":"image\/jpeg"}],"twitter_card":"summary_large_image","twitter_misc":{"Ber\u00e4knad l\u00e4stid":"1 minut"},"schema":{"@context":"https:\/\/schema.org","@graph":[{"@type":"WebPage","@id":"https:\/\/1office.co\/sweden\/sv\/produkt\/sarskild-delgivningsmottagare\/","url":"https:\/\/1office.co\/sweden\/sv\/produkt\/sarskild-delgivningsmottagare\/","name":"S\u00e4rskild delgivningsmottagare - 1Office Sweden","isPartOf":{"@id":"https:\/\/1office.co\/sweden\/#website"},"primaryImageOfPage":{"@id":"https:\/\/1office.co\/sweden\/sv\/produkt\/sarskild-delgivningsmottagare\/#primaryimage"},"image":{"@id":"https:\/\/1office.co\/sweden\/sv\/produkt\/sarskild-delgivningsmottagare\/#primaryimage"},"thumbnailUrl":"https:\/\/1office.co\/sweden\/wp-content\/uploads\/sites\/13\/2017\/08\/FP7TZ9HQO0-e1594811113500.jpg","datePublished":"2020-06-19T07:27:11+00:00","dateModified":"2025-12-19T09:01:09+00:00","description":"In case none of the company\u2019s board members has Swedish Personal Number it is required to register an authorized contact person. This person will be contacted by authorities in case none of the board members are available to reach.","breadcrumb":{"@id":"https:\/\/1office.co\/sweden\/sv\/produkt\/sarskild-delgivningsmottagare\/#breadcrumb"},"inLanguage":"sv-SE","potentialAction":[{"@type":"ReadAction","target":["https:\/\/1office.co\/sweden\/sv\/produkt\/sarskild-delgivningsmottagare\/"]}]},{"@type":"ImageObject","inLanguage":"sv-SE","@id":"https:\/\/1office.co\/sweden\/sv\/produkt\/sarskild-delgivningsmottagare\/#primaryimage","url":"https:\/\/1office.co\/sweden\/wp-content\/uploads\/sites\/13\/2017\/08\/FP7TZ9HQO0-e1594811113500.jpg","contentUrl":"https:\/\/1office.co\/sweden\/wp-content\/uploads\/sites\/13\/2017\/08\/FP7TZ9HQO0-e1594811113500.jpg","width":960,"height":755},{"@type":"BreadcrumbList","@id":"https:\/\/1office.co\/sweden\/sv\/produkt\/sarskild-delgivningsmottagare\/#breadcrumb","itemListElement":[{"@type":"ListItem","position":1,"name":"Home","item":"https:\/\/1office.co\/sweden\/sv\/"},{"@type":"ListItem","position":2,"name":"V\u00e5ra tj\u00e4nster","item":"https:\/\/1office.co\/sweden\/sv\/our-services\/"},{"@type":"ListItem","position":3,"name":"S\u00e4rskild delgivningsmottagare"}]},{"@type":"WebSite","@id":"https:\/\/1office.co\/sweden\/#website","url":"https:\/\/1office.co\/sweden\/","name":"1Office Sweden","description":"Making Business Simple","potentialAction":[{"@type":"SearchAction","target":{"@type":"EntryPoint","urlTemplate":"https:\/\/1office.co\/sweden\/?s={search_term_string}"},"query-input":{"@type":"PropertyValueSpecification","valueRequired":true,"valueName":"search_term_string"}}],"inLanguage":"sv-SE"}]}},"_links":{"self":[{"href":"https:\/\/1office.co\/sweden\/sv\/wp-json\/wp\/v2\/product\/59485","targetHints":{"allow":["GET"]}}],"collection":[{"href":"https:\/\/1office.co\/sweden\/sv\/wp-json\/wp\/v2\/product"}],"about":[{"href":"https:\/\/1office.co\/sweden\/sv\/wp-json\/wp\/v2\/types\/product"}],"wp:featuredmedia":[{"embeddable":true,"href":"https:\/\/1office.co\/sweden\/sv\/wp-json\/wp\/v2\/media\/58116"}],"wp:attachment":[{"href":"https:\/\/1office.co\/sweden\/sv\/wp-json\/wp\/v2\/media?parent=59485"}],"wp:term":[{"taxonomy":"product_brand","embeddable":true,"href":"https:\/\/1office.co\/sweden\/sv\/wp-json\/wp\/v2\/product_brand?post=59485"},{"taxonomy":"product_cat","embeddable":true,"href":"https:\/\/1office.co\/sweden\/sv\/wp-json\/wp\/v2\/product_cat?post=59485"},{"taxonomy":"product_tag","embeddable":true,"href":"https:\/\/1office.co\/sweden\/sv\/wp-json\/wp\/v2\/product_tag?post=59485"}],"curies":[{"name":"wp","href":"https:\/\/api.w.org\/{rel}","templated":true}]}}