{"id":59987,"date":"2021-02-11T10:01:31","date_gmt":"2021-02-16T14:45:33","guid":{"rendered":"https:\/\/1office.co\/sweden\/?post_type=product&#038;p=59987"},"modified":"2023-03-24T10:01:09","modified_gmt":"2023-03-24T10:01:09","slug":"ansokan-om-svenskt-personnummer","status":"publish","type":"product","link":"https:\/\/1office.co\/sweden\/sv\/produkt\/ansokan-om-svenskt-personnummer\/","title":{"rendered":"Ans\u00f6kan om A-skatt eller SINK-skatt"},"content":{"rendered":"<div class=\"wpb-content-wrapper\"><p>[vc_row][vc_column][vc_column_text]Personer som inte \u00e4r permanent bosatta i Sverige, men arbetar d\u00e4r en tid, m\u00e5ste ans\u00f6ka om A-skatt eller SINK-skatt. Baserat p\u00e5 detta beslut f\u00e5r arbetsgivaren eller redovisningskonsult information om hur denna person beskattas i Sverige.<\/p>\n<p>Om den anst\u00e4llde vistas i Sverige mer \u00e4n sex m\u00e5nader m\u00e5ste beslut om A-skatt beg\u00e4ras och den h\u00e4r anst\u00e4llde m\u00e5ste \u00e4ven l\u00e4mna in en inkomstdeklaration f\u00f6r privatpersoner till Skatteverket.<\/p>\n<p>Om den anst\u00e4llde vistas i Sverige h\u00f6gst sex m\u00e5nader m\u00e5ste beslut om SINK-skatt beg\u00e4ras. De personer vars beskattning grundar sig p\u00e5 beslut om SINK-skatt beh\u00f6ver inte l\u00e4mna in en inkomstdeklaration f\u00f6r privatpersoner till Skatteverket.<\/p>\n<p>B\u00e5da besluten beh\u00f6ver f\u00f6rnyas i b\u00f6rjan av varje \u00e5r och \u00f6verl\u00e4mnas till arbetsgivaren eller revisorn. Skattesatserna kan \u00e4ndras om den anst\u00e4llde till exempel flyttar, arbetar i ett utl\u00e4ndskt f\u00f6retag eller om det sker en f\u00f6r\u00e4ndring av skattesatserna p\u00e5 grund av lag\u00e4ndringar.<\/p>\n<p>&nbsp;<\/p>\n<p><strong>Priset inkluderar:<\/strong><\/p>\n<ul>\n<li>F\u00f6rberedelse och inl\u00e4mning av ans\u00f6kan till Skatteverket.<\/li>\n<\/ul>\n<p>&nbsp;<\/p>\n<p><strong>Mot extra kostnad:<\/strong><\/p>\n<ul>\n<li>Registrering av utstationerade arbetstagare hos Arbetsmilj\u00f6verket (1500 kr)<\/li>\n<\/ul>\n<p>&nbsp;<\/p>\n<p><strong>Processen f\u00f6r att beg\u00e4ra ett beslut om A-Skatt- eller SINK-skatt:<\/strong><\/p>\n<ul>\n<li>Vi samlar in n\u00f6dv\u00e4ndig information och dokument;<\/li>\n<li>Vi fyller i den n\u00f6dv\u00e4ndiga ans\u00f6kan;<\/li>\n<li>Vi f\u00f6rmedlar kommunikation mellan Skatteverket och kunden;<\/li>\n<\/ul>\n<p>&nbsp;<\/p>\n<p><strong>Viktigt:<\/strong><\/p>\n<ul>\n<li>Handl\u00e4ggningstiden hos Skatteverket \u00e4r ca 4-10 veckor.<\/li>\n<li>Den som har A-skatt m\u00e5ste senast den 2 maj l\u00e4mna in en inkomstdeklaration f\u00f6r privatpersoner f\u00f6r f\u00f6reg\u00e5ende kalender\u00e5r till Skatteverket.<\/li>\n<\/ul>\n<p>[\/vc_column_text][\/vc_column][\/vc_row]<\/p>\n<\/div>","protected":false},"excerpt":{"rendered":"<p>Vi hj\u00e4lper dig eller ditt f\u00f6retags anst\u00e4llda att ans\u00f6ka om A-skatt eller SINK-skatt. Vid tillf\u00e4lligt eller permanent arbete i Sverige \u00e4r det n\u00f6dv\u00e4ndigt att ha beslut om prelimin\u00e4r A-skatt eller SINK-skatt f\u00f6r att veta vilken skattesats som ska g\u00e4lla vid ber\u00e4kningen och deklarationen av den anst\u00e4lldes inkomstskatt.<\/p>\n","protected":false},"featured_media":60005,"template":"","meta":{"_acf_changed":false,"inline_featured_image":false},"product_brand":[],"product_cat":[372],"product_tag":[374],"class_list":{"0":"post-59987","1":"product","2":"type-product","3":"status-publish","4":"has-post-thumbnail","6":"product_cat-legal-services-sv","7":"product_tag-sweden-sv","8":"description-off","10":"first","11":"instock","12":"taxable","13":"shipping-taxable","14":"purchasable","15":"product-type-simple"},"bundled_by":["60703"],"bundle_stock_status":"instock","bundle_stock_quantity":null,"bundle_virtual":false,"bundle_layout":"","bundle_add_to_cart_form_location":"","bundle_editable_in_cart":false,"bundle_sold_individually_context":"","bundle_item_grouping":"","bundle_min_size":"","bundle_max_size":"","bundle_price":[],"bundled_items":[],"bundle_sell_ids":[],"acf":[],"yoast_head":"<!-- This site is optimized with the Yoast SEO Premium plugin v22.1 (Yoast SEO v27.0) - https:\/\/yoast.com\/product\/yoast-seo-premium-wordpress\/ -->\n<title>Ans\u00f6kan om A-skatt eller SINK-skatt -1Office Sweden<\/title>\n<meta name=\"description\" content=\"Vi hj\u00e4lper dig eller ditt f\u00f6retags anst\u00e4llda att ans\u00f6ka om A-skatt eller SINK-skatt. Vid tillf\u00e4lligt eller permanent arbete i Sverige \u00e4r det n\u00f6dv\u00e4ndigt att ha beslut om prelimin\u00e4r A-skatt eller SINK-skatt f\u00f6r att veta vilken skattesats som ska g\u00e4lla vid ber\u00e4kningen och deklarationen av den anst\u00e4lldes inkomstskatt.\" \/>\n<meta name=\"robots\" content=\"index, follow, max-snippet:-1, max-image-preview:large, max-video-preview:-1\" \/>\n<link rel=\"canonical\" href=\"https:\/\/1office.co\/sweden\/sv\/produkt\/ansokan-om-svenskt-personnummer\/\" \/>\n<meta property=\"og:locale\" content=\"sv_SE\" \/>\n<meta property=\"og:type\" content=\"article\" \/>\n<meta property=\"og:title\" content=\"Ans\u00f6kan om A-skatt eller SINK-skatt\" \/>\n<meta property=\"og:description\" content=\"Vi hj\u00e4lper dig eller ditt f\u00f6retags anst\u00e4llda att ans\u00f6ka om A-skatt eller SINK-skatt. Vid tillf\u00e4lligt eller permanent arbete i Sverige \u00e4r det n\u00f6dv\u00e4ndigt att ha beslut om prelimin\u00e4r A-skatt eller SINK-skatt f\u00f6r att veta vilken skattesats som ska g\u00e4lla vid ber\u00e4kningen och deklarationen av den anst\u00e4lldes inkomstskatt.\" \/>\n<meta property=\"og:url\" content=\"https:\/\/1office.co\/sweden\/sv\/produkt\/ansokan-om-svenskt-personnummer\/\" \/>\n<meta property=\"og:site_name\" content=\"1Office Sweden\" \/>\n<meta property=\"article:modified_time\" content=\"2023-03-24T10:01:09+00:00\" \/>\n<meta property=\"og:image\" content=\"https:\/\/1office.co\/sweden\/wp-content\/uploads\/sites\/13\/2021\/02\/scott-graham-OQMZwNd3ThU-unsplash-1-scaled.jpg\" \/>\n\t<meta property=\"og:image:width\" content=\"2560\" \/>\n\t<meta property=\"og:image:height\" content=\"1709\" \/>\n\t<meta property=\"og:image:type\" content=\"image\/jpeg\" \/>\n<meta name=\"twitter:card\" content=\"summary_large_image\" \/>\n<meta name=\"twitter:label1\" content=\"Ber\u00e4knad l\u00e4stid\" \/>\n\t<meta name=\"twitter:data1\" content=\"1 minut\" \/>\n<script type=\"application\/ld+json\" class=\"yoast-schema-graph\">{\"@context\":\"https:\/\/schema.org\",\"@graph\":[{\"@type\":\"WebPage\",\"@id\":\"https:\/\/1office.co\/sweden\/sv\/produkt\/ansokan-om-svenskt-personnummer\/\",\"url\":\"https:\/\/1office.co\/sweden\/sv\/produkt\/ansokan-om-svenskt-personnummer\/\",\"name\":\"Ans\u00f6kan om A-skatt eller SINK-skatt -1Office Sweden\",\"isPartOf\":{\"@id\":\"https:\/\/1office.co\/sweden\/#website\"},\"primaryImageOfPage\":{\"@id\":\"https:\/\/1office.co\/sweden\/sv\/produkt\/ansokan-om-svenskt-personnummer\/#primaryimage\"},\"image\":{\"@id\":\"https:\/\/1office.co\/sweden\/sv\/produkt\/ansokan-om-svenskt-personnummer\/#primaryimage\"},\"thumbnailUrl\":\"https:\/\/1office.co\/sweden\/wp-content\/uploads\/sites\/13\/2021\/02\/scott-graham-OQMZwNd3ThU-unsplash-1-scaled.jpg\",\"datePublished\":\"2021-02-16T14:45:33+00:00\",\"dateModified\":\"2023-03-24T10:01:09+00:00\",\"description\":\"Vi hj\u00e4lper dig eller ditt f\u00f6retags anst\u00e4llda att ans\u00f6ka om A-skatt eller SINK-skatt. Vid tillf\u00e4lligt eller permanent arbete i Sverige \u00e4r det n\u00f6dv\u00e4ndigt att ha beslut om prelimin\u00e4r A-skatt eller SINK-skatt f\u00f6r att veta vilken skattesats som ska g\u00e4lla vid ber\u00e4kningen och deklarationen av den anst\u00e4lldes inkomstskatt.\",\"breadcrumb\":{\"@id\":\"https:\/\/1office.co\/sweden\/sv\/produkt\/ansokan-om-svenskt-personnummer\/#breadcrumb\"},\"inLanguage\":\"sv-SE\",\"potentialAction\":[{\"@type\":\"ReadAction\",\"target\":[\"https:\/\/1office.co\/sweden\/sv\/produkt\/ansokan-om-svenskt-personnummer\/\"]}]},{\"@type\":\"ImageObject\",\"inLanguage\":\"sv-SE\",\"@id\":\"https:\/\/1office.co\/sweden\/sv\/produkt\/ansokan-om-svenskt-personnummer\/#primaryimage\",\"url\":\"https:\/\/1office.co\/sweden\/wp-content\/uploads\/sites\/13\/2021\/02\/scott-graham-OQMZwNd3ThU-unsplash-1-scaled.jpg\",\"contentUrl\":\"https:\/\/1office.co\/sweden\/wp-content\/uploads\/sites\/13\/2021\/02\/scott-graham-OQMZwNd3ThU-unsplash-1-scaled.jpg\",\"width\":2560,\"height\":1709},{\"@type\":\"BreadcrumbList\",\"@id\":\"https:\/\/1office.co\/sweden\/sv\/produkt\/ansokan-om-svenskt-personnummer\/#breadcrumb\",\"itemListElement\":[{\"@type\":\"ListItem\",\"position\":1,\"name\":\"Home\",\"item\":\"https:\/\/1office.co\/sweden\/sv\/\"},{\"@type\":\"ListItem\",\"position\":2,\"name\":\"V\u00e5ra tj\u00e4nster\",\"item\":\"https:\/\/1office.co\/sweden\/sv\/our-services\/\"},{\"@type\":\"ListItem\",\"position\":3,\"name\":\"Ans\u00f6kan om A-skatt eller SINK-skatt\"}]},{\"@type\":\"WebSite\",\"@id\":\"https:\/\/1office.co\/sweden\/#website\",\"url\":\"https:\/\/1office.co\/sweden\/\",\"name\":\"1Office Sweden\",\"description\":\"Making Business Simple\",\"potentialAction\":[{\"@type\":\"SearchAction\",\"target\":{\"@type\":\"EntryPoint\",\"urlTemplate\":\"https:\/\/1office.co\/sweden\/?s={search_term_string}\"},\"query-input\":{\"@type\":\"PropertyValueSpecification\",\"valueRequired\":true,\"valueName\":\"search_term_string\"}}],\"inLanguage\":\"sv-SE\"}]}<\/script>\n<!-- \/ Yoast SEO Premium plugin. -->","yoast_head_json":{"title":"Ans\u00f6kan om A-skatt eller SINK-skatt -1Office Sweden","description":"Vi hj\u00e4lper dig eller ditt f\u00f6retags anst\u00e4llda att ans\u00f6ka om A-skatt eller SINK-skatt. Vid tillf\u00e4lligt eller permanent arbete i Sverige \u00e4r det n\u00f6dv\u00e4ndigt att ha beslut om prelimin\u00e4r A-skatt eller SINK-skatt f\u00f6r att veta vilken skattesats som ska g\u00e4lla vid ber\u00e4kningen och deklarationen av den anst\u00e4lldes inkomstskatt.","robots":{"index":"index","follow":"follow","max-snippet":"max-snippet:-1","max-image-preview":"max-image-preview:large","max-video-preview":"max-video-preview:-1"},"canonical":"https:\/\/1office.co\/sweden\/sv\/produkt\/ansokan-om-svenskt-personnummer\/","og_locale":"sv_SE","og_type":"article","og_title":"Ans\u00f6kan om A-skatt eller SINK-skatt","og_description":"Vi hj\u00e4lper dig eller ditt f\u00f6retags anst\u00e4llda att ans\u00f6ka om A-skatt eller SINK-skatt. Vid tillf\u00e4lligt eller permanent arbete i Sverige \u00e4r det n\u00f6dv\u00e4ndigt att ha beslut om prelimin\u00e4r A-skatt eller SINK-skatt f\u00f6r att veta vilken skattesats som ska g\u00e4lla vid ber\u00e4kningen och deklarationen av den anst\u00e4lldes inkomstskatt.","og_url":"https:\/\/1office.co\/sweden\/sv\/produkt\/ansokan-om-svenskt-personnummer\/","og_site_name":"1Office Sweden","article_modified_time":"2023-03-24T10:01:09+00:00","og_image":[{"width":2560,"height":1709,"url":"https:\/\/1office.co\/sweden\/wp-content\/uploads\/sites\/13\/2021\/02\/scott-graham-OQMZwNd3ThU-unsplash-1-scaled.jpg","type":"image\/jpeg"}],"twitter_card":"summary_large_image","twitter_misc":{"Ber\u00e4knad l\u00e4stid":"1 minut"},"schema":{"@context":"https:\/\/schema.org","@graph":[{"@type":"WebPage","@id":"https:\/\/1office.co\/sweden\/sv\/produkt\/ansokan-om-svenskt-personnummer\/","url":"https:\/\/1office.co\/sweden\/sv\/produkt\/ansokan-om-svenskt-personnummer\/","name":"Ans\u00f6kan om A-skatt eller SINK-skatt -1Office Sweden","isPartOf":{"@id":"https:\/\/1office.co\/sweden\/#website"},"primaryImageOfPage":{"@id":"https:\/\/1office.co\/sweden\/sv\/produkt\/ansokan-om-svenskt-personnummer\/#primaryimage"},"image":{"@id":"https:\/\/1office.co\/sweden\/sv\/produkt\/ansokan-om-svenskt-personnummer\/#primaryimage"},"thumbnailUrl":"https:\/\/1office.co\/sweden\/wp-content\/uploads\/sites\/13\/2021\/02\/scott-graham-OQMZwNd3ThU-unsplash-1-scaled.jpg","datePublished":"2021-02-16T14:45:33+00:00","dateModified":"2023-03-24T10:01:09+00:00","description":"Vi hj\u00e4lper dig eller ditt f\u00f6retags anst\u00e4llda att ans\u00f6ka om A-skatt eller SINK-skatt. Vid tillf\u00e4lligt eller permanent arbete i Sverige \u00e4r det n\u00f6dv\u00e4ndigt att ha beslut om prelimin\u00e4r A-skatt eller SINK-skatt f\u00f6r att veta vilken skattesats som ska g\u00e4lla vid ber\u00e4kningen och deklarationen av den anst\u00e4lldes inkomstskatt.","breadcrumb":{"@id":"https:\/\/1office.co\/sweden\/sv\/produkt\/ansokan-om-svenskt-personnummer\/#breadcrumb"},"inLanguage":"sv-SE","potentialAction":[{"@type":"ReadAction","target":["https:\/\/1office.co\/sweden\/sv\/produkt\/ansokan-om-svenskt-personnummer\/"]}]},{"@type":"ImageObject","inLanguage":"sv-SE","@id":"https:\/\/1office.co\/sweden\/sv\/produkt\/ansokan-om-svenskt-personnummer\/#primaryimage","url":"https:\/\/1office.co\/sweden\/wp-content\/uploads\/sites\/13\/2021\/02\/scott-graham-OQMZwNd3ThU-unsplash-1-scaled.jpg","contentUrl":"https:\/\/1office.co\/sweden\/wp-content\/uploads\/sites\/13\/2021\/02\/scott-graham-OQMZwNd3ThU-unsplash-1-scaled.jpg","width":2560,"height":1709},{"@type":"BreadcrumbList","@id":"https:\/\/1office.co\/sweden\/sv\/produkt\/ansokan-om-svenskt-personnummer\/#breadcrumb","itemListElement":[{"@type":"ListItem","position":1,"name":"Home","item":"https:\/\/1office.co\/sweden\/sv\/"},{"@type":"ListItem","position":2,"name":"V\u00e5ra tj\u00e4nster","item":"https:\/\/1office.co\/sweden\/sv\/our-services\/"},{"@type":"ListItem","position":3,"name":"Ans\u00f6kan om A-skatt eller SINK-skatt"}]},{"@type":"WebSite","@id":"https:\/\/1office.co\/sweden\/#website","url":"https:\/\/1office.co\/sweden\/","name":"1Office Sweden","description":"Making Business Simple","potentialAction":[{"@type":"SearchAction","target":{"@type":"EntryPoint","urlTemplate":"https:\/\/1office.co\/sweden\/?s={search_term_string}"},"query-input":{"@type":"PropertyValueSpecification","valueRequired":true,"valueName":"search_term_string"}}],"inLanguage":"sv-SE"}]}},"_links":{"self":[{"href":"https:\/\/1office.co\/sweden\/sv\/wp-json\/wp\/v2\/product\/59987","targetHints":{"allow":["GET"]}}],"collection":[{"href":"https:\/\/1office.co\/sweden\/sv\/wp-json\/wp\/v2\/product"}],"about":[{"href":"https:\/\/1office.co\/sweden\/sv\/wp-json\/wp\/v2\/types\/product"}],"wp:featuredmedia":[{"embeddable":true,"href":"https:\/\/1office.co\/sweden\/sv\/wp-json\/wp\/v2\/media\/60005"}],"wp:attachment":[{"href":"https:\/\/1office.co\/sweden\/sv\/wp-json\/wp\/v2\/media?parent=59987"}],"wp:term":[{"taxonomy":"product_brand","embeddable":true,"href":"https:\/\/1office.co\/sweden\/sv\/wp-json\/wp\/v2\/product_brand?post=59987"},{"taxonomy":"product_cat","embeddable":true,"href":"https:\/\/1office.co\/sweden\/sv\/wp-json\/wp\/v2\/product_cat?post=59987"},{"taxonomy":"product_tag","embeddable":true,"href":"https:\/\/1office.co\/sweden\/sv\/wp-json\/wp\/v2\/product_tag?post=59987"}],"curies":[{"name":"wp","href":"https:\/\/api.w.org\/{rel}","templated":true}]}}