{"id":60009,"date":"2021-02-11T12:28:54","date_gmt":"2021-02-16T14:42:53","guid":{"rendered":"https:\/\/1office.co\/sweden\/?post_type=product&#038;p=60009"},"modified":"2023-03-24T11:30:11","modified_gmt":"2023-03-24T11:30:11","slug":"ansokan-om-dispens-fran-kravet-pa-bosattning-inom-ees","status":"publish","type":"product","link":"https:\/\/1office.co\/sweden\/sv\/produkt\/ansokan-om-dispens-fran-kravet-pa-bosattning-inom-ees\/","title":{"rendered":"Ans\u00f6kan om dispens fr\u00e5n kravet p\u00e5 bos\u00e4ttning inom EES"},"content":{"rendered":"","protected":false},"excerpt":{"rendered":"<p>Om en eller flera styrelsemedlemmar, verkst\u00e4llande direkt\u00f6ren, vice verkst\u00e4llande direkt\u00f6ren eller s\u00e4rskilda firmatecknare \u00e4r inte bosatt inom EES m\u00e5ste dem ans\u00f6ka om dispends fr\u00e5n kravet p\u00e5 bos\u00e4ttning inom EES.<\/p>\n","protected":false},"featured_media":60021,"template":"","meta":{"_acf_changed":false,"inline_featured_image":false},"product_brand":[],"product_cat":[371,372],"product_tag":[374],"class_list":{"0":"post-60009","1":"product","2":"type-product","3":"status-publish","4":"has-post-thumbnail","6":"product_cat-company-formation-sv","7":"product_cat-legal-services-sv","8":"product_tag-sweden-sv","9":"description-off","11":"first","12":"instock","13":"taxable","14":"shipping-taxable","15":"purchasable","16":"product-type-simple"},"bundled_by":[],"bundle_stock_status":"instock","bundle_stock_quantity":null,"bundle_virtual":false,"bundle_layout":"","bundle_add_to_cart_form_location":"","bundle_editable_in_cart":false,"bundle_sold_individually_context":"","bundle_item_grouping":"","bundle_min_size":"","bundle_max_size":"","bundle_price":[],"bundled_items":[],"bundle_sell_ids":[],"acf":[],"yoast_head":"<!-- This site is optimized with the Yoast SEO Premium plugin v22.1 (Yoast SEO v27.0) - https:\/\/yoast.com\/product\/yoast-seo-premium-wordpress\/ -->\n<title>Ans\u00f6kan om dispens fr\u00e5n kravet p\u00e5 bos\u00e4ttning inom EES -1Office Sweden<\/title>\n<meta name=\"description\" content=\"Om en eller flera styrelsemedlemmar, verkst\u00e4llande direkt\u00f6ren, vice verkst\u00e4llande direkt\u00f6ren eller s\u00e4rskilda firmatecknare \u00e4r inte bosatt inom EES m\u00e5ste dem ans\u00f6ka om dispends fr\u00e5n kravet p\u00e5 bos\u00e4ttning inom EES.\" \/>\n<meta name=\"robots\" content=\"index, follow, max-snippet:-1, max-image-preview:large, max-video-preview:-1\" \/>\n<link rel=\"canonical\" href=\"https:\/\/1office.co\/sweden\/sv\/produkt\/ansokan-om-dispens-fran-kravet-pa-bosattning-inom-ees\/\" \/>\n<meta property=\"og:locale\" content=\"sv_SE\" \/>\n<meta property=\"og:type\" content=\"article\" \/>\n<meta property=\"og:title\" content=\"Ans\u00f6kan om dispens fr\u00e5n kravet p\u00e5 bos\u00e4ttning inom EES\" \/>\n<meta property=\"og:description\" content=\"Om en eller flera styrelsemedlemmar, verkst\u00e4llande direkt\u00f6ren, vice verkst\u00e4llande direkt\u00f6ren eller s\u00e4rskilda firmatecknare \u00e4r inte bosatt inom EES m\u00e5ste dem ans\u00f6ka om dispends fr\u00e5n kravet p\u00e5 bos\u00e4ttning inom EES.\" \/>\n<meta property=\"og:url\" content=\"https:\/\/1office.co\/sweden\/sv\/produkt\/ansokan-om-dispens-fran-kravet-pa-bosattning-inom-ees\/\" \/>\n<meta property=\"og:site_name\" content=\"1Office Sweden\" \/>\n<meta property=\"article:modified_time\" content=\"2023-03-24T11:30:11+00:00\" \/>\n<meta property=\"og:image\" content=\"https:\/\/1office.co\/sweden\/wp-content\/uploads\/sites\/13\/2021\/02\/pexels-mohammad-danish-891059.jpg\" \/>\n\t<meta property=\"og:image:width\" content=\"640\" \/>\n\t<meta property=\"og:image:height\" content=\"426\" \/>\n\t<meta property=\"og:image:type\" content=\"image\/jpeg\" \/>\n<meta name=\"twitter:card\" content=\"summary_large_image\" \/>\n<script type=\"application\/ld+json\" class=\"yoast-schema-graph\">{\"@context\":\"https:\/\/schema.org\",\"@graph\":[{\"@type\":\"WebPage\",\"@id\":\"https:\/\/1office.co\/sweden\/sv\/produkt\/ansokan-om-dispens-fran-kravet-pa-bosattning-inom-ees\/\",\"url\":\"https:\/\/1office.co\/sweden\/sv\/produkt\/ansokan-om-dispens-fran-kravet-pa-bosattning-inom-ees\/\",\"name\":\"Ans\u00f6kan om dispens fr\u00e5n kravet p\u00e5 bos\u00e4ttning inom EES -1Office Sweden\",\"isPartOf\":{\"@id\":\"https:\/\/1office.co\/sweden\/#website\"},\"primaryImageOfPage\":{\"@id\":\"https:\/\/1office.co\/sweden\/sv\/produkt\/ansokan-om-dispens-fran-kravet-pa-bosattning-inom-ees\/#primaryimage\"},\"image\":{\"@id\":\"https:\/\/1office.co\/sweden\/sv\/produkt\/ansokan-om-dispens-fran-kravet-pa-bosattning-inom-ees\/#primaryimage\"},\"thumbnailUrl\":\"https:\/\/1office.co\/sweden\/wp-content\/uploads\/sites\/13\/2021\/02\/pexels-mohammad-danish-891059.jpg\",\"datePublished\":\"2021-02-16T14:42:53+00:00\",\"dateModified\":\"2023-03-24T11:30:11+00:00\",\"description\":\"Om en eller flera styrelsemedlemmar, verkst\u00e4llande direkt\u00f6ren, vice verkst\u00e4llande direkt\u00f6ren eller s\u00e4rskilda firmatecknare \u00e4r inte bosatt inom EES m\u00e5ste dem ans\u00f6ka om dispends fr\u00e5n kravet p\u00e5 bos\u00e4ttning inom EES.\",\"breadcrumb\":{\"@id\":\"https:\/\/1office.co\/sweden\/sv\/produkt\/ansokan-om-dispens-fran-kravet-pa-bosattning-inom-ees\/#breadcrumb\"},\"inLanguage\":\"sv-SE\",\"potentialAction\":[{\"@type\":\"ReadAction\",\"target\":[\"https:\/\/1office.co\/sweden\/sv\/produkt\/ansokan-om-dispens-fran-kravet-pa-bosattning-inom-ees\/\"]}]},{\"@type\":\"ImageObject\",\"inLanguage\":\"sv-SE\",\"@id\":\"https:\/\/1office.co\/sweden\/sv\/produkt\/ansokan-om-dispens-fran-kravet-pa-bosattning-inom-ees\/#primaryimage\",\"url\":\"https:\/\/1office.co\/sweden\/wp-content\/uploads\/sites\/13\/2021\/02\/pexels-mohammad-danish-891059.jpg\",\"contentUrl\":\"https:\/\/1office.co\/sweden\/wp-content\/uploads\/sites\/13\/2021\/02\/pexels-mohammad-danish-891059.jpg\",\"width\":640,\"height\":426},{\"@type\":\"BreadcrumbList\",\"@id\":\"https:\/\/1office.co\/sweden\/sv\/produkt\/ansokan-om-dispens-fran-kravet-pa-bosattning-inom-ees\/#breadcrumb\",\"itemListElement\":[{\"@type\":\"ListItem\",\"position\":1,\"name\":\"Home\",\"item\":\"https:\/\/1office.co\/sweden\/sv\/\"},{\"@type\":\"ListItem\",\"position\":2,\"name\":\"V\u00e5ra tj\u00e4nster\",\"item\":\"https:\/\/1office.co\/sweden\/sv\/our-services\/\"},{\"@type\":\"ListItem\",\"position\":3,\"name\":\"Ans\u00f6kan om dispens fr\u00e5n kravet p\u00e5 bos\u00e4ttning inom EES\"}]},{\"@type\":\"WebSite\",\"@id\":\"https:\/\/1office.co\/sweden\/#website\",\"url\":\"https:\/\/1office.co\/sweden\/\",\"name\":\"1Office Sweden\",\"description\":\"Making Business Simple\",\"potentialAction\":[{\"@type\":\"SearchAction\",\"target\":{\"@type\":\"EntryPoint\",\"urlTemplate\":\"https:\/\/1office.co\/sweden\/?s={search_term_string}\"},\"query-input\":{\"@type\":\"PropertyValueSpecification\",\"valueRequired\":true,\"valueName\":\"search_term_string\"}}],\"inLanguage\":\"sv-SE\"}]}<\/script>\n<!-- \/ Yoast SEO Premium plugin. -->","yoast_head_json":{"title":"Ans\u00f6kan om dispens fr\u00e5n kravet p\u00e5 bos\u00e4ttning inom EES -1Office Sweden","description":"Om en eller flera styrelsemedlemmar, verkst\u00e4llande direkt\u00f6ren, vice verkst\u00e4llande direkt\u00f6ren eller s\u00e4rskilda firmatecknare \u00e4r inte bosatt inom EES m\u00e5ste dem ans\u00f6ka om dispends fr\u00e5n kravet p\u00e5 bos\u00e4ttning inom EES.","robots":{"index":"index","follow":"follow","max-snippet":"max-snippet:-1","max-image-preview":"max-image-preview:large","max-video-preview":"max-video-preview:-1"},"canonical":"https:\/\/1office.co\/sweden\/sv\/produkt\/ansokan-om-dispens-fran-kravet-pa-bosattning-inom-ees\/","og_locale":"sv_SE","og_type":"article","og_title":"Ans\u00f6kan om dispens fr\u00e5n kravet p\u00e5 bos\u00e4ttning inom EES","og_description":"Om en eller flera styrelsemedlemmar, verkst\u00e4llande direkt\u00f6ren, vice verkst\u00e4llande direkt\u00f6ren eller s\u00e4rskilda firmatecknare \u00e4r inte bosatt inom EES m\u00e5ste dem ans\u00f6ka om dispends fr\u00e5n kravet p\u00e5 bos\u00e4ttning inom EES.","og_url":"https:\/\/1office.co\/sweden\/sv\/produkt\/ansokan-om-dispens-fran-kravet-pa-bosattning-inom-ees\/","og_site_name":"1Office Sweden","article_modified_time":"2023-03-24T11:30:11+00:00","og_image":[{"width":640,"height":426,"url":"https:\/\/1office.co\/sweden\/wp-content\/uploads\/sites\/13\/2021\/02\/pexels-mohammad-danish-891059.jpg","type":"image\/jpeg"}],"twitter_card":"summary_large_image","schema":{"@context":"https:\/\/schema.org","@graph":[{"@type":"WebPage","@id":"https:\/\/1office.co\/sweden\/sv\/produkt\/ansokan-om-dispens-fran-kravet-pa-bosattning-inom-ees\/","url":"https:\/\/1office.co\/sweden\/sv\/produkt\/ansokan-om-dispens-fran-kravet-pa-bosattning-inom-ees\/","name":"Ans\u00f6kan om dispens fr\u00e5n kravet p\u00e5 bos\u00e4ttning inom EES -1Office Sweden","isPartOf":{"@id":"https:\/\/1office.co\/sweden\/#website"},"primaryImageOfPage":{"@id":"https:\/\/1office.co\/sweden\/sv\/produkt\/ansokan-om-dispens-fran-kravet-pa-bosattning-inom-ees\/#primaryimage"},"image":{"@id":"https:\/\/1office.co\/sweden\/sv\/produkt\/ansokan-om-dispens-fran-kravet-pa-bosattning-inom-ees\/#primaryimage"},"thumbnailUrl":"https:\/\/1office.co\/sweden\/wp-content\/uploads\/sites\/13\/2021\/02\/pexels-mohammad-danish-891059.jpg","datePublished":"2021-02-16T14:42:53+00:00","dateModified":"2023-03-24T11:30:11+00:00","description":"Om en eller flera styrelsemedlemmar, verkst\u00e4llande direkt\u00f6ren, vice verkst\u00e4llande direkt\u00f6ren eller s\u00e4rskilda firmatecknare \u00e4r inte bosatt inom EES m\u00e5ste dem ans\u00f6ka om dispends fr\u00e5n kravet p\u00e5 bos\u00e4ttning inom EES.","breadcrumb":{"@id":"https:\/\/1office.co\/sweden\/sv\/produkt\/ansokan-om-dispens-fran-kravet-pa-bosattning-inom-ees\/#breadcrumb"},"inLanguage":"sv-SE","potentialAction":[{"@type":"ReadAction","target":["https:\/\/1office.co\/sweden\/sv\/produkt\/ansokan-om-dispens-fran-kravet-pa-bosattning-inom-ees\/"]}]},{"@type":"ImageObject","inLanguage":"sv-SE","@id":"https:\/\/1office.co\/sweden\/sv\/produkt\/ansokan-om-dispens-fran-kravet-pa-bosattning-inom-ees\/#primaryimage","url":"https:\/\/1office.co\/sweden\/wp-content\/uploads\/sites\/13\/2021\/02\/pexels-mohammad-danish-891059.jpg","contentUrl":"https:\/\/1office.co\/sweden\/wp-content\/uploads\/sites\/13\/2021\/02\/pexels-mohammad-danish-891059.jpg","width":640,"height":426},{"@type":"BreadcrumbList","@id":"https:\/\/1office.co\/sweden\/sv\/produkt\/ansokan-om-dispens-fran-kravet-pa-bosattning-inom-ees\/#breadcrumb","itemListElement":[{"@type":"ListItem","position":1,"name":"Home","item":"https:\/\/1office.co\/sweden\/sv\/"},{"@type":"ListItem","position":2,"name":"V\u00e5ra tj\u00e4nster","item":"https:\/\/1office.co\/sweden\/sv\/our-services\/"},{"@type":"ListItem","position":3,"name":"Ans\u00f6kan om dispens fr\u00e5n kravet p\u00e5 bos\u00e4ttning inom EES"}]},{"@type":"WebSite","@id":"https:\/\/1office.co\/sweden\/#website","url":"https:\/\/1office.co\/sweden\/","name":"1Office Sweden","description":"Making Business Simple","potentialAction":[{"@type":"SearchAction","target":{"@type":"EntryPoint","urlTemplate":"https:\/\/1office.co\/sweden\/?s={search_term_string}"},"query-input":{"@type":"PropertyValueSpecification","valueRequired":true,"valueName":"search_term_string"}}],"inLanguage":"sv-SE"}]}},"_links":{"self":[{"href":"https:\/\/1office.co\/sweden\/sv\/wp-json\/wp\/v2\/product\/60009","targetHints":{"allow":["GET"]}}],"collection":[{"href":"https:\/\/1office.co\/sweden\/sv\/wp-json\/wp\/v2\/product"}],"about":[{"href":"https:\/\/1office.co\/sweden\/sv\/wp-json\/wp\/v2\/types\/product"}],"wp:featuredmedia":[{"embeddable":true,"href":"https:\/\/1office.co\/sweden\/sv\/wp-json\/wp\/v2\/media\/60021"}],"wp:attachment":[{"href":"https:\/\/1office.co\/sweden\/sv\/wp-json\/wp\/v2\/media?parent=60009"}],"wp:term":[{"taxonomy":"product_brand","embeddable":true,"href":"https:\/\/1office.co\/sweden\/sv\/wp-json\/wp\/v2\/product_brand?post=60009"},{"taxonomy":"product_cat","embeddable":true,"href":"https:\/\/1office.co\/sweden\/sv\/wp-json\/wp\/v2\/product_cat?post=60009"},{"taxonomy":"product_tag","embeddable":true,"href":"https:\/\/1office.co\/sweden\/sv\/wp-json\/wp\/v2\/product_tag?post=60009"}],"curies":[{"name":"wp","href":"https:\/\/api.w.org\/{rel}","templated":true}]}}