{"id":60207,"date":"2021-05-28T11:53:35","date_gmt":"2023-03-24T12:39:42","guid":{"rendered":"https:\/\/1office.co\/sweden\/?post_type=product&#038;p=60207"},"modified":"2025-08-04T07:23:54","modified_gmt":"2025-08-04T07:23:54","slug":"att-starta-verksamhet-i-sverige-konsultation","status":"publish","type":"product","link":"https:\/\/1office.co\/sweden\/sv\/produkt\/att-starta-verksamhet-i-sverige-konsultation\/","title":{"rendered":"Konsultation \u2013 att starta verksamhet i Sverige"},"content":{"rendered":"<div class=\"wpb-content-wrapper\"><p>[vc_row][vc_column][vc_column_text]Konsultationen ger en \u00f6versikt \u00f6ver olika teman kring verksamhetsstart i Sverige.<\/p>\n<p>&nbsp;<\/p>\n<p><strong>Priset inkluderar:<\/strong><\/p>\n<ul>\n<li>Konsultationens inneh\u00e5ll och omfattning beror p\u00e5 den specifika kundens behov och fr\u00e5gor.<\/li>\n<\/ul>\n<p>Vanligare teman som diskuteras under konsultationen:<\/p>\n<ul>\n<li>Situationsanalys f\u00f6r att hitta de b\u00e4sta l\u00f6sningarna f\u00f6r Ditt f\u00f6retag;<\/li>\n<li>Introduktion till redovisning i Sverige;<\/li>\n<li>Utdelningar och beskattning;<\/li>\n<li>L\u00f6neber\u00e4kningar;<\/li>\n<li>Skatteavtal mellan Sverige och andra l\u00e4nder;<\/li>\n<li>Gr\u00e4ns\u00f6verskridande merv\u00e4rdesskatteregler<\/li>\n<\/ul>\n<p><strong>Mot extra kostnad:<\/strong><\/p>\n<ul>\n<li><a href=\"https:\/\/1office.co\/sweden\/sv\/produkt\/international-tax-consultation\/\" target=\"_blank\" rel=\"noopener noreferrer\">Internationell skattekonsultation<\/a><\/li>\n<li><a href=\"https:\/\/1office.co\/sweden\/sv\/produkt\/legal-consultation\/\" target=\"_blank\" rel=\"noopener noreferrer\">Juridisk konsultation<\/a><\/li>\n<\/ul>\n<p><strong>F\u00f6rloppet:<\/strong><\/p>\n<ul>\n<li>S\u00e4nd oss Dina fr\u00e5gor s\u00e5 vi kan bed\u00f6ma konsultationens omfattning<\/li>\n<li>Vi skickar Dig en offert och kommer \u00f6verens om arbetsvolymen<\/li>\n<li>Konsultationen genomf\u00f6rs antingen via m\u00f6te p\u00e5 v\u00e5rt kontor, per telefon, som ett Skype-samtal eller i skriftlig form<\/li>\n<\/ul>\n<p><strong>Viktigt:<\/strong><\/p>\n<ul>\n<li>Eftersom konsultationens inneh\u00e5ll och omfattning beror p\u00e5 den specifika kundens behov kommer vi alltid \u00f6verens om konsultationens omfattning i f\u00f6rv\u00e4g.<\/li>\n<li>Var beredd att st\u00e4lla Dina viktigaste fr\u00e5gor och ber\u00e4tta om Dina bekymmer avseende den planerade verksamhetsstarten.<\/li>\n<\/ul>\n<p>[\/vc_column_text][\/vc_column][\/vc_row]<\/p>\n<\/div>","protected":false},"excerpt":{"rendered":"<p>Denna konsultation \u00e4r perfekt f\u00f6r Dig om Du inte \u00e4r helt s\u00e4ker p\u00e5 hur man g\u00e5r till f\u00f6r att starta n\u00e4ringsverksamhet i Sverige. Vi g\u00e5r igenom alla n\u00f6dv\u00e4ndiga fr\u00e5gor \u2013 l\u00e4mpliga s\u00e4tt att starta verksamhet, f\u00f6retagsstruktur, skyldigheter, tidsfrister, beskattning och lagstiftning i Sverige.<\/p>\n","protected":false},"featured_media":58412,"template":"","meta":{"_acf_changed":false,"inline_featured_image":false},"product_brand":[],"product_cat":[371,372],"product_tag":[],"class_list":{"0":"post-60207","1":"product","2":"type-product","3":"status-publish","4":"has-post-thumbnail","6":"product_cat-company-formation-sv","7":"product_cat-legal-services-sv","8":"description-off","10":"first","11":"instock","12":"taxable","13":"shipping-taxable","14":"purchasable","15":"product-type-simple"},"bundled_by":[],"bundle_stock_status":"instock","bundle_stock_quantity":null,"bundle_virtual":false,"bundle_layout":"","bundle_add_to_cart_form_location":"","bundle_editable_in_cart":false,"bundle_sold_individually_context":"","bundle_item_grouping":"","bundle_min_size":"","bundle_max_size":"","bundle_price":[],"bundled_items":[],"bundle_sell_ids":[],"acf":[],"yoast_head":"<!-- This site is optimized with the Yoast SEO Premium plugin v22.1 (Yoast SEO v27.0) - https:\/\/yoast.com\/product\/yoast-seo-premium-wordpress\/ -->\n<title>Konsultation \u2013 att starta verksamhet i Sverige - 1Office Sweden<\/title>\n<meta name=\"robots\" content=\"index, follow, max-snippet:-1, max-image-preview:large, max-video-preview:-1\" \/>\n<link rel=\"canonical\" href=\"https:\/\/1office.co\/sweden\/sv\/produkt\/att-starta-verksamhet-i-sverige-konsultation\/\" \/>\n<meta property=\"og:locale\" content=\"sv_SE\" \/>\n<meta property=\"og:type\" content=\"article\" \/>\n<meta property=\"og:title\" content=\"Konsultation \u2013 att starta verksamhet i Sverige\" \/>\n<meta property=\"og:description\" content=\"Denna konsultation \u00e4r perfekt f\u00f6r Dig om Du inte \u00e4r helt s\u00e4ker p\u00e5 hur man g\u00e5r till f\u00f6r att starta n\u00e4ringsverksamhet i Sverige. Vi g\u00e5r igenom alla n\u00f6dv\u00e4ndiga fr\u00e5gor \u2013 l\u00e4mpliga s\u00e4tt att starta verksamhet, f\u00f6retagsstruktur, skyldigheter, tidsfrister, beskattning och lagstiftning i Sverige.\" \/>\n<meta property=\"og:url\" content=\"https:\/\/1office.co\/sweden\/sv\/produkt\/att-starta-verksamhet-i-sverige-konsultation\/\" \/>\n<meta property=\"og:site_name\" content=\"1Office Sweden\" \/>\n<meta property=\"article:modified_time\" content=\"2025-08-04T07:23:54+00:00\" \/>\n<meta property=\"og:image\" content=\"https:\/\/1office.co\/sweden\/wp-content\/uploads\/sites\/13\/2018\/10\/technologicaldevicesfina_155528.jpg\" \/>\n\t<meta property=\"og:image:width\" content=\"900\" \/>\n\t<meta property=\"og:image:height\" content=\"600\" \/>\n\t<meta property=\"og:image:type\" content=\"image\/jpeg\" \/>\n<meta name=\"twitter:card\" content=\"summary_large_image\" \/>\n<meta name=\"twitter:label1\" content=\"Ber\u00e4knad l\u00e4stid\" \/>\n\t<meta name=\"twitter:data1\" content=\"1 minut\" \/>\n<script type=\"application\/ld+json\" class=\"yoast-schema-graph\">{\"@context\":\"https:\/\/schema.org\",\"@graph\":[{\"@type\":\"WebPage\",\"@id\":\"https:\/\/1office.co\/sweden\/sv\/produkt\/att-starta-verksamhet-i-sverige-konsultation\/\",\"url\":\"https:\/\/1office.co\/sweden\/sv\/produkt\/att-starta-verksamhet-i-sverige-konsultation\/\",\"name\":\"Konsultation \u2013 att starta verksamhet i Sverige - 1Office Sweden\",\"isPartOf\":{\"@id\":\"https:\/\/1office.co\/sweden\/#website\"},\"primaryImageOfPage\":{\"@id\":\"https:\/\/1office.co\/sweden\/sv\/produkt\/att-starta-verksamhet-i-sverige-konsultation\/#primaryimage\"},\"image\":{\"@id\":\"https:\/\/1office.co\/sweden\/sv\/produkt\/att-starta-verksamhet-i-sverige-konsultation\/#primaryimage\"},\"thumbnailUrl\":\"https:\/\/1office.co\/sweden\/wp-content\/uploads\/sites\/13\/2018\/10\/technologicaldevicesfina_155528.jpg\",\"datePublished\":\"2023-03-24T12:39:42+00:00\",\"dateModified\":\"2025-08-04T07:23:54+00:00\",\"breadcrumb\":{\"@id\":\"https:\/\/1office.co\/sweden\/sv\/produkt\/att-starta-verksamhet-i-sverige-konsultation\/#breadcrumb\"},\"inLanguage\":\"sv-SE\",\"potentialAction\":[{\"@type\":\"ReadAction\",\"target\":[\"https:\/\/1office.co\/sweden\/sv\/produkt\/att-starta-verksamhet-i-sverige-konsultation\/\"]}]},{\"@type\":\"ImageObject\",\"inLanguage\":\"sv-SE\",\"@id\":\"https:\/\/1office.co\/sweden\/sv\/produkt\/att-starta-verksamhet-i-sverige-konsultation\/#primaryimage\",\"url\":\"https:\/\/1office.co\/sweden\/wp-content\/uploads\/sites\/13\/2018\/10\/technologicaldevicesfina_155528.jpg\",\"contentUrl\":\"https:\/\/1office.co\/sweden\/wp-content\/uploads\/sites\/13\/2018\/10\/technologicaldevicesfina_155528.jpg\",\"width\":900,\"height\":600,\"caption\":\"Technological devices, financial document with pen, glass of water at workplace on background of three business partners striking deal\"},{\"@type\":\"BreadcrumbList\",\"@id\":\"https:\/\/1office.co\/sweden\/sv\/produkt\/att-starta-verksamhet-i-sverige-konsultation\/#breadcrumb\",\"itemListElement\":[{\"@type\":\"ListItem\",\"position\":1,\"name\":\"Home\",\"item\":\"https:\/\/1office.co\/sweden\/sv\/\"},{\"@type\":\"ListItem\",\"position\":2,\"name\":\"V\u00e5ra tj\u00e4nster\",\"item\":\"https:\/\/1office.co\/sweden\/sv\/our-services\/\"},{\"@type\":\"ListItem\",\"position\":3,\"name\":\"Konsultation \u2013 att starta verksamhet i Sverige\"}]},{\"@type\":\"WebSite\",\"@id\":\"https:\/\/1office.co\/sweden\/#website\",\"url\":\"https:\/\/1office.co\/sweden\/\",\"name\":\"1Office Sweden\",\"description\":\"Making Business Simple\",\"potentialAction\":[{\"@type\":\"SearchAction\",\"target\":{\"@type\":\"EntryPoint\",\"urlTemplate\":\"https:\/\/1office.co\/sweden\/?s={search_term_string}\"},\"query-input\":{\"@type\":\"PropertyValueSpecification\",\"valueRequired\":true,\"valueName\":\"search_term_string\"}}],\"inLanguage\":\"sv-SE\"}]}<\/script>\n<!-- \/ Yoast SEO Premium plugin. -->","yoast_head_json":{"title":"Konsultation \u2013 att starta verksamhet i Sverige - 1Office Sweden","robots":{"index":"index","follow":"follow","max-snippet":"max-snippet:-1","max-image-preview":"max-image-preview:large","max-video-preview":"max-video-preview:-1"},"canonical":"https:\/\/1office.co\/sweden\/sv\/produkt\/att-starta-verksamhet-i-sverige-konsultation\/","og_locale":"sv_SE","og_type":"article","og_title":"Konsultation \u2013 att starta verksamhet i Sverige","og_description":"Denna konsultation \u00e4r perfekt f\u00f6r Dig om Du inte \u00e4r helt s\u00e4ker p\u00e5 hur man g\u00e5r till f\u00f6r att starta n\u00e4ringsverksamhet i Sverige. Vi g\u00e5r igenom alla n\u00f6dv\u00e4ndiga fr\u00e5gor \u2013 l\u00e4mpliga s\u00e4tt att starta verksamhet, f\u00f6retagsstruktur, skyldigheter, tidsfrister, beskattning och lagstiftning i Sverige.","og_url":"https:\/\/1office.co\/sweden\/sv\/produkt\/att-starta-verksamhet-i-sverige-konsultation\/","og_site_name":"1Office Sweden","article_modified_time":"2025-08-04T07:23:54+00:00","og_image":[{"width":900,"height":600,"url":"https:\/\/1office.co\/sweden\/wp-content\/uploads\/sites\/13\/2018\/10\/technologicaldevicesfina_155528.jpg","type":"image\/jpeg"}],"twitter_card":"summary_large_image","twitter_misc":{"Ber\u00e4knad l\u00e4stid":"1 minut"},"schema":{"@context":"https:\/\/schema.org","@graph":[{"@type":"WebPage","@id":"https:\/\/1office.co\/sweden\/sv\/produkt\/att-starta-verksamhet-i-sverige-konsultation\/","url":"https:\/\/1office.co\/sweden\/sv\/produkt\/att-starta-verksamhet-i-sverige-konsultation\/","name":"Konsultation \u2013 att starta verksamhet i Sverige - 1Office Sweden","isPartOf":{"@id":"https:\/\/1office.co\/sweden\/#website"},"primaryImageOfPage":{"@id":"https:\/\/1office.co\/sweden\/sv\/produkt\/att-starta-verksamhet-i-sverige-konsultation\/#primaryimage"},"image":{"@id":"https:\/\/1office.co\/sweden\/sv\/produkt\/att-starta-verksamhet-i-sverige-konsultation\/#primaryimage"},"thumbnailUrl":"https:\/\/1office.co\/sweden\/wp-content\/uploads\/sites\/13\/2018\/10\/technologicaldevicesfina_155528.jpg","datePublished":"2023-03-24T12:39:42+00:00","dateModified":"2025-08-04T07:23:54+00:00","breadcrumb":{"@id":"https:\/\/1office.co\/sweden\/sv\/produkt\/att-starta-verksamhet-i-sverige-konsultation\/#breadcrumb"},"inLanguage":"sv-SE","potentialAction":[{"@type":"ReadAction","target":["https:\/\/1office.co\/sweden\/sv\/produkt\/att-starta-verksamhet-i-sverige-konsultation\/"]}]},{"@type":"ImageObject","inLanguage":"sv-SE","@id":"https:\/\/1office.co\/sweden\/sv\/produkt\/att-starta-verksamhet-i-sverige-konsultation\/#primaryimage","url":"https:\/\/1office.co\/sweden\/wp-content\/uploads\/sites\/13\/2018\/10\/technologicaldevicesfina_155528.jpg","contentUrl":"https:\/\/1office.co\/sweden\/wp-content\/uploads\/sites\/13\/2018\/10\/technologicaldevicesfina_155528.jpg","width":900,"height":600,"caption":"Technological devices, financial document with pen, glass of water at workplace on background of three business partners striking deal"},{"@type":"BreadcrumbList","@id":"https:\/\/1office.co\/sweden\/sv\/produkt\/att-starta-verksamhet-i-sverige-konsultation\/#breadcrumb","itemListElement":[{"@type":"ListItem","position":1,"name":"Home","item":"https:\/\/1office.co\/sweden\/sv\/"},{"@type":"ListItem","position":2,"name":"V\u00e5ra tj\u00e4nster","item":"https:\/\/1office.co\/sweden\/sv\/our-services\/"},{"@type":"ListItem","position":3,"name":"Konsultation \u2013 att starta verksamhet i Sverige"}]},{"@type":"WebSite","@id":"https:\/\/1office.co\/sweden\/#website","url":"https:\/\/1office.co\/sweden\/","name":"1Office Sweden","description":"Making Business Simple","potentialAction":[{"@type":"SearchAction","target":{"@type":"EntryPoint","urlTemplate":"https:\/\/1office.co\/sweden\/?s={search_term_string}"},"query-input":{"@type":"PropertyValueSpecification","valueRequired":true,"valueName":"search_term_string"}}],"inLanguage":"sv-SE"}]}},"_links":{"self":[{"href":"https:\/\/1office.co\/sweden\/sv\/wp-json\/wp\/v2\/product\/60207","targetHints":{"allow":["GET"]}}],"collection":[{"href":"https:\/\/1office.co\/sweden\/sv\/wp-json\/wp\/v2\/product"}],"about":[{"href":"https:\/\/1office.co\/sweden\/sv\/wp-json\/wp\/v2\/types\/product"}],"wp:featuredmedia":[{"embeddable":true,"href":"https:\/\/1office.co\/sweden\/sv\/wp-json\/wp\/v2\/media\/58412"}],"wp:attachment":[{"href":"https:\/\/1office.co\/sweden\/sv\/wp-json\/wp\/v2\/media?parent=60207"}],"wp:term":[{"taxonomy":"product_brand","embeddable":true,"href":"https:\/\/1office.co\/sweden\/sv\/wp-json\/wp\/v2\/product_brand?post=60207"},{"taxonomy":"product_cat","embeddable":true,"href":"https:\/\/1office.co\/sweden\/sv\/wp-json\/wp\/v2\/product_cat?post=60207"},{"taxonomy":"product_tag","embeddable":true,"href":"https:\/\/1office.co\/sweden\/sv\/wp-json\/wp\/v2\/product_tag?post=60207"}],"curies":[{"name":"wp","href":"https:\/\/api.w.org\/{rel}","templated":true}]}}